{"id":188975,"date":"2016-11-14T14:07:00","date_gmt":"2016-11-14T13:07:00","guid":{"rendered":"https:\/\/www.studiainitalia.com\/courses\/sin%20categor\u00eda\/3d-curso-de-diseno-informatico-de-joyas-en-florencia\/"},"modified":"2026-03-13T23:37:23","modified_gmt":"2026-03-13T22:37:23","slug":"diseno-de-joyas-por-ordenador-3d-en-florencia","status":"publish","type":"product","link":"https:\/\/www.studiainitalia.com\/es\/cursos\/cursos-en-florencia\/diseno-de-joyas-por-ordenador-3d-en-florencia\/","title":{"rendered":"Dise\u00f1o de joyas por ordenador 3D en Florencia"},"content":{"rendered":"<h2>Dise\u00f1o de joyas por ordenador<\/h2>\n<p>&nbsp;<\/p>\n<p>Nuestra escuela de joyer\u00eda en Florencia se encuentra en el centro hist\u00f3rico de la ciudad, a pocos pasos del Ponte Vecchio. Es un edificio renacentista con un taller grande y bien equipado, con pupitres profesionales individuales, instrumentos para las distintas especialidades, m\u00e1quinas para realizar con completa precisi\u00f3n el ciclo de fusi\u00f3n, y aulas de dibujo y dise\u00f1o, tanto a mano alzada como por ordenador.<\/p>\n<p>&nbsp;<\/p>\n<p><span class=\"jlqj4b\">Tambi\u00e9n puedes combinar este curso de dise\u00f1o de joyas en Italia con el curso de dibujo t\u00e9cnico.<\/span><\/p>\n<p>&nbsp;<\/p>\n\n<table id=\"tablepress-83\" class=\"tablepress tablepress-id-83 tbody-has-connected-cells\">\n<thead>\n<tr class=\"row-1\">\n\t<th colspan=\"6\" class=\"column-1\">Fechas de Inicio 2026<\/th>\n<\/tr>\n<\/thead>\n<tbody class=\"row-striping row-hover\">\n<tr class=\"row-2\">\n\t<td class=\"column-1\">Enero<\/td><td class=\"column-2\">5<\/td><td class=\"column-3\">Mayo<\/td><td class=\"column-4\">18<\/td><td class=\"column-5\">Septiembre<\/td><td class=\"column-6\">7<\/td>\n<\/tr>\n<tr class=\"row-3\">\n\t<td class=\"column-1\">Febrero<\/td><td class=\"column-2\">2<\/td><td class=\"column-3\">Junio<\/td><td class=\"column-4\">8<\/td><td class=\"column-5\">Octobre<\/td><td class=\"column-6\">5<\/td>\n<\/tr>\n<tr class=\"row-4\">\n\t<td class=\"column-1\">Marzo<\/td><td class=\"column-2\">2, 30<\/td><td class=\"column-3\">Julio<\/td><td class=\"column-4\">6<\/td><td class=\"column-5\">Noviembre<\/td><td class=\"column-6\">2, 23<\/td>\n<\/tr>\n<tr class=\"row-5\">\n\t<td class=\"column-1\">Abril<\/td><td class=\"column-2\">20<\/td><td class=\"column-3\">Agosto<\/td><td class=\"column-4\">La escuela permanece cerrada.<\/td><td class=\"column-5\">Diciembre<\/td><td class=\"column-6\"><\/td>\n<\/tr>\n<tr class=\"row-6\">\n\t<td colspan=\"6\" class=\"column-1\">La escuela permanecer\u00e1 cerrada durante las fiestas nacionales: Epifan\u00eda (06\/01), Lunes de Pascua, D\u00eda de la Liberaci\u00f3n (25\/04), D\u00eda del Trabajo (01\/05), D\u00eda de la Republica (02\/06), 24\/06, Ferragosto (15\/08), Todos los Santos (01\/11), Inmaculada Concepci\u00f3n (8\/12), vacaciones de Navidad y A\u00f1o Nuevo.<\/td>\n<\/tr>\n<\/tbody>\n<\/table>\n<!-- #tablepress-83 from cache -->\n<p>&nbsp;<\/p>\n","protected":false},"excerpt":{"rendered":"<h4><\/h4>\n<h2><strong>Estudiar dise\u00f1o de joyas en Italia<\/strong><\/h2>\n<p>&nbsp;<\/p>\n<p><strong>\u00bfQuieres ampliar tus posibilidades de integraci\u00f3n en el mundo profesional del dise\u00f1o de joyas?\u00a0<\/strong>Si eres un dise\u00f1ador que quiere acercarse al mundo del modelado de joyas 3D asistido por ordenador, este es el curso perfecto para ti.\u00a0<strong>El objetivo de este curso es formar profesionales<\/strong>\u00a0con competencia en el dise\u00f1o de joyas y en el modelado de formas complejas.<\/p>\n<ul>\n<li>Los cursos de dise\u00f1o t\u00e9cnico de joyas por ordenador en Florencia pueden realizarse en 4 u 8 semanas con 32 \u00f3 64 horas de clase.<\/li>\n<\/ul>\n<ul>\n<li>En estos cursos se trabajan los programas inform\u00e1ticos de dise\u00f1o de joyas RHINO y TECHGEMS 3.0.<\/li>\n<\/ul>\n<ul>\n<li>El uso del ordenador te permite optimizar incluso las ideas m\u00e1s complejas. Crear\u00e1s el modelo 3D de la joya, producir\u00e1s dibujos t\u00e9cnicos para an\u00e1lisis y comunicaci\u00f3n, previsualizar\u00e1s el objeto a trav\u00e9s del proceso de renderizado. Podr\u00e1s crearar prototipos, modelos y matrices, antes de pasar al uso de las t\u00e9cnicas de procesamiento tradicionales.<\/li>\n<\/ul>\n<ul>\n<li>Este software se puede utilizar para lograr la flexibilidad y precisi\u00f3n necesarias para la realizaci\u00f3n de cualquier tipo de dise\u00f1o de joyer\u00eda: desde lo tradicional hasta lo moderno e innovador, permitiendo la creaci\u00f3n de cualquier tipo de decoraci\u00f3n.<\/li>\n<\/ul>\n<ul>\n<li>El modelado de joyas en 3D por ordenador es una excelente herramienta para complementar las t\u00e9cnicas tradicionales de representaci\u00f3n (dibujo t\u00e9cnico a mano alzada) y las t\u00e9cnicas tradicionales de joyer\u00eda. Podr\u00e1s desarrollar proyectos desde la fase de dise\u00f1o hasta la fase de desarrollo y hasta la producci\u00f3n real.<\/li>\n<\/ul>\n","protected":false},"featured_media":199744,"comment_status":"open","ping_status":"closed","template":"","meta":{"_acf_changed":false,"_uag_custom_page_level_css":"","_kad_blocks_custom_css":"","_kad_blocks_head_custom_js":"","_kad_blocks_body_custom_js":"","_kad_blocks_footer_custom_js":"","site-sidebar-layout":"default","site-content-layout":"default","ast-site-content-layout":"default","site-content-style":"default","site-sidebar-style":"default","ast-global-header-display":"","ast-banner-title-visibility":"","ast-main-header-display":"","ast-hfb-above-header-display":"","ast-hfb-below-header-display":"","ast-hfb-mobile-header-display":"","site-post-title":"","ast-breadcrumbs-content":"","ast-featured-img":"","footer-sml-layout":"","ast-disable-related-posts":"","theme-transparent-header-meta":"default","adv-header-id-meta":"","stick-header-meta":"default","header-above-stick-meta":"","header-main-stick-meta":"","header-below-stick-meta":"","astra-migrate-meta-layouts":"set","ast-page-background-enabled":"default","ast-page-background-meta":{"desktop":{"background-color":"var(--ast-global-color-4)","background-image":"","background-repeat":"repeat","background-position":"center center","background-size":"auto","background-attachment":"scroll","background-type":"","background-media":"","overlay-type":"","overlay-color":"","overlay-opacity":"","overlay-gradient":""},"tablet":{"background-color":"","background-image":"","background-repeat":"repeat","background-position":"center center","background-size":"auto","background-attachment":"scroll","background-type":"","background-media":"","overlay-type":"","overlay-color":"","overlay-opacity":"","overlay-gradient":""},"mobile":{"background-color":"","background-image":"","background-repeat":"repeat","background-position":"center center","background-size":"auto","background-attachment":"scroll","background-type":"","background-media":"","overlay-type":"","overlay-color":"","overlay-opacity":"","overlay-gradient":""}},"ast-content-background-meta":{"desktop":{"background-color":"var(--ast-global-color-5)","background-image":"","background-repeat":"repeat","background-position":"center center","background-size":"auto","background-attachment":"scroll","background-type":"","background-media":"","overlay-type":"","overlay-color":"","overlay-opacity":"","overlay-gradient":""},"tablet":{"background-color":"var(--ast-global-color-5)","background-image":"","background-repeat":"repeat","background-position":"center center","background-size":"auto","background-attachment":"scroll","background-type":"","background-media":"","overlay-type":"","overlay-color":"","overlay-opacity":"","overlay-gradient":""},"mobile":{"background-color":"var(--ast-global-color-5)","background-image":"","background-repeat":"repeat","background-position":"center center","background-size":"auto","background-attachment":"scroll","background-type":"","background-media":"","overlay-type":"","overlay-color":"","overlay-opacity":"","overlay-gradient":""}}},"section":[],"product_brand":[],"product_cat":[1272,1350],"product_tag":[1847],"class_list":{"0":"post-188975","1":"product","2":"type-product","3":"status-publish","4":"has-post-thumbnail","6":"product_cat-cursos-en-florencia","7":"product_cat-diseno-de-joyas","8":"product_tag-cursos-en-florencia","9":"desktop-align-left","10":"tablet-align-left","11":"mobile-align-left","12":"ast-product-gallery-layout-horizontal-slider","13":"ast-product-gallery-with-no-image","14":"ast-product-single-variable","15":"ast-product-tabs-layout-horizontal","16":"ast-qv-on-image-click","18":"first","19":"instock","20":"sold-individually","21":"shipping-taxable","22":"purchasable","23":"product-type-variable","24":"has-default-attributes"},"acf":[],"taxonomy_info":{"product_cat":[{"value":1272,"label":"Cursos en Florencia"},{"value":1350,"label":"Dise\u00f1o de joyas"}],"product_tag":[{"value":1847,"label":"Cursos en Florencia"}]},"featured_image_src_large":["https:\/\/www.studiainitalia.com\/wp-content\/uploads\/2024\/10\/12615719_963636313673046_5194669908444357815_o.jpg",2048,1536,false],"author_info":[],"comment_info":2,"uagb_featured_image_src":{"full":["https:\/\/www.studiainitalia.com\/wp-content\/uploads\/2024\/10\/12615719_963636313673046_5194669908444357815_o.jpg",2048,1536,false],"thumbnail":["https:\/\/www.studiainitalia.com\/wp-content\/uploads\/2024\/10\/12615719_963636313673046_5194669908444357815_o.jpg",128,96,false],"medium":["https:\/\/www.studiainitalia.com\/wp-content\/uploads\/2024\/10\/12615719_963636313673046_5194669908444357815_o.jpg",2048,1536,false],"medium_large":["https:\/\/www.studiainitalia.com\/wp-content\/uploads\/2024\/10\/12615719_963636313673046_5194669908444357815_o-768x576.jpg",768,576,true],"large":["https:\/\/www.studiainitalia.com\/wp-content\/uploads\/2024\/10\/12615719_963636313673046_5194669908444357815_o.jpg",2048,1536,false],"1536x1536":["https:\/\/www.studiainitalia.com\/wp-content\/uploads\/2024\/10\/12615719_963636313673046_5194669908444357815_o-1536x1152.jpg",1536,1152,true],"2048x2048":["https:\/\/www.studiainitalia.com\/wp-content\/uploads\/2024\/10\/12615719_963636313673046_5194669908444357815_o.jpg",2048,1536,false],"ultp_layout_landscape_large":["https:\/\/www.studiainitalia.com\/wp-content\/uploads\/2024\/10\/12615719_963636313673046_5194669908444357815_o-1200x800.jpg",1200,800,true],"ultp_layout_landscape":["https:\/\/www.studiainitalia.com\/wp-content\/uploads\/2024\/10\/12615719_963636313673046_5194669908444357815_o-870x570.jpg",870,570,true],"ultp_layout_portrait":["https:\/\/www.studiainitalia.com\/wp-content\/uploads\/2024\/10\/12615719_963636313673046_5194669908444357815_o-600x900.jpg",600,900,true],"ultp_layout_square":["https:\/\/www.studiainitalia.com\/wp-content\/uploads\/2024\/10\/12615719_963636313673046_5194669908444357815_o-600x600.jpg",600,600,true],"gform-image-choice-sm":["https:\/\/www.studiainitalia.com\/wp-content\/uploads\/2024\/10\/12615719_963636313673046_5194669908444357815_o.jpg",300,225,false],"gform-image-choice-md":["https:\/\/www.studiainitalia.com\/wp-content\/uploads\/2024\/10\/12615719_963636313673046_5194669908444357815_o.jpg",400,300,false],"gform-image-choice-lg":["https:\/\/www.studiainitalia.com\/wp-content\/uploads\/2024\/10\/12615719_963636313673046_5194669908444357815_o.jpg",600,450,false],"woocommerce_thumbnail":["https:\/\/www.studiainitalia.com\/wp-content\/uploads\/2024\/10\/12615719_963636313673046_5194669908444357815_o-300x300.jpg",300,300,true],"woocommerce_single":["https:\/\/www.studiainitalia.com\/wp-content\/uploads\/2024\/10\/12615719_963636313673046_5194669908444357815_o-400x300.jpg",400,300,true],"woocommerce_gallery_thumbnail":["https:\/\/www.studiainitalia.com\/wp-content\/uploads\/2024\/10\/12615719_963636313673046_5194669908444357815_o-100x100.jpg",100,100,true],"yarpp-thumbnail":["https:\/\/www.studiainitalia.com\/wp-content\/uploads\/2024\/10\/12615719_963636313673046_5194669908444357815_o-120x120.jpg",120,120,true]},"uagb_author_info":{"display_name":"Javier Diaz","author_link":"https:\/\/www.studiainitalia.com\/es\/author\/"},"uagb_comment_info":2,"uagb_excerpt":"Estudiar dise\u00f1o de joyas en Italia &nbsp; \u00bfQuieres ampliar tus posibilidades de integraci\u00f3n en el mundo profesional del dise\u00f1o de joyas?\u00a0Si eres un dise\u00f1ador que quiere acercarse al mundo del modelado de joyas 3D asistido por ordenador, este es el curso perfecto para ti.\u00a0El objetivo de este curso es formar profesionales\u00a0con competencia en el dise\u00f1o&hellip;","_links":{"self":[{"href":"https:\/\/www.studiainitalia.com\/es\/wp-json\/wp\/v2\/product\/188975","targetHints":{"allow":["GET"]}}],"collection":[{"href":"https:\/\/www.studiainitalia.com\/es\/wp-json\/wp\/v2\/product"}],"about":[{"href":"https:\/\/www.studiainitalia.com\/es\/wp-json\/wp\/v2\/types\/product"}],"replies":[{"embeddable":true,"href":"https:\/\/www.studiainitalia.com\/es\/wp-json\/wp\/v2\/comments?post=188975"}],"wp:featuredmedia":[{"embeddable":true,"href":"https:\/\/www.studiainitalia.com\/es\/wp-json\/wp\/v2\/media\/199744"}],"wp:attachment":[{"href":"https:\/\/www.studiainitalia.com\/es\/wp-json\/wp\/v2\/media?parent=188975"}],"wp:term":[{"taxonomy":"section","embeddable":true,"href":"https:\/\/www.studiainitalia.com\/es\/wp-json\/wp\/v2\/section?post=188975"},{"taxonomy":"product_brand","embeddable":true,"href":"https:\/\/www.studiainitalia.com\/es\/wp-json\/wp\/v2\/product_brand?post=188975"},{"taxonomy":"product_cat","embeddable":true,"href":"https:\/\/www.studiainitalia.com\/es\/wp-json\/wp\/v2\/product_cat?post=188975"},{"taxonomy":"product_tag","embeddable":true,"href":"https:\/\/www.studiainitalia.com\/es\/wp-json\/wp\/v2\/product_tag?post=188975"}],"curies":[{"name":"wp","href":"https:\/\/api.w.org\/{rel}","templated":true}]}}