{"id":189026,"date":"2016-11-13T19:00:50","date_gmt":"2016-11-13T18:00:50","guid":{"rendered":"https:\/\/www.studiainitalia.com\/courses\/sin%20categor\u00eda\/curso-de-moldeado-en-cera-en-florencia\/"},"modified":"2025-12-19T22:25:31","modified_gmt":"2025-12-19T21:25:31","slug":"curso-de-cera-y-microfusion-de-joyas-en-florencia","status":"publish","type":"product","link":"https:\/\/www.studiainitalia.com\/es\/cursos\/cursos-en-florencia\/curso-de-cera-y-microfusion-de-joyas-en-florencia\/","title":{"rendered":"Curso de cera y microfusi\u00f3n de joyas en Florencia"},"content":{"rendered":"<h2>Curso de cera y microfusi\u00f3n<\/h2>\n<p>&nbsp;<\/p>\n<p>Nuestra escuela de joyer\u00eda en Florencia se encuentra en el centro hist\u00f3rico de la ciudad, a pocos pasos del Ponte Vecchio. Est\u00e1 en el barrio de Santo Spirito, famoso por sus joyeros y herreros.<\/p>\n<p>&nbsp;<\/p>\n<p>Es un edificio renacentista con un taller grande y bien equipado. Tiene pupitres profesionales individuales, instrumentos para las distintas especialidades. Dispone de m\u00e1quinas para realizar el ciclo de fusi\u00f3n. Hay un horno de fundici\u00f3n de cera y un horno de fundici\u00f3n de metales.<\/p>\n<div class=\"aiosrs-rating-summary-wrap\"><\/div>\n<div><\/div>\n<div><\/div>\n<div><\/div>\n<div><\/div>\n<div><\/div>\n<div><\/div>\n<div>\n<table id=\"tablepress-83\" class=\"tablepress tablepress-id-83 tbody-has-connected-cells\">\n<thead>\n<tr class=\"row-1\">\n\t<th colspan=\"6\" class=\"column-1\">Fechas de Inicio 2026<\/th>\n<\/tr>\n<\/thead>\n<tbody class=\"row-striping row-hover\">\n<tr class=\"row-2\">\n\t<td class=\"column-1\">Enero<\/td><td class=\"column-2\">5<\/td><td class=\"column-3\">Mayo<\/td><td class=\"column-4\">18<\/td><td class=\"column-5\">Septiembre<\/td><td class=\"column-6\">7<\/td>\n<\/tr>\n<tr class=\"row-3\">\n\t<td class=\"column-1\">Febrero<\/td><td class=\"column-2\">2<\/td><td class=\"column-3\">Junio<\/td><td class=\"column-4\">8<\/td><td class=\"column-5\">Octobre<\/td><td class=\"column-6\">5<\/td>\n<\/tr>\n<tr class=\"row-4\">\n\t<td class=\"column-1\">Marzo<\/td><td class=\"column-2\">2, 30<\/td><td class=\"column-3\">Julio<\/td><td class=\"column-4\">6<\/td><td class=\"column-5\">Noviembre<\/td><td class=\"column-6\">2, 23<\/td>\n<\/tr>\n<tr class=\"row-5\">\n\t<td class=\"column-1\">Abril<\/td><td class=\"column-2\">20<\/td><td class=\"column-3\">Agosto<\/td><td class=\"column-4\">La escuela permanece cerrada.<\/td><td class=\"column-5\">Diciembre<\/td><td class=\"column-6\"><\/td>\n<\/tr>\n<tr class=\"row-6\">\n\t<td colspan=\"6\" class=\"column-1\">La escuela permanecer\u00e1 cerrada durante las fiestas nacionales: Epifan\u00eda (06\/01), Lunes de Pascua, D\u00eda de la Liberaci\u00f3n (25\/04), D\u00eda del Trabajo (01\/05), D\u00eda de la Republica (02\/06), 24\/06, Ferragosto (15\/08), Todos los Santos (01\/11), Inmaculada Concepci\u00f3n (8\/12), vacaciones de Navidad y A\u00f1o Nuevo.<\/td>\n<\/tr>\n<\/tbody>\n<\/table>\n<!-- #tablepress-83 from cache --><\/div>\n<div><\/div>\n","protected":false},"excerpt":{"rendered":"<h4><\/h4>\n<h2><strong>Aprende cera perdida en Italia<\/strong><\/h2>\n<p>&nbsp;<\/p>\n<p>Los cursos de especialista en cera y microfusi\u00f3n en Florencia tienen una duraci\u00f3n de 12 semanas (9 horas de clase por semana).<\/p>\n<p>El programa incluye:<\/p>\n<p>\u2022 varios tipos de cera y sus aplicaciones a la joyer\u00eda<\/p>\n<p>\u2022 t\u00e9cnicas de fusi\u00f3n<\/p>\n<p>\u2022 preparaci\u00f3n de la cera y sistemas para hacerla m\u00e1s d\u00factil<\/p>\n<p>\u2022 instrumentos de modelado<\/p>\n<p>\u2022 relaciones de peso entre los prototipos en cera y el producto final.<\/p>\n","protected":false},"featured_media":119360,"comment_status":"open","ping_status":"closed","template":"","meta":{"_acf_changed":false,"_uag_custom_page_level_css":"","_kad_blocks_custom_css":"","_kad_blocks_head_custom_js":"","_kad_blocks_body_custom_js":"","_kad_blocks_footer_custom_js":"","site-sidebar-layout":"default","site-content-layout":"default","ast-site-content-layout":"default","site-content-style":"default","site-sidebar-style":"default","ast-global-header-display":"","ast-banner-title-visibility":"","ast-main-header-display":"","ast-hfb-above-header-display":"","ast-hfb-below-header-display":"","ast-hfb-mobile-header-display":"","site-post-title":"","ast-breadcrumbs-content":"","ast-featured-img":"","footer-sml-layout":"","ast-disable-related-posts":"","theme-transparent-header-meta":"default","adv-header-id-meta":"","stick-header-meta":"default","header-above-stick-meta":"","header-main-stick-meta":"","header-below-stick-meta":"","astra-migrate-meta-layouts":"set","ast-page-background-enabled":"default","ast-page-background-meta":{"desktop":{"background-color":"var(--ast-global-color-4)","background-image":"","background-repeat":"repeat","background-position":"center center","background-size":"auto","background-attachment":"scroll","background-type":"","background-media":"","overlay-type":"","overlay-color":"","overlay-opacity":"","overlay-gradient":""},"tablet":{"background-color":"","background-image":"","background-repeat":"repeat","background-position":"center center","background-size":"auto","background-attachment":"scroll","background-type":"","background-media":"","overlay-type":"","overlay-color":"","overlay-opacity":"","overlay-gradient":""},"mobile":{"background-color":"","background-image":"","background-repeat":"repeat","background-position":"center center","background-size":"auto","background-attachment":"scroll","background-type":"","background-media":"","overlay-type":"","overlay-color":"","overlay-opacity":"","overlay-gradient":""}},"ast-content-background-meta":{"desktop":{"background-color":"var(--ast-global-color-5)","background-image":"","background-repeat":"repeat","background-position":"center center","background-size":"auto","background-attachment":"scroll","background-type":"","background-media":"","overlay-type":"","overlay-color":"","overlay-opacity":"","overlay-gradient":""},"tablet":{"background-color":"var(--ast-global-color-5)","background-image":"","background-repeat":"repeat","background-position":"center center","background-size":"auto","background-attachment":"scroll","background-type":"","background-media":"","overlay-type":"","overlay-color":"","overlay-opacity":"","overlay-gradient":""},"mobile":{"background-color":"var(--ast-global-color-5)","background-image":"","background-repeat":"repeat","background-position":"center center","background-size":"auto","background-attachment":"scroll","background-type":"","background-media":"","overlay-type":"","overlay-color":"","overlay-opacity":"","overlay-gradient":""}}},"section":[],"product_brand":[],"product_cat":[1272,1350],"product_tag":[1847],"class_list":{"0":"post-189026","1":"product","2":"type-product","3":"status-publish","4":"has-post-thumbnail","6":"product_cat-cursos-en-florencia","7":"product_cat-diseno-de-joyas","8":"product_tag-cursos-en-florencia","9":"desktop-align-left","10":"tablet-align-left","11":"mobile-align-left","12":"ast-product-gallery-layout-horizontal-slider","13":"ast-product-single-variable","14":"ast-product-tabs-layout-horizontal","15":"ast-qv-on-image-click","17":"first","18":"instock","19":"sold-individually","20":"shipping-taxable","21":"purchasable","22":"product-type-variable","23":"has-default-attributes"},"acf":[],"taxonomy_info":{"product_cat":[{"value":1272,"label":"Cursos en Florencia"},{"value":1350,"label":"Dise\u00f1o de joyas"}],"product_tag":[{"value":1847,"label":"Cursos en Florencia"}]},"featured_image_src_large":["https:\/\/www.studiainitalia.com\/wp-content\/uploads\/2016\/11\/wax-casting-florence.jpg",432,431,false],"author_info":[],"comment_info":1,"uagb_featured_image_src":{"full":["https:\/\/www.studiainitalia.com\/wp-content\/uploads\/2016\/11\/wax-casting-florence.jpg",432,431,false],"thumbnail":["https:\/\/www.studiainitalia.com\/wp-content\/uploads\/2016\/11\/wax-casting-florence-150x150.jpg",96,96,true],"medium":["https:\/\/www.studiainitalia.com\/wp-content\/uploads\/2016\/11\/wax-casting-florence-300x300.jpg",300,300,true],"medium_large":["https:\/\/www.studiainitalia.com\/wp-content\/uploads\/2016\/11\/wax-casting-florence.jpg",432,431,false],"large":["https:\/\/www.studiainitalia.com\/wp-content\/uploads\/2016\/11\/wax-casting-florence.jpg",432,431,false],"1536x1536":["https:\/\/www.studiainitalia.com\/wp-content\/uploads\/2016\/11\/wax-casting-florence.jpg",432,431,false],"2048x2048":["https:\/\/www.studiainitalia.com\/wp-content\/uploads\/2016\/11\/wax-casting-florence.jpg",432,431,false],"ultp_layout_landscape_large":["https:\/\/www.studiainitalia.com\/wp-content\/uploads\/2016\/11\/wax-casting-florence.jpg",432,431,false],"ultp_layout_landscape":["https:\/\/www.studiainitalia.com\/wp-content\/uploads\/2016\/11\/wax-casting-florence.jpg",432,431,false],"ultp_layout_portrait":["https:\/\/www.studiainitalia.com\/wp-content\/uploads\/2016\/11\/wax-casting-florence.jpg",432,431,false],"ultp_layout_square":["https:\/\/www.studiainitalia.com\/wp-content\/uploads\/2016\/11\/wax-casting-florence.jpg",432,431,false],"gform-image-choice-sm":["https:\/\/www.studiainitalia.com\/wp-content\/uploads\/2016\/11\/wax-casting-florence.jpg",300,300,false],"gform-image-choice-md":["https:\/\/www.studiainitalia.com\/wp-content\/uploads\/2016\/11\/wax-casting-florence.jpg",400,400,false],"gform-image-choice-lg":["https:\/\/www.studiainitalia.com\/wp-content\/uploads\/2016\/11\/wax-casting-florence.jpg",432,431,false],"woocommerce_thumbnail":["https:\/\/www.studiainitalia.com\/wp-content\/uploads\/2016\/11\/wax-casting-florence-300x300.jpg",300,300,true],"woocommerce_single":["https:\/\/www.studiainitalia.com\/wp-content\/uploads\/2016\/11\/wax-casting-florence-400x399.jpg",400,399,true],"woocommerce_gallery_thumbnail":["https:\/\/www.studiainitalia.com\/wp-content\/uploads\/2016\/11\/wax-casting-florence-100x100.jpg",100,100,true],"yarpp-thumbnail":["https:\/\/www.studiainitalia.com\/wp-content\/uploads\/2016\/11\/wax-casting-florence.jpg",120,120,false]},"uagb_author_info":{"display_name":"Javier Diaz","author_link":"https:\/\/www.studiainitalia.com\/es\/author\/"},"uagb_comment_info":1,"uagb_excerpt":"Aprende cera perdida en Italia &nbsp; Los cursos de especialista en cera y microfusi\u00f3n en Florencia tienen una duraci\u00f3n de 12 semanas (9 horas de clase por semana). El programa incluye: \u2022 varios tipos de cera y sus aplicaciones a la joyer\u00eda \u2022 t\u00e9cnicas de fusi\u00f3n \u2022 preparaci\u00f3n de la cera y sistemas para hacerla&hellip;","_links":{"self":[{"href":"https:\/\/www.studiainitalia.com\/es\/wp-json\/wp\/v2\/product\/189026","targetHints":{"allow":["GET"]}}],"collection":[{"href":"https:\/\/www.studiainitalia.com\/es\/wp-json\/wp\/v2\/product"}],"about":[{"href":"https:\/\/www.studiainitalia.com\/es\/wp-json\/wp\/v2\/types\/product"}],"replies":[{"embeddable":true,"href":"https:\/\/www.studiainitalia.com\/es\/wp-json\/wp\/v2\/comments?post=189026"}],"wp:featuredmedia":[{"embeddable":true,"href":"https:\/\/www.studiainitalia.com\/es\/wp-json\/wp\/v2\/media\/119360"}],"wp:attachment":[{"href":"https:\/\/www.studiainitalia.com\/es\/wp-json\/wp\/v2\/media?parent=189026"}],"wp:term":[{"taxonomy":"section","embeddable":true,"href":"https:\/\/www.studiainitalia.com\/es\/wp-json\/wp\/v2\/section?post=189026"},{"taxonomy":"product_brand","embeddable":true,"href":"https:\/\/www.studiainitalia.com\/es\/wp-json\/wp\/v2\/product_brand?post=189026"},{"taxonomy":"product_cat","embeddable":true,"href":"https:\/\/www.studiainitalia.com\/es\/wp-json\/wp\/v2\/product_cat?post=189026"},{"taxonomy":"product_tag","embeddable":true,"href":"https:\/\/www.studiainitalia.com\/es\/wp-json\/wp\/v2\/product_tag?post=189026"}],"curies":[{"name":"wp","href":"https:\/\/api.w.org\/{rel}","templated":true}]}}