{"id":189031,"date":"2016-11-13T12:04:46","date_gmt":"2016-11-13T11:04:46","guid":{"rendered":"https:\/\/www.studiainitalia.com\/courses\/sin%20categor\u00eda\/curso-de-historia-del-arte-en-florencia\/"},"modified":"2026-03-16T12:47:40","modified_gmt":"2026-03-16T11:47:40","slug":"curso-de-historia-del-arte-en-florencia","status":"publish","type":"product","link":"https:\/\/www.studiainitalia.com\/es\/cursos\/cursos-en-florencia\/curso-de-historia-del-arte-en-florencia\/","title":{"rendered":"Curso de historia del arte en Florencia"},"content":{"rendered":"<h2>Curso de historia del arte en Florencia<\/h2>\n<p>&nbsp;<\/p>\n<p>Nuestro curso de historia del arte en Florencia es un curso\u00a0<strong>privado y exclusivo<\/strong>\u00a0para amantes del arte italiano.<\/p>\n<p>&nbsp;<\/p>\n<p>Ofrecemos diferentes programas para el curso de historia del arte en Florencia que se pueden adaptar a tus necesidades. Primero conocer\u00e1s a tu gu\u00eda en Florencia y, juntos, definir\u00e9is las visitas.<\/p>\n<p>&nbsp;<\/p>\n<p>Cada programa se estructurar\u00e1 seg\u00fan tus necesidades y conocimientos.<\/p>\n<p>&nbsp;<\/p>\n<p><strong>Descubre una Florencia real, muy lejos del turismo de masas.<\/strong><\/p>\n<p>&nbsp;<\/p>\n<p>Tambi\u00e9n podemos organizar el curso para personas que viajen juntas. No es necesario tener conocimientos de arte previos para este curso. Las entradas a los museos no est\u00e1n incluidas en el coste del curso.<\/p>\n<p>&nbsp;<\/p>\n<p>Si deseas asistir al curso en ingl\u00e9s o espa\u00f1ol, es posible abonando un peque\u00f1o suplemento. Este curso tambi\u00e9n est\u00e1 disponible online.<\/p>\n<p>&nbsp;<\/p>\n<div class=\"ast-oembed-container \" style=\"height: 100%;\"><iframe title=\"4 MAY.mp4\" src=\"https:\/\/player.vimeo.com\/video\/708990100?dnt=1&amp;app_id=122963\" width=\"422\" height=\"750\" frameborder=\"0\" allow=\"autoplay; fullscreen; picture-in-picture; clipboard-write; encrypted-media; web-share\" referrerpolicy=\"strict-origin-when-cross-origin\"><\/iframe><\/div>\n<p>&nbsp;<\/p>\n<p>&nbsp;<\/p>\n\n<table id=\"tablepress-47\" class=\"tablepress tablepress-id-47 tbody-has-connected-cells\">\n<thead>\n<tr class=\"row-1\">\n\t<th colspan=\"6\" class=\"column-1\">Fechas de Inicio 2026<\/th>\n<\/tr>\n<\/thead>\n<tbody class=\"row-striping row-hover\">\n<tr class=\"row-2\">\n\t<td class=\"column-1\">Enero<\/td><td class=\"column-2\">5, 19<\/td><td class=\"column-3\">Mayo<\/td><td class=\"column-4\">11, 25<\/td><td class=\"column-5\">Septiembre<\/td><td class=\"column-6\">14, 28<\/td>\n<\/tr>\n<tr class=\"row-3\">\n\t<td class=\"column-1\">Febrero<\/td><td class=\"column-2\">2, 16<\/td><td class=\"column-3\">Junio<\/td><td class=\"column-4\">8, 22<\/td><td class=\"column-5\">Octubre<\/td><td class=\"column-6\">12, 26<\/td>\n<\/tr>\n<tr class=\"row-4\">\n\t<td class=\"column-1\">Marzo<\/td><td class=\"column-2\">2, 16, 30<\/td><td class=\"column-3\">Julio<\/td><td class=\"column-4\">6, 20<\/td><td class=\"column-5\">Noviembre<\/td><td class=\"column-6\">9, 23<\/td>\n<\/tr>\n<tr class=\"row-5\">\n\t<td class=\"column-1\">Abril<\/td><td class=\"column-2\">13, 27<\/td><td class=\"column-3\">Agosto<\/td><td class=\"column-4\">3, 17, 31<\/td><td class=\"column-5\">Diciembre<\/td><td class=\"column-6\">7<\/td>\n<\/tr>\n<tr class=\"row-6\">\n\t<td colspan=\"6\" class=\"column-1\">La escuela permanecer\u00e0 cerrada durante las fiestas nacionales: Epifan\u00eda (06\/01), Lunes de Pascua, D\u00eda de la Liberaci\u00f3n (25\/04), D\u00eda del Trabajo (01\/05), D\u00eda de la Republica (02\/06), 24\/06, Ferragosto (15\/08), Todos los Santos (01\/11), Inmaculada Concepci\u00f3n (8\/12), vacaciones de Navidad y A\u00f1o Nuevo.<\/td>\n<\/tr>\n<\/tbody>\n<\/table>\n<!-- #tablepress-47 from cache -->\n<p>&nbsp;<\/p>\n<p>&nbsp;<\/p>\n<p>&nbsp;<\/p>\n","protected":false},"excerpt":{"rendered":"<div class=\"woocommerce-product-details__short-description\">\n<h2>Una vez en tu vida tienes que viajar a Florencia!<\/h2>\n<p>&nbsp;<\/p>\n<p>Si eres un amante del arte te ofrecemos este curso \u00fanico para emocionarte.\u00a0<strong>\u00bfSabes que el s\u00edndrome de Stendhal tambi\u00e9n se llama s\u00edndrome de Florencia?<\/strong>\u00a0Parece que Stendhal se sinti\u00f3 invadido por una profunda emoci\u00f3n durante su visita a Florencia.\u00a0<strong>\u00bfTe imaginas visitar la estatua de David o el Duomo con tu propio historiador de arte italiano privado?<\/strong>\u00a0Es un privilegio que no te puedes perder si quieres sumergirte profundamente en el arte florentino.<\/p>\n<p>Nuestro curso de Historia del Arte Italiano en Florencia se compone de 10 lecciones individuales.<\/p>\n<p>Se prestar\u00e1 especial atenci\u00f3n a la historia de la pintura y la arquitectura florentinas.<\/p>\n<p>El programa incluye visitas guiadas a lugares espec\u00edficos de inter\u00e9s de la ciudad y a sus obras de arte.<\/p>\n<p>Es posible elegir uno o m\u00e1s programas como:<\/p>\n<p>\u2022 Desde la Edad Media hasta principios del Renacimiento<br \/>\n\u2022 Desde principios del Renacimiento hasta finales del Renacimiento<br \/>\n\u2022 El Cinquecento<br \/>\n\u2022 Arte manierista<br \/>\n\u2022 El Seicento<\/p>\n<p>Las lecciones son individuales y se imparten en italiano.<\/p>\n<p>Tambi\u00e9n se puede impartir en ingl\u00e9s o espa\u00f1ol (se solicita suplemento).<\/p>\n<p>Todos los profesores tienen un t\u00edtulo en historia del arte con experiencia en la ense\u00f1anza y son gu\u00edas tur\u00edsticos oficiales autorizados por la ciudad de Florencia.<\/p>\n<p>&nbsp;<\/p>\n<\/div>\n<form class=\"variations_form cart\" action=\"https:\/\/www.studiainitalia.com\/es\/cursos\/cursos-de-historia-del-arte\/curso-de-historia-del-arte-en-florencia\/\" enctype=\"multipart\/form-data\" method=\"post\" data-product_id=\"61367\" data-product_variations=\"[{&quot;attributes&quot;:{&quot;attribute_number-of-weeks&quot;:&quot;1 semana (solo curso)&quot;},&quot;availability_html&quot;:&quot;&quot;,&quot;backorders_allowed&quot;:false,&quot;dimensions&quot;:{&quot;length&quot;:&quot;&quot;,&quot;width&quot;:&quot;&quot;,&quot;height&quot;:&quot;&quot;},&quot;dimensions_html&quot;:&quot;N\/A&quot;,&quot;display_price&quot;:650,&quot;display_regular_price&quot;:650,&quot;image&quot;:{&quot;title&quot;:&quot;historia-del-arte-florencia&quot;,&quot;caption&quot;:&quot;&quot;,&quot;url&quot;:&quot;https:\/\/www.studiainitalia.com\/wp-content\/uploads\/2016\/11\/history-arts-florence.jpg&quot;,&quot;alt&quot;:&quot;curso de historia del arte en Florencia&quot;,&quot;src&quot;:&quot;https:\/\/www.studiainitalia.com\/wp-content\/uploads\/2016\/11\/history-arts-florence-400x401.jpg&quot;,&quot;srcset&quot;:&quot;https:\/\/www.studiainitalia.com\/wp-content\/uploads\/2016\/11\/history-arts-florence-400x401.jpg 400w, https:\/\/www.studiainitalia.com\/wp-content\/uploads\/2016\/11\/history-arts-florence-300x300.jpg 300w, https:\/\/www.studiainitalia.com\/wp-content\/uploads\/2016\/11\/history-arts-florence-100x100.jpg 100w, https:\/\/www.studiainitalia.com\/wp-content\/uploads\/2016\/11\/history-arts-florence.jpg 432w&quot;,&quot;sizes&quot;:&quot;(max-width: 400px) 100vw, 400px&quot;,&quot;full_src&quot;:&quot;https:\/\/www.studiainitalia.com\/wp-content\/uploads\/2016\/11\/history-arts-florence.jpg&quot;,&quot;full_src_w&quot;:432,&quot;full_src_h&quot;:433,&quot;gallery_thumbnail_src&quot;:&quot;https:\/\/www.studiainitalia.com\/wp-content\/uploads\/2016\/11\/history-arts-florence-100x100.jpg&quot;,&quot;gallery_thumbnail_src_w&quot;:100,&quot;gallery_thumbnail_src_h&quot;:100,&quot;thumb_src&quot;:&quot;https:\/\/www.studiainitalia.com\/wp-content\/uploads\/2016\/11\/history-arts-florence-300x300.jpg&quot;,&quot;thumb_src_w&quot;:300,&quot;thumb_src_h&quot;:300,&quot;src_w&quot;:400,&quot;src_h&quot;:401},&quot;image_id&quot;:57007,&quot;is_downloadable&quot;:false,&quot;is_in_stock&quot;:true,&quot;is_purchasable&quot;:true,&quot;is_sold_individually&quot;:&quot;yes&quot;,&quot;is_virtual&quot;:false,&quot;max_qty&quot;:1,&quot;min_qty&quot;:1,&quot;price_html&quot;:&quot;&quot;,&quot;sku&quot;:&quot;&quot;,&quot;variation_description&quot;:&quot;&quot;,&quot;variation_id&quot;:61369,&quot;variation_is_active&quot;:true,&quot;variation_is_visible&quot;:true,&quot;weight&quot;:&quot;&quot;,&quot;weight_html&quot;:&quot;N\/A&quot;}]\"><\/form>\n","protected":false},"featured_media":153888,"comment_status":"open","ping_status":"closed","template":"","meta":{"_acf_changed":false,"_uag_custom_page_level_css":"","_kad_blocks_custom_css":"","_kad_blocks_head_custom_js":"","_kad_blocks_body_custom_js":"","_kad_blocks_footer_custom_js":"","site-sidebar-layout":"default","site-content-layout":"default","ast-site-content-layout":"default","site-content-style":"default","site-sidebar-style":"default","ast-global-header-display":"","ast-banner-title-visibility":"","ast-main-header-display":"","ast-hfb-above-header-display":"","ast-hfb-below-header-display":"","ast-hfb-mobile-header-display":"","site-post-title":"","ast-breadcrumbs-content":"","ast-featured-img":"","footer-sml-layout":"","ast-disable-related-posts":"","theme-transparent-header-meta":"default","adv-header-id-meta":"","stick-header-meta":"default","header-above-stick-meta":"","header-main-stick-meta":"","header-below-stick-meta":"","astra-migrate-meta-layouts":"set","ast-page-background-enabled":"default","ast-page-background-meta":{"desktop":{"background-color":"var(--ast-global-color-4)","background-image":"","background-repeat":"repeat","background-position":"center center","background-size":"auto","background-attachment":"scroll","background-type":"","background-media":"","overlay-type":"","overlay-color":"","overlay-opacity":"","overlay-gradient":""},"tablet":{"background-color":"","background-image":"","background-repeat":"repeat","background-position":"center center","background-size":"auto","background-attachment":"scroll","background-type":"","background-media":"","overlay-type":"","overlay-color":"","overlay-opacity":"","overlay-gradient":""},"mobile":{"background-color":"","background-image":"","background-repeat":"repeat","background-position":"center center","background-size":"auto","background-attachment":"scroll","background-type":"","background-media":"","overlay-type":"","overlay-color":"","overlay-opacity":"","overlay-gradient":""}},"ast-content-background-meta":{"desktop":{"background-color":"var(--ast-global-color-5)","background-image":"","background-repeat":"repeat","background-position":"center center","background-size":"auto","background-attachment":"scroll","background-type":"","background-media":"","overlay-type":"","overlay-color":"","overlay-opacity":"","overlay-gradient":""},"tablet":{"background-color":"var(--ast-global-color-5)","background-image":"","background-repeat":"repeat","background-position":"center center","background-size":"auto","background-attachment":"scroll","background-type":"","background-media":"","overlay-type":"","overlay-color":"","overlay-opacity":"","overlay-gradient":""},"mobile":{"background-color":"var(--ast-global-color-5)","background-image":"","background-repeat":"repeat","background-position":"center center","background-size":"auto","background-attachment":"scroll","background-type":"","background-media":"","overlay-type":"","overlay-color":"","overlay-opacity":"","overlay-gradient":""}}},"section":[],"product_brand":[],"product_cat":[1354,1272],"product_tag":[1847,1855],"class_list":{"0":"post-189031","1":"product","2":"type-product","3":"status-publish","4":"has-post-thumbnail","6":"product_cat-cursos-de-historia-del-arte","7":"product_cat-cursos-en-florencia","8":"product_tag-cursos-en-florencia","9":"product_tag-historia-del-arte","10":"desktop-align-left","11":"tablet-align-left","12":"mobile-align-left","13":"ast-product-gallery-layout-horizontal-slider","14":"ast-product-single-variable","15":"ast-product-tabs-layout-horizontal","16":"ast-qv-on-image-click","18":"first","19":"instock","20":"sold-individually","21":"shipping-taxable","22":"purchasable","23":"product-type-variable","24":"has-default-attributes"},"acf":[],"taxonomy_info":{"product_cat":[{"value":1354,"label":"Cursos de historia del arte"},{"value":1272,"label":"Cursos en Florencia"}],"product_tag":[{"value":1847,"label":"Cursos en Florencia"},{"value":1855,"label":"Historia del arte"}]},"featured_image_src_large":["https:\/\/www.studiainitalia.com\/wp-content\/uploads\/2016\/11\/ITALIAN-IN-ITALY-1024x682.jpg","1024","682",true],"author_info":[],"comment_info":20,"uagb_featured_image_src":{"full":["https:\/\/www.studiainitalia.com\/wp-content\/uploads\/2016\/11\/ITALIAN-IN-ITALY.jpg",1280,853,false],"thumbnail":["https:\/\/www.studiainitalia.com\/wp-content\/uploads\/2016\/11\/ITALIAN-IN-ITALY-150x150.jpg",96,96,true],"medium":["https:\/\/www.studiainitalia.com\/wp-content\/uploads\/2016\/11\/ITALIAN-IN-ITALY-300x200.jpg","300","200",true],"medium_large":["https:\/\/www.studiainitalia.com\/wp-content\/uploads\/2016\/11\/ITALIAN-IN-ITALY-768x512.jpg",768,512,true],"large":["https:\/\/www.studiainitalia.com\/wp-content\/uploads\/2016\/11\/ITALIAN-IN-ITALY-1024x682.jpg","1024","682",true],"1536x1536":["https:\/\/www.studiainitalia.com\/wp-content\/uploads\/2016\/11\/ITALIAN-IN-ITALY.jpg",1280,853,false],"2048x2048":["https:\/\/www.studiainitalia.com\/wp-content\/uploads\/2016\/11\/ITALIAN-IN-ITALY.jpg",1280,853,false],"ultp_layout_landscape_large":["https:\/\/www.studiainitalia.com\/wp-content\/uploads\/2016\/11\/ITALIAN-IN-ITALY.jpg",1200,800,false],"ultp_layout_landscape":["https:\/\/www.studiainitalia.com\/wp-content\/uploads\/2016\/11\/ITALIAN-IN-ITALY.jpg",855,570,false],"ultp_layout_portrait":["https:\/\/www.studiainitalia.com\/wp-content\/uploads\/2016\/11\/ITALIAN-IN-ITALY.jpg",600,400,false],"ultp_layout_square":["https:\/\/www.studiainitalia.com\/wp-content\/uploads\/2016\/11\/ITALIAN-IN-ITALY.jpg",600,400,false],"gform-image-choice-sm":["https:\/\/www.studiainitalia.com\/wp-content\/uploads\/2016\/11\/ITALIAN-IN-ITALY.jpg",300,200,false],"gform-image-choice-md":["https:\/\/www.studiainitalia.com\/wp-content\/uploads\/2016\/11\/ITALIAN-IN-ITALY.jpg",400,267,false],"gform-image-choice-lg":["https:\/\/www.studiainitalia.com\/wp-content\/uploads\/2016\/11\/ITALIAN-IN-ITALY.jpg",600,400,false],"woocommerce_thumbnail":["https:\/\/www.studiainitalia.com\/wp-content\/uploads\/2016\/11\/ITALIAN-IN-ITALY-300x300.jpg",300,300,true],"woocommerce_single":["https:\/\/www.studiainitalia.com\/wp-content\/uploads\/2016\/11\/ITALIAN-IN-ITALY-400x267.jpg",400,267,true],"woocommerce_gallery_thumbnail":["https:\/\/www.studiainitalia.com\/wp-content\/uploads\/2016\/11\/ITALIAN-IN-ITALY-100x100.jpg",100,100,true],"yarpp-thumbnail":["https:\/\/www.studiainitalia.com\/wp-content\/uploads\/2016\/11\/ITALIAN-IN-ITALY.jpg",120,80,false]},"uagb_author_info":{"display_name":"Javier Diaz","author_link":"https:\/\/www.studiainitalia.com\/es\/author\/"},"uagb_comment_info":20,"uagb_excerpt":"Una vez en tu vida tienes que viajar a Florencia! &nbsp; Si eres un amante del arte te ofrecemos este curso \u00fanico para emocionarte.\u00a0\u00bfSabes que el s\u00edndrome de Stendhal tambi\u00e9n se llama s\u00edndrome de Florencia?\u00a0Parece que Stendhal se sinti\u00f3 invadido por una profunda emoci\u00f3n durante su visita a Florencia.\u00a0\u00bfTe imaginas visitar la estatua de David&hellip;","_links":{"self":[{"href":"https:\/\/www.studiainitalia.com\/es\/wp-json\/wp\/v2\/product\/189031","targetHints":{"allow":["GET"]}}],"collection":[{"href":"https:\/\/www.studiainitalia.com\/es\/wp-json\/wp\/v2\/product"}],"about":[{"href":"https:\/\/www.studiainitalia.com\/es\/wp-json\/wp\/v2\/types\/product"}],"replies":[{"embeddable":true,"href":"https:\/\/www.studiainitalia.com\/es\/wp-json\/wp\/v2\/comments?post=189031"}],"wp:featuredmedia":[{"embeddable":true,"href":"https:\/\/www.studiainitalia.com\/es\/wp-json\/wp\/v2\/media\/153888"}],"wp:attachment":[{"href":"https:\/\/www.studiainitalia.com\/es\/wp-json\/wp\/v2\/media?parent=189031"}],"wp:term":[{"taxonomy":"section","embeddable":true,"href":"https:\/\/www.studiainitalia.com\/es\/wp-json\/wp\/v2\/section?post=189031"},{"taxonomy":"product_brand","embeddable":true,"href":"https:\/\/www.studiainitalia.com\/es\/wp-json\/wp\/v2\/product_brand?post=189031"},{"taxonomy":"product_cat","embeddable":true,"href":"https:\/\/www.studiainitalia.com\/es\/wp-json\/wp\/v2\/product_cat?post=189031"},{"taxonomy":"product_tag","embeddable":true,"href":"https:\/\/www.studiainitalia.com\/es\/wp-json\/wp\/v2\/product_tag?post=189031"}],"curies":[{"name":"wp","href":"https:\/\/api.w.org\/{rel}","templated":true}]}}