{"id":189055,"date":"2016-11-15T12:26:24","date_gmt":"2016-11-15T11:26:24","guid":{"rendered":"https:\/\/www.studiainitalia.com\/courses\/sin%20categor\u00eda\/curso-escultura-de-marmol-en-florencia\/"},"modified":"2026-04-24T11:12:37","modified_gmt":"2026-04-24T09:12:37","slug":"curso-de-escultura-en-marmol-en-florencia","status":"publish","type":"product","link":"https:\/\/www.studiainitalia.com\/es\/cursos\/cursos-en-florencia\/curso-de-escultura-en-marmol-en-florencia\/","title":{"rendered":"Curso de escultura en m\u00e1rmol en Florencia"},"content":{"rendered":"<h2><strong>Curso de escultura en m\u00e1rmol<\/strong><\/h2>\n<p>&nbsp;<\/p>\n<p class=\"box\">Nuestra escuela de arte en Italia ofrece cursos de arte y cultura para alumnos interesados en aprender artes visuales con un programa completo y sencillo.<\/p>\n<p>&nbsp;<\/p>\n<p class=\"box\">Los cursos pueden durar desde 2 semanas hasta un a\u00f1o, seg\u00fan tus propias necesidades. Los cursos son adaptables y se pueden personalizar a las necesidades de cada alumno.<\/p>\n<p>&nbsp;<\/p>\n<p class=\"box\">Hay cursos para todos los niveles, desde principiantes hasta profesionales. La escuela est\u00e1 abierta todo el a\u00f1o y se encuentra en el centro de Florencia.<\/p>\n<p>Al final del curso, los participantes recibir\u00e1n un certificado de asistencia.<\/p>\n<p>&nbsp;<\/p>\n<table id=\"tablepress-51\" class=\"tablepress tablepress-id-51\">\n<thead>\n<tr class=\"row-1 odd\">\n<th class=\"column-1\" colspan=\"6\">Fechas de Inicio<\/th>\n<\/tr>\n<\/thead>\n<tbody class=\"row-hover\">\n<tr class=\"row-2 even\">\n<td class=\"column-1\">Enero<\/td>\n<td class=\"column-2\">cada lunes<\/td>\n<td class=\"column-3\">Mayo<\/td>\n<td class=\"column-4\">cada lunes<\/td>\n<td class=\"column-5\">Septiembre<\/td>\n<td class=\"column-6\">cada lunes<\/td>\n<\/tr>\n<tr class=\"row-3 odd\">\n<td class=\"column-1\">Febrero<\/td>\n<td class=\"column-2\">cada lunes<\/td>\n<td class=\"column-3\">Junio<\/td>\n<td class=\"column-4\">cada lunes<\/td>\n<td class=\"column-5\">Octobre<\/td>\n<td class=\"column-6\">cada lunes<\/td>\n<\/tr>\n<tr class=\"row-4 even\">\n<td class=\"column-1\">Marzo<\/td>\n<td class=\"column-2\">cada lunes<\/td>\n<td class=\"column-3\">Julio<\/td>\n<td class=\"column-4\">cada lunes<\/td>\n<td class=\"column-5\">Noviembre<\/td>\n<td class=\"column-6\">cada lunes<\/td>\n<\/tr>\n<tr class=\"row-5 odd\">\n<td class=\"column-1\">Abril<\/td>\n<td class=\"column-2\">cada lunes<\/td>\n<td class=\"column-3\">Agosto<\/td>\n<td class=\"column-4\">cada lunes<\/td>\n<td class=\"column-5\">Diciembre<\/td>\n<td class=\"column-6\">cada lunes<\/td>\n<\/tr>\n<tr class=\"row-6 even\">\n<td class=\"column-1\" colspan=\"6\">La escuela permanecer\u00e1 cerrada durante las fiestas nacionales: Epifan\u00eda (06\/01), Lunes de Pascua, D\u00eda de la Liberaci\u00f3n (25\/04), D\u00eda del Trabajo (01\/05), D\u00eda de la Republica (02\/06), Ferragosto (15\/08), Todos los Santos (01\/11), Inmaculada Concepci\u00f3n (8\/12), vacaciones de Navidad y A\u00f1o Nuevo.<\/td>\n<\/tr>\n<\/tbody>\n<\/table>\n<p>&nbsp;<\/p>\n<div class=\"aiosrs-rating-wrap\" data-schema-id=\"90691\">\n<div class=\"aiosrs-star-rating-wrap \"><\/div>\n<div class=\"aiosrs-rating-summary-wrap\"><\/div>\n<\/div>\n<h3><\/h3>\n","protected":false},"excerpt":{"rendered":"<h2><strong>\u00a1Aprende escultura en m\u00e1rmol en Italia!<\/strong><\/h2>\n<p>&nbsp;<\/p>\n<p><strong>Los mayores problemas, si quieres dedicarte a la escultura en m\u00e1rmol, son los espacios y la disponibilidad del material. Nuestra escuela en Florencia te ofrece un gran espacio abierto totalmente equipado donde puedes practicar tu pasi\u00f3n.<\/strong><\/p>\n<p>Nuestra escuela ofrece cursos de escultura en m\u00e1rmol de 2 o m\u00e1s semanas con 10 horas de clases semanales. Los cursos son muy pr\u00e1cticos y los profesores son maestros titulados.<\/p>\n<p><strong>El programa incluye:<\/strong><\/p>\n<p>\u2022 tecnolog\u00eda de los materiales (diferentes tipos de m\u00e1rmol)<\/p>\n<p>\u2022 las herramientas para la escultura del m\u00e1rmol<\/p>\n<p>\u2022 realizaci\u00f3n de un boceto<\/p>\n<p>\u2022 realizaci\u00f3n y acabado de la escultura.<\/p>\n<p>Las clases son en ingl\u00e9s o en italiano y se imparten por las tardes.<\/p>\n","protected":false},"featured_media":119240,"comment_status":"open","ping_status":"closed","template":"","meta":{"_acf_changed":false,"_uag_custom_page_level_css":"","_kad_blocks_custom_css":"","_kad_blocks_head_custom_js":"","_kad_blocks_body_custom_js":"","_kad_blocks_footer_custom_js":"","site-sidebar-layout":"default","site-content-layout":"default","ast-site-content-layout":"default","site-content-style":"default","site-sidebar-style":"default","ast-global-header-display":"","ast-banner-title-visibility":"","ast-main-header-display":"","ast-hfb-above-header-display":"","ast-hfb-below-header-display":"","ast-hfb-mobile-header-display":"","site-post-title":"","ast-breadcrumbs-content":"","ast-featured-img":"","footer-sml-layout":"","ast-disable-related-posts":"","theme-transparent-header-meta":"default","adv-header-id-meta":"","stick-header-meta":"default","header-above-stick-meta":"","header-main-stick-meta":"","header-below-stick-meta":"","astra-migrate-meta-layouts":"set","ast-page-background-enabled":"default","ast-page-background-meta":{"desktop":{"background-color":"var(--ast-global-color-4)","background-image":"","background-repeat":"repeat","background-position":"center center","background-size":"auto","background-attachment":"scroll","background-type":"","background-media":"","overlay-type":"","overlay-color":"","overlay-opacity":"","overlay-gradient":""},"tablet":{"background-color":"","background-image":"","background-repeat":"repeat","background-position":"center center","background-size":"auto","background-attachment":"scroll","background-type":"","background-media":"","overlay-type":"","overlay-color":"","overlay-opacity":"","overlay-gradient":""},"mobile":{"background-color":"","background-image":"","background-repeat":"repeat","background-position":"center center","background-size":"auto","background-attachment":"scroll","background-type":"","background-media":"","overlay-type":"","overlay-color":"","overlay-opacity":"","overlay-gradient":""}},"ast-content-background-meta":{"desktop":{"background-color":"var(--ast-global-color-5)","background-image":"","background-repeat":"repeat","background-position":"center center","background-size":"auto","background-attachment":"scroll","background-type":"","background-media":"","overlay-type":"","overlay-color":"","overlay-opacity":"","overlay-gradient":""},"tablet":{"background-color":"var(--ast-global-color-5)","background-image":"","background-repeat":"repeat","background-position":"center center","background-size":"auto","background-attachment":"scroll","background-type":"","background-media":"","overlay-type":"","overlay-color":"","overlay-opacity":"","overlay-gradient":""},"mobile":{"background-color":"var(--ast-global-color-5)","background-image":"","background-repeat":"repeat","background-position":"center center","background-size":"auto","background-attachment":"scroll","background-type":"","background-media":"","overlay-type":"","overlay-color":"","overlay-opacity":"","overlay-gradient":""}}},"section":[2051],"product_brand":[],"product_cat":[1331,1272],"product_tag":[1847],"class_list":{"0":"post-189055","1":"product","2":"type-product","3":"status-publish","4":"has-post-thumbnail","6":"section-sculpture","7":"product_cat-cursos-de-artes","8":"product_cat-cursos-en-florencia","9":"product_tag-cursos-en-florencia","10":"desktop-align-left","11":"tablet-align-left","12":"mobile-align-left","13":"ast-product-gallery-layout-horizontal-slider","14":"ast-product-single-variable","15":"ast-product-tabs-layout-horizontal","16":"ast-qv-on-image-click","18":"first","19":"instock","20":"sold-individually","21":"shipping-taxable","22":"purchasable","23":"product-type-variable","24":"has-default-attributes"},"acf":[],"taxonomy_info":{"section":[{"value":2051,"label":"Sculpture"}],"product_cat":[{"value":1331,"label":"Cursos de artes"},{"value":1272,"label":"Cursos en Florencia"}],"product_tag":[{"value":1847,"label":"Cursos en Florencia"}]},"featured_image_src_large":["https:\/\/www.studiainitalia.com\/wp-content\/uploads\/2016\/11\/sculpture-florence-2.jpg",432,441,false],"author_info":[],"comment_info":3,"uagb_featured_image_src":{"full":["https:\/\/www.studiainitalia.com\/wp-content\/uploads\/2016\/11\/sculpture-florence-2.jpg",432,441,false],"thumbnail":["https:\/\/www.studiainitalia.com\/wp-content\/uploads\/2016\/11\/sculpture-florence-2-150x150.jpg",96,96,true],"medium":["https:\/\/www.studiainitalia.com\/wp-content\/uploads\/2016\/11\/sculpture-florence-2-294x300.jpg",294,300,true],"medium_large":["https:\/\/www.studiainitalia.com\/wp-content\/uploads\/2016\/11\/sculpture-florence-2.jpg",432,441,false],"large":["https:\/\/www.studiainitalia.com\/wp-content\/uploads\/2016\/11\/sculpture-florence-2.jpg",432,441,false],"1536x1536":["https:\/\/www.studiainitalia.com\/wp-content\/uploads\/2016\/11\/sculpture-florence-2.jpg",432,441,false],"2048x2048":["https:\/\/www.studiainitalia.com\/wp-content\/uploads\/2016\/11\/sculpture-florence-2.jpg",432,441,false],"ultp_layout_landscape_large":["https:\/\/www.studiainitalia.com\/wp-content\/uploads\/2016\/11\/sculpture-florence-2.jpg",432,441,false],"ultp_layout_landscape":["https:\/\/www.studiainitalia.com\/wp-content\/uploads\/2016\/11\/sculpture-florence-2.jpg",432,441,false],"ultp_layout_portrait":["https:\/\/www.studiainitalia.com\/wp-content\/uploads\/2016\/11\/sculpture-florence-2.jpg",432,441,false],"ultp_layout_square":["https:\/\/www.studiainitalia.com\/wp-content\/uploads\/2016\/11\/sculpture-florence-2.jpg",432,441,false],"gform-image-choice-sm":["https:\/\/www.studiainitalia.com\/wp-content\/uploads\/2016\/11\/sculpture-florence-2.jpg",294,300,false],"gform-image-choice-md":["https:\/\/www.studiainitalia.com\/wp-content\/uploads\/2016\/11\/sculpture-florence-2.jpg",392,400,false],"gform-image-choice-lg":["https:\/\/www.studiainitalia.com\/wp-content\/uploads\/2016\/11\/sculpture-florence-2.jpg",432,441,false],"woocommerce_thumbnail":["https:\/\/www.studiainitalia.com\/wp-content\/uploads\/2016\/11\/sculpture-florence-2-300x300.jpg",300,300,true],"woocommerce_single":["https:\/\/www.studiainitalia.com\/wp-content\/uploads\/2016\/11\/sculpture-florence-2-400x408.jpg",400,408,true],"woocommerce_gallery_thumbnail":["https:\/\/www.studiainitalia.com\/wp-content\/uploads\/2016\/11\/sculpture-florence-2-100x100.jpg",100,100,true],"yarpp-thumbnail":["https:\/\/www.studiainitalia.com\/wp-content\/uploads\/2016\/11\/sculpture-florence-2.jpg",118,120,false]},"uagb_author_info":{"display_name":"Javier Diaz","author_link":"https:\/\/www.studiainitalia.com\/es\/author\/"},"uagb_comment_info":3,"uagb_excerpt":"\u00a1Aprende escultura en m\u00e1rmol en Italia! &nbsp; Los mayores problemas, si quieres dedicarte a la escultura en m\u00e1rmol, son los espacios y la disponibilidad del material. Nuestra escuela en Florencia te ofrece un gran espacio abierto totalmente equipado donde puedes practicar tu pasi\u00f3n. Nuestra escuela ofrece cursos de escultura en m\u00e1rmol de 2 o m\u00e1s&hellip;","_links":{"self":[{"href":"https:\/\/www.studiainitalia.com\/es\/wp-json\/wp\/v2\/product\/189055","targetHints":{"allow":["GET"]}}],"collection":[{"href":"https:\/\/www.studiainitalia.com\/es\/wp-json\/wp\/v2\/product"}],"about":[{"href":"https:\/\/www.studiainitalia.com\/es\/wp-json\/wp\/v2\/types\/product"}],"replies":[{"embeddable":true,"href":"https:\/\/www.studiainitalia.com\/es\/wp-json\/wp\/v2\/comments?post=189055"}],"wp:featuredmedia":[{"embeddable":true,"href":"https:\/\/www.studiainitalia.com\/es\/wp-json\/wp\/v2\/media\/119240"}],"wp:attachment":[{"href":"https:\/\/www.studiainitalia.com\/es\/wp-json\/wp\/v2\/media?parent=189055"}],"wp:term":[{"taxonomy":"section","embeddable":true,"href":"https:\/\/www.studiainitalia.com\/es\/wp-json\/wp\/v2\/section?post=189055"},{"taxonomy":"product_brand","embeddable":true,"href":"https:\/\/www.studiainitalia.com\/es\/wp-json\/wp\/v2\/product_brand?post=189055"},{"taxonomy":"product_cat","embeddable":true,"href":"https:\/\/www.studiainitalia.com\/es\/wp-json\/wp\/v2\/product_cat?post=189055"},{"taxonomy":"product_tag","embeddable":true,"href":"https:\/\/www.studiainitalia.com\/es\/wp-json\/wp\/v2\/product_tag?post=189055"}],"curies":[{"name":"wp","href":"https:\/\/api.w.org\/{rel}","templated":true}]}}