{"id":189100,"date":"2016-11-18T11:28:01","date_gmt":"2016-11-18T10:28:01","guid":{"rendered":"https:\/\/www.studiainitalia.com\/courses\/sin%20categor\u00eda\/murano-vidrio-trabajo-en-venice\/"},"modified":"2026-03-08T17:13:12","modified_gmt":"2026-03-08T16:13:12","slug":"curso-de-cristal-de-murano-en-venecia","status":"publish","type":"product","link":"https:\/\/www.studiainitalia.com\/es\/cursos\/cursos-en-venecia\/curso-de-cristal-de-murano-en-venecia\/","title":{"rendered":"Curso de cristal de Murano en Venecia"},"content":{"rendered":"<h2><strong>Curso de cristal de Murano<\/strong><\/h2>\n<p>&nbsp;<\/p>\n<p>La cristaler\u00eda de Murano es una de las artesan\u00edas italianas m\u00e1s importantes. Nuestro curso de cristal de Murano en Venecia se lleva a cabo en un aut\u00e9ntico taller de vidrio ubicado en el centro hist\u00f3rico de Venecia.<\/p>\n<p>&nbsp;<\/p>\n<p>El estudio no est\u00e1 lejos del Puente de Rialto, en el coraz\u00f3n de Venecia, por lo que no tendr\u00e1s que depender del transporte p\u00fablico.<\/p>\n<p>&nbsp;<\/p>\n<p>El artesano organiza cursos de cristal de Murano para alumnos principiantes, intermedios y avanzados.<\/p>\n<p>&nbsp;<\/p>\n<p>El\u00a0<strong>curso b\u00e1sico<\/strong>\u00a0es perfecto si deseas comenzar a aprender el procesamiento de perlas de vidrio con la t\u00e9cnica del vidrio al soplete. El\u00a0<strong>curso avanzado<\/strong>\u00a0est\u00e1 dirigido a profesionales que quieran mejorar formas y t\u00e9cnicas en el trabajo del vidrio al soplete. En este \u00faltimo caso, se requiere experiencia laboral previa para asistir al curso.<\/p>\n<p>&nbsp;<\/p>\n<p>El artesano tambi\u00e9n ofrece lecciones de\u00a0<strong>creaci\u00f3n de perlas de vidrio<\/strong>. Una opci\u00f3n de curso muy especial para dise\u00f1adores de joyas o joyeros que planean hacer sus propias joyas de vidrio.<\/p>\n<p>&nbsp;<\/p>\n<p>Los cursos son individuales o en grupos peque\u00f1os.<\/p>\n<p>El taller artesanal est\u00e1 equipado con 5 puestos de trabajo, antorchas y herramientas. Esto te permitir\u00e1 aprender en un lugar seguro.<\/p>\n<p>El curso de cristal de Murano en Venecia incluye el coste de materiales, herramientas y gafas protectoras especiales.<\/p>\n<p>&nbsp;<\/p>\n<p>Los cursos pueden empezar cada lunes, previa disponibilidad del artesano.<\/p>\n<p>&nbsp;<\/p>\n<div class=\"aiosrs-rating-wrap\" data-schema-id=\"90691\">\n<div class=\"aiosrs-star-rating-wrap \"><\/div>\n<div class=\"aiosrs-rating-summary-wrap\">\n<table id=\"tablepress-84\" class=\"tablepress tablepress-id-84\">\n<thead>\n<tr class=\"row-1 odd\">\n<th class=\"column-1\" colspan=\"6\">Fechas de Inicio<\/th>\n<\/tr>\n<\/thead>\n<tbody class=\"row-hover\">\n<tr class=\"row-2 even\">\n<td class=\"column-1\">Enero<\/td>\n<td class=\"column-2\">bajo peticion<\/td>\n<td class=\"column-3\">Mayo<\/td>\n<td class=\"column-4\">bajo peticion<\/td>\n<td class=\"column-5\">Septiembre<\/td>\n<td class=\"column-6\">bajo peticion<\/td>\n<\/tr>\n<tr class=\"row-3 odd\">\n<td class=\"column-1\">Febrero<\/td>\n<td class=\"column-2\">bajo peticion<\/td>\n<td class=\"column-3\">Junio<\/td>\n<td class=\"column-4\">bajo peticion<\/td>\n<td class=\"column-5\">Octobre<\/td>\n<td class=\"column-6\">bajo peticion<\/td>\n<\/tr>\n<tr class=\"row-4 even\">\n<td class=\"column-1\">Marzo<\/td>\n<td class=\"column-2\">bajo peticion<\/td>\n<td class=\"column-3\">Julio<\/td>\n<td class=\"column-4\">bajo peticion<\/td>\n<td class=\"column-5\">Noviembre<\/td>\n<td class=\"column-6\">bajo peticion<\/td>\n<\/tr>\n<tr class=\"row-5 odd\">\n<td class=\"column-1\">Abril<\/td>\n<td class=\"column-2\">bajo peticion<\/td>\n<td class=\"column-3\">Agosto<\/td>\n<td class=\"column-4\"><\/td>\n<td class=\"column-5\">Diciembre<\/td>\n<td class=\"column-6\">bajo peticion<\/td>\n<\/tr>\n<tr class=\"row-6 even\">\n<td class=\"column-1\" colspan=\"6\">La escuela permanecer\u00e1 cerrada durante las fiestas nacionales: Epifan\u00eda (06\/01), Lunes de Pascua, D\u00eda de la Liberaci\u00f3n (25\/04), D\u00eda del Trabajo (01\/05), D\u00eda de la Republica (02\/06), Ferragosto (15\/08), Todos los Santos (01\/11), Inmaculada Concepci\u00f3n (8\/12), vacaciones de Navidad y A\u00f1o Nuevo.<\/td>\n<\/tr>\n<\/tbody>\n<\/table>\n<div class=\"aiosrs-rating-wrap\" data-schema-id=\"90691\">\n<div class=\"aiosrs-star-rating-wrap \"><\/div>\n<div class=\"aiosrs-rating-summary-wrap\"><\/div>\n<\/div>\n<h3><\/h3>\n<\/div>\n<\/div>\n<p>&nbsp;<\/p>\n","protected":false},"excerpt":{"rendered":"<h2><strong>\u00a1Aprende a trabajar el vidrio en Venecia!<\/strong><\/h2>\n<p>&nbsp;<\/p>\n<p>Te ofrecemos un curso pr\u00e1ctico de trabajo al soplete de Murano. Las perlas de cristal de Murano son las perlas hechas a mano m\u00e1s hermosas del mundo. Si deseas aprender a crear perlas de vidrio o peque\u00f1os animales u objetos para tus piezas de joyer\u00eda, \u00a1\u00e9ste es el curso adecuado para ti!<\/p>\n<ul>\n<li>El curso est\u00e1 disponible para principiantes absolutos en italiano, en ingl\u00e9s o franc\u00e9s.<\/li>\n<\/ul>\n<ul>\n<li>\u00a0Las clases se imparten de lunes a viernes\u00a0 en horario de ma\u00f1ana o de tarde.<\/li>\n<\/ul>\n<ul>\n<li>\u00a0Las lecciones son impartidas por maestros calificados en vidrio.<\/li>\n<\/ul>\n<ul>\n<li>Este programa se puede personalizar seg\u00fan su solicitud o conocimiento.<\/li>\n<\/ul>\n","protected":false},"featured_media":119408,"comment_status":"open","ping_status":"closed","template":"","meta":{"_acf_changed":false,"_uag_custom_page_level_css":"","_kad_blocks_custom_css":"","_kad_blocks_head_custom_js":"","_kad_blocks_body_custom_js":"","_kad_blocks_footer_custom_js":"","site-sidebar-layout":"default","site-content-layout":"default","ast-site-content-layout":"default","site-content-style":"default","site-sidebar-style":"default","ast-global-header-display":"","ast-banner-title-visibility":"","ast-main-header-display":"","ast-hfb-above-header-display":"","ast-hfb-below-header-display":"","ast-hfb-mobile-header-display":"","site-post-title":"","ast-breadcrumbs-content":"","ast-featured-img":"","footer-sml-layout":"","ast-disable-related-posts":"","theme-transparent-header-meta":"default","adv-header-id-meta":"","stick-header-meta":"default","header-above-stick-meta":"","header-main-stick-meta":"","header-below-stick-meta":"","astra-migrate-meta-layouts":"set","ast-page-background-enabled":"default","ast-page-background-meta":{"desktop":{"background-color":"var(--ast-global-color-4)","background-image":"","background-repeat":"repeat","background-position":"center center","background-size":"auto","background-attachment":"scroll","background-type":"","background-media":"","overlay-type":"","overlay-color":"","overlay-opacity":"","overlay-gradient":""},"tablet":{"background-color":"","background-image":"","background-repeat":"repeat","background-position":"center center","background-size":"auto","background-attachment":"scroll","background-type":"","background-media":"","overlay-type":"","overlay-color":"","overlay-opacity":"","overlay-gradient":""},"mobile":{"background-color":"","background-image":"","background-repeat":"repeat","background-position":"center center","background-size":"auto","background-attachment":"scroll","background-type":"","background-media":"","overlay-type":"","overlay-color":"","overlay-opacity":"","overlay-gradient":""}},"ast-content-background-meta":{"desktop":{"background-color":"var(--ast-global-color-5)","background-image":"","background-repeat":"repeat","background-position":"center center","background-size":"auto","background-attachment":"scroll","background-type":"","background-media":"","overlay-type":"","overlay-color":"","overlay-opacity":"","overlay-gradient":""},"tablet":{"background-color":"var(--ast-global-color-5)","background-image":"","background-repeat":"repeat","background-position":"center center","background-size":"auto","background-attachment":"scroll","background-type":"","background-media":"","overlay-type":"","overlay-color":"","overlay-opacity":"","overlay-gradient":""},"mobile":{"background-color":"var(--ast-global-color-5)","background-image":"","background-repeat":"repeat","background-position":"center center","background-size":"auto","background-attachment":"scroll","background-type":"","background-media":"","overlay-type":"","overlay-color":"","overlay-opacity":"","overlay-gradient":""}}},"section":[],"product_brand":[],"product_cat":[1296,1332],"product_tag":[1856],"class_list":{"0":"post-189100","1":"product","2":"type-product","3":"status-publish","4":"has-post-thumbnail","6":"product_cat-cursos-en-venecia","7":"product_cat-cursos-de-artesania","8":"product_tag-venecia","9":"desktop-align-left","10":"tablet-align-left","11":"mobile-align-left","12":"ast-product-gallery-layout-horizontal-slider","13":"ast-product-single-variable","14":"ast-product-tabs-layout-horizontal","15":"ast-qv-on-image-click","17":"first","18":"instock","19":"sold-individually","20":"shipping-taxable","21":"purchasable","22":"product-type-variable","23":"has-default-attributes"},"acf":[],"taxonomy_info":{"product_cat":[{"value":1296,"label":"Cursos en Venecia"},{"value":1332,"label":"Cursos de artesan\u00eda"}],"product_tag":[{"value":1856,"label":"Venecia"}]},"featured_image_src_large":["https:\/\/www.studiainitalia.com\/wp-content\/uploads\/2016\/11\/murano-glas-venice-e1490029357666.jpg",350,350,false],"author_info":[],"comment_info":7,"uagb_featured_image_src":{"full":["https:\/\/www.studiainitalia.com\/wp-content\/uploads\/2016\/11\/murano-glas-venice-e1490029357666.jpg",350,350,false],"thumbnail":["https:\/\/www.studiainitalia.com\/wp-content\/uploads\/2016\/11\/murano-glas-venice-150x150.jpg",96,96,true],"medium":["https:\/\/www.studiainitalia.com\/wp-content\/uploads\/2016\/11\/murano-glas-venice-300x300.jpg",300,300,true],"medium_large":["https:\/\/www.studiainitalia.com\/wp-content\/uploads\/2016\/11\/murano-glas-venice-e1490029357666.jpg",350,350,false],"large":["https:\/\/www.studiainitalia.com\/wp-content\/uploads\/2016\/11\/murano-glas-venice-e1490029357666.jpg",350,350,false],"1536x1536":["https:\/\/www.studiainitalia.com\/wp-content\/uploads\/2016\/11\/murano-glas-venice-e1490029357666.jpg",350,350,false],"2048x2048":["https:\/\/www.studiainitalia.com\/wp-content\/uploads\/2016\/11\/murano-glas-venice-e1490029357666.jpg",350,350,false],"ultp_layout_landscape_large":["https:\/\/www.studiainitalia.com\/wp-content\/uploads\/2016\/11\/murano-glas-venice-e1490029357666.jpg",350,350,false],"ultp_layout_landscape":["https:\/\/www.studiainitalia.com\/wp-content\/uploads\/2016\/11\/murano-glas-venice-e1490029357666.jpg",350,350,false],"ultp_layout_portrait":["https:\/\/www.studiainitalia.com\/wp-content\/uploads\/2016\/11\/murano-glas-venice-e1490029357666.jpg",350,350,false],"ultp_layout_square":["https:\/\/www.studiainitalia.com\/wp-content\/uploads\/2016\/11\/murano-glas-venice-e1490029357666.jpg",350,350,false],"gform-image-choice-sm":["https:\/\/www.studiainitalia.com\/wp-content\/uploads\/2016\/11\/murano-glas-venice-e1490029357666.jpg",300,300,false],"gform-image-choice-md":["https:\/\/www.studiainitalia.com\/wp-content\/uploads\/2016\/11\/murano-glas-venice-e1490029357666.jpg",350,350,false],"gform-image-choice-lg":["https:\/\/www.studiainitalia.com\/wp-content\/uploads\/2016\/11\/murano-glas-venice-e1490029357666.jpg",350,350,false],"woocommerce_thumbnail":["https:\/\/www.studiainitalia.com\/wp-content\/uploads\/2016\/11\/murano-glas-venice-e1490029357666-300x300.jpg",300,300,true],"woocommerce_single":["https:\/\/www.studiainitalia.com\/wp-content\/uploads\/2016\/11\/murano-glas-venice-e1490029357666.jpg",350,350,false],"woocommerce_gallery_thumbnail":["https:\/\/www.studiainitalia.com\/wp-content\/uploads\/2016\/11\/murano-glas-venice-e1490029357666-100x100.jpg",100,100,true],"yarpp-thumbnail":["https:\/\/www.studiainitalia.com\/wp-content\/uploads\/2016\/11\/murano-glas-venice-e1490029357666.jpg",120,120,false]},"uagb_author_info":{"display_name":"Javier Diaz","author_link":"https:\/\/www.studiainitalia.com\/es\/author\/"},"uagb_comment_info":7,"uagb_excerpt":"\u00a1Aprende a trabajar el vidrio en Venecia! &nbsp; Te ofrecemos un curso pr\u00e1ctico de trabajo al soplete de Murano. Las perlas de cristal de Murano son las perlas hechas a mano m\u00e1s hermosas del mundo. Si deseas aprender a crear perlas de vidrio o peque\u00f1os animales u objetos para tus piezas de joyer\u00eda, \u00a1\u00e9ste es&hellip;","_links":{"self":[{"href":"https:\/\/www.studiainitalia.com\/es\/wp-json\/wp\/v2\/product\/189100","targetHints":{"allow":["GET"]}}],"collection":[{"href":"https:\/\/www.studiainitalia.com\/es\/wp-json\/wp\/v2\/product"}],"about":[{"href":"https:\/\/www.studiainitalia.com\/es\/wp-json\/wp\/v2\/types\/product"}],"replies":[{"embeddable":true,"href":"https:\/\/www.studiainitalia.com\/es\/wp-json\/wp\/v2\/comments?post=189100"}],"wp:featuredmedia":[{"embeddable":true,"href":"https:\/\/www.studiainitalia.com\/es\/wp-json\/wp\/v2\/media\/119408"}],"wp:attachment":[{"href":"https:\/\/www.studiainitalia.com\/es\/wp-json\/wp\/v2\/media?parent=189100"}],"wp:term":[{"taxonomy":"section","embeddable":true,"href":"https:\/\/www.studiainitalia.com\/es\/wp-json\/wp\/v2\/section?post=189100"},{"taxonomy":"product_brand","embeddable":true,"href":"https:\/\/www.studiainitalia.com\/es\/wp-json\/wp\/v2\/product_brand?post=189100"},{"taxonomy":"product_cat","embeddable":true,"href":"https:\/\/www.studiainitalia.com\/es\/wp-json\/wp\/v2\/product_cat?post=189100"},{"taxonomy":"product_tag","embeddable":true,"href":"https:\/\/www.studiainitalia.com\/es\/wp-json\/wp\/v2\/product_tag?post=189100"}],"curies":[{"name":"wp","href":"https:\/\/api.w.org\/{rel}","templated":true}]}}