{"id":189102,"date":"2017-12-08T12:48:37","date_gmt":"2017-12-08T11:48:37","guid":{"rendered":"https:\/\/www.studiainitalia.com\/courses\/sin%20categor\u00eda\/cocina-italiana-y-en-florencia\/"},"modified":"2026-02-27T05:17:47","modified_gmt":"2026-02-27T04:17:47","slug":"italiano-y-trabajo-en-florencia-cocina","status":"publish","type":"product","link":"https:\/\/www.studiainitalia.com\/es\/cursos\/cursos-en-florencia\/italiano-y-trabajo-en-florencia-cocina\/","title":{"rendered":"Italiano y trabajo en Florencia: Cocina"},"content":{"rendered":"<h2>Italiano y pr\u00e1cticas en restaurantes<\/h2>\n<p>&nbsp;<\/p>\n<p>Este programa de italiano y pr\u00e1cticas en restaurantes est\u00e1 organizado por nuestra escuela en Florencia.<\/p>\n<p>El programa va dirigido a estudiantes o diplomados en hosteler\u00eda que quieran aprender cocina italiana y, a la vez, estudiar italiano.<\/p>\n<p>&nbsp;<\/p>\n<p>Si el programa de italiano y trabajo en restaurantes es de tu inter\u00e9s, te pedimos que nos envies tu curr\u00edculum. Te organizaremos una entrevista con el tutor encargado antes de asignarte el restaurante donde realizar\u00e1s las pr\u00e1cticas.<\/p>\n<p>&nbsp;<\/p>\n<p>Es una forma de introducirse, por primera vez, en el sector de la hosteler\u00eda italiana.<\/p>\n<p>&nbsp;<\/p>\n\n<table id=\"tablepress-47\" class=\"tablepress tablepress-id-47 tbody-has-connected-cells\">\n<thead>\n<tr class=\"row-1\">\n\t<th colspan=\"6\" class=\"column-1\">Fechas de Inicio 2026<\/th>\n<\/tr>\n<\/thead>\n<tbody class=\"row-striping row-hover\">\n<tr class=\"row-2\">\n\t<td class=\"column-1\">Enero<\/td><td class=\"column-2\">5, 19<\/td><td class=\"column-3\">Mayo<\/td><td class=\"column-4\">11, 25<\/td><td class=\"column-5\">Septiembre<\/td><td class=\"column-6\">14, 28<\/td>\n<\/tr>\n<tr class=\"row-3\">\n\t<td class=\"column-1\">Febrero<\/td><td class=\"column-2\">2, 16<\/td><td class=\"column-3\">Junio<\/td><td class=\"column-4\">8, 22<\/td><td class=\"column-5\">Octubre<\/td><td class=\"column-6\">12, 26<\/td>\n<\/tr>\n<tr class=\"row-4\">\n\t<td class=\"column-1\">Marzo<\/td><td class=\"column-2\">2, 16, 30<\/td><td class=\"column-3\">Julio<\/td><td class=\"column-4\">6, 20<\/td><td class=\"column-5\">Noviembre<\/td><td class=\"column-6\">9, 23<\/td>\n<\/tr>\n<tr class=\"row-5\">\n\t<td class=\"column-1\">Abril<\/td><td class=\"column-2\">13, 27<\/td><td class=\"column-3\">Agosto<\/td><td class=\"column-4\">3, 17, 31<\/td><td class=\"column-5\">Diciembre<\/td><td class=\"column-6\">7<\/td>\n<\/tr>\n<tr class=\"row-6\">\n\t<td colspan=\"6\" class=\"column-1\">La escuela permanecer\u00e0 cerrada durante las fiestas nacionales: Epifan\u00eda (06\/01), Lunes de Pascua, D\u00eda de la Liberaci\u00f3n (25\/04), D\u00eda del Trabajo (01\/05), D\u00eda de la Republica (02\/06), 24\/06, Ferragosto (15\/08), Todos los Santos (01\/11), Inmaculada Concepci\u00f3n (8\/12), vacaciones de Navidad y A\u00f1o Nuevo.<\/td>\n<\/tr>\n<\/tbody>\n<\/table>\n<!-- #tablepress-47 from cache -->\n<p>&nbsp;<\/p>\n<div class=\"aiosrs-rating-wrap\" data-schema-id=\"90691\">\n<div class=\"aiosrs-star-rating-wrap \"><\/div>\n<div class=\"aiosrs-rating-summary-wrap\"><\/div>\n<\/div>\n","protected":false},"excerpt":{"rendered":"<h2>Aprende italiano y cocina italiana en restaurantes<\/h2>\n<p>&nbsp;<\/p>\n<p>Este programa de estudio y pr\u00e1cticas en restaurantes est\u00e1 dirigido a estudiantes de entre 18 y 30 a\u00f1os que quieran aprender italiano y al mismo tiempo realizar pr\u00e1cticas de trabajo en un restaurante en Italia, en la ciudad de Florencia.<\/p>\n<ul>\n<li>Podr\u00e1s asistir a un curso intensivo de italiano durante las primeras 4 semanas en nuestra escuela de Florencia y posteriormente realizar tus pr\u00e1cticas de trabajo (8 semanas, unas 32 horas semanales) en un restaurante de la ciudad.<\/li>\n<\/ul>\n<ul>\n<li>No se proporciona ning\u00fan tipo de sueldo. Las pr\u00e1cticas est\u00e1n reconocidas por la regi\u00f3n de Toscana.<\/li>\n<\/ul>\n<ul>\n<li>Hay cursos disponibles para todos los niveles del Marco Com\u00fan de Referencia de la Uni\u00f3n Europea, desde principiantes hasta avanzados.<\/li>\n<\/ul>\n<ul>\n<li>\u00a0El primer d\u00eda de clase se realizar\u00e1 un test de nivel.<\/li>\n<\/ul>\n<ul>\n<li>La metodolog\u00eda de ense\u00f1anza del italiano es comunicativa, y se basa en la adquisici\u00f3n de una competencia efectiva para la interacci\u00f3n ling\u00fc\u00edstica.<\/li>\n<\/ul>\n","protected":false},"featured_media":187677,"comment_status":"open","ping_status":"closed","template":"","meta":{"_acf_changed":false,"_uag_custom_page_level_css":"","_kad_blocks_custom_css":"","_kad_blocks_head_custom_js":"","_kad_blocks_body_custom_js":"","_kad_blocks_footer_custom_js":"","site-sidebar-layout":"default","site-content-layout":"default","ast-site-content-layout":"default","site-content-style":"default","site-sidebar-style":"default","ast-global-header-display":"","ast-banner-title-visibility":"","ast-main-header-display":"","ast-hfb-above-header-display":"","ast-hfb-below-header-display":"","ast-hfb-mobile-header-display":"","site-post-title":"","ast-breadcrumbs-content":"","ast-featured-img":"","footer-sml-layout":"","ast-disable-related-posts":"","theme-transparent-header-meta":"default","adv-header-id-meta":"","stick-header-meta":"default","header-above-stick-meta":"","header-main-stick-meta":"","header-below-stick-meta":"","astra-migrate-meta-layouts":"set","ast-page-background-enabled":"default","ast-page-background-meta":{"desktop":{"background-color":"var(--ast-global-color-4)","background-image":"","background-repeat":"repeat","background-position":"center center","background-size":"auto","background-attachment":"scroll","background-type":"","background-media":"","overlay-type":"","overlay-color":"","overlay-opacity":"","overlay-gradient":""},"tablet":{"background-color":"","background-image":"","background-repeat":"repeat","background-position":"center center","background-size":"auto","background-attachment":"scroll","background-type":"","background-media":"","overlay-type":"","overlay-color":"","overlay-opacity":"","overlay-gradient":""},"mobile":{"background-color":"","background-image":"","background-repeat":"repeat","background-position":"center center","background-size":"auto","background-attachment":"scroll","background-type":"","background-media":"","overlay-type":"","overlay-color":"","overlay-opacity":"","overlay-gradient":""}},"ast-content-background-meta":{"desktop":{"background-color":"var(--ast-global-color-5)","background-image":"","background-repeat":"repeat","background-position":"center center","background-size":"auto","background-attachment":"scroll","background-type":"","background-media":"","overlay-type":"","overlay-color":"","overlay-opacity":"","overlay-gradient":""},"tablet":{"background-color":"var(--ast-global-color-5)","background-image":"","background-repeat":"repeat","background-position":"center center","background-size":"auto","background-attachment":"scroll","background-type":"","background-media":"","overlay-type":"","overlay-color":"","overlay-opacity":"","overlay-gradient":""},"mobile":{"background-color":"var(--ast-global-color-5)","background-image":"","background-repeat":"repeat","background-position":"center center","background-size":"auto","background-attachment":"scroll","background-type":"","background-media":"","overlay-type":"","overlay-color":"","overlay-opacity":"","overlay-gradient":""}}},"section":[],"product_brand":[],"product_cat":[1272,1353],"product_tag":[1847],"class_list":{"0":"post-189102","1":"product","2":"type-product","3":"status-publish","4":"has-post-thumbnail","6":"product_cat-cursos-en-florencia","7":"product_cat-trabajar-en-italia","8":"product_tag-cursos-en-florencia","9":"desktop-align-left","10":"tablet-align-left","11":"mobile-align-left","12":"ast-product-gallery-layout-horizontal-slider","13":"ast-product-gallery-with-no-image","14":"ast-product-single-variable","15":"ast-product-tabs-layout-horizontal","16":"ast-qv-on-image-click","18":"first","19":"instock","20":"sold-individually","21":"shipping-taxable","22":"purchasable","23":"product-type-variable"},"acf":[],"taxonomy_info":{"product_cat":[{"value":1272,"label":"Cursos en Florencia"},{"value":1353,"label":"Trabajar en Italia"}],"product_tag":[{"value":1847,"label":"Cursos en Florencia"}]},"featured_image_src_large":["https:\/\/www.studiainitalia.com\/wp-content\/uploads\/2022\/10\/961-schola-food-cibreo-211015-ph-stefano-casati-05447.jpg",1366,2048,false],"author_info":[],"comment_info":2,"uagb_featured_image_src":{"full":["https:\/\/www.studiainitalia.com\/wp-content\/uploads\/2022\/10\/961-schola-food-cibreo-211015-ph-stefano-casati-05447.jpg",1366,2048,false],"thumbnail":["https:\/\/www.studiainitalia.com\/wp-content\/uploads\/2022\/10\/961-schola-food-cibreo-211015-ph-stefano-casati-05447.jpg",64,96,false],"medium":["https:\/\/www.studiainitalia.com\/wp-content\/uploads\/2022\/10\/961-schola-food-cibreo-211015-ph-stefano-casati-05447.jpg",1366,2048,false],"medium_large":["https:\/\/www.studiainitalia.com\/wp-content\/uploads\/2022\/10\/961-schola-food-cibreo-211015-ph-stefano-casati-05447-768x1151.jpg",768,1151,true],"large":["https:\/\/www.studiainitalia.com\/wp-content\/uploads\/2022\/10\/961-schola-food-cibreo-211015-ph-stefano-casati-05447.jpg",1366,2048,false],"1536x1536":["https:\/\/www.studiainitalia.com\/wp-content\/uploads\/2022\/10\/961-schola-food-cibreo-211015-ph-stefano-casati-05447-1025x1536.jpg",1025,1536,true],"2048x2048":["https:\/\/www.studiainitalia.com\/wp-content\/uploads\/2022\/10\/961-schola-food-cibreo-211015-ph-stefano-casati-05447.jpg",1366,2048,false],"ultp_layout_landscape_large":["https:\/\/www.studiainitalia.com\/wp-content\/uploads\/2022\/10\/961-schola-food-cibreo-211015-ph-stefano-casati-05447-1200x800.jpg",1200,800,true],"ultp_layout_landscape":["https:\/\/www.studiainitalia.com\/wp-content\/uploads\/2022\/10\/961-schola-food-cibreo-211015-ph-stefano-casati-05447-870x570.jpg",870,570,true],"ultp_layout_portrait":["https:\/\/www.studiainitalia.com\/wp-content\/uploads\/2022\/10\/961-schola-food-cibreo-211015-ph-stefano-casati-05447-600x900.jpg",600,900,true],"ultp_layout_square":["https:\/\/www.studiainitalia.com\/wp-content\/uploads\/2022\/10\/961-schola-food-cibreo-211015-ph-stefano-casati-05447-600x600.jpg",600,600,true],"gform-image-choice-sm":["https:\/\/www.studiainitalia.com\/wp-content\/uploads\/2022\/10\/961-schola-food-cibreo-211015-ph-stefano-casati-05447.jpg",200,300,false],"gform-image-choice-md":["https:\/\/www.studiainitalia.com\/wp-content\/uploads\/2022\/10\/961-schola-food-cibreo-211015-ph-stefano-casati-05447.jpg",267,400,false],"gform-image-choice-lg":["https:\/\/www.studiainitalia.com\/wp-content\/uploads\/2022\/10\/961-schola-food-cibreo-211015-ph-stefano-casati-05447.jpg",400,600,false],"woocommerce_thumbnail":["https:\/\/www.studiainitalia.com\/wp-content\/uploads\/2022\/10\/961-schola-food-cibreo-211015-ph-stefano-casati-05447-300x300.jpg",300,300,true],"woocommerce_single":["https:\/\/www.studiainitalia.com\/wp-content\/uploads\/2022\/10\/961-schola-food-cibreo-211015-ph-stefano-casati-05447-400x600.jpg",400,600,true],"woocommerce_gallery_thumbnail":["https:\/\/www.studiainitalia.com\/wp-content\/uploads\/2022\/10\/961-schola-food-cibreo-211015-ph-stefano-casati-05447-100x100.jpg",100,100,true],"yarpp-thumbnail":["https:\/\/www.studiainitalia.com\/wp-content\/uploads\/2022\/10\/961-schola-food-cibreo-211015-ph-stefano-casati-05447-120x120.jpg",120,120,true]},"uagb_author_info":{"display_name":"Javier Diaz","author_link":"https:\/\/www.studiainitalia.com\/es\/author\/"},"uagb_comment_info":2,"uagb_excerpt":"Aprende italiano y cocina italiana en restaurantes &nbsp; Este programa de estudio y pr\u00e1cticas en restaurantes est\u00e1 dirigido a estudiantes de entre 18 y 30 a\u00f1os que quieran aprender italiano y al mismo tiempo realizar pr\u00e1cticas de trabajo en un restaurante en Italia, en la ciudad de Florencia. Podr\u00e1s asistir a un curso intensivo de&hellip;","_links":{"self":[{"href":"https:\/\/www.studiainitalia.com\/es\/wp-json\/wp\/v2\/product\/189102","targetHints":{"allow":["GET"]}}],"collection":[{"href":"https:\/\/www.studiainitalia.com\/es\/wp-json\/wp\/v2\/product"}],"about":[{"href":"https:\/\/www.studiainitalia.com\/es\/wp-json\/wp\/v2\/types\/product"}],"replies":[{"embeddable":true,"href":"https:\/\/www.studiainitalia.com\/es\/wp-json\/wp\/v2\/comments?post=189102"}],"wp:featuredmedia":[{"embeddable":true,"href":"https:\/\/www.studiainitalia.com\/es\/wp-json\/wp\/v2\/media\/187677"}],"wp:attachment":[{"href":"https:\/\/www.studiainitalia.com\/es\/wp-json\/wp\/v2\/media?parent=189102"}],"wp:term":[{"taxonomy":"section","embeddable":true,"href":"https:\/\/www.studiainitalia.com\/es\/wp-json\/wp\/v2\/section?post=189102"},{"taxonomy":"product_brand","embeddable":true,"href":"https:\/\/www.studiainitalia.com\/es\/wp-json\/wp\/v2\/product_brand?post=189102"},{"taxonomy":"product_cat","embeddable":true,"href":"https:\/\/www.studiainitalia.com\/es\/wp-json\/wp\/v2\/product_cat?post=189102"},{"taxonomy":"product_tag","embeddable":true,"href":"https:\/\/www.studiainitalia.com\/es\/wp-json\/wp\/v2\/product_tag?post=189102"}],"curies":[{"name":"wp","href":"https:\/\/api.w.org\/{rel}","templated":true}]}}