{"id":189131,"date":"2016-11-18T12:03:09","date_gmt":"2016-11-18T11:03:09","guid":{"rendered":"https:\/\/www.studiainitalia.com\/courses\/sin%20categor\u00eda\/italiano-y-salida-en-genoa\/"},"modified":"2025-12-19T22:46:44","modified_gmt":"2025-12-19T21:46:44","slug":"italiano-y-buceo-en-genova","status":"publish","type":"product","link":"https:\/\/www.studiainitalia.com\/es\/cursos\/cursos-de-italiano-y-deportes\/italiano-y-buceo-en-genova\/","title":{"rendered":"Curso de Italiano y buceo en G\u00e9nova"},"content":{"rendered":"<h2><strong>Curso de italiano y buceo en G\u00e9nova<\/strong><\/h2>\n<p>&nbsp;<\/p>\n<p>La escuela de G\u00e9nova se encuentra en el centro de la ciudad. Es una escuela peque\u00f1a que ofrece un amplio abanico de actividades extraescolares: excursiones, visitas a museos, seminarios. Los grupos son muy reducidos, no m\u00e1s de 8 alumnos por clase, lo cual permite un mayor aprovechamiento de la estancia ling\u00fc\u00edsitica.<\/p>\n<p>&nbsp;<\/p>\n<p>La escuela organiza numerosas actividades para que disfrutes al m\u00e1ximo de tu curso en G\u00e9nova. Cada semana la escuela publica un calendario de actividades sociales y culturales, algunas son gratuitas y otras requieren alg\u00fan pago (transporte, entradas, comidas, etc).<\/p>\n<p>&nbsp;<\/p>\n<p>El curso de italiano y buceo est\u00e1 abierto a partir de los 16 a\u00f1os.<\/p>\n<p>&nbsp;<\/p>\n<table id=\"tablepress-48\" class=\"tablepress tablepress-id-48\">\n<thead>\n<tr class=\"row-1 odd\">\n<th class=\"column-1\" colspan=\"6\">Fechas 2026<\/th>\n<\/tr>\n<\/thead>\n<tbody class=\"row-hover\">\n<tr class=\"row-2 even\">\n<td class=\"column-1\">Enero<\/td>\n<td class=\"column-2\"><\/td>\n<td class=\"column-3\">Mayo<\/td>\n<td class=\"column-4\">18<\/td>\n<td class=\"column-5\">Septiembre<\/td>\n<td class=\"column-6\">7<\/td>\n<\/tr>\n<tr class=\"row-3 odd\">\n<td class=\"column-1\">Febrero<\/td>\n<td class=\"column-2\"><\/td>\n<td class=\"column-3\">Junio<\/td>\n<td class=\"column-4\">15<\/td>\n<td class=\"column-5\">Octubre<\/td>\n<td class=\"column-6\"><\/td>\n<\/tr>\n<tr class=\"row-4 even\">\n<td class=\"column-1\">Marzo<\/td>\n<td class=\"column-2\"><\/td>\n<td class=\"column-3\">Julio<\/td>\n<td class=\"column-4\">13<\/td>\n<td class=\"column-5\">Noviembre<\/td>\n<td class=\"column-6\"><\/td>\n<\/tr>\n<tr class=\"row-5 odd\">\n<td class=\"column-1\">Abril<\/td>\n<td class=\"column-2\"><\/td>\n<td class=\"column-3\">Agosto<\/td>\n<td class=\"column-4\">10<\/td>\n<td class=\"column-5\">Diciembre<\/td>\n<td class=\"column-6\"><\/td>\n<\/tr>\n<tr class=\"row-6 even\">\n<td class=\"column-1\" colspan=\"6\">Los estudiantes no principiantes pueden empezar el curso cada lunes bajo previa solicitud.<br \/>\nLa escuela permanecer\u00e0 cerrada durante las fiestas nacionales: Epifan\u00eda (06\/01), Lunes de Pascua, D\u00eda de la Liberaci\u00f3n (25\/04), D\u00eda del Trabajo (01\/05), D\u00eda de la Republica (02\/06), 24\/06, Ferragosto (15\/08), Todos los Santos (01\/11), Inmaculada Concepci\u00f3n (8\/12), vacaciones de Navidad y A\u00f1o Nuevo.<\/td>\n<\/tr>\n<\/tbody>\n<\/table>\n<p>&nbsp;<\/p>\n<div class=\"aiosrs-rating-wrap\" data-schema-id=\"90691\">\n<div class=\"aiosrs-rating-summary-wrap\"><\/div>\n<\/div>\n<p>&nbsp;<\/p>\n","protected":false},"excerpt":{"rendered":"<h2><strong>\u00a1Descubre Liguria, aprende italiano y bucea!<\/strong><\/h2>\n<p>&nbsp;<\/p>\n<p><strong>Este curso de italiano y buceo es perfecto si buscas aventuras que combinen una experiencia cultural y ling\u00fc\u00edstica con unas vacaciones \u00fanicas explorando el mar de Liguria, el golfo y sus maravillas.<\/strong><\/p>\n<p>Es posible obtener el Certificado Open Water Dive (para quienes no hayan buceado antes) o en Advanced Open Water Dive, con instructor PADI. Todos los materiales y el equipo est\u00e1n incluidos en el precio.<\/p>\n<ul>\n<li>El curso de italiano tiene una duraci\u00f3n de 2 semanas con clases para todos los niveles, en grupos reducidos.<\/li>\n<\/ul>\n<ul>\n<li>El horario del curso de italiano\u00a0 es de lunes a viernes de 9 a 13 horas.<\/li>\n<\/ul>\n<ul>\n<li>Las clases de buceo se imparten en horario de tarde y est\u00e1n disponibles desde la primavera hasta finales de verano.<\/li>\n<\/ul>\n<ul>\n<li>Se requiere un certificado m\u00e9dico para la participaci\u00f3n a las clases de buceo.<\/li>\n<\/ul>\n","protected":false},"featured_media":199693,"comment_status":"open","ping_status":"closed","template":"","meta":{"_acf_changed":false,"_uag_custom_page_level_css":"","_kad_blocks_custom_css":"","_kad_blocks_head_custom_js":"","_kad_blocks_body_custom_js":"","_kad_blocks_footer_custom_js":"","site-sidebar-layout":"default","site-content-layout":"default","ast-site-content-layout":"default","site-content-style":"default","site-sidebar-style":"default","ast-global-header-display":"","ast-banner-title-visibility":"","ast-main-header-display":"","ast-hfb-above-header-display":"","ast-hfb-below-header-display":"","ast-hfb-mobile-header-display":"","site-post-title":"","ast-breadcrumbs-content":"","ast-featured-img":"","footer-sml-layout":"","ast-disable-related-posts":"","theme-transparent-header-meta":"default","adv-header-id-meta":"","stick-header-meta":"default","header-above-stick-meta":"","header-main-stick-meta":"","header-below-stick-meta":"","astra-migrate-meta-layouts":"set","ast-page-background-enabled":"default","ast-page-background-meta":{"desktop":{"background-color":"var(--ast-global-color-4)","background-image":"","background-repeat":"repeat","background-position":"center center","background-size":"auto","background-attachment":"scroll","background-type":"","background-media":"","overlay-type":"","overlay-color":"","overlay-opacity":"","overlay-gradient":""},"tablet":{"background-color":"","background-image":"","background-repeat":"repeat","background-position":"center center","background-size":"auto","background-attachment":"scroll","background-type":"","background-media":"","overlay-type":"","overlay-color":"","overlay-opacity":"","overlay-gradient":""},"mobile":{"background-color":"","background-image":"","background-repeat":"repeat","background-position":"center center","background-size":"auto","background-attachment":"scroll","background-type":"","background-media":"","overlay-type":"","overlay-color":"","overlay-opacity":"","overlay-gradient":""}},"ast-content-background-meta":{"desktop":{"background-color":"var(--ast-global-color-5)","background-image":"","background-repeat":"repeat","background-position":"center center","background-size":"auto","background-attachment":"scroll","background-type":"","background-media":"","overlay-type":"","overlay-color":"","overlay-opacity":"","overlay-gradient":""},"tablet":{"background-color":"var(--ast-global-color-5)","background-image":"","background-repeat":"repeat","background-position":"center center","background-size":"auto","background-attachment":"scroll","background-type":"","background-media":"","overlay-type":"","overlay-color":"","overlay-opacity":"","overlay-gradient":""},"mobile":{"background-color":"var(--ast-global-color-5)","background-image":"","background-repeat":"repeat","background-position":"center center","background-size":"auto","background-attachment":"scroll","background-type":"","background-media":"","overlay-type":"","overlay-color":"","overlay-opacity":"","overlay-gradient":""}}},"section":[],"product_brand":[],"product_cat":[1320,1261],"product_tag":[2009],"class_list":{"0":"post-189131","1":"product","2":"type-product","3":"status-publish","4":"has-post-thumbnail","6":"product_cat-cursos-en-genova","7":"product_cat-cursos-de-italiano-y-deportes","8":"product_tag-deportes","9":"desktop-align-left","10":"tablet-align-left","11":"mobile-align-left","12":"ast-product-gallery-layout-horizontal-slider","13":"ast-product-gallery-with-no-image","14":"ast-product-single-variable","15":"ast-product-tabs-layout-horizontal","16":"ast-qv-on-image-click","18":"first","19":"instock","20":"sold-individually","21":"shipping-taxable","22":"purchasable","23":"product-type-variable","24":"has-default-attributes"},"acf":[],"taxonomy_info":{"product_cat":[{"value":1320,"label":"Cursos en G\u00e9nova"},{"value":1261,"label":"Cursos de italiano y deportes"}],"product_tag":[{"value":2009,"label":"Deportes"}]},"featured_image_src_large":["https:\/\/www.studiainitalia.com\/wp-content\/uploads\/2016\/11\/diving-1049477_1280.jpg",1280,854,false],"author_info":[],"comment_info":0,"uagb_featured_image_src":{"full":["https:\/\/www.studiainitalia.com\/wp-content\/uploads\/2016\/11\/diving-1049477_1280.jpg",1280,854,false],"thumbnail":["https:\/\/www.studiainitalia.com\/wp-content\/uploads\/2016\/11\/diving-1049477_1280.jpg",128,85,false],"medium":["https:\/\/www.studiainitalia.com\/wp-content\/uploads\/2016\/11\/diving-1049477_1280.jpg",1280,854,false],"medium_large":["https:\/\/www.studiainitalia.com\/wp-content\/uploads\/2016\/11\/diving-1049477_1280-768x512.jpg",768,512,true],"large":["https:\/\/www.studiainitalia.com\/wp-content\/uploads\/2016\/11\/diving-1049477_1280.jpg",1280,854,false],"1536x1536":["https:\/\/www.studiainitalia.com\/wp-content\/uploads\/2016\/11\/diving-1049477_1280.jpg",1280,854,false],"2048x2048":["https:\/\/www.studiainitalia.com\/wp-content\/uploads\/2016\/11\/diving-1049477_1280.jpg",1280,854,false],"ultp_layout_landscape_large":["https:\/\/www.studiainitalia.com\/wp-content\/uploads\/2016\/11\/diving-1049477_1280-1200x800.jpg",1200,800,true],"ultp_layout_landscape":["https:\/\/www.studiainitalia.com\/wp-content\/uploads\/2016\/11\/diving-1049477_1280-870x570.jpg",870,570,true],"ultp_layout_portrait":["https:\/\/www.studiainitalia.com\/wp-content\/uploads\/2016\/11\/diving-1049477_1280-600x854.jpg",600,854,true],"ultp_layout_square":["https:\/\/www.studiainitalia.com\/wp-content\/uploads\/2016\/11\/diving-1049477_1280-600x600.jpg",600,600,true],"gform-image-choice-sm":["https:\/\/www.studiainitalia.com\/wp-content\/uploads\/2016\/11\/diving-1049477_1280.jpg",300,200,false],"gform-image-choice-md":["https:\/\/www.studiainitalia.com\/wp-content\/uploads\/2016\/11\/diving-1049477_1280.jpg",400,267,false],"gform-image-choice-lg":["https:\/\/www.studiainitalia.com\/wp-content\/uploads\/2016\/11\/diving-1049477_1280.jpg",600,400,false],"woocommerce_thumbnail":["https:\/\/www.studiainitalia.com\/wp-content\/uploads\/2016\/11\/diving-1049477_1280-300x300.jpg",300,300,true],"woocommerce_single":["https:\/\/www.studiainitalia.com\/wp-content\/uploads\/2016\/11\/diving-1049477_1280-400x267.jpg",400,267,true],"woocommerce_gallery_thumbnail":["https:\/\/www.studiainitalia.com\/wp-content\/uploads\/2016\/11\/diving-1049477_1280-100x100.jpg",100,100,true],"yarpp-thumbnail":["https:\/\/www.studiainitalia.com\/wp-content\/uploads\/2016\/11\/diving-1049477_1280-120x120.jpg",120,120,true]},"uagb_author_info":{"display_name":"Javier Diaz","author_link":"https:\/\/www.studiainitalia.com\/es\/author\/"},"uagb_comment_info":0,"uagb_excerpt":"\u00a1Descubre Liguria, aprende italiano y bucea! &nbsp; Este curso de italiano y buceo es perfecto si buscas aventuras que combinen una experiencia cultural y ling\u00fc\u00edstica con unas vacaciones \u00fanicas explorando el mar de Liguria, el golfo y sus maravillas. Es posible obtener el Certificado Open Water Dive (para quienes no hayan buceado antes) o en&hellip;","_links":{"self":[{"href":"https:\/\/www.studiainitalia.com\/es\/wp-json\/wp\/v2\/product\/189131","targetHints":{"allow":["GET"]}}],"collection":[{"href":"https:\/\/www.studiainitalia.com\/es\/wp-json\/wp\/v2\/product"}],"about":[{"href":"https:\/\/www.studiainitalia.com\/es\/wp-json\/wp\/v2\/types\/product"}],"replies":[{"embeddable":true,"href":"https:\/\/www.studiainitalia.com\/es\/wp-json\/wp\/v2\/comments?post=189131"}],"wp:featuredmedia":[{"embeddable":true,"href":"https:\/\/www.studiainitalia.com\/es\/wp-json\/wp\/v2\/media\/199693"}],"wp:attachment":[{"href":"https:\/\/www.studiainitalia.com\/es\/wp-json\/wp\/v2\/media?parent=189131"}],"wp:term":[{"taxonomy":"section","embeddable":true,"href":"https:\/\/www.studiainitalia.com\/es\/wp-json\/wp\/v2\/section?post=189131"},{"taxonomy":"product_brand","embeddable":true,"href":"https:\/\/www.studiainitalia.com\/es\/wp-json\/wp\/v2\/product_brand?post=189131"},{"taxonomy":"product_cat","embeddable":true,"href":"https:\/\/www.studiainitalia.com\/es\/wp-json\/wp\/v2\/product_cat?post=189131"},{"taxonomy":"product_tag","embeddable":true,"href":"https:\/\/www.studiainitalia.com\/es\/wp-json\/wp\/v2\/product_tag?post=189131"}],"curies":[{"name":"wp","href":"https:\/\/api.w.org\/{rel}","templated":true}]}}