{"id":189145,"date":"2016-11-15T21:43:02","date_gmt":"2016-11-15T20:43:02","guid":{"rendered":"https:\/\/www.studiainitalia.com\/courses\/sin%20categor\u00eda\/italia-y-potteria-en-taormina\/"},"modified":"2025-12-19T22:03:37","modified_gmt":"2025-12-19T21:03:37","slug":"curso-de-italiano-y-ceramica-en-taormina","status":"publish","type":"product","link":"https:\/\/www.studiainitalia.com\/es\/cursos\/cursos-en-taormina\/curso-de-italiano-y-ceramica-en-taormina\/","title":{"rendered":"Curso de Italiano y cer\u00e1mica en Taormina"},"content":{"rendered":"<h2><strong>Curso de italiano y cer\u00e1mica<\/strong><\/h2>\n<p>&nbsp;<\/p>\n<p>La escuela de italiano de Taormina, reconocida por el Ministerio de Educaci\u00f3n italiano, est\u00e1 situada en una villa hist\u00f3rica a pocos metros del Teatro Griego.<br \/>\nLa villa, conocida como Casa Silva, dispone tambi\u00e9n de un amplio jard\u00edn bot\u00e1nico. Aqui hay una cafeter\u00eda donde podr\u00e1s descansar y charlar con tus compa\u00f1eros de curso.<\/p>\n<p>&nbsp;<\/p>\n<p>La escuela dispone de acceso gratuito a internet, biblioteca, sala de audiovisuales. En la villa adem\u00e1s se realizan actividades culturales dirigidas tambi\u00e9n a toda la comunidad local. Presentaciones de libros con los autores, conciertos de m\u00fasica, exposiciones de arte.<\/p>\n<p>&nbsp;<\/p>\n<p>La escuela ofrece un rico programa de actividades extraescolares incluido en el precio del curso. Por ejemplo: visi\u00f3n de pel\u00edculas italianas, seminarios, eventos sociales y visitas guiadas.<\/p>\n<p>Adem\u00e1s la escuela organiza actividades sociales. Cenas, fiestas, actividades deportivas y excursiones durante los fines de semana. Estas actividades tienen un coste extra y la escuela proporciona la correspondiente informaci\u00f3n en el calendario de las actividades.<\/p>\n<p>&nbsp;<\/p>\n<p>\u00a1Todo un programa de diversi\u00f3n con tu curso de italiano y cer\u00e1mica en Taormina!<\/p>\n<p>&nbsp;<\/p>\n\n<table id=\"tablepress-64\" class=\"tablepress tablepress-id-64 tbody-has-connected-cells\">\n<thead>\n<tr class=\"row-1\">\n\t<th colspan=\"6\" class=\"column-1\">Fechas de Inicio 2026<\/th>\n<\/tr>\n<\/thead>\n<tbody class=\"row-striping row-hover\">\n<tr class=\"row-2\">\n\t<td class=\"column-1\">Enero<\/td><td class=\"column-2\"><\/td><td class=\"column-3\">Mayo<\/td><td class=\"column-4\">cada lunes<\/td><td class=\"column-5\">Septiembre<\/td><td class=\"column-6\">cada lunes<\/td>\n<\/tr>\n<tr class=\"row-3\">\n\t<td class=\"column-1\">Febrero<\/td><td class=\"column-2\">cada lunes<\/td><td class=\"column-3\">Junio<\/td><td class=\"column-4\">cada lunes<\/td><td class=\"column-5\">Octobre<\/td><td class=\"column-6\">cada lunes<\/td>\n<\/tr>\n<tr class=\"row-4\">\n\t<td class=\"column-1\">Marzo<\/td><td class=\"column-2\">cada lunes<\/td><td class=\"column-3\">Julio<\/td><td class=\"column-4\">cada lunes<\/td><td class=\"column-5\">Noviembre<\/td><td class=\"column-6\">cada lunes<\/td>\n<\/tr>\n<tr class=\"row-5\">\n\t<td class=\"column-1\">Abril<\/td><td class=\"column-2\">cada lunes<\/td><td class=\"column-3\">Agosto<\/td><td class=\"column-4\">cada lunes<\/td><td class=\"column-5\">Diciembre<\/td><td class=\"column-6\">cada lunes<\/td>\n<\/tr>\n<tr class=\"row-6\">\n\t<td colspan=\"6\" class=\"column-1\">La escuela permanecer\u00e1 cerrada durante las fiestas nacionales: Epifan\u00eda (06\/01), Lunes de Pascua, D\u00eda de la Liberaci\u00f3n (25\/04), D\u00eda del Trabajo (01\/05), D\u00eda de la Republica (02\/06), Ferragosto (15\/08), Todos los Santos (01\/11), Inmaculada Concepci\u00f3n (8\/12), vacaciones de Navidad y A\u00f1o Nuevo <\/td>\n<\/tr>\n<\/tbody>\n<\/table>\n<!-- #tablepress-64 from cache -->\n<p>&nbsp;<\/p>\n","protected":false},"excerpt":{"rendered":"<h2><\/h2>\n<h2><strong>\u00a1Ll\u00e9vate a casa una pieza de cer\u00e1mica siciliana!\u00a0<\/strong><\/h2>\n<p>&nbsp;<\/p>\n<p><strong>Si te encanta la cer\u00e1mica siciliana, puedes combinar tu curso de italiano y sumergirte en el arte de la cer\u00e1mica.<\/strong><\/p>\n<ul>\n<li>Los cursos de italiano y cer\u00e1mica en Taormina est\u00e1n disponibles desde febrero hasta noviembre, para cualquier\u00a0 nivel.<\/li>\n<\/ul>\n<ul>\n<li>Tienen una duraci\u00f3n de una semana o m\u00e1s y consisten en un curso intensivo de lengua italiana y 2 clases semanales\u00a0 de 90 minutos cada una de decoraci\u00f3n de cer\u00e1mica siciliana.<\/li>\n<\/ul>\n<ul>\n<li>Las clases de cer\u00e1mica se imparten en un taller cercano a la escuela.<\/li>\n<\/ul>\n<ul>\n<li>\u00a0Son cursos de cer\u00e1mica individuales o para dos personas.<\/li>\n<\/ul>\n","protected":false},"featured_media":119348,"comment_status":"open","ping_status":"closed","template":"","meta":{"_acf_changed":false,"_uag_custom_page_level_css":"","_kad_blocks_custom_css":"","_kad_blocks_head_custom_js":"","_kad_blocks_body_custom_js":"","_kad_blocks_footer_custom_js":"","site-sidebar-layout":"default","site-content-layout":"default","ast-site-content-layout":"default","site-content-style":"default","site-sidebar-style":"default","ast-global-header-display":"","ast-banner-title-visibility":"","ast-main-header-display":"","ast-hfb-above-header-display":"","ast-hfb-below-header-display":"","ast-hfb-mobile-header-display":"","site-post-title":"","ast-breadcrumbs-content":"","ast-featured-img":"","footer-sml-layout":"","ast-disable-related-posts":"","theme-transparent-header-meta":"default","adv-header-id-meta":"","stick-header-meta":"default","header-above-stick-meta":"","header-main-stick-meta":"","header-below-stick-meta":"","astra-migrate-meta-layouts":"set","ast-page-background-enabled":"default","ast-page-background-meta":{"desktop":{"background-color":"var(--ast-global-color-4)","background-image":"","background-repeat":"repeat","background-position":"center center","background-size":"auto","background-attachment":"scroll","background-type":"","background-media":"","overlay-type":"","overlay-color":"","overlay-opacity":"","overlay-gradient":""},"tablet":{"background-color":"","background-image":"","background-repeat":"repeat","background-position":"center center","background-size":"auto","background-attachment":"scroll","background-type":"","background-media":"","overlay-type":"","overlay-color":"","overlay-opacity":"","overlay-gradient":""},"mobile":{"background-color":"","background-image":"","background-repeat":"repeat","background-position":"center center","background-size":"auto","background-attachment":"scroll","background-type":"","background-media":"","overlay-type":"","overlay-color":"","overlay-opacity":"","overlay-gradient":""}},"ast-content-background-meta":{"desktop":{"background-color":"var(--ast-global-color-5)","background-image":"","background-repeat":"repeat","background-position":"center center","background-size":"auto","background-attachment":"scroll","background-type":"","background-media":"","overlay-type":"","overlay-color":"","overlay-opacity":"","overlay-gradient":""},"tablet":{"background-color":"var(--ast-global-color-5)","background-image":"","background-repeat":"repeat","background-position":"center center","background-size":"auto","background-attachment":"scroll","background-type":"","background-media":"","overlay-type":"","overlay-color":"","overlay-opacity":"","overlay-gradient":""},"mobile":{"background-color":"var(--ast-global-color-5)","background-image":"","background-repeat":"repeat","background-position":"center center","background-size":"auto","background-attachment":"scroll","background-type":"","background-media":"","overlay-type":"","overlay-color":"","overlay-opacity":"","overlay-gradient":""}}},"section":[],"product_brand":[],"product_cat":[1286,1332],"product_tag":[],"class_list":{"0":"post-189145","1":"product","2":"type-product","3":"status-publish","4":"has-post-thumbnail","6":"product_cat-cursos-en-taormina","7":"product_cat-cursos-de-artesania","8":"desktop-align-left","9":"tablet-align-left","10":"mobile-align-left","11":"ast-product-gallery-layout-horizontal-slider","12":"ast-product-single-variable","13":"ast-product-tabs-layout-horizontal","14":"ast-qv-on-image-click","16":"first","17":"instock","18":"sold-individually","19":"shipping-taxable","20":"purchasable","21":"product-type-variable","22":"has-default-attributes"},"acf":[],"taxonomy_info":{"product_cat":[{"value":1286,"label":"Cursos en Taormina"},{"value":1332,"label":"Cursos de artesan\u00eda"}]},"featured_image_src_large":["https:\/\/www.studiainitalia.com\/wp-content\/uploads\/2016\/11\/pottery-taormina-e1490028273395.jpg",350,350,false],"author_info":[],"comment_info":1,"uagb_featured_image_src":{"full":["https:\/\/www.studiainitalia.com\/wp-content\/uploads\/2016\/11\/pottery-taormina-e1490028273395.jpg",350,350,false],"thumbnail":["https:\/\/www.studiainitalia.com\/wp-content\/uploads\/2016\/11\/pottery-taormina-150x150.jpg",96,96,true],"medium":["https:\/\/www.studiainitalia.com\/wp-content\/uploads\/2016\/11\/pottery-taormina-300x300.jpg",300,300,true],"medium_large":["https:\/\/www.studiainitalia.com\/wp-content\/uploads\/2016\/11\/pottery-taormina-e1490028273395.jpg",350,350,false],"large":["https:\/\/www.studiainitalia.com\/wp-content\/uploads\/2016\/11\/pottery-taormina-e1490028273395.jpg",350,350,false],"1536x1536":["https:\/\/www.studiainitalia.com\/wp-content\/uploads\/2016\/11\/pottery-taormina-e1490028273395.jpg",350,350,false],"2048x2048":["https:\/\/www.studiainitalia.com\/wp-content\/uploads\/2016\/11\/pottery-taormina-e1490028273395.jpg",350,350,false],"ultp_layout_landscape_large":["https:\/\/www.studiainitalia.com\/wp-content\/uploads\/2016\/11\/pottery-taormina-e1490028273395.jpg",350,350,false],"ultp_layout_landscape":["https:\/\/www.studiainitalia.com\/wp-content\/uploads\/2016\/11\/pottery-taormina-e1490028273395.jpg",350,350,false],"ultp_layout_portrait":["https:\/\/www.studiainitalia.com\/wp-content\/uploads\/2016\/11\/pottery-taormina-e1490028273395.jpg",350,350,false],"ultp_layout_square":["https:\/\/www.studiainitalia.com\/wp-content\/uploads\/2016\/11\/pottery-taormina-e1490028273395.jpg",350,350,false],"gform-image-choice-sm":["https:\/\/www.studiainitalia.com\/wp-content\/uploads\/2016\/11\/pottery-taormina-e1490028273395.jpg",300,300,false],"gform-image-choice-md":["https:\/\/www.studiainitalia.com\/wp-content\/uploads\/2016\/11\/pottery-taormina-e1490028273395.jpg",350,350,false],"gform-image-choice-lg":["https:\/\/www.studiainitalia.com\/wp-content\/uploads\/2016\/11\/pottery-taormina-e1490028273395.jpg",350,350,false],"woocommerce_thumbnail":["https:\/\/www.studiainitalia.com\/wp-content\/uploads\/2016\/11\/pottery-taormina-e1490028273395-300x300.jpg",300,300,true],"woocommerce_single":["https:\/\/www.studiainitalia.com\/wp-content\/uploads\/2016\/11\/pottery-taormina-e1490028273395.jpg",350,350,false],"woocommerce_gallery_thumbnail":["https:\/\/www.studiainitalia.com\/wp-content\/uploads\/2016\/11\/pottery-taormina-e1490028273395-100x100.jpg",100,100,true],"yarpp-thumbnail":["https:\/\/www.studiainitalia.com\/wp-content\/uploads\/2016\/11\/pottery-taormina-e1490028273395.jpg",120,120,false]},"uagb_author_info":{"display_name":"Javier Diaz","author_link":"https:\/\/www.studiainitalia.com\/es\/author\/"},"uagb_comment_info":1,"uagb_excerpt":"\u00a1Ll\u00e9vate a casa una pieza de cer\u00e1mica siciliana!\u00a0 &nbsp; Si te encanta la cer\u00e1mica siciliana, puedes combinar tu curso de italiano y sumergirte en el arte de la cer\u00e1mica. Los cursos de italiano y cer\u00e1mica en Taormina est\u00e1n disponibles desde febrero hasta noviembre, para cualquier\u00a0 nivel. Tienen una duraci\u00f3n de una semana o m\u00e1s y&hellip;","_links":{"self":[{"href":"https:\/\/www.studiainitalia.com\/es\/wp-json\/wp\/v2\/product\/189145","targetHints":{"allow":["GET"]}}],"collection":[{"href":"https:\/\/www.studiainitalia.com\/es\/wp-json\/wp\/v2\/product"}],"about":[{"href":"https:\/\/www.studiainitalia.com\/es\/wp-json\/wp\/v2\/types\/product"}],"replies":[{"embeddable":true,"href":"https:\/\/www.studiainitalia.com\/es\/wp-json\/wp\/v2\/comments?post=189145"}],"wp:featuredmedia":[{"embeddable":true,"href":"https:\/\/www.studiainitalia.com\/es\/wp-json\/wp\/v2\/media\/119348"}],"wp:attachment":[{"href":"https:\/\/www.studiainitalia.com\/es\/wp-json\/wp\/v2\/media?parent=189145"}],"wp:term":[{"taxonomy":"section","embeddable":true,"href":"https:\/\/www.studiainitalia.com\/es\/wp-json\/wp\/v2\/section?post=189145"},{"taxonomy":"product_brand","embeddable":true,"href":"https:\/\/www.studiainitalia.com\/es\/wp-json\/wp\/v2\/product_brand?post=189145"},{"taxonomy":"product_cat","embeddable":true,"href":"https:\/\/www.studiainitalia.com\/es\/wp-json\/wp\/v2\/product_cat?post=189145"},{"taxonomy":"product_tag","embeddable":true,"href":"https:\/\/www.studiainitalia.com\/es\/wp-json\/wp\/v2\/product_tag?post=189145"}],"curies":[{"name":"wp","href":"https:\/\/api.w.org\/{rel}","templated":true}]}}