{"id":189164,"date":"2017-11-19T18:08:21","date_gmt":"2017-11-19T17:08:21","guid":{"rendered":"https:\/\/www.studiainitalia.com\/courses\/sin%20categor\u00eda\/curso-de-joyeria-artesanal-en-florencia\/"},"modified":"2026-01-16T16:02:16","modified_gmt":"2026-01-16T15:02:16","slug":"curso-basico-de-joyeria-artesanal-en-florencia","status":"publish","type":"product","link":"https:\/\/www.studiainitalia.com\/es\/cursos\/cursos-en-florencia\/curso-basico-de-joyeria-artesanal-en-florencia\/","title":{"rendered":"Curso b\u00e1sico de joyer\u00eda artesanal en Florencia"},"content":{"rendered":"<h2><strong>Curso de joyer\u00eda artesanal<\/strong><\/h2>\n<p>&nbsp;<\/p>\n<p>Nuestro maestro artesano utiliza \u00fanicamente t\u00e9cnicas antiguas de orfebrer\u00eda. En su propio taller exposici\u00f3n, los estudiantes aprender\u00e1n el arte de la orfebrer\u00eda utilizando unicamente las herramientas tradicionales.<\/p>\n<p>&nbsp;<\/p>\n<p>Se trata de cursos individuales. S\u00f3lo un estudiante y el maestro orfebre. Las clases pueden impartirse en italiano o en ingl\u00e9s.<\/p>\n<p>Todos los materiales est\u00e1n incluidos. Las clases comienzan cada lunes (excepto agosto).<\/p>\n<table id=\"tablepress-84\" class=\"tablepress tablepress-id-84\">\n<thead>\n<tr class=\"row-1 odd\">\n<th class=\"column-1\" colspan=\"6\">Fechas de Inicio<\/th>\n<\/tr>\n<\/thead>\n<tbody class=\"row-hover\">\n<tr class=\"row-2 even\">\n<td class=\"column-1\">Enero<\/td>\n<td class=\"column-2\">bajo peticion<\/td>\n<td class=\"column-3\">Mayo<\/td>\n<td class=\"column-4\">bajo peticion<\/td>\n<td class=\"column-5\">Septiembre<\/td>\n<td class=\"column-6\">bajo peticion<\/td>\n<\/tr>\n<tr class=\"row-3 odd\">\n<td class=\"column-1\">Febrero<\/td>\n<td class=\"column-2\">bajo peticion<\/td>\n<td class=\"column-3\">Junio<\/td>\n<td class=\"column-4\">bajo peticion<\/td>\n<td class=\"column-5\">Octobre<\/td>\n<td class=\"column-6\">bajo peticion<\/td>\n<\/tr>\n<tr class=\"row-4 even\">\n<td class=\"column-1\">Marzo<\/td>\n<td class=\"column-2\">bajo peticion<\/td>\n<td class=\"column-3\">Julio<\/td>\n<td class=\"column-4\">bajo peticion<\/td>\n<td class=\"column-5\">Noviembre<\/td>\n<td class=\"column-6\">bajo peticion<\/td>\n<\/tr>\n<tr class=\"row-5 odd\">\n<td class=\"column-1\">Abril<\/td>\n<td class=\"column-2\">bajo peticion<\/td>\n<td class=\"column-3\">Agosto<\/td>\n<td class=\"column-4\"><\/td>\n<td class=\"column-5\">Diciembre<\/td>\n<td class=\"column-6\">bajo peticion<\/td>\n<\/tr>\n<tr class=\"row-6 even\">\n<td class=\"column-1\" colspan=\"6\">La escuela permanecer\u00e1 cerrada durante las fiestas nacionales: Epifan\u00eda (06\/01), Lunes de Pascua, D\u00eda de la Liberaci\u00f3n (25\/04), D\u00eda del Trabajo (01\/05), D\u00eda de la Republica (02\/06), Ferragosto (15\/08), Todos los Santos (01\/11), Inmaculada Concepci\u00f3n (8\/12), vacaciones de Navidad y A\u00f1o Nuevo.<\/td>\n<\/tr>\n<\/tbody>\n<\/table>\n<div class=\"aiosrs-rating-wrap\" data-schema-id=\"90691\">\n<div class=\"aiosrs-star-rating-wrap \"><\/div>\n<div class=\"aiosrs-rating-summary-wrap\"><\/div>\n<\/div>\n<h3><\/h3>\n<div class=\"perfmatters-lazy-youtube\" data-src=\"https:\/\/www.youtube.com\/embed\/ELqKfrWQG3Y\" data-id=\"ELqKfrWQG3Y\" data-query=\"\">\n<div>\n<p><img decoding=\"async\" class=\"perfmatters-lazy entered pmloaded\" src=\"https:\/\/i.ytimg.com\/vi\/ELqKfrWQG3Y\/hqdefault.jpg\" alt=\"YouTube video\" width=\"480\" height=\"360\" data-pin-nopin=\"true\" data-src=\"https:\/\/i.ytimg.com\/vi\/ELqKfrWQG3Y\/hqdefault.jpg\" data-ll-status=\"loaded\" data- title=\"\"><\/p>\n<div class=\"play\"><\/div>\n<\/div>\n<\/div>\n<div class=\"aiosrs-rating-wrap\" data-schema-id=\"90691\">\n<div class=\"aiosrs-star-rating-wrap \"><\/div>\n<div class=\"aiosrs-rating-summary-wrap\"><\/div>\n<\/div>\n","protected":false},"excerpt":{"rendered":"<h2><strong>Aprende joyer\u00eda artesanal en Italia<\/strong><\/h2>\n<p>&nbsp;<\/p>\n<p>Se trata de un curso de profesionalizaci\u00f3n en joyer\u00eda artesanal\u00a0 (20 horas por semana).<\/p>\n<p>Los CURSOS INTENSIVOS PRIVADOS est\u00e1n disponibles durante todo el a\u00f1o y se adaptan totalmente al estudiante.<\/p>\n<p>La experiencia de nuestro artesano como profesor de segundo a\u00f1o en la escuela de joyer\u00eda LAO de Florencia de 2016 a 2022, as\u00ed como su colaboraci\u00f3n desde 2022 con la escuela de joyer\u00eda contempor\u00e1nea ALCHIMIA como profesor de cursos intensivos cortos, le da la oportunidad de guiarte tanto en programas intensivos como m\u00e1s largos.<\/p>\n<p>El estudiante puede elegir entre un m\u00ednimo de 40 horas (dos semanas) y un m\u00e1ximo que \u00e9l mismo decide, como por ejemplo, para los cursos monogr\u00e1ficos.<\/p>\n<p>Los cursos en nuestro taller son ideales tanto para principiantes como para profesionales que deseen profundizar sus conocimientos o centrarse en una t\u00e9cnica espec\u00edfica.<\/p>\n<p>En cada caso, las horas y el horario de los cursos se acordar\u00e1n con el estudiante y pueden, dependiendo de sus intereses, incluso cambiar en el transcurso del curso.<\/p>\n<p><strong>Cursos ofrecidos:<\/strong><\/p>\n<p>&#8211; CONOCIMIENTOS B\u00c1SICOS DE JOYER\u00cdA<\/p>\n<p>&#8211; CABUCH\u00d3N Y PIEZAS<\/p>\n<p>-\u00abSBALZO\u00bb (REPOUSS\u00c9) SOBRE PUNTA<\/p>\n<p>-TALLADO EN CERA DURA<\/p>\n<p>-MOLDEO EN CERA BLANDA<\/p>\n<p>-MOLDES DE SILICONA PARA FUNDICI\u00d3N A LA CERA PERDIDA<\/p>\n<p>-ARENADO<\/p>\n<p>-FILIGRANA<\/p>\n<p>-ESMALTADO EN FR\u00cdO<\/p>\n<p>-ESMALTADO B\u00c1SICO AL FUEGO<\/p>\n<p>-GRANULACI\u00d3N<\/p>\n<p>Estas son solo algunas de las t\u00e9cnicas de orfebrer\u00eda que podr\u00e1s practicar o en las que te podr\u00e1s centrar durante el curso.<\/p>\n<p>Lo que diferencia a nuestros cursos No es solo un enfoque totalmente personalizado entre profesor y alumno, sino tambi\u00e9n la inmersi\u00f3n en la fabricaci\u00f3n de joyas totalmente adaptada a las expectativas y objetivos del alumno.<\/p>\n<p>Las clases, por lo general, se impartir\u00e1n de lunes a viernes de 9 a. m. a 1 p. m.<\/p>\n<p>De acuerdo con las posibilidades del estudiante, tambi\u00e9n es posible organizar experiencias y talleres de D\u00cdA DE INMERSI\u00d3N TOTAL.<\/p>\n<p>Las clases se impartir\u00e1n en ingl\u00e9s o en italiano<\/p>\n<p>Las herramientas y los implementos est\u00e1n a disposici\u00f3n, as\u00ed como la plata de ley 925 (hasta un m\u00e1ximo de 80 gramos cada 40 horas). Las joyas hechas durante el curso son propiedad del estudiante.<\/p>\n","protected":false},"featured_media":123072,"comment_status":"open","ping_status":"closed","template":"","meta":{"_acf_changed":false,"_uag_custom_page_level_css":"","_kad_blocks_custom_css":"","_kad_blocks_head_custom_js":"","_kad_blocks_body_custom_js":"","_kad_blocks_footer_custom_js":"","site-sidebar-layout":"default","site-content-layout":"default","ast-site-content-layout":"default","site-content-style":"default","site-sidebar-style":"default","ast-global-header-display":"","ast-banner-title-visibility":"","ast-main-header-display":"","ast-hfb-above-header-display":"","ast-hfb-below-header-display":"","ast-hfb-mobile-header-display":"","site-post-title":"","ast-breadcrumbs-content":"","ast-featured-img":"","footer-sml-layout":"","ast-disable-related-posts":"","theme-transparent-header-meta":"default","adv-header-id-meta":"","stick-header-meta":"default","header-above-stick-meta":"","header-main-stick-meta":"","header-below-stick-meta":"","astra-migrate-meta-layouts":"set","ast-page-background-enabled":"default","ast-page-background-meta":{"desktop":{"background-color":"var(--ast-global-color-4)","background-image":"","background-repeat":"repeat","background-position":"center center","background-size":"auto","background-attachment":"scroll","background-type":"","background-media":"","overlay-type":"","overlay-color":"","overlay-opacity":"","overlay-gradient":""},"tablet":{"background-color":"","background-image":"","background-repeat":"repeat","background-position":"center center","background-size":"auto","background-attachment":"scroll","background-type":"","background-media":"","overlay-type":"","overlay-color":"","overlay-opacity":"","overlay-gradient":""},"mobile":{"background-color":"","background-image":"","background-repeat":"repeat","background-position":"center center","background-size":"auto","background-attachment":"scroll","background-type":"","background-media":"","overlay-type":"","overlay-color":"","overlay-opacity":"","overlay-gradient":""}},"ast-content-background-meta":{"desktop":{"background-color":"var(--ast-global-color-5)","background-image":"","background-repeat":"repeat","background-position":"center center","background-size":"auto","background-attachment":"scroll","background-type":"","background-media":"","overlay-type":"","overlay-color":"","overlay-opacity":"","overlay-gradient":""},"tablet":{"background-color":"var(--ast-global-color-5)","background-image":"","background-repeat":"repeat","background-position":"center center","background-size":"auto","background-attachment":"scroll","background-type":"","background-media":"","overlay-type":"","overlay-color":"","overlay-opacity":"","overlay-gradient":""},"mobile":{"background-color":"var(--ast-global-color-5)","background-image":"","background-repeat":"repeat","background-position":"center center","background-size":"auto","background-attachment":"scroll","background-type":"","background-media":"","overlay-type":"","overlay-color":"","overlay-opacity":"","overlay-gradient":""}}},"section":[],"product_brand":[],"product_cat":[1272,1350],"product_tag":[],"class_list":{"0":"post-189164","1":"product","2":"type-product","3":"status-publish","4":"has-post-thumbnail","6":"product_cat-cursos-en-florencia","7":"product_cat-diseno-de-joyas","8":"desktop-align-left","9":"tablet-align-left","10":"mobile-align-left","11":"ast-product-gallery-layout-horizontal-slider","12":"ast-product-single-variable","13":"ast-product-tabs-layout-horizontal","14":"ast-qv-on-image-click","16":"first","17":"instock","18":"sold-individually","19":"shipping-taxable","20":"purchasable","21":"product-type-variable"},"acf":[],"taxonomy_info":{"product_cat":[{"value":1272,"label":"Cursos en Florencia"},{"value":1350,"label":"Dise\u00f1o de joyas"}]},"featured_image_src_large":["https:\/\/www.studiainitalia.com\/wp-content\/uploads\/2017\/11\/basic_artisan_jewelry_course_in_florence.jpg",432,432,false],"author_info":[],"comment_info":2,"uagb_featured_image_src":{"full":["https:\/\/www.studiainitalia.com\/wp-content\/uploads\/2017\/11\/basic_artisan_jewelry_course_in_florence.jpg",432,432,false],"thumbnail":["https:\/\/www.studiainitalia.com\/wp-content\/uploads\/2017\/11\/basic_artisan_jewelry_course_in_florence-150x150.jpg",96,96,true],"medium":["https:\/\/www.studiainitalia.com\/wp-content\/uploads\/2017\/11\/basic_artisan_jewelry_course_in_florence-300x300.jpg",300,300,true],"medium_large":["https:\/\/www.studiainitalia.com\/wp-content\/uploads\/2017\/11\/basic_artisan_jewelry_course_in_florence.jpg",432,432,false],"large":["https:\/\/www.studiainitalia.com\/wp-content\/uploads\/2017\/11\/basic_artisan_jewelry_course_in_florence.jpg",432,432,false],"1536x1536":["https:\/\/www.studiainitalia.com\/wp-content\/uploads\/2017\/11\/basic_artisan_jewelry_course_in_florence.jpg",432,432,false],"2048x2048":["https:\/\/www.studiainitalia.com\/wp-content\/uploads\/2017\/11\/basic_artisan_jewelry_course_in_florence.jpg",432,432,false],"ultp_layout_landscape_large":["https:\/\/www.studiainitalia.com\/wp-content\/uploads\/2017\/11\/basic_artisan_jewelry_course_in_florence.jpg",432,432,false],"ultp_layout_landscape":["https:\/\/www.studiainitalia.com\/wp-content\/uploads\/2017\/11\/basic_artisan_jewelry_course_in_florence.jpg",432,432,false],"ultp_layout_portrait":["https:\/\/www.studiainitalia.com\/wp-content\/uploads\/2017\/11\/basic_artisan_jewelry_course_in_florence.jpg",432,432,false],"ultp_layout_square":["https:\/\/www.studiainitalia.com\/wp-content\/uploads\/2017\/11\/basic_artisan_jewelry_course_in_florence.jpg",432,432,false],"gform-image-choice-sm":["https:\/\/www.studiainitalia.com\/wp-content\/uploads\/2017\/11\/basic_artisan_jewelry_course_in_florence.jpg",300,300,false],"gform-image-choice-md":["https:\/\/www.studiainitalia.com\/wp-content\/uploads\/2017\/11\/basic_artisan_jewelry_course_in_florence.jpg",400,400,false],"gform-image-choice-lg":["https:\/\/www.studiainitalia.com\/wp-content\/uploads\/2017\/11\/basic_artisan_jewelry_course_in_florence.jpg",432,432,false],"woocommerce_thumbnail":["https:\/\/www.studiainitalia.com\/wp-content\/uploads\/2017\/11\/basic_artisan_jewelry_course_in_florence-300x300.jpg",300,300,true],"woocommerce_single":["https:\/\/www.studiainitalia.com\/wp-content\/uploads\/2017\/11\/basic_artisan_jewelry_course_in_florence-400x400.jpg",400,400,true],"woocommerce_gallery_thumbnail":["https:\/\/www.studiainitalia.com\/wp-content\/uploads\/2017\/11\/basic_artisan_jewelry_course_in_florence-100x100.jpg",100,100,true],"yarpp-thumbnail":["https:\/\/www.studiainitalia.com\/wp-content\/uploads\/2017\/11\/basic_artisan_jewelry_course_in_florence.jpg",120,120,false]},"uagb_author_info":{"display_name":"Javier Diaz","author_link":"https:\/\/www.studiainitalia.com\/es\/author\/"},"uagb_comment_info":2,"uagb_excerpt":"Aprende joyer\u00eda artesanal en Italia &nbsp; Se trata de un curso de profesionalizaci\u00f3n en joyer\u00eda artesanal\u00a0 (20 horas por semana). Los CURSOS INTENSIVOS PRIVADOS est\u00e1n disponibles durante todo el a\u00f1o y se adaptan totalmente al estudiante. La experiencia de nuestro artesano como profesor de segundo a\u00f1o en la escuela de joyer\u00eda LAO de Florencia de&hellip;","_links":{"self":[{"href":"https:\/\/www.studiainitalia.com\/es\/wp-json\/wp\/v2\/product\/189164","targetHints":{"allow":["GET"]}}],"collection":[{"href":"https:\/\/www.studiainitalia.com\/es\/wp-json\/wp\/v2\/product"}],"about":[{"href":"https:\/\/www.studiainitalia.com\/es\/wp-json\/wp\/v2\/types\/product"}],"replies":[{"embeddable":true,"href":"https:\/\/www.studiainitalia.com\/es\/wp-json\/wp\/v2\/comments?post=189164"}],"wp:featuredmedia":[{"embeddable":true,"href":"https:\/\/www.studiainitalia.com\/es\/wp-json\/wp\/v2\/media\/123072"}],"wp:attachment":[{"href":"https:\/\/www.studiainitalia.com\/es\/wp-json\/wp\/v2\/media?parent=189164"}],"wp:term":[{"taxonomy":"section","embeddable":true,"href":"https:\/\/www.studiainitalia.com\/es\/wp-json\/wp\/v2\/section?post=189164"},{"taxonomy":"product_brand","embeddable":true,"href":"https:\/\/www.studiainitalia.com\/es\/wp-json\/wp\/v2\/product_brand?post=189164"},{"taxonomy":"product_cat","embeddable":true,"href":"https:\/\/www.studiainitalia.com\/es\/wp-json\/wp\/v2\/product_cat?post=189164"},{"taxonomy":"product_tag","embeddable":true,"href":"https:\/\/www.studiainitalia.com\/es\/wp-json\/wp\/v2\/product_tag?post=189164"}],"curies":[{"name":"wp","href":"https:\/\/api.w.org\/{rel}","templated":true}]}}