{"id":189203,"date":"2016-11-15T16:21:36","date_gmt":"2016-11-15T15:21:36","guid":{"rendered":"https:\/\/www.studiainitalia.com\/courses\/sin%20categor\u00eda\/curso-de-dorado-en-florencia\/"},"modified":"2025-12-19T22:06:24","modified_gmt":"2025-12-19T21:06:24","slug":"curso-de-pan-de-oro-en-florencia","status":"publish","type":"product","link":"https:\/\/www.studiainitalia.com\/es\/cursos\/cursos-en-florencia\/curso-de-pan-de-oro-en-florencia\/","title":{"rendered":"Curso de pan de oro en Florencia"},"content":{"rendered":"<h2>Curso de pan de oro<\/h2>\n<p>&nbsp;<\/p>\n<p>Aprende a dorar y utilizar las hojas de oro en objetos de madera.<\/p>\n<p>Nuestro curso de pan de oro es impartido por profesionales que trabajan en colaboraci\u00f3n con la Galer\u00eda Uffizi y otros museos italianos.<\/p>\n<p>&nbsp;<\/p>\n<p>El taller est\u00e1 ubicado en el centro de la ciudad de Florencia.<\/p>\n<p>&nbsp;<\/p>\n<p>El\u00a0<strong>curso b\u00e1sico<\/strong>\u00a0es perfecto si deseas acercarte al dorado por primera vez. Aprender\u00e1s a aplicar el yeso, dorar\u00e1s tu objeto, aprender\u00e1s a pulir y utlizar las laca especiales.<\/p>\n<p>&nbsp;<\/p>\n<p>El\u00a0<strong>curso m\u00e1s completo<\/strong>\u00a0incluye en primer lugar la introducci\u00f3n te\u00f3rica. En segundo lugar, aprender\u00e1s a consolidar la madera con el uso de colas animales y otras substancias. Aprender\u00e1s tambi\u00e9n el proceso de desinfestaci\u00f3n y de limpieza.<\/p>\n<p>&nbsp;<\/p>\n<p>Utilizar\u00e1s lacados antiguos, har\u00e1s el relleno y utilizar\u00e1s las t\u00e9cnicas de integraci\u00f3n con pan de oro o metal con agua. Tambi\u00e9n aprender\u00e1s a utilizar\u00a0<em>pastiglia<\/em>\u00a0y el proceso de envejecimiento.<\/p>\n<p>&nbsp;<\/p>\n<p>Los cursos se llevan a cabo en peque\u00f1os grupos. Las clases son tanto por la ma\u00f1ana como por la tarde.<\/p>\n<p>&nbsp;<\/p>\n<p>Al finalizar el curso recibir\u00e1s un certificado final.<\/p>\n<p>&nbsp;<\/p>\n<p>&nbsp;<\/p>\n<p>&nbsp;<\/p>\n<table id=\"tablepress-90\" class=\"tablepress tablepress-id-90\">\n<thead>\n<tr class=\"row-1 odd\">\n<th class=\"column-1\" colspan=\"6\">Fechas de inicio<\/th>\n<\/tr>\n<\/thead>\n<tbody class=\"row-hover\">\n<tr class=\"row-2 even\">\n<td class=\"column-1\">Enero<\/td>\n<td class=\"column-2\">cada lunes<\/td>\n<td class=\"column-3\">Mayo<\/td>\n<td class=\"column-4\">cada lunes<\/td>\n<td class=\"column-5\">Septiembre<\/td>\n<td class=\"column-6\">cada lunes<\/td>\n<\/tr>\n<tr class=\"row-3 odd\">\n<td class=\"column-1\">Febrero<\/td>\n<td class=\"column-2\">cada lunes<\/td>\n<td class=\"column-3\">Junio<\/td>\n<td class=\"column-4\">cada lunes<\/td>\n<td class=\"column-5\">Octubre<\/td>\n<td class=\"column-6\">cada lunes<\/td>\n<\/tr>\n<tr class=\"row-4 even\">\n<td class=\"column-1\">Marzo<\/td>\n<td class=\"column-2\">cada lunes<\/td>\n<td class=\"column-3\">Julio<\/td>\n<td class=\"column-4\">cada lunes<\/td>\n<td class=\"column-5\">Noviembre<\/td>\n<td class=\"column-6\">cada lunes<\/td>\n<\/tr>\n<tr class=\"row-5 odd\">\n<td class=\"column-1\">Abril<\/td>\n<td class=\"column-2\">cada lunes<\/td>\n<td class=\"column-3\">Agosto<\/td>\n<td class=\"column-4\"><\/td>\n<td class=\"column-5\">Deciembre<\/td>\n<td class=\"column-6\">cada lunes<\/td>\n<\/tr>\n<tr class=\"row-6 even\">\n<td class=\"column-1\" colspan=\"6\">La escuela permanecer\u00e1 cerrada durante las fiestas nacionales: Epifan\u00eda (06\/01), Lunes de Pascua, D\u00eda de la Liberaci\u00f3n (25\/04), D\u00eda del Trabajo (01\/05), D\u00eda de la Republica (02\/06), Ferragosto (15\/08), Todos los Santos (01\/11), Inmaculada Concepci\u00f3n (8\/12), vacaciones de Navidad y A\u00f1o Nuevo.<\/td>\n<\/tr>\n<\/tbody>\n<\/table>\n<p>&nbsp;<\/p>\n<div class=\"aiosrs-rating-wrap\" data-schema-id=\"90691\">\n<div class=\"aiosrs-star-rating-wrap \"><\/div>\n<div class=\"aiosrs-rating-summary-wrap\"><\/div>\n<\/div>\n<h3><\/h3>\n","protected":false},"excerpt":{"rendered":"<h2><strong>El arte del dorado en Italia<\/strong><\/h2>\n<p>&nbsp;<\/p>\n<p>Nuestra escuela de Florencia ofrece cursos de dorado de breve o larga duraci\u00f3n.<\/p>\n<ul>\n<li>\u00a0Puedes reservar 80, 160, 240 o 320 horas de curso y luego distribuirlas en las semanas que quieras. Por ejemplo de 4 a 8 horas al d\u00eda.<\/li>\n<\/ul>\n<ul>\n<li>\u00a0Es un curso en grupo y se imparte en italiano o en ingl\u00e9s.<\/li>\n<\/ul>\n<ul>\n<li>Los cursos son totalmente pr\u00e1cticos y dirigidos a todos los niveles.<\/li>\n<\/ul>\n<ul>\n<li>Los profesores son maestros locales interesados en mantener viva la tradici\u00f3n del dorado italiano.<\/li>\n<\/ul>\n<p><strong>Hacer el curso directamente en un taller facilita el aprendizaje que resulta ser mucho m\u00e1s efectivo y r\u00e1pido.<\/strong><\/p>\n","protected":false},"featured_media":119312,"comment_status":"open","ping_status":"closed","template":"","meta":{"_acf_changed":false,"_uag_custom_page_level_css":"","_kad_blocks_custom_css":"","_kad_blocks_head_custom_js":"","_kad_blocks_body_custom_js":"","_kad_blocks_footer_custom_js":"","site-sidebar-layout":"default","site-content-layout":"default","ast-site-content-layout":"default","site-content-style":"default","site-sidebar-style":"default","ast-global-header-display":"","ast-banner-title-visibility":"","ast-main-header-display":"","ast-hfb-above-header-display":"","ast-hfb-below-header-display":"","ast-hfb-mobile-header-display":"","site-post-title":"","ast-breadcrumbs-content":"","ast-featured-img":"","footer-sml-layout":"","ast-disable-related-posts":"","theme-transparent-header-meta":"default","adv-header-id-meta":"","stick-header-meta":"default","header-above-stick-meta":"","header-main-stick-meta":"","header-below-stick-meta":"","astra-migrate-meta-layouts":"set","ast-page-background-enabled":"default","ast-page-background-meta":{"desktop":{"background-color":"var(--ast-global-color-4)","background-image":"","background-repeat":"repeat","background-position":"center center","background-size":"auto","background-attachment":"scroll","background-type":"","background-media":"","overlay-type":"","overlay-color":"","overlay-opacity":"","overlay-gradient":""},"tablet":{"background-color":"","background-image":"","background-repeat":"repeat","background-position":"center center","background-size":"auto","background-attachment":"scroll","background-type":"","background-media":"","overlay-type":"","overlay-color":"","overlay-opacity":"","overlay-gradient":""},"mobile":{"background-color":"","background-image":"","background-repeat":"repeat","background-position":"center center","background-size":"auto","background-attachment":"scroll","background-type":"","background-media":"","overlay-type":"","overlay-color":"","overlay-opacity":"","overlay-gradient":""}},"ast-content-background-meta":{"desktop":{"background-color":"var(--ast-global-color-5)","background-image":"","background-repeat":"repeat","background-position":"center center","background-size":"auto","background-attachment":"scroll","background-type":"","background-media":"","overlay-type":"","overlay-color":"","overlay-opacity":"","overlay-gradient":""},"tablet":{"background-color":"var(--ast-global-color-5)","background-image":"","background-repeat":"repeat","background-position":"center center","background-size":"auto","background-attachment":"scroll","background-type":"","background-media":"","overlay-type":"","overlay-color":"","overlay-opacity":"","overlay-gradient":""},"mobile":{"background-color":"var(--ast-global-color-5)","background-image":"","background-repeat":"repeat","background-position":"center center","background-size":"auto","background-attachment":"scroll","background-type":"","background-media":"","overlay-type":"","overlay-color":"","overlay-opacity":"","overlay-gradient":""}}},"section":[],"product_brand":[],"product_cat":[1331,1272],"product_tag":[1847],"class_list":{"0":"post-189203","1":"product","2":"type-product","3":"status-publish","4":"has-post-thumbnail","6":"product_cat-cursos-de-artes","7":"product_cat-cursos-en-florencia","8":"product_tag-cursos-en-florencia","9":"desktop-align-left","10":"tablet-align-left","11":"mobile-align-left","12":"ast-product-gallery-layout-horizontal-slider","13":"ast-product-gallery-with-no-image","14":"ast-product-single-variable","15":"ast-product-tabs-layout-horizontal","16":"ast-qv-on-image-click","18":"first","19":"instock","20":"sold-individually","21":"shipping-taxable","22":"purchasable","23":"product-type-variable"},"acf":[],"taxonomy_info":{"product_cat":[{"value":1331,"label":"Cursos de artes"},{"value":1272,"label":"Cursos en Florencia"}],"product_tag":[{"value":1847,"label":"Cursos en Florencia"}]},"featured_image_src_large":["https:\/\/www.studiainitalia.com\/wp-content\/uploads\/2016\/11\/gilding-florence.jpg",432,432,false],"author_info":[],"comment_info":3,"uagb_featured_image_src":{"full":["https:\/\/www.studiainitalia.com\/wp-content\/uploads\/2016\/11\/gilding-florence.jpg",432,432,false],"thumbnail":["https:\/\/www.studiainitalia.com\/wp-content\/uploads\/2016\/11\/gilding-florence-150x150.jpg",96,96,true],"medium":["https:\/\/www.studiainitalia.com\/wp-content\/uploads\/2016\/11\/gilding-florence-300x300.jpg",300,300,true],"medium_large":["https:\/\/www.studiainitalia.com\/wp-content\/uploads\/2016\/11\/gilding-florence.jpg",432,432,false],"large":["https:\/\/www.studiainitalia.com\/wp-content\/uploads\/2016\/11\/gilding-florence.jpg",432,432,false],"1536x1536":["https:\/\/www.studiainitalia.com\/wp-content\/uploads\/2016\/11\/gilding-florence.jpg",432,432,false],"2048x2048":["https:\/\/www.studiainitalia.com\/wp-content\/uploads\/2016\/11\/gilding-florence.jpg",432,432,false],"ultp_layout_landscape_large":["https:\/\/www.studiainitalia.com\/wp-content\/uploads\/2016\/11\/gilding-florence.jpg",432,432,false],"ultp_layout_landscape":["https:\/\/www.studiainitalia.com\/wp-content\/uploads\/2016\/11\/gilding-florence.jpg",432,432,false],"ultp_layout_portrait":["https:\/\/www.studiainitalia.com\/wp-content\/uploads\/2016\/11\/gilding-florence.jpg",432,432,false],"ultp_layout_square":["https:\/\/www.studiainitalia.com\/wp-content\/uploads\/2016\/11\/gilding-florence.jpg",432,432,false],"gform-image-choice-sm":["https:\/\/www.studiainitalia.com\/wp-content\/uploads\/2016\/11\/gilding-florence.jpg",300,300,false],"gform-image-choice-md":["https:\/\/www.studiainitalia.com\/wp-content\/uploads\/2016\/11\/gilding-florence.jpg",400,400,false],"gform-image-choice-lg":["https:\/\/www.studiainitalia.com\/wp-content\/uploads\/2016\/11\/gilding-florence.jpg",432,432,false],"woocommerce_thumbnail":["https:\/\/www.studiainitalia.com\/wp-content\/uploads\/2016\/11\/gilding-florence-300x300.jpg",300,300,true],"woocommerce_single":["https:\/\/www.studiainitalia.com\/wp-content\/uploads\/2016\/11\/gilding-florence-400x400.jpg",400,400,true],"woocommerce_gallery_thumbnail":["https:\/\/www.studiainitalia.com\/wp-content\/uploads\/2016\/11\/gilding-florence-100x100.jpg",100,100,true],"yarpp-thumbnail":["https:\/\/www.studiainitalia.com\/wp-content\/uploads\/2016\/11\/gilding-florence.jpg",120,120,false]},"uagb_author_info":{"display_name":"Javier Diaz","author_link":"https:\/\/www.studiainitalia.com\/es\/author\/"},"uagb_comment_info":3,"uagb_excerpt":"El arte del dorado en Italia &nbsp; Nuestra escuela de Florencia ofrece cursos de dorado de breve o larga duraci\u00f3n. \u00a0Puedes reservar 80, 160, 240 o 320 horas de curso y luego distribuirlas en las semanas que quieras. Por ejemplo de 4 a 8 horas al d\u00eda. \u00a0Es un curso en grupo y se imparte&hellip;","_links":{"self":[{"href":"https:\/\/www.studiainitalia.com\/es\/wp-json\/wp\/v2\/product\/189203","targetHints":{"allow":["GET"]}}],"collection":[{"href":"https:\/\/www.studiainitalia.com\/es\/wp-json\/wp\/v2\/product"}],"about":[{"href":"https:\/\/www.studiainitalia.com\/es\/wp-json\/wp\/v2\/types\/product"}],"replies":[{"embeddable":true,"href":"https:\/\/www.studiainitalia.com\/es\/wp-json\/wp\/v2\/comments?post=189203"}],"wp:featuredmedia":[{"embeddable":true,"href":"https:\/\/www.studiainitalia.com\/es\/wp-json\/wp\/v2\/media\/119312"}],"wp:attachment":[{"href":"https:\/\/www.studiainitalia.com\/es\/wp-json\/wp\/v2\/media?parent=189203"}],"wp:term":[{"taxonomy":"section","embeddable":true,"href":"https:\/\/www.studiainitalia.com\/es\/wp-json\/wp\/v2\/section?post=189203"},{"taxonomy":"product_brand","embeddable":true,"href":"https:\/\/www.studiainitalia.com\/es\/wp-json\/wp\/v2\/product_brand?post=189203"},{"taxonomy":"product_cat","embeddable":true,"href":"https:\/\/www.studiainitalia.com\/es\/wp-json\/wp\/v2\/product_cat?post=189203"},{"taxonomy":"product_tag","embeddable":true,"href":"https:\/\/www.studiainitalia.com\/es\/wp-json\/wp\/v2\/product_tag?post=189203"}],"curies":[{"name":"wp","href":"https:\/\/api.w.org\/{rel}","templated":true}]}}