{"id":189236,"date":"2016-11-15T19:10:02","date_gmt":"2016-11-15T18:10:02","guid":{"rendered":"https:\/\/www.studiainitalia.com\/courses\/sin%20categor\u00eda\/cocina-italiana-en-florencia\/"},"modified":"2025-12-19T22:04:28","modified_gmt":"2025-12-19T21:04:28","slug":"curso-de-cocina-italiana-en-florencia","status":"publish","type":"product","link":"https:\/\/www.studiainitalia.com\/es\/cursos\/cursos-de-cocina-en-italia\/curso-de-cocina-italiana-en-florencia\/","title":{"rendered":"Cocina italiana en Florencia"},"content":{"rendered":"<h2><strong>Curso de cocina italiana en Florencia<br \/>\n<\/strong><\/h2>\n<p>&nbsp;<\/p>\n<p>Nuestra escuela de cocina en Florencia est\u00e1 situada en un edificio hist\u00f3rico renovado en el centro de la ciudad. Se encuentra a pocos pasos del Ponte Vecchio.<\/p>\n<p>&nbsp;<\/p>\n<p>Con sus salas espaciosas y una cocina bien equipada, la escuela ofrece una amplia serie de actividades culinarias de distinta duraci\u00f3n. Desde clases tem\u00e1ticas de pocas horas a cursos profesionales de larga duraci\u00f3n.<\/p>\n<p>&nbsp;<\/p>\n<p>Este curso se compone de 5 clases semanales impartidas preferentemente en horario de tarde.<\/p>\n<p>&nbsp;<\/p>\n<p>Fechas de comienzo: 15 de abril, 7 de julio, 2 de septiembre<\/p>\n<p>&nbsp;<\/p>\n<p>Se necesitan m\u00ednimo 3 alumnos para abrir los grupos. Fecha \u00faltima para matricularse: un mes antes del comienzo del curso<\/p>\n<p>&nbsp;<\/p>\n<p><strong>Puedes reservar clases sueltas cualquier otra semana del a\u00f1o. P\u00eddenos m\u00e1s informaci\u00f3n.\u00a0<\/strong><\/p>\n","protected":false},"excerpt":{"rendered":"<h2><strong>\u00a1Viaja a Italia para hacer un curso de comida italiana!<\/strong><\/h2>\n<p>&nbsp;<\/p>\n<ul>\n<li>\u00a0Los cursos de cocina italiana se llevan a cabo en una escuela profesional que dispone de gran cocina totalmente equipada en el centro de la ciudad.<\/li>\n<\/ul>\n<ul>\n<li>Los participantes pueden trabajar bajo la gu\u00eda de un chef profesional.<\/li>\n<\/ul>\n<ul>\n<li>Estos cursos pr\u00e1cticos de cocina italiana est\u00e1n dirigidos a los amantes de la comida interesados en descubrir los secretos de la cocina italiana.<\/li>\n<\/ul>\n<ul>\n<li>\u00a0Las lecciones se imparten normalmente en italiano y en ingl\u00e9s.<\/li>\n<\/ul>\n<ul>\n<li>Puedes optar por asistir a clases de cocina tem\u00e1tica como: pasta, pizza, helado o hacer el curso completo con cuatro clases semanales.<\/li>\n<\/ul>\n<p>Tambi\u00e9n ofrecemos cursos profesionales de cocina italiana.<\/p>\n","protected":false},"featured_media":119336,"comment_status":"open","ping_status":"closed","template":"","meta":{"_acf_changed":false,"_uag_custom_page_level_css":"","_kad_blocks_custom_css":"","_kad_blocks_head_custom_js":"","_kad_blocks_body_custom_js":"","_kad_blocks_footer_custom_js":"","site-sidebar-layout":"default","site-content-layout":"default","ast-site-content-layout":"default","site-content-style":"default","site-sidebar-style":"default","ast-global-header-display":"","ast-banner-title-visibility":"","ast-main-header-display":"","ast-hfb-above-header-display":"","ast-hfb-below-header-display":"","ast-hfb-mobile-header-display":"","site-post-title":"","ast-breadcrumbs-content":"","ast-featured-img":"","footer-sml-layout":"","ast-disable-related-posts":"","theme-transparent-header-meta":"default","adv-header-id-meta":"","stick-header-meta":"default","header-above-stick-meta":"","header-main-stick-meta":"","header-below-stick-meta":"","astra-migrate-meta-layouts":"set","ast-page-background-enabled":"default","ast-page-background-meta":{"desktop":{"background-color":"var(--ast-global-color-4)","background-image":"","background-repeat":"repeat","background-position":"center center","background-size":"auto","background-attachment":"scroll","background-type":"","background-media":"","overlay-type":"","overlay-color":"","overlay-opacity":"","overlay-gradient":""},"tablet":{"background-color":"","background-image":"","background-repeat":"repeat","background-position":"center center","background-size":"auto","background-attachment":"scroll","background-type":"","background-media":"","overlay-type":"","overlay-color":"","overlay-opacity":"","overlay-gradient":""},"mobile":{"background-color":"","background-image":"","background-repeat":"repeat","background-position":"center center","background-size":"auto","background-attachment":"scroll","background-type":"","background-media":"","overlay-type":"","overlay-color":"","overlay-opacity":"","overlay-gradient":""}},"ast-content-background-meta":{"desktop":{"background-color":"var(--ast-global-color-5)","background-image":"","background-repeat":"repeat","background-position":"center center","background-size":"auto","background-attachment":"scroll","background-type":"","background-media":"","overlay-type":"","overlay-color":"","overlay-opacity":"","overlay-gradient":""},"tablet":{"background-color":"var(--ast-global-color-5)","background-image":"","background-repeat":"repeat","background-position":"center center","background-size":"auto","background-attachment":"scroll","background-type":"","background-media":"","overlay-type":"","overlay-color":"","overlay-opacity":"","overlay-gradient":""},"mobile":{"background-color":"var(--ast-global-color-5)","background-image":"","background-repeat":"repeat","background-position":"center center","background-size":"auto","background-attachment":"scroll","background-type":"","background-media":"","overlay-type":"","overlay-color":"","overlay-opacity":"","overlay-gradient":""}}},"section":[],"product_brand":[],"product_cat":[1266,1272],"product_tag":[1863,1847],"class_list":{"0":"post-189236","1":"product","2":"type-product","3":"status-publish","4":"has-post-thumbnail","6":"product_cat-cursos-de-cocina-en-italia","7":"product_cat-cursos-en-florencia","8":"product_tag-cocina","9":"product_tag-cursos-en-florencia","10":"desktop-align-left","11":"tablet-align-left","12":"mobile-align-left","13":"ast-product-gallery-layout-horizontal-slider","14":"ast-product-gallery-with-no-image","15":"ast-product-single-variable","16":"ast-product-tabs-layout-horizontal","17":"ast-qv-on-image-click","19":"first","20":"instock","21":"sold-individually","22":"shipping-taxable","23":"purchasable","24":"product-type-variable"},"acf":[],"taxonomy_info":{"product_cat":[{"value":1266,"label":"Cursos de cocina en Italia"},{"value":1272,"label":"Cursos en Florencia"}],"product_tag":[{"value":1863,"label":"Cocina"},{"value":1847,"label":"Cursos en Florencia"}]},"featured_image_src_large":["https:\/\/www.studiainitalia.com\/wp-content\/uploads\/2016\/11\/cooking-in-florence.jpg",432,431,false],"author_info":[],"comment_info":2,"uagb_featured_image_src":{"full":["https:\/\/www.studiainitalia.com\/wp-content\/uploads\/2016\/11\/cooking-in-florence.jpg",432,431,false],"thumbnail":["https:\/\/www.studiainitalia.com\/wp-content\/uploads\/2016\/11\/cooking-in-florence-150x150.jpg",96,96,true],"medium":["https:\/\/www.studiainitalia.com\/wp-content\/uploads\/2016\/11\/cooking-in-florence-300x300.jpg",300,300,true],"medium_large":["https:\/\/www.studiainitalia.com\/wp-content\/uploads\/2016\/11\/cooking-in-florence.jpg",432,431,false],"large":["https:\/\/www.studiainitalia.com\/wp-content\/uploads\/2016\/11\/cooking-in-florence.jpg",432,431,false],"1536x1536":["https:\/\/www.studiainitalia.com\/wp-content\/uploads\/2016\/11\/cooking-in-florence.jpg",432,431,false],"2048x2048":["https:\/\/www.studiainitalia.com\/wp-content\/uploads\/2016\/11\/cooking-in-florence.jpg",432,431,false],"ultp_layout_landscape_large":["https:\/\/www.studiainitalia.com\/wp-content\/uploads\/2016\/11\/cooking-in-florence.jpg",432,431,false],"ultp_layout_landscape":["https:\/\/www.studiainitalia.com\/wp-content\/uploads\/2016\/11\/cooking-in-florence.jpg",432,431,false],"ultp_layout_portrait":["https:\/\/www.studiainitalia.com\/wp-content\/uploads\/2016\/11\/cooking-in-florence.jpg",432,431,false],"ultp_layout_square":["https:\/\/www.studiainitalia.com\/wp-content\/uploads\/2016\/11\/cooking-in-florence.jpg",432,431,false],"gform-image-choice-sm":["https:\/\/www.studiainitalia.com\/wp-content\/uploads\/2016\/11\/cooking-in-florence.jpg",300,300,false],"gform-image-choice-md":["https:\/\/www.studiainitalia.com\/wp-content\/uploads\/2016\/11\/cooking-in-florence.jpg",400,400,false],"gform-image-choice-lg":["https:\/\/www.studiainitalia.com\/wp-content\/uploads\/2016\/11\/cooking-in-florence.jpg",432,431,false],"woocommerce_thumbnail":["https:\/\/www.studiainitalia.com\/wp-content\/uploads\/2016\/11\/cooking-in-florence-300x300.jpg",300,300,true],"woocommerce_single":["https:\/\/www.studiainitalia.com\/wp-content\/uploads\/2016\/11\/cooking-in-florence-400x399.jpg",400,399,true],"woocommerce_gallery_thumbnail":["https:\/\/www.studiainitalia.com\/wp-content\/uploads\/2016\/11\/cooking-in-florence-100x100.jpg",100,100,true],"yarpp-thumbnail":["https:\/\/www.studiainitalia.com\/wp-content\/uploads\/2016\/11\/cooking-in-florence.jpg",120,120,false]},"uagb_author_info":{"display_name":"Javier Diaz","author_link":"https:\/\/www.studiainitalia.com\/es\/author\/"},"uagb_comment_info":2,"uagb_excerpt":"\u00a1Viaja a Italia para hacer un curso de comida italiana! &nbsp; \u00a0Los cursos de cocina italiana se llevan a cabo en una escuela profesional que dispone de gran cocina totalmente equipada en el centro de la ciudad. Los participantes pueden trabajar bajo la gu\u00eda de un chef profesional. Estos cursos pr\u00e1cticos de cocina italiana est\u00e1n&hellip;","_links":{"self":[{"href":"https:\/\/www.studiainitalia.com\/es\/wp-json\/wp\/v2\/product\/189236","targetHints":{"allow":["GET"]}}],"collection":[{"href":"https:\/\/www.studiainitalia.com\/es\/wp-json\/wp\/v2\/product"}],"about":[{"href":"https:\/\/www.studiainitalia.com\/es\/wp-json\/wp\/v2\/types\/product"}],"replies":[{"embeddable":true,"href":"https:\/\/www.studiainitalia.com\/es\/wp-json\/wp\/v2\/comments?post=189236"}],"wp:featuredmedia":[{"embeddable":true,"href":"https:\/\/www.studiainitalia.com\/es\/wp-json\/wp\/v2\/media\/119336"}],"wp:attachment":[{"href":"https:\/\/www.studiainitalia.com\/es\/wp-json\/wp\/v2\/media?parent=189236"}],"wp:term":[{"taxonomy":"section","embeddable":true,"href":"https:\/\/www.studiainitalia.com\/es\/wp-json\/wp\/v2\/section?post=189236"},{"taxonomy":"product_brand","embeddable":true,"href":"https:\/\/www.studiainitalia.com\/es\/wp-json\/wp\/v2\/product_brand?post=189236"},{"taxonomy":"product_cat","embeddable":true,"href":"https:\/\/www.studiainitalia.com\/es\/wp-json\/wp\/v2\/product_cat?post=189236"},{"taxonomy":"product_tag","embeddable":true,"href":"https:\/\/www.studiainitalia.com\/es\/wp-json\/wp\/v2\/product_tag?post=189236"}],"curies":[{"name":"wp","href":"https:\/\/api.w.org\/{rel}","templated":true}]}}