{"id":189257,"date":"2019-11-29T14:59:08","date_gmt":"2019-11-29T13:59:08","guid":{"rendered":"https:\/\/www.studiainitalia.com\/courses\/sin%20categor\u00eda\/danza-renacentista\/"},"modified":"2025-12-19T22:59:08","modified_gmt":"2025-12-19T21:59:08","slug":"curso-de-danza-renacentista-en-florencia","status":"publish","type":"product","link":"https:\/\/www.studiainitalia.com\/es\/cursos\/cursos-de-musica\/curso-de-danza-renacentista-en-florencia\/","title":{"rendered":"Curso de danza renacentista"},"content":{"rendered":"<h2><strong>Curso de danza renacentista<\/strong><\/h2>\n<p>&nbsp;<\/p>\n<p>El programa incluye:<\/p>\n<ul>\n<li>Introducci\u00f3n hist\u00f3rica a los bailes del Renacimiento.<\/li>\n<li>Estudio de las coreograf\u00edas de este per\u00edodo, como la \u201cbassa danza\u201d, la \u201cgallarda\u201d o la \u201cpavana\u201d.<\/li>\n<li>Ejercicios de improvisaci\u00f3n sobre elementos de danza antigua<\/li>\n<\/ul>\n<p>Curso completo: 35 horas en una semana<\/p>\n<p>Incluye visita guiada y cena-tertulia. Cont\u00e1ctanos para m\u00e1s informaci\u00f3n.<\/p>\n<div class=\"aiosrs-rating-wrap\" data-schema-id=\"90691\">\n<div class=\"aiosrs-star-rating-wrap \"><\/div>\n<div class=\"aiosrs-rating-summary-wrap\"><span class=\"aiosrs-rating\">0\/5\u00a0<\/span><span class=\"aiosrs-rating-count\">(0 Reviews)<\/span><\/div>\n<\/div>\n","protected":false},"excerpt":{"rendered":"<p><strong>Danza Renacentista \u00bfTe gustar\u00eda descubrir c\u00f3mo bailaban los Medici durante sus banquetes? Viaja a la Italia de mediados del siglo XVI y conoce el maravilloso mundo de la danza del Renacimiento.<\/strong><\/p>\n<p>Bajo la direcci\u00f3n del maestro Marco Bendoni, bailar\u00edn de danza hist\u00f3rica, aprender\u00e1s la danza y la m\u00fasica del renacimiento italiano.<\/p>\n<p>Uno de los proyectos del profesor \u201cI Medici\u201d, es un espect\u00e1culo de danza renacentista que recrea la celebraci\u00f3n del matrimonio entre Cosimo I de Medici y Eleonor de Toledo en 1539.<\/p>\n<p>El espect\u00e1culo se estren\u00f3 en el Museo Nazionale Bargello y en el Palazzo Medici Riccardi, con el apoyo de Ministerio de Cultura Italiano.<\/p>\n<p>Este curso se ofrece todo el a\u00f1o en italiano o ingl\u00e9s, bajo petici\u00f3n.<\/p>\n","protected":false},"featured_media":125076,"comment_status":"open","ping_status":"closed","template":"","meta":{"_acf_changed":false,"_uag_custom_page_level_css":"","_kad_blocks_custom_css":"","_kad_blocks_head_custom_js":"","_kad_blocks_body_custom_js":"","_kad_blocks_footer_custom_js":"","site-sidebar-layout":"default","site-content-layout":"default","ast-site-content-layout":"default","site-content-style":"default","site-sidebar-style":"default","ast-global-header-display":"","ast-banner-title-visibility":"","ast-main-header-display":"","ast-hfb-above-header-display":"","ast-hfb-below-header-display":"","ast-hfb-mobile-header-display":"","site-post-title":"","ast-breadcrumbs-content":"","ast-featured-img":"","footer-sml-layout":"","ast-disable-related-posts":"","theme-transparent-header-meta":"default","adv-header-id-meta":"","stick-header-meta":"default","header-above-stick-meta":"","header-main-stick-meta":"","header-below-stick-meta":"","astra-migrate-meta-layouts":"set","ast-page-background-enabled":"default","ast-page-background-meta":{"desktop":{"background-color":"var(--ast-global-color-4)","background-image":"","background-repeat":"repeat","background-position":"center center","background-size":"auto","background-attachment":"scroll","background-type":"","background-media":"","overlay-type":"","overlay-color":"","overlay-opacity":"","overlay-gradient":""},"tablet":{"background-color":"","background-image":"","background-repeat":"repeat","background-position":"center center","background-size":"auto","background-attachment":"scroll","background-type":"","background-media":"","overlay-type":"","overlay-color":"","overlay-opacity":"","overlay-gradient":""},"mobile":{"background-color":"","background-image":"","background-repeat":"repeat","background-position":"center center","background-size":"auto","background-attachment":"scroll","background-type":"","background-media":"","overlay-type":"","overlay-color":"","overlay-opacity":"","overlay-gradient":""}},"ast-content-background-meta":{"desktop":{"background-color":"var(--ast-global-color-5)","background-image":"","background-repeat":"repeat","background-position":"center center","background-size":"auto","background-attachment":"scroll","background-type":"","background-media":"","overlay-type":"","overlay-color":"","overlay-opacity":"","overlay-gradient":""},"tablet":{"background-color":"var(--ast-global-color-5)","background-image":"","background-repeat":"repeat","background-position":"center center","background-size":"auto","background-attachment":"scroll","background-type":"","background-media":"","overlay-type":"","overlay-color":"","overlay-opacity":"","overlay-gradient":""},"mobile":{"background-color":"var(--ast-global-color-5)","background-image":"","background-repeat":"repeat","background-position":"center center","background-size":"auto","background-attachment":"scroll","background-type":"","background-media":"","overlay-type":"","overlay-color":"","overlay-opacity":"","overlay-gradient":""}}},"section":[],"product_brand":[],"product_cat":[1264,1272],"product_tag":[1847],"class_list":{"0":"post-189257","1":"product","2":"type-product","3":"status-publish","4":"has-post-thumbnail","6":"product_cat-cursos-de-musica","7":"product_cat-cursos-en-florencia","8":"product_tag-cursos-en-florencia","9":"desktop-align-left","10":"tablet-align-left","11":"mobile-align-left","12":"ast-product-gallery-layout-horizontal-slider","13":"ast-product-single-variable","14":"ast-product-tabs-layout-horizontal","15":"ast-qv-on-image-click","17":"first","18":"instock","19":"sold-individually","20":"shipping-taxable","21":"purchasable","22":"product-type-variable"},"acf":[],"taxonomy_info":{"product_cat":[{"value":1264,"label":"Cursos de m\u00fasica"},{"value":1272,"label":"Cursos en Florencia"}],"product_tag":[{"value":1847,"label":"Cursos en Florencia"}]},"featured_image_src_large":["https:\/\/www.studiainitalia.com\/wp-content\/uploads\/2019\/11\/renacentista_1.jpg",943,748,false],"author_info":[],"comment_info":0,"uagb_featured_image_src":{"full":["https:\/\/www.studiainitalia.com\/wp-content\/uploads\/2019\/11\/renacentista_1.jpg",943,748,false],"thumbnail":["https:\/\/www.studiainitalia.com\/wp-content\/uploads\/2019\/11\/renacentista_1-150x150.jpg",96,96,true],"medium":["https:\/\/www.studiainitalia.com\/wp-content\/uploads\/2019\/11\/renacentista_1-300x238.jpg",300,238,true],"medium_large":["https:\/\/www.studiainitalia.com\/wp-content\/uploads\/2019\/11\/renacentista_1-768x609.jpg",768,609,true],"large":["https:\/\/www.studiainitalia.com\/wp-content\/uploads\/2019\/11\/renacentista_1.jpg",943,748,false],"1536x1536":["https:\/\/www.studiainitalia.com\/wp-content\/uploads\/2019\/11\/renacentista_1.jpg",943,748,false],"2048x2048":["https:\/\/www.studiainitalia.com\/wp-content\/uploads\/2019\/11\/renacentista_1.jpg",943,748,false],"ultp_layout_landscape_large":["https:\/\/www.studiainitalia.com\/wp-content\/uploads\/2019\/11\/renacentista_1.jpg",943,748,false],"ultp_layout_landscape":["https:\/\/www.studiainitalia.com\/wp-content\/uploads\/2019\/11\/renacentista_1.jpg",719,570,false],"ultp_layout_portrait":["https:\/\/www.studiainitalia.com\/wp-content\/uploads\/2019\/11\/renacentista_1.jpg",600,476,false],"ultp_layout_square":["https:\/\/www.studiainitalia.com\/wp-content\/uploads\/2019\/11\/renacentista_1.jpg",600,476,false],"gform-image-choice-sm":["https:\/\/www.studiainitalia.com\/wp-content\/uploads\/2019\/11\/renacentista_1.jpg",300,238,false],"gform-image-choice-md":["https:\/\/www.studiainitalia.com\/wp-content\/uploads\/2019\/11\/renacentista_1.jpg",400,317,false],"gform-image-choice-lg":["https:\/\/www.studiainitalia.com\/wp-content\/uploads\/2019\/11\/renacentista_1.jpg",600,476,false],"woocommerce_thumbnail":["https:\/\/www.studiainitalia.com\/wp-content\/uploads\/2019\/11\/renacentista_1-300x300.jpg",300,300,true],"woocommerce_single":["https:\/\/www.studiainitalia.com\/wp-content\/uploads\/2019\/11\/renacentista_1-400x317.jpg",400,317,true],"woocommerce_gallery_thumbnail":["https:\/\/www.studiainitalia.com\/wp-content\/uploads\/2019\/11\/renacentista_1-100x100.jpg",100,100,true],"yarpp-thumbnail":["https:\/\/www.studiainitalia.com\/wp-content\/uploads\/2019\/11\/renacentista_1.jpg",120,95,false]},"uagb_author_info":{"display_name":"ideaweb ideaweb","author_link":"https:\/\/www.studiainitalia.com\/es\/author\/"},"uagb_comment_info":0,"uagb_excerpt":"Danza Renacentista \u00bfTe gustar\u00eda descubrir c\u00f3mo bailaban los Medici durante sus banquetes? Viaja a la Italia de mediados del siglo XVI y conoce el maravilloso mundo de la danza del Renacimiento. Bajo la direcci\u00f3n del maestro Marco Bendoni, bailar\u00edn de danza hist\u00f3rica, aprender\u00e1s la danza y la m\u00fasica del renacimiento italiano. Uno de los proyectos&hellip;","_links":{"self":[{"href":"https:\/\/www.studiainitalia.com\/es\/wp-json\/wp\/v2\/product\/189257","targetHints":{"allow":["GET"]}}],"collection":[{"href":"https:\/\/www.studiainitalia.com\/es\/wp-json\/wp\/v2\/product"}],"about":[{"href":"https:\/\/www.studiainitalia.com\/es\/wp-json\/wp\/v2\/types\/product"}],"replies":[{"embeddable":true,"href":"https:\/\/www.studiainitalia.com\/es\/wp-json\/wp\/v2\/comments?post=189257"}],"wp:featuredmedia":[{"embeddable":true,"href":"https:\/\/www.studiainitalia.com\/es\/wp-json\/wp\/v2\/media\/125076"}],"wp:attachment":[{"href":"https:\/\/www.studiainitalia.com\/es\/wp-json\/wp\/v2\/media?parent=189257"}],"wp:term":[{"taxonomy":"section","embeddable":true,"href":"https:\/\/www.studiainitalia.com\/es\/wp-json\/wp\/v2\/section?post=189257"},{"taxonomy":"product_brand","embeddable":true,"href":"https:\/\/www.studiainitalia.com\/es\/wp-json\/wp\/v2\/product_brand?post=189257"},{"taxonomy":"product_cat","embeddable":true,"href":"https:\/\/www.studiainitalia.com\/es\/wp-json\/wp\/v2\/product_cat?post=189257"},{"taxonomy":"product_tag","embeddable":true,"href":"https:\/\/www.studiainitalia.com\/es\/wp-json\/wp\/v2\/product_tag?post=189257"}],"curies":[{"name":"wp","href":"https:\/\/api.w.org\/{rel}","templated":true}]}}