{"id":189283,"date":"2020-10-16T11:11:43","date_gmt":"2020-10-16T09:11:43","guid":{"rendered":"https:\/\/www.studiainitalia.com\/courses\/sin%20categor\u00eda\/curso-de-historia-del-arte-en-cromo\/"},"modified":"2025-12-19T22:52:46","modified_gmt":"2025-12-19T21:52:46","slug":"curso-de-historia-del-arte-en-roma","status":"publish","type":"product","link":"https:\/\/www.studiainitalia.com\/es\/cursos\/cursos-en-roma\/curso-de-historia-del-arte-en-roma\/","title":{"rendered":"Curso de Historia del Arte en Roma"},"content":{"rendered":"<h2><strong>Curso de historia del arte en Roma<\/strong><\/h2>\n<p>&nbsp;<\/p>\n<p>Curso de 10 horas semanales. Las clases son individuales y el precio del curso no incluye entradas a museos, galer\u00edas de arte, exposiciones.<\/p>\n<p>&nbsp;<\/p>\n<p>Disponible tambi\u00e9n para grupos peque\u00f1os o parejas. Cont\u00e1ctanos para m\u00e1s informaci\u00f3n.<\/p>\n<p>&nbsp;<\/p>\n<table id=\"tablepress-60\" class=\"tablepress tablepress-id-60\">\n<thead>\n<tr class=\"row-1 odd\">\n<th class=\"column-1\" colspan=\"6\">Fechas de Inicio 2026<\/th>\n<\/tr>\n<\/thead>\n<tbody class=\"row-hover\">\n<tr class=\"row-2 even\">\n<td class=\"column-1\">Enero<\/td>\n<td class=\"column-2\">7<\/td>\n<td class=\"column-3\">Mayo<\/td>\n<td class=\"column-4\">4<\/td>\n<td class=\"column-5\">Septiembre<\/td>\n<td class=\"column-6\">28<\/td>\n<\/tr>\n<tr class=\"row-3 odd\">\n<td class=\"column-1\">Febrero<\/td>\n<td class=\"column-2\">2<\/td>\n<td class=\"column-3\">Junio<\/td>\n<td class=\"column-4\">3<\/td>\n<td class=\"column-5\">Octobre<\/td>\n<td class=\"column-6\">26<\/td>\n<\/tr>\n<tr class=\"row-4 even\">\n<td class=\"column-1\">Marzo<\/td>\n<td class=\"column-2\">2, 30<\/td>\n<td class=\"column-3\">Julio<\/td>\n<td class=\"column-4\">6<\/td>\n<td class=\"column-5\">Noviembre<\/td>\n<td class=\"column-6\">23<\/td>\n<\/tr>\n<tr class=\"row-5 odd\">\n<td class=\"column-1\">Abril<\/td>\n<td class=\"column-2\"><\/td>\n<td class=\"column-3\">Agosto<\/td>\n<td class=\"column-4\">3, 31<\/td>\n<td class=\"column-5\">Diciembre<\/td>\n<td class=\"column-6\"><\/td>\n<\/tr>\n<tr class=\"row-6 even\">\n<td class=\"column-1\" colspan=\"6\">La escuela permanecer\u00e1 cerrada durante las fiestas nacionales: Epifan\u00eda (06\/01), Lunes de Pascua, D\u00eda de la Liberaci\u00f3n (25\/04), D\u00eda del Trabajo (01\/05), D\u00eda de la Republica (02\/06), Ferragosto (15\/08), Todos los Santos (01\/11), Inmaculada Concepci\u00f3n (8\/12), vacaciones de Navidad y A\u00f1o Nuevo.<\/td>\n<\/tr>\n<\/tbody>\n<\/table>\n<h3><\/h3>\n","protected":false},"excerpt":{"rendered":"<h2><strong>\u00bfPor qu\u00e9 estudiar historia del arte en Roma?<\/strong><\/h2>\n<p>&nbsp;<\/p>\n<p>Este curso de historia del arte ofrece una panor\u00e1mica general del arte en Roma.\u00a0<strong>Si amas el arte italiano, deber\u00edas visitar la ciudad eterna una vez en tu vida. Admirar\u00e1s la belleza de sus obras maestras y, entre otras cosas, te emocionar\u00e1s frente a la Piedad de Michelangelo.<\/strong><\/p>\n<ul>\n<li>\u00a0Puedes optar por estudiar diferentes per\u00edodos: la Antig\u00fcedad romana, la Roma medieval, el Renacimiento o el Barroco.<\/li>\n<\/ul>\n<ul>\n<li>Cada programa tiene 10 lecciones individuales.<\/li>\n<\/ul>\n<ul>\n<li>El curso se realiza en italiano o en ingl\u00e9s.<\/li>\n<\/ul>\n<ul>\n<li>Tu profesor, un historiador de arte italiano, te ofrecer\u00e1 el privilegio de ver Roma como un visitante de un cl\u00e1sico Grand Tour, como en el pasado.<\/li>\n<\/ul>\n<p>Estas lecciones de historia del arte le ofrecer\u00e1n, sobre todo, la oportunidad real de descubrir la capital italiana lejos del turismo de masas. En conclusi\u00f3n, definitivamente disfrutar\u00e1s de Roma.<\/p>\n<p>Puedes personalizar los programas. Tambi\u00e9n puedes combinar m\u00e1s de un programa al mismo tiempo. Adem\u00e1s, puedes solicitar diferentes clases, seg\u00fan tus necesidades o intereses.<\/p>\n<p>Las clases tienen lugar\u00a0 por las calles de\u00a0 Roma e incluye visitas a la ciudad y sus museos.<\/p>\n","protected":false},"featured_media":125649,"comment_status":"open","ping_status":"closed","template":"","meta":{"_acf_changed":false,"_uag_custom_page_level_css":"","_kad_blocks_custom_css":"","_kad_blocks_head_custom_js":"","_kad_blocks_body_custom_js":"","_kad_blocks_footer_custom_js":"","site-sidebar-layout":"default","site-content-layout":"default","ast-site-content-layout":"default","site-content-style":"default","site-sidebar-style":"default","ast-global-header-display":"","ast-banner-title-visibility":"","ast-main-header-display":"","ast-hfb-above-header-display":"","ast-hfb-below-header-display":"","ast-hfb-mobile-header-display":"","site-post-title":"","ast-breadcrumbs-content":"","ast-featured-img":"","footer-sml-layout":"","ast-disable-related-posts":"","theme-transparent-header-meta":"default","adv-header-id-meta":"","stick-header-meta":"default","header-above-stick-meta":"","header-main-stick-meta":"","header-below-stick-meta":"","astra-migrate-meta-layouts":"set","ast-page-background-enabled":"default","ast-page-background-meta":{"desktop":{"background-color":"var(--ast-global-color-4)","background-image":"","background-repeat":"repeat","background-position":"center center","background-size":"auto","background-attachment":"scroll","background-type":"","background-media":"","overlay-type":"","overlay-color":"","overlay-opacity":"","overlay-gradient":""},"tablet":{"background-color":"","background-image":"","background-repeat":"repeat","background-position":"center center","background-size":"auto","background-attachment":"scroll","background-type":"","background-media":"","overlay-type":"","overlay-color":"","overlay-opacity":"","overlay-gradient":""},"mobile":{"background-color":"","background-image":"","background-repeat":"repeat","background-position":"center center","background-size":"auto","background-attachment":"scroll","background-type":"","background-media":"","overlay-type":"","overlay-color":"","overlay-opacity":"","overlay-gradient":""}},"ast-content-background-meta":{"desktop":{"background-color":"var(--ast-global-color-5)","background-image":"","background-repeat":"repeat","background-position":"center center","background-size":"auto","background-attachment":"scroll","background-type":"","background-media":"","overlay-type":"","overlay-color":"","overlay-opacity":"","overlay-gradient":""},"tablet":{"background-color":"var(--ast-global-color-5)","background-image":"","background-repeat":"repeat","background-position":"center center","background-size":"auto","background-attachment":"scroll","background-type":"","background-media":"","overlay-type":"","overlay-color":"","overlay-opacity":"","overlay-gradient":""},"mobile":{"background-color":"var(--ast-global-color-5)","background-image":"","background-repeat":"repeat","background-position":"center center","background-size":"auto","background-attachment":"scroll","background-type":"","background-media":"","overlay-type":"","overlay-color":"","overlay-opacity":"","overlay-gradient":""}}},"section":[],"product_brand":[],"product_cat":[1284,1354],"product_tag":[1855],"class_list":{"0":"post-189283","1":"product","2":"type-product","3":"status-publish","4":"has-post-thumbnail","6":"product_cat-cursos-en-roma","7":"product_cat-cursos-de-historia-del-arte","8":"product_tag-historia-del-arte","9":"desktop-align-left","10":"tablet-align-left","11":"mobile-align-left","12":"ast-product-gallery-layout-horizontal-slider","13":"ast-product-single-variable","14":"ast-product-tabs-layout-horizontal","15":"ast-qv-on-image-click","17":"first","18":"instock","19":"sold-individually","20":"shipping-taxable","21":"purchasable","22":"product-type-variable"},"acf":[],"taxonomy_info":{"product_cat":[{"value":1284,"label":"Cursos en Roma"},{"value":1354,"label":"Cursos de historia del arte"}],"product_tag":[{"value":1855,"label":"Historia del arte"}]},"featured_image_src_large":["https:\/\/www.studiainitalia.com\/wp-content\/uploads\/2020\/10\/foto-curso-roma.jpg",401,400,false],"author_info":[],"comment_info":2,"uagb_featured_image_src":{"full":["https:\/\/www.studiainitalia.com\/wp-content\/uploads\/2020\/10\/foto-curso-roma.jpg",401,400,false],"thumbnail":["https:\/\/www.studiainitalia.com\/wp-content\/uploads\/2020\/10\/foto-curso-roma.jpg",96,96,false],"medium":["https:\/\/www.studiainitalia.com\/wp-content\/uploads\/2020\/10\/foto-curso-roma.jpg",401,400,false],"medium_large":["https:\/\/www.studiainitalia.com\/wp-content\/uploads\/2020\/10\/foto-curso-roma.jpg",401,400,false],"large":["https:\/\/www.studiainitalia.com\/wp-content\/uploads\/2020\/10\/foto-curso-roma.jpg",401,400,false],"1536x1536":["https:\/\/www.studiainitalia.com\/wp-content\/uploads\/2020\/10\/foto-curso-roma.jpg",401,400,false],"2048x2048":["https:\/\/www.studiainitalia.com\/wp-content\/uploads\/2020\/10\/foto-curso-roma.jpg",401,400,false],"ultp_layout_landscape_large":["https:\/\/www.studiainitalia.com\/wp-content\/uploads\/2020\/10\/foto-curso-roma.jpg",401,400,false],"ultp_layout_landscape":["https:\/\/www.studiainitalia.com\/wp-content\/uploads\/2020\/10\/foto-curso-roma.jpg",401,400,false],"ultp_layout_portrait":["https:\/\/www.studiainitalia.com\/wp-content\/uploads\/2020\/10\/foto-curso-roma.jpg",401,400,false],"ultp_layout_square":["https:\/\/www.studiainitalia.com\/wp-content\/uploads\/2020\/10\/foto-curso-roma.jpg",401,400,false],"gform-image-choice-sm":["https:\/\/www.studiainitalia.com\/wp-content\/uploads\/2020\/10\/foto-curso-roma.jpg",300,300,false],"gform-image-choice-md":["https:\/\/www.studiainitalia.com\/wp-content\/uploads\/2020\/10\/foto-curso-roma.jpg",400,399,false],"gform-image-choice-lg":["https:\/\/www.studiainitalia.com\/wp-content\/uploads\/2020\/10\/foto-curso-roma.jpg",401,400,false],"woocommerce_thumbnail":["https:\/\/www.studiainitalia.com\/wp-content\/uploads\/2020\/10\/foto-curso-roma-300x300.jpg",300,300,true],"woocommerce_single":["https:\/\/www.studiainitalia.com\/wp-content\/uploads\/2020\/10\/foto-curso-roma.jpg",400,399,false],"woocommerce_gallery_thumbnail":["https:\/\/www.studiainitalia.com\/wp-content\/uploads\/2020\/10\/foto-curso-roma-100x100.jpg",100,100,true],"yarpp-thumbnail":["https:\/\/www.studiainitalia.com\/wp-content\/uploads\/2020\/10\/foto-curso-roma-120x120.jpg",120,120,true]},"uagb_author_info":{"display_name":"rafael","author_link":"https:\/\/www.studiainitalia.com\/es\/author\/"},"uagb_comment_info":2,"uagb_excerpt":"\u00bfPor qu\u00e9 estudiar historia del arte en Roma? &nbsp; Este curso de historia del arte ofrece una panor\u00e1mica general del arte en Roma.\u00a0Si amas el arte italiano, deber\u00edas visitar la ciudad eterna una vez en tu vida. Admirar\u00e1s la belleza de sus obras maestras y, entre otras cosas, te emocionar\u00e1s frente a la Piedad de&hellip;","_links":{"self":[{"href":"https:\/\/www.studiainitalia.com\/es\/wp-json\/wp\/v2\/product\/189283","targetHints":{"allow":["GET"]}}],"collection":[{"href":"https:\/\/www.studiainitalia.com\/es\/wp-json\/wp\/v2\/product"}],"about":[{"href":"https:\/\/www.studiainitalia.com\/es\/wp-json\/wp\/v2\/types\/product"}],"replies":[{"embeddable":true,"href":"https:\/\/www.studiainitalia.com\/es\/wp-json\/wp\/v2\/comments?post=189283"}],"wp:featuredmedia":[{"embeddable":true,"href":"https:\/\/www.studiainitalia.com\/es\/wp-json\/wp\/v2\/media\/125649"}],"wp:attachment":[{"href":"https:\/\/www.studiainitalia.com\/es\/wp-json\/wp\/v2\/media?parent=189283"}],"wp:term":[{"taxonomy":"section","embeddable":true,"href":"https:\/\/www.studiainitalia.com\/es\/wp-json\/wp\/v2\/section?post=189283"},{"taxonomy":"product_brand","embeddable":true,"href":"https:\/\/www.studiainitalia.com\/es\/wp-json\/wp\/v2\/product_brand?post=189283"},{"taxonomy":"product_cat","embeddable":true,"href":"https:\/\/www.studiainitalia.com\/es\/wp-json\/wp\/v2\/product_cat?post=189283"},{"taxonomy":"product_tag","embeddable":true,"href":"https:\/\/www.studiainitalia.com\/es\/wp-json\/wp\/v2\/product_tag?post=189283"}],"curies":[{"name":"wp","href":"https:\/\/api.w.org\/{rel}","templated":true}]}}