{"id":189287,"date":"2018-12-06T15:02:30","date_gmt":"2018-12-06T14:02:30","guid":{"rendered":"https:\/\/www.studiainitalia.com\/courses\/sin%20categor\u00eda\/curso-de-perfumeria-en-florencia\/"},"modified":"2026-03-09T02:12:59","modified_gmt":"2026-03-09T01:12:59","slug":"curso-de-perfumeria-en-florencia","status":"publish","type":"product","link":"https:\/\/www.studiainitalia.com\/es\/cursos\/cursos-de-moda-y-diseno\/perfumeria\/curso-de-perfumeria-en-florencia\/","title":{"rendered":"Curso de perfumer\u00eda en Florencia"},"content":{"rendered":"<h2><strong>Curso de perfumer\u00eda<\/strong><\/h2>\n<p>&nbsp;<\/p>\n<p>El curso profesional de perfumer\u00eda se imparte en una antigua farmacia en el centro de Florencia.<\/p>\n<p>El curso va dirigido a todos los niveles, desde principiantes a conocimientos avanzados.<\/p>\n<p>&nbsp;<\/p>\n<p>El programa incluye 40 horas de clase en cuatro semanas, tratando los siguientes temas:<\/p>\n<ul>\n<li>Historia del perfume desde el antiguo Egipto hasta hoy<\/li>\n<li>T\u00e9cnicas utilizadas en perfumer\u00eda<\/li>\n<li>Primeras bases sobre acuerdos<\/li>\n<li>Preparaci\u00f3n del primer acuerdo y laboratorio de fougere.<\/li>\n<li>Acuerdo chipr\u00e9<\/li>\n<li>Diferencia entre fragancias sint\u00e9ticas, mol\u00e9culas reconstruidas y fragancias naturales.<\/li>\n<li>Acuerdo de \u00e1mbar<\/li>\n<li>Acuerdo floral<\/li>\n<li>Acuerdo de cuero y madera<\/li>\n<li>Comparaci\u00f3n de preparaciones. Qu\u00e9 son los fijadores y cu\u00e1les son los solubilizantes, resinas, colorantes, derivados animales. Elecci\u00f3n del preparado de la tintura.<\/li>\n<\/ul>\n<p>El programa del curso incluye adem\u00e1s una parte sobre marketing olfativo, y sobre c\u00f3mo seleccionar los proveedores de materia prima.<br \/>\n&nbsp;<\/p>\n<table id=\"tablepress-181\" class=\"tablepress tablepress-id-181\">\n<thead>\n<tr class=\"row-1 odd\">\n<th class=\"column-1\" colspan=\"6\">Fechas de Inicio<\/th>\n<\/tr>\n<\/thead>\n<tbody class=\"row-hover\">\n<tr class=\"row-2 even\">\n<td class=\"column-1\">Enero<\/td>\n<td class=\"column-2\">bajo petici\u00f3n<\/td>\n<td class=\"column-3\">Mayo<\/td>\n<td class=\"column-4\">bajo petici\u00f3n<\/td>\n<td class=\"column-5\">Septiembre<\/td>\n<td class=\"column-6\">bajo petici\u00f3n<\/td>\n<\/tr>\n<tr class=\"row-3 odd\">\n<td class=\"column-1\">Febrero<\/td>\n<td class=\"column-2\">bajo petici\u00f3n<\/td>\n<td class=\"column-3\">Junio<\/td>\n<td class=\"column-4\">bajo petici\u00f3n<\/td>\n<td class=\"column-5\">Octobre<\/td>\n<td class=\"column-6\">bajo petici\u00f3n<\/td>\n<\/tr>\n<tr class=\"row-4 even\">\n<td class=\"column-1\">Marzo<\/td>\n<td class=\"column-2\">bajo petici\u00f3n<\/td>\n<td class=\"column-3\">Julio<\/td>\n<td class=\"column-4\">bajo petici\u00f3n<\/td>\n<td class=\"column-5\">Noviembre<\/td>\n<td class=\"column-6\">bajo petici\u00f3n<\/td>\n<\/tr>\n<tr class=\"row-5 odd\">\n<td class=\"column-1\">Abril<\/td>\n<td class=\"column-2\">bajo petici\u00f3n<\/td>\n<td class=\"column-3\">Agosto<\/td>\n<td class=\"column-4\">bajo petici\u00f3n<\/td>\n<td class=\"column-5\">Diciembre<\/td>\n<td class=\"column-6\"><\/td>\n<\/tr>\n<tr class=\"row-6 even\">\n<td class=\"column-1\" colspan=\"6\">La escuela permanecer\u00e1 cerrada durante las fiestas nacionales: Epifan\u00eda (06\/01), Lunes de Pascua, D\u00eda de la Liberaci\u00f3n (25\/04), D\u00eda del Trabajo (01\/05), D\u00eda de la Republica (02\/06), Ferragosto (15\/08), Todos los Santos (01\/11), Inmaculada Concepci\u00f3n (8\/12), vacaciones de Navidad y A\u00f1o Nuevo.<\/td>\n<\/tr>\n<\/tbody>\n<\/table>\n<div class=\"aiosrs-rating-wrap\" data-schema-id=\"90691\">\n<div class=\"aiosrs-star-rating-wrap \"><\/div>\n<\/div>\n<div class=\"one_half\">\n<img decoding=\"async\" class=\"perfmatters-lazy entered pmloaded\" src=\"https:\/\/i.ytimg.com\/vi\/tn-ow8kmcPw\/hqdefault.jpg\" alt=\"YouTube video\" width=\"480\" height=\"360\" data-pin-nopin=\"true\" data-src=\"https:\/\/i.ytimg.com\/vi\/tn-ow8kmcPw\/hqdefault.jpg\" data-ll-status=\"loaded\" data- title=\"\"><\/p>\n<\/div>\n<div class=\"one_half et_column_last\"><\/div>\n<div class=\"clear\"><\/div>\n<p>&nbsp;<\/p>\n<div class=\"aiosrs-rating-wrap\" data-schema-id=\"90691\">\n<div class=\"aiosrs-rating-summary-wrap\"><\/div>\n<\/div>\n","protected":false},"excerpt":{"rendered":"<h2><strong>Aprende a hacer tu propio perfume personalizado <\/strong><\/h2>\n<p>&nbsp;<\/p>\n<p><strong>Crea tu propia fragancia con ingredientes y aromas naturales. \u00a1Huele miles de aromas y crea un perfume \u00fanico que nadie m\u00e1s tiene!<\/strong><\/p>\n<p>El curso profesional de elaboraci\u00f3n de perfumes est\u00e1 disponible para todos los niveles y a lo largo de todo el a\u00f1o.<\/p>\n<p>El programa b\u00e1sico incluye 40 horas en cuatro semanas, a elegir.<\/p>\n<p>Las lecciones se imparten por la tarde o por la ma\u00f1ana. Crear\u00e1s tu\u00a0<strong>esencia personalizada<\/strong>\u00a0con la ayuda de nuestro maestro perfumista.<\/p>\n<p>Las clases son individuales o en peque\u00f1os grupos. El curso se imparte en italiano o en ingl\u00e9s. Todos los materiales est\u00e1n incluidos en el coste del curso y al final se entregar\u00e1 un certificado de asistencia.<\/p>\n","protected":false},"featured_media":124065,"comment_status":"open","ping_status":"closed","template":"","meta":{"_acf_changed":false,"_uag_custom_page_level_css":"","_kad_blocks_custom_css":"","_kad_blocks_head_custom_js":"","_kad_blocks_body_custom_js":"","_kad_blocks_footer_custom_js":"","site-sidebar-layout":"default","site-content-layout":"default","ast-site-content-layout":"default","site-content-style":"default","site-sidebar-style":"default","ast-global-header-display":"","ast-banner-title-visibility":"","ast-main-header-display":"","ast-hfb-above-header-display":"","ast-hfb-below-header-display":"","ast-hfb-mobile-header-display":"","site-post-title":"","ast-breadcrumbs-content":"","ast-featured-img":"","footer-sml-layout":"","ast-disable-related-posts":"","theme-transparent-header-meta":"default","adv-header-id-meta":"","stick-header-meta":"default","header-above-stick-meta":"","header-main-stick-meta":"","header-below-stick-meta":"","astra-migrate-meta-layouts":"set","ast-page-background-enabled":"default","ast-page-background-meta":{"desktop":{"background-color":"var(--ast-global-color-4)","background-image":"","background-repeat":"repeat","background-position":"center center","background-size":"auto","background-attachment":"scroll","background-type":"","background-media":"","overlay-type":"","overlay-color":"","overlay-opacity":"","overlay-gradient":""},"tablet":{"background-color":"","background-image":"","background-repeat":"repeat","background-position":"center center","background-size":"auto","background-attachment":"scroll","background-type":"","background-media":"","overlay-type":"","overlay-color":"","overlay-opacity":"","overlay-gradient":""},"mobile":{"background-color":"","background-image":"","background-repeat":"repeat","background-position":"center center","background-size":"auto","background-attachment":"scroll","background-type":"","background-media":"","overlay-type":"","overlay-color":"","overlay-opacity":"","overlay-gradient":""}},"ast-content-background-meta":{"desktop":{"background-color":"var(--ast-global-color-5)","background-image":"","background-repeat":"repeat","background-position":"center center","background-size":"auto","background-attachment":"scroll","background-type":"","background-media":"","overlay-type":"","overlay-color":"","overlay-opacity":"","overlay-gradient":""},"tablet":{"background-color":"var(--ast-global-color-5)","background-image":"","background-repeat":"repeat","background-position":"center center","background-size":"auto","background-attachment":"scroll","background-type":"","background-media":"","overlay-type":"","overlay-color":"","overlay-opacity":"","overlay-gradient":""},"mobile":{"background-color":"var(--ast-global-color-5)","background-image":"","background-repeat":"repeat","background-position":"center center","background-size":"auto","background-attachment":"scroll","background-type":"","background-media":"","overlay-type":"","overlay-color":"","overlay-opacity":"","overlay-gradient":""}}},"section":[],"product_brand":[],"product_cat":[1332,1348,1272,1365],"product_tag":[1892],"class_list":{"0":"post-189287","1":"product","2":"type-product","3":"status-publish","4":"has-post-thumbnail","6":"product_cat-cursos-de-artesania","7":"product_cat-cursos-de-moda-y-diseno","8":"product_cat-cursos-en-florencia","9":"product_cat-perfumeria","10":"product_tag-fashion-es","11":"desktop-align-left","12":"tablet-align-left","13":"mobile-align-left","14":"ast-product-gallery-layout-horizontal-slider","15":"ast-product-gallery-with-no-image","16":"ast-product-single-variable","17":"ast-product-tabs-layout-horizontal","18":"ast-qv-on-image-click","20":"first","21":"instock","22":"sold-individually","23":"shipping-taxable","24":"purchasable","25":"product-type-variable"},"acf":[],"taxonomy_info":{"product_cat":[{"value":1332,"label":"Cursos de artesan\u00eda"},{"value":1348,"label":"Cursos de moda y dise\u00f1o"},{"value":1272,"label":"Cursos en Florencia"},{"value":1365,"label":"Perfumer\u00eda"}],"product_tag":[{"value":1892,"label":"Moda"}]},"featured_image_src_large":["https:\/\/www.studiainitalia.com\/wp-content\/uploads\/2018\/12\/XT103095.jpg",676,679,false],"author_info":[],"comment_info":1,"uagb_featured_image_src":{"full":["https:\/\/www.studiainitalia.com\/wp-content\/uploads\/2018\/12\/XT103095.jpg",676,679,false],"thumbnail":["https:\/\/www.studiainitalia.com\/wp-content\/uploads\/2018\/12\/XT103095-150x150.jpg",96,96,true],"medium":["https:\/\/www.studiainitalia.com\/wp-content\/uploads\/2018\/12\/XT103095-300x300.jpg",300,300,true],"medium_large":["https:\/\/www.studiainitalia.com\/wp-content\/uploads\/2018\/12\/XT103095.jpg",676,679,false],"large":["https:\/\/www.studiainitalia.com\/wp-content\/uploads\/2018\/12\/XT103095.jpg",676,679,false],"1536x1536":["https:\/\/www.studiainitalia.com\/wp-content\/uploads\/2018\/12\/XT103095.jpg",676,679,false],"2048x2048":["https:\/\/www.studiainitalia.com\/wp-content\/uploads\/2018\/12\/XT103095.jpg",676,679,false],"ultp_layout_landscape_large":["https:\/\/www.studiainitalia.com\/wp-content\/uploads\/2018\/12\/XT103095.jpg",676,679,false],"ultp_layout_landscape":["https:\/\/www.studiainitalia.com\/wp-content\/uploads\/2018\/12\/XT103095.jpg",567,570,false],"ultp_layout_portrait":["https:\/\/www.studiainitalia.com\/wp-content\/uploads\/2018\/12\/XT103095.jpg",600,603,false],"ultp_layout_square":["https:\/\/www.studiainitalia.com\/wp-content\/uploads\/2018\/12\/XT103095.jpg",597,600,false],"gform-image-choice-sm":["https:\/\/www.studiainitalia.com\/wp-content\/uploads\/2018\/12\/XT103095.jpg",300,300,false],"gform-image-choice-md":["https:\/\/www.studiainitalia.com\/wp-content\/uploads\/2018\/12\/XT103095.jpg",398,400,false],"gform-image-choice-lg":["https:\/\/www.studiainitalia.com\/wp-content\/uploads\/2018\/12\/XT103095.jpg",597,600,false],"woocommerce_thumbnail":["https:\/\/www.studiainitalia.com\/wp-content\/uploads\/2018\/12\/XT103095-300x300.jpg",300,300,true],"woocommerce_single":["https:\/\/www.studiainitalia.com\/wp-content\/uploads\/2018\/12\/XT103095-400x402.jpg",400,402,true],"woocommerce_gallery_thumbnail":["https:\/\/www.studiainitalia.com\/wp-content\/uploads\/2018\/12\/XT103095-100x100.jpg",100,100,true],"yarpp-thumbnail":["https:\/\/www.studiainitalia.com\/wp-content\/uploads\/2018\/12\/XT103095.jpg",120,120,false]},"uagb_author_info":{"display_name":"Javier Diaz","author_link":"https:\/\/www.studiainitalia.com\/es\/author\/"},"uagb_comment_info":1,"uagb_excerpt":"Aprende a hacer tu propio perfume personalizado &nbsp; Crea tu propia fragancia con ingredientes y aromas naturales. \u00a1Huele miles de aromas y crea un perfume \u00fanico que nadie m\u00e1s tiene! El curso profesional de elaboraci\u00f3n de perfumes est\u00e1 disponible para todos los niveles y a lo largo de todo el a\u00f1o. El programa b\u00e1sico incluye&hellip;","_links":{"self":[{"href":"https:\/\/www.studiainitalia.com\/es\/wp-json\/wp\/v2\/product\/189287","targetHints":{"allow":["GET"]}}],"collection":[{"href":"https:\/\/www.studiainitalia.com\/es\/wp-json\/wp\/v2\/product"}],"about":[{"href":"https:\/\/www.studiainitalia.com\/es\/wp-json\/wp\/v2\/types\/product"}],"replies":[{"embeddable":true,"href":"https:\/\/www.studiainitalia.com\/es\/wp-json\/wp\/v2\/comments?post=189287"}],"wp:featuredmedia":[{"embeddable":true,"href":"https:\/\/www.studiainitalia.com\/es\/wp-json\/wp\/v2\/media\/124065"}],"wp:attachment":[{"href":"https:\/\/www.studiainitalia.com\/es\/wp-json\/wp\/v2\/media?parent=189287"}],"wp:term":[{"taxonomy":"section","embeddable":true,"href":"https:\/\/www.studiainitalia.com\/es\/wp-json\/wp\/v2\/section?post=189287"},{"taxonomy":"product_brand","embeddable":true,"href":"https:\/\/www.studiainitalia.com\/es\/wp-json\/wp\/v2\/product_brand?post=189287"},{"taxonomy":"product_cat","embeddable":true,"href":"https:\/\/www.studiainitalia.com\/es\/wp-json\/wp\/v2\/product_cat?post=189287"},{"taxonomy":"product_tag","embeddable":true,"href":"https:\/\/www.studiainitalia.com\/es\/wp-json\/wp\/v2\/product_tag?post=189287"}],"curies":[{"name":"wp","href":"https:\/\/api.w.org\/{rel}","templated":true}]}}