{"id":189302,"date":"2019-01-26T12:05:55","date_gmt":"2019-01-26T11:05:55","guid":{"rendered":"https:\/\/www.studiainitalia.com\/courses\/sin%20categor\u00eda\/pelo-moda-corte-color-peluqueria\/"},"modified":"2026-04-12T18:41:34","modified_gmt":"2026-04-12T16:41:34","slug":"curso-de-moda-peluqueria-hair-fashion-corte-color-peinado-en-florencia","status":"publish","type":"product","link":"https:\/\/www.studiainitalia.com\/es\/cursos\/cursos-de-moda-y-diseno\/peluqueria\/curso-de-moda-peluqueria-hair-fashion-corte-color-peinado-en-florencia\/","title":{"rendered":"Hair fashion: corte, color y peinado"},"content":{"rendered":"<h3><strong>Hair fashion: color, corte y peluquer\u00eda<\/strong><\/h3>\n<p>&nbsp;<\/p>\n<p>Nuestro curso de peluquer\u00eda es impartido en una de las mejores escuelas de Italia. Fundada en 1981 por Maurizio Polverini, hoy Polverini Hair Academia est\u00e1 orgullosa de poseer la tecnolog\u00eda formativa m\u00e1s avanzada en el campo de la peluquer\u00eda. El\u00a0<em>programa de avance gradual<\/em>\u00a0es un m\u00e9todo de ense\u00f1anza exclusivo que nos permite seguir a cada estudiante individualmente.<\/p>\n<p>Esto garantiza resultados de alto nivel. Desde 2018, Polverini Hair Academia abre su nueva Master Academy en un prestigioso edificio ubicado a 15 minutos del centro de Florencia. Son 350m\u00b2 dedicados exclusivamente a la academia. Un entorno moderno y refinado, totalmente equipado para satisfacer las necesidades de cada estudiante.<\/p>\n<table id=\"tablepress-51\" class=\"tablepress tablepress-id-51\">\n<thead>\n<tr class=\"row-1 odd\">\n<th class=\"column-1\" colspan=\"6\">Fechas de Inicio<\/th>\n<\/tr>\n<\/thead>\n<tbody class=\"row-hover\">\n<tr class=\"row-2 even\">\n<td class=\"column-1\">Enero<\/td>\n<td class=\"column-2\">cada lunes<\/td>\n<td class=\"column-3\">Mayo<\/td>\n<td class=\"column-4\">cada lunes<\/td>\n<td class=\"column-5\">Septiembre<\/td>\n<td class=\"column-6\">cada lunes<\/td>\n<\/tr>\n<tr class=\"row-3 odd\">\n<td class=\"column-1\">Febrero<\/td>\n<td class=\"column-2\">cada lunes<\/td>\n<td class=\"column-3\">Junio<\/td>\n<td class=\"column-4\">cada lunes<\/td>\n<td class=\"column-5\">Octobre<\/td>\n<td class=\"column-6\">cada lunes<\/td>\n<\/tr>\n<tr class=\"row-4 even\">\n<td class=\"column-1\">Marzo<\/td>\n<td class=\"column-2\">cada lunes<\/td>\n<td class=\"column-3\">Julio<\/td>\n<td class=\"column-4\">cada lunes<\/td>\n<td class=\"column-5\">Noviembre<\/td>\n<td class=\"column-6\">cada lunes<\/td>\n<\/tr>\n<tr class=\"row-5 odd\">\n<td class=\"column-1\">Abril<\/td>\n<td class=\"column-2\">cada lunes<\/td>\n<td class=\"column-3\">Agosto<\/td>\n<td class=\"column-4\">cada lunes<\/td>\n<td class=\"column-5\">Diciembre<\/td>\n<td class=\"column-6\">cada lunes<\/td>\n<\/tr>\n<tr class=\"row-6 even\">\n<td class=\"column-1\" colspan=\"6\">La escuela permanecer\u00e1 cerrada durante las fiestas nacionales: Epifan\u00eda (06\/01), Lunes de Pascua, D\u00eda de la Liberaci\u00f3n (25\/04), D\u00eda del Trabajo (01\/05), D\u00eda de la Republica (02\/06), Ferragosto (15\/08), Todos los Santos (01\/11), Inmaculada Concepci\u00f3n (8\/12), vacaciones de Navidad y A\u00f1o Nuevo.<\/td>\n<\/tr>\n<\/tbody>\n<\/table>\n<div class=\"aiosrs-rating-wrap\" data-schema-id=\"90691\">\n<div class=\"aiosrs-star-rating-wrap \"><\/div>\n<div class=\"aiosrs-rating-summary-wrap\"><\/div>\n<\/div>\n<p>&nbsp;<\/p>\n<p>&nbsp;<\/p>\n<p>&nbsp;<\/p>\n<div class=\"one_half et_column_last\"><\/div>\n<div class=\"clear\"><\/div>\n<div class=\"one_half\">\n<div class=\"perfmatters-lazy-youtube\" data-src=\"https:\/\/www.youtube.com\/embed\/nIo23vxr7AE\" data-id=\"nIo23vxr7AE\" data-query=\"\">\n<div>\n<p><img decoding=\"async\" class=\"perfmatters-lazy entered pmloaded\" src=\"https:\/\/i.ytimg.com\/vi\/nIo23vxr7AE\/hqdefault.jpg\" alt=\"YouTube video\" width=\"480\" height=\"360\" data-pin-nopin=\"true\" data-src=\"https:\/\/i.ytimg.com\/vi\/nIo23vxr7AE\/hqdefault.jpg\" data-ll-status=\"loaded\" data- title=\"\"><\/p>\n<div class=\"play\"><\/div>\n<\/div>\n<\/div>\n<\/div>\n<div class=\"one_half et_column_last\"><\/div>\n<div class=\"clear\"><\/div>\n<div class=\"aiosrs-rating-wrap\" data-schema-id=\"90691\">\n<div class=\"aiosrs-star-rating-wrap \"><\/div>\n<div class=\"aiosrs-rating-summary-wrap\"><\/div>\n<\/div>\n","protected":false},"excerpt":{"rendered":"<div class=\"woocommerce-product-details__short-description\">\n<h2><strong>Peluquer\u00eda en Italia<\/strong><\/h2>\n<p>&nbsp;<\/p>\n<p><strong>Este es un curso para peluqueros profesionales o directores de salones de peluquer\u00eda que desean descubrir todas las nuevas tendencias y t\u00e9cnicas de la moda italiana del cabello.<\/strong><\/p>\n<p>Una inmersi\u00f3n total en el mundo del corte, el color y el peinado.<\/p>\n<p>Durante el curso, podr\u00e1s conocer y utilizar la mundialmente famosa t\u00e9cnica\u00a0<em>\u201cTecnica Scultura\u201d<\/em>\u00a0(T\u00e9cnica de escultura),\u00a0<strong>la \u00fanica t\u00e9cnica de corte de cabello italiana codificada y patentada.<\/strong><\/p>\n<p>El curso est\u00e1 dise\u00f1ado para incluir una serie de talleres sobre cortes de moda, nuevas t\u00e9cnicas para te\u00f1ir el cabello. Tambi\u00e9n sobre moda y peinado de novia.<\/p>\n<p>Una visi\u00f3n completa de la moda italiana contempor\u00e1nea para enriquecer el conocimiento de la peluquer\u00eda. T\u00e9cnicas simples pero innovadoras para realizar de inmediato en tu propio sal\u00f3n.<\/p>\n<\/div>\n<form class=\"variations_form cart\" style=\"box-sizing: border-box; margin: 24px 0px 39px; padding: 20px; border: 2px solid #eeeeee; outline: 0px; font-size: 14px; text-size-adjust: 100%; vertical-align: baseline; background: #ffffff; color: #444444; font-family: 'Open Sans', Arial, sans-serif; font-style: normal; font-variant-ligatures: normal; font-variant-caps: normal; font-weight: 500; letter-spacing: normal; orphans: 2; text-align: left; text-indent: 0px; text-transform: none; widows: 2; word-spacing: 0px; -webkit-text-stroke-width: 0px; white-space: normal; text-decoration-thickness: initial; text-decoration-style: initial; text-decoration-color: initial;\" action=\"https:\/\/www.studiainitalia.com\/es\/cursos\/cursos-de-moda-y-diseno\/peluqueria\/curso-de-moda-peluqueria-hair-fashion-corte-color-peinado-en-florencia\/\" enctype=\"multipart\/form-data\" method=\"post\" data-product_id=\"76750\" data-product_variations=\"[{&quot;attributes&quot;:{&quot;attribute_number-of-hours&quot;:&quot;140 horas (solo curso)&quot;},&quot;availability_html&quot;:&quot;&quot;,&quot;backorders_allowed&quot;:false,&quot;dimensions&quot;:{&quot;length&quot;:&quot;&quot;,&quot;width&quot;:&quot;&quot;,&quot;height&quot;:&quot;&quot;},&quot;dimensions_html&quot;:&quot;N\/A&quot;,&quot;display_price&quot;:2900,&quot;display_regular_price&quot;:2900,&quot;image&quot;:{&quot;title&quot;:&quot;Hair_Fashion_Corte_Color_y_peinado&quot;,&quot;caption&quot;:&quot;&quot;,&quot;url&quot;:&quot;https:\/\/www.studiainitalia.com\/wp-content\/uploads\/2019\/01\/Hair_Fashion_Cut_colour__hairstyling.jpg&quot;,&quot;alt&quot;:&quot;peluqueru00eda en Italia_Corte_color_y_peinado&quot;,&quot;src&quot;:&quot;https:\/\/www.studiainitalia.com\/wp-content\/uploads\/2019\/01\/Hair_Fashion_Cut_colour__hairstyling-400x400.jpg&quot;,&quot;srcset&quot;:&quot;https:\/\/www.studiainitalia.com\/wp-content\/uploads\/2019\/01\/Hair_Fashion_Cut_colour__hairstyling-400x400.jpg 400w, https:\/\/www.studiainitalia.com\/wp-content\/uploads\/2019\/01\/Hair_Fashion_Cut_colour__hairstyling-150x150.jpg 150w, https:\/\/www.studiainitalia.com\/wp-content\/uploads\/2019\/01\/Hair_Fashion_Cut_colour__hairstyling-300x300.jpg 300w, https:\/\/www.studiainitalia.com\/wp-content\/uploads\/2019\/01\/Hair_Fashion_Cut_colour__hairstyling-100x100.jpg 100w, https:\/\/www.studiainitalia.com\/wp-content\/uploads\/2019\/01\/Hair_Fashion_Cut_colour__hairstyling.jpg 460w&quot;,&quot;sizes&quot;:&quot;(max-width: 400px) 100vw, 400px&quot;,&quot;full_src&quot;:&quot;https:\/\/www.studiainitalia.com\/wp-content\/uploads\/2019\/01\/Hair_Fashion_Cut_colour__hairstyling.jpg&quot;,&quot;full_src_w&quot;:460,&quot;full_src_h&quot;:460,&quot;gallery_thumbnail_src&quot;:&quot;https:\/\/www.studiainitalia.com\/wp-content\/uploads\/2019\/01\/Hair_Fashion_Cut_colour__hairstyling-100x100.jpg&quot;,&quot;gallery_thumbnail_src_w&quot;:100,&quot;gallery_thumbnail_src_h&quot;:100,&quot;thumb_src&quot;:&quot;https:\/\/www.studiainitalia.com\/wp-content\/uploads\/2019\/01\/Hair_Fashion_Cut_colour__hairstyling-300x300.jpg&quot;,&quot;thumb_src_w&quot;:300,&quot;thumb_src_h&quot;:300,&quot;src_w&quot;:400,&quot;src_h&quot;:400},&quot;image_id&quot;:76758,&quot;is_downloadable&quot;:false,&quot;is_in_stock&quot;:true,&quot;is_purchasable&quot;:true,&quot;is_sold_individually&quot;:&quot;yes&quot;,&quot;is_virtual&quot;:false,&quot;max_qty&quot;:1,&quot;min_qty&quot;:1,&quot;price_html&quot;:&quot;&lt;span class=&quot;price&quot;&gt;&lt;span class=&quot;woocommerce-Price-amount amount&quot;&gt;&lt;bdi&gt;2.900&lt;span class=&quot;woocommerce-Price-currencySymbol&quot;&gt;&amp;euro;&lt;\/span&gt;&lt;\/bdi&gt;&lt;\/span&gt;&lt;\/span&gt;&quot;,&quot;sku&quot;:&quot;&quot;,&quot;variation_description&quot;:&quot;&quot;,&quot;variation_id&quot;:76754,&quot;variation_is_active&quot;:true,&quot;variation_is_visible&quot;:true,&quot;weight&quot;:&quot;&quot;,&quot;weight_html&quot;:&quot;N\/A&quot;},{&quot;attributes&quot;:{&quot;attribute_number-of-hours&quot;:&quot;80 horas (solo curso)&quot;},&quot;availability_html&quot;:&quot;&quot;,&quot;backorders_allowed&quot;:false,&quot;dimensions&quot;:{&quot;length&quot;:&quot;&quot;,&quot;width&quot;:&quot;&quot;,&quot;height&quot;:&quot;&quot;},&quot;dimensions_html&quot;:&quot;N\/A&quot;,&quot;display_price&quot;:1500,&quot;display_regular_price&quot;:1500,&quot;image&quot;:{&quot;title&quot;:&quot;Hair_Fashion_Corte_Color_y_peinado&quot;,&quot;caption&quot;:&quot;&quot;,&quot;url&quot;:&quot;https:\/\/www.studiainitalia.com\/wp-content\/uploads\/2019\/01\/Hair_Fashion_Cut_colour__hairstyling.jpg&quot;,&quot;alt&quot;:&quot;peluqueru00eda en Italia_Corte_color_y_peinado&quot;,&quot;src&quot;:&quot;https:\/\/www.studiainitalia.com\/wp-content\/uploads\/2019\/01\/Hair_Fashion_Cut_colour__hairstyling-400x400.jpg&quot;,&quot;srcset&quot;:&quot;https:\/\/www.studiainitalia.com\/wp-content\/uploads\/2019\/01\/Hair_Fashion_Cut_colour__hairstyling-400x400.jpg 400w, https:\/\/www.studiainitalia.com\/wp-content\/uploads\/2019\/01\/Hair_Fashion_Cut_colour__hairstyling-150x150.jpg 150w, https:\/\/www.studiainitalia.com\/wp-content\/uploads\/2019\/01\/Hair_Fashion_Cut_colour__hairstyling-300x300.jpg 300w, https:\/\/www.studiainitalia.com\/wp-content\/uploads\/2019\/01\/Hair_Fashion_Cut_colour__hairstyling-100x100.jpg 100w, https:\/\/www.studiainitalia.com\/wp-content\/uploads\/2019\/01\/Hair_Fashion_Cut_colour__hairstyling.jpg 460w&quot;,&quot;sizes&quot;:&quot;(max-width: 400px) 100vw, 400px&quot;,&quot;full_src&quot;:&quot;https:\/\/www.studiainitalia.com\/wp-content\/uploads\/2019\/01\/Hair_Fashion_Cut_colour__hairstyling.jpg&quot;,&quot;full_src_w&quot;:460,&quot;full_src_h&quot;:460,&quot;gallery_thumbnail_src&quot;:&quot;https:\/\/www.studiainitalia.com\/wp-content\/uploads\/2019\/01\/Hair_Fashion_Cut_colour__hairstyling-100x100.jpg&quot;,&quot;gallery_thumbnail_src_w&quot;:100,&quot;gallery_thumbnail_src_h&quot;:100,&quot;thumb_src&quot;:&quot;https:\/\/www.studiainitalia.com\/wp-content\/uploads\/2019\/01\/Hair_Fashion_Cut_colour__hairstyling-300x300.jpg&quot;,&quot;thumb_src_w&quot;:300,&quot;thumb_src_h&quot;:300,&quot;src_w&quot;:400,&quot;src_h&quot;:400},&quot;image_id&quot;:76758,&quot;is_downloadable&quot;:false,&quot;is_in_stock&quot;:true,&quot;is_purchasable&quot;:true,&quot;is_sold_individually&quot;:&quot;yes&quot;,&quot;is_virtual&quot;:false,&quot;max_qty&quot;:1,&quot;min_qty&quot;:1,&quot;price_html&quot;:&quot;&lt;span class=&quot;price&quot;&gt;&lt;span class=&quot;woocommerce-Price-amount amount&quot;&gt;&lt;bdi&gt;1.500&lt;span class=&quot;woocommerce-Price-currencySymbol&quot;&gt;&amp;euro;&lt;\/span&gt;&lt;\/bdi&gt;&lt;\/span&gt;&lt;\/span&gt;&quot;,&quot;sku&quot;:&quot;&quot;,&quot;variation_description&quot;:&quot;&quot;,&quot;variation_id&quot;:76762,&quot;variation_is_active&quot;:true,&quot;variation_is_visible&quot;:true,&quot;weight&quot;:&quot;&quot;,&quot;weight_html&quot;:&quot;N\/A&quot;}]\"><\/form>\n","protected":false},"featured_media":124161,"comment_status":"open","ping_status":"closed","template":"","meta":{"_acf_changed":false,"_uag_custom_page_level_css":"","_kad_blocks_custom_css":"","_kad_blocks_head_custom_js":"","_kad_blocks_body_custom_js":"","_kad_blocks_footer_custom_js":"","site-sidebar-layout":"default","site-content-layout":"default","ast-site-content-layout":"default","site-content-style":"default","site-sidebar-style":"default","ast-global-header-display":"","ast-banner-title-visibility":"","ast-main-header-display":"","ast-hfb-above-header-display":"","ast-hfb-below-header-display":"","ast-hfb-mobile-header-display":"","site-post-title":"","ast-breadcrumbs-content":"","ast-featured-img":"","footer-sml-layout":"","ast-disable-related-posts":"","theme-transparent-header-meta":"default","adv-header-id-meta":"","stick-header-meta":"default","header-above-stick-meta":"","header-main-stick-meta":"","header-below-stick-meta":"","astra-migrate-meta-layouts":"set","ast-page-background-enabled":"default","ast-page-background-meta":{"desktop":{"background-color":"var(--ast-global-color-4)","background-image":"","background-repeat":"repeat","background-position":"center center","background-size":"auto","background-attachment":"scroll","background-type":"","background-media":"","overlay-type":"","overlay-color":"","overlay-opacity":"","overlay-gradient":""},"tablet":{"background-color":"","background-image":"","background-repeat":"repeat","background-position":"center center","background-size":"auto","background-attachment":"scroll","background-type":"","background-media":"","overlay-type":"","overlay-color":"","overlay-opacity":"","overlay-gradient":""},"mobile":{"background-color":"","background-image":"","background-repeat":"repeat","background-position":"center center","background-size":"auto","background-attachment":"scroll","background-type":"","background-media":"","overlay-type":"","overlay-color":"","overlay-opacity":"","overlay-gradient":""}},"ast-content-background-meta":{"desktop":{"background-color":"var(--ast-global-color-5)","background-image":"","background-repeat":"repeat","background-position":"center center","background-size":"auto","background-attachment":"scroll","background-type":"","background-media":"","overlay-type":"","overlay-color":"","overlay-opacity":"","overlay-gradient":""},"tablet":{"background-color":"var(--ast-global-color-5)","background-image":"","background-repeat":"repeat","background-position":"center center","background-size":"auto","background-attachment":"scroll","background-type":"","background-media":"","overlay-type":"","overlay-color":"","overlay-opacity":"","overlay-gradient":""},"mobile":{"background-color":"var(--ast-global-color-5)","background-image":"","background-repeat":"repeat","background-position":"center center","background-size":"auto","background-attachment":"scroll","background-type":"","background-media":"","overlay-type":"","overlay-color":"","overlay-opacity":"","overlay-gradient":""}}},"section":[],"product_brand":[],"product_cat":[1348,1272,1367],"product_tag":[1892],"class_list":{"0":"post-189302","1":"product","2":"type-product","3":"status-publish","4":"has-post-thumbnail","6":"product_cat-cursos-de-moda-y-diseno","7":"product_cat-cursos-en-florencia","8":"product_cat-peluqueria","9":"product_tag-fashion-es","10":"desktop-align-left","11":"tablet-align-left","12":"mobile-align-left","13":"ast-product-gallery-layout-horizontal-slider","14":"ast-product-gallery-with-no-image","15":"ast-product-single-variable","16":"ast-product-tabs-layout-horizontal","17":"ast-qv-on-image-click","19":"first","20":"instock","21":"sold-individually","22":"shipping-taxable","23":"purchasable","24":"product-type-variable"},"acf":[],"taxonomy_info":{"product_cat":[{"value":1348,"label":"Cursos de moda y dise\u00f1o"},{"value":1272,"label":"Cursos en Florencia"},{"value":1367,"label":"Peluquer\u00eda"}],"product_tag":[{"value":1892,"label":"Moda"}]},"featured_image_src_large":["https:\/\/www.studiainitalia.com\/wp-content\/uploads\/2019\/01\/Hair_Fashion_Cut_colour__hairstyling.jpg",460,460,false],"author_info":[],"comment_info":1,"uagb_featured_image_src":{"full":["https:\/\/www.studiainitalia.com\/wp-content\/uploads\/2019\/01\/Hair_Fashion_Cut_colour__hairstyling.jpg",460,460,false],"thumbnail":["https:\/\/www.studiainitalia.com\/wp-content\/uploads\/2019\/01\/Hair_Fashion_Cut_colour__hairstyling-150x150.jpg",96,96,true],"medium":["https:\/\/www.studiainitalia.com\/wp-content\/uploads\/2019\/01\/Hair_Fashion_Cut_colour__hairstyling-300x300.jpg",300,300,true],"medium_large":["https:\/\/www.studiainitalia.com\/wp-content\/uploads\/2019\/01\/Hair_Fashion_Cut_colour__hairstyling.jpg",460,460,false],"large":["https:\/\/www.studiainitalia.com\/wp-content\/uploads\/2019\/01\/Hair_Fashion_Cut_colour__hairstyling.jpg",460,460,false],"1536x1536":["https:\/\/www.studiainitalia.com\/wp-content\/uploads\/2019\/01\/Hair_Fashion_Cut_colour__hairstyling.jpg",460,460,false],"2048x2048":["https:\/\/www.studiainitalia.com\/wp-content\/uploads\/2019\/01\/Hair_Fashion_Cut_colour__hairstyling.jpg",460,460,false],"ultp_layout_landscape_large":["https:\/\/www.studiainitalia.com\/wp-content\/uploads\/2019\/01\/Hair_Fashion_Cut_colour__hairstyling.jpg",460,460,false],"ultp_layout_landscape":["https:\/\/www.studiainitalia.com\/wp-content\/uploads\/2019\/01\/Hair_Fashion_Cut_colour__hairstyling.jpg",460,460,false],"ultp_layout_portrait":["https:\/\/www.studiainitalia.com\/wp-content\/uploads\/2019\/01\/Hair_Fashion_Cut_colour__hairstyling.jpg",460,460,false],"ultp_layout_square":["https:\/\/www.studiainitalia.com\/wp-content\/uploads\/2019\/01\/Hair_Fashion_Cut_colour__hairstyling.jpg",460,460,false],"gform-image-choice-sm":["https:\/\/www.studiainitalia.com\/wp-content\/uploads\/2019\/01\/Hair_Fashion_Cut_colour__hairstyling.jpg",300,300,false],"gform-image-choice-md":["https:\/\/www.studiainitalia.com\/wp-content\/uploads\/2019\/01\/Hair_Fashion_Cut_colour__hairstyling.jpg",400,400,false],"gform-image-choice-lg":["https:\/\/www.studiainitalia.com\/wp-content\/uploads\/2019\/01\/Hair_Fashion_Cut_colour__hairstyling.jpg",460,460,false],"woocommerce_thumbnail":["https:\/\/www.studiainitalia.com\/wp-content\/uploads\/2019\/01\/Hair_Fashion_Cut_colour__hairstyling-300x300.jpg",300,300,true],"woocommerce_single":["https:\/\/www.studiainitalia.com\/wp-content\/uploads\/2019\/01\/Hair_Fashion_Cut_colour__hairstyling-400x400.jpg",400,400,true],"woocommerce_gallery_thumbnail":["https:\/\/www.studiainitalia.com\/wp-content\/uploads\/2019\/01\/Hair_Fashion_Cut_colour__hairstyling-100x100.jpg",100,100,true],"yarpp-thumbnail":["https:\/\/www.studiainitalia.com\/wp-content\/uploads\/2019\/01\/Hair_Fashion_Cut_colour__hairstyling.jpg",120,120,false]},"uagb_author_info":{"display_name":"Javier Diaz","author_link":"https:\/\/www.studiainitalia.com\/es\/author\/"},"uagb_comment_info":1,"uagb_excerpt":"Peluquer\u00eda en Italia &nbsp; Este es un curso para peluqueros profesionales o directores de salones de peluquer\u00eda que desean descubrir todas las nuevas tendencias y t\u00e9cnicas de la moda italiana del cabello. Una inmersi\u00f3n total en el mundo del corte, el color y el peinado. Durante el curso, podr\u00e1s conocer y utilizar la mundialmente famosa&hellip;","_links":{"self":[{"href":"https:\/\/www.studiainitalia.com\/es\/wp-json\/wp\/v2\/product\/189302","targetHints":{"allow":["GET"]}}],"collection":[{"href":"https:\/\/www.studiainitalia.com\/es\/wp-json\/wp\/v2\/product"}],"about":[{"href":"https:\/\/www.studiainitalia.com\/es\/wp-json\/wp\/v2\/types\/product"}],"replies":[{"embeddable":true,"href":"https:\/\/www.studiainitalia.com\/es\/wp-json\/wp\/v2\/comments?post=189302"}],"wp:featuredmedia":[{"embeddable":true,"href":"https:\/\/www.studiainitalia.com\/es\/wp-json\/wp\/v2\/media\/124161"}],"wp:attachment":[{"href":"https:\/\/www.studiainitalia.com\/es\/wp-json\/wp\/v2\/media?parent=189302"}],"wp:term":[{"taxonomy":"section","embeddable":true,"href":"https:\/\/www.studiainitalia.com\/es\/wp-json\/wp\/v2\/section?post=189302"},{"taxonomy":"product_brand","embeddable":true,"href":"https:\/\/www.studiainitalia.com\/es\/wp-json\/wp\/v2\/product_brand?post=189302"},{"taxonomy":"product_cat","embeddable":true,"href":"https:\/\/www.studiainitalia.com\/es\/wp-json\/wp\/v2\/product_cat?post=189302"},{"taxonomy":"product_tag","embeddable":true,"href":"https:\/\/www.studiainitalia.com\/es\/wp-json\/wp\/v2\/product_tag?post=189302"}],"curies":[{"name":"wp","href":"https:\/\/api.w.org\/{rel}","templated":true}]}}