{"id":189309,"date":"2020-09-15T14:31:20","date_gmt":"2020-09-15T12:31:20","guid":{"rendered":"https:\/\/www.studiainitalia.com\/courses\/sin%20categor\u00eda\/italiano-en-florencia-adultos\/"},"modified":"2026-02-25T16:38:28","modified_gmt":"2026-02-25T15:38:28","slug":"curso-de-italiano-seniors-en-florencia","status":"publish","type":"product","link":"https:\/\/www.studiainitalia.com\/es\/cursos\/cursos-en-florencia\/curso-de-italiano-seniors-en-florencia\/","title":{"rendered":"Curso de Italiano 50+ en Florencia"},"content":{"rendered":"<h2>Curso de Italiano 50+ en Florencia<\/h2>\n<p>&nbsp;<\/p>\n<p>Nuestro curso de italiano para seniors est\u00e1 organizado por nuestra escuela de Italiano en Florencia, Centro Machiavelli<strong>.\u00a0<\/strong>La escuela fue fundada en 1978 y se encuentra situada en el casco hist\u00f3rico de la ciudad de Florencia en un edificio hist\u00f3rico, muy cerca del Ponte Vecchio y de la Piazza Santo Spirito.<\/p>\n<p>La Escuela est\u00e1 reconocida por el Ministerio de Educaci\u00f3n italiano.<\/p>\n<p>Se caracteriza por el cuidado y la atenci\u00f3n con que el personal trata a cada uno de los estudiantes.<\/p>\n<p>Este curso intensivo incluye cuatro lecciones diarias m\u00e1s un programa complementario de tres actividades semanales, entre las que se incluyen visitas guiadas a los museos y iglesias m\u00e1s emblem\u00e1ticos de Florencia.<\/p>\n<p>Por ejemplo:<\/p>\n<p>Un recorrido por Florencia para descubrir los monumentos m\u00e1s famosos de la ciudad.<\/p>\n<p>Un paseo hasta la Piazzale Michelangelo y una visita a la iglesia de San Miniato al Monte.<\/p>\n<p>Visita a la Galer\u00eda Uffizi o a la Galer\u00eda de la Academia de Florencia (en temporada baja).<\/p>\n<p>Un paseo por el barrio de Oltrarno.<\/p>\n<p>Una visita a la iglesia de Santa Croce.<\/p>\n<p>Una visita a la Capilla Medici en San Lorenzo.<\/p>\n<p>Una visita a un taller artesanal.<\/p>\n<p>Un paseo por el centro hist\u00f3rico para descubrir los secretos y leyendas de Florencia.<\/p>\n<p>Un seminario sobre historia o cultura italiana.<\/p>\n<p>Tarde o noche con una clase de cocina y cena juntos.<\/p>\n<p>Excursiones a Siena, Pisa, Lucca, Arezzo u otras ciudades de la Toscana.<\/p>\n<p>Los estudiantes tambi\u00e9n explorar\u00e1n la historia de la ciudad a trav\u00e9s de itinerarios tem\u00e1ticos especializados.<\/p>\n<p>Los gastos de transporte y las entradas no est\u00e1n incluidos.<\/p>\n<p>La escuela organiza actividades sociales que tienen lugar por la tarde y que pueden a\u00f1adirse a las actividades para personas mayores.<\/p>\n<p>El s\u00e1bado en cambio es el d\u00eda dedicado a las excursiones a ciudades como Pisa, Lucca, Siena, Arezzo u otras ciudades de la Toscana.<\/p>\n<p>Al final del curso recibir\u00e1s un certificado de participaci\u00f3n con indicaci\u00f3n del nivel realizado.<\/p>\n<h2><strong>Fechas de inicio y detalles del curso\u00a0<\/strong><\/h2>\n<p>&nbsp;<\/p>\n<ul>\n<li><strong>Duraci\u00f3n de las clases<\/strong>: 45 minutos<\/li>\n<li><strong>Tama\u00f1o medio de clase<\/strong>: 9 estudiantes<\/li>\n<li><strong>Tama\u00f1o m\u00e1ximo<\/strong>: 12 estudiantes<\/li>\n<li><strong>Horario<\/strong>: Ma\u00f1ana o tarde, seg\u00fan el nivel asignado<\/li>\n<li><strong>Material del curso<\/strong>: Incluido<\/li>\n<li><strong>Prueba de nivel y certificado final<\/strong>: Incluidos<\/li>\n<li><strong>Ubicaci\u00f3n<\/strong>: Via dei Bardi 28<\/li>\n<li><strong>Otros servicios<\/strong>: acceso a Internet,\u00a0 actividades sociales, y traslado desde el aeropuerto disponible<\/li>\n<\/ul>\n\n<table id=\"tablepress-47\" class=\"tablepress tablepress-id-47 tbody-has-connected-cells\">\n<thead>\n<tr class=\"row-1\">\n\t<th colspan=\"6\" class=\"column-1\">Fechas de Inicio 2026<\/th>\n<\/tr>\n<\/thead>\n<tbody class=\"row-striping row-hover\">\n<tr class=\"row-2\">\n\t<td class=\"column-1\">Enero<\/td><td class=\"column-2\">5, 19<\/td><td class=\"column-3\">Mayo<\/td><td class=\"column-4\">11, 25<\/td><td class=\"column-5\">Septiembre<\/td><td class=\"column-6\">14, 28<\/td>\n<\/tr>\n<tr class=\"row-3\">\n\t<td class=\"column-1\">Febrero<\/td><td class=\"column-2\">2, 16<\/td><td class=\"column-3\">Junio<\/td><td class=\"column-4\">8, 22<\/td><td class=\"column-5\">Octubre<\/td><td class=\"column-6\">12, 26<\/td>\n<\/tr>\n<tr class=\"row-4\">\n\t<td class=\"column-1\">Marzo<\/td><td class=\"column-2\">2, 16, 30<\/td><td class=\"column-3\">Julio<\/td><td class=\"column-4\">6, 20<\/td><td class=\"column-5\">Noviembre<\/td><td class=\"column-6\">9, 23<\/td>\n<\/tr>\n<tr class=\"row-5\">\n\t<td class=\"column-1\">Abril<\/td><td class=\"column-2\">13, 27<\/td><td class=\"column-3\">Agosto<\/td><td class=\"column-4\">3, 17, 31<\/td><td class=\"column-5\">Diciembre<\/td><td class=\"column-6\">7<\/td>\n<\/tr>\n<tr class=\"row-6\">\n\t<td colspan=\"6\" class=\"column-1\">La escuela permanecer\u00e0 cerrada durante las fiestas nacionales: Epifan\u00eda (06\/01), Lunes de Pascua, D\u00eda de la Liberaci\u00f3n (25\/04), D\u00eda del Trabajo (01\/05), D\u00eda de la Republica (02\/06), 24\/06, Ferragosto (15\/08), Todos los Santos (01\/11), Inmaculada Concepci\u00f3n (8\/12), vacaciones de Navidad y A\u00f1o Nuevo.<\/td>\n<\/tr>\n<\/tbody>\n<\/table>\n<!-- #tablepress-47 from cache -->\n<p>&nbsp;<\/p>\n<p>&nbsp;<\/p>\n<div class=\"aiosrs-rating-wrap\" data-schema-id=\"90691\">\n<div class=\"aiosrs-star-rating-wrap \"><\/div>\n<div class=\"aiosrs-rating-summary-wrap\"><\/div>\n<\/div>\n","protected":false},"excerpt":{"rendered":"<div class=\"woocommerce-product-details__short-description\">\n<h2>Cursos de italiano para seniors en Florencia. <strong>\u00a1Conoce la Toscana y aprende italiano!<\/strong><\/h2>\n<p>&nbsp;<\/p>\n<ul>\n<li>Este curso de italiano en Florencia para mayores de 50 a\u00f1os combina el estudio de la lengua italiana, en grupos de m\u00e1ximo 8 personas, con tres actividades culturales semanales y excursiones los fines de semana.<\/li>\n<\/ul>\n<ul>\n<li>El curso de italiano en Florencia se realiza durante todo el a\u00f1o con una duraci\u00f3n de una o dos semanas.<\/li>\n<\/ul>\n<ul>\n<li>Es un curso ideal para aprender italiano y estar en compa\u00f1\u00eda de personas de todo el mundo que tienen el mismo inter\u00e9s hacia Italia.<\/li>\n<\/ul>\n<p><strong>Compartir las mismas aficiones te ayudar\u00e1 a aprender la lengua de una forma amena y tambi\u00e9n muy r\u00e1pida.<\/strong><\/p>\n<\/div>\n<form class=\"variations_form cart\" style=\"box-sizing: border-box; margin: 24px 0px 39px; padding: 20px; border: 2px solid #eeeeee; outline: 0px; font-size: 14px; text-size-adjust: 100%; vertical-align: baseline; background: #ffffff; color: #444444; font-family: 'Open Sans', Arial, sans-serif; font-style: normal; font-variant-ligatures: normal; font-variant-caps: normal; font-weight: 500; letter-spacing: normal; orphans: 2; text-align: left; text-indent: 0px; text-transform: none; widows: 2; word-spacing: 0px; -webkit-text-stroke-width: 0px; white-space: normal; text-decoration-thickness: initial; text-decoration-style: initial; text-decoration-color: initial;\" action=\"https:\/\/www.studiainitalia.com\/es\/cursos\/cursos-em-florenca\/curso-de-italiano-seniors-en-florencia\/\" enctype=\"multipart\/form-data\" method=\"post\" data-product_id=\"85075\" data-product_variations=\"[{&quot;attributes&quot;:{&quot;attribute_number-of-weeks&quot;:&quot;1 semana&quot;},&quot;availability_html&quot;:&quot;&quot;,&quot;backorders_allowed&quot;:false,&quot;dimensions&quot;:{&quot;length&quot;:&quot;&quot;,&quot;width&quot;:&quot;&quot;,&quot;height&quot;:&quot;&quot;},&quot;dimensions_html&quot;:&quot;N\/A&quot;,&quot;display_price&quot;:400,&quot;display_regular_price&quot;:400,&quot;image&quot;:{&quot;title&quot;:&quot;Florencia_1&quot;,&quot;caption&quot;:&quot;&quot;,&quot;url&quot;:&quot;https:\/\/www.studiainitalia.com\/wp-content\/uploads\/2020\/09\/Florencia_1.jpg&quot;,&quot;alt&quot;:&quot;curso de italiano 50+ en Florencia&quot;,&quot;src&quot;:&quot;https:\/\/www.studiainitalia.com\/wp-content\/uploads\/2020\/09\/Florencia_1.jpg&quot;,&quot;srcset&quot;:&quot;https:\/\/www.studiainitalia.com\/wp-content\/uploads\/2020\/09\/Florencia_1.jpg 350w, https:\/\/www.studiainitalia.com\/wp-content\/uploads\/2020\/09\/Florencia_1-300x300.jpg 300w, https:\/\/www.studiainitalia.com\/wp-content\/uploads\/2020\/09\/Florencia_1-100x100.jpg 100w, https:\/\/www.studiainitalia.com\/wp-content\/uploads\/2020\/09\/Florencia_1-120x120.jpg 120w&quot;,&quot;sizes&quot;:&quot;(max-width: 350px) 100vw, 350px&quot;,&quot;full_src&quot;:&quot;https:\/\/www.studiainitalia.com\/wp-content\/uploads\/2020\/09\/Florencia_1.jpg&quot;,&quot;full_src_w&quot;:350,&quot;full_src_h&quot;:350,&quot;gallery_thumbnail_src&quot;:&quot;https:\/\/www.studiainitalia.com\/wp-content\/uploads\/2020\/09\/Florencia_1-100x100.jpg&quot;,&quot;gallery_thumbnail_src_w&quot;:100,&quot;gallery_thumbnail_src_h&quot;:100,&quot;thumb_src&quot;:&quot;https:\/\/www.studiainitalia.com\/wp-content\/uploads\/2020\/09\/Florencia_1-300x300.jpg&quot;,&quot;thumb_src_w&quot;:300,&quot;thumb_src_h&quot;:300,&quot;src_w&quot;:350,&quot;src_h&quot;:350},&quot;image_id&quot;:85101,&quot;is_downloadable&quot;:false,&quot;is_in_stock&quot;:true,&quot;is_purchasable&quot;:true,&quot;is_sold_individually&quot;:&quot;yes&quot;,&quot;is_virtual&quot;:false,&quot;max_qty&quot;:1,&quot;min_qty&quot;:1,&quot;price_html&quot;:&quot;&lt;span class=&quot;price&quot;&gt;&lt;span class=&quot;woocommerce-Price-amount amount&quot;&gt;&lt;bdi&gt;400&lt;span class=&quot;woocommerce-Price-currencySymbol&quot;&gt;&amp;euro;&lt;\/span&gt;&lt;\/bdi&gt;&lt;\/span&gt;&lt;\/span&gt;&quot;,&quot;sku&quot;:&quot;&quot;,&quot;variation_description&quot;:&quot;&quot;,&quot;variation_id&quot;:85086,&quot;variation_is_active&quot;:true,&quot;variation_is_visible&quot;:true,&quot;weight&quot;:&quot;&quot;,&quot;weight_html&quot;:&quot;N\/A&quot;},{&quot;attributes&quot;:{&quot;attribute_number-of-weeks&quot;:&quot;2 semanas&quot;},&quot;availability_html&quot;:&quot;&quot;,&quot;backorders_allowed&quot;:false,&quot;dimensions&quot;:{&quot;length&quot;:&quot;&quot;,&quot;width&quot;:&quot;&quot;,&quot;height&quot;:&quot;&quot;},&quot;dimensions_html&quot;:&quot;N\/A&quot;,&quot;display_price&quot;:700,&quot;display_regular_price&quot;:700,&quot;image&quot;:{&quot;title&quot;:&quot;Florencia_1&quot;,&quot;caption&quot;:&quot;&quot;,&quot;url&quot;:&quot;https:\/\/www.studiainitalia.com\/wp-content\/uploads\/2020\/09\/Florencia_1.jpg&quot;,&quot;alt&quot;:&quot;curso de italiano 50+ en Florencia&quot;,&quot;src&quot;:&quot;https:\/\/www.studiainitalia.com\/wp-content\/uploads\/2020\/09\/Florencia_1.jpg&quot;,&quot;srcset&quot;:&quot;https:\/\/www.studiainitalia.com\/wp-content\/uploads\/2020\/09\/Florencia_1.jpg 350w, https:\/\/www.studiainitalia.com\/wp-content\/uploads\/2020\/09\/Florencia_1-300x300.jpg 300w, https:\/\/www.studiainitalia.com\/wp-content\/uploads\/2020\/09\/Florencia_1-100x100.jpg 100w, https:\/\/www.studiainitalia.com\/wp-content\/uploads\/2020\/09\/Florencia_1-120x120.jpg 120w&quot;,&quot;sizes&quot;:&quot;(max-width: 350px) 100vw, 350px&quot;,&quot;full_src&quot;:&quot;https:\/\/www.studiainitalia.com\/wp-content\/uploads\/2020\/09\/Florencia_1.jpg&quot;,&quot;full_src_w&quot;:350,&quot;full_src_h&quot;:350,&quot;gallery_thumbnail_src&quot;:&quot;https:\/\/www.studiainitalia.com\/wp-content\/uploads\/2020\/09\/Florencia_1-100x100.jpg&quot;,&quot;gallery_thumbnail_src_w&quot;:100,&quot;gallery_thumbnail_src_h&quot;:100,&quot;thumb_src&quot;:&quot;https:\/\/www.studiainitalia.com\/wp-content\/uploads\/2020\/09\/Florencia_1-300x300.jpg&quot;,&quot;thumb_src_w&quot;:300,&quot;thumb_src_h&quot;:300,&quot;src_w&quot;:350,&quot;src_h&quot;:350},&quot;image_id&quot;:85101,&quot;is_downloadable&quot;:false,&quot;is_in_stock&quot;:true,&quot;is_purchasable&quot;:true,&quot;is_sold_individually&quot;:&quot;yes&quot;,&quot;is_virtual&quot;:false,&quot;max_qty&quot;:1,&quot;min_qty&quot;:1,&quot;price_html&quot;:&quot;&lt;span class=&quot;price&quot;&gt;&lt;span class=&quot;woocommerce-Price-amount amount&quot;&gt;&lt;bdi&gt;700&lt;span class=&quot;woocommerce-Price-currencySymbol&quot;&gt;&amp;euro;&lt;\/span&gt;&lt;\/bdi&gt;&lt;\/span&gt;&lt;\/span&gt;&quot;,&quot;sku&quot;:&quot;&quot;,&quot;variation_description&quot;:&quot;&quot;,&quot;variation_id&quot;:85087,&quot;variation_is_active&quot;:true,&quot;variation_is_visible&quot;:true,&quot;weight&quot;:&quot;&quot;,&quot;weight_html&quot;:&quot;N\/A&quot;}]\"><\/form>\n","protected":false},"featured_media":125592,"comment_status":"open","ping_status":"closed","template":"","meta":{"_acf_changed":false,"_uag_custom_page_level_css":"","_kad_blocks_custom_css":"","_kad_blocks_head_custom_js":"","_kad_blocks_body_custom_js":"","_kad_blocks_footer_custom_js":"","site-sidebar-layout":"default","site-content-layout":"default","ast-site-content-layout":"default","site-content-style":"default","site-sidebar-style":"default","ast-global-header-display":"","ast-banner-title-visibility":"","ast-main-header-display":"","ast-hfb-above-header-display":"","ast-hfb-below-header-display":"","ast-hfb-mobile-header-display":"","site-post-title":"","ast-breadcrumbs-content":"","ast-featured-img":"","footer-sml-layout":"","ast-disable-related-posts":"","theme-transparent-header-meta":"default","adv-header-id-meta":"","stick-header-meta":"default","header-above-stick-meta":"","header-main-stick-meta":"","header-below-stick-meta":"","astra-migrate-meta-layouts":"set","ast-page-background-enabled":"default","ast-page-background-meta":{"desktop":{"background-color":"var(--ast-global-color-4)","background-image":"","background-repeat":"repeat","background-position":"center center","background-size":"auto","background-attachment":"scroll","background-type":"","background-media":"","overlay-type":"","overlay-color":"","overlay-opacity":"","overlay-gradient":""},"tablet":{"background-color":"","background-image":"","background-repeat":"repeat","background-position":"center center","background-size":"auto","background-attachment":"scroll","background-type":"","background-media":"","overlay-type":"","overlay-color":"","overlay-opacity":"","overlay-gradient":""},"mobile":{"background-color":"","background-image":"","background-repeat":"repeat","background-position":"center center","background-size":"auto","background-attachment":"scroll","background-type":"","background-media":"","overlay-type":"","overlay-color":"","overlay-opacity":"","overlay-gradient":""}},"ast-content-background-meta":{"desktop":{"background-color":"var(--ast-global-color-5)","background-image":"","background-repeat":"repeat","background-position":"center center","background-size":"auto","background-attachment":"scroll","background-type":"","background-media":"","overlay-type":"","overlay-color":"","overlay-opacity":"","overlay-gradient":""},"tablet":{"background-color":"var(--ast-global-color-5)","background-image":"","background-repeat":"repeat","background-position":"center center","background-size":"auto","background-attachment":"scroll","background-type":"","background-media":"","overlay-type":"","overlay-color":"","overlay-opacity":"","overlay-gradient":""},"mobile":{"background-color":"var(--ast-global-color-5)","background-image":"","background-repeat":"repeat","background-position":"center center","background-size":"auto","background-attachment":"scroll","background-type":"","background-media":"","overlay-type":"","overlay-color":"","overlay-opacity":"","overlay-gradient":""}}},"section":[],"product_brand":[],"product_cat":[1272,1343],"product_tag":[1847,1854],"class_list":{"0":"post-189309","1":"product","2":"type-product","3":"status-publish","4":"has-post-thumbnail","6":"product_cat-cursos-en-florencia","7":"product_cat-cursos-de-italiano-para-jovenes-familias-y-mayores","8":"product_tag-cursos-en-florencia","9":"product_tag-familias-es","10":"desktop-align-left","11":"tablet-align-left","12":"mobile-align-left","13":"ast-product-gallery-layout-horizontal-slider","14":"ast-product-single-variable","15":"ast-product-tabs-layout-horizontal","16":"ast-qv-on-image-click","18":"first","19":"instock","20":"sold-individually","21":"shipping-taxable","22":"purchasable","23":"product-type-variable"},"acf":[],"taxonomy_info":{"product_cat":[{"value":1272,"label":"Cursos en Florencia"},{"value":1343,"label":"Cursos de italiano para j\u00f3venes familias y mayores"}],"product_tag":[{"value":1847,"label":"Cursos en Florencia"},{"value":1854,"label":"Familias es"}]},"featured_image_src_large":["https:\/\/www.studiainitalia.com\/wp-content\/uploads\/2020\/09\/Florencia_1.jpg",350,350,false],"author_info":[],"comment_info":1,"uagb_featured_image_src":{"full":["https:\/\/www.studiainitalia.com\/wp-content\/uploads\/2020\/09\/Florencia_1.jpg",350,350,false],"thumbnail":["https:\/\/www.studiainitalia.com\/wp-content\/uploads\/2020\/09\/Florencia_1.jpg",96,96,false],"medium":["https:\/\/www.studiainitalia.com\/wp-content\/uploads\/2020\/09\/Florencia_1.jpg",350,350,false],"medium_large":["https:\/\/www.studiainitalia.com\/wp-content\/uploads\/2020\/09\/Florencia_1.jpg",350,350,false],"large":["https:\/\/www.studiainitalia.com\/wp-content\/uploads\/2020\/09\/Florencia_1.jpg",350,350,false],"1536x1536":["https:\/\/www.studiainitalia.com\/wp-content\/uploads\/2020\/09\/Florencia_1.jpg",350,350,false],"2048x2048":["https:\/\/www.studiainitalia.com\/wp-content\/uploads\/2020\/09\/Florencia_1.jpg",350,350,false],"ultp_layout_landscape_large":["https:\/\/www.studiainitalia.com\/wp-content\/uploads\/2020\/09\/Florencia_1.jpg",350,350,false],"ultp_layout_landscape":["https:\/\/www.studiainitalia.com\/wp-content\/uploads\/2020\/09\/Florencia_1.jpg",350,350,false],"ultp_layout_portrait":["https:\/\/www.studiainitalia.com\/wp-content\/uploads\/2020\/09\/Florencia_1.jpg",350,350,false],"ultp_layout_square":["https:\/\/www.studiainitalia.com\/wp-content\/uploads\/2020\/09\/Florencia_1.jpg",350,350,false],"gform-image-choice-sm":["https:\/\/www.studiainitalia.com\/wp-content\/uploads\/2020\/09\/Florencia_1.jpg",300,300,false],"gform-image-choice-md":["https:\/\/www.studiainitalia.com\/wp-content\/uploads\/2020\/09\/Florencia_1.jpg",350,350,false],"gform-image-choice-lg":["https:\/\/www.studiainitalia.com\/wp-content\/uploads\/2020\/09\/Florencia_1.jpg",350,350,false],"woocommerce_thumbnail":["https:\/\/www.studiainitalia.com\/wp-content\/uploads\/2020\/09\/Florencia_1-300x300.jpg",300,300,true],"woocommerce_single":["https:\/\/www.studiainitalia.com\/wp-content\/uploads\/2020\/09\/Florencia_1.jpg",350,350,false],"woocommerce_gallery_thumbnail":["https:\/\/www.studiainitalia.com\/wp-content\/uploads\/2020\/09\/Florencia_1-100x100.jpg",100,100,true],"yarpp-thumbnail":["https:\/\/www.studiainitalia.com\/wp-content\/uploads\/2020\/09\/Florencia_1-120x120.jpg",120,120,true]},"uagb_author_info":{"display_name":"rafael","author_link":"https:\/\/www.studiainitalia.com\/es\/author\/"},"uagb_comment_info":1,"uagb_excerpt":"Cursos de italiano para seniors en Florencia. \u00a1Conoce la Toscana y aprende italiano! &nbsp; Este curso de italiano en Florencia para mayores de 50 a\u00f1os combina el estudio de la lengua italiana, en grupos de m\u00e1ximo 8 personas, con tres actividades culturales semanales y excursiones los fines de semana. El curso de italiano en Florencia&hellip;","_links":{"self":[{"href":"https:\/\/www.studiainitalia.com\/es\/wp-json\/wp\/v2\/product\/189309","targetHints":{"allow":["GET"]}}],"collection":[{"href":"https:\/\/www.studiainitalia.com\/es\/wp-json\/wp\/v2\/product"}],"about":[{"href":"https:\/\/www.studiainitalia.com\/es\/wp-json\/wp\/v2\/types\/product"}],"replies":[{"embeddable":true,"href":"https:\/\/www.studiainitalia.com\/es\/wp-json\/wp\/v2\/comments?post=189309"}],"wp:featuredmedia":[{"embeddable":true,"href":"https:\/\/www.studiainitalia.com\/es\/wp-json\/wp\/v2\/media\/125592"}],"wp:attachment":[{"href":"https:\/\/www.studiainitalia.com\/es\/wp-json\/wp\/v2\/media?parent=189309"}],"wp:term":[{"taxonomy":"section","embeddable":true,"href":"https:\/\/www.studiainitalia.com\/es\/wp-json\/wp\/v2\/section?post=189309"},{"taxonomy":"product_brand","embeddable":true,"href":"https:\/\/www.studiainitalia.com\/es\/wp-json\/wp\/v2\/product_brand?post=189309"},{"taxonomy":"product_cat","embeddable":true,"href":"https:\/\/www.studiainitalia.com\/es\/wp-json\/wp\/v2\/product_cat?post=189309"},{"taxonomy":"product_tag","embeddable":true,"href":"https:\/\/www.studiainitalia.com\/es\/wp-json\/wp\/v2\/product_tag?post=189309"}],"curies":[{"name":"wp","href":"https:\/\/api.w.org\/{rel}","templated":true}]}}