{"id":189327,"date":"2020-10-16T10:16:55","date_gmt":"2020-10-16T08:16:55","guid":{"rendered":"https:\/\/www.studiainitalia.com\/courses\/sin%20categor\u00eda\/curso-de-diseno-de-moda\/"},"modified":"2025-12-19T22:53:49","modified_gmt":"2025-12-19T21:53:49","slug":"curso-de-diseno-de-moda","status":"publish","type":"product","link":"https:\/\/www.studiainitalia.com\/es\/cursos\/cursos-de-moda-y-diseno\/curso-de-diseno-de-moda\/","title":{"rendered":"Curso de Dise\u00f1o de Moda"},"content":{"rendered":"<h2><strong>Curso de dise\u00f1o de moda<\/strong><\/h2>\n<p>&nbsp;<\/p>\n<p><b>Aprende dise\u00f1o de moda sostenible<\/b><\/p>\n<p>&nbsp;<\/p>\n<p>Nuestras <b>clases de reciclaje de moda<\/b> ofrecen un programa integral de 4 semanas que combina habilidades t\u00e9cnicas de costura con <b>dise\u00f1o de moda creativo<\/b>.<\/p>\n<p>Comenzar\u00e1s con los fundamentos de la costura, dominando las herramientas esenciales, los materiales y las t\u00e9cnicas de confecci\u00f3n de prendas.<\/p>\n<p>Luego, el curso cambia su enfoque hacia la <b>moda sostenible<\/b>, donde podr\u00e1s\u00a0 explorar pr\u00e1cticas de costura ecol\u00f3gicas, t\u00e9cnicas de moda circular y dise\u00f1o de cero residuos.<\/p>\n<p>Crear\u00e1s prendas elegantes y \u00fanicas en su tipo, al tiempo que adoptas los principios de la moda lenta.<\/p>\n<p>&nbsp;<\/p>\n<p>&nbsp;<\/p>\n<p><strong>Fechas y horarios<\/strong><\/p>\n<p>julio \u2013 De lunes a viernes<\/p>\n<p>4 semanas<\/p>\n<p>&nbsp;<\/p>\n<p><strong>Tambi\u00e9n ofrecemos programas de seis meses y un a\u00f1o. \u00a1P\u00eddenos m\u00e1s informaci\u00f3n!<\/strong><\/p>\n<div class=\"aiosrs-rating-wrap\" data-schema-id=\"90691\">\n<div class=\"aiosrs-star-rating-wrap \"><\/div>\n<\/div>\n","protected":false},"excerpt":{"rendered":"<div class=\"woocommerce-product-details__short-description\">\n<h2><strong>\u00bfQuieres acercarte por primera vez al dise\u00f1o de moda? \u00a1Crea tu propia colecci\u00f3n de moda en Italia!<\/strong><\/h2>\n<p>&nbsp;<\/p>\n<p>Este curso de dise\u00f1o de moda est\u00e1 especialmente dise\u00f1ado si no tienes conocimientos previos y ni mucho tiempo a disposici\u00f3n.<\/p>\n<p>Descubre el arte del reciclaje de moda en nuestro exclusivo curso de verano.<\/p>\n<p>Aprende t\u00e9cnicas de moda para transformar prendas obsoletas en ropa moderna y reutilizada con tu propio toque moderno y creativo.<\/p>\n<p>Domina la costura ecol\u00f3gica, experimenta con la reconstrucci\u00f3n textil y crea piezas de vanguardia que reflejen tu individualidad y compromiso con el estilo sostenible.<\/p>\n<p>&nbsp;<\/p>\n<\/div>\n<form class=\"variations_form cart\" action=\"https:\/\/www.studiainitalia.com\/es\/cursos\/fashion-courses\/curso-de-diseno-de-moda\/\" enctype=\"multipart\/form-data\" method=\"post\" data-product_id=\"85248\" data-product_variations=\"[{&quot;attributes&quot;:{&quot;attribute_number-of-hours&quot;:&quot;&quot;},&quot;availability_html&quot;:&quot;&quot;,&quot;backorders_allowed&quot;:false,&quot;dimensions&quot;:{&quot;length&quot;:&quot;&quot;,&quot;width&quot;:&quot;&quot;,&quot;height&quot;:&quot;&quot;},&quot;dimensions_html&quot;:&quot;N\/A&quot;,&quot;display_price&quot;:1500,&quot;display_regular_price&quot;:1500,&quot;image&quot;:{&quot;title&quot;:&quot;fashion-design-course&quot;,&quot;caption&quot;:&quot;&quot;,&quot;url&quot;:&quot;https:\/\/www.studiainitalia.com\/wp-content\/uploads\/2020\/10\/fashion-design-course.jpg&quot;,&quot;alt&quot;:&quot;Curso de diseu00f1o de moda&quot;,&quot;src&quot;:&quot;https:\/\/www.studiainitalia.com\/wp-content\/uploads\/2020\/10\/fashion-design-course.jpg&quot;,&quot;srcset&quot;:&quot;https:\/\/www.studiainitalia.com\/wp-content\/uploads\/2020\/10\/fashion-design-course.jpg 400w, https:\/\/www.studiainitalia.com\/wp-content\/uploads\/2020\/10\/fashion-design-course-100x100.jpg 100w, https:\/\/www.studiainitalia.com\/wp-content\/uploads\/2020\/10\/fashion-design-course-120x120.jpg 120w&quot;,&quot;sizes&quot;:&quot;(max-width: 400px) 100vw, 400px&quot;,&quot;full_src&quot;:&quot;https:\/\/www.studiainitalia.com\/wp-content\/uploads\/2020\/10\/fashion-design-course.jpg&quot;,&quot;full_src_w&quot;:400,&quot;full_src_h&quot;:402,&quot;gallery_thumbnail_src&quot;:&quot;https:\/\/www.studiainitalia.com\/wp-content\/uploads\/2020\/10\/fashion-design-course-100x100.jpg&quot;,&quot;gallery_thumbnail_src_w&quot;:100,&quot;gallery_thumbnail_src_h&quot;:100,&quot;thumb_src&quot;:&quot;https:\/\/www.studiainitalia.com\/wp-content\/uploads\/2020\/10\/fashion-design-course-300x300.jpg&quot;,&quot;thumb_src_w&quot;:300,&quot;thumb_src_h&quot;:300,&quot;src_w&quot;:400,&quot;src_h&quot;:402},&quot;image_id&quot;:85251,&quot;is_downloadable&quot;:false,&quot;is_in_stock&quot;:true,&quot;is_purchasable&quot;:true,&quot;is_sold_individually&quot;:&quot;yes&quot;,&quot;is_virtual&quot;:false,&quot;max_qty&quot;:1,&quot;min_qty&quot;:1,&quot;price_html&quot;:&quot;&quot;,&quot;sku&quot;:&quot;&quot;,&quot;variation_description&quot;:&quot;&quot;,&quot;variation_id&quot;:85428,&quot;variation_is_active&quot;:true,&quot;variation_is_visible&quot;:true,&quot;weight&quot;:&quot;&quot;,&quot;weight_html&quot;:&quot;N\/A&quot;}]\"><\/form>\n","protected":false},"featured_media":125640,"comment_status":"open","ping_status":"closed","template":"","meta":{"_acf_changed":false,"_uag_custom_page_level_css":"","_kad_blocks_custom_css":"","_kad_blocks_head_custom_js":"","_kad_blocks_body_custom_js":"","_kad_blocks_footer_custom_js":"","site-sidebar-layout":"default","site-content-layout":"default","ast-site-content-layout":"default","site-content-style":"default","site-sidebar-style":"default","ast-global-header-display":"","ast-banner-title-visibility":"","ast-main-header-display":"","ast-hfb-above-header-display":"","ast-hfb-below-header-display":"","ast-hfb-mobile-header-display":"","site-post-title":"","ast-breadcrumbs-content":"","ast-featured-img":"","footer-sml-layout":"","ast-disable-related-posts":"","theme-transparent-header-meta":"default","adv-header-id-meta":"","stick-header-meta":"default","header-above-stick-meta":"","header-main-stick-meta":"","header-below-stick-meta":"","astra-migrate-meta-layouts":"set","ast-page-background-enabled":"default","ast-page-background-meta":{"desktop":{"background-color":"var(--ast-global-color-4)","background-image":"","background-repeat":"repeat","background-position":"center center","background-size":"auto","background-attachment":"scroll","background-type":"","background-media":"","overlay-type":"","overlay-color":"","overlay-opacity":"","overlay-gradient":""},"tablet":{"background-color":"","background-image":"","background-repeat":"repeat","background-position":"center center","background-size":"auto","background-attachment":"scroll","background-type":"","background-media":"","overlay-type":"","overlay-color":"","overlay-opacity":"","overlay-gradient":""},"mobile":{"background-color":"","background-image":"","background-repeat":"repeat","background-position":"center center","background-size":"auto","background-attachment":"scroll","background-type":"","background-media":"","overlay-type":"","overlay-color":"","overlay-opacity":"","overlay-gradient":""}},"ast-content-background-meta":{"desktop":{"background-color":"var(--ast-global-color-5)","background-image":"","background-repeat":"repeat","background-position":"center center","background-size":"auto","background-attachment":"scroll","background-type":"","background-media":"","overlay-type":"","overlay-color":"","overlay-opacity":"","overlay-gradient":""},"tablet":{"background-color":"var(--ast-global-color-5)","background-image":"","background-repeat":"repeat","background-position":"center center","background-size":"auto","background-attachment":"scroll","background-type":"","background-media":"","overlay-type":"","overlay-color":"","overlay-opacity":"","overlay-gradient":""},"mobile":{"background-color":"var(--ast-global-color-5)","background-image":"","background-repeat":"repeat","background-position":"center center","background-size":"auto","background-attachment":"scroll","background-type":"","background-media":"","overlay-type":"","overlay-color":"","overlay-opacity":"","overlay-gradient":""}}},"section":[],"product_brand":[],"product_cat":[1348,1379],"product_tag":[1892],"class_list":{"0":"post-189327","1":"product","2":"type-product","3":"status-publish","4":"has-post-thumbnail","6":"product_cat-cursos-de-moda-y-diseno","7":"product_cat-cursos-de-artes-es","8":"product_tag-fashion-es","9":"desktop-align-left","10":"tablet-align-left","11":"mobile-align-left","12":"ast-product-gallery-layout-horizontal-slider","13":"ast-product-single-variable","14":"ast-product-tabs-layout-horizontal","15":"ast-qv-on-image-click","17":"first","18":"instock","19":"sold-individually","20":"shipping-taxable","21":"purchasable","22":"product-type-variable"},"acf":[],"taxonomy_info":{"product_cat":[{"value":1348,"label":"Cursos de moda y dise\u00f1o"},{"value":1379,"label":"Estudiar en Florencia"}],"product_tag":[{"value":1892,"label":"Moda"}]},"featured_image_src_large":["https:\/\/www.studiainitalia.com\/wp-content\/uploads\/2020\/10\/fashion-design-course.jpg",400,402,false],"author_info":[],"comment_info":0,"uagb_featured_image_src":{"full":["https:\/\/www.studiainitalia.com\/wp-content\/uploads\/2020\/10\/fashion-design-course.jpg",400,402,false],"thumbnail":["https:\/\/www.studiainitalia.com\/wp-content\/uploads\/2020\/10\/fashion-design-course.jpg",96,96,false],"medium":["https:\/\/www.studiainitalia.com\/wp-content\/uploads\/2020\/10\/fashion-design-course.jpg",400,402,false],"medium_large":["https:\/\/www.studiainitalia.com\/wp-content\/uploads\/2020\/10\/fashion-design-course.jpg",400,402,false],"large":["https:\/\/www.studiainitalia.com\/wp-content\/uploads\/2020\/10\/fashion-design-course.jpg",400,402,false],"1536x1536":["https:\/\/www.studiainitalia.com\/wp-content\/uploads\/2020\/10\/fashion-design-course.jpg",400,402,false],"2048x2048":["https:\/\/www.studiainitalia.com\/wp-content\/uploads\/2020\/10\/fashion-design-course.jpg",400,402,false],"ultp_layout_landscape_large":["https:\/\/www.studiainitalia.com\/wp-content\/uploads\/2020\/10\/fashion-design-course.jpg",400,402,false],"ultp_layout_landscape":["https:\/\/www.studiainitalia.com\/wp-content\/uploads\/2020\/10\/fashion-design-course.jpg",400,402,false],"ultp_layout_portrait":["https:\/\/www.studiainitalia.com\/wp-content\/uploads\/2020\/10\/fashion-design-course.jpg",400,402,false],"ultp_layout_square":["https:\/\/www.studiainitalia.com\/wp-content\/uploads\/2020\/10\/fashion-design-course.jpg",400,402,false],"gform-image-choice-sm":["https:\/\/www.studiainitalia.com\/wp-content\/uploads\/2020\/10\/fashion-design-course.jpg",300,300,false],"gform-image-choice-md":["https:\/\/www.studiainitalia.com\/wp-content\/uploads\/2020\/10\/fashion-design-course.jpg",398,400,false],"gform-image-choice-lg":["https:\/\/www.studiainitalia.com\/wp-content\/uploads\/2020\/10\/fashion-design-course.jpg",400,402,false],"woocommerce_thumbnail":["https:\/\/www.studiainitalia.com\/wp-content\/uploads\/2020\/10\/fashion-design-course-300x300.jpg",300,300,true],"woocommerce_single":["https:\/\/www.studiainitalia.com\/wp-content\/uploads\/2020\/10\/fashion-design-course.jpg",400,402,false],"woocommerce_gallery_thumbnail":["https:\/\/www.studiainitalia.com\/wp-content\/uploads\/2020\/10\/fashion-design-course-100x100.jpg",100,100,true],"yarpp-thumbnail":["https:\/\/www.studiainitalia.com\/wp-content\/uploads\/2020\/10\/fashion-design-course-120x120.jpg",120,120,true]},"uagb_author_info":{"display_name":"rafael","author_link":"https:\/\/www.studiainitalia.com\/es\/author\/"},"uagb_comment_info":0,"uagb_excerpt":"\u00bfQuieres acercarte por primera vez al dise\u00f1o de moda? \u00a1Crea tu propia colecci\u00f3n de moda en Italia! &nbsp; Este curso de dise\u00f1o de moda est\u00e1 especialmente dise\u00f1ado si no tienes conocimientos previos y ni mucho tiempo a disposici\u00f3n. Descubre el arte del reciclaje de moda en nuestro exclusivo curso de verano. Aprende t\u00e9cnicas de moda&hellip;","_links":{"self":[{"href":"https:\/\/www.studiainitalia.com\/es\/wp-json\/wp\/v2\/product\/189327","targetHints":{"allow":["GET"]}}],"collection":[{"href":"https:\/\/www.studiainitalia.com\/es\/wp-json\/wp\/v2\/product"}],"about":[{"href":"https:\/\/www.studiainitalia.com\/es\/wp-json\/wp\/v2\/types\/product"}],"replies":[{"embeddable":true,"href":"https:\/\/www.studiainitalia.com\/es\/wp-json\/wp\/v2\/comments?post=189327"}],"wp:featuredmedia":[{"embeddable":true,"href":"https:\/\/www.studiainitalia.com\/es\/wp-json\/wp\/v2\/media\/125640"}],"wp:attachment":[{"href":"https:\/\/www.studiainitalia.com\/es\/wp-json\/wp\/v2\/media?parent=189327"}],"wp:term":[{"taxonomy":"section","embeddable":true,"href":"https:\/\/www.studiainitalia.com\/es\/wp-json\/wp\/v2\/section?post=189327"},{"taxonomy":"product_brand","embeddable":true,"href":"https:\/\/www.studiainitalia.com\/es\/wp-json\/wp\/v2\/product_brand?post=189327"},{"taxonomy":"product_cat","embeddable":true,"href":"https:\/\/www.studiainitalia.com\/es\/wp-json\/wp\/v2\/product_cat?post=189327"},{"taxonomy":"product_tag","embeddable":true,"href":"https:\/\/www.studiainitalia.com\/es\/wp-json\/wp\/v2\/product_tag?post=189327"}],"curies":[{"name":"wp","href":"https:\/\/api.w.org\/{rel}","templated":true}]}}