{"id":189337,"date":"2020-09-09T08:54:43","date_gmt":"2020-09-09T06:54:43","guid":{"rendered":"https:\/\/www.studiainitalia.com\/courses\/sin%20categor\u00eda\/50-italianos-en-salerno-seniors\/"},"modified":"2026-02-25T16:45:29","modified_gmt":"2026-02-25T15:45:29","slug":"curso-de-italiano-para-seniors-en-salerno","status":"publish","type":"product","link":"https:\/\/www.studiainitalia.com\/es\/cursos\/cursos-en-salerno\/curso-de-italiano-para-seniors-en-salerno\/","title":{"rendered":"Curso de Italiano para seniors en Salerno"},"content":{"rendered":"<h2>Curso de italiano para seniors en Salerno<\/h2>\n<p>&nbsp;<\/p>\n<p>Nuestro curso se imparte en nuestra escuela Accademia Italiana<strong>.\u00a0<\/strong><\/p>\n<p>La escuela est\u00e1 situada en un edificio enfrente al mar. Est\u00e1 a pocos metros del casco hist\u00f3rico\u00a0 y a pocos minutos de la playa.<\/p>\n<p>La escuela, fundada en 1997, ofrece una amplia gama de cursos lengua y cultura italiana. La escuela est\u00e1 reconocida por el Ministerio de Educaci\u00f3n italiano.<\/p>\n<p>El m\u00e9todo de ense\u00f1anza se basa en las m\u00e1s modernas t\u00e9cnicas did\u00e1cticas y todos los profesores son profesionales de la ense\u00f1anza del italiano como lengua extranjera.<\/p>\n<p>Cada profesor ofrece una atenci\u00f3n personalizada gracias tambi\u00e9n al n\u00famero reducido de estudiantes por grupo.<\/p>\n<p>La escuela ofrece un rico programa de actividades extraescolares: seminarios, pel\u00edculas italianas, visitas guiadas, excursiones. Las actividades est\u00e1n incluidas en el precio del curso. Los costes que no est\u00e1n incluidos son: los ingresos a museos, cines, teatros, billetes para el transporte. Eventuales comidas en restaurantes tienen un coste extra.<\/p>\n<p>El curso de italiano para seniors en Salerno es perfecto para descubrir la\u00a0<strong>Costiera Amalfitana<\/strong>\u00a0y hacer nuevos amigos.<\/p>\n<p>En el primer d\u00eda de clase los estudiantes pueden asistir a un encuentro de orientaci\u00f3n sobre Salerno y las actividades de la escuela.<\/p>\n<p>El programa incluye:<\/p>\n<ul>\n<li>una visita guiada a la ciudad de Salerno<\/li>\n<li>una clase de cocina<\/li>\n<li>una clase de cer\u00e1mica<\/li>\n<li>una visita a una empresa de producci\u00f3n de mozzarella de bufala<\/li>\n<li>una cata de limoncello y visita a la empresa de producci\u00f3n<\/li>\n<li>dos seminarios de cultura italiana<\/li>\n<li>dos actividades de la escuela<\/li>\n<\/ul>\n<p>Adem\u00e1s de una excursi\u00f3n de un d\u00eda y otra excursi\u00f3n de media jornada por la Costiera Amalfitana.<\/p>\n<h2><b>Fechas de inicio y detalles<\/b><\/h2>\n<p>&nbsp;<\/p>\n<ul>\n<li><b>Duraci\u00f3n de las clases<\/b>: 45 minutos<\/li>\n<li><b>Tama\u00f1o medio de las clases<\/b>: 8 alumnos<\/li>\n<li><b>Tama\u00f1o m\u00e1ximo de las clases<\/b>: 10 alumnos<\/li>\n<li><b>Horario<\/b>: Por la ma\u00f1ana<\/li>\n<li><b>Materiales del curso<\/b>: Incluidos<\/li>\n<li><b>Prueba de nivel y certificado final<\/b>: Incluidos<\/li>\n<li><b>Ubicaci\u00f3n<\/b>: Via Roma 39<\/li>\n<li><b>Otros servicios<\/b>: Acceso a Internet, biblioteca, aire acondicionado, actividades sociales y traslado al aeropuerto disponibles<\/li>\n<\/ul>\n<table id=\"tablepress-692\" class=\"tablepress tablepress-id-692\">\n<thead>\n<tr class=\"row-1 odd\">\n<th class=\"column-1\" colspan=\"6\">Fechas de Inicio 2026<\/th>\n<\/tr>\n<\/thead>\n<tbody class=\"row-hover\">\n<tr class=\"row-2 even\">\n<td class=\"column-1\">Enero<\/td>\n<td class=\"column-2\">19<\/td>\n<td class=\"column-3\">Mayo<\/td>\n<td class=\"column-4\">4, 18<\/td>\n<td class=\"column-5\">Septiembre<\/td>\n<td class=\"column-6\">7, 21<\/td>\n<\/tr>\n<tr class=\"row-3 odd\">\n<td class=\"column-1\">Febrero<\/td>\n<td class=\"column-2\">16<\/td>\n<td class=\"column-3\">Junio<\/td>\n<td class=\"column-4\">1, 15<\/td>\n<td class=\"column-5\">Octobre<\/td>\n<td class=\"column-6\">5, 19<\/td>\n<\/tr>\n<tr class=\"row-4 even\">\n<td class=\"column-1\">Marzo<\/td>\n<td class=\"column-2\">16, 30<\/td>\n<td class=\"column-3\">Julio<\/td>\n<td class=\"column-4\">13<\/td>\n<td class=\"column-5\">Noviembre<\/td>\n<td class=\"column-6\">16<\/td>\n<\/tr>\n<tr class=\"row-5 odd\">\n<td class=\"column-1\">Abril<\/td>\n<td class=\"column-2\">13<\/td>\n<td class=\"column-3\">Agosto<\/td>\n<td class=\"column-4\">10, 24<\/td>\n<td class=\"column-5\">Diciembre<\/td>\n<td class=\"column-6\">7<\/td>\n<\/tr>\n<tr class=\"row-6 even\">\n<td class=\"column-1\" colspan=\"6\">La escuela permanecer\u00e1 cerrada durante las fiestas nacionales: Epifan\u00eda (06\/01), Lunes de Pascua, D\u00eda de la Liberaci\u00f3n (25\/04), D\u00eda del Trabajo (01\/05), D\u00eda de la Republica (02\/06), Ferragosto (15\/08), Todos los Santos (01\/11), Inmaculada Concepci\u00f3n (8\/12), vacaciones de Navidad y A\u00f1o Nuevo.<\/td>\n<\/tr>\n<\/tbody>\n<\/table>\n<div class=\"aiosrs-rating-wrap\" data-schema-id=\"90691\">\n<div class=\"aiosrs-star-rating-wrap \"><\/div>\n<div class=\"aiosrs-rating-summary-wrap\"><\/div>\n<\/div>\n","protected":false},"excerpt":{"rendered":"<h2><strong>\u00a1Disfruta de la Costiera Amalfitana y aprende italiano!<\/strong><\/h2>\n<p>&nbsp;<\/p>\n<p>Este programa de italiano va dirigido a personas de m\u00e1s de 50 a\u00f1os que quieren aprender italiano y, a la vez, descubrir la Costiera Amalfitana y su cultura.<\/p>\n<p>Tiene una duraci\u00f3n de dos semanas incluyendo el curso de italiano de 20 horas semanales.<\/p>\n<p>&nbsp;<\/p>\n","protected":false},"featured_media":125610,"comment_status":"open","ping_status":"closed","template":"","meta":{"_acf_changed":false,"_uag_custom_page_level_css":"","_kad_blocks_custom_css":"","_kad_blocks_head_custom_js":"","_kad_blocks_body_custom_js":"","_kad_blocks_footer_custom_js":"","site-sidebar-layout":"default","site-content-layout":"default","ast-site-content-layout":"default","site-content-style":"default","site-sidebar-style":"default","ast-global-header-display":"","ast-banner-title-visibility":"","ast-main-header-display":"","ast-hfb-above-header-display":"","ast-hfb-below-header-display":"","ast-hfb-mobile-header-display":"","site-post-title":"","ast-breadcrumbs-content":"","ast-featured-img":"","footer-sml-layout":"","ast-disable-related-posts":"","theme-transparent-header-meta":"default","adv-header-id-meta":"","stick-header-meta":"default","header-above-stick-meta":"","header-main-stick-meta":"","header-below-stick-meta":"","astra-migrate-meta-layouts":"set","ast-page-background-enabled":"default","ast-page-background-meta":{"desktop":{"background-color":"var(--ast-global-color-4)","background-image":"","background-repeat":"repeat","background-position":"center center","background-size":"auto","background-attachment":"scroll","background-type":"","background-media":"","overlay-type":"","overlay-color":"","overlay-opacity":"","overlay-gradient":""},"tablet":{"background-color":"","background-image":"","background-repeat":"repeat","background-position":"center center","background-size":"auto","background-attachment":"scroll","background-type":"","background-media":"","overlay-type":"","overlay-color":"","overlay-opacity":"","overlay-gradient":""},"mobile":{"background-color":"","background-image":"","background-repeat":"repeat","background-position":"center center","background-size":"auto","background-attachment":"scroll","background-type":"","background-media":"","overlay-type":"","overlay-color":"","overlay-opacity":"","overlay-gradient":""}},"ast-content-background-meta":{"desktop":{"background-color":"var(--ast-global-color-5)","background-image":"","background-repeat":"repeat","background-position":"center center","background-size":"auto","background-attachment":"scroll","background-type":"","background-media":"","overlay-type":"","overlay-color":"","overlay-opacity":"","overlay-gradient":""},"tablet":{"background-color":"var(--ast-global-color-5)","background-image":"","background-repeat":"repeat","background-position":"center center","background-size":"auto","background-attachment":"scroll","background-type":"","background-media":"","overlay-type":"","overlay-color":"","overlay-opacity":"","overlay-gradient":""},"mobile":{"background-color":"var(--ast-global-color-5)","background-image":"","background-repeat":"repeat","background-position":"center center","background-size":"auto","background-attachment":"scroll","background-type":"","background-media":"","overlay-type":"","overlay-color":"","overlay-opacity":"","overlay-gradient":""}}},"section":[],"product_brand":[],"product_cat":[1311,1343],"product_tag":[1854],"class_list":{"0":"post-189337","1":"product","2":"type-product","3":"status-publish","4":"has-post-thumbnail","6":"product_cat-cursos-en-salerno","7":"product_cat-cursos-de-italiano-para-jovenes-familias-y-mayores","8":"product_tag-familias-es","9":"desktop-align-left","10":"tablet-align-left","11":"mobile-align-left","12":"ast-product-gallery-layout-horizontal-slider","13":"ast-product-single-variable","14":"ast-product-tabs-layout-horizontal","15":"ast-qv-on-image-click","17":"first","18":"instock","19":"sold-individually","20":"shipping-taxable","21":"purchasable","22":"product-type-variable"},"acf":[],"taxonomy_info":{"product_cat":[{"value":1311,"label":"Cursos en Salerno"},{"value":1343,"label":"Cursos de italiano para j\u00f3venes familias y mayores"}],"product_tag":[{"value":1854,"label":"Familias es"}]},"featured_image_src_large":["https:\/\/www.studiainitalia.com\/wp-content\/uploads\/2020\/09\/salerno_1.jpg",805,800,false],"author_info":[],"comment_info":2,"uagb_featured_image_src":{"full":["https:\/\/www.studiainitalia.com\/wp-content\/uploads\/2020\/09\/salerno_1.jpg",805,800,false],"thumbnail":["https:\/\/www.studiainitalia.com\/wp-content\/uploads\/2020\/09\/salerno_1.jpg",97,96,false],"medium":["https:\/\/www.studiainitalia.com\/wp-content\/uploads\/2020\/09\/salerno_1.jpg",805,800,false],"medium_large":["https:\/\/www.studiainitalia.com\/wp-content\/uploads\/2020\/09\/salerno_1-768x763.jpg",768,763,true],"large":["https:\/\/www.studiainitalia.com\/wp-content\/uploads\/2020\/09\/salerno_1.jpg",805,800,false],"1536x1536":["https:\/\/www.studiainitalia.com\/wp-content\/uploads\/2020\/09\/salerno_1.jpg",805,800,false],"2048x2048":["https:\/\/www.studiainitalia.com\/wp-content\/uploads\/2020\/09\/salerno_1.jpg",805,800,false],"ultp_layout_landscape_large":["https:\/\/www.studiainitalia.com\/wp-content\/uploads\/2020\/09\/salerno_1.jpg",805,800,false],"ultp_layout_landscape":["https:\/\/www.studiainitalia.com\/wp-content\/uploads\/2020\/09\/salerno_1.jpg",574,570,false],"ultp_layout_portrait":["https:\/\/www.studiainitalia.com\/wp-content\/uploads\/2020\/09\/salerno_1.jpg",600,596,false],"ultp_layout_square":["https:\/\/www.studiainitalia.com\/wp-content\/uploads\/2020\/09\/salerno_1.jpg",600,596,false],"grid-thumb":["https:\/\/www.studiainitalia.com\/wp-content\/uploads\/2020\/09\/salerno_1.jpg",150,150,false],"gform-image-choice-sm":["https:\/\/www.studiainitalia.com\/wp-content\/uploads\/2020\/09\/salerno_1.jpg",300,298,false],"gform-image-choice-md":["https:\/\/www.studiainitalia.com\/wp-content\/uploads\/2020\/09\/salerno_1.jpg",400,398,false],"gform-image-choice-lg":["https:\/\/www.studiainitalia.com\/wp-content\/uploads\/2020\/09\/salerno_1.jpg",600,596,false],"woocommerce_thumbnail":["https:\/\/www.studiainitalia.com\/wp-content\/uploads\/2020\/09\/salerno_1-300x300.jpg",300,300,true],"woocommerce_single":["https:\/\/www.studiainitalia.com\/wp-content\/uploads\/2020\/09\/salerno_1-400x398.jpg",400,398,true],"woocommerce_gallery_thumbnail":["https:\/\/www.studiainitalia.com\/wp-content\/uploads\/2020\/09\/salerno_1-100x100.jpg",100,100,true],"yarpp-thumbnail":["https:\/\/www.studiainitalia.com\/wp-content\/uploads\/2020\/09\/salerno_1-120x120.jpg",120,120,true]},"uagb_author_info":{"display_name":"rafael","author_link":"https:\/\/www.studiainitalia.com\/es\/author\/"},"uagb_comment_info":2,"uagb_excerpt":"\u00a1Disfruta de la Costiera Amalfitana y aprende italiano! &nbsp; Este programa de italiano va dirigido a personas de m\u00e1s de 50 a\u00f1os que quieren aprender italiano y, a la vez, descubrir la Costiera Amalfitana y su cultura. Tiene una duraci\u00f3n de dos semanas incluyendo el curso de italiano de 20 horas semanales. &nbsp;","_links":{"self":[{"href":"https:\/\/www.studiainitalia.com\/es\/wp-json\/wp\/v2\/product\/189337","targetHints":{"allow":["GET"]}}],"collection":[{"href":"https:\/\/www.studiainitalia.com\/es\/wp-json\/wp\/v2\/product"}],"about":[{"href":"https:\/\/www.studiainitalia.com\/es\/wp-json\/wp\/v2\/types\/product"}],"replies":[{"embeddable":true,"href":"https:\/\/www.studiainitalia.com\/es\/wp-json\/wp\/v2\/comments?post=189337"}],"wp:featuredmedia":[{"embeddable":true,"href":"https:\/\/www.studiainitalia.com\/es\/wp-json\/wp\/v2\/media\/125610"}],"wp:attachment":[{"href":"https:\/\/www.studiainitalia.com\/es\/wp-json\/wp\/v2\/media?parent=189337"}],"wp:term":[{"taxonomy":"section","embeddable":true,"href":"https:\/\/www.studiainitalia.com\/es\/wp-json\/wp\/v2\/section?post=189337"},{"taxonomy":"product_brand","embeddable":true,"href":"https:\/\/www.studiainitalia.com\/es\/wp-json\/wp\/v2\/product_brand?post=189337"},{"taxonomy":"product_cat","embeddable":true,"href":"https:\/\/www.studiainitalia.com\/es\/wp-json\/wp\/v2\/product_cat?post=189337"},{"taxonomy":"product_tag","embeddable":true,"href":"https:\/\/www.studiainitalia.com\/es\/wp-json\/wp\/v2\/product_tag?post=189337"}],"curies":[{"name":"wp","href":"https:\/\/api.w.org\/{rel}","templated":true}]}}