{"id":189352,"date":"2019-01-26T11:12:50","date_gmt":"2019-01-26T10:12:50","guid":{"rendered":"https:\/\/www.studiainitalia.com\/courses\/sin%20categor\u00eda\/curso-internacional-de-peluqueria-en-florencia\/"},"modified":"2026-03-21T15:25:45","modified_gmt":"2026-03-21T14:25:45","slug":"curso-de-certificacion-de-peluqueria-en-florencia","status":"publish","type":"product","link":"https:\/\/www.studiainitalia.com\/es\/cursos\/cursos-de-moda-y-diseno\/peluqueria\/curso-de-certificacion-de-peluqueria-en-florencia\/","title":{"rendered":"Curso internacional de certificaci\u00f3n de peluquer\u00eda"},"content":{"rendered":"<h3>Curso internacional de certificaci\u00f3n de peluquer\u00eda<\/h3>\n<p>&nbsp;<\/p>\n<p>Nuestro\u00a0<strong>Curso internacional de certificaci\u00f3n de peluquer\u00eda<\/strong>\u00a0es impartido por Polverini Hair Academia. La escuela posee la tecnolog\u00eda formativa m\u00e1s importante en el sector de la peluquer\u00eda: el\u00a0<em>programa de avance gradual.\u00a0<\/em>Se trata de un m\u00e9todo de ense\u00f1anza exclusivo que permite seguir a cada estudiante individualmente.<\/p>\n<p>De esta forma, se garantizan resultados de alto nivel. Polverini Hair Academia dispone de 350m\u00b2 totalmente equipados para satisfacer las necesidades de cada estudiante.<\/p>\n<table id=\"tablepress-51\" class=\"tablepress tablepress-id-51\">\n<thead>\n<tr class=\"row-1 odd\">\n<th class=\"column-1\" colspan=\"6\">Fechas de Inicio<\/th>\n<\/tr>\n<\/thead>\n<tbody class=\"row-hover\">\n<tr class=\"row-2 even\">\n<td class=\"column-1\">Enero<\/td>\n<td class=\"column-2\">cada lunes<\/td>\n<td class=\"column-3\">Mayo<\/td>\n<td class=\"column-4\">cada lunes<\/td>\n<td class=\"column-5\">Septiembre<\/td>\n<td class=\"column-6\">cada lunes<\/td>\n<\/tr>\n<tr class=\"row-3 odd\">\n<td class=\"column-1\">Febrero<\/td>\n<td class=\"column-2\">cada lunes<\/td>\n<td class=\"column-3\">Junio<\/td>\n<td class=\"column-4\">cada lunes<\/td>\n<td class=\"column-5\">Octobre<\/td>\n<td class=\"column-6\">cada lunes<\/td>\n<\/tr>\n<tr class=\"row-4 even\">\n<td class=\"column-1\">Marzo<\/td>\n<td class=\"column-2\">cada lunes<\/td>\n<td class=\"column-3\">Julio<\/td>\n<td class=\"column-4\">cada lunes<\/td>\n<td class=\"column-5\">Noviembre<\/td>\n<td class=\"column-6\">cada lunes<\/td>\n<\/tr>\n<tr class=\"row-5 odd\">\n<td class=\"column-1\">Abril<\/td>\n<td class=\"column-2\">cada lunes<\/td>\n<td class=\"column-3\">Agosto<\/td>\n<td class=\"column-4\">cada lunes<\/td>\n<td class=\"column-5\">Diciembre<\/td>\n<td class=\"column-6\">cada lunes<\/td>\n<\/tr>\n<tr class=\"row-6 even\">\n<td class=\"column-1\" colspan=\"6\">La escuela permanecer\u00e1 cerrada durante las fiestas nacionales: Epifan\u00eda (06\/01), Lunes de Pascua, D\u00eda de la Liberaci\u00f3n (25\/04), D\u00eda del Trabajo (01\/05), D\u00eda de la Republica (02\/06), Ferragosto (15\/08), Todos los Santos (01\/11), Inmaculada Concepci\u00f3n (8\/12), vacaciones de Navidad y A\u00f1o Nuevo.<\/td>\n<\/tr>\n<\/tbody>\n<\/table>\n<p>&nbsp;<\/p>\n<div class=\"one_half et_column_last\"><\/div>\n<div class=\"clear\"><\/div>\n<div class=\"one_half\">\n<div class=\"perfmatters-lazy-youtube\" data-src=\"https:\/\/www.youtube.com\/embed\/nIo23vxr7AE\" data-id=\"nIo23vxr7AE\" data-query=\"\">\n<div>\n<p><img decoding=\"async\" class=\"perfmatters-lazy entered pmloaded\" src=\"https:\/\/i.ytimg.com\/vi\/nIo23vxr7AE\/hqdefault.jpg\" alt=\"YouTube video\" width=\"480\" height=\"360\" data-pin-nopin=\"true\" data-src=\"https:\/\/i.ytimg.com\/vi\/nIo23vxr7AE\/hqdefault.jpg\" data-ll-status=\"loaded\" data- title=\"\"><\/p>\n<div class=\"play\"><\/div>\n<\/div>\n<\/div>\n<\/div>\n<div class=\"one_half et_column_last\"><\/div>\n<div class=\"clear\"><\/div>\n<div class=\"aiosrs-rating-wrap\" data-schema-id=\"90691\">\n<div class=\"aiosrs-star-rating-wrap \"><\/div>\n<div class=\"aiosrs-rating-summary-wrap\"><\/div>\n<\/div>\n","protected":false},"excerpt":{"rendered":"<p>El\u00a0<strong>curso internacional de calificaci\u00f3n de peluquer\u00eda<\/strong>, certificado por ITEC y VTCT, est\u00e1 dedicado a estudiantes que deseen convertirse en verdaderos profesionales en este sector, a los que tienen grandes ambiciones y un \u00fanico objetivo: convertirse en estilistas de \u00e9xito.<\/p>\n<p>El programa est\u00e1 dise\u00f1ado para ofrecer una formaci\u00f3n completa, alternando estudios te\u00f3ricos y sesiones de pr\u00e1cticas a trav\u00e9s de un recorrido de aprendizaje paso a paso, que permite al estudiante profundizar y comprender la informaci\u00f3n adquirida para reproducirla en el sal\u00f3n con resultados \u00f3ptimos.<\/p>\n<p>Con esta certificaci\u00f3n, ser\u00e1s introducido en el mundo de los mejores salones de belleza.<\/p>\n<p>Nuestro m\u00e9todo de ense\u00f1anza nos permite seguir a cada estudiante de manera personalizada, lo cual garantiza, tanto a nosotros como a ti, el logro de resultados de alta calidad.<\/p>\n<p>Este curso tiene una duraci\u00f3n de 12 meses (8 horas diarias, de lunes a viernes), y puede comenzarse cada lunes.<\/p>\n<p>Herramientas profesionales y camisetas (2) y bolso con la marca Academia Hair de Polverini incluidos. No se incluye maniqu\u00ed de cabeza (se puede adquirir en la escuela al precio especial de 45\u20ac).<\/p>\n","protected":false},"featured_media":124152,"comment_status":"open","ping_status":"closed","template":"","meta":{"_acf_changed":false,"_uag_custom_page_level_css":"","_kad_blocks_custom_css":"","_kad_blocks_head_custom_js":"","_kad_blocks_body_custom_js":"","_kad_blocks_footer_custom_js":"","site-sidebar-layout":"default","site-content-layout":"default","ast-site-content-layout":"default","site-content-style":"default","site-sidebar-style":"default","ast-global-header-display":"","ast-banner-title-visibility":"","ast-main-header-display":"","ast-hfb-above-header-display":"","ast-hfb-below-header-display":"","ast-hfb-mobile-header-display":"","site-post-title":"","ast-breadcrumbs-content":"","ast-featured-img":"","footer-sml-layout":"","ast-disable-related-posts":"","theme-transparent-header-meta":"default","adv-header-id-meta":"","stick-header-meta":"default","header-above-stick-meta":"","header-main-stick-meta":"","header-below-stick-meta":"","astra-migrate-meta-layouts":"set","ast-page-background-enabled":"default","ast-page-background-meta":{"desktop":{"background-color":"var(--ast-global-color-4)","background-image":"","background-repeat":"repeat","background-position":"center center","background-size":"auto","background-attachment":"scroll","background-type":"","background-media":"","overlay-type":"","overlay-color":"","overlay-opacity":"","overlay-gradient":""},"tablet":{"background-color":"","background-image":"","background-repeat":"repeat","background-position":"center center","background-size":"auto","background-attachment":"scroll","background-type":"","background-media":"","overlay-type":"","overlay-color":"","overlay-opacity":"","overlay-gradient":""},"mobile":{"background-color":"","background-image":"","background-repeat":"repeat","background-position":"center center","background-size":"auto","background-attachment":"scroll","background-type":"","background-media":"","overlay-type":"","overlay-color":"","overlay-opacity":"","overlay-gradient":""}},"ast-content-background-meta":{"desktop":{"background-color":"var(--ast-global-color-5)","background-image":"","background-repeat":"repeat","background-position":"center center","background-size":"auto","background-attachment":"scroll","background-type":"","background-media":"","overlay-type":"","overlay-color":"","overlay-opacity":"","overlay-gradient":""},"tablet":{"background-color":"var(--ast-global-color-5)","background-image":"","background-repeat":"repeat","background-position":"center center","background-size":"auto","background-attachment":"scroll","background-type":"","background-media":"","overlay-type":"","overlay-color":"","overlay-opacity":"","overlay-gradient":""},"mobile":{"background-color":"var(--ast-global-color-5)","background-image":"","background-repeat":"repeat","background-position":"center center","background-size":"auto","background-attachment":"scroll","background-type":"","background-media":"","overlay-type":"","overlay-color":"","overlay-opacity":"","overlay-gradient":""}}},"section":[],"product_brand":[],"product_cat":[1348,1272,1367],"product_tag":[1892],"class_list":{"0":"post-189352","1":"product","2":"type-product","3":"status-publish","4":"has-post-thumbnail","6":"product_cat-cursos-de-moda-y-diseno","7":"product_cat-cursos-en-florencia","8":"product_cat-peluqueria","9":"product_tag-fashion-es","10":"desktop-align-left","11":"tablet-align-left","12":"mobile-align-left","13":"ast-product-gallery-layout-horizontal-slider","14":"ast-product-gallery-with-no-image","15":"ast-product-single-variable","16":"ast-product-tabs-layout-horizontal","17":"ast-qv-on-image-click","19":"first","20":"instock","21":"sold-individually","22":"shipping-taxable","23":"purchasable","24":"product-type-variable","25":"has-default-attributes"},"acf":[],"taxonomy_info":{"product_cat":[{"value":1348,"label":"Cursos de moda y dise\u00f1o"},{"value":1272,"label":"Cursos en Florencia"},{"value":1367,"label":"Peluquer\u00eda"}],"product_tag":[{"value":1892,"label":"Moda"}]},"featured_image_src_large":["https:\/\/www.studiainitalia.com\/wp-content\/uploads\/2019\/01\/international-hairdressing-qualification-course-in-florence-italy.jpg",459,459,false],"author_info":[],"comment_info":0,"uagb_featured_image_src":{"full":["https:\/\/www.studiainitalia.com\/wp-content\/uploads\/2019\/01\/international-hairdressing-qualification-course-in-florence-italy.jpg",459,459,false],"thumbnail":["https:\/\/www.studiainitalia.com\/wp-content\/uploads\/2019\/01\/international-hairdressing-qualification-course-in-florence-italy-150x150.jpg",96,96,true],"medium":["https:\/\/www.studiainitalia.com\/wp-content\/uploads\/2019\/01\/international-hairdressing-qualification-course-in-florence-italy-300x300.jpg",300,300,true],"medium_large":["https:\/\/www.studiainitalia.com\/wp-content\/uploads\/2019\/01\/international-hairdressing-qualification-course-in-florence-italy.jpg",459,459,false],"large":["https:\/\/www.studiainitalia.com\/wp-content\/uploads\/2019\/01\/international-hairdressing-qualification-course-in-florence-italy.jpg",459,459,false],"1536x1536":["https:\/\/www.studiainitalia.com\/wp-content\/uploads\/2019\/01\/international-hairdressing-qualification-course-in-florence-italy.jpg",459,459,false],"2048x2048":["https:\/\/www.studiainitalia.com\/wp-content\/uploads\/2019\/01\/international-hairdressing-qualification-course-in-florence-italy.jpg",459,459,false],"ultp_layout_landscape_large":["https:\/\/www.studiainitalia.com\/wp-content\/uploads\/2019\/01\/international-hairdressing-qualification-course-in-florence-italy.jpg",459,459,false],"ultp_layout_landscape":["https:\/\/www.studiainitalia.com\/wp-content\/uploads\/2019\/01\/international-hairdressing-qualification-course-in-florence-italy.jpg",459,459,false],"ultp_layout_portrait":["https:\/\/www.studiainitalia.com\/wp-content\/uploads\/2019\/01\/international-hairdressing-qualification-course-in-florence-italy.jpg",459,459,false],"ultp_layout_square":["https:\/\/www.studiainitalia.com\/wp-content\/uploads\/2019\/01\/international-hairdressing-qualification-course-in-florence-italy.jpg",459,459,false],"gform-image-choice-sm":["https:\/\/www.studiainitalia.com\/wp-content\/uploads\/2019\/01\/international-hairdressing-qualification-course-in-florence-italy.jpg",300,300,false],"gform-image-choice-md":["https:\/\/www.studiainitalia.com\/wp-content\/uploads\/2019\/01\/international-hairdressing-qualification-course-in-florence-italy.jpg",400,400,false],"gform-image-choice-lg":["https:\/\/www.studiainitalia.com\/wp-content\/uploads\/2019\/01\/international-hairdressing-qualification-course-in-florence-italy.jpg",459,459,false],"woocommerce_thumbnail":["https:\/\/www.studiainitalia.com\/wp-content\/uploads\/2019\/01\/international-hairdressing-qualification-course-in-florence-italy-300x300.jpg",300,300,true],"woocommerce_single":["https:\/\/www.studiainitalia.com\/wp-content\/uploads\/2019\/01\/international-hairdressing-qualification-course-in-florence-italy-400x400.jpg",400,400,true],"woocommerce_gallery_thumbnail":["https:\/\/www.studiainitalia.com\/wp-content\/uploads\/2019\/01\/international-hairdressing-qualification-course-in-florence-italy-100x100.jpg",100,100,true],"yarpp-thumbnail":["https:\/\/www.studiainitalia.com\/wp-content\/uploads\/2019\/01\/international-hairdressing-qualification-course-in-florence-italy.jpg",120,120,false]},"uagb_author_info":{"display_name":"Javier Diaz","author_link":"https:\/\/www.studiainitalia.com\/es\/author\/"},"uagb_comment_info":0,"uagb_excerpt":"El\u00a0curso internacional de calificaci\u00f3n de peluquer\u00eda, certificado por ITEC y VTCT, est\u00e1 dedicado a estudiantes que deseen convertirse en verdaderos profesionales en este sector, a los que tienen grandes ambiciones y un \u00fanico objetivo: convertirse en estilistas de \u00e9xito. El programa est\u00e1 dise\u00f1ado para ofrecer una formaci\u00f3n completa, alternando estudios te\u00f3ricos y sesiones de pr\u00e1cticas&hellip;","_links":{"self":[{"href":"https:\/\/www.studiainitalia.com\/es\/wp-json\/wp\/v2\/product\/189352","targetHints":{"allow":["GET"]}}],"collection":[{"href":"https:\/\/www.studiainitalia.com\/es\/wp-json\/wp\/v2\/product"}],"about":[{"href":"https:\/\/www.studiainitalia.com\/es\/wp-json\/wp\/v2\/types\/product"}],"replies":[{"embeddable":true,"href":"https:\/\/www.studiainitalia.com\/es\/wp-json\/wp\/v2\/comments?post=189352"}],"wp:featuredmedia":[{"embeddable":true,"href":"https:\/\/www.studiainitalia.com\/es\/wp-json\/wp\/v2\/media\/124152"}],"wp:attachment":[{"href":"https:\/\/www.studiainitalia.com\/es\/wp-json\/wp\/v2\/media?parent=189352"}],"wp:term":[{"taxonomy":"section","embeddable":true,"href":"https:\/\/www.studiainitalia.com\/es\/wp-json\/wp\/v2\/section?post=189352"},{"taxonomy":"product_brand","embeddable":true,"href":"https:\/\/www.studiainitalia.com\/es\/wp-json\/wp\/v2\/product_brand?post=189352"},{"taxonomy":"product_cat","embeddable":true,"href":"https:\/\/www.studiainitalia.com\/es\/wp-json\/wp\/v2\/product_cat?post=189352"},{"taxonomy":"product_tag","embeddable":true,"href":"https:\/\/www.studiainitalia.com\/es\/wp-json\/wp\/v2\/product_tag?post=189352"}],"curies":[{"name":"wp","href":"https:\/\/api.w.org\/{rel}","templated":true}]}}