{"id":189355,"date":"2020-10-16T11:40:10","date_gmt":"2020-10-16T09:40:10","guid":{"rendered":"https:\/\/www.studiainitalia.com\/courses\/sin%20categor\u00eda\/curso-de-cocina-italiana-en-los-abruzos\/"},"modified":"2025-12-19T22:52:00","modified_gmt":"2025-12-19T21:52:00","slug":"curso-de-italiano-y-gastronomia-en-abruzzo","status":"publish","type":"product","link":"https:\/\/www.studiainitalia.com\/es\/cursos\/cursos-de-cocina-en-italia\/curso-de-italiano-y-gastronomia-en-abruzzo\/","title":{"rendered":"Curso de Italiano y Gastronom\u00eda en Abruzzo"},"content":{"rendered":"<h2><strong>Curso de italiano y gastronomia en Abruzzo<\/strong><\/h2>\n<p>&nbsp;<\/p>\n<p>\u00bfQuieres hacer un curso diferente? \u00bfTe gusta la gastronomia? Te ofrecemos dos semanas de inmersi\u00f3n total en una regi\u00f3n a\u00fan bastante desconocida por el turismo internacional.<\/p>\n<p>&nbsp;<\/p>\n<p>El precio del curso de italiano y gastronom\u00eda en Abruzzo incluye:<\/p>\n<p>Transfer desde Roma, todos los traslados para las excursiones, entradas, catas, degustaciones, 14 noches de alojamiento en habitaci\u00f3n Individual en piso compartido con uso de cocina en la ciudad de Vasto.<\/p>\n<p>&nbsp;<\/p>\n<p>Los alojamientos son c\u00e9ntricos y disponen de s\u00e1banas y toallas. El coste incluye tambi\u00e9n una gu\u00eda turistica en italiano, 2 comidas, 6 cenas, material del curso, curso de italiano de 30 horas, certificado final.<\/p>\n<h3><\/h3>\n\n<table id=\"tablepress-84\" class=\"tablepress tablepress-id-84 tbody-has-connected-cells\">\n<thead>\n<tr class=\"row-1\">\n\t<th colspan=\"6\" class=\"column-1\">Fechas de Inicio <\/th>\n<\/tr>\n<\/thead>\n<tbody class=\"row-striping row-hover\">\n<tr class=\"row-2\">\n\t<td class=\"column-1\">Enero<\/td><td class=\"column-2\">bajo peticion<\/td><td class=\"column-3\">Mayo<\/td><td class=\"column-4\">bajo peticion<\/td><td class=\"column-5\">Septiembre<\/td><td class=\"column-6\">bajo peticion<\/td>\n<\/tr>\n<tr class=\"row-3\">\n\t<td class=\"column-1\">Febrero<\/td><td class=\"column-2\">bajo peticion<\/td><td class=\"column-3\">Junio<\/td><td class=\"column-4\">bajo peticion<\/td><td class=\"column-5\">Octobre<\/td><td class=\"column-6\">bajo peticion<\/td>\n<\/tr>\n<tr class=\"row-4\">\n\t<td class=\"column-1\">Marzo<\/td><td class=\"column-2\">bajo peticion<\/td><td class=\"column-3\">Julio<\/td><td class=\"column-4\">bajo peticion<\/td><td class=\"column-5\">Noviembre<\/td><td class=\"column-6\">bajo peticion<\/td>\n<\/tr>\n<tr class=\"row-5\">\n\t<td class=\"column-1\">Abril<\/td><td class=\"column-2\">bajo peticion<\/td><td class=\"column-3\">Agosto<\/td><td class=\"column-4\"><\/td><td class=\"column-5\">Diciembre<\/td><td class=\"column-6\">bajo peticion<\/td>\n<\/tr>\n<tr class=\"row-6\">\n\t<td colspan=\"6\" class=\"column-1\">La escuela permanecer\u00e1 cerrada durante las fiestas nacionales: Epifan\u00eda (06\/01), Lunes de Pascua, D\u00eda de la Liberaci\u00f3n (25\/04), D\u00eda del Trabajo (01\/05), D\u00eda de la Republica (02\/06), Ferragosto (15\/08), Todos los Santos (01\/11), Inmaculada Concepci\u00f3n (8\/12), vacaciones de Navidad y A\u00f1o Nuevo.<\/td>\n<\/tr>\n<\/tbody>\n<\/table>\n<!-- #tablepress-84 from cache -->\n<p>&nbsp;<\/p>\n","protected":false},"excerpt":{"rendered":"<h2><strong>Aprende italiano y enogastronom\u00eda en Abruzzo!<\/strong><\/h2>\n<p>&nbsp;<\/p>\n<ul>\n<li>\u00a0Este paquete especial de dos semanas de duraci\u00f3n incluye 30 clases de italiano y excursiones para conocer la regi\u00f3n italiana de Abruzzo.<\/li>\n<\/ul>\n<ul>\n<li>Las clases de italiano tienen una media de 8 alumnos y se imparten por la ma\u00f1ana mientras que, cada tarde, tendr\u00e1 lugar una actividad de cocina, cata de vinos, degustaciones, visitas guiadas, cenas.<\/li>\n<\/ul>\n<ul>\n<li>Es un programa perfecto para los viajeros que prefieren disponer de una programaci\u00f3n diaria organizada y llena de actividades, sobre todo gastron\u00f3micas.<\/li>\n<\/ul>\n<ul>\n<li>Todas las actividades y cenas est\u00e1n incluidas en la cuota incluyendo las excursiones en fin de semana.<\/li>\n<\/ul>\n<p><strong>Solicita el programa completo!<\/strong><\/p>\n","protected":false},"featured_media":125658,"comment_status":"open","ping_status":"closed","template":"","meta":{"_acf_changed":false,"_uag_custom_page_level_css":"","_kad_blocks_custom_css":"","_kad_blocks_head_custom_js":"","_kad_blocks_body_custom_js":"","_kad_blocks_footer_custom_js":"","site-sidebar-layout":"default","site-content-layout":"default","ast-site-content-layout":"default","site-content-style":"default","site-sidebar-style":"default","ast-global-header-display":"","ast-banner-title-visibility":"","ast-main-header-display":"","ast-hfb-above-header-display":"","ast-hfb-below-header-display":"","ast-hfb-mobile-header-display":"","site-post-title":"","ast-breadcrumbs-content":"","ast-featured-img":"","footer-sml-layout":"","ast-disable-related-posts":"","theme-transparent-header-meta":"default","adv-header-id-meta":"","stick-header-meta":"default","header-above-stick-meta":"","header-main-stick-meta":"","header-below-stick-meta":"","astra-migrate-meta-layouts":"set","ast-page-background-enabled":"default","ast-page-background-meta":{"desktop":{"background-color":"var(--ast-global-color-4)","background-image":"","background-repeat":"repeat","background-position":"center center","background-size":"auto","background-attachment":"scroll","background-type":"","background-media":"","overlay-type":"","overlay-color":"","overlay-opacity":"","overlay-gradient":""},"tablet":{"background-color":"","background-image":"","background-repeat":"repeat","background-position":"center center","background-size":"auto","background-attachment":"scroll","background-type":"","background-media":"","overlay-type":"","overlay-color":"","overlay-opacity":"","overlay-gradient":""},"mobile":{"background-color":"","background-image":"","background-repeat":"repeat","background-position":"center center","background-size":"auto","background-attachment":"scroll","background-type":"","background-media":"","overlay-type":"","overlay-color":"","overlay-opacity":"","overlay-gradient":""}},"ast-content-background-meta":{"desktop":{"background-color":"var(--ast-global-color-5)","background-image":"","background-repeat":"repeat","background-position":"center center","background-size":"auto","background-attachment":"scroll","background-type":"","background-media":"","overlay-type":"","overlay-color":"","overlay-opacity":"","overlay-gradient":""},"tablet":{"background-color":"var(--ast-global-color-5)","background-image":"","background-repeat":"repeat","background-position":"center center","background-size":"auto","background-attachment":"scroll","background-type":"","background-media":"","overlay-type":"","overlay-color":"","overlay-opacity":"","overlay-gradient":""},"mobile":{"background-color":"var(--ast-global-color-5)","background-image":"","background-repeat":"repeat","background-position":"center center","background-size":"auto","background-attachment":"scroll","background-type":"","background-media":"","overlay-type":"","overlay-color":"","overlay-opacity":"","overlay-gradient":""}}},"section":[],"product_brand":[],"product_cat":[1266,1372],"product_tag":[1863],"class_list":{"0":"post-189355","1":"product","2":"type-product","3":"status-publish","4":"has-post-thumbnail","6":"product_cat-cursos-de-cocina-en-italia","7":"product_cat-estudiar-en-los-abruzos","8":"product_tag-cocina","9":"desktop-align-left","10":"tablet-align-left","11":"mobile-align-left","12":"ast-product-gallery-layout-horizontal-slider","13":"ast-product-single-variable","14":"ast-product-tabs-layout-horizontal","15":"ast-qv-on-image-click","17":"first","18":"instock","19":"sold-individually","20":"shipping-taxable","21":"purchasable","22":"product-type-variable"},"acf":[],"taxonomy_info":{"product_cat":[{"value":1266,"label":"Cursos de cocina en Italia"},{"value":1372,"label":"Estudiar en los Abruzos"}],"product_tag":[{"value":1863,"label":"Cocina"}]},"featured_image_src_large":["https:\/\/www.studiainitalia.com\/wp-content\/uploads\/2020\/10\/foto-degustabruzzo.jpg",400,401,false],"author_info":[],"comment_info":0,"uagb_featured_image_src":{"full":["https:\/\/www.studiainitalia.com\/wp-content\/uploads\/2020\/10\/foto-degustabruzzo.jpg",400,401,false],"thumbnail":["https:\/\/www.studiainitalia.com\/wp-content\/uploads\/2020\/10\/foto-degustabruzzo.jpg",96,96,false],"medium":["https:\/\/www.studiainitalia.com\/wp-content\/uploads\/2020\/10\/foto-degustabruzzo.jpg",400,401,false],"medium_large":["https:\/\/www.studiainitalia.com\/wp-content\/uploads\/2020\/10\/foto-degustabruzzo.jpg",400,401,false],"large":["https:\/\/www.studiainitalia.com\/wp-content\/uploads\/2020\/10\/foto-degustabruzzo.jpg",400,401,false],"1536x1536":["https:\/\/www.studiainitalia.com\/wp-content\/uploads\/2020\/10\/foto-degustabruzzo.jpg",400,401,false],"2048x2048":["https:\/\/www.studiainitalia.com\/wp-content\/uploads\/2020\/10\/foto-degustabruzzo.jpg",400,401,false],"ultp_layout_landscape_large":["https:\/\/www.studiainitalia.com\/wp-content\/uploads\/2020\/10\/foto-degustabruzzo.jpg",400,401,false],"ultp_layout_landscape":["https:\/\/www.studiainitalia.com\/wp-content\/uploads\/2020\/10\/foto-degustabruzzo.jpg",400,401,false],"ultp_layout_portrait":["https:\/\/www.studiainitalia.com\/wp-content\/uploads\/2020\/10\/foto-degustabruzzo.jpg",400,401,false],"ultp_layout_square":["https:\/\/www.studiainitalia.com\/wp-content\/uploads\/2020\/10\/foto-degustabruzzo.jpg",400,401,false],"gform-image-choice-sm":["https:\/\/www.studiainitalia.com\/wp-content\/uploads\/2020\/10\/foto-degustabruzzo.jpg",300,300,false],"gform-image-choice-md":["https:\/\/www.studiainitalia.com\/wp-content\/uploads\/2020\/10\/foto-degustabruzzo.jpg",399,400,false],"gform-image-choice-lg":["https:\/\/www.studiainitalia.com\/wp-content\/uploads\/2020\/10\/foto-degustabruzzo.jpg",400,401,false],"woocommerce_thumbnail":["https:\/\/www.studiainitalia.com\/wp-content\/uploads\/2020\/10\/foto-degustabruzzo-300x300.jpg",300,300,true],"woocommerce_single":["https:\/\/www.studiainitalia.com\/wp-content\/uploads\/2020\/10\/foto-degustabruzzo.jpg",400,401,false],"woocommerce_gallery_thumbnail":["https:\/\/www.studiainitalia.com\/wp-content\/uploads\/2020\/10\/foto-degustabruzzo-100x100.jpg",100,100,true],"yarpp-thumbnail":["https:\/\/www.studiainitalia.com\/wp-content\/uploads\/2020\/10\/foto-degustabruzzo-120x120.jpg",120,120,true]},"uagb_author_info":{"display_name":"rafael","author_link":"https:\/\/www.studiainitalia.com\/es\/author\/"},"uagb_comment_info":0,"uagb_excerpt":"Aprende italiano y enogastronom\u00eda en Abruzzo! &nbsp; \u00a0Este paquete especial de dos semanas de duraci\u00f3n incluye 30 clases de italiano y excursiones para conocer la regi\u00f3n italiana de Abruzzo. Las clases de italiano tienen una media de 8 alumnos y se imparten por la ma\u00f1ana mientras que, cada tarde, tendr\u00e1 lugar una actividad de cocina,&hellip;","_links":{"self":[{"href":"https:\/\/www.studiainitalia.com\/es\/wp-json\/wp\/v2\/product\/189355","targetHints":{"allow":["GET"]}}],"collection":[{"href":"https:\/\/www.studiainitalia.com\/es\/wp-json\/wp\/v2\/product"}],"about":[{"href":"https:\/\/www.studiainitalia.com\/es\/wp-json\/wp\/v2\/types\/product"}],"replies":[{"embeddable":true,"href":"https:\/\/www.studiainitalia.com\/es\/wp-json\/wp\/v2\/comments?post=189355"}],"wp:featuredmedia":[{"embeddable":true,"href":"https:\/\/www.studiainitalia.com\/es\/wp-json\/wp\/v2\/media\/125658"}],"wp:attachment":[{"href":"https:\/\/www.studiainitalia.com\/es\/wp-json\/wp\/v2\/media?parent=189355"}],"wp:term":[{"taxonomy":"section","embeddable":true,"href":"https:\/\/www.studiainitalia.com\/es\/wp-json\/wp\/v2\/section?post=189355"},{"taxonomy":"product_brand","embeddable":true,"href":"https:\/\/www.studiainitalia.com\/es\/wp-json\/wp\/v2\/product_brand?post=189355"},{"taxonomy":"product_cat","embeddable":true,"href":"https:\/\/www.studiainitalia.com\/es\/wp-json\/wp\/v2\/product_cat?post=189355"},{"taxonomy":"product_tag","embeddable":true,"href":"https:\/\/www.studiainitalia.com\/es\/wp-json\/wp\/v2\/product_tag?post=189355"}],"curies":[{"name":"wp","href":"https:\/\/api.w.org\/{rel}","templated":true}]}}