{"id":189358,"date":"2017-12-31T16:59:28","date_gmt":"2017-12-31T15:59:28","guid":{"rendered":"https:\/\/www.studiainitalia.com\/courses\/sin%20categor\u00eda\/filigrana-curso-en-florencia\/"},"modified":"2026-01-16T15:57:31","modified_gmt":"2026-01-16T14:57:31","slug":"curso-de-joyeria-filigrana-en-plata-en-florencia","status":"publish","type":"product","link":"https:\/\/www.studiainitalia.com\/es\/cursos\/cursos-en-florencia\/curso-de-joyeria-filigrana-en-plata-en-florencia\/","title":{"rendered":"Curso de Joyer\u00eda: filigrana en plata en Florencia"},"content":{"rendered":"<h2>Curso de Filigrana<\/h2>\n<p>&nbsp;<\/p>\n<p>Nuestro maestro artesano utiliza \u00fanicamente t\u00e9cnicas hist\u00f3ricas y antiguas de orfebrer\u00eda. En su propio taller exposici\u00f3n, podr\u00e1s perfeccionar tus conocimientos del arte de la orfebrer\u00eda utilizando exclusivamente t\u00e9cnicas y herramientas tradicionales.<\/p>\n<p>Se trata de cursos individuales.<\/p>\n<p>Cada alumno, personalmente seguido por el propio maestro artesano, adquiere habilidades a trav\u00e9s de la creaci\u00f3n de una joya, totalmente a mano. Las clases pueden impartirse en italiano o en ingl\u00e9s.<\/p>\n<table id=\"tablepress-84\" class=\"tablepress tablepress-id-84\">\n<thead>\n<tr class=\"row-1 odd\">\n<th class=\"column-1\" colspan=\"6\">Fechas de Inicio<\/th>\n<\/tr>\n<\/thead>\n<tbody class=\"row-hover\">\n<tr class=\"row-2 even\">\n<td class=\"column-1\">Enero<\/td>\n<td class=\"column-2\">bajo peticion<\/td>\n<td class=\"column-3\">Mayo<\/td>\n<td class=\"column-4\">bajo peticion<\/td>\n<td class=\"column-5\">Septiembre<\/td>\n<td class=\"column-6\">bajo peticion<\/td>\n<\/tr>\n<tr class=\"row-3 odd\">\n<td class=\"column-1\">Febrero<\/td>\n<td class=\"column-2\">bajo peticion<\/td>\n<td class=\"column-3\">Junio<\/td>\n<td class=\"column-4\">bajo peticion<\/td>\n<td class=\"column-5\">Octobre<\/td>\n<td class=\"column-6\">bajo peticion<\/td>\n<\/tr>\n<tr class=\"row-4 even\">\n<td class=\"column-1\">Marzo<\/td>\n<td class=\"column-2\">bajo peticion<\/td>\n<td class=\"column-3\">Julio<\/td>\n<td class=\"column-4\">bajo peticion<\/td>\n<td class=\"column-5\">Noviembre<\/td>\n<td class=\"column-6\">bajo peticion<\/td>\n<\/tr>\n<tr class=\"row-5 odd\">\n<td class=\"column-1\">Abril<\/td>\n<td class=\"column-2\">bajo peticion<\/td>\n<td class=\"column-3\">Agosto<\/td>\n<td class=\"column-4\"><\/td>\n<td class=\"column-5\">Diciembre<\/td>\n<td class=\"column-6\">bajo peticion<\/td>\n<\/tr>\n<tr class=\"row-6 even\">\n<td class=\"column-1\" colspan=\"6\">La escuela permanecer\u00e1 cerrada durante las fiestas nacionales: Epifan\u00eda (06\/01), Lunes de Pascua, D\u00eda de la Liberaci\u00f3n (25\/04), D\u00eda del Trabajo (01\/05), D\u00eda de la Republica (02\/06), Ferragosto (15\/08), Todos los Santos (01\/11), Inmaculada Concepci\u00f3n (8\/12), vacaciones de Navidad y A\u00f1o Nuevo.<\/td>\n<\/tr>\n<\/tbody>\n<\/table>\n<div class=\"aiosrs-rating-wrap\" data-schema-id=\"90691\">\n<div class=\"aiosrs-rating-summary-wrap\"><\/div>\n<\/div>\n<h3><\/h3>\n<p>&nbsp;<\/p>\n<div class=\"perfmatters-lazy-youtube\" data-src=\"https:\/\/www.youtube.com\/embed\/ELqKfrWQG3Y\" data-id=\"ELqKfrWQG3Y\" data-query=\"\">\n<div>\n<p><img loading=\"lazy\" decoding=\"async\" class=\"perfmatters-lazy entered pmloaded\" src=\"https:\/\/i.ytimg.com\/vi\/ELqKfrWQG3Y\/hqdefault.jpg\" alt=\"YouTube video\" width=\"480\" height=\"360\" data-pin-nopin=\"true\" data-src=\"https:\/\/i.ytimg.com\/vi\/ELqKfrWQG3Y\/hqdefault.jpg\" data-ll-status=\"loaded\" data- title=\"\"><\/p>\n<div class=\"aiosrs-star-rating-wrap \"><\/div>\n<div class=\"aiosrs-rating-summary-wrap\"><\/div>\n<\/div>\n","protected":false},"excerpt":{"rendered":"<h2><strong>Aprende a hacer la antigua filigrana con t\u00e9cnicas antiguas y totalmente a mano<\/strong><\/h2>\n<p>&nbsp;<\/p>\n<p>Cada elemento de la filigrana est\u00e1 soldado a los dem\u00e1s a mano en sus puntos de contacto, lo que permite obtener una forma muy delicada, \u00fanica y org\u00e1nica.<\/p>\n<p>Cada alumno, seguido personalmente por el maestro artesano, adquiere habilidades mediante la creaci\u00f3n de un elemento de filigrana, realizado en plata y totalmente a mano.<\/p>\n<p>El curso de filigrana dura 2 semanas (20 horas por semana)<\/p>\n<p>Todos los materiales est\u00e1n incluidos. Las clases comienzan cada lunes (excepto agosto).<\/p>\n<p>El programa incluye, entre otros, los temas siguientes:<\/p>\n<ul>\n<li>Introducci\u00f3n a las herramientas, materiales y metales antiguos<\/li>\n<li>T\u00e9cnicas de soldadura con llama de gas y microllama (para principiantes)<\/li>\n<li>Realizaci\u00f3n de hilos trenzados y otros hilos especiales<\/li>\n<li>Montaje de elementos de filigrana<\/li>\n<li>Modelado de filigranas<\/li>\n<\/ul>\n","protected":false},"featured_media":123099,"comment_status":"open","ping_status":"closed","template":"","meta":{"_acf_changed":false,"_uag_custom_page_level_css":"","_kad_blocks_custom_css":"","_kad_blocks_head_custom_js":"","_kad_blocks_body_custom_js":"","_kad_blocks_footer_custom_js":"","site-sidebar-layout":"default","site-content-layout":"default","ast-site-content-layout":"default","site-content-style":"default","site-sidebar-style":"default","ast-global-header-display":"","ast-banner-title-visibility":"","ast-main-header-display":"","ast-hfb-above-header-display":"","ast-hfb-below-header-display":"","ast-hfb-mobile-header-display":"","site-post-title":"","ast-breadcrumbs-content":"","ast-featured-img":"","footer-sml-layout":"","ast-disable-related-posts":"","theme-transparent-header-meta":"default","adv-header-id-meta":"","stick-header-meta":"default","header-above-stick-meta":"","header-main-stick-meta":"","header-below-stick-meta":"","astra-migrate-meta-layouts":"set","ast-page-background-enabled":"default","ast-page-background-meta":{"desktop":{"background-color":"var(--ast-global-color-4)","background-image":"","background-repeat":"repeat","background-position":"center center","background-size":"auto","background-attachment":"scroll","background-type":"","background-media":"","overlay-type":"","overlay-color":"","overlay-opacity":"","overlay-gradient":""},"tablet":{"background-color":"","background-image":"","background-repeat":"repeat","background-position":"center center","background-size":"auto","background-attachment":"scroll","background-type":"","background-media":"","overlay-type":"","overlay-color":"","overlay-opacity":"","overlay-gradient":""},"mobile":{"background-color":"","background-image":"","background-repeat":"repeat","background-position":"center center","background-size":"auto","background-attachment":"scroll","background-type":"","background-media":"","overlay-type":"","overlay-color":"","overlay-opacity":"","overlay-gradient":""}},"ast-content-background-meta":{"desktop":{"background-color":"var(--ast-global-color-5)","background-image":"","background-repeat":"repeat","background-position":"center center","background-size":"auto","background-attachment":"scroll","background-type":"","background-media":"","overlay-type":"","overlay-color":"","overlay-opacity":"","overlay-gradient":""},"tablet":{"background-color":"var(--ast-global-color-5)","background-image":"","background-repeat":"repeat","background-position":"center center","background-size":"auto","background-attachment":"scroll","background-type":"","background-media":"","overlay-type":"","overlay-color":"","overlay-opacity":"","overlay-gradient":""},"mobile":{"background-color":"var(--ast-global-color-5)","background-image":"","background-repeat":"repeat","background-position":"center center","background-size":"auto","background-attachment":"scroll","background-type":"","background-media":"","overlay-type":"","overlay-color":"","overlay-opacity":"","overlay-gradient":""}}},"section":[],"product_brand":[],"product_cat":[1272,1350],"product_tag":[],"class_list":{"0":"post-189358","1":"product","2":"type-product","3":"status-publish","4":"has-post-thumbnail","6":"product_cat-cursos-en-florencia","7":"product_cat-diseno-de-joyas","8":"desktop-align-left","9":"tablet-align-left","10":"mobile-align-left","11":"ast-product-gallery-layout-horizontal-slider","12":"ast-product-gallery-with-no-image","13":"ast-product-single-variable","14":"ast-product-tabs-layout-horizontal","15":"ast-qv-on-image-click","17":"first","18":"instock","19":"sold-individually","20":"shipping-taxable","21":"purchasable","22":"product-type-variable"},"acf":[],"taxonomy_info":{"product_cat":[{"value":1272,"label":"Cursos en Florencia"},{"value":1350,"label":"Dise\u00f1o de joyas"}]},"featured_image_src_large":["https:\/\/www.studiainitalia.com\/wp-content\/uploads\/2017\/12\/filigree_course_in_florence.jpg",432,432,false],"author_info":[],"comment_info":1,"uagb_featured_image_src":{"full":["https:\/\/www.studiainitalia.com\/wp-content\/uploads\/2017\/12\/filigree_course_in_florence.jpg",432,432,false],"thumbnail":["https:\/\/www.studiainitalia.com\/wp-content\/uploads\/2017\/12\/filigree_course_in_florence-150x150.jpg",96,96,true],"medium":["https:\/\/www.studiainitalia.com\/wp-content\/uploads\/2017\/12\/filigree_course_in_florence-300x300.jpg",300,300,true],"medium_large":["https:\/\/www.studiainitalia.com\/wp-content\/uploads\/2017\/12\/filigree_course_in_florence.jpg",432,432,false],"large":["https:\/\/www.studiainitalia.com\/wp-content\/uploads\/2017\/12\/filigree_course_in_florence.jpg",432,432,false],"1536x1536":["https:\/\/www.studiainitalia.com\/wp-content\/uploads\/2017\/12\/filigree_course_in_florence.jpg",432,432,false],"2048x2048":["https:\/\/www.studiainitalia.com\/wp-content\/uploads\/2017\/12\/filigree_course_in_florence.jpg",432,432,false],"ultp_layout_landscape_large":["https:\/\/www.studiainitalia.com\/wp-content\/uploads\/2017\/12\/filigree_course_in_florence.jpg",432,432,false],"ultp_layout_landscape":["https:\/\/www.studiainitalia.com\/wp-content\/uploads\/2017\/12\/filigree_course_in_florence.jpg",432,432,false],"ultp_layout_portrait":["https:\/\/www.studiainitalia.com\/wp-content\/uploads\/2017\/12\/filigree_course_in_florence.jpg",432,432,false],"ultp_layout_square":["https:\/\/www.studiainitalia.com\/wp-content\/uploads\/2017\/12\/filigree_course_in_florence.jpg",432,432,false],"grid-thumb":["https:\/\/www.studiainitalia.com\/wp-content\/uploads\/2017\/12\/filigree_course_in_florence.jpg",150,150,false],"gform-image-choice-sm":["https:\/\/www.studiainitalia.com\/wp-content\/uploads\/2017\/12\/filigree_course_in_florence.jpg",300,300,false],"gform-image-choice-md":["https:\/\/www.studiainitalia.com\/wp-content\/uploads\/2017\/12\/filigree_course_in_florence.jpg",400,400,false],"gform-image-choice-lg":["https:\/\/www.studiainitalia.com\/wp-content\/uploads\/2017\/12\/filigree_course_in_florence.jpg",432,432,false],"woocommerce_thumbnail":["https:\/\/www.studiainitalia.com\/wp-content\/uploads\/2017\/12\/filigree_course_in_florence-300x300.jpg",300,300,true],"woocommerce_single":["https:\/\/www.studiainitalia.com\/wp-content\/uploads\/2017\/12\/filigree_course_in_florence-400x400.jpg",400,400,true],"woocommerce_gallery_thumbnail":["https:\/\/www.studiainitalia.com\/wp-content\/uploads\/2017\/12\/filigree_course_in_florence-100x100.jpg",100,100,true],"yarpp-thumbnail":["https:\/\/www.studiainitalia.com\/wp-content\/uploads\/2017\/12\/filigree_course_in_florence.jpg",120,120,false]},"uagb_author_info":{"display_name":"Javier Diaz","author_link":"https:\/\/www.studiainitalia.com\/es\/author\/"},"uagb_comment_info":1,"uagb_excerpt":"Aprende a hacer la antigua filigrana con t\u00e9cnicas antiguas y totalmente a mano &nbsp; Cada elemento de la filigrana est\u00e1 soldado a los dem\u00e1s a mano en sus puntos de contacto, lo que permite obtener una forma muy delicada, \u00fanica y org\u00e1nica. Cada alumno, seguido personalmente por el maestro artesano, adquiere habilidades mediante la creaci\u00f3n&hellip;","_links":{"self":[{"href":"https:\/\/www.studiainitalia.com\/es\/wp-json\/wp\/v2\/product\/189358","targetHints":{"allow":["GET"]}}],"collection":[{"href":"https:\/\/www.studiainitalia.com\/es\/wp-json\/wp\/v2\/product"}],"about":[{"href":"https:\/\/www.studiainitalia.com\/es\/wp-json\/wp\/v2\/types\/product"}],"replies":[{"embeddable":true,"href":"https:\/\/www.studiainitalia.com\/es\/wp-json\/wp\/v2\/comments?post=189358"}],"wp:featuredmedia":[{"embeddable":true,"href":"https:\/\/www.studiainitalia.com\/es\/wp-json\/wp\/v2\/media\/123099"}],"wp:attachment":[{"href":"https:\/\/www.studiainitalia.com\/es\/wp-json\/wp\/v2\/media?parent=189358"}],"wp:term":[{"taxonomy":"section","embeddable":true,"href":"https:\/\/www.studiainitalia.com\/es\/wp-json\/wp\/v2\/section?post=189358"},{"taxonomy":"product_brand","embeddable":true,"href":"https:\/\/www.studiainitalia.com\/es\/wp-json\/wp\/v2\/product_brand?post=189358"},{"taxonomy":"product_cat","embeddable":true,"href":"https:\/\/www.studiainitalia.com\/es\/wp-json\/wp\/v2\/product_cat?post=189358"},{"taxonomy":"product_tag","embeddable":true,"href":"https:\/\/www.studiainitalia.com\/es\/wp-json\/wp\/v2\/product_tag?post=189358"}],"curies":[{"name":"wp","href":"https:\/\/api.w.org\/{rel}","templated":true}]}}