{"id":189432,"date":"2022-10-25T16:38:01","date_gmt":"2022-10-25T14:38:01","guid":{"rendered":"https:\/\/www.studiainitalia.com\/courses\/sin%20categor\u00eda\/cocina-italiana-curso-de-verano\/"},"modified":"2026-04-24T13:24:41","modified_gmt":"2026-04-24T11:24:41","slug":"cocina-italiana-profesional","status":"publish","type":"product","link":"https:\/\/www.studiainitalia.com\/es\/cursos\/cursos-de-cocina-en-italia\/cocina-italiana-profesional\/","title":{"rendered":"Cocina Italiana Profesional en Florencia"},"content":{"rendered":"<div class=\"vc_row wpb_row vc_row-fluid eltd-section vc_custom_1655715102019 eltd-content-aligment-left eltd-grid-section\">\n<div class=\"clearfix eltd-section-inner\">\n<div class=\"eltd-section-inner-margin clearfix\">\n<div class=\"wpb_column vc_column_container vc_col-sm-12 vc_hidden-xs vc_col-has-fill\">\n<div class=\"vc_column-inner vc_custom_1656321489209\">\n<div class=\"wpb_wrapper\">\n<div class=\"wpb_text_column wpb_content_element vc_custom_1664364683627\">\n<div class=\"wpb_wrapper\">\n<div class=\"vc_row wpb_row vc_inner vc_row-fluid eltd-section vc_custom_1650628909946 eltd-content-aligment-center eltd-grid-section\" data-eltd-parallax-speed=\"1\">\n<div class=\"eltd-section-inner\">\n<div class=\"eltd-section-inner-margin clearfix\">\n<div id=\"who\" class=\"wpb_column vc_column_container vc_col-sm-12\">\n<div class=\"vc_column-inner\">\n<div class=\"wpb_wrapper\">\n<div class=\"wpb_text_column wpb_content_element \">\n<div class=\"wpb_wrapper\">\n<div class=\"vc_row wpb_row vc_inner vc_row-fluid eltd-section vc_custom_1650628909946 eltd-content-aligment-center eltd-grid-section\" data-eltd-parallax-speed=\"1\">\n<div class=\"eltd-section-inner\">\n<div class=\"eltd-section-inner-margin clearfix\">\n<div id=\"what\" class=\"wpb_column vc_column_container vc_col-sm-12\">\n<div class=\"vc_column-inner\">\n<div class=\"wpb_wrapper\">\n<div class=\"wpb_text_column wpb_content_element vc_custom_1652345068047\">\n<div class=\"wpb_wrapper\">\n<div class=\"vc_row wpb_row vc_inner vc_row-fluid eltd-section vc_custom_1650628909946 eltd-content-aligment-center eltd-grid-section\" data-eltd-parallax-speed=\"1\">\n<div class=\"eltd-section-inner\">\n<div class=\"eltd-section-inner-margin clearfix\">\n<div id=\"what\" class=\"wpb_column vc_column_container vc_col-sm-12\">\n<div class=\"vc_column-inner\">\n<div class=\"wpb_wrapper\">\n<h2><strong>Cocina Italiana profesional en Florencia<\/strong><\/h2>\n<p>&nbsp;<\/p>\n<p>&nbsp;<\/p>\n<p>Nuestro Curso de Cocina Italiana profesional en Florencia ofrece una introducci\u00f3n a la cocina italiana.<\/p>\n<p>El programa tiene lugar durante 3 semanas en el mes de julio.<\/p>\n<p>&nbsp;<\/p>\n<p>Descubre las tradiciones culinarias Made in Italy mientras aprendes las habilidades culinarias m\u00e1s importantes con chefs profesionales.<\/p>\n<p>&nbsp;<\/p>\n<p>El curso est\u00e1 organizado en 90 horas que incluir\u00e1n clases pr\u00e1cticas de cocina con un chef especializado, visitas a productores de alimentos y vinos artesanales, conferencias y seminarios.<\/p>\n<p>&nbsp;<\/p>\n<p>Los seminarios y conferencias sobre la gastronom\u00eda italiana y la producci\u00f3n industrial de alimentos completar\u00e1n el recorrido acad\u00e9mico.<\/p>\n<p>&nbsp;<\/p>\n<p>El curso se imparte en ingl\u00e9s. Las clases se imparten de lunes a viernes en jornada completa.<\/p>\n<p>Se solicita una cuota de preinscripci\u00f3n de 1000 euros para empezar el proceso de solicitud.<\/p>\n<p>La inscripci\u00f3n est\u00e1 limitada a 12 alumnos.<\/p>\n<p>&nbsp;<\/p>\n<p>\u00bfBuscas en cambio\u00a0<a href=\"https:\/\/www.studiainitalia.com\/es\/academy\/programa-culinario\/\">un curso profesional de larga duraci\u00f3n<\/a>?<\/p>\n<p><strong>\u00a1Pide m\u00e1s informaci\u00f3n!<\/strong><\/p>\n<\/div>\n<\/div>\n<\/div>\n<\/div>\n<\/div>\n<\/div>\n<\/div>\n<\/div>\n<\/div>\n<\/div>\n<\/div>\n<\/div>\n<\/div>\n<\/div>\n<\/div>\n<\/div>\n<\/div>\n<\/div>\n<\/div>\n<\/div>\n<\/div>\n<\/div>\n<\/div>\n<\/div>\n<\/div>\n<\/div>\n<\/div>\n<\/div>\n<\/div>\n<\/div>\n<div class=\"aiosrs-rating-wrap\" data-schema-id=\"90691\">\n<div class=\"aiosrs-star-rating-wrap \"><\/div>\n<div class=\"aiosrs-rating-summary-wrap\"><\/div>\n<\/div>\n","protected":false},"excerpt":{"rendered":"<h2><strong>\u00bfQuieres aprender las habilidades culinarias m\u00e1s importantes con un chef profesional en Italia?<\/strong><\/h2>\n<p>&nbsp;<\/p>\n<p>Este curso intensivo de cocina profesional te ofrecer\u00e1 la oportunidad de trabajar en la cocina de un restaurante de alta cocina, o de una trattoria, o de un bistrot, de un caf\u00e9 y mucho m\u00e1s.<\/p>\n<p>Las habilidades culinarias son el foco y el coraz\u00f3n del curso. Aprender\u00e1s a hacer\u00a0<em>primi piatti, secondi piatti<\/em>, panes y postres, utilizando \u00fanicamente ingredientes de temporada.<\/p>\n<p>Clases\u00a0 con visitas a los productores de alimentos artesanales que abastecen diariamente las cocinas de los restaurantes: queseros, agricultores y bodegas de la regi\u00f3n del Chianti, cuidadosamente seleccionados.<\/p>\n","protected":false},"featured_media":132954,"comment_status":"open","ping_status":"closed","template":"","meta":{"_acf_changed":false,"_uag_custom_page_level_css":"","_kad_blocks_custom_css":"","_kad_blocks_head_custom_js":"","_kad_blocks_body_custom_js":"","_kad_blocks_footer_custom_js":"","site-sidebar-layout":"default","site-content-layout":"default","ast-site-content-layout":"default","site-content-style":"default","site-sidebar-style":"default","ast-global-header-display":"","ast-banner-title-visibility":"","ast-main-header-display":"","ast-hfb-above-header-display":"","ast-hfb-below-header-display":"","ast-hfb-mobile-header-display":"","site-post-title":"","ast-breadcrumbs-content":"","ast-featured-img":"","footer-sml-layout":"","ast-disable-related-posts":"","theme-transparent-header-meta":"default","adv-header-id-meta":"","stick-header-meta":"default","header-above-stick-meta":"","header-main-stick-meta":"","header-below-stick-meta":"","astra-migrate-meta-layouts":"set","ast-page-background-enabled":"default","ast-page-background-meta":{"desktop":{"background-color":"var(--ast-global-color-4)","background-image":"","background-repeat":"repeat","background-position":"center center","background-size":"auto","background-attachment":"scroll","background-type":"","background-media":"","overlay-type":"","overlay-color":"","overlay-opacity":"","overlay-gradient":""},"tablet":{"background-color":"","background-image":"","background-repeat":"repeat","background-position":"center center","background-size":"auto","background-attachment":"scroll","background-type":"","background-media":"","overlay-type":"","overlay-color":"","overlay-opacity":"","overlay-gradient":""},"mobile":{"background-color":"","background-image":"","background-repeat":"repeat","background-position":"center center","background-size":"auto","background-attachment":"scroll","background-type":"","background-media":"","overlay-type":"","overlay-color":"","overlay-opacity":"","overlay-gradient":""}},"ast-content-background-meta":{"desktop":{"background-color":"var(--ast-global-color-5)","background-image":"","background-repeat":"repeat","background-position":"center center","background-size":"auto","background-attachment":"scroll","background-type":"","background-media":"","overlay-type":"","overlay-color":"","overlay-opacity":"","overlay-gradient":""},"tablet":{"background-color":"var(--ast-global-color-5)","background-image":"","background-repeat":"repeat","background-position":"center center","background-size":"auto","background-attachment":"scroll","background-type":"","background-media":"","overlay-type":"","overlay-color":"","overlay-opacity":"","overlay-gradient":""},"mobile":{"background-color":"var(--ast-global-color-5)","background-image":"","background-repeat":"repeat","background-position":"center center","background-size":"auto","background-attachment":"scroll","background-type":"","background-media":"","overlay-type":"","overlay-color":"","overlay-opacity":"","overlay-gradient":""}}},"section":[2055],"product_brand":[],"product_cat":[1266,1272],"product_tag":[1863,1847],"class_list":{"0":"post-189432","1":"product","2":"type-product","3":"status-publish","4":"has-post-thumbnail","6":"section-cooking-courses","7":"product_cat-cursos-de-cocina-en-italia","8":"product_cat-cursos-en-florencia","9":"product_tag-cocina","10":"product_tag-cursos-en-florencia","11":"desktop-align-left","12":"tablet-align-left","13":"mobile-align-left","14":"ast-product-gallery-layout-horizontal-slider","15":"ast-product-single-variable","16":"ast-product-tabs-layout-horizontal","17":"ast-qv-on-image-click","19":"first","20":"instock","21":"sold-individually","22":"shipping-taxable","23":"purchasable","24":"product-type-variable"},"acf":[],"taxonomy_info":{"section":[{"value":2055,"label":"Cooking Courses"}],"product_cat":[{"value":1266,"label":"Cursos de cocina en Italia"},{"value":1272,"label":"Cursos en Florencia"}],"product_tag":[{"value":1863,"label":"Cocina"},{"value":1847,"label":"Cursos en Florencia"}]},"featured_image_src_large":["https:\/\/www.studiainitalia.com\/wp-content\/uploads\/2022\/10\/846-schola-food-ph-stefano-casati-05603-scaled.jpg",2880,1921,false],"author_info":[],"comment_info":0,"uagb_featured_image_src":{"full":["https:\/\/www.studiainitalia.com\/wp-content\/uploads\/2022\/10\/846-schola-food-ph-stefano-casati-05603-scaled.jpg",2880,1921,false],"thumbnail":["https:\/\/www.studiainitalia.com\/wp-content\/uploads\/2022\/10\/846-schola-food-ph-stefano-casati-05603-scaled.jpg",128,85,false],"medium":["https:\/\/www.studiainitalia.com\/wp-content\/uploads\/2022\/10\/846-schola-food-ph-stefano-casati-05603-scaled.jpg",2880,1921,false],"medium_large":["https:\/\/www.studiainitalia.com\/wp-content\/uploads\/2022\/10\/846-schola-food-ph-stefano-casati-05603-768x512.jpg",768,512,true],"large":["https:\/\/www.studiainitalia.com\/wp-content\/uploads\/2022\/10\/846-schola-food-ph-stefano-casati-05603-scaled.jpg",2880,1921,false],"1536x1536":["https:\/\/www.studiainitalia.com\/wp-content\/uploads\/2022\/10\/846-schola-food-ph-stefano-casati-05603-1536x1025.jpg",1536,1025,true],"2048x2048":["https:\/\/www.studiainitalia.com\/wp-content\/uploads\/2022\/10\/846-schola-food-ph-stefano-casati-05603-2048x1366.jpg",2048,1366,true],"ultp_layout_landscape_large":["https:\/\/www.studiainitalia.com\/wp-content\/uploads\/2022\/10\/846-schola-food-ph-stefano-casati-05603-1200x800.jpg",1200,800,true],"ultp_layout_landscape":["https:\/\/www.studiainitalia.com\/wp-content\/uploads\/2022\/10\/846-schola-food-ph-stefano-casati-05603-870x570.jpg",870,570,true],"ultp_layout_portrait":["https:\/\/www.studiainitalia.com\/wp-content\/uploads\/2022\/10\/846-schola-food-ph-stefano-casati-05603-600x900.jpg",600,900,true],"ultp_layout_square":["https:\/\/www.studiainitalia.com\/wp-content\/uploads\/2022\/10\/846-schola-food-ph-stefano-casati-05603-600x600.jpg",600,600,true],"gform-image-choice-sm":["https:\/\/www.studiainitalia.com\/wp-content\/uploads\/2022\/10\/846-schola-food-ph-stefano-casati-05603-scaled.jpg",300,200,false],"gform-image-choice-md":["https:\/\/www.studiainitalia.com\/wp-content\/uploads\/2022\/10\/846-schola-food-ph-stefano-casati-05603-scaled.jpg",400,267,false],"gform-image-choice-lg":["https:\/\/www.studiainitalia.com\/wp-content\/uploads\/2022\/10\/846-schola-food-ph-stefano-casati-05603-scaled.jpg",600,400,false],"woocommerce_thumbnail":["https:\/\/www.studiainitalia.com\/wp-content\/uploads\/2022\/10\/846-schola-food-ph-stefano-casati-05603-300x300.jpg",300,300,true],"woocommerce_single":["https:\/\/www.studiainitalia.com\/wp-content\/uploads\/2022\/10\/846-schola-food-ph-stefano-casati-05603-400x267.jpg",400,267,true],"woocommerce_gallery_thumbnail":["https:\/\/www.studiainitalia.com\/wp-content\/uploads\/2022\/10\/846-schola-food-ph-stefano-casati-05603-100x100.jpg",100,100,true],"yarpp-thumbnail":["https:\/\/www.studiainitalia.com\/wp-content\/uploads\/2022\/10\/846-schola-food-ph-stefano-casati-05603-120x120.jpg",120,120,true]},"uagb_author_info":{"display_name":"Jordi Torres","author_link":"https:\/\/www.studiainitalia.com\/es\/author\/"},"uagb_comment_info":0,"uagb_excerpt":"\u00bfQuieres aprender las habilidades culinarias m\u00e1s importantes con un chef profesional en Italia? &nbsp; Este curso intensivo de cocina profesional te ofrecer\u00e1 la oportunidad de trabajar en la cocina de un restaurante de alta cocina, o de una trattoria, o de un bistrot, de un caf\u00e9 y mucho m\u00e1s. Las habilidades culinarias son el foco&hellip;","_links":{"self":[{"href":"https:\/\/www.studiainitalia.com\/es\/wp-json\/wp\/v2\/product\/189432","targetHints":{"allow":["GET"]}}],"collection":[{"href":"https:\/\/www.studiainitalia.com\/es\/wp-json\/wp\/v2\/product"}],"about":[{"href":"https:\/\/www.studiainitalia.com\/es\/wp-json\/wp\/v2\/types\/product"}],"replies":[{"embeddable":true,"href":"https:\/\/www.studiainitalia.com\/es\/wp-json\/wp\/v2\/comments?post=189432"}],"wp:featuredmedia":[{"embeddable":true,"href":"https:\/\/www.studiainitalia.com\/es\/wp-json\/wp\/v2\/media\/132954"}],"wp:attachment":[{"href":"https:\/\/www.studiainitalia.com\/es\/wp-json\/wp\/v2\/media?parent=189432"}],"wp:term":[{"taxonomy":"section","embeddable":true,"href":"https:\/\/www.studiainitalia.com\/es\/wp-json\/wp\/v2\/section?post=189432"},{"taxonomy":"product_brand","embeddable":true,"href":"https:\/\/www.studiainitalia.com\/es\/wp-json\/wp\/v2\/product_brand?post=189432"},{"taxonomy":"product_cat","embeddable":true,"href":"https:\/\/www.studiainitalia.com\/es\/wp-json\/wp\/v2\/product_cat?post=189432"},{"taxonomy":"product_tag","embeddable":true,"href":"https:\/\/www.studiainitalia.com\/es\/wp-json\/wp\/v2\/product_tag?post=189432"}],"curies":[{"name":"wp","href":"https:\/\/api.w.org\/{rel}","templated":true}]}}