{"id":192057,"date":"2017-06-21T19:47:54","date_gmt":"2017-06-21T17:47:54","guid":{"rendered":"https:\/\/www.studiainitalia.com\/?post_type=product&#038;p=192057"},"modified":"2026-04-15T19:31:40","modified_gmt":"2026-04-15T17:31:40","slug":"italiano-y-trabajo-en-florencia-arquitectura","status":"publish","type":"product","link":"https:\/\/www.studiainitalia.com\/es\/cursos\/cursos-en-florencia\/italiano-y-trabajo-en-florencia-arquitectura\/","title":{"rendered":"Italiano y trabajo en Florencia: Arquitectura"},"content":{"rendered":"<h2><strong>Italiano y trabajo en arquitectura<\/strong><\/h2>\n<p>&nbsp;<\/p>\n<p>Nuestra escuela de italiano en Florencia, fundada en 1978, est\u00e1 reconocida por el Ministerio de Educaci\u00f3n italiano.<\/p>\n<p>&nbsp;<\/p>\n<p>La escuela se caracteriza por el trato personal y la atenci\u00f3n con los que todo el personal se ocupa de sus alumnos, ayud\u00e1ndolos a resolver todas sus necesidades e intentando estar a la altura de sus expectativas. El ambiente es alegre e informal.<\/p>\n<p>&nbsp;<\/p>\n<p>Las pr\u00e1cticas est\u00e1n oficialmente reconocidas por la regi\u00f3n de Toscana.<\/p>\n<p>&nbsp;<\/p>\n\n<table id=\"tablepress-47\" class=\"tablepress tablepress-id-47 tbody-has-connected-cells\">\n<thead>\n<tr class=\"row-1\">\n\t<th colspan=\"6\" class=\"column-1\">Fechas de Inicio 2026<\/th>\n<\/tr>\n<\/thead>\n<tbody class=\"row-striping row-hover\">\n<tr class=\"row-2\">\n\t<td class=\"column-1\">Enero<\/td><td class=\"column-2\">5, 19<\/td><td class=\"column-3\">Mayo<\/td><td class=\"column-4\">11, 25<\/td><td class=\"column-5\">Septiembre<\/td><td class=\"column-6\">14, 28<\/td>\n<\/tr>\n<tr class=\"row-3\">\n\t<td class=\"column-1\">Febrero<\/td><td class=\"column-2\">2, 16<\/td><td class=\"column-3\">Junio<\/td><td class=\"column-4\">8, 22<\/td><td class=\"column-5\">Octubre<\/td><td class=\"column-6\">12, 26<\/td>\n<\/tr>\n<tr class=\"row-4\">\n\t<td class=\"column-1\">Marzo<\/td><td class=\"column-2\">2, 16, 30<\/td><td class=\"column-3\">Julio<\/td><td class=\"column-4\">6, 20<\/td><td class=\"column-5\">Noviembre<\/td><td class=\"column-6\">9, 23<\/td>\n<\/tr>\n<tr class=\"row-5\">\n\t<td class=\"column-1\">Abril<\/td><td class=\"column-2\">13, 27<\/td><td class=\"column-3\">Agosto<\/td><td class=\"column-4\">3, 17, 31<\/td><td class=\"column-5\">Diciembre<\/td><td class=\"column-6\">7<\/td>\n<\/tr>\n<tr class=\"row-6\">\n\t<td colspan=\"6\" class=\"column-1\">La escuela permanecer\u00e0 cerrada durante las fiestas nacionales: Epifan\u00eda (06\/01), Lunes de Pascua, D\u00eda de la Liberaci\u00f3n (25\/04), D\u00eda del Trabajo (01\/05), D\u00eda de la Republica (02\/06), 24\/06, Ferragosto (15\/08), Todos los Santos (01\/11), Inmaculada Concepci\u00f3n (8\/12), vacaciones de Navidad y A\u00f1o Nuevo.<\/td>\n<\/tr>\n<\/tbody>\n<\/table>\n<!-- #tablepress-47 from cache -->\n<div class=\"aiosrs-rating-wrap\" data-schema-id=\"90691\">\n<div class=\"aiosrs-star-rating-wrap \"><\/div>\n<div class=\"aiosrs-rating-summary-wrap\"><\/div>\n<\/div>\n","protected":false},"excerpt":{"rendered":"<p>Este programa de estudio y trabajo en arquitectura est\u00e1 dirigido a\u00a0<strong>estudiantes de arquitectura<\/strong>\u00a0o de<strong>\u00a0dise\u00f1o de interiores<\/strong>\u00a0de entre 18 y 30 a\u00f1os que quieran aprender italiano y al mismo tiempo realizar pr\u00e1cticas de trabajo en arquitectura en Italia, en la ciudad de Florencia.<\/p>\n<ul>\n<li>Podr\u00e1s asistir a un curso intensivo de italiano durante las primeras 4 semanas en nuestra escuela de Florencia y posteriormente realizar tus pr\u00e1cticas de trabajo (8 semanas, unas 32 horas semanales) en un estudio de arquitectura de la ciudad.<\/li>\n<\/ul>\n<ul>\n<li>No se proporciona ning\u00fan tipo de sueldo. Las pr\u00e1cticas est\u00e1n reconocidas por la regi\u00f3n de Toscana.<\/li>\n<\/ul>\n<ul>\n<li>Hay cursos disponibles para todos los niveles del Marco Com\u00fan de Referencia de la Uni\u00f3n Europea, desde principiantes hasta avanzados.<\/li>\n<\/ul>\n<ul>\n<li>\u00a0El primer d\u00eda de clase se realizar\u00e1 un test de nivel.<\/li>\n<\/ul>\n<ul>\n<li>La metodolog\u00eda de ense\u00f1anza del italiano es comunicativa, y se basa en la adquisici\u00f3n de una competencia efectiva para la interacci\u00f3n ling\u00fc\u00edstica.<\/li>\n<\/ul>\n<p>Es un programa ideal para mejorar tu italiano y acercarte al mundo profesional de la arquitectura en Italia.<\/p>\n","protected":false},"featured_media":199736,"comment_status":"open","ping_status":"closed","template":"","meta":{"_acf_changed":false,"_uag_custom_page_level_css":"","_kad_blocks_custom_css":"","_kad_blocks_head_custom_js":"","_kad_blocks_body_custom_js":"","_kad_blocks_footer_custom_js":"","site-sidebar-layout":"default","site-content-layout":"default","ast-site-content-layout":"default","site-content-style":"default","site-sidebar-style":"default","ast-global-header-display":"","ast-banner-title-visibility":"","ast-main-header-display":"","ast-hfb-above-header-display":"","ast-hfb-below-header-display":"","ast-hfb-mobile-header-display":"","site-post-title":"","ast-breadcrumbs-content":"","ast-featured-img":"","footer-sml-layout":"","ast-disable-related-posts":"","theme-transparent-header-meta":"default","adv-header-id-meta":"","stick-header-meta":"default","header-above-stick-meta":"","header-main-stick-meta":"","header-below-stick-meta":"","astra-migrate-meta-layouts":"set","ast-page-background-enabled":"default","ast-page-background-meta":{"desktop":{"background-color":"var(--ast-global-color-4)","background-image":"","background-repeat":"repeat","background-position":"center center","background-size":"auto","background-attachment":"scroll","background-type":"","background-media":"","overlay-type":"","overlay-color":"","overlay-opacity":"","overlay-gradient":""},"tablet":{"background-color":"","background-image":"","background-repeat":"repeat","background-position":"center center","background-size":"auto","background-attachment":"scroll","background-type":"","background-media":"","overlay-type":"","overlay-color":"","overlay-opacity":"","overlay-gradient":""},"mobile":{"background-color":"","background-image":"","background-repeat":"repeat","background-position":"center center","background-size":"auto","background-attachment":"scroll","background-type":"","background-media":"","overlay-type":"","overlay-color":"","overlay-opacity":"","overlay-gradient":""}},"ast-content-background-meta":{"desktop":{"background-color":"var(--ast-global-color-5)","background-image":"","background-repeat":"repeat","background-position":"center center","background-size":"auto","background-attachment":"scroll","background-type":"","background-media":"","overlay-type":"","overlay-color":"","overlay-opacity":"","overlay-gradient":""},"tablet":{"background-color":"var(--ast-global-color-5)","background-image":"","background-repeat":"repeat","background-position":"center center","background-size":"auto","background-attachment":"scroll","background-type":"","background-media":"","overlay-type":"","overlay-color":"","overlay-opacity":"","overlay-gradient":""},"mobile":{"background-color":"var(--ast-global-color-5)","background-image":"","background-repeat":"repeat","background-position":"center center","background-size":"auto","background-attachment":"scroll","background-type":"","background-media":"","overlay-type":"","overlay-color":"","overlay-opacity":"","overlay-gradient":""}}},"section":[],"product_brand":[],"product_cat":[1272,1353],"product_tag":[1847],"class_list":{"0":"post-192057","1":"product","2":"type-product","3":"status-publish","4":"has-post-thumbnail","6":"product_cat-cursos-en-florencia","7":"product_cat-trabajar-en-italia","8":"product_tag-cursos-en-florencia","9":"desktop-align-left","10":"tablet-align-left","11":"mobile-align-left","12":"ast-product-gallery-layout-horizontal-slider","13":"ast-product-gallery-with-no-image","14":"ast-product-single-variable","15":"ast-product-tabs-layout-horizontal","16":"ast-qv-on-image-click","18":"first","19":"instock","20":"sold-individually","21":"shipping-taxable","22":"purchasable","23":"product-type-variable","24":"has-default-attributes"},"acf":[],"taxonomy_info":{"product_cat":[{"value":1272,"label":"Cursos en Florencia"},{"value":1353,"label":"Trabajar en Italia"}],"product_tag":[{"value":1847,"label":"Cursos en Florencia"}]},"featured_image_src_large":["https:\/\/www.studiainitalia.com\/wp-content\/uploads\/2024\/10\/simpolo-2020200_1280.jpg",1280,907,false],"author_info":[],"comment_info":3,"uagb_featured_image_src":{"full":["https:\/\/www.studiainitalia.com\/wp-content\/uploads\/2024\/10\/simpolo-2020200_1280.jpg",1280,907,false],"thumbnail":["https:\/\/www.studiainitalia.com\/wp-content\/uploads\/2024\/10\/simpolo-2020200_1280.jpg",128,91,false],"medium":["https:\/\/www.studiainitalia.com\/wp-content\/uploads\/2024\/10\/simpolo-2020200_1280.jpg",1280,907,false],"medium_large":["https:\/\/www.studiainitalia.com\/wp-content\/uploads\/2024\/10\/simpolo-2020200_1280-768x544.jpg",768,544,true],"large":["https:\/\/www.studiainitalia.com\/wp-content\/uploads\/2024\/10\/simpolo-2020200_1280.jpg",1280,907,false],"1536x1536":["https:\/\/www.studiainitalia.com\/wp-content\/uploads\/2024\/10\/simpolo-2020200_1280.jpg",1280,907,false],"2048x2048":["https:\/\/www.studiainitalia.com\/wp-content\/uploads\/2024\/10\/simpolo-2020200_1280.jpg",1280,907,false],"ultp_layout_landscape_large":["https:\/\/www.studiainitalia.com\/wp-content\/uploads\/2024\/10\/simpolo-2020200_1280-1200x800.jpg",1200,800,true],"ultp_layout_landscape":["https:\/\/www.studiainitalia.com\/wp-content\/uploads\/2024\/10\/simpolo-2020200_1280-870x570.jpg",870,570,true],"ultp_layout_portrait":["https:\/\/www.studiainitalia.com\/wp-content\/uploads\/2024\/10\/simpolo-2020200_1280-600x900.jpg",600,900,true],"ultp_layout_square":["https:\/\/www.studiainitalia.com\/wp-content\/uploads\/2024\/10\/simpolo-2020200_1280-600x600.jpg",600,600,true],"gform-image-choice-sm":["https:\/\/www.studiainitalia.com\/wp-content\/uploads\/2024\/10\/simpolo-2020200_1280.jpg",300,213,false],"gform-image-choice-md":["https:\/\/www.studiainitalia.com\/wp-content\/uploads\/2024\/10\/simpolo-2020200_1280.jpg",400,283,false],"gform-image-choice-lg":["https:\/\/www.studiainitalia.com\/wp-content\/uploads\/2024\/10\/simpolo-2020200_1280.jpg",600,425,false],"woocommerce_thumbnail":["https:\/\/www.studiainitalia.com\/wp-content\/uploads\/2024\/10\/simpolo-2020200_1280-300x300.jpg",300,300,true],"woocommerce_single":["https:\/\/www.studiainitalia.com\/wp-content\/uploads\/2024\/10\/simpolo-2020200_1280-400x283.jpg",400,283,true],"woocommerce_gallery_thumbnail":["https:\/\/www.studiainitalia.com\/wp-content\/uploads\/2024\/10\/simpolo-2020200_1280-100x100.jpg",100,100,true],"yarpp-thumbnail":["https:\/\/www.studiainitalia.com\/wp-content\/uploads\/2024\/10\/simpolo-2020200_1280-120x120.jpg",120,120,true]},"uagb_author_info":{"display_name":"Jordi Torres","author_link":"https:\/\/www.studiainitalia.com\/es\/author\/"},"uagb_comment_info":3,"uagb_excerpt":"Este programa de estudio y trabajo en arquitectura est\u00e1 dirigido a\u00a0estudiantes de arquitectura\u00a0o de\u00a0dise\u00f1o de interiores\u00a0de entre 18 y 30 a\u00f1os que quieran aprender italiano y al mismo tiempo realizar pr\u00e1cticas de trabajo en arquitectura en Italia, en la ciudad de Florencia. Podr\u00e1s asistir a un curso intensivo de italiano durante las primeras 4 semanas&hellip;","_links":{"self":[{"href":"https:\/\/www.studiainitalia.com\/es\/wp-json\/wp\/v2\/product\/192057","targetHints":{"allow":["GET"]}}],"collection":[{"href":"https:\/\/www.studiainitalia.com\/es\/wp-json\/wp\/v2\/product"}],"about":[{"href":"https:\/\/www.studiainitalia.com\/es\/wp-json\/wp\/v2\/types\/product"}],"replies":[{"embeddable":true,"href":"https:\/\/www.studiainitalia.com\/es\/wp-json\/wp\/v2\/comments?post=192057"}],"wp:featuredmedia":[{"embeddable":true,"href":"https:\/\/www.studiainitalia.com\/es\/wp-json\/wp\/v2\/media\/199736"}],"wp:attachment":[{"href":"https:\/\/www.studiainitalia.com\/es\/wp-json\/wp\/v2\/media?parent=192057"}],"wp:term":[{"taxonomy":"section","embeddable":true,"href":"https:\/\/www.studiainitalia.com\/es\/wp-json\/wp\/v2\/section?post=192057"},{"taxonomy":"product_brand","embeddable":true,"href":"https:\/\/www.studiainitalia.com\/es\/wp-json\/wp\/v2\/product_brand?post=192057"},{"taxonomy":"product_cat","embeddable":true,"href":"https:\/\/www.studiainitalia.com\/es\/wp-json\/wp\/v2\/product_cat?post=192057"},{"taxonomy":"product_tag","embeddable":true,"href":"https:\/\/www.studiainitalia.com\/es\/wp-json\/wp\/v2\/product_tag?post=192057"}],"curies":[{"name":"wp","href":"https:\/\/api.w.org\/{rel}","templated":true}]}}