{"id":196532,"date":"2024-01-04T16:26:17","date_gmt":"2024-01-04T15:26:17","guid":{"rendered":"https:\/\/www.studiainitalia.com\/?post_type=product&#038;p=196532"},"modified":"2025-11-18T11:57:26","modified_gmt":"2025-11-18T10:57:26","slug":"curso-de-italiano-para-familias","status":"publish","type":"product","link":"https:\/\/www.studiainitalia.com\/es\/cursos\/cursos-en-salerno\/curso-de-italiano-para-familias\/","title":{"rendered":"Curso de Italiano para Familias"},"content":{"rendered":"<h2>Curso de Italiano para Familias<\/h2>\n<p>&nbsp;<\/p>\n<p>El curso de italiano para familias est\u00e1 pensado para padres con hijos (de 7 a 16 a\u00f1os) que quieran combinar unas vacaciones en Italia con el estudio de la lengua italiana mientras conocen la cultura del sur de Italia.<\/p>\n<p>Las clases de lengua italiana se imparten por la ma\u00f1ana, con toda una serie de actividades culturales y excursiones por las tardes y los fines de semana.<\/p>\n<p>Este programa de italiano para familias combina clases de idiomas para padres y para ni\u00f1os (en 2 clases en grupo diferentes), 1 excursi\u00f3n de medio d\u00eda y actividades culturales.<\/p>\n<p>&nbsp;<\/p>\n<p><strong>El Programa incluye:<\/strong><\/p>\n<p>&#8211; Curso para padres: 1 semana\/ 20 clases en grupo<br \/>\n&#8211; Curso para ni\u00f1os: 1 semana\/ 20 clases en grupo<\/p>\n<p>&nbsp;<\/p>\n<p><strong>Actividades:<\/strong><\/p>\n<p>&#8211; 1 visita a la ciudad de Salerno<br \/>\n&#8211; 1 excursi\u00f3n de medio d\u00eda<br \/>\n&#8211; 1 seminario sobre la cultura italiana<br \/>\n&#8211; 2 actividades culturales y juegos para aprender idiomas<\/p>\n<p>&nbsp;<\/p>\n<p>Este programa se desarrolla en estas <strong>fechas 2026:<\/strong><\/p>\n<p>16 febrero, 30 marzo, 13 abril, 4 mayo, 1 junio,\u00a0 15 junio, 13 julio, 27 julio, 10 agosto, 21 septiembre, 19 octubre,\u00a0 07 diciembre (Fechas especiales para grupos disponibles previa petici\u00f3n)<\/p>\n<p>&nbsp;<\/p>\n<p>Hay distintos tipos de alojamiento disponibles previa solicitud (familias de acogida; hoteles con tarifas especiales).<\/p>\n","protected":false},"excerpt":{"rendered":"<h2>Quieres vivir una aventura familiar en Italia?<\/h2>\n<p>&nbsp;<\/p>\n<p>Con nuestro\u00a0 Programa de italiano para Familias, especialmente dise\u00f1ado para padres con hijos de 7 a 16 a\u00f1os, puedes hacerlo!.<\/p>\n<p>Sum\u00e9rgete en la belleza de Italia, combinando\u00a0 unas vacaciones para aprender italiano y adentrarte en la cultura del sur de Italia.<\/p>\n<p>Un viaje de aprendizaje y descubrimiento: Nuestro Programa para Familias se dirige tanto a padres como a hijos, ofreciendo clases de lengua por las ma\u00f1anas y actividades culturales y excursiones por las tardes y los fines de semana.<\/p>\n<p>Enclavado en el coraz\u00f3n de Salerno, nuestro Programa de italiano para familias se desarrolla con una mezcla perfecta de lengua y cultura.<\/p>\n<p>Clases de idiomas para padres e hijos en grupos separados, junto con una excursi\u00f3n de medio d\u00eda y actividades culturales.<\/p>\n<p><strong>El Programa:<\/strong><\/p>\n<p>&#8211; Curso para padres: Sum\u00e9rgete en 20 clases en grupo semanales.<\/p>\n<p>&#8211; Curso para ni\u00f1os: Observa c\u00f3mo aprenden tus hijos con sus propias 20 clases en grupo, perfectamente dise\u00f1adas para su grupo de edad.<\/p>\n<p>Disfruta de la Experiencia: M\u00e1s all\u00e1 del aula, nuestro programa es una puerta abierta al descubrimiento, que incluye:<\/p>\n<p>&#8211; 1 Excursi\u00f3n por la ciudad de Salerno: Descubre las joyas ocultas de la rica historia de Salerno.<\/p>\n<p>&#8211; 1 Excursi\u00f3n de medio d\u00eda: un viaje especial en familia.<\/p>\n<p>&#8211; 1 Seminario sobre la Cultura Italiana: Sum\u00e9rgete en el coraz\u00f3n de las tradiciones italianas.<\/p>\n<p>&#8211; 2 Actividades culturales y juegos para aprender idiomas: Haz del aprendizaje una aventura para toda la familia.<\/p>\n<p>Tus vacaciones en familia: Disfruta de la combinaci\u00f3n perfecta de educaci\u00f3n y ocio, que permitir\u00e1 a tu familia crear recuerdos duraderos. Cada momento es un paso hacia una experiencia cultural m\u00e1s rica.<\/p>\n<p>\u00danete a nosotros en un viaje que despierta la curiosidad y une a las familias en la magia de Italia.<\/p>\n<p><strong>\u00a1Tu aventura te espera! Descubre las maravillas del sur de Italia con tus seres queridos.<\/strong><\/p>\n<p>&nbsp;<\/p>\n<p>&nbsp;<\/p>\n","protected":false},"featured_media":196540,"comment_status":"open","ping_status":"closed","template":"","meta":{"_acf_changed":false,"_uag_custom_page_level_css":"","_kad_blocks_custom_css":"","_kad_blocks_head_custom_js":"","_kad_blocks_body_custom_js":"","_kad_blocks_footer_custom_js":"","site-sidebar-layout":"default","site-content-layout":"","ast-site-content-layout":"default","site-content-style":"default","site-sidebar-style":"default","ast-global-header-display":"","ast-banner-title-visibility":"","ast-main-header-display":"","ast-hfb-above-header-display":"","ast-hfb-below-header-display":"","ast-hfb-mobile-header-display":"","site-post-title":"","ast-breadcrumbs-content":"","ast-featured-img":"","footer-sml-layout":"","ast-disable-related-posts":"","theme-transparent-header-meta":"default","adv-header-id-meta":"","stick-header-meta":"default","header-above-stick-meta":"","header-main-stick-meta":"","header-below-stick-meta":"","astra-migrate-meta-layouts":"set","ast-page-background-enabled":"default","ast-page-background-meta":{"desktop":{"background-color":"var(--ast-global-color-4)","background-image":"","background-repeat":"repeat","background-position":"center center","background-size":"auto","background-attachment":"scroll","background-type":"","background-media":"","overlay-type":"","overlay-color":"","overlay-opacity":"","overlay-gradient":""},"tablet":{"background-color":"","background-image":"","background-repeat":"repeat","background-position":"center center","background-size":"auto","background-attachment":"scroll","background-type":"","background-media":"","overlay-type":"","overlay-color":"","overlay-opacity":"","overlay-gradient":""},"mobile":{"background-color":"","background-image":"","background-repeat":"repeat","background-position":"center center","background-size":"auto","background-attachment":"scroll","background-type":"","background-media":"","overlay-type":"","overlay-color":"","overlay-opacity":"","overlay-gradient":""}},"ast-content-background-meta":{"desktop":{"background-color":"var(--ast-global-color-5)","background-image":"","background-repeat":"repeat","background-position":"center center","background-size":"auto","background-attachment":"scroll","background-type":"","background-media":"","overlay-type":"","overlay-color":"","overlay-opacity":"","overlay-gradient":""},"tablet":{"background-color":"var(--ast-global-color-5)","background-image":"","background-repeat":"repeat","background-position":"center center","background-size":"auto","background-attachment":"scroll","background-type":"","background-media":"","overlay-type":"","overlay-color":"","overlay-opacity":"","overlay-gradient":""},"mobile":{"background-color":"var(--ast-global-color-5)","background-image":"","background-repeat":"repeat","background-position":"center center","background-size":"auto","background-attachment":"scroll","background-type":"","background-media":"","overlay-type":"","overlay-color":"","overlay-opacity":"","overlay-gradient":""}}},"section":[],"product_brand":[],"product_cat":[1343,1311],"product_tag":[],"class_list":{"0":"post-196532","1":"product","2":"type-product","3":"status-publish","4":"has-post-thumbnail","6":"product_cat-cursos-de-italiano-para-jovenes-familias-y-mayores","7":"product_cat-cursos-en-salerno","8":"desktop-align-left","9":"tablet-align-left","10":"mobile-align-left","11":"ast-product-gallery-layout-horizontal-slider","12":"ast-product-single-variable","13":"ast-product-tabs-layout-horizontal","14":"ast-qv-on-image-click","16":"first","17":"instock","18":"sold-individually","19":"shipping-taxable","20":"purchasable","21":"product-type-variable"},"acf":[],"taxonomy_info":{"product_cat":[{"value":1343,"label":"Cursos de italiano para j\u00f3venes familias y mayores"},{"value":1311,"label":"Cursos en Salerno"}]},"featured_image_src_large":["https:\/\/www.studiainitalia.com\/wp-content\/uploads\/2024\/01\/genitori-con-i-loro-bambini-che-camminano-nella-foresta-scaled.jpg",2048,1365,false],"author_info":[],"comment_info":0,"uagb_featured_image_src":{"full":["https:\/\/www.studiainitalia.com\/wp-content\/uploads\/2024\/01\/genitori-con-i-loro-bambini-che-camminano-nella-foresta-scaled.jpg",2048,1365,false],"thumbnail":["https:\/\/www.studiainitalia.com\/wp-content\/uploads\/2024\/01\/genitori-con-i-loro-bambini-che-camminano-nella-foresta-scaled.jpg",128,85,false],"medium":["https:\/\/www.studiainitalia.com\/wp-content\/uploads\/2024\/01\/genitori-con-i-loro-bambini-che-camminano-nella-foresta-scaled.jpg",2048,1365,false],"medium_large":["https:\/\/www.studiainitalia.com\/wp-content\/uploads\/2024\/01\/genitori-con-i-loro-bambini-che-camminano-nella-foresta-768x512.jpg",768,512,true],"large":["https:\/\/www.studiainitalia.com\/wp-content\/uploads\/2024\/01\/genitori-con-i-loro-bambini-che-camminano-nella-foresta-scaled.jpg",2048,1365,false],"1536x1536":["https:\/\/www.studiainitalia.com\/wp-content\/uploads\/2024\/01\/genitori-con-i-loro-bambini-che-camminano-nella-foresta-1536x1024.jpg",1536,1024,true],"2048x2048":["https:\/\/www.studiainitalia.com\/wp-content\/uploads\/2024\/01\/genitori-con-i-loro-bambini-che-camminano-nella-foresta-2048x1365.jpg",2048,1365,true],"ultp_layout_landscape_large":["https:\/\/www.studiainitalia.com\/wp-content\/uploads\/2024\/01\/genitori-con-i-loro-bambini-che-camminano-nella-foresta-1200x800.jpg",1200,800,true],"ultp_layout_landscape":["https:\/\/www.studiainitalia.com\/wp-content\/uploads\/2024\/01\/genitori-con-i-loro-bambini-che-camminano-nella-foresta-870x570.jpg",870,570,true],"ultp_layout_portrait":["https:\/\/www.studiainitalia.com\/wp-content\/uploads\/2024\/01\/genitori-con-i-loro-bambini-che-camminano-nella-foresta-600x900.jpg",600,900,true],"ultp_layout_square":["https:\/\/www.studiainitalia.com\/wp-content\/uploads\/2024\/01\/genitori-con-i-loro-bambini-che-camminano-nella-foresta-600x600.jpg",600,600,true],"gform-image-choice-sm":["https:\/\/www.studiainitalia.com\/wp-content\/uploads\/2024\/01\/genitori-con-i-loro-bambini-che-camminano-nella-foresta-scaled.jpg",300,200,false],"gform-image-choice-md":["https:\/\/www.studiainitalia.com\/wp-content\/uploads\/2024\/01\/genitori-con-i-loro-bambini-che-camminano-nella-foresta-scaled.jpg",400,267,false],"gform-image-choice-lg":["https:\/\/www.studiainitalia.com\/wp-content\/uploads\/2024\/01\/genitori-con-i-loro-bambini-che-camminano-nella-foresta-scaled.jpg",600,400,false],"woocommerce_thumbnail":["https:\/\/www.studiainitalia.com\/wp-content\/uploads\/2024\/01\/genitori-con-i-loro-bambini-che-camminano-nella-foresta-300x300.jpg",300,300,true],"woocommerce_single":["https:\/\/www.studiainitalia.com\/wp-content\/uploads\/2024\/01\/genitori-con-i-loro-bambini-che-camminano-nella-foresta-400x267.jpg",400,267,true],"woocommerce_gallery_thumbnail":["https:\/\/www.studiainitalia.com\/wp-content\/uploads\/2024\/01\/genitori-con-i-loro-bambini-che-camminano-nella-foresta-100x100.jpg",100,100,true],"yarpp-thumbnail":["https:\/\/www.studiainitalia.com\/wp-content\/uploads\/2024\/01\/genitori-con-i-loro-bambini-che-camminano-nella-foresta-120x120.jpg",120,120,true]},"uagb_author_info":{"display_name":"Jordi Torres","author_link":"https:\/\/www.studiainitalia.com\/es\/author\/"},"uagb_comment_info":0,"uagb_excerpt":"Quieres vivir una aventura familiar en Italia? &nbsp; Con nuestro\u00a0 Programa de italiano para Familias, especialmente dise\u00f1ado para padres con hijos de 7 a 16 a\u00f1os, puedes hacerlo!. Sum\u00e9rgete en la belleza de Italia, combinando\u00a0 unas vacaciones para aprender italiano y adentrarte en la cultura del sur de Italia. Un viaje de aprendizaje y descubrimiento:&hellip;","_links":{"self":[{"href":"https:\/\/www.studiainitalia.com\/es\/wp-json\/wp\/v2\/product\/196532","targetHints":{"allow":["GET"]}}],"collection":[{"href":"https:\/\/www.studiainitalia.com\/es\/wp-json\/wp\/v2\/product"}],"about":[{"href":"https:\/\/www.studiainitalia.com\/es\/wp-json\/wp\/v2\/types\/product"}],"replies":[{"embeddable":true,"href":"https:\/\/www.studiainitalia.com\/es\/wp-json\/wp\/v2\/comments?post=196532"}],"wp:featuredmedia":[{"embeddable":true,"href":"https:\/\/www.studiainitalia.com\/es\/wp-json\/wp\/v2\/media\/196540"}],"wp:attachment":[{"href":"https:\/\/www.studiainitalia.com\/es\/wp-json\/wp\/v2\/media?parent=196532"}],"wp:term":[{"taxonomy":"section","embeddable":true,"href":"https:\/\/www.studiainitalia.com\/es\/wp-json\/wp\/v2\/section?post=196532"},{"taxonomy":"product_brand","embeddable":true,"href":"https:\/\/www.studiainitalia.com\/es\/wp-json\/wp\/v2\/product_brand?post=196532"},{"taxonomy":"product_cat","embeddable":true,"href":"https:\/\/www.studiainitalia.com\/es\/wp-json\/wp\/v2\/product_cat?post=196532"},{"taxonomy":"product_tag","embeddable":true,"href":"https:\/\/www.studiainitalia.com\/es\/wp-json\/wp\/v2\/product_tag?post=196532"}],"curies":[{"name":"wp","href":"https:\/\/api.w.org\/{rel}","templated":true}]}}