{"id":196535,"date":"2024-01-04T18:26:54","date_gmt":"2024-01-04T17:26:54","guid":{"rendered":"https:\/\/www.studiainitalia.com\/?post_type=product&#038;p=196535"},"modified":"2025-11-18T11:59:58","modified_gmt":"2025-11-18T10:59:58","slug":"campamento-de-italiano","status":"publish","type":"product","link":"https:\/\/www.studiainitalia.com\/es\/cursos\/cursos-de-italiano-para-jovenes-familias-y-mayores\/campamento-de-italiano\/","title":{"rendered":"Campamento de Italiano"},"content":{"rendered":"<h2>Campamento de Italiano<\/h2>\n<p>&nbsp;<\/p>\n<p>Nuestro campamento de italiano es una experiencia educativa \u00fanica para aprender italiano junto al mar con un programa intensivo que combina el estudio de la lengua italiana con unas vacaciones en una zona preciosa, rica en arte e historia, cerca de la Costa Amalfitana.<\/p>\n<p>&nbsp;<\/p>\n<p>Al asistir a este campamento de italiano para adolescentes, los estudiantes de entre 14 y 17 a\u00f1os experimentar\u00e1n la cultura italiana en un entorno tradicional y real.<\/p>\n<p>&nbsp;<\/p>\n<p>Los participantes asistir\u00e1n a un curso de italiano en grupo de 4 clases al d\u00eda, de lunes a viernes (20 clases a la semana), junto con una serie de actividades recreativas de alto impacto.<\/p>\n<p>&nbsp;<\/p>\n<p><strong>El programa incluye:<\/strong><\/p>\n<p>&nbsp;<\/p>\n<p>Curso general de italiano 20 lecciones semanales de lunes a viernes<\/p>\n<p>&nbsp;<\/p>\n<p>Duraci\u00f3n del curso: 2 semanas &#8211; 40 lecciones en grupo<\/p>\n<p>&nbsp;<\/p>\n<p>Alojamiento<\/p>\n<p>2 semanas\/ 13 noches<\/p>\n<p>&nbsp;<\/p>\n<p>Los estudiantes se alojan en habitaciones dobles o triples con pensi\u00f3n completa en Convitto Nazionale, una c\u00f3moda residencia escolar en pleno centro hist\u00f3rico de Salerno, situada a pocos minutos a pie de la Accademia Italiana.<\/p>\n<p>Todas las habitaciones disponen de ba\u00f1o privado y la residencia cuenta con un comedor escolar, una sala de televisi\u00f3n com\u00fan y un campo de f\u00fatbol.<\/p>\n<p>&nbsp;<\/p>\n<p>Se solicita un m\u00ednimo de participantes para el alojamiento en la residencia de la escuela\/hotel para cada fecha. Si no se alcanza el n\u00famero m\u00ednimo, se garantiza el alojamiento en familias de acogida.<\/p>\n<p>Traslados<\/p>\n<p>&nbsp;<\/p>\n<p>El aeropuerto m\u00e1s cercano es el de N\u00e1poles-Capodichino. S\u00f3lo se tarda 1 hora en llegar a Salerno. La escuela puede organizar un servicio de traslado desde\/hasta el aeropuerto de N\u00e1poles con un coste adicional previa solicitud.<\/p>\n<p>&nbsp;<\/p>\n<p><strong>Actividades y excursiones<\/strong><\/p>\n<p>&nbsp;<\/p>\n<p>Fiesta de bienvenida<br \/>\nPrograma social que incluye 2 excursiones<br \/>\n1 lecci\u00f3n de cocina italiana<br \/>\n1 lecci\u00f3n de artesan\u00eda art\u00edstica<br \/>\nActividades deportivas<br \/>\nActividades de playa<br \/>\nSeminarios culturales<br \/>\nDegustaci\u00f3n de helados<\/p>\n<p>&nbsp;<\/p>\n<p><strong>FECHAS 2026:<\/strong><\/p>\n<p>14\u00a0 junio &#8211; 28 junio- 12 julio &#8211; 26 julio<\/p>\n","protected":false},"excerpt":{"rendered":"<h2>\u00bfDeseas realizar en un viaje inolvidable de italiano y ocio en Italia?<\/h2>\n<p>&nbsp;<\/p>\n<p>\u00danete a nuestro Campamento de Verano, una experiencia de inmersi\u00f3n meticulosamente dise\u00f1ada para j\u00f3venes de 14 a 17 a\u00f1os que buscan la combinaci\u00f3n perfecta de educaci\u00f3n y exploraci\u00f3n a lo largo de la impresionante Costa Amalfitana.<\/p>\n<p>Enclavado en este pintoresco para\u00edso, nuestro campamento es m\u00e1s que un centro de aprendizaje de idiomas: es una oportunidad de oro para adentrarse en el coraz\u00f3n de la cultura italiana en medio de los cautivadores paisajes de Salerno y Paestum.<\/p>\n<p>Imagina estudiar italiano por la ma\u00f1ana, rodeado de los ecos de la historia, y pasar las tardes realizando actividades recreativas.<\/p>\n<p><strong>Aprendizaje de italiano:<\/strong> Sum\u00e9rgete en nuestro Curso General de Italiano, que ofrece 20 clases semanales de lunes a viernes.<\/p>\n<p>A lo largo de dos semanas, te beneficiar\u00e1s de 40 clases en grupo, que te proporcionar\u00e1n una base completa en la bella lengua italiana.<\/p>\n<p><strong>Un hogar lejos de casa:<\/strong> En Salerno, descubre la comodidad del Convitto Nazionale en el coraz\u00f3n hist\u00f3rico de la ciudad.<\/p>\n<p>Las habitaciones dobles o triples ofrecen un acogedor refugio con pensi\u00f3n completa, ba\u00f1o privado y pr\u00e1cticas comodidades.<\/p>\n<p>En Paestum, disfruta de la serenidad junto al mar del Hotel Villa Rita, con habitaciones triples o de 4 camas, duchas privadas, aire acondicionado y wifi gratuito.<\/p>\n<p><strong>M\u00e1s all\u00e1 del aula:<\/strong> Nuestro programa va mucho m\u00e1s all\u00e1 de los libros de texto.<\/p>\n<p>Imag\u00ednate en una fiesta de bienvenida, saboreando la riqueza de la cocina italiana en una clase de cocina, dando rienda suelta a tu creatividad en una sesi\u00f3n de manualidades art\u00edsticas y deleit\u00e1ndote con una degustaci\u00f3n de helados.<\/p>\n<p>Con 2 emocionantes excursiones, deportes, actividades de playa y seminarios culturales, cada momento se convierte en una historia que contar.<\/p>\n<p><strong>Aprovecha la oportunidad de aprender, explorar y prosperar en una aventura educativa sin igual junto a las brillantes aguas de la Costa Amalfitana.<\/strong><\/p>\n","protected":false},"featured_media":196504,"comment_status":"open","ping_status":"closed","template":"","meta":{"_acf_changed":false,"_uag_custom_page_level_css":"","_kad_blocks_custom_css":"","_kad_blocks_head_custom_js":"","_kad_blocks_body_custom_js":"","_kad_blocks_footer_custom_js":"","site-sidebar-layout":"default","site-content-layout":"","ast-site-content-layout":"default","site-content-style":"default","site-sidebar-style":"default","ast-global-header-display":"","ast-banner-title-visibility":"","ast-main-header-display":"","ast-hfb-above-header-display":"","ast-hfb-below-header-display":"","ast-hfb-mobile-header-display":"","site-post-title":"","ast-breadcrumbs-content":"","ast-featured-img":"","footer-sml-layout":"","ast-disable-related-posts":"","theme-transparent-header-meta":"default","adv-header-id-meta":"","stick-header-meta":"default","header-above-stick-meta":"","header-main-stick-meta":"","header-below-stick-meta":"","astra-migrate-meta-layouts":"set","ast-page-background-enabled":"default","ast-page-background-meta":{"desktop":{"background-color":"var(--ast-global-color-4)","background-image":"","background-repeat":"repeat","background-position":"center center","background-size":"auto","background-attachment":"scroll","background-type":"","background-media":"","overlay-type":"","overlay-color":"","overlay-opacity":"","overlay-gradient":""},"tablet":{"background-color":"","background-image":"","background-repeat":"repeat","background-position":"center center","background-size":"auto","background-attachment":"scroll","background-type":"","background-media":"","overlay-type":"","overlay-color":"","overlay-opacity":"","overlay-gradient":""},"mobile":{"background-color":"","background-image":"","background-repeat":"repeat","background-position":"center center","background-size":"auto","background-attachment":"scroll","background-type":"","background-media":"","overlay-type":"","overlay-color":"","overlay-opacity":"","overlay-gradient":""}},"ast-content-background-meta":{"desktop":{"background-color":"var(--ast-global-color-5)","background-image":"","background-repeat":"repeat","background-position":"center center","background-size":"auto","background-attachment":"scroll","background-type":"","background-media":"","overlay-type":"","overlay-color":"","overlay-opacity":"","overlay-gradient":""},"tablet":{"background-color":"var(--ast-global-color-5)","background-image":"","background-repeat":"repeat","background-position":"center center","background-size":"auto","background-attachment":"scroll","background-type":"","background-media":"","overlay-type":"","overlay-color":"","overlay-opacity":"","overlay-gradient":""},"mobile":{"background-color":"var(--ast-global-color-5)","background-image":"","background-repeat":"repeat","background-position":"center center","background-size":"auto","background-attachment":"scroll","background-type":"","background-media":"","overlay-type":"","overlay-color":"","overlay-opacity":"","overlay-gradient":""}}},"section":[],"product_brand":[],"product_cat":[1343],"product_tag":[],"class_list":{"0":"post-196535","1":"product","2":"type-product","3":"status-publish","4":"has-post-thumbnail","6":"product_cat-cursos-de-italiano-para-jovenes-familias-y-mayores","7":"desktop-align-left","8":"tablet-align-left","9":"mobile-align-left","10":"ast-product-gallery-layout-horizontal-slider","11":"ast-product-single-variable","12":"ast-product-tabs-layout-horizontal","13":"ast-qv-on-image-click","15":"first","16":"instock","17":"shipping-taxable","18":"purchasable","19":"product-type-variable"},"acf":[],"taxonomy_info":{"product_cat":[{"value":1343,"label":"Cursos de italiano para j\u00f3venes familias y mayores"}]},"featured_image_src_large":["https:\/\/www.studiainitalia.com\/wp-content\/uploads\/2024\/01\/teens-home-scaled.jpg",2048,1542,false],"author_info":[],"comment_info":0,"uagb_featured_image_src":{"full":["https:\/\/www.studiainitalia.com\/wp-content\/uploads\/2024\/01\/teens-home-scaled.jpg",2048,1542,false],"thumbnail":["https:\/\/www.studiainitalia.com\/wp-content\/uploads\/2024\/01\/teens-home-scaled.jpg",128,96,false],"medium":["https:\/\/www.studiainitalia.com\/wp-content\/uploads\/2024\/01\/teens-home-scaled.jpg",2048,1542,false],"medium_large":["https:\/\/www.studiainitalia.com\/wp-content\/uploads\/2024\/01\/teens-home-768x578.jpg",768,578,true],"large":["https:\/\/www.studiainitalia.com\/wp-content\/uploads\/2024\/01\/teens-home-scaled.jpg",2048,1542,false],"1536x1536":["https:\/\/www.studiainitalia.com\/wp-content\/uploads\/2024\/01\/teens-home-1536x1157.jpg",1536,1157,true],"2048x2048":["https:\/\/www.studiainitalia.com\/wp-content\/uploads\/2024\/01\/teens-home-2048x1542.jpg",2048,1542,true],"ultp_layout_landscape_large":["https:\/\/www.studiainitalia.com\/wp-content\/uploads\/2024\/01\/teens-home-1200x800.jpg",1200,800,true],"ultp_layout_landscape":["https:\/\/www.studiainitalia.com\/wp-content\/uploads\/2024\/01\/teens-home-870x570.jpg",870,570,true],"ultp_layout_portrait":["https:\/\/www.studiainitalia.com\/wp-content\/uploads\/2024\/01\/teens-home-600x900.jpg",600,900,true],"ultp_layout_square":["https:\/\/www.studiainitalia.com\/wp-content\/uploads\/2024\/01\/teens-home-600x600.jpg",600,600,true],"gform-image-choice-sm":["https:\/\/www.studiainitalia.com\/wp-content\/uploads\/2024\/01\/teens-home-scaled.jpg",300,226,false],"gform-image-choice-md":["https:\/\/www.studiainitalia.com\/wp-content\/uploads\/2024\/01\/teens-home-scaled.jpg",400,301,false],"gform-image-choice-lg":["https:\/\/www.studiainitalia.com\/wp-content\/uploads\/2024\/01\/teens-home-scaled.jpg",600,452,false],"woocommerce_thumbnail":["https:\/\/www.studiainitalia.com\/wp-content\/uploads\/2024\/01\/teens-home-300x300.jpg",300,300,true],"woocommerce_single":["https:\/\/www.studiainitalia.com\/wp-content\/uploads\/2024\/01\/teens-home-400x301.jpg",400,301,true],"woocommerce_gallery_thumbnail":["https:\/\/www.studiainitalia.com\/wp-content\/uploads\/2024\/01\/teens-home-100x100.jpg",100,100,true],"yarpp-thumbnail":["https:\/\/www.studiainitalia.com\/wp-content\/uploads\/2024\/01\/teens-home-120x120.jpg",120,120,true]},"uagb_author_info":{"display_name":"Jordi Torres","author_link":"https:\/\/www.studiainitalia.com\/es\/author\/"},"uagb_comment_info":0,"uagb_excerpt":"\u00bfDeseas realizar en un viaje inolvidable de italiano y ocio en Italia? &nbsp; \u00danete a nuestro Campamento de Verano, una experiencia de inmersi\u00f3n meticulosamente dise\u00f1ada para j\u00f3venes de 14 a 17 a\u00f1os que buscan la combinaci\u00f3n perfecta de educaci\u00f3n y exploraci\u00f3n a lo largo de la impresionante Costa Amalfitana. Enclavado en este pintoresco para\u00edso, nuestro&hellip;","_links":{"self":[{"href":"https:\/\/www.studiainitalia.com\/es\/wp-json\/wp\/v2\/product\/196535","targetHints":{"allow":["GET"]}}],"collection":[{"href":"https:\/\/www.studiainitalia.com\/es\/wp-json\/wp\/v2\/product"}],"about":[{"href":"https:\/\/www.studiainitalia.com\/es\/wp-json\/wp\/v2\/types\/product"}],"replies":[{"embeddable":true,"href":"https:\/\/www.studiainitalia.com\/es\/wp-json\/wp\/v2\/comments?post=196535"}],"wp:featuredmedia":[{"embeddable":true,"href":"https:\/\/www.studiainitalia.com\/es\/wp-json\/wp\/v2\/media\/196504"}],"wp:attachment":[{"href":"https:\/\/www.studiainitalia.com\/es\/wp-json\/wp\/v2\/media?parent=196535"}],"wp:term":[{"taxonomy":"section","embeddable":true,"href":"https:\/\/www.studiainitalia.com\/es\/wp-json\/wp\/v2\/section?post=196535"},{"taxonomy":"product_brand","embeddable":true,"href":"https:\/\/www.studiainitalia.com\/es\/wp-json\/wp\/v2\/product_brand?post=196535"},{"taxonomy":"product_cat","embeddable":true,"href":"https:\/\/www.studiainitalia.com\/es\/wp-json\/wp\/v2\/product_cat?post=196535"},{"taxonomy":"product_tag","embeddable":true,"href":"https:\/\/www.studiainitalia.com\/es\/wp-json\/wp\/v2\/product_tag?post=196535"}],"curies":[{"name":"wp","href":"https:\/\/api.w.org\/{rel}","templated":true}]}}