{"id":203652,"date":"2026-01-08T12:27:37","date_gmt":"2026-01-08T11:27:37","guid":{"rendered":"https:\/\/www.studiainitalia.com\/?post_type=product&#038;p=203652"},"modified":"2026-03-25T09:50:44","modified_gmt":"2026-03-25T08:50:44","slug":"curso-de-italiano-en-trapani","status":"publish","type":"product","link":"https:\/\/www.studiainitalia.com\/es\/cursos\/cursos-de-italiano-en-italia\/curso-de-italiano-en-trapani\/","title":{"rendered":"Curso de italiano en Trapani"},"content":{"rendered":"<h2>Nuestros Cursos de Italiano en Trapani<\/h2>\n<p>El n\u00facleo de nuestro programa lo constituyen los cursos intensivos de lengua y cultura italianas, que se imparten de marzo a noviembre. Durante la primavera, el verano y el oto\u00f1o, estudiantes de todas las edades disfrutan de una inmersi\u00f3n total en el italiano, combinada con actividades culturales como:<\/p>\n<ul>\n<li>Clases de cocina italiana y siciliana<\/li>\n<li>Visitas guiadas y excursiones<\/li>\n<li>Eventos culturales y sociales en Trapani y el oeste de Sicilia<\/li>\n<\/ul>\n<p>La escuela tambi\u00e9n ofrece:<\/p>\n<ul>\n<li>Clases particulares de italiano (generales o especializadas)<\/li>\n<li>Cursos de italiano en casa del profesor<\/li>\n<li>Semanas intensivas de italiano para escuelas y grupos cerrados<\/li>\n<li>Clases de italiano online<\/li>\n<li>Preparaci\u00f3n para el examen CELI, incluido el B1 Italiano para la ciudadan\u00eda<\/li>\n<\/ul>\n<h3>Estructura de los cursos<\/h3>\n<p>&nbsp;<\/p>\n<p>Nuestro equipo de profesores nativos y altamente cualificados aporta diferentes antecedentes y personalidades, pero comparte un enfoque com\u00fan: hacer del aprendizaje de idiomas una<strong> experiencia cultural significativa<\/strong>, fomentando la comunicaci\u00f3n, el crecimiento personal y las amistades internacionales duraderas.<\/p>\n<ul>\n<li>3 clases al d\u00eda, de lunes a viernes<\/li>\n<li>Grupos reducidos: entre 4 y 8 alumnos<\/li>\n<li>Horarios matutinos<\/li>\n<\/ul>\n<p>Cada d\u00eda comienza con clases de italiano en grupos reducidos, que combinan:<\/p>\n<ul>\n<li>Conversaci\u00f3n estructurada<\/li>\n<li>Actividades interactivas y juegos ling\u00fc\u00edsticos<\/li>\n<li>Gram\u00e1tica clara y pr\u00e1ctica<\/li>\n<\/ul>\n<p>Este m\u00e9todo te ayuda a ampliar tu vocabulario, mejorar tu fluidez y crear v\u00ednculos reales con tus compa\u00f1eros de clase. El tama\u00f1o reducido de las clases fomenta la comunicaci\u00f3n y, a menudo, da lugar a amistades internacionales duraderas.<\/p>\n<p>Los estudiantes tambi\u00e9n pueden a\u00f1adir clases individuales o en grupos reducidos por la tarde, incluyendo conversaci\u00f3n, italiano comercial o cursos especializados.<\/p>\n<h2>Fechas de inicio y detalles del curso<\/h2>\n<p><b>Fechas de inicio: <\/b>Cada lunes desde marzo a noviembre<\/p>\n<ul>\n<li><strong>Duraci\u00f3n de las clases<\/strong>: 60 minutos<\/li>\n<li><strong>Tama\u00f1o medio de las clases<\/strong>: 6 estudiantes<\/li>\n<li><strong>Tama\u00f1o m\u00e1ximo de las clases<\/strong>: 8 estudiantes<\/li>\n<li><strong>Horario<\/strong>: Ma\u00f1ana<\/li>\n<li><strong>Materiales del curso<\/strong>: Incluidos<\/li>\n<li><strong>Prueba de nivel y certificado final<\/strong>: Incluidos<\/li>\n<li><strong>Ubicaci\u00f3n<\/strong>: Via Osorio 24<\/li>\n<li><strong>Otros servicios<\/strong>: Acceso a Internet, biblioteca, actividades sociales<\/li>\n<\/ul>\n<h3>Actividades y vida cultural en Trapani<\/h3>\n<p>&nbsp;<\/p>\n<p>Lo que hace que este curso sea realmente especial es la inmersi\u00f3n total en la vida italiana. Despu\u00e9s de las clases, los estudiantes disfrutan de las playas, las puestas de sol y las excursiones a las islas, mientras que la escuela organiza actividades culturales, como por ejemplo:<\/p>\n<ul>\n<li>Paseos guiados por el centro hist\u00f3rico de Trapani<\/li>\n<li>Aperitivos con profesores nativos<\/li>\n<li>Eventos culturales y sociales<\/li>\n<\/ul>\n<p>Cada semana, las actividades opcionales incluyen degustaciones de comida siciliana, clases de cocina, experiencias enol\u00f3gicas, paseos gastron\u00f3micos y encuentros con artesanos locales.<\/p>\n<p>&nbsp;<\/p>\n<p>&nbsp;<\/p>\n","protected":false},"excerpt":{"rendered":"<p>&nbsp;<\/p>\n<h2><strong>Aprende italiano en Trapani, Sicilia occidental<\/strong><\/h2>\n<p>Trapani, una de las ciudades m\u00e1s antiguas de Italia, ofrece un ambiente acogedor y a escala humana en el que los estudiantes se sienten r\u00e1pidamente como en casa.<\/p>\n<p>Tambi\u00e9n es un punto de partida ideal para explorar la Sicilia occidental, incluyendo lugares hist\u00f3ricos, reservas naturales e islas mediterr\u00e1neas.<\/p>\n<p><strong>Te esperan la historia, la cultura mediterr\u00e1nea, las salinas, las islas Egadi, Selinunte y Pantelleria.<\/strong><\/p>\n","protected":false},"featured_media":203706,"comment_status":"open","ping_status":"closed","template":"","meta":{"_acf_changed":false,"_uag_custom_page_level_css":"","_kad_blocks_custom_css":"","_kad_blocks_head_custom_js":"","_kad_blocks_body_custom_js":"","_kad_blocks_footer_custom_js":"","site-sidebar-layout":"default","site-content-layout":"default","ast-site-content-layout":"default","site-content-style":"default","site-sidebar-style":"default","ast-global-header-display":"","ast-banner-title-visibility":"","ast-main-header-display":"","ast-hfb-above-header-display":"","ast-hfb-below-header-display":"","ast-hfb-mobile-header-display":"","site-post-title":"","ast-breadcrumbs-content":"","ast-featured-img":"","footer-sml-layout":"","ast-disable-related-posts":"","theme-transparent-header-meta":"default","adv-header-id-meta":"","stick-header-meta":"default","header-above-stick-meta":"","header-main-stick-meta":"","header-below-stick-meta":"","astra-migrate-meta-layouts":"set","ast-page-background-enabled":"default","ast-page-background-meta":{"desktop":{"background-color":"var(--ast-global-color-4)","background-image":"","background-repeat":"repeat","background-position":"center center","background-size":"auto","background-attachment":"scroll","background-type":"","background-media":"","overlay-type":"","overlay-color":"","overlay-opacity":"","overlay-gradient":""},"tablet":{"background-color":"","background-image":"","background-repeat":"repeat","background-position":"center center","background-size":"auto","background-attachment":"scroll","background-type":"","background-media":"","overlay-type":"","overlay-color":"","overlay-opacity":"","overlay-gradient":""},"mobile":{"background-color":"","background-image":"","background-repeat":"repeat","background-position":"center center","background-size":"auto","background-attachment":"scroll","background-type":"","background-media":"","overlay-type":"","overlay-color":"","overlay-opacity":"","overlay-gradient":""}},"ast-content-background-meta":{"desktop":{"background-color":"var(--ast-global-color-5)","background-image":"","background-repeat":"repeat","background-position":"center center","background-size":"auto","background-attachment":"scroll","background-type":"","background-media":"","overlay-type":"","overlay-color":"","overlay-opacity":"","overlay-gradient":""},"tablet":{"background-color":"var(--ast-global-color-5)","background-image":"","background-repeat":"repeat","background-position":"center center","background-size":"auto","background-attachment":"scroll","background-type":"","background-media":"","overlay-type":"","overlay-color":"","overlay-opacity":"","overlay-gradient":""},"mobile":{"background-color":"var(--ast-global-color-5)","background-image":"","background-repeat":"repeat","background-position":"center center","background-size":"auto","background-attachment":"scroll","background-type":"","background-media":"","overlay-type":"","overlay-color":"","overlay-opacity":"","overlay-gradient":""}}},"section":[2029],"product_brand":[],"product_cat":[1254,2024],"product_tag":[1842],"class_list":{"0":"post-203652","1":"product","2":"type-product","3":"status-publish","4":"has-post-thumbnail","6":"section-south-and-islands","7":"product_cat-cursos-de-italiano-en-italia","8":"product_cat-cursos-en-trapani","9":"product_tag-cursos-de-italiano-en-italia","10":"desktop-align-left","11":"tablet-align-left","12":"mobile-align-left","13":"ast-product-gallery-layout-horizontal-slider","14":"ast-product-single-variable","15":"ast-product-tabs-layout-horizontal","16":"ast-qv-on-image-click","18":"first","19":"instock","20":"sold-individually","21":"shipping-taxable","22":"purchasable","23":"product-type-variable"},"acf":[],"taxonomy_info":{"section":[{"value":2029,"label":"South and Islands"}],"product_cat":[{"value":1254,"label":"Cursos de italiano en Italia"},{"value":2024,"label":"Cursos en Trapani"}],"product_tag":[{"value":1842,"label":"CURSOS DE ITALIANO EN ITALIA"}]},"featured_image_src_large":["https:\/\/www.studiainitalia.com\/wp-content\/uploads\/2026\/01\/trapani-1-scaled.jpg",1366,2048,false],"author_info":[],"comment_info":1,"uagb_featured_image_src":{"full":["https:\/\/www.studiainitalia.com\/wp-content\/uploads\/2026\/01\/trapani-1-scaled.jpg",1366,2048,false],"thumbnail":["https:\/\/www.studiainitalia.com\/wp-content\/uploads\/2026\/01\/trapani-1-scaled.jpg",64,96,false],"medium":["https:\/\/www.studiainitalia.com\/wp-content\/uploads\/2026\/01\/trapani-1-scaled.jpg",1366,2048,false],"medium_large":["https:\/\/www.studiainitalia.com\/wp-content\/uploads\/2026\/01\/trapani-1-768x1152.jpg",768,1152,true],"large":["https:\/\/www.studiainitalia.com\/wp-content\/uploads\/2026\/01\/trapani-1-scaled.jpg",1366,2048,false],"1536x1536":["https:\/\/www.studiainitalia.com\/wp-content\/uploads\/2026\/01\/trapani-1-1024x1536.jpg",1024,1536,true],"2048x2048":["https:\/\/www.studiainitalia.com\/wp-content\/uploads\/2026\/01\/trapani-1-1366x2048.jpg",1366,2048,true],"ultp_layout_landscape_large":["https:\/\/www.studiainitalia.com\/wp-content\/uploads\/2026\/01\/trapani-1-1200x800.jpg",1200,800,true],"ultp_layout_landscape":["https:\/\/www.studiainitalia.com\/wp-content\/uploads\/2026\/01\/trapani-1-870x570.jpg",870,570,true],"ultp_layout_portrait":["https:\/\/www.studiainitalia.com\/wp-content\/uploads\/2026\/01\/trapani-1-600x900.jpg",600,900,true],"ultp_layout_square":["https:\/\/www.studiainitalia.com\/wp-content\/uploads\/2026\/01\/trapani-1-600x600.jpg",600,600,true],"gform-image-choice-sm":["https:\/\/www.studiainitalia.com\/wp-content\/uploads\/2026\/01\/trapani-1-scaled.jpg",200,300,false],"gform-image-choice-md":["https:\/\/www.studiainitalia.com\/wp-content\/uploads\/2026\/01\/trapani-1-scaled.jpg",267,400,false],"gform-image-choice-lg":["https:\/\/www.studiainitalia.com\/wp-content\/uploads\/2026\/01\/trapani-1-scaled.jpg",400,600,false],"woocommerce_thumbnail":["https:\/\/www.studiainitalia.com\/wp-content\/uploads\/2026\/01\/trapani-1-300x300.jpg",300,300,true],"woocommerce_single":["https:\/\/www.studiainitalia.com\/wp-content\/uploads\/2026\/01\/trapani-1-400x600.jpg",400,600,true],"woocommerce_gallery_thumbnail":["https:\/\/www.studiainitalia.com\/wp-content\/uploads\/2026\/01\/trapani-1-100x100.jpg",100,100,true],"yarpp-thumbnail":["https:\/\/www.studiainitalia.com\/wp-content\/uploads\/2026\/01\/trapani-1-120x120.jpg",120,120,true]},"uagb_author_info":{"display_name":"Jordi Mont","author_link":"https:\/\/www.studiainitalia.com\/es\/author\/"},"uagb_comment_info":1,"uagb_excerpt":"&nbsp; Aprende italiano en Trapani, Sicilia occidental Trapani, una de las ciudades m\u00e1s antiguas de Italia, ofrece un ambiente acogedor y a escala humana en el que los estudiantes se sienten r\u00e1pidamente como en casa. Tambi\u00e9n es un punto de partida ideal para explorar la Sicilia occidental, incluyendo lugares hist\u00f3ricos, reservas naturales e islas mediterr\u00e1neas.&hellip;","_links":{"self":[{"href":"https:\/\/www.studiainitalia.com\/es\/wp-json\/wp\/v2\/product\/203652","targetHints":{"allow":["GET"]}}],"collection":[{"href":"https:\/\/www.studiainitalia.com\/es\/wp-json\/wp\/v2\/product"}],"about":[{"href":"https:\/\/www.studiainitalia.com\/es\/wp-json\/wp\/v2\/types\/product"}],"replies":[{"embeddable":true,"href":"https:\/\/www.studiainitalia.com\/es\/wp-json\/wp\/v2\/comments?post=203652"}],"wp:featuredmedia":[{"embeddable":true,"href":"https:\/\/www.studiainitalia.com\/es\/wp-json\/wp\/v2\/media\/203706"}],"wp:attachment":[{"href":"https:\/\/www.studiainitalia.com\/es\/wp-json\/wp\/v2\/media?parent=203652"}],"wp:term":[{"taxonomy":"section","embeddable":true,"href":"https:\/\/www.studiainitalia.com\/es\/wp-json\/wp\/v2\/section?post=203652"},{"taxonomy":"product_brand","embeddable":true,"href":"https:\/\/www.studiainitalia.com\/es\/wp-json\/wp\/v2\/product_brand?post=203652"},{"taxonomy":"product_cat","embeddable":true,"href":"https:\/\/www.studiainitalia.com\/es\/wp-json\/wp\/v2\/product_cat?post=203652"},{"taxonomy":"product_tag","embeddable":true,"href":"https:\/\/www.studiainitalia.com\/es\/wp-json\/wp\/v2\/product_tag?post=203652"}],"curies":[{"name":"wp","href":"https:\/\/api.w.org\/{rel}","templated":true}]}}