{"id":203720,"date":"2026-01-08T13:00:09","date_gmt":"2026-01-08T12:00:09","guid":{"rendered":"https:\/\/www.studiainitalia.com\/?post_type=product&#038;p=203720"},"modified":"2026-03-24T15:36:35","modified_gmt":"2026-03-24T14:36:35","slug":"curso-de-italiano-en-bari","status":"publish","type":"product","link":"https:\/\/www.studiainitalia.com\/es\/cursos\/cursos-de-italiano-en-italia\/curso-de-italiano-en-bari\/","title":{"rendered":"Curso de Italiano en Bari"},"content":{"rendered":"<h2><b><strong>Nuestros cursos de italiano en Bari<\/strong><\/b><\/h2>\n<p>Las<b> clases de la ma\u00f1ana<\/b> se centran en <b>aprender y hablar italiano<\/b> con <b>profesores con experiencia<\/b>, y abordan temas como <b>el arte, la m\u00fasica, la gastronom\u00eda y el vino<\/b>.<\/p>\n<p>Las tardes est\u00e1n dedicadas a explorar la encantadora regi\u00f3n de Apulia a trav\u00e9s de visitas guiadas y actividades culturales. Este enfoque pr\u00e1ctico refuerza las habilidades ling\u00fc\u00edsticas en contextos de la vida real.<\/p>\n<h3><b><strong>Estructura del curso:<\/strong><\/b><\/h3>\n<p>&nbsp;<\/p>\n<p>El programa est\u00e1 sujeto a cambios en los horarios o las actividades por motivos de fuerza mayor.<\/p>\n<ul>\n<li>3 clases al d\u00eda, de lunes a viernes<\/li>\n<li>Grupos reducidos: entre 4 y 8 alumnos<\/li>\n<\/ul>\n<p>Domingo: Llegada al aeropuerto de Bari y traslado al alojamiento en Locorotondo<\/p>\n<p>Lunes 9:30 \u2013 12:30: Clases de lengua y cultura italiana Tarde: visita guiada a Locorotondo<\/p>\n<p>Martes 9:30 \u2013 12:30: Clases de lengua y cultura italiana. Tarde: visita guiada a Alberobello<\/p>\n<p>Mi\u00e9rcoles 9:30 \u2013 12:30: Clases de lengua y cultura italiana. Tarde: visita guiada a Martina Franca<\/p>\n<p>Jueves 9:30 \u2013 12:30: Clases de lengua y cultura italiana. Tarde: visita guiada a los vi\u00f1edos<\/p>\n<p>Viernes 9:30 \u2013 12:30: Clases de lengua y cultura italiana Tarde: tiempo libre<\/p>\n<p>S\u00e1bado y domingo: tiempo libre<\/p>\n<p><b>2<sup>\u00aa<\/sup> semana<\/b><\/p>\n<p>Lunes 9:30 \u2013 12:30: Clases de lengua y cultura italiana Tarde: visita guiada a Polignano a Mare<\/p>\n<p>Martes 9:30 \u2013 12:30: Clases de lengua y cultura italiana. Tarde: Visita guiada a una queser\u00eda de mozzarella<\/p>\n<p>Mi\u00e9rcoles 9:30 \u2013 12:30: Clases de lengua y cultura italiana. Tarde: Visita guiada a Monopoli<\/p>\n<p>Jueves: 9:30 \u2013 12:30: Clases de lengua y cultura italiana. Tarde: Visita guiada a Ostuni<\/p>\n<p>Viernes 9:30 \u2013 12:30: Clases de lengua y cultura italiana Tarde: Clase de cocina Noche: Cena y fiesta de despedida<\/p>\n<p>S\u00e1bado: Salida<\/p>\n<p>La escuela tambi\u00e9n ofrece:<\/p>\n<ul>\n<li><b>Clases particulares de italiano<\/b> (generales o especializadas)<\/li>\n<li><b><strong>Cursos intensivos de italiano<\/strong><\/b><\/li>\n<li><b><strong>Semanas intensivas de italiano para colegios y grupos cerrados<\/strong><\/b><\/li>\n<li><b><strong>Clases de italiano online<\/strong><\/b><\/li>\n<li><b><strong>Preparaci\u00f3n para el examen CELI<\/strong><\/b><\/li>\n<\/ul>\n<h2><b>Fechas de inicio y detalles del curso<\/b><\/h2>\n<p>&nbsp;<\/p>\n<p><b>PRECIO 1850 \u20ac <\/b><\/p>\n<ul>\n<li><b>Fechas de inicio:<\/b> 26\/04 \u2013 30\/08 \u2013 13\/09<\/li>\n<\/ul>\n<ul>\n<li><b>Duraci\u00f3n de las clases<\/b>: 50 minutos<\/li>\n<li><b>N\u00famero medio de alumnos por clase<\/b>: 6 alumnos<\/li>\n<li><b>N\u00famero m\u00e1ximo de alumnos por clase<\/b>: 8 alumnos<\/li>\n<li><b>Horario<\/b>: Curso por la ma\u00f1ana y actividades por la tarde<\/li>\n<li><b>Materiales del curso<\/b>: Incluidos<\/li>\n<li><b>Prueba de nivel y certificado final<\/b>: Incluidos<\/li>\n<li><b>Ubicaci\u00f3n<\/b>: Locorotondo<\/li>\n<li><b>Otros servicios<\/b>: Acceso a Internet, actividades sociales<\/li>\n<\/ul>\n<p>El precio incluye:<\/p>\n<ul>\n<li>Alojamiento en Locorotondo<\/li>\n<li>Visitas guiadas con transporte<\/li>\n<li>Fiesta de despedida con cena t\u00edpica italiana<\/li>\n<li>No incluido en el precio: Comidas<\/li>\n<li>Excursiones y actividades opcionales seg\u00fan el programa<\/li>\n<li>Opciones adicionales: Habitaci\u00f3n individual con ba\u00f1o privado<\/li>\n<\/ul>\n<p><b><strong>Otros cursos de italiano disponibles en Bari durante todo el a\u00f1o<\/strong><\/b><\/p>\n<p>&nbsp;<\/p>\n","protected":false},"excerpt":{"rendered":"<h2><b>Aprende italiano en Bari, recorre Apulia<\/b><\/h2>\n<p>Nuestros cursos de italiano en Bari se centran en las habilidades ling\u00fc\u00edsticas pr\u00e1cticas y las experiencias culturales. Los alumnos pueden asistir a clases por la ma\u00f1ana y participar en actividades por la tarde, lo que garantiza un aprendizaje completo mientras descubren esta preciosa regi\u00f3n.<\/p>\n<p>Apulia ofrece una oportunidad \u00fanica para aprender italiano en la costa adri\u00e1tica. Bari combina la vida urbana con el mar. Paseos mar\u00edtimos, vistas de la costa y f\u00e1cil acceso a las playas a lo largo del litoral de Apulia.<\/p>\n<p>La legendaria hospitalidad de la ciudad hace que los visitantes se sientan como en casa desde el primer d\u00eda.<\/p>\n<p>&nbsp;<\/p>\n","protected":false},"featured_media":203748,"comment_status":"open","ping_status":"closed","template":"","meta":{"_acf_changed":false,"_uag_custom_page_level_css":"","_kad_blocks_custom_css":"","_kad_blocks_head_custom_js":"","_kad_blocks_body_custom_js":"","_kad_blocks_footer_custom_js":"","site-sidebar-layout":"default","site-content-layout":"default","ast-site-content-layout":"default","site-content-style":"default","site-sidebar-style":"default","ast-global-header-display":"","ast-banner-title-visibility":"","ast-main-header-display":"","ast-hfb-above-header-display":"","ast-hfb-below-header-display":"","ast-hfb-mobile-header-display":"","site-post-title":"","ast-breadcrumbs-content":"","ast-featured-img":"","footer-sml-layout":"","ast-disable-related-posts":"","theme-transparent-header-meta":"default","adv-header-id-meta":"","stick-header-meta":"default","header-above-stick-meta":"","header-main-stick-meta":"","header-below-stick-meta":"","astra-migrate-meta-layouts":"set","ast-page-background-enabled":"default","ast-page-background-meta":{"desktop":{"background-color":"var(--ast-global-color-4)","background-image":"","background-repeat":"repeat","background-position":"center center","background-size":"auto","background-attachment":"scroll","background-type":"","background-media":"","overlay-type":"","overlay-color":"","overlay-opacity":"","overlay-gradient":""},"tablet":{"background-color":"","background-image":"","background-repeat":"repeat","background-position":"center center","background-size":"auto","background-attachment":"scroll","background-type":"","background-media":"","overlay-type":"","overlay-color":"","overlay-opacity":"","overlay-gradient":""},"mobile":{"background-color":"","background-image":"","background-repeat":"repeat","background-position":"center center","background-size":"auto","background-attachment":"scroll","background-type":"","background-media":"","overlay-type":"","overlay-color":"","overlay-opacity":"","overlay-gradient":""}},"ast-content-background-meta":{"desktop":{"background-color":"var(--ast-global-color-5)","background-image":"","background-repeat":"repeat","background-position":"center center","background-size":"auto","background-attachment":"scroll","background-type":"","background-media":"","overlay-type":"","overlay-color":"","overlay-opacity":"","overlay-gradient":""},"tablet":{"background-color":"var(--ast-global-color-5)","background-image":"","background-repeat":"repeat","background-position":"center center","background-size":"auto","background-attachment":"scroll","background-type":"","background-media":"","overlay-type":"","overlay-color":"","overlay-opacity":"","overlay-gradient":""},"mobile":{"background-color":"var(--ast-global-color-5)","background-image":"","background-repeat":"repeat","background-position":"center center","background-size":"auto","background-attachment":"scroll","background-type":"","background-media":"","overlay-type":"","overlay-color":"","overlay-opacity":"","overlay-gradient":""}}},"section":[2029],"product_brand":[],"product_cat":[1254,2038],"product_tag":[],"class_list":{"0":"post-203720","1":"product","2":"type-product","3":"status-publish","4":"has-post-thumbnail","6":"section-south-and-islands","7":"product_cat-cursos-de-italiano-en-italia","8":"product_cat-cursos-de-italiano-en-bari-2","9":"desktop-align-left","10":"tablet-align-left","11":"mobile-align-left","12":"ast-product-gallery-layout-horizontal-slider","13":"ast-product-single-variable","14":"ast-product-tabs-layout-horizontal","15":"ast-qv-on-image-click","17":"first","18":"instock","19":"sold-individually","20":"shipping-taxable","21":"purchasable","22":"product-type-variable"},"acf":[],"taxonomy_info":{"section":[{"value":2029,"label":"South and Islands"}],"product_cat":[{"value":1254,"label":"Cursos de italiano en Italia"},{"value":2038,"label":"Cursos de italiano en Bari"}]},"featured_image_src_large":["https:\/\/www.studiainitalia.com\/wp-content\/uploads\/2026\/01\/30-Corsi-di-cucina.jpeg",1079,792,false],"author_info":[],"comment_info":0,"uagb_featured_image_src":{"full":["https:\/\/www.studiainitalia.com\/wp-content\/uploads\/2026\/01\/30-Corsi-di-cucina.jpeg",1079,792,false],"thumbnail":["https:\/\/www.studiainitalia.com\/wp-content\/uploads\/2026\/01\/30-Corsi-di-cucina.jpeg",128,94,false],"medium":["https:\/\/www.studiainitalia.com\/wp-content\/uploads\/2026\/01\/30-Corsi-di-cucina.jpeg",1079,792,false],"medium_large":["https:\/\/www.studiainitalia.com\/wp-content\/uploads\/2026\/01\/30-Corsi-di-cucina-768x564.jpeg",768,564,true],"large":["https:\/\/www.studiainitalia.com\/wp-content\/uploads\/2026\/01\/30-Corsi-di-cucina.jpeg",1079,792,false],"1536x1536":["https:\/\/www.studiainitalia.com\/wp-content\/uploads\/2026\/01\/30-Corsi-di-cucina.jpeg",1079,792,false],"2048x2048":["https:\/\/www.studiainitalia.com\/wp-content\/uploads\/2026\/01\/30-Corsi-di-cucina.jpeg",1079,792,false],"ultp_layout_landscape_large":["https:\/\/www.studiainitalia.com\/wp-content\/uploads\/2026\/01\/30-Corsi-di-cucina.jpeg",1079,792,false],"ultp_layout_landscape":["https:\/\/www.studiainitalia.com\/wp-content\/uploads\/2026\/01\/30-Corsi-di-cucina-870x570.jpeg",870,570,true],"ultp_layout_portrait":["https:\/\/www.studiainitalia.com\/wp-content\/uploads\/2026\/01\/30-Corsi-di-cucina-600x792.jpeg",600,792,true],"ultp_layout_square":["https:\/\/www.studiainitalia.com\/wp-content\/uploads\/2026\/01\/30-Corsi-di-cucina-600x600.jpeg",600,600,true],"gform-image-choice-sm":["https:\/\/www.studiainitalia.com\/wp-content\/uploads\/2026\/01\/30-Corsi-di-cucina.jpeg",300,220,false],"gform-image-choice-md":["https:\/\/www.studiainitalia.com\/wp-content\/uploads\/2026\/01\/30-Corsi-di-cucina.jpeg",400,294,false],"gform-image-choice-lg":["https:\/\/www.studiainitalia.com\/wp-content\/uploads\/2026\/01\/30-Corsi-di-cucina.jpeg",600,440,false],"woocommerce_thumbnail":["https:\/\/www.studiainitalia.com\/wp-content\/uploads\/2026\/01\/30-Corsi-di-cucina-300x300.jpeg",300,300,true],"woocommerce_single":["https:\/\/www.studiainitalia.com\/wp-content\/uploads\/2026\/01\/30-Corsi-di-cucina-400x294.jpeg",400,294,true],"woocommerce_gallery_thumbnail":["https:\/\/www.studiainitalia.com\/wp-content\/uploads\/2026\/01\/30-Corsi-di-cucina-100x100.jpeg",100,100,true],"yarpp-thumbnail":["https:\/\/www.studiainitalia.com\/wp-content\/uploads\/2026\/01\/30-Corsi-di-cucina-120x120.jpeg",120,120,true]},"uagb_author_info":{"display_name":"Jordi Mont","author_link":"https:\/\/www.studiainitalia.com\/es\/author\/"},"uagb_comment_info":0,"uagb_excerpt":"Aprende italiano en Bari, recorre Apulia Nuestros cursos de italiano en Bari se centran en las habilidades ling\u00fc\u00edsticas pr\u00e1cticas y las experiencias culturales. Los alumnos pueden asistir a clases por la ma\u00f1ana y participar en actividades por la tarde, lo que garantiza un aprendizaje completo mientras descubren esta preciosa regi\u00f3n. Apulia ofrece una oportunidad \u00fanica&hellip;","_links":{"self":[{"href":"https:\/\/www.studiainitalia.com\/es\/wp-json\/wp\/v2\/product\/203720","targetHints":{"allow":["GET"]}}],"collection":[{"href":"https:\/\/www.studiainitalia.com\/es\/wp-json\/wp\/v2\/product"}],"about":[{"href":"https:\/\/www.studiainitalia.com\/es\/wp-json\/wp\/v2\/types\/product"}],"replies":[{"embeddable":true,"href":"https:\/\/www.studiainitalia.com\/es\/wp-json\/wp\/v2\/comments?post=203720"}],"wp:featuredmedia":[{"embeddable":true,"href":"https:\/\/www.studiainitalia.com\/es\/wp-json\/wp\/v2\/media\/203748"}],"wp:attachment":[{"href":"https:\/\/www.studiainitalia.com\/es\/wp-json\/wp\/v2\/media?parent=203720"}],"wp:term":[{"taxonomy":"section","embeddable":true,"href":"https:\/\/www.studiainitalia.com\/es\/wp-json\/wp\/v2\/section?post=203720"},{"taxonomy":"product_brand","embeddable":true,"href":"https:\/\/www.studiainitalia.com\/es\/wp-json\/wp\/v2\/product_brand?post=203720"},{"taxonomy":"product_cat","embeddable":true,"href":"https:\/\/www.studiainitalia.com\/es\/wp-json\/wp\/v2\/product_cat?post=203720"},{"taxonomy":"product_tag","embeddable":true,"href":"https:\/\/www.studiainitalia.com\/es\/wp-json\/wp\/v2\/product_tag?post=203720"}],"curies":[{"name":"wp","href":"https:\/\/api.w.org\/{rel}","templated":true}]}}