{"id":189486,"date":"2016-10-31T08:40:52","date_gmt":"2016-10-31T07:40:52","guid":{"rendered":"https:\/\/www.studiainitalia.com\/cours-en-bologne\/"},"modified":"2024-01-15T20:26:46","modified_gmt":"2024-01-15T19:26:46","slug":"cours-italien-a-bologne","status":"publish","type":"page","link":"https:\/\/www.studiainitalia.com\/fr\/destinations\/cours-italien-a-bologne\/","title":{"rendered":"Bologne"},"content":{"rendered":"\n<div class=\"wp-block-columns alignfull has-ast-global-color-2-background-color has-background is-layout-flex wp-container-core-columns-is-layout-c6bc58be wp-block-columns-is-layout-flex\" style=\"padding-top:0px;padding-right:0px;padding-bottom:0px;padding-left:0px\">\n<div class=\"wp-block-column is-layout-flow wp-block-column-is-layout-flow\" style=\"flex-basis:60%\">\n<div class=\"wp-block-cover alignfull is-light\" style=\"min-height:685px;aspect-ratio:unset;\"><span aria-hidden=\"true\" class=\"wp-block-cover__background has-background-dim\"><\/span><img decoding=\"async\" width=\"640\" height=\"480\" class=\"wp-block-cover__image-background wp-image-94120\" alt=\"cours \u00e0 Bologne\" src=\"https:\/\/www.studiainitalia.com\/wp-content\/uploads\/2022\/09\/learn-italian-in-bologna_jpg.jpg\" data-object-fit=\"cover\" title=\"\" srcset=\"https:\/\/www.studiainitalia.com\/wp-content\/uploads\/2022\/09\/learn-italian-in-bologna_jpg.jpg 640w, https:\/\/www.studiainitalia.com\/wp-content\/uploads\/2022\/09\/learn-italian-in-bologna_jpg-400x300.jpg 400w\" sizes=\"(max-width: 640px) 100vw, 640px\" \/><div class=\"wp-block-cover__inner-container is-layout-flow wp-block-cover-is-layout-flow\">\n<h1 class=\"wp-block-heading has-text-align-center\" style=\"font-size:32px\">Cours d\u2019italien \u00e0 Bologne<\/h1>\n<\/div><\/div>\n<\/div>\n\n\n\n<div class=\"wp-block-column is-layout-flow wp-block-column-is-layout-flow\" style=\"flex-basis: 40%; padding: 6%;\">\n<div  class=\"wp-block-ultimate-post-heading ultp-block-d439be\"><div class=\"ultp-block-wrapper\"><div class=\"ultp-heading-wrap ultp-heading-style9 ultp-heading-left\"><h2 class=\"ultp-heading-inner\"><span><strong>APPRENDRE L\u2019ITALIEN \u00c0 BOLOGNE<\/strong><\/span><\/h2><\/div><\/div><\/div>\n\r\n\r\n<style>.wp-block-kadence-spacer.kt-block-spacer-_03022e-64 .kt-block-spacer{height:10px;}.wp-block-kadence-spacer.kt-block-spacer-_03022e-64 .kt-divider{border-top-width:1px;height:1px;border-top-color:var(--ast-global-color-1);width:100%;border-top-style:solid;}<\/style>\n<div class=\"wp-block-kadence-spacer aligncenter kt-block-spacer-_03022e-64\"><div class=\"kt-block-spacer kt-block-spacer-halign-center\"><hr class=\"kt-divider\"\/><\/div><\/div>\n\n\r\n\r\n\n<p>Un grand nombre d\u2019Italiens aimeraient vivre \u00e0 Bologne, une ville qui poss\u00e8de l\u2019une des meilleures qualit\u00e9s de vie du pays, qui propose avant tout des services publics et un vaste \u00e9ventail d\u2019activit\u00e9s culturelles.<\/p>\n\n\r\n\r\n\n<p>La plus ancienne universit\u00e9 d\u2019Europe, qui accueille chaque ann\u00e9e des milliers d\u2019\u00e9tudiants du monde entier, a \u00e9t\u00e9 fond\u00e9e \u00e0 Bologne. La circulation dans le centre-ville est limit\u00e9e, et de nombreuses personnes se d\u00e9placent \u00e0 v\u00e9lo.<\/p>\n\n\r\n\r\n\n<p>La multitude d\u2019arcades au-dessus des trottoirs semble d\u2019ailleurs \u00eatre le prolongement des salons priv\u00e9s, donnant une atmosph\u00e8re originale et chaleureuse aux \u00e9changes sociaux de la ville.<\/p>\n\n\r\n\r\n\n<p>Bologne est \u00e9galement un lieu id\u00e9al pour apprendre l\u2019italien, o\u00f9 il est facile de nouer des contacts avec les gens.<\/p>\n\n\r\n\r\n\n<p>Bologne est assez grande pour ne pas \u00eatre une province, mais pas trop pour avoir perdu le caract\u00e8re humain des relations sociales que l\u2019on trouve encore dans la province.<\/p>\n\n<\/div>\n<\/div>\n\n\n<div  class=\"wp-block-ultimate-post-heading ultp-block-21007a\"><div class=\"ultp-block-wrapper\"><div class=\"ultp-heading-wrap ultp-heading-style9 ultp-heading-center\"><h2 class=\"ultp-heading-inner\"><span><strong>Choisissez votre cours \u00e0 Bologne<\/strong><\/span><\/h2><\/div><\/div><\/div>\n\n<div class=\"wopb-shortcode\" data-postid=\"95366\"><div  class=\"wp-block-product-blocks-product-grid-1 wopb-block-2e9c51 \"><div class=\"wopb-block-wrapper\"><div class=\"wopb-wrapper-main-content\"><div class=\"wopb-block-items-wrap wopb-block-row wopb-block-column-6\"><div class=\"wopb-block-item \"><div class=\"wopb-block-content-wrap\"><div class=\"wopb-block-image wopb-block-image-none\"><div class=\"wopb-product-new-meta\"><\/div><a href=\"https:\/\/www.studiainitalia.com\/fr\/cours\/cours-a-bologne\/cours-de-cuisine-a-bologne\/\"><img decoding=\"async\" src=\"https:\/\/www.studiainitalia.com\/wp-content\/uploads\/2016\/10\/cooking-in-bologna-300x300.jpg\" alt=\"Cours de cuisine \u00e0 Bologne\" title=\"\"><\/a><\/div><h3 class=\"wopb-block-title\"><a title=\"Cours de cuisine \u00e0 Bologne\"  href=\"https:\/\/www.studiainitalia.com\/fr\/cours\/cours-a-bologne\/cours-de-cuisine-a-bologne\/\">Cours de cuisine \u00e0 Bologne<\/a><\/h3><div class=\"wopb-product-price\"><span class=\"woocommerce-Price-amount amount\" aria-hidden=\"true\"><bdi>136<span class=\"woocommerce-Price-currencySymbol\">&euro;<\/span><\/bdi><\/span> <span aria-hidden=\"true\">\u00a0\u2013\u00a0<\/span> <span class=\"woocommerce-Price-amount amount\" aria-hidden=\"true\"><bdi>272<span class=\"woocommerce-Price-currencySymbol\">&euro;<\/span><\/bdi><\/span><span class=\"screen-reader-text\">Plage de prix\u00a0: 136&euro; \u00e0 272&euro;<\/span><\/div><div class=\"wopb-star-rating\"><span style=\"width: 96.8%\"><strong itemprop=\"ratingValue\" class=\"wopb-rating\">4.84<\/strong>out of 5<\/span><\/div><\/div><\/div><div class=\"wopb-block-item \"><div class=\"wopb-block-content-wrap\"><div class=\"wopb-block-image wopb-block-image-none\"><div class=\"wopb-product-new-meta\"><\/div><a href=\"https:\/\/www.studiainitalia.com\/fr\/cours\/cours-italien-en-italie\/italien-a-bologne\/\"><img decoding=\"async\" src=\"https:\/\/www.studiainitalia.com\/wp-content\/uploads\/2016\/10\/italian-in-bologna-1-e1495232970528-300x300.jpg\" alt=\"Cours d\u2019italien \u00e0 Bologne\" title=\"\"><\/a><\/div><h3 class=\"wopb-block-title\"><a title=\"Cours d\u2019italien \u00e0 Bologne\"  href=\"https:\/\/www.studiainitalia.com\/fr\/cours\/cours-italien-en-italie\/italien-a-bologne\/\">Cours d\u2019italien \u00e0 Bologne<\/a><\/h3><div class=\"wopb-product-price\"><span class=\"woocommerce-Price-amount amount\" aria-hidden=\"true\"><bdi>394<span class=\"woocommerce-Price-currencySymbol\">&euro;<\/span><\/bdi><\/span> <span aria-hidden=\"true\">\u00a0\u2013\u00a0<\/span> <span class=\"woocommerce-Price-amount amount\" aria-hidden=\"true\"><bdi>2.025<span class=\"woocommerce-Price-currencySymbol\">&euro;<\/span><\/bdi><\/span><span class=\"screen-reader-text\">Plage de prix\u00a0: 394&euro; \u00e0 2.025&euro;<\/span><\/div><div class=\"wopb-star-rating\"><span style=\"width: 96.4%\"><strong itemprop=\"ratingValue\" class=\"wopb-rating\">4.82<\/strong>out of 5<\/span><\/div><\/div><\/div><\/div><\/div><\/div><\/div><\/div>\n\n\n\n<div class=\"wp-block-columns alignfull has-ast-global-color-2-background-color has-background is-layout-flex wp-container-core-columns-is-layout-c7ed57bb wp-block-columns-is-layout-flex\" style=\"padding: 5% 10% 5% 10%;\">\n\n<div class=\"wp-block-column is-layout-constrained wp-container-core-column-is-layout-80c0687d wp-block-column-is-layout-constrained\">\n\n<figure class=\"wp-block-image aligncenter size-full\"><img decoding=\"async\" width=\"52\" height=\"52\" class=\"wp-image-94146\" src=\"https:\/\/www.studiainitalia.com\/wp-content\/uploads\/2022\/09\/bologna_png_webp.png\" alt=\"\" title=\"\"><\/figure>\n\n\r\n\r\n<div  class=\"wp-block-ultimate-post-heading ultp-block-431ed9\"><div class=\"ultp-block-wrapper\"><div class=\"ultp-heading-wrap ultp-heading-style1 ultp-heading-center\"><h2 class=\"ultp-heading-inner\"><span>Pourquoi Bologne ?<\/span><\/h2><\/div><\/div><\/div>\n\r\n\r\n\n<p>Bologne est un endroit parfait pour apprendre l\u2019Italien et d\u00e9couvrir le style de vie local. Les gens sont tr\u00e8s accueillants et il est facile d\u2019entrer en contact avec eux.<\/p>\n\n\r\n\r\n\n<p>Bologne a une taille id\u00e9ale, assez grande pour ne pas \u00eatre provinciale pas trop grande pour avoir perdu la qualit\u00e9 humaine des relations sociales.<\/p>\n\n\r\n\r\n\n<p>La circulation de voitures dans le centre-ville est limit\u00e9e et de nombreuses personnes utilisent les v\u00e9los pour se d\u00e9placer.<\/p>\n\n<\/div>\n\n\r\n\r\n\n<div class=\"wp-block-column is-layout-constrained wp-container-core-column-is-layout-80c0687d wp-block-column-is-layout-constrained\">\n\n<figure class=\"wp-block-image aligncenter size-full\"><img decoding=\"async\" width=\"50\" height=\"50\" class=\"wp-image-94147\" src=\"https:\/\/www.studiainitalia.com\/wp-content\/uploads\/2022\/09\/caelndar2-3_png_webp.png\" alt=\"\" title=\"\"><\/figure>\n\n\r\n\r\n<div  class=\"wp-block-ultimate-post-heading ultp-block-f27fcd\"><div class=\"ultp-block-wrapper\"><div class=\"ultp-heading-wrap ultp-heading-style1 ultp-heading-center\"><h2 class=\"ultp-heading-inner\"><span>Quand s\u2019y rendre ?<\/span><\/h2><\/div><\/div><\/div>\n\r\n\r\n\n<p class=\"has-text-align-left\">La meilleure p\u00e9riode pour visiter Bologne va du printemps \u00e0 l\u2019automne, lorsque le temps est chaud et agr\u00e9able et la pr\u00e9sence des \u00e9tudiants donne \u00e0 la ville une atmosph\u00e8re anim\u00e9e.<\/p>\n\n<\/div>\n\n\r\n\r\n\n<div class=\"wp-block-column is-layout-constrained wp-container-core-column-is-layout-80c0687d wp-block-column-is-layout-constrained\">\n\n<figure class=\"wp-block-image aligncenter size-full\"><img decoding=\"async\" width=\"52\" height=\"52\" class=\"wp-image-94148\" src=\"https:\/\/www.studiainitalia.com\/wp-content\/uploads\/2022\/09\/vespa-1_png_webp.png\" alt=\"\" title=\"\"><\/figure>\n\n\r\n\r\n<div  class=\"wp-block-ultimate-post-heading ultp-block-0ab39a\"><div class=\"ultp-block-wrapper\"><div class=\"ultp-heading-wrap ultp-heading-style1 ultp-heading-center\"><h2 class=\"ultp-heading-inner\"><span>There &amp; Around<\/span><\/h2><\/div><\/div><\/div>\n\r\n\r\n\n<p>Bologne est facilement joignable par avion en arrivant \u00e0 \u00a0l\u2019a\u00e9roport international de Bologne G. Marconi. Vous pouvez \u00e9galement atterrir \u00e0 Florence, Milan ou Rome (\u00e0 2 \u2013 3 heures de distance).<\/p>\n\n\r\n\r\n\n<p>Si vous le d\u00e9sirez, nous pouvons organiser pour vous le transfert depuis l\u2019a\u00e9roport.<\/p>\n\n\r\n\r\n\n<p>Pour plus d\u2019informations sur les choses \u00e0 voir et \u00e0 faire pendant votre s\u00e9jour, nous vous recommandons de consulter le guide Lonely Planet de Bologne.<\/p>\n\n<\/div>\n\n<\/div>\n\n\n\n<div class=\"wp-block-columns alignfull are-vertically-aligned-center is-layout-flex wp-container-core-columns-is-layout-28f84493 wp-block-columns-is-layout-flex\">\n<div class=\"wp-block-column is-vertically-aligned-center is-layout-flow wp-block-column-is-layout-flow\" style=\"flex-basis:40%\">\n<figure class=\"wp-block-embed is-type-video is-provider-youtube wp-block-embed-youtube wp-embed-aspect-16-9 wp-has-aspect-ratio\"><div class=\"wp-block-embed__wrapper\">\n<iframe title=\"Bologna, where every day is special.\" width=\"500\" height=\"281\" src=\"https:\/\/www.youtube.com\/embed\/ObBreSoNzZY?feature=oembed\" frameborder=\"0\" allow=\"accelerometer; autoplay; clipboard-write; encrypted-media; gyroscope; picture-in-picture; web-share\" referrerpolicy=\"strict-origin-when-cross-origin\" allowfullscreen><\/iframe>\n<\/div><\/figure>\n<\/div>\n\n\n\n<div class=\"wp-block-column is-vertically-aligned-center is-layout-flow wp-block-column-is-layout-flow\" style=\"flex-basis:60%\"><style>.kb-google-maps-container189486_bcbb57-e8{height:450px;}.kb-google-maps-container189486_bcbb57-e8{filter:grayscale(100%);}<\/style><div class=\"kb-google-maps-container kb-google-maps-container189486_bcbb57-e8  wp-block-kadence-googlemaps\" data-mapid=\"189486_bcbb57e8\"><iframe width=\"100%\" height=\"100%\"\n\t\t\t\t\t\t\tstyle=\"border:0\" loading=\"lazy\"\n\t\t\t\t\t\t\tsrc=\"https:\/\/www.google.com\/maps\/embed\/v1\/place?key=AIzaSyBAM2o7PiQqwk15LC1XRH2e_KJ-jUa7KYk&#038;zoom=11&#038;maptype=roadmap&#038;q=bolonga\"\n\t\t\t\t\t\t\ttitle=\"Carte Google de bolonga\"><\/iframe><\/div><script>function kb_google_map189486_bcbb57e8() { let center = { lat: 37.8201, lng: -122.4781}; let map = new google.maps.Map(document.getElementById(\"kb-google-map189486_bcbb57e8\"), {\n\t\t\t\t\t    zoom: 11,\n\t\t\t\t\t    center: center,});let marker = new google.maps.Marker({   position: { lat: 37.8201, lng: -122.4781},    map: map,  });}<\/script><\/div>\n<\/div>\n","protected":false},"excerpt":{"rendered":"<p>Un grand nombre d\u2019Italiens aimeraient vivre \u00e0 Bologne, une ville qui poss\u00e8de l\u2019une des meilleures qualit\u00e9s de vie du pays, qui propose avant tout des services publics et un vaste \u00e9ventail d\u2019activit\u00e9s culturelles. La plus ancienne universit\u00e9 d\u2019Europe, qui accueille chaque ann\u00e9e des milliers d\u2019\u00e9tudiants du monde entier, a \u00e9t\u00e9 fond\u00e9e \u00e0 Bologne. La circulation [&hellip;]<\/p>\n","protected":false},"author":1,"featured_media":0,"parent":189521,"menu_order":61,"comment_status":"closed","ping_status":"closed","template":"","meta":{"_acf_changed":false,"_uag_custom_page_level_css":"","_kad_blocks_custom_css":"","_kad_blocks_head_custom_js":"","_kad_blocks_body_custom_js":"","_kad_blocks_footer_custom_js":"","site-sidebar-layout":"default","site-content-layout":"","ast-site-content-layout":"default","site-content-style":"default","site-sidebar-style":"default","ast-global-header-display":"","ast-banner-title-visibility":"","ast-main-header-display":"","ast-hfb-above-header-display":"","ast-hfb-below-header-display":"","ast-hfb-mobile-header-display":"","site-post-title":"disabled","ast-breadcrumbs-content":"","ast-featured-img":"","footer-sml-layout":"","ast-disable-related-posts":"","theme-transparent-header-meta":"","adv-header-id-meta":"","stick-header-meta":"","header-above-stick-meta":"","header-main-stick-meta":"","header-below-stick-meta":"","astra-migrate-meta-layouts":"set","ast-page-background-enabled":"default","ast-page-background-meta":{"desktop":{"background-color":"var(--ast-global-color-4)","background-image":"","background-repeat":"repeat","background-position":"center center","background-size":"auto","background-attachment":"scroll","background-type":"","background-media":"","overlay-type":"","overlay-color":"","overlay-opacity":"","overlay-gradient":""},"tablet":{"background-color":"","background-image":"","background-repeat":"repeat","background-position":"center center","background-size":"auto","background-attachment":"scroll","background-type":"","background-media":"","overlay-type":"","overlay-color":"","overlay-opacity":"","overlay-gradient":""},"mobile":{"background-color":"","background-image":"","background-repeat":"repeat","background-position":"center center","background-size":"auto","background-attachment":"scroll","background-type":"","background-media":"","overlay-type":"","overlay-color":"","overlay-opacity":"","overlay-gradient":""}},"ast-content-background-meta":{"desktop":{"background-color":"var(--ast-global-color-5)","background-image":"","background-repeat":"repeat","background-position":"center center","background-size":"auto","background-attachment":"scroll","background-type":"","background-media":"","overlay-type":"","overlay-color":"","overlay-opacity":"","overlay-gradient":""},"tablet":{"background-color":"var(--ast-global-color-5)","background-image":"","background-repeat":"repeat","background-position":"center center","background-size":"auto","background-attachment":"scroll","background-type":"","background-media":"","overlay-type":"","overlay-color":"","overlay-opacity":"","overlay-gradient":""},"mobile":{"background-color":"var(--ast-global-color-5)","background-image":"","background-repeat":"repeat","background-position":"center center","background-size":"auto","background-attachment":"scroll","background-type":"","background-media":"","overlay-type":"","overlay-color":"","overlay-opacity":"","overlay-gradient":""}},"footnotes":""},"class_list":["post-189486","page","type-page","status-publish","hentry"],"acf":[],"taxonomy_info":[],"featured_image_src_large":false,"author_info":{"display_name":"Javier Diaz","author_link":"https:\/\/www.studiainitalia.com\/fr\/author\/studiain_jedv\/"},"comment_info":0,"uagb_featured_image_src":{"full":false,"thumbnail":false,"medium":false,"medium_large":false,"large":false,"1536x1536":false,"2048x2048":false,"ultp_layout_landscape_large":false,"ultp_layout_landscape":false,"ultp_layout_portrait":false,"ultp_layout_square":false,"gform-image-choice-sm":false,"gform-image-choice-md":false,"gform-image-choice-lg":false,"woocommerce_thumbnail":false,"woocommerce_single":false,"woocommerce_gallery_thumbnail":false,"yarpp-thumbnail":false},"uagb_author_info":{"display_name":"Javier Diaz","author_link":"https:\/\/www.studiainitalia.com\/fr\/author\/studiain_jedv\/"},"uagb_comment_info":0,"uagb_excerpt":"Un grand nombre d\u2019Italiens aimeraient vivre \u00e0 Bologne, une ville qui poss\u00e8de l\u2019une des meilleures qualit\u00e9s de vie du pays, qui propose avant tout des services publics et un vaste \u00e9ventail d\u2019activit\u00e9s culturelles. La plus ancienne universit\u00e9 d\u2019Europe, qui accueille chaque ann\u00e9e des milliers d\u2019\u00e9tudiants du monde entier, a \u00e9t\u00e9 fond\u00e9e \u00e0 Bologne. La circulation\u2026","_links":{"self":[{"href":"https:\/\/www.studiainitalia.com\/fr\/wp-json\/wp\/v2\/pages\/189486","targetHints":{"allow":["GET"]}}],"collection":[{"href":"https:\/\/www.studiainitalia.com\/fr\/wp-json\/wp\/v2\/pages"}],"about":[{"href":"https:\/\/www.studiainitalia.com\/fr\/wp-json\/wp\/v2\/types\/page"}],"author":[{"embeddable":true,"href":"https:\/\/www.studiainitalia.com\/fr\/wp-json\/wp\/v2\/users\/1"}],"replies":[{"embeddable":true,"href":"https:\/\/www.studiainitalia.com\/fr\/wp-json\/wp\/v2\/comments?post=189486"}],"version-history":[{"count":0,"href":"https:\/\/www.studiainitalia.com\/fr\/wp-json\/wp\/v2\/pages\/189486\/revisions"}],"up":[{"embeddable":true,"href":"https:\/\/www.studiainitalia.com\/fr\/wp-json\/wp\/v2\/pages\/189521"}],"wp:attachment":[{"href":"https:\/\/www.studiainitalia.com\/fr\/wp-json\/wp\/v2\/media?parent=189486"}],"curies":[{"name":"wp","href":"https:\/\/api.w.org\/{rel}","templated":true}]}}