{"id":189490,"date":"2016-11-21T19:23:32","date_gmt":"2016-11-21T18:23:32","guid":{"rendered":"https:\/\/www.studiainitalia.com\/blog\/"},"modified":"2023-10-30T12:32:08","modified_gmt":"2023-10-30T11:32:08","slug":"blog","status":"publish","type":"page","link":"https:\/\/www.studiainitalia.com\/fr\/blog\/","title":{"rendered":"Blog"},"content":{"rendered":"\n<div class=\"wp-block-cover alignfull is-light\" style=\"min-height:224px;aspect-ratio:unset;\"><span aria-hidden=\"true\" class=\"wp-block-cover__background has-background-dim\"><\/span><img decoding=\"async\" width=\"1600\" height=\"275\" class=\"wp-block-cover__image-background wp-image-86282\" alt=\"blog studiainitalia noticias\" src=\"https:\/\/www.studiainitalia.com\/wp-content\/uploads2019\/12\/noticias-articulos-blog-studiainitalia.jpg\" data-object-fit=\"cover\" title=\"\" srcset=\"https:\/\/www.studiainitalia.com\/wp-content\/uploads\/2019\/12\/noticias-articulos-blog-studiainitalia.jpg 1600w, https:\/\/www.studiainitalia.com\/wp-content\/uploads\/2019\/12\/noticias-articulos-blog-studiainitalia-300x52.jpg 300w, https:\/\/www.studiainitalia.com\/wp-content\/uploads\/2019\/12\/noticias-articulos-blog-studiainitalia-1024x176.jpg 1024w, https:\/\/www.studiainitalia.com\/wp-content\/uploads\/2019\/12\/noticias-articulos-blog-studiainitalia-768x132.jpg 768w, https:\/\/www.studiainitalia.com\/wp-content\/uploads\/2019\/12\/noticias-articulos-blog-studiainitalia-1536x264.jpg 1536w, https:\/\/www.studiainitalia.com\/wp-content\/uploads\/2019\/12\/noticias-articulos-blog-studiainitalia-1080x186.jpg 1080w, https:\/\/www.studiainitalia.com\/wp-content\/uploads\/2019\/12\/noticias-articulos-blog-studiainitalia-1280x220.jpg 1280w, https:\/\/www.studiainitalia.com\/wp-content\/uploads\/2019\/12\/noticias-articulos-blog-studiainitalia-980x168.jpg 980w, https:\/\/www.studiainitalia.com\/wp-content\/uploads\/2019\/12\/noticias-articulos-blog-studiainitalia-480x83.jpg 480w, https:\/\/www.studiainitalia.com\/wp-content\/uploads\/2019\/12\/noticias-articulos-blog-studiainitalia-400x69.jpg 400w\" sizes=\"(max-width: 1600px) 100vw, 1600px\" \/><div class=\"wp-block-cover__inner-container is-layout-flow wp-block-cover-is-layout-flow\"><style>.wp-block-kadence-advancedheading.kt-adv-heading189490_58555b-0b, .wp-block-kadence-advancedheading.kt-adv-heading189490_58555b-0b[data-kb-block=\"kb-adv-heading189490_58555b-0b\"]{font-style:normal;}.wp-block-kadence-advancedheading.kt-adv-heading189490_58555b-0b mark.kt-highlight, .wp-block-kadence-advancedheading.kt-adv-heading189490_58555b-0b[data-kb-block=\"kb-adv-heading189490_58555b-0b\"] mark.kt-highlight{font-style:normal;color:#f76a0c;-webkit-box-decoration-break:clone;box-decoration-break:clone;padding-top:0px;padding-right:0px;padding-bottom:0px;padding-left:0px;}<\/style>\n<h1 class=\"kt-adv-heading189490_58555b-0b wp-block-kadence-advancedheading\" data-kb-block=\"kb-adv-heading189490_58555b-0b\">Blog<\/h1>\n<\/div><\/div>\n\n\n<div  class=\"wp-block-ultimate-post-heading ultp-block-636ec1\"><div class=\"ultp-block-wrapper\"><div class=\"ultp-heading-wrap ultp-heading-style9 ultp-heading-center\"><h2 class=\"ultp-heading-inner\"><span>Detto Fatto: Studiainitalia Blog<\/span><\/h2><\/div><\/div><\/div>\n\n<div class=\"ultp-shortcode\" data-postid=\"94263\"><div  class=\"ultp-post-grid-block wp-block-ultimate-post-post-grid-1 ultp-block-9f8766\"><div class=\"ultp-block-wrapper\"><div class=\"ultp-loading\"><div class=\"ultp-loading-blocks\" style=\"width:100%;height:100%;\"><div style=\"left: 0;top: 0;animation-delay:0s;\"><\/div><div style=\"left: 21px;top: 0;animation-delay:0.125s;\"><\/div><div style=\"left: 42px;top: 0;animation-delay:0.25s;\"><\/div><div style=\"left: 0;top: 21px;animation-delay:0.875s;\"><\/div><div style=\"left: 42px;top: 21px;animation-delay:0.375s;\"><\/div><div style=\"left: 0;top: 42px;animation-delay:0.75s;\"><\/div><div style=\"left: 42px;top: 42px;animation-delay:0.625s;\"><\/div><div style=\"left: 21px;top: 42px;animation-delay:0.5s;\"><\/div><\/div><\/div><div class=\"ultp-heading-filter\"><div class=\"ultp-heading-filter-in\"><div class=\"ultp-filter-navigation\"><\/div><\/div><\/div><div class=\"ultp-block-items-wrap ultp-block-row ultp-pg1a-style1 ultp-grid1-responsive ultp-block-column-3 ultp-sm-column-2 ultp-xs-column-1 ultp-layout1\"><div class=\"ultp-block-item post-id-204532\"><div class=\"ultp-block-content-wrap\"><div class=\"ultp-block-image ultp-block-image-opacity\"><a href=\"https:\/\/www.studiainitalia.com\/fr\/blog\/course-histoire-art-florence-venise-rome\/\"><img decoding=\"async\" class=\"ultp-block-image-content\" alt=\"Cours d&#039;histoire de l&#039;art florence italie - image by Rodney Castillo from Pixabay\" src=\"https:\/\/www.studiainitalia.com\/wp-content\/uploads\/2019\/09\/history-of-art-courses-in-florence-italy.jpg\" title=\"\"><\/a><\/div><div class=\"ultp-block-content\"><h3 class=\"ultp-block-title \"><a href=\"https:\/\/www.studiainitalia.com\/fr\/blog\/course-histoire-art-florence-venise-rome\/\">Cours d&rsquo;histoire de l&rsquo;art \u00e0 Florence, Venise et Rome : Renaissance et culture<\/a><\/h3><div class=\"ultp-block-meta ultp-block-meta-verticalbar ultp-block-meta-noIcon\"><\/div><div class=\"ultp-block-excerpt\"><p>Pour comprendre l&rsquo;histoire de l&rsquo;art italien, il faut savoir qu&rsquo;il\u2026<\/p>\n<\/div><\/div><\/div><\/div><div class=\"ultp-block-item post-id-190981\"><div class=\"ultp-block-content-wrap\"><div class=\"ultp-block-image ultp-block-image-opacity\"><a href=\"https:\/\/www.studiainitalia.com\/fr\/blog\/vacances-detudes-a-florence\/\"><img decoding=\"async\" class=\"ultp-block-image-content\" alt=\"Cours d&#039;italien \u00e0 Florence conseil voyage -  photo by user32212 from Pixabay\" src=\"https:\/\/www.studiainitalia.com\/wp-content\/uploads\/2021\/05\/Italian-Course-in-Florence-travel-tips.jpg\" title=\"\"><\/a><\/div><div class=\"ultp-block-content\"><h3 class=\"ultp-block-title \"><a href=\"https:\/\/www.studiainitalia.com\/fr\/blog\/vacances-detudes-a-florence\/\">\u00c9tudier l&rsquo;italien \u00e0 Florence: 6 conseils pour une exp\u00e9rience authentique<\/a><\/h3><div class=\"ultp-block-meta ultp-block-meta-verticalbar ultp-block-meta-noIcon\"><\/div><div class=\"ultp-block-excerpt\"><p>Florence n&rsquo;est pas seulement le th\u00e9\u00e2tre de l&rsquo;histoire de l&rsquo;art,\u2026<\/p>\n<\/div><\/div><\/div><\/div><div class=\"ultp-block-item post-id-203898\"><div class=\"ultp-block-content-wrap\"><div class=\"ultp-block-image ultp-block-image-opacity\"><a href=\"https:\/\/www.studiainitalia.com\/fr\/blog\/agence-pour-etudier-en-italie\/\"><img decoding=\"async\" class=\"ultp-block-image-content\" alt=\"Agence pour \u00e9tudier en Italie \" src=\"https:\/\/www.studiainitalia.com\/wp-content\/uploads\/2026\/02\/italian-education-agency-to-study-abroad-in-italy-1.jpg\" title=\"\"><\/a><\/div><div class=\"ultp-block-content\"><h3 class=\"ultp-block-title \"><a href=\"https:\/\/www.studiainitalia.com\/fr\/blog\/agence-pour-etudier-en-italie\/\">Agence pour \u00e9tudier en Italie : 5 raisons de l\u2019utiliser<\/a><\/h3><div class=\"ultp-block-meta ultp-block-meta-verticalbar ultp-block-meta-noIcon\"><\/div><div class=\"ultp-block-excerpt\"><p>Imaginez ceci : vous avez enfin d\u00e9cid\u00e9 de r\u00e9aliser votre\u2026<\/p>\n<\/div><\/div><\/div><\/div><div class=\"ultp-block-item post-id-203572\"><div class=\"ultp-block-content-wrap\"><div class=\"ultp-block-image ultp-block-image-opacity\"><a href=\"https:\/\/www.studiainitalia.com\/fr\/blog\/expositions-art-italie-2026\/\"><img decoding=\"async\" class=\"ultp-block-image-content\" alt=\"expositions d\u2019art en Italie en 2026\" src=\"https:\/\/www.studiainitalia.com\/wp-content\/uploads\/2025\/12\/Art-Exhibitions-in-Italy-2026.jpg\" title=\"\"><\/a><\/div><div class=\"ultp-block-content\"><h3 class=\"ultp-block-title \"><a href=\"https:\/\/www.studiainitalia.com\/fr\/blog\/expositions-art-italie-2026\/\">Les meilleures expositions d\u2019art en Italie en 2026<\/a><\/h3><div class=\"ultp-block-meta ultp-block-meta-verticalbar ultp-block-meta-noIcon\"><\/div><div class=\"ultp-block-excerpt\"><p>2026 s&rsquo;annonce comme une ann\u00e9e spectaculaire pour l&rsquo;art, l&rsquo;architecture et\u2026<\/p>\n<\/div><\/div><\/div><\/div><div class=\"ultp-block-item post-id-203260\"><div class=\"ultp-block-content-wrap\"><div class=\"ultp-block-image ultp-block-image-opacity\"><a href=\"https:\/\/www.studiainitalia.com\/fr\/blog\/risotto-milanese-ossobuco-recette\/\"><img decoding=\"async\" class=\"ultp-block-image-content\" alt=\"Risotto \u00e0 la Milanaise et Ossobuco\" src=\"https:\/\/www.studiainitalia.com\/wp-content\/uploads\/2025\/12\/Risotto-alla-Milanese-and-Ossobuco.jpg\" title=\"\"><\/a><\/div><div class=\"ultp-block-content\"><h3 class=\"ultp-block-title \"><a href=\"https:\/\/www.studiainitalia.com\/fr\/blog\/risotto-milanese-ossobuco-recette\/\">Risotto \u00e0 la Milanaise et Ossobuco<\/a><\/h3><div class=\"ultp-block-meta ultp-block-meta-verticalbar ultp-block-meta-noIcon\"><\/div><div class=\"ultp-block-excerpt\"><p>D\u00e9cembre est le moment id\u00e9al pour apporter une touche de\u2026<\/p>\n<\/div><\/div><\/div><\/div><div class=\"ultp-block-item post-id-202980\"><div class=\"ultp-block-content-wrap\"><div class=\"ultp-block-image ultp-block-image-opacity\"><a href=\"https:\/\/www.studiainitalia.com\/fr\/blog\/mal-du-pays-pendant-vos-etudes-italie\/\"><img decoding=\"async\" class=\"ultp-block-image-content\" alt=\"Homesickness While Studying in Italy\" src=\"https:\/\/www.studiainitalia.com\/wp-content\/uploads\/2025\/11\/Homesickness-While-Studying-in-Italy.jpg\" title=\"\"><\/a><\/div><div class=\"ultp-block-content\"><h3 class=\"ultp-block-title \"><a href=\"https:\/\/www.studiainitalia.com\/fr\/blog\/mal-du-pays-pendant-vos-etudes-italie\/\">Conseils pour g\u00e9rer le mal du pays pendant vos \u00e9tudes \u00e0 l\u2019Italie<\/a><\/h3><div class=\"ultp-block-meta ultp-block-meta-verticalbar ultp-block-meta-noIcon\"><\/div><div class=\"ultp-block-excerpt\"><p>Partir \u00e9tudier \u00e0 l&rsquo;\u00e9tranger est une exp\u00e9rience passionnante : nouvelles\u2026<\/p>\n<\/div><\/div><\/div><\/div><div class=\"ultp-block-item post-id-202841\"><div class=\"ultp-block-content-wrap\"><div class=\"ultp-block-image ultp-block-image-opacity\"><a href=\"https:\/\/www.studiainitalia.com\/fr\/blog\/entretiens-anciens-etudiants\/\"><img decoding=\"async\" class=\"ultp-block-image-content\" alt=\"study abroad italy experiences\" src=\"https:\/\/www.studiainitalia.com\/wp-content\/uploads\/2025\/10\/study-abroad-italy-experiences.jpg\" title=\"\"><\/a><\/div><div class=\"ultp-block-content\"><h3 class=\"ultp-block-title \"><a href=\"https:\/\/www.studiainitalia.com\/fr\/blog\/entretiens-anciens-etudiants\/\">Entretiens avec d&rsquo;anciens \u00e9tudiants : votre parcours et vos r\u00e9ussites<\/a><\/h3><div class=\"ultp-block-meta ultp-block-meta-verticalbar ultp-block-meta-noIcon\"><\/div><div class=\"ultp-block-excerpt\"><p>\u00c9tudier en Italie, c&rsquo;est bien plus que simplement assister \u00e0\u2026<\/p>\n<\/div><\/div><\/div><\/div><div class=\"ultp-block-item post-id-202745\"><div class=\"ultp-block-content-wrap\"><div class=\"ultp-block-image ultp-block-image-opacity\"><a href=\"https:\/\/www.studiainitalia.com\/fr\/blog\/cours-presentiel-italie-ou-distance\/\"><img decoding=\"async\" class=\"ultp-block-image-content\" alt=\"on-campus learning in italy\" src=\"https:\/\/www.studiainitalia.com\/wp-content\/uploads\/2025\/09\/on-campus-learning-in-italy.jpeg\" title=\"\"><\/a><\/div><div class=\"ultp-block-content\"><h3 class=\"ultp-block-title \"><a href=\"https:\/\/www.studiainitalia.com\/fr\/blog\/cours-presentiel-italie-ou-distance\/\">Cours en pr\u00e9sentiel en Italie ou \u00e0 distance ?<\/a><\/h3><div class=\"ultp-block-meta ultp-block-meta-verticalbar ultp-block-meta-noIcon\"><\/div><div class=\"ultp-block-excerpt\"><p>Choisir entre l&rsquo;enseignement pr\u00e9sentiel et l&rsquo;enseignement \u00e0 distance peut s&rsquo;apparenter\u2026<\/p>\n<\/div><\/div><\/div><\/div><div class=\"ultp-block-item post-id-202708\"><div class=\"ultp-block-content-wrap\"><div class=\"ultp-block-image ultp-block-image-opacity\"><a href=\"https:\/\/www.studiainitalia.com\/fr\/blog\/cours-exclusifs-langue-culture-italie\/\"><img decoding=\"async\" class=\"ultp-block-image-content\" alt=\"hiddens gems where to study in italy\" src=\"https:\/\/www.studiainitalia.com\/wp-content\/uploads\/2025\/08\/hiddens-gems-where-to-study-in-italy.jpg\" title=\"\"><\/a><\/div><div class=\"ultp-block-content\"><h3 class=\"ultp-block-title \"><a href=\"https:\/\/www.studiainitalia.com\/fr\/blog\/cours-exclusifs-langue-culture-italie\/\">Cours exclusifs de langue et de culture en Italie<\/a><\/h3><div class=\"ultp-block-meta ultp-block-meta-verticalbar ultp-block-meta-noIcon\"><\/div><div class=\"ultp-block-excerpt\"><p>Imaginez-vous en train d&rsquo;apprendre l&rsquo;italien dans un village c\u00f4tier ensoleill\u00e9,\u2026<\/p>\n<\/div><\/div><\/div><\/div><\/div><div class=\"ultp-pagination-wrap\" data-paged=\"1\" data-expost=\"\"  data-blockid=\"9f8766\" data-postid=\"94263\" data-pages=\"7\" data-blockname=\"ultimate-post_post-grid-1\" data-selfpostid=\"yes\"><ul class=\"ultp-pagination\"><li class=\"ultp-first-pages\" style=\"display:none\" data-current=\"1\"><a href=\"https:\/\/www.studiainitalia.com\/fr\/wp-json\/wp\/v2\/pages\/189490\/\">1<\/a><\/li><li class=\"ultp-center-item pagination-active\" data-current=\"1\"><a href=\"https:\/\/www.studiainitalia.com\/fr\/wp-json\/wp\/v2\/pages\/189490\/\">1<\/a><\/li><li class=\"ultp-center-item\" data-current=\"2\" ><a href=\"https:\/\/www.studiainitalia.com\/fr\/wp-json\/wp\/v2\/pages\/189490\/page\/2\/\">2<\/a><\/li><li class=\"ultp-center-item\" data-current=\"3\" ><a href=\"https:\/\/www.studiainitalia.com\/fr\/wp-json\/wp\/v2\/pages\/189490\/page\/3\/\">3<\/a><\/li><li class=\"ultp-last-dot\" ><a href=\"#\">...<\/a><\/li><li class=\"ultp-last-pages\" data-current=\"7\"><a href=\"https:\/\/www.studiainitalia.com\/fr\/wp-json\/wp\/v2\/pages\/189490\/page\/7\/\">7<\/a><\/li><li class=\"ultp-next-page-numbers\"><a href=\"https:\/\/www.studiainitalia.com\/fr\/wp-json\/wp\/v2\/pages\/189490\/page\/2\/\">Next<svg xmlns=\"http:\/\/www.w3.org\/2000\/svg\" fill=\"none\" viewBox=\"0 0 24 24\">\r\n  <path stroke=\"currentColor\" stroke-linecap=\"round\" stroke-linejoin=\"round\" stroke-width=\"1.5\" d=\"m9 18 6-6-6-6\"\/>\r\n<\/svg>\r\n<\/a><\/li><\/ul><\/div><\/div><div class=\"pagination-block-html\" aria-hidden=\"true\" style=\"display: none;\"><\/div><\/div><\/div>\n","protected":false},"excerpt":{"rendered":"","protected":false},"author":1,"featured_media":0,"parent":0,"menu_order":97,"comment_status":"closed","ping_status":"closed","template":"","meta":{"_acf_changed":false,"_uag_custom_page_level_css":"","_kad_blocks_custom_css":"","_kad_blocks_head_custom_js":"","_kad_blocks_body_custom_js":"","_kad_blocks_footer_custom_js":"","site-sidebar-layout":"default","site-content-layout":"","ast-site-content-layout":"default","site-content-style":"default","site-sidebar-style":"default","ast-global-header-display":"","ast-banner-title-visibility":"","ast-main-header-display":"","ast-hfb-above-header-display":"","ast-hfb-below-header-display":"","ast-hfb-mobile-header-display":"","site-post-title":"","ast-breadcrumbs-content":"","ast-featured-img":"","footer-sml-layout":"","ast-disable-related-posts":"","theme-transparent-header-meta":"","adv-header-id-meta":"","stick-header-meta":"","header-above-stick-meta":"","header-main-stick-meta":"","header-below-stick-meta":"","astra-migrate-meta-layouts":"set","ast-page-background-enabled":"default","ast-page-background-meta":{"desktop":{"background-color":"var(--ast-global-color-4)","background-image":"","background-repeat":"repeat","background-position":"center center","background-size":"auto","background-attachment":"scroll","background-type":"","background-media":"","overlay-type":"","overlay-color":"","overlay-opacity":"","overlay-gradient":""},"tablet":{"background-color":"","background-image":"","background-repeat":"repeat","background-position":"center center","background-size":"auto","background-attachment":"scroll","background-type":"","background-media":"","overlay-type":"","overlay-color":"","overlay-opacity":"","overlay-gradient":""},"mobile":{"background-color":"","background-image":"","background-repeat":"repeat","background-position":"center center","background-size":"auto","background-attachment":"scroll","background-type":"","background-media":"","overlay-type":"","overlay-color":"","overlay-opacity":"","overlay-gradient":""}},"ast-content-background-meta":{"desktop":{"background-color":"var(--ast-global-color-5)","background-image":"","background-repeat":"repeat","background-position":"center center","background-size":"auto","background-attachment":"scroll","background-type":"","background-media":"","overlay-type":"","overlay-color":"","overlay-opacity":"","overlay-gradient":""},"tablet":{"background-color":"var(--ast-global-color-5)","background-image":"","background-repeat":"repeat","background-position":"center center","background-size":"auto","background-attachment":"scroll","background-type":"","background-media":"","overlay-type":"","overlay-color":"","overlay-opacity":"","overlay-gradient":""},"mobile":{"background-color":"var(--ast-global-color-5)","background-image":"","background-repeat":"repeat","background-position":"center center","background-size":"auto","background-attachment":"scroll","background-type":"","background-media":"","overlay-type":"","overlay-color":"","overlay-opacity":"","overlay-gradient":""}},"footnotes":""},"class_list":["post-189490","page","type-page","status-publish","hentry"],"acf":[],"taxonomy_info":[],"featured_image_src_large":false,"author_info":{"display_name":"Javier Diaz","author_link":"https:\/\/www.studiainitalia.com\/fr\/author\/studiain_jedv\/"},"comment_info":0,"uagb_featured_image_src":{"full":false,"thumbnail":false,"medium":false,"medium_large":false,"large":false,"1536x1536":false,"2048x2048":false,"ultp_layout_landscape_large":false,"ultp_layout_landscape":false,"ultp_layout_portrait":false,"ultp_layout_square":false,"gform-image-choice-sm":false,"gform-image-choice-md":false,"gform-image-choice-lg":false,"woocommerce_thumbnail":false,"woocommerce_single":false,"woocommerce_gallery_thumbnail":false,"yarpp-thumbnail":false},"uagb_author_info":{"display_name":"Javier Diaz","author_link":"https:\/\/www.studiainitalia.com\/fr\/author\/studiain_jedv\/"},"uagb_comment_info":0,"uagb_excerpt":null,"_links":{"self":[{"href":"https:\/\/www.studiainitalia.com\/fr\/wp-json\/wp\/v2\/pages\/189490","targetHints":{"allow":["GET"]}}],"collection":[{"href":"https:\/\/www.studiainitalia.com\/fr\/wp-json\/wp\/v2\/pages"}],"about":[{"href":"https:\/\/www.studiainitalia.com\/fr\/wp-json\/wp\/v2\/types\/page"}],"author":[{"embeddable":true,"href":"https:\/\/www.studiainitalia.com\/fr\/wp-json\/wp\/v2\/users\/1"}],"replies":[{"embeddable":true,"href":"https:\/\/www.studiainitalia.com\/fr\/wp-json\/wp\/v2\/comments?post=189490"}],"version-history":[{"count":0,"href":"https:\/\/www.studiainitalia.com\/fr\/wp-json\/wp\/v2\/pages\/189490\/revisions"}],"wp:attachment":[{"href":"https:\/\/www.studiainitalia.com\/fr\/wp-json\/wp\/v2\/media?parent=189490"}],"curies":[{"name":"wp","href":"https:\/\/api.w.org\/{rel}","templated":true}]}}