{"id":189501,"date":"2016-10-28T16:49:34","date_gmt":"2016-10-28T14:49:34","guid":{"rendered":"https:\/\/www.studiainitalia.com\/domicile\/"},"modified":"2016-10-28T16:49:34","modified_gmt":"2016-10-28T14:49:34","slug":"domicile","status":"publish","type":"page","link":"https:\/\/www.studiainitalia.com\/fr\/domicile\/","title":{"rendered":"Studiainitalia"},"content":{"rendered":"<h1 style=\"text-align: center;\"><a title=\"APPRENDRE L'ITALIEN EN ITALIE\" href=\"https:\/\/www.studiainitalia.com\/study-in-italy\/italian-courses\/\">APPRENDRE L&rsquo;ITALIEN EN ITALIE<\/a><\/h1>\n<p><iframe style=\"display: none;\"><\/iframe><\/p>\n<h3 style=\"text-align: center;\">Demander une r\u00e9union en ligne<\/h3>\n<h2 style=\"text-align: center;\">Etudiez l&rsquo;italien avec nos cours en Italie<\/h2>\n<h2 style=\"text-align: center;\">\u00c9tudiez la culture italienne avec nos cours en Italie<\/h2>\n<h2 style=\"text-align: center;\">Les services les mieux not\u00e9s que nous vous proposons<\/h2>\n<h3 style=\"text-align: justify;\">Voyager et apprendre avec le sp\u00e9cialiste de l\u2019Italie<\/h3>\n<p style=\"text-align: justify;\"><b>Studiainitalia <\/b>est sp\u00e9cialis\u00e9 dans le tourisme cr\u00e9atif et les <a href=\"https:\/\/www.studiainitalia.com\/study-in-italy\/italian-courses\/\">cours d&rsquo;italien en Italie<\/a>. Nous sommes italiens et nous <strong>travaillons exclusivement avec des partenaires italiens<\/strong> depuis 2005. Nous \u00e9laborons des programmes originaux et nous connaissons personnellement toutes les \u00e9coles et tous les ateliers avec lesquels nous travaillons. <\/p>\n<h3>L\u2019Italie dans votre poche!<\/h3>\n<p style=\"text-align: justify;\">Le <strong>tourisme cr\u00e9atif<\/strong> est une nouvelle fa\u00e7on \u00e9co-durable de d\u00e9couvrir une culture \u00e9trang\u00e8re en la vivant. Si vous avez besoin de vous sentir impliqu\u00e9 dans la vie quotidienne italienne et si vous ne voulez pas \u00eatre consid\u00e9r\u00e9 comme un \u00ab\u00a0touriste\u00a0\u00bb, c&rsquo;est votre fa\u00e7on de voyager.&nbsp;  D\u00e9couvrez la culture italienne en participant \u00e0 nos activit\u00e9s linguistiques, artistiques et cr\u00e9atives.  <strong>Pr\u00eat \u00e0 voyager ?<\/strong><\/p>\n<h3>Mettre la cr\u00e9ativit\u00e9 et la tradition italiennes \u00e0 votre port\u00e9e<\/h3>\n<p style=\"text-align: justify;\">Nos ateliers d\u2019art et d\u2019artisanat comptent parmi les meilleurs exemples de la <strong>cr\u00e9ativit\u00e9 et de la tradition<\/strong> italiennes vieilles de plusieurs si\u00e8cles. Nous connaissons personnellement tout le personnel et les artisans de nos \u00e9coles, ateliers et botteghe. Tous ensemble, nous formons une \u00e9quipe capable de r\u00e9pondre aux besoins de nos \u00e9tudiants et des voyageurs<\/p>\n<h3 style=\"text-align: justify;\"><\/h3>\n<h3 style=\"text-align: justify;\">Pourquoi r\u00e9server un cours en Italie aupr\u00e8s de Studiainitalia ?<\/h3>\n<p style=\"text-align: justify;\">Vous souhaitez suivre un cours pour apprendre l&rsquo;italien en Italie, mais vous vous sentez d\u00e9pass\u00e9 et d\u00e9sorient\u00e9 par la vaste offre de cours disponibles sur Internet, avec leurs niveaux de prix et de qualit\u00e9 tr\u00e8s vari\u00e9s ?<\/p>\n<p style=\"text-align: justify;\">Notre agence \u00e9tant sp\u00e9cialis\u00e9e en Italie, nous offrons \u00e0 nos clients un service gratuit, personnalis\u00e9 et comp\u00e9tent.<\/p>\n<p>Si vous souhaitez entrer en contact avec des professionnels de l&rsquo;\u00e9ducation, plut\u00f4t qu&rsquo;avec un simple bot, laissez-nous vous aider \u00e0 organiser <em>votre voyage en Italie qui changera votre vie<\/em>.  &nbsp;Cela <strong>ne vous co\u00fbtera pas plus cher et vous aurez une \u00e9quipe de professionnels qui vous guidera<\/strong> dans votre choix de cours et suivra chaque \u00e9tape de votre s\u00e9jour en Italie.<\/p>\n<p style=\"text-align: justify;\">Nous aimons rencontrer nos voyageurs en personne et suivre leurs progr\u00e8s. Si vous recherchez un cours de bonne qualit\u00e9 et souhaitez l\u2019organiser de mani\u00e8re optimale, Studiainitalia est la solution qu\u2019il vous faut.ie. <\/p>\n<p style=\"text-align: justify;\">Nous garantissons des \u00e9coles de grande qualit\u00e9 sans aucun suppl\u00e9ment : vous n&rsquo;aurez pas \u00e0 payer plus que si vous r\u00e9servez directement aupr\u00e8s de l&rsquo;\u00e9cole.<\/p>\n<p style=\"text-align: justify;\"><strong>Des petits d\u00e9tails qui font une grande diff\u00e9rence.<br \/>\n<\/strong><\/p>\n<h2 style=\"text-align: center;\">Les services les mieux not\u00e9s que nous vous proposons<\/h2>\n<h3 style=\"text-align: justify;\">Voyager et apprendre avec le sp\u00e9cialiste de l\u2019Italie<\/h3>\n<p style=\"text-align: justify;\"><b>Studiainitalia <\/b>est sp\u00e9cialis\u00e9e dans le tourisme cr\u00e9atif et les <a href=\"https:\/\/www.studiainitalia.com\/study-in-italy\/italian-courses\/\">cours d&rsquo;italien en Italie<\/a>. Nous sommes italiens et nous <strong>travaillons exclusivement avec des partenaires italiens<\/strong> depuis 2005. Nous \u00e9laborons des programmes originaux et nous connaissons personnellement toutes les \u00e9coles et tous les ateliers avec lesquels nous travaillons. <\/p>\n<h3>L\u2019Italie dans votre poche!<\/h3>\n<p style=\"text-align: justify;\">Le <strong>tourisme cr\u00e9atif<\/strong> est une nouvelle fa\u00e7on \u00e9co-durable de d\u00e9couvrir une culture \u00e9trang\u00e8re en la vivant.<\/p>\n<p style=\"text-align: justify;\">Si vous avez besoin de vous sentir impliqu\u00e9 dans la vie quotidienne italienne et si vous ne voulez pas \u00eatre consid\u00e9r\u00e9 comme un \u00ab\u00a0touriste\u00a0\u00bb, c&rsquo;est votre fa\u00e7on de voyager.<\/p>\n<p style=\"text-align: justify;\">D\u00e9couvrez la culture italienne en profitant de nos activit\u00e9s linguistiques, artistiques et cr\u00e9atives.  <strong>Pr\u00eat \u00e0 voyager ?<\/strong><\/p>\n<p style=\"text-align: justify;\"><span style=\"color: #444444; font-family: 'Open Sans', Arial, sans-serif; font-size: 14px; font-style: normal; font-variant-ligatures: normal; font-variant-caps: normal; font-weight: 500; letter-spacing: normal; orphans: 2; text-align: justify; text-indent: 0px; text-transform: none; white-space: normal; widows: 2; word-spacing: 0px; -webkit-text-stroke-width: 0px; background-color: rgba(12, 180, 206, 0.04); text-decoration-thickness: initial; text-decoration-style: initial; text-decoration-color: initial; display: inline !important; float: none;\"><\/span><\/p>\n<h3>Mettre la cr\u00e9ativit\u00e9 et la tradition italiennes \u00e0 votre port\u00e9e<\/h3>\n<p style=\"text-align: justify;\">Nos ateliers d\u2019art et d\u2019artisanat comptent parmi les meilleurs exemples de la <strong>cr\u00e9ativit\u00e9 et de la tradition<\/strong> italiennes vieilles de plusieurs si\u00e8cles. Nous connaissons personnellement tout le personnel et les artisans de nos \u00e9coles, ateliers et botteghe. Tous ensemble, nous formons une \u00e9quipe capable de r\u00e9pondre aux besoins de nos \u00e9tudiants et des voyageurs<\/p>\n<h3 style=\"text-align: justify;\">Pourquoi r\u00e9server un cours en Italie aupr\u00e8s de Studiainitalia ?<\/h3>\n<p style=\"text-align: justify;\">Vous souhaitez suivre un cours pour apprendre l&rsquo;italien en Italie, mais vous vous sentez d\u00e9pass\u00e9 et d\u00e9sorient\u00e9 par la vaste offre de cours disponibles sur Internet, avec leurs niveaux de prix et de qualit\u00e9 tr\u00e8s vari\u00e9s ?&nbsp;<span style=\"color: #444444; font-family: 'Open Sans', Arial, sans-serif; font-size: 14px; font-style: normal; font-variant-ligatures: normal; font-variant-caps: normal; font-weight: 500; letter-spacing: normal; orphans: 2; text-align: justify; text-indent: 0px; text-transform: none; white-space: normal; widows: 2; word-spacing: 0px; -webkit-text-stroke-width: 0px; background-color: rgba(12, 180, 206, 0.04); text-decoration-thickness: initial; text-decoration-style: initial; text-decoration-color: initial; display: inline !important; float: none;\"> <\/span><\/p>\n<p style=\"text-align: justify;\">Nous sommes une agence sp\u00e9cialis\u00e9e dans l&rsquo;Italie, nous vous fournissons un <strong>service gratuit, personnalis\u00e9 et comp\u00e9tent.<\/strong><\/p>\n<p style=\"text-align: justify;\">Si vous souhaitez entrer en contact avec des professionnels de l&rsquo;\u00e9ducation, plut\u00f4t qu&rsquo;avec un simple bot, laissez-nous vous aider \u00e0 organiser votre <em>voyage en Italie qui changera votre vie<\/em>.  <strong>Cela ne vous co\u00fbtera pas plus cher et vous aurez une \u00e9quipe de professionnels qui<\/strong> vous <strong>guidera<\/strong> dans votre choix de cours et suivra chaque \u00e9tape de votre s\u00e9jour en Italie.<\/p>\n<p style=\"text-align: justify;\">Nous aimons rencontrer nos voyageurs en personne et suivre leurs progr\u00e8s. Si vous recherchez des cours de qualit\u00e9 en Italie et que vous souhaitez les organiser parfaitement, Studiainitalia est votre agence pour d\u00e9couvrir la v\u00e9ritable Italie.&nbsp;<span style=\"color: #444444; font-family: 'Open Sans', Arial, sans-serif; font-size: 14px; font-style: normal; font-variant-ligatures: normal; font-variant-caps: normal; font-weight: 500; letter-spacing: normal; orphans: 2; text-align: left; text-indent: 0px; text-transform: none; white-space: normal; widows: 2; word-spacing: 0px; -webkit-text-stroke-width: 0px; background-color: rgba(12, 180, 206, 0.04); text-decoration-thickness: initial; text-decoration-style: initial; text-decoration-color: initial; display: inline !important; float: none;\"><\/span><\/p>\n<p style=\"text-align: justify;\">Nous garantissons des \u00e9coles de grande qualit\u00e9 sans aucun suppl\u00e9ment : vous n&rsquo;aurez pas \u00e0 payer plus que si vous r\u00e9servez directement aupr\u00e8s de l&rsquo;\u00e9cole.<\/p>\n<p style=\"text-align: justify;\"><strong>Des petits d\u00e9tails qui font une grande diff\u00e9rence.<br \/>\n<\/strong><\/p>\n<h2 style=\"text-align: center;\">Destinations italiennes de tourisme cr\u00e9atif<\/h2>\n<h2 style=\"text-align: center;\">Destinations italiennes de tourisme cr\u00e9atif<\/h2>\n<p><strong>\u00c9LABOREZ UN COURS EN ITALIE DE R\u00caVE SUR MESURE AVEC L\u2019AIDE DE NOS EXPERTS<\/strong><\/p>\n<p>Les connaissances et l\u2019expertise locales font toute la diff\u00e9rence ! Lorsque vous cr\u00e9ez votre voyage immersif en Italie avec Studiainitalia, vous travaillez directement avec notre \u00e9quipe internationale d\u2019experts en tourisme cr\u00e9atif en Italie. Nous vous aidons \u00e0 organiser des s\u00e9jours enti\u00e8rement personnalis\u00e9s en Italie, pour vous, votre famille ou votre groupe.   <\/p>\n<h2 style=\"text-align: center;\">Offres sp\u00e9ciales<\/h2>\n<h2 style=\"text-align: center;\">Star Programme<\/h2>\n<h2 style=\"text-align: center;\">Nos sp\u00e9cialistes de l&rsquo;Italie<\/h2>\n<p style=\"text-align: justify;\">Je suis n\u00e9e et j\u2019ai grandi \u00e0 Florence, je vis entre l\u2019Italie et l\u2019Espagne. Lors d\u2019une courte r\u00e9sidence en Nouvelle-Z\u00e9lande en 2005, j\u2019ai cr\u00e9\u00e9 <strong>Studiainitalia<\/strong> dans le but de combler un vide dans l\u2019organisation et la promotion <strong>du tourisme cr\u00e9atif<\/strong> parmi les personnes de tous \u00e2ges ayant un grand int\u00e9r\u00eat pour l\u2019Italie. Ma mission ? Assurer \u00e0 mes clients un service professionnel et personnel afin de leur faire d\u00e9couvrir les aspects de la culture, de la cr\u00e9ativit\u00e9 et des traditions italiennes, que j\u2019admire avec grande passion. Profitez de l\u2019Italie avec nous !   <\/p>\n<p style=\"text-align: justify;\"><span lang=\"EN\">Je suis n\u00e9e en Jordanie de parents italo-br\u00e9siliens, j\u2019ai v\u00e9cu et \u00e9tudi\u00e9 dans le monde entier pendant 25 ans avant de d\u00e9cider de m\u2019installer en Italie. J\u2019ai combin\u00e9 ma passion pour les voyages avec une autre : le marketing num\u00e9rique. J\u2019aime \u00e9crire sur les destinations et leur <strong>artisanat local, l\u2019histoire artistique et les \u00e9v\u00e9nements traditionnels<\/strong>. Ma mission ? Partager des conseils sur la fa\u00e7on dont vous pouvez devenir <strong>un touriste cr\u00e9atif<\/strong>, un artiste ou un artisan en Italie, en vivant des exp\u00e9riences qui d\u00e9passent le cadre de la carte postale. J\u2019ai un faible pour les animaux de compagnie et les gelato !    <\/span><\/p>\n<p style=\"text-align: justify;\">N\u00e9 \u00e0 Madrid, bas\u00e9 \u00e0 Florence. J&rsquo;ai v\u00e9cu et \u00e9tudi\u00e9 le design graphique \u00e0 Londres pendant quelques ann\u00e9es avant de m&rsquo;installer en Italie en 2000. Lorsque je suis arriv\u00e9 \u00e0 Florence, je ne parlais pas un mot d&rsquo;italien et je voulais \u00e9tudier l&rsquo;art. Trouver un endroit pour faire les deux n&rsquo;a pas \u00e9t\u00e9 facile, car il n&rsquo;y avait pas d&rsquo;agences comme Studiainitalia \u00e0 cette \u00e9poque. C&rsquo;est pourquoi, lorsque Studiainitalia m&rsquo;a demand\u00e9 de les repr\u00e9senter, je n&rsquo;ai pas h\u00e9sit\u00e9. Ma mission est de repr\u00e9senter Studiainitalia, en rendant visite aux \u00e9tudiants et en leur parlant de leurs exp\u00e9riences. J&rsquo;adore rencontrer des \u00e9tudiants du monde entier. J&rsquo;esp\u00e8re vous voir bient\u00f4t !<\/p>\n<h2 style=\"text-align: center;\">Nos sp\u00e9cialistes de l&rsquo;Italie<\/h2>\n<p style=\"text-align: justify;\">Je suis n\u00e9e et j\u2019ai grandi \u00e0 Florence, je vis entre l\u2019Italie et l\u2019Espagne. Lors d\u2019une courte r\u00e9sidence en Nouvelle-Z\u00e9lande en 2005, j\u2019ai cr\u00e9\u00e9 <strong>Studiainitalia<\/strong> dans le but de combler un vide dans l\u2019organisation et la promotion <strong>du tourisme cr\u00e9atif<\/strong> parmi les personnes de tous \u00e2ges ayant un grand int\u00e9r\u00eat pour l\u2019Italie. Ma mission ? Assurer \u00e0 mes clients un service professionnel et personnel afin de leur faire d\u00e9couvrir les aspects de la culture, de la cr\u00e9ativit\u00e9 et des traditions italiennes, que j\u2019admire avec grande passion. Profitez de l\u2019Italie avec nous !   <\/p>\n<p style=\"text-align: justify;\"><span lang=\"EN\">Je suis n\u00e9e en Jordanie de parents italo-br\u00e9siliens, j\u2019ai v\u00e9cu et \u00e9tudi\u00e9 dans le monde entier pendant 25 ans avant de d\u00e9cider de m\u2019installer en Italie. J\u2019ai combin\u00e9 ma passion pour les voyages avec une autre : le marketing num\u00e9rique. J\u2019aime \u00e9crire sur les destinations et leur <strong>artisanat local, l\u2019histoire artistique et les \u00e9v\u00e9nements traditionnels<\/strong>. Ma mission ? Partager des conseils sur la fa\u00e7on dont vous pouvez devenir <strong>un touriste cr\u00e9atif<\/strong>, un artiste ou un artisan en Italie, en vivant des exp\u00e9riences qui d\u00e9passent le cadre de la carte postale. J\u2019ai un faible pour les animaux de compagnie et les gelato !    <\/span><\/p>\n<p style=\"text-align: justify;\">N\u00e9 \u00e0 Madrid, bas\u00e9 \u00e0 Florence. J&rsquo;ai v\u00e9cu et \u00e9tudi\u00e9 le design graphique \u00e0 Londres pendant quelques ann\u00e9es avant de m&rsquo;installer en Italie en 2000. Lorsque je suis arriv\u00e9 \u00e0 Florence, je ne parlais pas un mot d&rsquo;italien et je voulais \u00e9tudier l&rsquo;art. Trouver un endroit pour faire les deux n&rsquo;a pas \u00e9t\u00e9 facile, car il n&rsquo;y avait pas d&rsquo;agences comme Studiainitalia \u00e0 cette \u00e9poque. C&rsquo;est pourquoi, lorsque Studiainitalia m&rsquo;a demand\u00e9 de les repr\u00e9senter, je n&rsquo;ai pas h\u00e9sit\u00e9. Ma mission est de repr\u00e9senter Studiainitalia, en rendant visite aux \u00e9tudiants et en leur parlant de leurs exp\u00e9riences. J&rsquo;adore rencontrer des \u00e9tudiants du monde entier. J&rsquo;esp\u00e8re vous voir bient\u00f4t ! \ud83d\ude42<\/p>\n<h2 style=\"text-align: center;\">Qu&rsquo;est-ce que Studiainitalia ?<\/h2>\n<h3 style=\"text-align: center;\"><a href=\"https:\/\/www.studiainitalia.com\/low-prices-guarantee\/\">Le Prix le Plus Bas<\/a><\/h3>\n<h4 style=\"text-align: center;color:#0cb4ce!important;font-size: 26px;\">Un service 100 % gratuit et personnalis\u00e9<\/h4>\n<h2 style=\"text-align: center;\">Qu&rsquo;est-ce que Studiainitalia ?<\/h2>\n<h3 style=\"text-align: center;\"><a href=\"https:\/\/www.studiainitalia.com\/low-prices-guarantee\/\">Le Prix le Plus Bas<\/a><\/h3>\n<h4 style=\"text-align: center;color:#0cb4ce!important;font-size: 26px;\">Un service 100 % gratuit et personnalis\u00e9<\/h4>\n<h2 style=\"text-align: center;\">Nos derniers articles de blog<\/h2>\n","protected":false},"excerpt":{"rendered":"<p>APPRENDRE L&rsquo;ITALIEN EN ITALIE Demander une r\u00e9union en ligne Etudiez l&rsquo;italien avec nos cours en Italie \u00c9tudiez la culture italienne avec nos cours en Italie Les services les mieux not\u00e9s que nous vous proposons Voyager et apprendre avec le sp\u00e9cialiste de l\u2019Italie Studiainitalia est sp\u00e9cialis\u00e9 dans le tourisme cr\u00e9atif et les cours d&rsquo;italien en Italie. [&hellip;]<\/p>\n","protected":false},"author":1,"featured_media":0,"parent":0,"menu_order":33,"comment_status":"closed","ping_status":"open","template":"","meta":{"_acf_changed":false,"_uag_custom_page_level_css":"","_kad_blocks_custom_css":"","_kad_blocks_head_custom_js":"","_kad_blocks_body_custom_js":"","_kad_blocks_footer_custom_js":"","site-sidebar-layout":"default","site-content-layout":"","ast-site-content-layout":"default","site-content-style":"default","site-sidebar-style":"default","ast-global-header-display":"","ast-banner-title-visibility":"","ast-main-header-display":"","ast-hfb-above-header-display":"","ast-hfb-below-header-display":"","ast-hfb-mobile-header-display":"","site-post-title":"","ast-breadcrumbs-content":"","ast-featured-img":"","footer-sml-layout":"","ast-disable-related-posts":"","theme-transparent-header-meta":"","adv-header-id-meta":"","stick-header-meta":"","header-above-stick-meta":"","header-main-stick-meta":"","header-below-stick-meta":"","astra-migrate-meta-layouts":"default","ast-page-background-enabled":"default","ast-page-background-meta":{"desktop":{"background-color":"var(--ast-global-color-4)","background-image":"","background-repeat":"repeat","background-position":"center center","background-size":"auto","background-attachment":"scroll","background-type":"","background-media":"","overlay-type":"","overlay-color":"","overlay-opacity":"","overlay-gradient":""},"tablet":{"background-color":"","background-image":"","background-repeat":"repeat","background-position":"center center","background-size":"auto","background-attachment":"scroll","background-type":"","background-media":"","overlay-type":"","overlay-color":"","overlay-opacity":"","overlay-gradient":""},"mobile":{"background-color":"","background-image":"","background-repeat":"repeat","background-position":"center center","background-size":"auto","background-attachment":"scroll","background-type":"","background-media":"","overlay-type":"","overlay-color":"","overlay-opacity":"","overlay-gradient":""}},"ast-content-background-meta":{"desktop":{"background-color":"var(--ast-global-color-5)","background-image":"","background-repeat":"repeat","background-position":"center center","background-size":"auto","background-attachment":"scroll","background-type":"","background-media":"","overlay-type":"","overlay-color":"","overlay-opacity":"","overlay-gradient":""},"tablet":{"background-color":"var(--ast-global-color-5)","background-image":"","background-repeat":"repeat","background-position":"center center","background-size":"auto","background-attachment":"scroll","background-type":"","background-media":"","overlay-type":"","overlay-color":"","overlay-opacity":"","overlay-gradient":""},"mobile":{"background-color":"var(--ast-global-color-5)","background-image":"","background-repeat":"repeat","background-position":"center center","background-size":"auto","background-attachment":"scroll","background-type":"","background-media":"","overlay-type":"","overlay-color":"","overlay-opacity":"","overlay-gradient":""}},"footnotes":""},"class_list":["post-189501","page","type-page","status-publish","hentry"],"acf":[],"taxonomy_info":[],"featured_image_src_large":false,"author_info":{"display_name":"Javier Diaz","author_link":"https:\/\/www.studiainitalia.com\/fr\/author\/studiain_jedv\/"},"comment_info":0,"uagb_featured_image_src":{"full":false,"thumbnail":false,"medium":false,"medium_large":false,"large":false,"1536x1536":false,"2048x2048":false,"ultp_layout_landscape_large":false,"ultp_layout_landscape":false,"ultp_layout_portrait":false,"ultp_layout_square":false,"gform-image-choice-sm":false,"gform-image-choice-md":false,"gform-image-choice-lg":false,"woocommerce_thumbnail":false,"woocommerce_single":false,"woocommerce_gallery_thumbnail":false,"yarpp-thumbnail":false},"uagb_author_info":{"display_name":"Javier Diaz","author_link":"https:\/\/www.studiainitalia.com\/fr\/author\/studiain_jedv\/"},"uagb_comment_info":0,"uagb_excerpt":"APPRENDRE L&rsquo;ITALIEN EN ITALIE Demander une r\u00e9union en ligne Etudiez l&rsquo;italien avec nos cours en Italie \u00c9tudiez la culture italienne avec nos cours en Italie Les services les mieux not\u00e9s que nous vous proposons Voyager et apprendre avec le sp\u00e9cialiste de l\u2019Italie Studiainitalia est sp\u00e9cialis\u00e9 dans le tourisme cr\u00e9atif et les cours d&rsquo;italien en Italie.\u2026","_links":{"self":[{"href":"https:\/\/www.studiainitalia.com\/fr\/wp-json\/wp\/v2\/pages\/189501","targetHints":{"allow":["GET"]}}],"collection":[{"href":"https:\/\/www.studiainitalia.com\/fr\/wp-json\/wp\/v2\/pages"}],"about":[{"href":"https:\/\/www.studiainitalia.com\/fr\/wp-json\/wp\/v2\/types\/page"}],"author":[{"embeddable":true,"href":"https:\/\/www.studiainitalia.com\/fr\/wp-json\/wp\/v2\/users\/1"}],"replies":[{"embeddable":true,"href":"https:\/\/www.studiainitalia.com\/fr\/wp-json\/wp\/v2\/comments?post=189501"}],"version-history":[{"count":0,"href":"https:\/\/www.studiainitalia.com\/fr\/wp-json\/wp\/v2\/pages\/189501\/revisions"}],"wp:attachment":[{"href":"https:\/\/www.studiainitalia.com\/fr\/wp-json\/wp\/v2\/media?parent=189501"}],"curies":[{"name":"wp","href":"https:\/\/api.w.org\/{rel}","templated":true}]}}