{"id":189520,"date":"2018-11-12T11:00:52","date_gmt":"2018-11-12T10:00:52","guid":{"rendered":"https:\/\/www.studiainitalia.com\/avertissement-legal\/"},"modified":"2023-10-30T12:31:58","modified_gmt":"2023-10-30T11:31:58","slug":"avertissement-legal","status":"publish","type":"page","link":"https:\/\/www.studiainitalia.com\/fr\/avertissement-legal\/","title":{"rendered":"Avertissement l\u00e9gal"},"content":{"rendered":"<style>.wp-block-kadence-advancedheading.kt-adv-heading189520_e42fbb-7c, .wp-block-kadence-advancedheading.kt-adv-heading189520_e42fbb-7c[data-kb-block=\"kb-adv-heading189520_e42fbb-7c\"]{margin-bottom:var(--global-kb-spacing-md, 2rem);font-style:normal;}.wp-block-kadence-advancedheading.kt-adv-heading189520_e42fbb-7c mark.kt-highlight, .wp-block-kadence-advancedheading.kt-adv-heading189520_e42fbb-7c[data-kb-block=\"kb-adv-heading189520_e42fbb-7c\"] mark.kt-highlight{font-style:normal;color:#f76a0c;-webkit-box-decoration-break:clone;box-decoration-break:clone;padding-top:0px;padding-right:0px;padding-bottom:0px;padding-left:0px;}<\/style>\n<h1 class=\"kt-adv-heading189520_e42fbb-7c wp-block-kadence-advancedheading\" data-kb-block=\"kb-adv-heading189520_e42fbb-7c\">Avertissement l\u00e9gal<\/h1>\n\n\n<p><strong>DONN\u00c9ES DE L&rsquo;ENTREPRISE<br \/><\/strong><br \/>Conform\u00e9ment \u00e0 l&rsquo;obligation d&rsquo;information recueillie \u00e0 l&rsquo;article 10 de la Loi 34\/2002, du 11 juillet, des services de la soci\u00e9t\u00e9 de l&rsquo;information et du commerce \u00e9lectronique (LSSICE), voici les donn\u00e9es d&rsquo;identification de l&rsquo;entreprise.<\/p>\n<p><strong>STUDIAINITALIA CURSOS Y VIAJES, S.L.<\/strong><\/p>\n<p><strong>Calle Ferrer del R\u00edo, n\u00ba 28, Esc. 1, 6 6\u00ba B ; C.P. 280 B B &#8211; MAD MAD MAD MAD B<\/strong><\/p>\n<p><strong>info@studiainitalia.com<\/strong><\/p>\n<p><strong>+34. 915336873 \/\/ +39. 3295616956<\/strong><\/p>\n<p><strong>PROPRI\u00c9T\u00c9 INDUSTRIELLE ET INTELLECTUELLE<br \/><\/strong><br \/>Le design du site web et ses codes sources, ainsi que les logos, marques et autres signes distinctifs qui y apparaissent appartiennent \u00e0 STUDIAINITALIA CURSOS Y VIAJES, S.L. et sont prot\u00e9g\u00e9s par les droits de propri\u00e9t\u00e9 intellectuelle et industrielle correspondants.<\/p>\n<p><strong>UTILISATEURS<\/strong><\/p>\n<p>L&rsquo;acc\u00e8s et \/ ou l&rsquo;utilisation de ce site attribue la condition de l&rsquo;utilisateur, qui accepte les conditions g\u00e9n\u00e9rales d&rsquo;utilisation pour \u00eatre en mesure d&rsquo;utiliser tous les services et les informations qui sont fournis \u00e0 partir du portail. Ces conditions sont pr\u00e9sent\u00e9es ci-dessous :<\/p>\n<p><strong>CONDITIONS G\u00c9N\u00c9RALES<\/strong><\/p>\n<p>Les pr\u00e9sentes conditions d&rsquo;utilisation de la page web, r\u00e8glent les termes d&rsquo;acc\u00e8s et d&rsquo;utilisation du portail de STUDIAINITALIA CURSOS Y VIAJES, S.L. Le simple acc\u00e8s ou l&rsquo;utilisation du portail, de tout ou partie de ses contenus et services implique l&rsquo;acceptation pleine et expresse de ces conditions d&rsquo;utilisation. La disponibilit\u00e9 et l&rsquo;utilisation du portail s&rsquo;entendent sous r\u00e9serve du strict respect des termes contenus dans les pr\u00e9sentes conditions d&rsquo;utilisation du portail. et les services mis \u00e0 la disposition des utilisateurs sur et\/ou par le portail, soit par le portail, soit par ses utilisateurs ou par tout tiers. Toutefois, l&rsquo;acc\u00e8s et l&rsquo;utilisation de certains contenus et\/ou services peuvent \u00eatre soumis \u00e0 certaines conditions sp\u00e9cifiques.<\/p>\n<p>L&rsquo;entreprise se r\u00e9serve le droit de modifier \u00e0 tout moment les conditions g\u00e9n\u00e9rales d&rsquo;utilisation du portail. Dans tous les cas, il est recommand\u00e9 de consulter p\u00e9riodiquement les pr\u00e9sentes conditions g\u00e9n\u00e9rales d&rsquo;utilisation du portail, car elles peuvent \u00eatre modifi\u00e9es.<\/p>\n<p><strong>OBLIGATIONS DE L&rsquo;UTILISATEUR<\/strong><\/p>\n<p>L&rsquo;utilisateur doit respecter \u00e0 tout moment les termes et conditions \u00e9tablis dans cet avis l\u00e9gal. L&rsquo;utilisateur d\u00e9clare express\u00e9ment qu&rsquo;il utilisera le portail avec diligence et assumera toute responsabilit\u00e9 pouvant d\u00e9couler de la violation des r\u00e8gles.<\/p>\n<p>L&rsquo;utilisateur s&rsquo;engage, dans les cas o\u00f9 des donn\u00e9es ou des informations sont demand\u00e9es, \u00e0 ne pas falsifier son identit\u00e9 en se faisant passer pour une autre personne. L&rsquo;utilisateur accepte que l&rsquo;utilisation du portail soit effectu\u00e9e \u00e0 des fins strictement personnelles, priv\u00e9es et confidentielles. L&rsquo;utilisateur ne peut utiliser le portail pour des activit\u00e9s contraires \u00e0 la loi, \u00e0 la morale et \u00e0 l&rsquo;ordre public ainsi qu&rsquo;\u00e0 des fins interdites ou qui violent ou portent atteinte aux droits de tiers. De m\u00eame, la diffusion, le stockage et\/ou la gestion de donn\u00e9es ou de contenus qui enfreignent les droits de tiers ou toute r\u00e9glementation en mati\u00e8re de droits de propri\u00e9t\u00e9 intellectuelle ou industrielle sont interdits.<\/p>\n<p>De m\u00eame, l&rsquo;utilisateur ne peut pas utiliser le portail pour transmettre, stocker, divulguer, promouvoir ou distribuer des donn\u00e9es ou des contenus qui sont porteurs de virus ou de tout autre code informatique, fichiers ou programmes con\u00e7us pour interrompre, d\u00e9truire ou alt\u00e9rer le fonctionnement de tout programme ou \u00e9quipement. Informatique ou t\u00e9l\u00e9communications.<\/p>\n<p>L&rsquo;utilisateur s&rsquo;engage \u00e0 indemniser et \u00e0 d\u00e9gager le portail de tout dommage, pr\u00e9judice, p\u00e9nalit\u00e9, amende, sanction ou compensation que le portail devrait subir en raison de son utilisation inappropri\u00e9e par l&rsquo;utilisateur.<\/p>\n<p><strong>PROTECTION DES DONN\u00c9ES<br \/><\/strong><br \/>Conform\u00e9ment aux dispositions du r\u00e8glement (UE) 2016\/679 du Parlement europ\u00e9en et du Conseil et de la loi organique 15\/1999 du 13 d\u00e9cembre, Protection des donn\u00e9es personnelles (LOPD) informe l&rsquo;utilisateur que toutes les donn\u00e9es que vous nous fournissez seront incorpor\u00e9es \u00e0 un fichier, cr\u00e9\u00e9 et maintenu sous la responsabilit\u00e9 de STUDIAINITALIA CURSOS Y VIAJES, SL, qui est d\u00fbment gard\u00e9 et trait\u00e9, et que les donn\u00e9es qu&rsquo;il contient ont \u00e9t\u00e9 obtenues l\u00e9galement et en respectant les dispositions \u00e9tablies dans la r\u00e9glementation pour la protection des donn\u00e9es personnelles.<\/p>\n<p>Le responsable du traitement et les autres utilisateurs autoris\u00e9s acc\u00e8dent et traitent uniquement et exclusivement les donn\u00e9es contenues dans le fichier selon les instructions du responsable et ne les utilisent que pour r\u00e9aliser, pour le compte du responsable du fichier, les services sp\u00e9cifiquement autoris\u00e9s.<\/p>\n<p><strong>DROIT D&rsquo;ACC\u00c8S, D&rsquo;OPPOSITION, DE RECTIFICATION, D&rsquo;ANNULATION, DE SUPPRESSION ET DE PORTABILIT\u00c9 DES DONN\u00c9ES<br \/><\/strong><br \/>Il est signal\u00e9 que les droits d&rsquo;Acc\u00e8s, d&rsquo;Opposition, de Rectification, d&rsquo;Annulation, de Suppression et de Portabilit\u00e9 des donn\u00e9es peuvent \u00eatre exerc\u00e9s par courrier postal \u00e0 l&rsquo;adresse suivante :<\/p>\n<p>STUDIAINITALIA CURSOS Y VIAJES, S.L.<\/p>\n<p>Calle Ferrer del R\u00edo, n\u00ba 28, Esc. 1, 6\u00ba B ; C.P. 28028 &#8211; MADRID C.P. : 28028 &#8211; MADRID<\/p>\n<p><a href=\"mailto:info@studiainitalia.com\">info@studiainitalia.com<\/a><\/p>\n<p><strong>POLITIQUE EN MATI\u00c8RE DE COOKIES<\/strong><\/p>\n<p>L&rsquo;entreprise informe de sa politique en mati\u00e8re de cookies, respectant ainsi les dispositions de l&rsquo;article 22.2 de la loi 34\/2002, du 11 juillet, sur les services de la soci\u00e9t\u00e9 de l&rsquo;information et le commerce \u00e9lectronique.<\/p>\n<p>Un cookie est un fichier qui est t\u00e9l\u00e9charg\u00e9 sur votre ordinateur lorsque vous acc\u00e9dez \u00e0 certaines pages web. Les cookies permettent \u00e0 une page web, entre autres, de stocker et de r\u00e9cup\u00e9rer des informations sur les habitudes de navigation d&rsquo;un utilisateur ou de son \u00e9quipement et, en fonction des informations qu&rsquo;ils contiennent et de la mani\u00e8re dont il utilise son \u00e9quipement, ils peuvent \u00eatre utilis\u00e9s pour reconna\u00eetre l&rsquo;utilisateur. Le navigateur de l&rsquo;utilisateur ne m\u00e9morise les cookies sur le disque dur que pendant la session en cours, occupant un espace m\u00e9moire minimal et n&rsquo;endommageant pas votre ordinateur. Les cookies ne contiennent aucun type d&rsquo;informations personnelles sp\u00e9cifiques et la plupart d&rsquo;entre eux sont supprim\u00e9s du disque dur \u00e0 la fin de la session du navigateur.<\/p>\n<p>La plupart des navigateurs acceptent les cookies par d\u00e9faut et, ind\u00e9pendamment d&rsquo;eux, autorisent ou emp\u00eachent les cookies temporaires ou stock\u00e9s dans les param\u00e8tres de s\u00e9curit\u00e9.<\/p>\n<p>Sans votre consentement en activant les cookies dans votre navigateur, les donn\u00e9es stock\u00e9es ne seront pas li\u00e9es \u00e0 vos donn\u00e9es personnelles fournies au moment de l&rsquo;enregistrement ou de l&rsquo;achat.<\/p>\n<p>L&rsquo;utilisateur accepte express\u00e9ment, pour l&rsquo;utilisation de ce portail, le traitement des informations recueillies de la mani\u00e8re et aux fins susmentionn\u00e9es. Et il reconna\u00eet \u00e9galement de conna\u00eetre la possibilit\u00e9 de rejeter le traitement de ces donn\u00e9es ou des informations rejetant l&rsquo;utilisation de cookies en s\u00e9lectionnant la configuration appropri\u00e9e \u00e0 cet effet dans votre navigateur. Bien que cette option de blocage des cookies dans votre navigateur puisse ne pas permettre l&rsquo;utilisation compl\u00e8te de toutes les fonctionnalit\u00e9s du web. Vous pouvez autoriser, bloquer ou supprimer les cookies install\u00e9s sur votre ordinateur en configurant les options du navigateur install\u00e9 sur votre ordinateur.<\/p>\n<p><strong>RESPONSABILIT\u00c9 DU CONTENU<\/strong><\/p>\n<p>STUDIAINITALIA CURSOS Y VIAJES, S.L. n&rsquo;est pas responsable de la l\u00e9galit\u00e9 des sites web de tiers \u00e0 partir desquels le site web est accessible. Le propri\u00e9taire de la page ne r\u00e9pond pas de la l\u00e9galit\u00e9 d&rsquo;autres sites web de tiers qui peuvent \u00eatre li\u00e9s ou reli\u00e9s \u00e0 ce portail.<\/p>\n<p>Le propri\u00e9taire de ce portail se r\u00e9serve le droit d&rsquo;apporter des modifications au site web sans pr\u00e9avis, afin de maintenir vos informations \u00e0 jour, en ajoutant, modifiant, corrigeant ou \u00e9liminant le contenu publi\u00e9 ou la conception du portail.<\/p>\n<p>STUDIAINITALIA CURSOS Y VIAJES, S.L. n&rsquo;est pas responsable de l&rsquo;utilisation que des tiers font de l&rsquo;information publi\u00e9e sur le portail, ni des dommages subis ou des pertes \u00e9conomiques qui, directement ou indirectement, produisent ou peuvent produire des dommages \u00e9conomiques, mat\u00e9riels ou de donn\u00e9es, caus\u00e9s par l&rsquo;utilisation de ladite information.<\/p>\n<p>Le propri\u00e9taire n&rsquo;est pas responsable des \u00e9ventuelles erreurs de s\u00e9curit\u00e9 qui peuvent se produire en raison de l&rsquo;utilisation de versions de navigateurs non mises \u00e0 jour, ni des cons\u00e9quences qui peuvent d\u00e9couler du mauvais fonctionnement du navigateur, que ce soit en raison d&rsquo;une mauvaise configuration, de la pr\u00e9sence de virus informatiques ou de toute autre cause sans rapport avec celui-ci.<\/p>\n<p><strong>REPRODUCTION DES CONTENUS<\/strong><\/p>\n<p>La reproduction totale ou partielle des contenus publi\u00e9s sur ce site est interdite. La reproduction totale ou partielle, y compris la cession du contenu du site web \u00e0 tout support, n\u00e9cessitera l&rsquo;autorisation expresse de STUDIAINITALIA CURSOS Y VIAJES, S.L.<\/p>\n<p><strong>SERVICE<\/strong><\/p>\n<p>STUDIAINITALIA CURSOS Y VIAJES, S.L. se r\u00e9serve le droit de suspendre l&rsquo;acc\u00e8s \u00e0 son site web, sans pr\u00e9avis, de mani\u00e8re temporaire, pour des raisons techniques ou de toute autre nature, et peut \u00e9galement modifier unilat\u00e9ralement tant les conditions d&rsquo;acc\u00e8s, que tout ou partie des contenus qui y figurent.<\/p>\n<p><strong>LIENS<\/strong><\/p>\n<p>Le site web peut offrir des liens, directement ou indirectement, vers d&rsquo;autres sites web, dans un but purement informatif, ne constituant en aucun cas une invitation \u00e0 contracter les produits ou services offerts sur le site web de destination.<\/p>\n<p><strong>NAVIGATION ET S\u00c9CURIT\u00c9<\/strong><\/p>\n<p>La navigation dans les pages du site peut se faire de mani\u00e8re totalement anonyme. Les serveurs web ne conservent qu&rsquo;une s\u00e9rie de donn\u00e9es publiques et librement accessibles \u00e0 des fins statistiques. Ces donn\u00e9es sont : le nom de domaine ou l&rsquo;adresse IP du fournisseur d&rsquo;acc\u00e8s \u00e0 l&rsquo;internet, la date et l&rsquo;heure d&rsquo;acc\u00e8s au site web et l&rsquo;adresse internet d&rsquo;o\u00f9 est parti l&rsquo;hyperlien qui m\u00e8ne \u00e0 la page.<\/p>\n<p><strong><\/strong><\/p>\n<p>La loi applicable en cas de litige ou de conflit d&rsquo;interpr\u00e9tation des termes qui composent cet avis juridique, ainsi que toute question li\u00e9e aux services de ce portail, sera la loi espagnole, et tout litige sera soumis aux Cours et Tribunaux de la ville. de Madrid.<\/p>\n<p>&nbsp;<\/p>\n<p>Copyright \u00a9 2018<\/p>","protected":false},"excerpt":{"rendered":"<p>Avertissement l\u00e9gal DONN\u00c9ES DE L&rsquo;ENTREPRISEConform\u00e9ment \u00e0 l&rsquo;obligation d&rsquo;information recueillie \u00e0 l&rsquo;article 10 de la Loi 34\/2002, du 11 juillet, des services de la soci\u00e9t\u00e9 de l&rsquo;information et du commerce \u00e9lectronique (LSSICE), voici les donn\u00e9es d&rsquo;identification de l&rsquo;entreprise. STUDIAINITALIA CURSOS Y VIAJES, S.L. Calle Ferrer del R\u00edo, n\u00ba 28, Esc. 1, 6 6\u00ba B ; C.P. [&hellip;]<\/p>\n","protected":false},"author":132,"featured_media":0,"parent":0,"menu_order":99,"comment_status":"closed","ping_status":"closed","template":"","meta":{"_acf_changed":false,"_uag_custom_page_level_css":"","_kad_blocks_custom_css":"","_kad_blocks_head_custom_js":"","_kad_blocks_body_custom_js":"","_kad_blocks_footer_custom_js":"","site-sidebar-layout":"default","site-content-layout":"","ast-site-content-layout":"default","site-content-style":"default","site-sidebar-style":"default","ast-global-header-display":"","ast-banner-title-visibility":"","ast-main-header-display":"","ast-hfb-above-header-display":"","ast-hfb-below-header-display":"","ast-hfb-mobile-header-display":"","site-post-title":"","ast-breadcrumbs-content":"","ast-featured-img":"","footer-sml-layout":"","ast-disable-related-posts":"","theme-transparent-header-meta":"","adv-header-id-meta":"","stick-header-meta":"","header-above-stick-meta":"","header-main-stick-meta":"","header-below-stick-meta":"","astra-migrate-meta-layouts":"set","ast-page-background-enabled":"default","ast-page-background-meta":{"desktop":{"background-color":"var(--ast-global-color-4)","background-image":"","background-repeat":"repeat","background-position":"center center","background-size":"auto","background-attachment":"scroll","background-type":"","background-media":"","overlay-type":"","overlay-color":"","overlay-opacity":"","overlay-gradient":""},"tablet":{"background-color":"","background-image":"","background-repeat":"repeat","background-position":"center center","background-size":"auto","background-attachment":"scroll","background-type":"","background-media":"","overlay-type":"","overlay-color":"","overlay-opacity":"","overlay-gradient":""},"mobile":{"background-color":"","background-image":"","background-repeat":"repeat","background-position":"center center","background-size":"auto","background-attachment":"scroll","background-type":"","background-media":"","overlay-type":"","overlay-color":"","overlay-opacity":"","overlay-gradient":""}},"ast-content-background-meta":{"desktop":{"background-color":"var(--ast-global-color-5)","background-image":"","background-repeat":"repeat","background-position":"center center","background-size":"auto","background-attachment":"scroll","background-type":"","background-media":"","overlay-type":"","overlay-color":"","overlay-opacity":"","overlay-gradient":""},"tablet":{"background-color":"var(--ast-global-color-5)","background-image":"","background-repeat":"repeat","background-position":"center center","background-size":"auto","background-attachment":"scroll","background-type":"","background-media":"","overlay-type":"","overlay-color":"","overlay-opacity":"","overlay-gradient":""},"mobile":{"background-color":"var(--ast-global-color-5)","background-image":"","background-repeat":"repeat","background-position":"center center","background-size":"auto","background-attachment":"scroll","background-type":"","background-media":"","overlay-type":"","overlay-color":"","overlay-opacity":"","overlay-gradient":""}},"footnotes":""},"class_list":["post-189520","page","type-page","status-publish","hentry"],"acf":[],"taxonomy_info":[],"featured_image_src_large":false,"author_info":{"display_name":"Jordi Torres","author_link":"https:\/\/www.studiainitalia.com\/fr\/author\/creativa\/"},"comment_info":0,"uagb_featured_image_src":{"full":false,"thumbnail":false,"medium":false,"medium_large":false,"large":false,"1536x1536":false,"2048x2048":false,"ultp_layout_landscape_large":false,"ultp_layout_landscape":false,"ultp_layout_portrait":false,"ultp_layout_square":false,"gform-image-choice-sm":false,"gform-image-choice-md":false,"gform-image-choice-lg":false,"woocommerce_thumbnail":false,"woocommerce_single":false,"woocommerce_gallery_thumbnail":false,"yarpp-thumbnail":false},"uagb_author_info":{"display_name":"Jordi Torres","author_link":"https:\/\/www.studiainitalia.com\/fr\/author\/creativa\/"},"uagb_comment_info":0,"uagb_excerpt":"Avertissement l\u00e9gal DONN\u00c9ES DE L&rsquo;ENTREPRISEConform\u00e9ment \u00e0 l&rsquo;obligation d&rsquo;information recueillie \u00e0 l&rsquo;article 10 de la Loi 34\/2002, du 11 juillet, des services de la soci\u00e9t\u00e9 de l&rsquo;information et du commerce \u00e9lectronique (LSSICE), voici les donn\u00e9es d&rsquo;identification de l&rsquo;entreprise. STUDIAINITALIA CURSOS Y VIAJES, S.L. Calle Ferrer del R\u00edo, n\u00ba 28, Esc. 1, 6 6\u00ba B ; C.P.\u2026","_links":{"self":[{"href":"https:\/\/www.studiainitalia.com\/fr\/wp-json\/wp\/v2\/pages\/189520","targetHints":{"allow":["GET"]}}],"collection":[{"href":"https:\/\/www.studiainitalia.com\/fr\/wp-json\/wp\/v2\/pages"}],"about":[{"href":"https:\/\/www.studiainitalia.com\/fr\/wp-json\/wp\/v2\/types\/page"}],"author":[{"embeddable":true,"href":"https:\/\/www.studiainitalia.com\/fr\/wp-json\/wp\/v2\/users\/132"}],"replies":[{"embeddable":true,"href":"https:\/\/www.studiainitalia.com\/fr\/wp-json\/wp\/v2\/comments?post=189520"}],"version-history":[{"count":0,"href":"https:\/\/www.studiainitalia.com\/fr\/wp-json\/wp\/v2\/pages\/189520\/revisions"}],"wp:attachment":[{"href":"https:\/\/www.studiainitalia.com\/fr\/wp-json\/wp\/v2\/media?parent=189520"}],"curies":[{"name":"wp","href":"https:\/\/api.w.org\/{rel}","templated":true}]}}