{"id":189525,"date":"2020-10-30T12:24:26","date_gmt":"2020-10-30T11:24:26","guid":{"rendered":"https:\/\/www.studiainitalia.com\/covid-3\/"},"modified":"2020-10-30T12:24:26","modified_gmt":"2020-10-30T11:24:26","slug":"covid-3","status":"publish","type":"page","link":"https:\/\/www.studiainitalia.com\/fr\/covid-3\/","title":{"rendered":"Covid"},"content":{"rendered":"<h3><strong>Mesures Covid<\/strong><\/h3>\n<p><strong>COURS :<\/strong><br \/>Les cours sont actifs.<br \/>Les groupes ont \u00e9t\u00e9 r\u00e9duits..<\/p>\n<p><strong>MESURES :<\/strong><br \/>Nos \u00e9coles et nos artisans travaillent en toute s\u00e9curit\u00e9 avec des mesures de protection telles que la d\u00e9sinfection des mains, la d\u00e9sinfection des environnements, l&rsquo;utilisation de masques faciaux, la distance et la capacit\u00e9 limit\u00e9e.  <strong>Le certificat de vaccination Covid-19 sera exig\u00e9<\/strong><\/p>\n<p><strong>ASSISTANCE :<\/strong> si vous d\u00e9cidez de vous inscrire, nous vous informons que vous recevrez notre assistance \u00e0 tout moment concernant les \u00e9ventuelles mesures, modifications, tests, etc. li\u00e9s \u00e0 Covid.<\/p>\n<p><strong>COURS EN LIGNE :<\/strong><br \/>Si vous ne pouvez pas vous rendre en Italie et souhaitez suivre l&rsquo;un des cours propos\u00e9s sur notre site web, demandez-nous des informations car nous pouvons organiser ce cours en ligne pour vous.<\/p>\n<p><strong>PAIEMENT DU D\u00c9P\u00d4T :<\/strong><br \/>pour les nouvelles r\u00e9servations, nous garantissons, dans les cas li\u00e9s \u00e0 Covid 19 ou \u00e0 d&rsquo;\u00e9ventuelles restrictions, la possibilit\u00e9 de conserver l&rsquo;acompte pendant 2 ans.<\/p>\n<p><strong>L&rsquo;ASSURANCE VOYAGE :<\/strong><br \/>Nous proposons des polices d&rsquo;assurance voyage qui couvrent les pand\u00e9mies.<\/p>\n<p><strong>LOGEMENT :<\/strong><br \/>En raison de la situation, nous recommandons de r\u00e9server des studios priv\u00e9s plut\u00f4t que des appartements en colocation. Demandez des informations.<\/p>\n","protected":false},"excerpt":{"rendered":"<p>Mesures Covid COURS :Les cours sont actifs.Les groupes ont \u00e9t\u00e9 r\u00e9duits.. MESURES :Nos \u00e9coles et nos artisans travaillent en toute s\u00e9curit\u00e9 avec des mesures de protection telles que la d\u00e9sinfection des mains, la d\u00e9sinfection des environnements, l&rsquo;utilisation de masques faciaux, la distance et la capacit\u00e9 limit\u00e9e. Le certificat de vaccination Covid-19 sera exig\u00e9 ASSISTANCE : [&hellip;]<\/p>\n","protected":false},"author":88,"featured_media":0,"parent":0,"menu_order":0,"comment_status":"closed","ping_status":"closed","template":"","meta":{"_acf_changed":false,"_uag_custom_page_level_css":"","_kad_blocks_custom_css":"","_kad_blocks_head_custom_js":"","_kad_blocks_body_custom_js":"","_kad_blocks_footer_custom_js":"","site-sidebar-layout":"default","site-content-layout":"","ast-site-content-layout":"default","site-content-style":"default","site-sidebar-style":"default","ast-global-header-display":"","ast-banner-title-visibility":"","ast-main-header-display":"","ast-hfb-above-header-display":"","ast-hfb-below-header-display":"","ast-hfb-mobile-header-display":"","site-post-title":"","ast-breadcrumbs-content":"","ast-featured-img":"","footer-sml-layout":"","ast-disable-related-posts":"","theme-transparent-header-meta":"","adv-header-id-meta":"","stick-header-meta":"","header-above-stick-meta":"","header-main-stick-meta":"","header-below-stick-meta":"","astra-migrate-meta-layouts":"default","ast-page-background-enabled":"default","ast-page-background-meta":{"desktop":{"background-color":"var(--ast-global-color-4)","background-image":"","background-repeat":"repeat","background-position":"center center","background-size":"auto","background-attachment":"scroll","background-type":"","background-media":"","overlay-type":"","overlay-color":"","overlay-opacity":"","overlay-gradient":""},"tablet":{"background-color":"","background-image":"","background-repeat":"repeat","background-position":"center center","background-size":"auto","background-attachment":"scroll","background-type":"","background-media":"","overlay-type":"","overlay-color":"","overlay-opacity":"","overlay-gradient":""},"mobile":{"background-color":"","background-image":"","background-repeat":"repeat","background-position":"center center","background-size":"auto","background-attachment":"scroll","background-type":"","background-media":"","overlay-type":"","overlay-color":"","overlay-opacity":"","overlay-gradient":""}},"ast-content-background-meta":{"desktop":{"background-color":"var(--ast-global-color-5)","background-image":"","background-repeat":"repeat","background-position":"center center","background-size":"auto","background-attachment":"scroll","background-type":"","background-media":"","overlay-type":"","overlay-color":"","overlay-opacity":"","overlay-gradient":""},"tablet":{"background-color":"var(--ast-global-color-5)","background-image":"","background-repeat":"repeat","background-position":"center center","background-size":"auto","background-attachment":"scroll","background-type":"","background-media":"","overlay-type":"","overlay-color":"","overlay-opacity":"","overlay-gradient":""},"mobile":{"background-color":"var(--ast-global-color-5)","background-image":"","background-repeat":"repeat","background-position":"center center","background-size":"auto","background-attachment":"scroll","background-type":"","background-media":"","overlay-type":"","overlay-color":"","overlay-opacity":"","overlay-gradient":""}},"footnotes":""},"class_list":["post-189525","page","type-page","status-publish","hentry"],"acf":[],"taxonomy_info":[],"featured_image_src_large":false,"author_info":{"display_name":"rafael","author_link":"https:\/\/www.studiainitalia.com\/fr\/author\/rafael\/"},"comment_info":0,"uagb_featured_image_src":{"full":false,"thumbnail":false,"medium":false,"medium_large":false,"large":false,"1536x1536":false,"2048x2048":false,"ultp_layout_landscape_large":false,"ultp_layout_landscape":false,"ultp_layout_portrait":false,"ultp_layout_square":false,"gform-image-choice-sm":false,"gform-image-choice-md":false,"gform-image-choice-lg":false,"woocommerce_thumbnail":false,"woocommerce_single":false,"woocommerce_gallery_thumbnail":false,"yarpp-thumbnail":false},"uagb_author_info":{"display_name":"rafael","author_link":"https:\/\/www.studiainitalia.com\/fr\/author\/rafael\/"},"uagb_comment_info":0,"uagb_excerpt":"Mesures Covid COURS :Les cours sont actifs.Les groupes ont \u00e9t\u00e9 r\u00e9duits.. MESURES :Nos \u00e9coles et nos artisans travaillent en toute s\u00e9curit\u00e9 avec des mesures de protection telles que la d\u00e9sinfection des mains, la d\u00e9sinfection des environnements, l&rsquo;utilisation de masques faciaux, la distance et la capacit\u00e9 limit\u00e9e. Le certificat de vaccination Covid-19 sera exig\u00e9 ASSISTANCE :\u2026","_links":{"self":[{"href":"https:\/\/www.studiainitalia.com\/fr\/wp-json\/wp\/v2\/pages\/189525","targetHints":{"allow":["GET"]}}],"collection":[{"href":"https:\/\/www.studiainitalia.com\/fr\/wp-json\/wp\/v2\/pages"}],"about":[{"href":"https:\/\/www.studiainitalia.com\/fr\/wp-json\/wp\/v2\/types\/page"}],"author":[{"embeddable":true,"href":"https:\/\/www.studiainitalia.com\/fr\/wp-json\/wp\/v2\/users\/88"}],"replies":[{"embeddable":true,"href":"https:\/\/www.studiainitalia.com\/fr\/wp-json\/wp\/v2\/comments?post=189525"}],"version-history":[{"count":0,"href":"https:\/\/www.studiainitalia.com\/fr\/wp-json\/wp\/v2\/pages\/189525\/revisions"}],"wp:attachment":[{"href":"https:\/\/www.studiainitalia.com\/fr\/wp-json\/wp\/v2\/media?parent=189525"}],"curies":[{"name":"wp","href":"https:\/\/api.w.org\/{rel}","templated":true}]}}