{"id":191810,"date":"2022-09-27T08:58:54","date_gmt":"2022-09-27T06:58:54","guid":{"rendered":"https:\/\/www.studiainitalia.com\/?page_id=191810"},"modified":"2025-12-13T14:12:07","modified_gmt":"2025-12-13T13:12:07","slug":"apprendre-italien-a-milan","status":"publish","type":"page","link":"https:\/\/www.studiainitalia.com\/fr\/destinations\/apprendre-italien-a-milan\/","title":{"rendered":"Milan"},"content":{"rendered":"\n<div class=\"wp-block-columns alignfull has-ast-global-color-2-background-color has-background is-layout-flex wp-container-core-columns-is-layout-c6bc58be wp-block-columns-is-layout-flex\" style=\"padding-top:0px;padding-right:0px;padding-bottom:0px;padding-left:0px\">\n<div class=\"wp-block-column is-layout-flow wp-block-column-is-layout-flow\" style=\"flex-basis:60%\">\n<div class=\"wp-block-cover alignfull is-light\" style=\"min-height:685px;aspect-ratio:unset;\"><img decoding=\"async\" width=\"480\" height=\"640\" class=\"wp-block-cover__image-background wp-image-94192\" alt=\"cours \u00e0 Milan\" src=\"https:\/\/www.studiainitalia.com\/wp-content\/uploads\/2022\/09\/learn-italian-in-milan_jpg.jpg\" data-object-fit=\"cover\" title=\"\" srcset=\"https:\/\/www.studiainitalia.com\/wp-content\/uploads\/2022\/09\/learn-italian-in-milan_jpg.jpg 480w, https:\/\/www.studiainitalia.com\/wp-content\/uploads\/2022\/09\/learn-italian-in-milan_jpg-400x533.jpg 400w\" sizes=\"(max-width: 480px) 100vw, 480px\" \/><span aria-hidden=\"true\" class=\"wp-block-cover__background has-background-dim\"><\/span><div class=\"wp-block-cover__inner-container is-layout-flow wp-block-cover-is-layout-flow\">\n<h1 class=\"wp-block-heading has-text-align-center\" style=\"font-size:32px\">Cours \u00e0 Milan<\/h1>\n<\/div><\/div>\n<\/div>\n\n\n\n<div class=\"wp-block-column is-layout-flow wp-block-column-is-layout-flow\" style=\"flex-basis: 40%; padding: 6%;\">\n<div  class=\"wp-block-ultimate-post-heading ultp-block-a584cc\"><div class=\"ultp-block-wrapper\"><div class=\"ultp-heading-wrap ultp-heading-style9 ultp-heading-left\"><h2 class=\"ultp-heading-inner\"><span>MILAN<\/span><\/h2><\/div><\/div><\/div>\n\r\n\r\n<style>.wp-block-kadence-spacer.kt-block-spacer-_03022e-64 .kt-block-spacer{height:10px;}.wp-block-kadence-spacer.kt-block-spacer-_03022e-64 .kt-divider{border-top-width:1px;height:1px;border-top-color:var(--ast-global-color-1);width:100%;border-top-style:solid;}<\/style>\n<div class=\"wp-block-kadence-spacer aligncenter kt-block-spacer-_03022e-64\"><div class=\"kt-block-spacer kt-block-spacer-halign-center\"><hr class=\"kt-divider\"\/><\/div><\/div>\n\n\r\n\r\n\n<p><strong>Milan<\/strong>\u00a0est certainement la ville la plus importante d\u2019Italie en mati\u00e8re de mode, de travail et d\u2019\u00e9conomie. Cette ville dynamique et cosmopolite offre de nombreuses activit\u00e9s culturelles et de divertissement. Les nombreux attraits touristiques font de Milan l\u2019une des capitales europ\u00e9ennes de la culture.<\/p>\n\n\r\n\r\n\n<p>En outre, Milan dispose d\u2019innombrables possibilit\u00e9s d\u2019activit\u00e9s culturelles et de loisirs 24 heures sur 24 : bars branch\u00e9s, concerts, th\u00e9\u00e2tres, clubs, discoth\u00e8ques et salles de concert accueillent r\u00e9guli\u00e8rement une multitude d\u2019\u00e9v\u00e9nements musicaux d\u2019artistes de renomm\u00e9e internationale.<\/p>\n\n\r\n\r\n\n<p>En raison de sa situation g\u00e9ographique unique, vous pouvez faire des excursions int\u00e9ressantes de Milan vers les lacs et les Alpes.<\/p>\n\n<\/div>\n<\/div>\n\n\n<div  class=\"wp-block-ultimate-post-heading ultp-block-e52c14\"><div class=\"ultp-block-wrapper\"><div class=\"ultp-heading-wrap ultp-heading-style9 ultp-heading-center\"><h2 class=\"ultp-heading-inner\"><span>Choisissez votre cours \u00e0 Milan<\/span><\/h2><\/div><\/div><\/div>\n\n<div class=\"wopb-shortcode\" data-postid=\"95371\"><div  class=\"wp-block-product-blocks-product-grid-1 wopb-block-5dc2d0 \"><div class=\"wopb-block-wrapper\"><div class=\"wopb-wrapper-main-content\"><div class=\"wopb-block-items-wrap wopb-block-row wopb-block-column-6\"><div class=\"wopb-block-item \"><div class=\"wopb-block-content-wrap\"><div class=\"wopb-block-image wopb-block-image-none\"><div class=\"wopb-product-new-meta\"><\/div><a href=\"https:\/\/www.studiainitalia.com\/fr\/cours\/cours-italien-en-italie\/italien-a-milan\/\"><img decoding=\"async\" src=\"https:\/\/www.studiainitalia.com\/wp-content\/uploads\/2022\/04\/milano-1-300x300.jpg\" alt=\"Cours d\u2019italien \u00e0 Milan\" title=\"\"><\/a><\/div><h3 class=\"wopb-block-title\"><a title=\"Cours d\u2019italien \u00e0 Milan\"  href=\"https:\/\/www.studiainitalia.com\/fr\/cours\/cours-italien-en-italie\/italien-a-milan\/\">Cours d\u2019italien \u00e0 Milan<\/a><\/h3><div class=\"wopb-product-price\"><span class=\"woocommerce-Price-amount amount\" aria-hidden=\"true\"><bdi>300<span class=\"woocommerce-Price-currencySymbol\">&euro;<\/span><\/bdi><\/span> <span aria-hidden=\"true\">\u00a0\u2013\u00a0<\/span> <span class=\"woocommerce-Price-amount amount\" aria-hidden=\"true\"><bdi>800<span class=\"woocommerce-Price-currencySymbol\">&euro;<\/span><\/bdi><\/span><span class=\"screen-reader-text\">Plage de prix\u00a0: 300&euro; \u00e0 800&euro;<\/span><\/div><div class=\"wopb-star-rating\"><span style=\"width: 99%\"><strong itemprop=\"ratingValue\" class=\"wopb-rating\">4.95<\/strong>out of 5<\/span><\/div><\/div><\/div><\/div><\/div><\/div><\/div><\/div>\n\n\n\n<div class=\"wp-block-columns alignfull has-ast-global-color-2-background-color has-background is-layout-flex wp-container-core-columns-is-layout-c7ed57bb wp-block-columns-is-layout-flex\" style=\"padding-top:5%;padding-right:10%;padding-bottom:5%;padding-left:10%\">\n<div class=\"wp-block-column is-layout-constrained wp-container-core-column-is-layout-80c0687d wp-block-column-is-layout-constrained\">\n<figure class=\"wp-block-image aligncenter size-full\"><img decoding=\"async\" width=\"52\" height=\"52\" src=\"https:\/\/www.studiainitalia.com\/wp-content\/uploads\/2016\/11\/milanoppp-1.png\" alt=\"\" class=\"wp-image-56011\" title=\"\"><\/figure>\n\n\n<div  class=\"wp-block-ultimate-post-heading ultp-block-79d70e\"><div class=\"ultp-block-wrapper\"><div class=\"ultp-heading-wrap ultp-heading-style1 ultp-heading-center\"><h2 class=\"ultp-heading-inner\"><span>Pourquoi Milan ?<\/span><\/h2><\/div><\/div><\/div>\n\n\n<p>Milan vous donnera la possibilit\u00e9 de voir une v\u00e9ritable ville italienne avec une ample offre d\u2019activit\u00e9s culturelles et de loisirs du matin au soir : des bars branch\u00e9s, des th\u00e9\u00e2tres, des clubs, des discoth\u00e8ques et des salles de concert qui accueillent r\u00e9guli\u00e8rement une infinit\u00e9 d\u2019\u00e9v\u00e9nements musicaux.<\/p>\n\n\n\n<p>Certains des sites les plus c\u00e9l\u00e8bres de la ville sont&nbsp;<em>le Duomo,&nbsp;<\/em>l\u2019op\u00e9ra de&nbsp;<em>La Scala&nbsp;<\/em>et la fresque de<em>&nbsp;La C\u00e8ne&nbsp;<\/em>de L\u00e9onard de Vinci.<\/p>\n\n\n\n<p>En raison de sa situation g\u00e9ographique unique, vous pourrez r\u00e9aliser des excursions int\u00e9ressantes dans les alentours de Milan vers les lacs et les Alpes.<\/p>\n<\/div>\n\n\n\n<div class=\"wp-block-column is-layout-constrained wp-container-core-column-is-layout-80c0687d wp-block-column-is-layout-constrained\">\n<figure class=\"wp-block-image aligncenter size-full\"><img decoding=\"async\" width=\"50\" height=\"50\" src=\"https:\/\/www.studiainitalia.com\/wp-content\/uploads\/2022\/09\/caelndar2-3_png_webp.png\" alt=\"\" class=\"wp-image-94147\" title=\"\"><\/figure>\n\n\n<div  class=\"wp-block-ultimate-post-heading ultp-block-4d60d6\"><div class=\"ultp-block-wrapper\"><div class=\"ultp-heading-wrap ultp-heading-style1 ultp-heading-center\"><h2 class=\"ultp-heading-inner\"><span>Quand s\u2019y rendre ?<\/span><\/h2><\/div><\/div><\/div>\n\n\n<p>Les meilleures p\u00e9riodes pour visiter Milan vont du mois d\u2019avril au mois de juin ou de septembre \u00e0 octobre. En avril a lieu le salon du meuble et du design qui est reconnu mondialement.<\/p>\n<\/div>\n\n\n\n<div class=\"wp-block-column is-layout-constrained wp-container-core-column-is-layout-80c0687d wp-block-column-is-layout-constrained\">\n<figure class=\"wp-block-image aligncenter size-full\"><img decoding=\"async\" width=\"52\" height=\"52\" src=\"https:\/\/www.studiainitalia.com\/wp-content\/uploads\/2022\/09\/vespa-1_png_webp.png\" alt=\"\" class=\"wp-image-94148\" title=\"\"><\/figure>\n\n\n<div  class=\"wp-block-ultimate-post-heading ultp-block-4a89b9\"><div class=\"ultp-block-wrapper\"><div class=\"ultp-heading-wrap ultp-heading-style1 ultp-heading-center\"><h2 class=\"ultp-heading-inner\"><span>There &amp; Around<\/span><\/h2><\/div><\/div><\/div>\n\n\n<p>Milan est facilement joignable par avion gr\u00e2ce aux a\u00e9roports internationaux de&nbsp;<a href=\"https:\/\/www.milanolinate.eu\/en\" target=\"_blank\" rel=\"noreferrer noopener\">Linate<\/a>&nbsp;et de&nbsp;<a href=\"https:\/\/www.milanomalpensa-airport.com\/it\" target=\"_blank\" rel=\"noreferrer noopener\">Malpensa<\/a>. Parfois appel\u00e9 le troisi\u00e8me a\u00e9roport de Milan, l\u2019a\u00e9roport de&nbsp;<a href=\"https:\/\/www.milanbergamoairport.it\/\" target=\"_blank\" rel=\"noreferrer noopener\">Orio al Serio<\/a>&nbsp;de Bergame (qui se situe \u00e0 45 km \u00e0 l\u2019est de Milan) accueille des compagnies a\u00e9riennes \u00e0 bas co\u00fbt. Si vous le d\u00e9sirez, nous pouvons organiser pour vous le transfert depuis l\u2019a\u00e9roport..<\/p>\n\n\n\n<p>Pour plus d\u2019informations sur les choses \u00e0 voir et \u00e0 faire pendant votre cours \u00e0 Milan, nous vous recommandons de consulter le guide&nbsp;<a href=\"https:\/\/www.lonelyplanet.com\/italy\/milan\" target=\"_blank\" rel=\"noreferrer noopener\">Lonely Planet de Milan<\/a>.<\/p>\n<\/div>\n<\/div>\n\n\n\n<div class=\"wp-block-columns alignfull are-vertically-aligned-center is-layout-flex wp-container-core-columns-is-layout-28f84493 wp-block-columns-is-layout-flex\">\n<div class=\"wp-block-column is-vertically-aligned-center is-layout-flow wp-block-column-is-layout-flow\" style=\"flex-basis:40%\">\n<figure class=\"wp-block-embed is-type-video is-provider-youtube wp-block-embed-youtube wp-embed-aspect-16-9 wp-has-aspect-ratio\"><div class=\"wp-block-embed__wrapper\">\n<iframe title=\"Milano\" width=\"500\" height=\"281\" src=\"https:\/\/www.youtube.com\/embed\/mikdHAnyD9g?feature=oembed\" frameborder=\"0\" allow=\"accelerometer; autoplay; clipboard-write; encrypted-media; gyroscope; picture-in-picture; web-share\" referrerpolicy=\"strict-origin-when-cross-origin\" allowfullscreen><\/iframe>\n<\/div><\/figure>\n<\/div>\n\n\n\n<div class=\"wp-block-column is-vertically-aligned-center is-layout-flow wp-block-column-is-layout-flow\" style=\"flex-basis:60%\"><style>.kb-google-maps-container191810_2cf9e9-ed{height:450px;}.kb-google-maps-container191810_2cf9e9-ed{filter:grayscale(100%);}<\/style><div class=\"kb-google-maps-container kb-google-maps-container191810_2cf9e9-ed  wp-block-kadence-googlemaps\" data-mapid=\"191810_2cf9e9ed\"><iframe width=\"100%\" height=\"100%\"\n\t\t\t\t\t\t\tstyle=\"border:0\" loading=\"lazy\"\n\t\t\t\t\t\t\tsrc=\"https:\/\/www.google.com\/maps\/embed\/v1\/place?key=AIzaSyBAM2o7PiQqwk15LC1XRH2e_KJ-jUa7KYk&#038;zoom=11&#038;maptype=roadmap&#038;q=Milano%2C+Italia\"\n\t\t\t\t\t\t\ttitle=\"Carte Google de Milano, Italia\"><\/iframe><\/div><script>function kb_google_map191810_2cf9e9ed() { let center = { lat: 37.8201, lng: -122.4781}; let map = new google.maps.Map(document.getElementById(\"kb-google-map191810_2cf9e9ed\"), {\n\t\t\t\t\t    zoom: 11,\n\t\t\t\t\t    center: center,});let marker = new google.maps.Marker({   position: { lat: 37.8201, lng: -122.4781},    map: map,  });}<\/script><\/div>\n<\/div>\n","protected":false},"excerpt":{"rendered":"<p>Milan\u00a0est certainement la ville la plus importante d\u2019Italie en mati\u00e8re de mode, de travail et d\u2019\u00e9conomie. Cette ville dynamique et cosmopolite offre de nombreuses activit\u00e9s culturelles et de divertissement. Les nombreux attraits touristiques font de Milan l\u2019une des capitales europ\u00e9ennes de la culture. En outre, Milan dispose d\u2019innombrables possibilit\u00e9s d\u2019activit\u00e9s culturelles et de loisirs 24 [&hellip;]<\/p>\n","protected":false},"author":132,"featured_media":0,"parent":189521,"menu_order":61,"comment_status":"closed","ping_status":"closed","template":"","meta":{"_acf_changed":false,"_uag_custom_page_level_css":"","_kad_blocks_custom_css":"","_kad_blocks_head_custom_js":"","_kad_blocks_body_custom_js":"","_kad_blocks_footer_custom_js":"","site-sidebar-layout":"default","site-content-layout":"","ast-site-content-layout":"default","site-content-style":"default","site-sidebar-style":"default","ast-global-header-display":"","ast-banner-title-visibility":"","ast-main-header-display":"","ast-hfb-above-header-display":"","ast-hfb-below-header-display":"","ast-hfb-mobile-header-display":"","site-post-title":"disabled","ast-breadcrumbs-content":"","ast-featured-img":"","footer-sml-layout":"","ast-disable-related-posts":"","theme-transparent-header-meta":"","adv-header-id-meta":"","stick-header-meta":"","header-above-stick-meta":"","header-main-stick-meta":"","header-below-stick-meta":"","astra-migrate-meta-layouts":"set","ast-page-background-enabled":"default","ast-page-background-meta":{"desktop":{"background-color":"var(--ast-global-color-4)","background-image":"","background-repeat":"repeat","background-position":"center center","background-size":"auto","background-attachment":"scroll","background-type":"","background-media":"","overlay-type":"","overlay-color":"","overlay-opacity":"","overlay-gradient":""},"tablet":{"background-color":"","background-image":"","background-repeat":"repeat","background-position":"center center","background-size":"auto","background-attachment":"scroll","background-type":"","background-media":"","overlay-type":"","overlay-color":"","overlay-opacity":"","overlay-gradient":""},"mobile":{"background-color":"","background-image":"","background-repeat":"repeat","background-position":"center center","background-size":"auto","background-attachment":"scroll","background-type":"","background-media":"","overlay-type":"","overlay-color":"","overlay-opacity":"","overlay-gradient":""}},"ast-content-background-meta":{"desktop":{"background-color":"var(--ast-global-color-5)","background-image":"","background-repeat":"repeat","background-position":"center center","background-size":"auto","background-attachment":"scroll","background-type":"","background-media":"","overlay-type":"","overlay-color":"","overlay-opacity":"","overlay-gradient":""},"tablet":{"background-color":"var(--ast-global-color-5)","background-image":"","background-repeat":"repeat","background-position":"center center","background-size":"auto","background-attachment":"scroll","background-type":"","background-media":"","overlay-type":"","overlay-color":"","overlay-opacity":"","overlay-gradient":""},"mobile":{"background-color":"var(--ast-global-color-5)","background-image":"","background-repeat":"repeat","background-position":"center center","background-size":"auto","background-attachment":"scroll","background-type":"","background-media":"","overlay-type":"","overlay-color":"","overlay-opacity":"","overlay-gradient":""}},"footnotes":""},"class_list":["post-191810","page","type-page","status-publish","hentry"],"acf":[],"taxonomy_info":[],"featured_image_src_large":false,"author_info":{"display_name":"Jordi Torres","author_link":"https:\/\/www.studiainitalia.com\/fr\/author\/creativa\/"},"comment_info":0,"uagb_featured_image_src":{"full":false,"thumbnail":false,"medium":false,"medium_large":false,"large":false,"1536x1536":false,"2048x2048":false,"ultp_layout_landscape_large":false,"ultp_layout_landscape":false,"ultp_layout_portrait":false,"ultp_layout_square":false,"gform-image-choice-sm":false,"gform-image-choice-md":false,"gform-image-choice-lg":false,"woocommerce_thumbnail":false,"woocommerce_single":false,"woocommerce_gallery_thumbnail":false,"yarpp-thumbnail":false},"uagb_author_info":{"display_name":"Jordi Torres","author_link":"https:\/\/www.studiainitalia.com\/fr\/author\/creativa\/"},"uagb_comment_info":0,"uagb_excerpt":"Milan\u00a0est certainement la ville la plus importante d\u2019Italie en mati\u00e8re de mode, de travail et d\u2019\u00e9conomie. Cette ville dynamique et cosmopolite offre de nombreuses activit\u00e9s culturelles et de divertissement. Les nombreux attraits touristiques font de Milan l\u2019une des capitales europ\u00e9ennes de la culture. En outre, Milan dispose d\u2019innombrables possibilit\u00e9s d\u2019activit\u00e9s culturelles et de loisirs 24\u2026","_links":{"self":[{"href":"https:\/\/www.studiainitalia.com\/fr\/wp-json\/wp\/v2\/pages\/191810","targetHints":{"allow":["GET"]}}],"collection":[{"href":"https:\/\/www.studiainitalia.com\/fr\/wp-json\/wp\/v2\/pages"}],"about":[{"href":"https:\/\/www.studiainitalia.com\/fr\/wp-json\/wp\/v2\/types\/page"}],"author":[{"embeddable":true,"href":"https:\/\/www.studiainitalia.com\/fr\/wp-json\/wp\/v2\/users\/132"}],"replies":[{"embeddable":true,"href":"https:\/\/www.studiainitalia.com\/fr\/wp-json\/wp\/v2\/comments?post=191810"}],"version-history":[{"count":0,"href":"https:\/\/www.studiainitalia.com\/fr\/wp-json\/wp\/v2\/pages\/191810\/revisions"}],"up":[{"embeddable":true,"href":"https:\/\/www.studiainitalia.com\/fr\/wp-json\/wp\/v2\/pages\/189521"}],"wp:attachment":[{"href":"https:\/\/www.studiainitalia.com\/fr\/wp-json\/wp\/v2\/media?parent=191810"}],"curies":[{"name":"wp","href":"https:\/\/api.w.org\/{rel}","templated":true}]}}