{"id":191825,"date":"2022-09-27T09:14:43","date_gmt":"2022-09-27T07:14:43","guid":{"rendered":"https:\/\/www.studiainitalia.com\/?page_id=191825"},"modified":"2025-12-13T14:13:21","modified_gmt":"2025-12-13T13:13:21","slug":"cours-italien-a-naples","status":"publish","type":"page","link":"https:\/\/www.studiainitalia.com\/fr\/destinations\/cours-italien-a-naples\/","title":{"rendered":"Naples"},"content":{"rendered":"\n<div class=\"wp-block-columns alignfull has-ast-global-color-2-background-color has-background is-layout-flex wp-container-core-columns-is-layout-c6bc58be wp-block-columns-is-layout-flex\" style=\"padding-top:0px;padding-right:0px;padding-bottom:0px;padding-left:0px\">\n<div class=\"wp-block-column is-layout-flow wp-block-column-is-layout-flow\" style=\"flex-basis:60%\">\n<div class=\"wp-block-cover alignfull\" style=\"min-height:685px;aspect-ratio:unset;\"><img decoding=\"async\" width=\"640\" height=\"426\" class=\"wp-block-cover__image-background wp-image-94199\" alt=\"cours \u00e0 Naples\" src=\"https:\/\/www.studiainitalia.com\/wp-content\/uploads\/2022\/09\/learn-italian-in-naples_jpg.jpg\" data-object-fit=\"cover\" title=\"\" srcset=\"https:\/\/www.studiainitalia.com\/wp-content\/uploads\/2022\/09\/learn-italian-in-naples_jpg.jpg 640w, https:\/\/www.studiainitalia.com\/wp-content\/uploads\/2022\/09\/learn-italian-in-naples_jpg-400x266.jpg 400w\" sizes=\"(max-width: 640px) 100vw, 640px\" \/><span aria-hidden=\"true\" class=\"wp-block-cover__background has-background-dim\"><\/span><div class=\"wp-block-cover__inner-container is-layout-flow wp-block-cover-is-layout-flow\">\n<h1 class=\"wp-block-heading has-text-align-center\" style=\"font-size:32px\">Cours \u00e0 Naples<\/h1>\n<\/div><\/div>\n<\/div>\n\n\n\n<div class=\"wp-block-column is-layout-flow wp-block-column-is-layout-flow\" style=\"padding-top:6%;padding-right:6%;padding-bottom:6%;padding-left:6%;flex-basis:40%\"><div  class=\"wp-block-ultimate-post-heading ultp-block-67e731\"><div class=\"ultp-block-wrapper\"><div class=\"ultp-heading-wrap ultp-heading-style9 ultp-heading-left\"><h2 class=\"ultp-heading-inner\"><span>NAPLES<\/span><\/h2><\/div><\/div><\/div>\n\n<style>.wp-block-kadence-spacer.kt-block-spacer-_03022e-64 .kt-block-spacer{height:10px;}.wp-block-kadence-spacer.kt-block-spacer-_03022e-64 .kt-divider{border-top-width:1px;height:1px;border-top-color:var(--ast-global-color-1);width:100%;border-top-style:solid;}<\/style>\n<div class=\"wp-block-kadence-spacer aligncenter kt-block-spacer-_03022e-64\"><div class=\"kt-block-spacer kt-block-spacer-halign-center\"><hr class=\"kt-divider\"\/><\/div><\/div>\n\n\n\n<p>La ville de Naples est devenue, ces derni\u00e8res ann\u00e9es, une destination privil\u00e9gi\u00e9e des touristes du monde entier. Naples est en effet synonyme de bonne nourriture, de convivialit\u00e9 et de divertissement in\u00e9galable.<\/p>\n\n\n\n<p>La pizza napolitaine a toujours \u00e9t\u00e9 consid\u00e9r\u00e9e comme la meilleure pizza en Italie. Les effluves des nombreuses pizzerias de la ville remplissent les rues du centre historique.<\/p>\n\n\n\n<p>Naples est une belle ville qu\u2019il faut d\u00e9couvrir \u00e0 pied. Elle est beaucoup plus petite que Rome ou Milan et, par cons\u00e9quent, beaucoup plus facile \u00e0 visiter. Naples est divis\u00e9e en quartiers, chacun avec son propre style et son propre attrait, et offre quelque chose qui convient \u00e0 tous les go\u00fbts. Il y a en fait tellement de choses \u00e0 voir que Naples est consid\u00e9r\u00e9e comme un mus\u00e9e en plein air.<\/p>\n\n\n\n<p>De par sa position g\u00e9ographique, Naples est une ville pour toutes les saisons. Naples est en outre une base id\u00e9ale d\u2019o\u00f9 vous pourrez facilement explorer la c\u00f4te amalfitaine et ses magnifiques villes et plages.<\/p>\n<\/div>\n<\/div>\n\n\n<div  class=\"wp-block-ultimate-post-heading ultp-block-280195\"><div class=\"ultp-block-wrapper\"><div class=\"ultp-heading-wrap ultp-heading-style9 ultp-heading-center\"><h2 class=\"ultp-heading-inner\"><span>Choisissez votre cours \u00e0 Naples<\/span><\/h2><\/div><\/div><\/div>\n\n<div class=\"wopb-shortcode\" data-postid=\"95373\"><div  class=\"wp-block-product-blocks-product-grid-1 wopb-block-06d3d9 \"><div class=\"wopb-block-wrapper\"><div class=\"wopb-wrapper-main-content\"><div class=\"wopb-block-items-wrap wopb-block-row wopb-block-column-6\"><div class=\"wopb-block-item \"><div class=\"wopb-block-content-wrap\"><div class=\"wopb-block-image wopb-block-image-none\"><div class=\"wopb-product-new-meta\"><\/div><a href=\"https:\/\/www.studiainitalia.com\/fr\/cours\/cours-italien-en-italie\/italien-a-naples\/\"><img decoding=\"async\" src=\"https:\/\/www.studiainitalia.com\/wp-content\/uploads\/2016\/11\/learn-italian-in-naples-e1490029532776-300x300.jpg\" alt=\"Cours de langue italienne \u00e0 Naples\" title=\"\"><\/a><\/div><h3 class=\"wopb-block-title\"><a title=\"Cours de langue italienne \u00e0 Naples\"  href=\"https:\/\/www.studiainitalia.com\/fr\/cours\/cours-italien-en-italie\/italien-a-naples\/\">Cours de langue italienne \u00e0 Naples<\/a><\/h3><div class=\"wopb-product-price\"><span class=\"woocommerce-Price-amount amount\" aria-hidden=\"true\"><bdi>325<span class=\"woocommerce-Price-currencySymbol\">&euro;<\/span><\/bdi><\/span> <span aria-hidden=\"true\">\u00a0\u2013\u00a0<\/span> <span class=\"woocommerce-Price-amount amount\" aria-hidden=\"true\"><bdi>795<span class=\"woocommerce-Price-currencySymbol\">&euro;<\/span><\/bdi><\/span><span class=\"screen-reader-text\">Plage de prix\u00a0: 325&euro; \u00e0 795&euro;<\/span><\/div><div class=\"wopb-star-rating\"><span style=\"width: 96.8%\"><strong itemprop=\"ratingValue\" class=\"wopb-rating\">4.84<\/strong>out of 5<\/span><\/div><\/div><\/div><\/div><\/div><\/div><\/div><\/div>\n\n\n\n<div class=\"wp-block-columns alignfull has-ast-global-color-2-background-color has-background is-layout-flex wp-container-core-columns-is-layout-c7ed57bb wp-block-columns-is-layout-flex\" style=\"padding-top:5%;padding-right:10%;padding-bottom:5%;padding-left:10%\">\n<div class=\"wp-block-column is-layout-constrained wp-container-core-column-is-layout-80c0687d wp-block-column-is-layout-constrained\">\n<figure class=\"wp-block-image aligncenter size-full\"><img decoding=\"async\" width=\"52\" height=\"52\" src=\"https:\/\/www.studiainitalia.com\/wp-content\/uploads\/2016\/11\/napolinnnnnn.png\" alt=\"\" class=\"wp-image-85679\" title=\"\"><\/figure>\n\n\n<div  class=\"wp-block-ultimate-post-heading ultp-block-666c89\"><div class=\"ultp-block-wrapper\"><div class=\"ultp-heading-wrap ultp-heading-style1 ultp-heading-center\"><h2 class=\"ultp-heading-inner\"><span>Pourquoi Naples ?<\/span><\/h2><\/div><\/div><\/div>\n\n\n<p>Naples est une ville formidable \u00e0 d\u00e9couvrir \u00e0 pied, \u00e9tant plus petite que Rome ou Milan, elle est plus g\u00e9rable.<\/p>\n\n\n\n<p>Divis\u00e9e en quartiers chacun avec son propre style et son propre attrait, Naples offre des choses \u00e0 voir et \u00e0 faire pour tous les go\u00fbts, elle est consid\u00e9r\u00e9e comme un mus\u00e9e \u00e0 ciel ouvert.<\/p>\n\n\n\n<p>C\u2019est une base id\u00e9ale d\u2019o\u00f9 vous pourrez facilement explorer les villes et plages de la c\u00f4te amalfitaine ainsi que les sites arch\u00e9ologiques de Pomp\u00e9i et d\u2019Herculanum.<\/p>\n<\/div>\n\n\n\n<div class=\"wp-block-column is-layout-constrained wp-container-core-column-is-layout-80c0687d wp-block-column-is-layout-constrained\">\n<figure class=\"wp-block-image aligncenter size-full\"><img decoding=\"async\" width=\"50\" height=\"50\" src=\"https:\/\/www.studiainitalia.com\/wp-content\/uploads\/2022\/09\/caelndar2-3_png_webp.png\" alt=\"\" class=\"wp-image-94147\" title=\"\"><\/figure>\n\n\n<div  class=\"wp-block-ultimate-post-heading ultp-block-a81ed7\"><div class=\"ultp-block-wrapper\"><div class=\"ultp-heading-wrap ultp-heading-style1 ultp-heading-center\"><h2 class=\"ultp-heading-inner\"><span>Quand s\u2019y rendre ?<\/span><\/h2><\/div><\/div><\/div>\n\n\n<p>Les temp\u00e9ratures \u00e0 Naples sont agr\u00e9ables tout au long de l\u2019ann\u00e9e, en particulier au printemps et en automne. P\u00e2ques, No\u00ebl et l\u2019\u00c9piphanie sont des dates extr\u00eamement importantes pour la ville ou vous pourrez assister aux nombreuses c\u00e9l\u00e9brations traditionnelles.<\/p>\n<\/div>\n\n\n\n<div class=\"wp-block-column is-layout-constrained wp-container-core-column-is-layout-80c0687d wp-block-column-is-layout-constrained\">\n<figure class=\"wp-block-image aligncenter size-full\"><img decoding=\"async\" width=\"52\" height=\"52\" src=\"https:\/\/www.studiainitalia.com\/wp-content\/uploads\/2022\/09\/vespa-1_png_webp.png\" alt=\"\" class=\"wp-image-94148\" title=\"\"><\/figure>\n\n\n<div  class=\"wp-block-ultimate-post-heading ultp-block-066397\"><div class=\"ultp-block-wrapper\"><div class=\"ultp-heading-wrap ultp-heading-style1 ultp-heading-center\"><h2 class=\"ultp-heading-inner\"><span>There &amp; Around<\/span><\/h2><\/div><\/div><\/div>\n\n\n<p>Naples est facilement joignable par avion arrivant \u00e0 l\u2019a\u00e9roport international de Naples,&nbsp;<a href=\"https:\/\/www.aeroportodinapoli.it\/homepage\" target=\"_blank\" rel=\"noreferrer noopener\">Capodichino<\/a>. Si vous le d\u00e9sirez, nous pouvons organiser pour vous le transfert depuis l\u2019a\u00e9roport. Vous pouvez \u00e9galement prendre l\u2019avion pour Rome et prendre un train pour Naples (environ 2 heures).<\/p>\n\n\n\n<p>Pour plus d\u2019informations sur les choses \u00e0 voir et \u00e0 faire pendant votre cours d\u2019italien \u00e0 Naples, nous vous recommandons de consulter le guide&nbsp;<a href=\"https:\/\/www.lonelyplanet.com\/italy\/campania\/naples\" target=\"_blank\" rel=\"noreferrer noopener\">Lonely Planet de Naples.<\/a><\/p>\n<\/div>\n<\/div>\n\n\n\n<div class=\"wp-block-columns alignfull are-vertically-aligned-center is-layout-flex wp-container-core-columns-is-layout-28f84493 wp-block-columns-is-layout-flex\">\n<div class=\"wp-block-column is-vertically-aligned-center is-layout-flow wp-block-column-is-layout-flow\" style=\"flex-basis:40%\">\n<figure class=\"wp-block-embed is-type-video is-provider-youtube wp-block-embed-youtube wp-embed-aspect-16-9 wp-has-aspect-ratio\"><div class=\"wp-block-embed__wrapper\">\n<iframe title=\"Napoli, non un luogo comune: il nuovo video del Comune di Napoli\" width=\"500\" height=\"281\" src=\"https:\/\/www.youtube.com\/embed\/ZgmtRHtxUAM?feature=oembed\" frameborder=\"0\" allow=\"accelerometer; autoplay; clipboard-write; encrypted-media; gyroscope; picture-in-picture; web-share\" referrerpolicy=\"strict-origin-when-cross-origin\" allowfullscreen><\/iframe>\n<\/div><\/figure>\n<\/div>\n\n\n\n<div class=\"wp-block-column is-vertically-aligned-center is-layout-flow wp-block-column-is-layout-flow\" style=\"flex-basis:60%\"><style>.kb-google-maps-container191825_75025c-38{height:450px;}.kb-google-maps-container191825_75025c-38{filter:grayscale(100%);}<\/style><div class=\"kb-google-maps-container kb-google-maps-container191825_75025c-38  wp-block-kadence-googlemaps\" data-mapid=\"191825_75025c38\"><iframe width=\"100%\" height=\"100%\"\n\t\t\t\t\t\t\tstyle=\"border:0\" loading=\"lazy\"\n\t\t\t\t\t\t\tsrc=\"https:\/\/www.google.com\/maps\/embed\/v1\/place?key=AIzaSyBAM2o7PiQqwk15LC1XRH2e_KJ-jUa7KYk&#038;zoom=11&#038;maptype=roadmap&#038;q=Napoli%2C+Italia\"\n\t\t\t\t\t\t\ttitle=\"Carte Google de Napoli, Italia\"><\/iframe><\/div><script>function kb_google_map191825_75025c38() { let center = { lat: 37.8201, lng: -122.4781}; let map = new google.maps.Map(document.getElementById(\"kb-google-map191825_75025c38\"), {\n\t\t\t\t\t    zoom: 11,\n\t\t\t\t\t    center: center,});let marker = new google.maps.Marker({   position: { lat: 37.8201, lng: -122.4781},    map: map,  });}<\/script><\/div>\n<\/div>\n","protected":false},"excerpt":{"rendered":"<p>La ville de Naples est devenue, ces derni\u00e8res ann\u00e9es, une destination privil\u00e9gi\u00e9e des touristes du monde entier. Naples est en effet synonyme de bonne nourriture, de convivialit\u00e9 et de divertissement in\u00e9galable. La pizza napolitaine a toujours \u00e9t\u00e9 consid\u00e9r\u00e9e comme la meilleure pizza en Italie. Les effluves des nombreuses pizzerias de la ville remplissent les rues [&hellip;]<\/p>\n","protected":false},"author":132,"featured_media":0,"parent":189521,"menu_order":61,"comment_status":"closed","ping_status":"closed","template":"","meta":{"_acf_changed":false,"_uag_custom_page_level_css":"","_kad_blocks_custom_css":"","_kad_blocks_head_custom_js":"","_kad_blocks_body_custom_js":"","_kad_blocks_footer_custom_js":"","site-sidebar-layout":"default","site-content-layout":"","ast-site-content-layout":"default","site-content-style":"default","site-sidebar-style":"default","ast-global-header-display":"","ast-banner-title-visibility":"","ast-main-header-display":"","ast-hfb-above-header-display":"","ast-hfb-below-header-display":"","ast-hfb-mobile-header-display":"","site-post-title":"disabled","ast-breadcrumbs-content":"","ast-featured-img":"","footer-sml-layout":"","ast-disable-related-posts":"","theme-transparent-header-meta":"","adv-header-id-meta":"","stick-header-meta":"","header-above-stick-meta":"","header-main-stick-meta":"","header-below-stick-meta":"","astra-migrate-meta-layouts":"set","ast-page-background-enabled":"default","ast-page-background-meta":{"desktop":{"background-color":"var(--ast-global-color-4)","background-image":"","background-repeat":"repeat","background-position":"center center","background-size":"auto","background-attachment":"scroll","background-type":"","background-media":"","overlay-type":"","overlay-color":"","overlay-opacity":"","overlay-gradient":""},"tablet":{"background-color":"","background-image":"","background-repeat":"repeat","background-position":"center center","background-size":"auto","background-attachment":"scroll","background-type":"","background-media":"","overlay-type":"","overlay-color":"","overlay-opacity":"","overlay-gradient":""},"mobile":{"background-color":"","background-image":"","background-repeat":"repeat","background-position":"center center","background-size":"auto","background-attachment":"scroll","background-type":"","background-media":"","overlay-type":"","overlay-color":"","overlay-opacity":"","overlay-gradient":""}},"ast-content-background-meta":{"desktop":{"background-color":"var(--ast-global-color-5)","background-image":"","background-repeat":"repeat","background-position":"center center","background-size":"auto","background-attachment":"scroll","background-type":"","background-media":"","overlay-type":"","overlay-color":"","overlay-opacity":"","overlay-gradient":""},"tablet":{"background-color":"var(--ast-global-color-5)","background-image":"","background-repeat":"repeat","background-position":"center center","background-size":"auto","background-attachment":"scroll","background-type":"","background-media":"","overlay-type":"","overlay-color":"","overlay-opacity":"","overlay-gradient":""},"mobile":{"background-color":"var(--ast-global-color-5)","background-image":"","background-repeat":"repeat","background-position":"center center","background-size":"auto","background-attachment":"scroll","background-type":"","background-media":"","overlay-type":"","overlay-color":"","overlay-opacity":"","overlay-gradient":""}},"footnotes":""},"class_list":["post-191825","page","type-page","status-publish","hentry"],"acf":[],"taxonomy_info":[],"featured_image_src_large":false,"author_info":{"display_name":"Jordi Torres","author_link":"https:\/\/www.studiainitalia.com\/fr\/author\/creativa\/"},"comment_info":0,"uagb_featured_image_src":{"full":false,"thumbnail":false,"medium":false,"medium_large":false,"large":false,"1536x1536":false,"2048x2048":false,"ultp_layout_landscape_large":false,"ultp_layout_landscape":false,"ultp_layout_portrait":false,"ultp_layout_square":false,"gform-image-choice-sm":false,"gform-image-choice-md":false,"gform-image-choice-lg":false,"woocommerce_thumbnail":false,"woocommerce_single":false,"woocommerce_gallery_thumbnail":false,"yarpp-thumbnail":false},"uagb_author_info":{"display_name":"Jordi Torres","author_link":"https:\/\/www.studiainitalia.com\/fr\/author\/creativa\/"},"uagb_comment_info":0,"uagb_excerpt":"La ville de Naples est devenue, ces derni\u00e8res ann\u00e9es, une destination privil\u00e9gi\u00e9e des touristes du monde entier. Naples est en effet synonyme de bonne nourriture, de convivialit\u00e9 et de divertissement in\u00e9galable. La pizza napolitaine a toujours \u00e9t\u00e9 consid\u00e9r\u00e9e comme la meilleure pizza en Italie. Les effluves des nombreuses pizzerias de la ville remplissent les rues\u2026","_links":{"self":[{"href":"https:\/\/www.studiainitalia.com\/fr\/wp-json\/wp\/v2\/pages\/191825","targetHints":{"allow":["GET"]}}],"collection":[{"href":"https:\/\/www.studiainitalia.com\/fr\/wp-json\/wp\/v2\/pages"}],"about":[{"href":"https:\/\/www.studiainitalia.com\/fr\/wp-json\/wp\/v2\/types\/page"}],"author":[{"embeddable":true,"href":"https:\/\/www.studiainitalia.com\/fr\/wp-json\/wp\/v2\/users\/132"}],"replies":[{"embeddable":true,"href":"https:\/\/www.studiainitalia.com\/fr\/wp-json\/wp\/v2\/comments?post=191825"}],"version-history":[{"count":0,"href":"https:\/\/www.studiainitalia.com\/fr\/wp-json\/wp\/v2\/pages\/191825\/revisions"}],"up":[{"embeddable":true,"href":"https:\/\/www.studiainitalia.com\/fr\/wp-json\/wp\/v2\/pages\/189521"}],"wp:attachment":[{"href":"https:\/\/www.studiainitalia.com\/fr\/wp-json\/wp\/v2\/media?parent=191825"}],"curies":[{"name":"wp","href":"https:\/\/api.w.org\/{rel}","templated":true}]}}