{"id":191838,"date":"2022-09-27T09:40:45","date_gmt":"2022-09-27T07:40:45","guid":{"rendered":"https:\/\/www.studiainitalia.com\/?page_id=191838"},"modified":"2024-01-15T21:00:31","modified_gmt":"2024-01-15T20:00:31","slug":"rome","status":"publish","type":"page","link":"https:\/\/www.studiainitalia.com\/fr\/destinations\/rome\/","title":{"rendered":"Rome"},"content":{"rendered":"\n<div class=\"wp-block-columns alignfull has-ast-global-color-2-background-color has-background is-layout-flex wp-container-core-columns-is-layout-c6bc58be wp-block-columns-is-layout-flex\" style=\"padding-top:0px;padding-right:0px;padding-bottom:0px;padding-left:0px\">\n<div class=\"wp-block-column is-layout-flow wp-block-column-is-layout-flow\" style=\"flex-basis:60%\">\n<div class=\"wp-block-cover alignfull\" style=\"min-height:685px;aspect-ratio:unset;\"><span aria-hidden=\"true\" class=\"wp-block-cover__background has-background-dim\"><\/span><img decoding=\"async\" width=\"640\" height=\"458\" class=\"wp-block-cover__image-background wp-image-94205\" alt=\"Cours \u00e0 Rome\" src=\"https:\/\/www.studiainitalia.com\/wp-content\/uploads\/2022\/09\/courses-in-rome_jpg.jpg\" data-object-fit=\"cover\" title=\"\" srcset=\"https:\/\/www.studiainitalia.com\/wp-content\/uploads\/2022\/09\/courses-in-rome_jpg.jpg 640w, https:\/\/www.studiainitalia.com\/wp-content\/uploads\/2022\/09\/courses-in-rome_jpg-400x286.jpg 400w\" sizes=\"(max-width: 640px) 100vw, 640px\" \/><div class=\"wp-block-cover__inner-container is-layout-flow wp-block-cover-is-layout-flow\">\n<h1 class=\"wp-block-heading has-text-align-center\" style=\"font-size:32px\">Apprendre l\u2019italien avec nos cours \u00e0 Rome<\/h1>\n<\/div><\/div>\n<\/div>\n\n\n\n<div class=\"wp-block-column is-layout-flow wp-block-column-is-layout-flow\" style=\"padding-top:6%;padding-right:6%;padding-bottom:6%;padding-left:6%;flex-basis:40%\"><div  class=\"wp-block-ultimate-post-heading ultp-block-d44625\"><div class=\"ultp-block-wrapper\"><div class=\"ultp-heading-wrap ultp-heading-style9 ultp-heading-left\"><h2 class=\"ultp-heading-inner\"><span>ETUDIER L\u00b4ITALIEN \u00c0 ROME<\/span><\/h2><\/div><\/div><\/div>\n\n<style>.wp-block-kadence-spacer.kt-block-spacer-_03022e-64 .kt-block-spacer{height:10px;}.wp-block-kadence-spacer.kt-block-spacer-_03022e-64 .kt-divider{border-top-width:1px;height:1px;border-top-color:var(--ast-global-color-1);width:100%;border-top-style:solid;}<\/style>\n<div class=\"wp-block-kadence-spacer aligncenter kt-block-spacer-_03022e-64\"><div class=\"kt-block-spacer kt-block-spacer-halign-center\"><hr class=\"kt-divider\"\/><\/div><\/div>\n\n\n\n<p>Gr\u00e2ce \u00e0 son climat particuli\u00e8rement doux, il est possible de visiter et de profiter de Rome \u00e0 tout moment de l\u2019ann\u00e9e.&nbsp;Rome est aujourd\u2019hui une m\u00e9tropole moderne et vivante, qui offre de nombreuses curiosit\u00e9s et divertissements pour le plus grand plaisir de ses visiteurs. La vari\u00e9t\u00e9 et la magnificence de ses monuments sont connues dans le monde entier.<\/p>\n\n\n\n<p>La ville offre une infinit\u00e9 de possibilit\u00e9s pour profiter de sa beaut\u00e9, de son histoire et de son mode de vie, tandis que la douceur de son climat la rend accueillante toute l\u2019ann\u00e9e. La capitale de l\u2019Italie est une ville qui propose toutes sortes d\u2019activit\u00e9s, des visites ou des excursions sur les plages, \u00e0 quelques kilom\u00e8tres de la ville, et de nombreuses autres possibilit\u00e9s de divertissement, d\u2019amusement, de culture et d\u2019art.<\/p>\n<\/div>\n<\/div>\n\n\n<div  class=\"wp-block-ultimate-post-heading ultp-block-4d8959\"><div class=\"ultp-block-wrapper\"><div class=\"ultp-heading-wrap ultp-heading-style9 ultp-heading-center\"><h2 class=\"ultp-heading-inner\"><span>Choisissez votre cours \u00e0 Rome<\/span><\/h2><\/div><\/div><\/div>\n\n<div class=\"wopb-shortcode\" data-postid=\"95374\"><div  class=\"wp-block-product-blocks-product-grid-1 wopb-block-7452ae \"><div class=\"wopb-block-wrapper\"><div class=\"wopb-wrapper-main-content\"><div class=\"wopb-block-items-wrap wopb-block-row wopb-block-column-6\"><div class=\"wopb-block-item \"><div class=\"wopb-block-content-wrap\"><div class=\"wopb-block-image wopb-block-image-none\"><div class=\"wopb-product-new-meta\"><\/div><a href=\"https:\/\/www.studiainitalia.com\/fr\/cours\/cours-italien-a-rome\/histoire-de-lart-italien-a-rome\/\"><img decoding=\"async\" src=\"https:\/\/www.studiainitalia.com\/wp-content\/uploads\/2020\/10\/foto-curso-roma-300x300.jpg\" alt=\"Cours d\u2019histoire de l\u2019art italien \u00e0 Rome\" title=\"\"><\/a><\/div><h3 class=\"wopb-block-title\"><a title=\"Cours d\u2019histoire de l\u2019art italien \u00e0 Rome\"  href=\"https:\/\/www.studiainitalia.com\/fr\/cours\/cours-italien-a-rome\/histoire-de-lart-italien-a-rome\/\">Cours d\u2019histoire de l\u2019art italien \u00e0 Rome<\/a><\/h3><div class=\"wopb-product-price\"><span class=\"woocommerce-Price-amount amount\"><bdi>900<span class=\"woocommerce-Price-currencySymbol\">&euro;<\/span><\/bdi><\/span><\/div><div class=\"wopb-star-rating\"><span style=\"width: 100%\"><strong itemprop=\"ratingValue\" class=\"wopb-rating\">5.00<\/strong>out of 5<\/span><\/div><\/div><\/div><div class=\"wopb-block-item \"><div class=\"wopb-block-content-wrap\"><div class=\"wopb-block-image wopb-block-image-none\"><div class=\"wopb-product-new-meta\"><\/div><a href=\"https:\/\/www.studiainitalia.com\/fr\/cours\/cours-italien-en-italie\/italien-a-rome\/\"><img decoding=\"async\" src=\"https:\/\/www.studiainitalia.com\/wp-content\/uploads\/2016\/11\/learn-italian-in-rome-e1490027930226-300x300.jpg\" alt=\"Cours d\u2019italien \u00e0 Rome\" title=\"\"><\/a><\/div><h3 class=\"wopb-block-title\"><a title=\"Cours d\u2019italien \u00e0 Rome\"  href=\"https:\/\/www.studiainitalia.com\/fr\/cours\/cours-italien-en-italie\/italien-a-rome\/\">Cours d\u2019italien \u00e0 Rome<\/a><\/h3><div class=\"wopb-product-price\"><span class=\"woocommerce-Price-amount amount\" aria-hidden=\"true\"><bdi>320<span class=\"woocommerce-Price-currencySymbol\">&euro;<\/span><\/bdi><\/span> <span aria-hidden=\"true\">\u00a0\u2013\u00a0<\/span> <span class=\"woocommerce-Price-amount amount\" aria-hidden=\"true\"><bdi>820<span class=\"woocommerce-Price-currencySymbol\">&euro;<\/span><\/bdi><\/span><span class=\"screen-reader-text\">Plage de prix\u00a0: 320&euro; \u00e0 820&euro;<\/span><\/div><div class=\"wopb-star-rating\"><span style=\"width: 96.6%\"><strong itemprop=\"ratingValue\" class=\"wopb-rating\">4.83<\/strong>out of 5<\/span><\/div><\/div><\/div><\/div><\/div><\/div><\/div><\/div>\n\n\n\n<div class=\"wp-block-columns alignfull has-ast-global-color-2-background-color has-background is-layout-flex wp-container-core-columns-is-layout-c7ed57bb wp-block-columns-is-layout-flex\" style=\"padding-top:5%;padding-right:10%;padding-bottom:5%;padding-left:10%\">\n<div class=\"wp-block-column is-layout-constrained wp-container-core-column-is-layout-80c0687d wp-block-column-is-layout-constrained\">\n<figure class=\"wp-block-image aligncenter size-full\"><img decoding=\"async\" width=\"52\" height=\"52\" src=\"https:\/\/www.studiainitalia.com\/wp-content\/uploads\/2016\/11\/rommmmme-2.png\" alt=\"\" class=\"wp-image-56030\" title=\"\"><\/figure>\n\n\n<div  class=\"wp-block-ultimate-post-heading ultp-block-4d0f34\"><div class=\"ultp-block-wrapper\"><div class=\"ultp-heading-wrap ultp-heading-style1 ultp-heading-center\"><h2 class=\"ultp-heading-inner\"><span>Pourquoi Rome ?<\/span><\/h2><\/div><\/div><\/div>\n\n\n<p>\u00c0 Rome vous pourrez admirer d\u2019innombrables chefs-d\u2019\u0153uvre de l\u2019architecture, de la sculpture et de la peinture d\u2019artistes c\u00e9l\u00e8bres comme Michel-Ange, Raffaello, Bernini, Caravaggio etc. Il existe de nombreuses zones commer\u00e7antes, chacune avec sa propre sp\u00e9cialit\u00e9 et sa propre saveur.&nbsp;<\/p>\n\n\n\n<p>La capitale de l\u2019Italie est une ville qui propose toutes sortes d\u2019activit\u00e9s, de visites ou d\u2019excursions et de nombreuses possibilit\u00e9s d\u2019amusement et de distraction culturelle et artistique, vous ne serez pas d\u00e9\u00e7u.<\/p>\n<\/div>\n\n\n\n<div class=\"wp-block-column is-layout-constrained wp-container-core-column-is-layout-80c0687d wp-block-column-is-layout-constrained\">\n<figure class=\"wp-block-image aligncenter size-full\"><img decoding=\"async\" width=\"50\" height=\"50\" src=\"https:\/\/www.studiainitalia.com\/wp-content\/uploads\/2022\/09\/caelndar2-3_png_webp.png\" alt=\"\" class=\"wp-image-94147\" title=\"\"><\/figure>\n\n\n<div  class=\"wp-block-ultimate-post-heading ultp-block-75afb9\"><div class=\"ultp-block-wrapper\"><div class=\"ultp-heading-wrap ultp-heading-style1 ultp-heading-center\"><h2 class=\"ultp-heading-inner\"><span>Quand s\u2019y rendre ?<\/span><\/h2><\/div><\/div><\/div>\n\n\n<p>Le climat de Rome est particuli\u00e8rement doux il permet de visiter et de profiter la ville \u00e0 tout moment de l\u2019ann\u00e9e.<\/p>\n\n\n\n<p>Du printemps \u00e0 l\u2019automne faire du tourisme est id\u00e9al, vous pourrez d\u00eener dans un caf\u00e9 ou restaurant en plein air et savourer des glaces.<\/p>\n<\/div>\n\n\n\n<div class=\"wp-block-column is-layout-constrained wp-container-core-column-is-layout-80c0687d wp-block-column-is-layout-constrained\">\n<figure class=\"wp-block-image aligncenter size-full\"><img decoding=\"async\" width=\"52\" height=\"52\" src=\"https:\/\/www.studiainitalia.com\/wp-content\/uploads\/2022\/09\/vespa-1_png_webp.png\" alt=\"\" class=\"wp-image-94148\" title=\"\"><\/figure>\n\n\n<div  class=\"wp-block-ultimate-post-heading ultp-block-c2ef12\"><div class=\"ultp-block-wrapper\"><div class=\"ultp-heading-wrap ultp-heading-style1 ultp-heading-center\"><h2 class=\"ultp-heading-inner\"><span>There &amp; Around<\/span><\/h2><\/div><\/div><\/div>\n\n\n<p>Tous les chemins m\u00e8nent \u00e0 Rome ! Avec ses deux a\u00e9roports internationaux,&nbsp;<a href=\"https:\/\/www.adr.it\/fiumicino\" target=\"_blank\" rel=\"noreferrer noopener\">Rome Fiumicino<\/a>&nbsp;et&nbsp;<a href=\"https:\/\/www.adr.it\/web\/aeroporti-di-roma-en-\/pax-cia-ciampino\" target=\"_blank\" rel=\"noreferrer noopener\">Rome Ciampino<\/a>&nbsp;, Rome est desservie par des vols directs en provenance du monde entier et par des centaines connections europ\u00e9ennes.<\/p>\n\n\n\n<p>&nbsp;Pour plus d\u2019informations sur les choses \u00e0 voir et \u00e0 faire pendant votre cours d\u2019italien \u00e0 Rome, nous vous recommandons de consulter le guide&nbsp;<a href=\"https:\/\/www.lonelyplanet.com\/italy\/rome\" target=\"_blank\" rel=\"noreferrer noopener\">Lonely Planet de Rome<\/a>.<\/p>\n<\/div>\n<\/div>\n\n\n\n<div class=\"wp-block-columns alignfull are-vertically-aligned-center is-layout-flex wp-container-core-columns-is-layout-28f84493 wp-block-columns-is-layout-flex\">\n<div class=\"wp-block-column is-vertically-aligned-center is-layout-flow wp-block-column-is-layout-flow\" style=\"flex-basis:100%\"><style>.kb-google-maps-container191838_8304d8-de{height:450px;}.kb-google-maps-container191838_8304d8-de{filter:grayscale(100%);}<\/style><div class=\"kb-google-maps-container kb-google-maps-container191838_8304d8-de  wp-block-kadence-googlemaps\" data-mapid=\"191838_8304d8de\"><iframe width=\"100%\" height=\"100%\"\n\t\t\t\t\t\t\tstyle=\"border:0\" loading=\"lazy\"\n\t\t\t\t\t\t\tsrc=\"https:\/\/www.google.com\/maps\/embed\/v1\/place?key=AIzaSyBAM2o7PiQqwk15LC1XRH2e_KJ-jUa7KYk&#038;zoom=11&#038;maptype=roadmap&#038;q=Rome\"\n\t\t\t\t\t\t\ttitle=\"Carte Google de Rome\"><\/iframe><\/div><script>function kb_google_map191838_8304d8de() { let center = { lat: 37.8201, lng: -122.4781}; let map = new google.maps.Map(document.getElementById(\"kb-google-map191838_8304d8de\"), {\n\t\t\t\t\t    zoom: 11,\n\t\t\t\t\t    center: center,});let marker = new google.maps.Marker({   position: { lat: 37.8201, lng: -122.4781},    map: map,  });}<\/script><\/div>\n<\/div>\n","protected":false},"excerpt":{"rendered":"<p>Gr\u00e2ce \u00e0 son climat particuli\u00e8rement doux, il est possible de visiter et de profiter de Rome \u00e0 tout moment de l\u2019ann\u00e9e.&nbsp;Rome est aujourd\u2019hui une m\u00e9tropole moderne et vivante, qui offre de nombreuses curiosit\u00e9s et divertissements pour le plus grand plaisir de ses visiteurs. La vari\u00e9t\u00e9 et la magnificence de ses monuments sont connues dans le [&hellip;]<\/p>\n","protected":false},"author":132,"featured_media":0,"parent":189521,"menu_order":61,"comment_status":"closed","ping_status":"closed","template":"","meta":{"_acf_changed":false,"_uag_custom_page_level_css":"","_kad_blocks_custom_css":"","_kad_blocks_head_custom_js":"","_kad_blocks_body_custom_js":"","_kad_blocks_footer_custom_js":"","site-sidebar-layout":"default","site-content-layout":"","ast-site-content-layout":"default","site-content-style":"default","site-sidebar-style":"default","ast-global-header-display":"","ast-banner-title-visibility":"","ast-main-header-display":"","ast-hfb-above-header-display":"","ast-hfb-below-header-display":"","ast-hfb-mobile-header-display":"","site-post-title":"disabled","ast-breadcrumbs-content":"","ast-featured-img":"","footer-sml-layout":"","ast-disable-related-posts":"","theme-transparent-header-meta":"","adv-header-id-meta":"","stick-header-meta":"","header-above-stick-meta":"","header-main-stick-meta":"","header-below-stick-meta":"","astra-migrate-meta-layouts":"set","ast-page-background-enabled":"default","ast-page-background-meta":{"desktop":{"background-color":"var(--ast-global-color-4)","background-image":"","background-repeat":"repeat","background-position":"center center","background-size":"auto","background-attachment":"scroll","background-type":"","background-media":"","overlay-type":"","overlay-color":"","overlay-opacity":"","overlay-gradient":""},"tablet":{"background-color":"","background-image":"","background-repeat":"repeat","background-position":"center center","background-size":"auto","background-attachment":"scroll","background-type":"","background-media":"","overlay-type":"","overlay-color":"","overlay-opacity":"","overlay-gradient":""},"mobile":{"background-color":"","background-image":"","background-repeat":"repeat","background-position":"center center","background-size":"auto","background-attachment":"scroll","background-type":"","background-media":"","overlay-type":"","overlay-color":"","overlay-opacity":"","overlay-gradient":""}},"ast-content-background-meta":{"desktop":{"background-color":"var(--ast-global-color-5)","background-image":"","background-repeat":"repeat","background-position":"center center","background-size":"auto","background-attachment":"scroll","background-type":"","background-media":"","overlay-type":"","overlay-color":"","overlay-opacity":"","overlay-gradient":""},"tablet":{"background-color":"var(--ast-global-color-5)","background-image":"","background-repeat":"repeat","background-position":"center center","background-size":"auto","background-attachment":"scroll","background-type":"","background-media":"","overlay-type":"","overlay-color":"","overlay-opacity":"","overlay-gradient":""},"mobile":{"background-color":"var(--ast-global-color-5)","background-image":"","background-repeat":"repeat","background-position":"center center","background-size":"auto","background-attachment":"scroll","background-type":"","background-media":"","overlay-type":"","overlay-color":"","overlay-opacity":"","overlay-gradient":""}},"footnotes":""},"class_list":["post-191838","page","type-page","status-publish","hentry"],"acf":[],"taxonomy_info":[],"featured_image_src_large":false,"author_info":{"display_name":"Jordi Torres","author_link":"https:\/\/www.studiainitalia.com\/fr\/author\/creativa\/"},"comment_info":0,"uagb_featured_image_src":{"full":false,"thumbnail":false,"medium":false,"medium_large":false,"large":false,"1536x1536":false,"2048x2048":false,"ultp_layout_landscape_large":false,"ultp_layout_landscape":false,"ultp_layout_portrait":false,"ultp_layout_square":false,"gform-image-choice-sm":false,"gform-image-choice-md":false,"gform-image-choice-lg":false,"woocommerce_thumbnail":false,"woocommerce_single":false,"woocommerce_gallery_thumbnail":false,"yarpp-thumbnail":false},"uagb_author_info":{"display_name":"Jordi Torres","author_link":"https:\/\/www.studiainitalia.com\/fr\/author\/creativa\/"},"uagb_comment_info":0,"uagb_excerpt":"Gr\u00e2ce \u00e0 son climat particuli\u00e8rement doux, il est possible de visiter et de profiter de Rome \u00e0 tout moment de l\u2019ann\u00e9e.&nbsp;Rome est aujourd\u2019hui une m\u00e9tropole moderne et vivante, qui offre de nombreuses curiosit\u00e9s et divertissements pour le plus grand plaisir de ses visiteurs. La vari\u00e9t\u00e9 et la magnificence de ses monuments sont connues dans le\u2026","_links":{"self":[{"href":"https:\/\/www.studiainitalia.com\/fr\/wp-json\/wp\/v2\/pages\/191838","targetHints":{"allow":["GET"]}}],"collection":[{"href":"https:\/\/www.studiainitalia.com\/fr\/wp-json\/wp\/v2\/pages"}],"about":[{"href":"https:\/\/www.studiainitalia.com\/fr\/wp-json\/wp\/v2\/types\/page"}],"author":[{"embeddable":true,"href":"https:\/\/www.studiainitalia.com\/fr\/wp-json\/wp\/v2\/users\/132"}],"replies":[{"embeddable":true,"href":"https:\/\/www.studiainitalia.com\/fr\/wp-json\/wp\/v2\/comments?post=191838"}],"version-history":[{"count":0,"href":"https:\/\/www.studiainitalia.com\/fr\/wp-json\/wp\/v2\/pages\/191838\/revisions"}],"up":[{"embeddable":true,"href":"https:\/\/www.studiainitalia.com\/fr\/wp-json\/wp\/v2\/pages\/189521"}],"wp:attachment":[{"href":"https:\/\/www.studiainitalia.com\/fr\/wp-json\/wp\/v2\/media?parent=191838"}],"curies":[{"name":"wp","href":"https:\/\/api.w.org\/{rel}","templated":true}]}}