{"id":191896,"date":"2022-09-27T09:51:10","date_gmt":"2022-09-27T07:51:10","guid":{"rendered":"https:\/\/www.studiainitalia.com\/?page_id=191896"},"modified":"2024-01-15T21:04:23","modified_gmt":"2024-01-15T20:04:23","slug":"italien-a-taormine","status":"publish","type":"page","link":"https:\/\/www.studiainitalia.com\/fr\/destinations\/italien-a-taormine\/","title":{"rendered":"Taormine"},"content":{"rendered":"\n<div class=\"wp-block-columns alignfull has-ast-global-color-2-background-color has-background is-layout-flex wp-container-core-columns-is-layout-c6bc58be wp-block-columns-is-layout-flex\" style=\"padding-top:0px;padding-right:0px;padding-bottom:0px;padding-left:0px\">\n<div class=\"wp-block-column is-layout-flow wp-block-column-is-layout-flow\" style=\"flex-basis:60%\">\n<div class=\"wp-block-cover alignfull is-light\" style=\"min-height:685px;aspect-ratio:unset;\"><span aria-hidden=\"true\" class=\"wp-block-cover__background has-background-dim\"><\/span><img decoding=\"async\" width=\"640\" height=\"427\" class=\"wp-block-cover__image-background wp-image-94217\" alt=\"cours \u00e0 Taormine\" src=\"https:\/\/www.studiainitalia.com\/wp-content\/uploads\/2022\/09\/learn-italian-in-taormina_jpg.jpg\" data-object-fit=\"cover\" title=\"\" srcset=\"https:\/\/www.studiainitalia.com\/wp-content\/uploads\/2022\/09\/learn-italian-in-taormina_jpg.jpg 640w, https:\/\/www.studiainitalia.com\/wp-content\/uploads\/2022\/09\/learn-italian-in-taormina_jpg-400x267.jpg 400w\" sizes=\"(max-width: 640px) 100vw, 640px\" \/><div class=\"wp-block-cover__inner-container is-layout-flow wp-block-cover-is-layout-flow\">\n<h1 class=\"wp-block-heading has-text-align-center\" style=\"font-size:32px\">Cours \u00e0 Taormine<\/h1>\n<\/div><\/div>\n<\/div>\n\n\n\n<div class=\"wp-block-column is-layout-flow wp-block-column-is-layout-flow\" style=\"padding-top:6%;padding-right:6%;padding-bottom:6%;padding-left:6%;flex-basis:40%\"><div  class=\"wp-block-ultimate-post-heading ultp-block-440cfb\"><div class=\"ultp-block-wrapper\"><div class=\"ultp-heading-wrap ultp-heading-style9 ultp-heading-left\"><h2 class=\"ultp-heading-inner\"><span>TAORMINE<\/span><\/h2><\/div><\/div><\/div>\n\n<style>.wp-block-kadence-spacer.kt-block-spacer-_03022e-64 .kt-block-spacer{height:10px;}.wp-block-kadence-spacer.kt-block-spacer-_03022e-64 .kt-divider{border-top-width:1px;height:1px;border-top-color:var(--ast-global-color-1);width:100%;border-top-style:solid;}<\/style>\n<div class=\"wp-block-kadence-spacer aligncenter kt-block-spacer-_03022e-64\"><div class=\"kt-block-spacer kt-block-spacer-halign-center\"><hr class=\"kt-divider\"\/><\/div><\/div>\n\n\n\n<p>Taormine est une belle ville sicilienne, riche en culture et en histoire, entour\u00e9e par la mer et proche de l\u2019Etna. Elle constitue un lieu id\u00e9al pour apprendre l\u2019italien et pour d\u00e9couvrir les tr\u00e9sors de la Sicile, profiter des plages et visiter l\u2019Italie du Sud.<\/p>\n\n\n\n<p>De nombreuses cultures ont transform\u00e9 Taormine, notamment les Grecs, les Arabes, les Normands et les Romains. Tous ont laiss\u00e9 leur marque ici, faisant de Taormine l\u2019une des villes les plus int\u00e9ressantes de toute la M\u00e9diterran\u00e9e.<\/p>\n<\/div>\n<\/div>\n\n\n<div  class=\"wp-block-ultimate-post-heading ultp-block-dd8ae7\"><div class=\"ultp-block-wrapper\"><div class=\"ultp-heading-wrap ultp-heading-style9 ultp-heading-center\"><h2 class=\"ultp-heading-inner\"><span>Choisissez votre cours \u00e0 Taormine<\/span><\/h2><\/div><\/div><\/div>\n\n<div class=\"wopb-shortcode\" data-postid=\"95377\"><div  class=\"wp-block-product-blocks-product-grid-1 wopb-block-2b75d2 \"><div class=\"wopb-block-wrapper\"><div class=\"wopb-wrapper-main-content\"><div class=\"wopb-block-items-wrap wopb-block-row wopb-block-column-6\"><div class=\"wopb-block-item \"><div class=\"wopb-block-content-wrap\"><div class=\"wopb-block-image wopb-block-image-none\"><div class=\"wopb-product-new-meta\"><\/div><a href=\"https:\/\/www.studiainitalia.com\/fr\/cours\/cours-de-sport\/italien-et-plongee-a-taormine\/\"><img decoding=\"async\" src=\"https:\/\/www.studiainitalia.com\/wp-content\/uploads\/2016\/11\/diving_in_taormina-e1490028298728-300x300.jpg\" alt=\"Cours d\u2019italien et plong\u00e9e \u00e0 Taormine\" title=\"\"><\/a><\/div><h3 class=\"wopb-block-title\"><a title=\"Cours d\u2019italien et plong\u00e9e \u00e0 Taormine\"  href=\"https:\/\/www.studiainitalia.com\/fr\/cours\/cours-de-sport\/italien-et-plongee-a-taormine\/\">Cours d\u2019italien et plong\u00e9e \u00e0 Taormine<\/a><\/h3><div class=\"wopb-product-price\"><span class=\"woocommerce-Price-amount amount\" aria-hidden=\"true\"><bdi>825<span class=\"woocommerce-Price-currencySymbol\">&euro;<\/span><\/bdi><\/span> <span aria-hidden=\"true\">\u00a0\u2013\u00a0<\/span> <span class=\"woocommerce-Price-amount amount\" aria-hidden=\"true\"><bdi>1.140<span class=\"woocommerce-Price-currencySymbol\">&euro;<\/span><\/bdi><\/span><span class=\"screen-reader-text\">Plage de prix\u00a0: 825&euro; \u00e0 1.140&euro;<\/span><\/div><div class=\"wopb-star-rating\"><span style=\"width: 100%\"><strong itemprop=\"ratingValue\" class=\"wopb-rating\">5.00<\/strong>out of 5<\/span><\/div><\/div><\/div><div class=\"wopb-block-item \"><div class=\"wopb-block-content-wrap\"><div class=\"wopb-block-image wopb-block-image-none\"><div class=\"wopb-product-new-meta\"><\/div><a href=\"https:\/\/www.studiainitalia.com\/fr\/cours\/cours-a-taormina\/italien-et-ceramique-a-taormine\/\"><img decoding=\"async\" src=\"https:\/\/www.studiainitalia.com\/wp-content\/uploads\/2016\/11\/pottery-taormina-e1490028273395-300x300.jpg\" alt=\"Cours d\u2019italien et c\u00e9ramique \u00e0 Taormine\" title=\"\"><\/a><\/div><h3 class=\"wopb-block-title\"><a title=\"Cours d\u2019italien et c\u00e9ramique \u00e0 Taormine\"  href=\"https:\/\/www.studiainitalia.com\/fr\/cours\/cours-a-taormina\/italien-et-ceramique-a-taormine\/\">Cours d\u2019italien et c\u00e9ramique \u00e0 Taormine<\/a><\/h3><div class=\"wopb-product-price\"><span class=\"woocommerce-Price-amount amount\" aria-hidden=\"true\"><bdi>615<span class=\"woocommerce-Price-currencySymbol\">&euro;<\/span><\/bdi><\/span> <span aria-hidden=\"true\">\u00a0\u2013\u00a0<\/span> <span class=\"woocommerce-Price-amount amount\" aria-hidden=\"true\"><bdi>930<span class=\"woocommerce-Price-currencySymbol\">&euro;<\/span><\/bdi><\/span><span class=\"screen-reader-text\">Plage de prix\u00a0: 615&euro; \u00e0 930&euro;<\/span><\/div><div class=\"wopb-star-rating\"><span style=\"width: 100%\"><strong itemprop=\"ratingValue\" class=\"wopb-rating\">5.00<\/strong>out of 5<\/span><\/div><\/div><\/div><div class=\"wopb-block-item \"><div class=\"wopb-block-content-wrap\"><div class=\"wopb-block-image wopb-block-image-none\"><div class=\"wopb-product-new-meta\"><\/div><a href=\"https:\/\/www.studiainitalia.com\/fr\/cours\/cours-de-cuisine-en-italie\/italien-et-cuisine-a-taormine\/\"><img decoding=\"async\" src=\"https:\/\/www.studiainitalia.com\/wp-content\/uploads\/2016\/11\/cookery-taormina-e1490028253485-300x300.jpg\" alt=\"Cours d\u2019Italien et cuisine \u00e0 Taormine\" title=\"\"><\/a><\/div><h3 class=\"wopb-block-title\"><a title=\"Cours d\u2019Italien et cuisine \u00e0 Taormine\"  href=\"https:\/\/www.studiainitalia.com\/fr\/cours\/cours-de-cuisine-en-italie\/italien-et-cuisine-a-taormine\/\">Cours d\u2019Italien et cuisine \u00e0 Taormine<\/a><\/h3><div class=\"wopb-product-price\"><span class=\"woocommerce-Price-amount amount\" aria-hidden=\"true\"><bdi>510<span class=\"woocommerce-Price-currencySymbol\">&euro;<\/span><\/bdi><\/span> <span aria-hidden=\"true\">\u00a0\u2013\u00a0<\/span> <span class=\"woocommerce-Price-amount amount\" aria-hidden=\"true\"><bdi>825<span class=\"woocommerce-Price-currencySymbol\">&euro;<\/span><\/bdi><\/span><span class=\"screen-reader-text\">Plage de prix\u00a0: 510&euro; \u00e0 825&euro;<\/span><\/div><div class=\"wopb-star-rating\"><span style=\"width: 100%\"><strong itemprop=\"ratingValue\" class=\"wopb-rating\">5.00<\/strong>out of 5<\/span><\/div><\/div><\/div><div class=\"wopb-block-item \"><div class=\"wopb-block-content-wrap\"><div class=\"wopb-block-image wopb-block-image-none\"><div class=\"wopb-product-new-meta\"><\/div><a href=\"https:\/\/www.studiainitalia.com\/fr\/cours\/cours-a-taormina\/italien-50-taormine\/\"><img decoding=\"async\" src=\"https:\/\/www.studiainitalia.com\/wp-content\/uploads\/2016\/11\/learn-italian-in-taormina-seniors-e1490028229862-300x300.jpg\" alt=\"Cours d\u2019italien 50+ \u00e0 Taormine\" title=\"\"><\/a><\/div><h3 class=\"wopb-block-title\"><a title=\"Cours d\u2019italien 50+ \u00e0 Taormine\"  href=\"https:\/\/www.studiainitalia.com\/fr\/cours\/cours-a-taormina\/italien-50-taormine\/\">Cours d\u2019italien 50+ \u00e0 Taormine<\/a><\/h3><div class=\"wopb-product-price\"><span class=\"woocommerce-Price-amount amount\"><bdi>1.320<span class=\"woocommerce-Price-currencySymbol\">&euro;<\/span><\/bdi><\/span><\/div><div class=\"wopb-star-rating\"><span style=\"width: 100%\"><strong itemprop=\"ratingValue\" class=\"wopb-rating\">5.00<\/strong>out of 5<\/span><\/div><\/div><\/div><div class=\"wopb-block-item \"><div class=\"wopb-block-content-wrap\"><div class=\"wopb-block-image wopb-block-image-none\"><div class=\"wopb-product-new-meta\"><\/div><a href=\"https:\/\/www.studiainitalia.com\/fr\/cours\/cours-italien-en-italie\/italien-a-taormine\/\"><img decoding=\"async\" src=\"https:\/\/www.studiainitalia.com\/wp-content\/uploads\/2016\/11\/learn-italian-in-taormina-e1490028120271-300x300.jpg\" alt=\"Cours d\u2019italien \u00e0 Taormine\" title=\"\"><\/a><\/div><h3 class=\"wopb-block-title\"><a title=\"Cours d\u2019italien \u00e0 Taormine\"  href=\"https:\/\/www.studiainitalia.com\/fr\/cours\/cours-italien-en-italie\/italien-a-taormine\/\">Cours d\u2019italien \u00e0 Taormine<\/a><\/h3><div class=\"wopb-product-price\"><span class=\"woocommerce-Price-amount amount\" aria-hidden=\"true\"><bdi>330<span class=\"woocommerce-Price-currencySymbol\">&euro;<\/span><\/bdi><\/span> <span aria-hidden=\"true\">\u00a0\u2013\u00a0<\/span> <span class=\"woocommerce-Price-amount amount\" aria-hidden=\"true\"><bdi>2.320<span class=\"woocommerce-Price-currencySymbol\">&euro;<\/span><\/bdi><\/span><span class=\"screen-reader-text\">Plage de prix\u00a0: 330&euro; \u00e0 2.320&euro;<\/span><\/div><div class=\"wopb-star-rating\"><span style=\"width: 98.6%\"><strong itemprop=\"ratingValue\" class=\"wopb-rating\">4.93<\/strong>out of 5<\/span><\/div><\/div><\/div><\/div><\/div><\/div><\/div><\/div>\n\n\n\n<div class=\"wp-block-columns alignfull has-ast-global-color-2-background-color has-background is-layout-flex wp-container-core-columns-is-layout-c7ed57bb wp-block-columns-is-layout-flex\" style=\"padding-top:5%;padding-right:10%;padding-bottom:5%;padding-left:10%\">\n<div class=\"wp-block-column is-layout-constrained wp-container-core-column-is-layout-80c0687d wp-block-column-is-layout-constrained\">\n<figure class=\"wp-block-image aligncenter size-full\"><img decoding=\"async\" width=\"52\" height=\"52\" src=\"https:\/\/www.studiainitalia.com\/wp-content\/uploads\/2016\/11\/teormmmm.png\" alt=\"\" class=\"wp-image-85706\" title=\"\"><\/figure>\n\n\n<div  class=\"wp-block-ultimate-post-heading ultp-block-000876\"><div class=\"ultp-block-wrapper\"><div class=\"ultp-heading-wrap ultp-heading-style1 ultp-heading-center\"><h2 class=\"ultp-heading-inner\"><span>Pourquoi Taormina ?<\/span><\/h2><\/div><\/div><\/div>\n\n\n<p>Taormina est une des villes plus pittoresques d\u2019Italie c\u2019est un endroit id\u00e9al&nbsp;: pour apprendre l\u2019italien, pour d\u00e9couvrir les tr\u00e9sors de Sicile, profiter des plages et voyager dans le sud de l\u2019Italie.<\/p>\n<\/div>\n\n\n\n<div class=\"wp-block-column is-layout-constrained wp-container-core-column-is-layout-80c0687d wp-block-column-is-layout-constrained\">\n<figure class=\"wp-block-image aligncenter size-full\"><img decoding=\"async\" width=\"50\" height=\"50\" src=\"https:\/\/www.studiainitalia.com\/wp-content\/uploads\/2022\/09\/caelndar2-3_png_webp.png\" alt=\"\" class=\"wp-image-94147\" title=\"\"><\/figure>\n\n\n<div  class=\"wp-block-ultimate-post-heading ultp-block-e6585d\"><div class=\"ultp-block-wrapper\"><div class=\"ultp-heading-wrap ultp-heading-style1 ultp-heading-center\"><h2 class=\"ultp-heading-inner\"><span>Quand s\u2019y rendre ?<\/span><\/h2><\/div><\/div><\/div>\n\n\n<p>La meilleure p\u00e9riode pour visiter Taormina va du mois d\u2019avril au mois de juin, et de septembre \u00e0 octobre quand les temp\u00e9ratures sont douces et agr\u00e9ables.<\/p>\n\n\n\n<p>Si vous voulez profiter de vacances au bord de la mer juillet et ao\u00fbt sont des mois typiquement estivaux.<\/p>\n<\/div>\n\n\n\n<div class=\"wp-block-column is-layout-constrained wp-container-core-column-is-layout-80c0687d wp-block-column-is-layout-constrained\">\n<figure class=\"wp-block-image aligncenter size-full\"><img decoding=\"async\" width=\"52\" height=\"52\" src=\"https:\/\/www.studiainitalia.com\/wp-content\/uploads\/2022\/09\/vespa-1_png_webp.png\" alt=\"\" class=\"wp-image-94148\" title=\"\"><\/figure>\n\n\n<div  class=\"wp-block-ultimate-post-heading ultp-block-470007\"><div class=\"ultp-block-wrapper\"><div class=\"ultp-heading-wrap ultp-heading-style1 ultp-heading-center\"><h2 class=\"ultp-heading-inner\"><span>There &amp; Around<\/span><\/h2><\/div><\/div><\/div>\n\n\n<p>Taormina est facilement joignable par avion en arrivant \u00e0 l\u2019a\u00e9roport international de Catane&nbsp;<a href=\"https:\/\/www.aeroporto.catania.it\/?lang=eng\" target=\"_blank\" rel=\"noreferrer noopener\">V. Bellini<\/a>. &nbsp;Il y a de nombreux bus qui vous porterons de l\u2019a\u00e9roport \u00e0 Taormina (\u00e0 environ 90 minutes). En alternative de la station centrale de Catane vous pourrez joindre Taormina en prenant des bus locaux. Si vous le d\u00e9sirez on pourra organiser pour vous un transfert de l\u2019a\u00e9roport.<\/p>\n\n\n\n<p>Pour plus d\u2019informations sur les choses \u00e0 faire et voir lors de votre s\u00e9jour \u00e0 Taormina on vous sugg\u00e8re de consulter la&nbsp;<a href=\"https:\/\/www.lonelyplanet.com\/italy\/sicily\/taormina\" target=\"_blank\" rel=\"noreferrer noopener\">Lonely Plane<\/a>t.<\/p>\n<\/div>\n<\/div>\n\n\n\n<div class=\"wp-block-columns alignfull are-vertically-aligned-center is-layout-flex wp-container-core-columns-is-layout-28f84493 wp-block-columns-is-layout-flex\">\n<div class=\"wp-block-column is-vertically-aligned-center is-layout-flow wp-block-column-is-layout-flow\" style=\"flex-basis:40%\">\n<figure class=\"wp-block-embed is-type-video is-provider-youtube wp-block-embed-youtube wp-embed-aspect-16-9 wp-has-aspect-ratio\"><div class=\"wp-block-embed__wrapper\">\n<iframe title=\"Discover The Beautiful Sicily!\" width=\"500\" height=\"281\" src=\"https:\/\/www.youtube.com\/embed\/1ecpwfqBZMM?feature=oembed\" frameborder=\"0\" allow=\"accelerometer; autoplay; clipboard-write; encrypted-media; gyroscope; picture-in-picture; web-share\" referrerpolicy=\"strict-origin-when-cross-origin\" allowfullscreen><\/iframe>\n<\/div><\/figure>\n<\/div>\n\n\n\n<div class=\"wp-block-column is-vertically-aligned-center is-layout-flow wp-block-column-is-layout-flow\" style=\"flex-basis:60%\"><style>.kb-google-maps-container191896_74d232-87{height:450px;}.kb-google-maps-container191896_74d232-87{filter:grayscale(100%);}<\/style><div class=\"kb-google-maps-container kb-google-maps-container191896_74d232-87  wp-block-kadence-googlemaps\" data-mapid=\"191896_74d23287\"><iframe width=\"100%\" height=\"100%\"\n\t\t\t\t\t\t\tstyle=\"border:0\" loading=\"lazy\"\n\t\t\t\t\t\t\tsrc=\"https:\/\/www.google.com\/maps\/embed\/v1\/place?key=AIzaSyBAM2o7PiQqwk15LC1XRH2e_KJ-jUa7KYk&#038;zoom=11&#038;maptype=roadmap&#038;q=Taormina\"\n\t\t\t\t\t\t\ttitle=\"Carte Google de Taormina\"><\/iframe><\/div><script>function kb_google_map191896_74d23287() { let center = { lat: 37.8201, lng: -122.4781}; let map = new google.maps.Map(document.getElementById(\"kb-google-map191896_74d23287\"), {\n\t\t\t\t\t    zoom: 11,\n\t\t\t\t\t    center: center,});let marker = new google.maps.Marker({   position: { lat: 37.8201, lng: -122.4781},    map: map,  });}<\/script><\/div>\n<\/div>\n","protected":false},"excerpt":{"rendered":"<p>Taormine est une belle ville sicilienne, riche en culture et en histoire, entour\u00e9e par la mer et proche de l\u2019Etna. Elle constitue un lieu id\u00e9al pour apprendre l\u2019italien et pour d\u00e9couvrir les tr\u00e9sors de la Sicile, profiter des plages et visiter l\u2019Italie du Sud. De nombreuses cultures ont transform\u00e9 Taormine, notamment les Grecs, les Arabes, [&hellip;]<\/p>\n","protected":false},"author":132,"featured_media":0,"parent":189521,"menu_order":61,"comment_status":"closed","ping_status":"closed","template":"","meta":{"_acf_changed":false,"_uag_custom_page_level_css":"","_kad_blocks_custom_css":"","_kad_blocks_head_custom_js":"","_kad_blocks_body_custom_js":"","_kad_blocks_footer_custom_js":"","site-sidebar-layout":"default","site-content-layout":"","ast-site-content-layout":"default","site-content-style":"default","site-sidebar-style":"default","ast-global-header-display":"","ast-banner-title-visibility":"","ast-main-header-display":"","ast-hfb-above-header-display":"","ast-hfb-below-header-display":"","ast-hfb-mobile-header-display":"","site-post-title":"disabled","ast-breadcrumbs-content":"","ast-featured-img":"","footer-sml-layout":"","ast-disable-related-posts":"","theme-transparent-header-meta":"","adv-header-id-meta":"","stick-header-meta":"","header-above-stick-meta":"","header-main-stick-meta":"","header-below-stick-meta":"","astra-migrate-meta-layouts":"set","ast-page-background-enabled":"default","ast-page-background-meta":{"desktop":{"background-color":"var(--ast-global-color-4)","background-image":"","background-repeat":"repeat","background-position":"center center","background-size":"auto","background-attachment":"scroll","background-type":"","background-media":"","overlay-type":"","overlay-color":"","overlay-opacity":"","overlay-gradient":""},"tablet":{"background-color":"","background-image":"","background-repeat":"repeat","background-position":"center center","background-size":"auto","background-attachment":"scroll","background-type":"","background-media":"","overlay-type":"","overlay-color":"","overlay-opacity":"","overlay-gradient":""},"mobile":{"background-color":"","background-image":"","background-repeat":"repeat","background-position":"center center","background-size":"auto","background-attachment":"scroll","background-type":"","background-media":"","overlay-type":"","overlay-color":"","overlay-opacity":"","overlay-gradient":""}},"ast-content-background-meta":{"desktop":{"background-color":"var(--ast-global-color-5)","background-image":"","background-repeat":"repeat","background-position":"center center","background-size":"auto","background-attachment":"scroll","background-type":"","background-media":"","overlay-type":"","overlay-color":"","overlay-opacity":"","overlay-gradient":""},"tablet":{"background-color":"var(--ast-global-color-5)","background-image":"","background-repeat":"repeat","background-position":"center center","background-size":"auto","background-attachment":"scroll","background-type":"","background-media":"","overlay-type":"","overlay-color":"","overlay-opacity":"","overlay-gradient":""},"mobile":{"background-color":"var(--ast-global-color-5)","background-image":"","background-repeat":"repeat","background-position":"center center","background-size":"auto","background-attachment":"scroll","background-type":"","background-media":"","overlay-type":"","overlay-color":"","overlay-opacity":"","overlay-gradient":""}},"footnotes":""},"class_list":["post-191896","page","type-page","status-publish","hentry"],"acf":[],"taxonomy_info":[],"featured_image_src_large":false,"author_info":{"display_name":"Jordi Torres","author_link":"https:\/\/www.studiainitalia.com\/fr\/author\/creativa\/"},"comment_info":0,"uagb_featured_image_src":{"full":false,"thumbnail":false,"medium":false,"medium_large":false,"large":false,"1536x1536":false,"2048x2048":false,"ultp_layout_landscape_large":false,"ultp_layout_landscape":false,"ultp_layout_portrait":false,"ultp_layout_square":false,"gform-image-choice-sm":false,"gform-image-choice-md":false,"gform-image-choice-lg":false,"woocommerce_thumbnail":false,"woocommerce_single":false,"woocommerce_gallery_thumbnail":false,"yarpp-thumbnail":false},"uagb_author_info":{"display_name":"Jordi Torres","author_link":"https:\/\/www.studiainitalia.com\/fr\/author\/creativa\/"},"uagb_comment_info":0,"uagb_excerpt":"Taormine est une belle ville sicilienne, riche en culture et en histoire, entour\u00e9e par la mer et proche de l\u2019Etna. Elle constitue un lieu id\u00e9al pour apprendre l\u2019italien et pour d\u00e9couvrir les tr\u00e9sors de la Sicile, profiter des plages et visiter l\u2019Italie du Sud. De nombreuses cultures ont transform\u00e9 Taormine, notamment les Grecs, les Arabes,\u2026","_links":{"self":[{"href":"https:\/\/www.studiainitalia.com\/fr\/wp-json\/wp\/v2\/pages\/191896","targetHints":{"allow":["GET"]}}],"collection":[{"href":"https:\/\/www.studiainitalia.com\/fr\/wp-json\/wp\/v2\/pages"}],"about":[{"href":"https:\/\/www.studiainitalia.com\/fr\/wp-json\/wp\/v2\/types\/page"}],"author":[{"embeddable":true,"href":"https:\/\/www.studiainitalia.com\/fr\/wp-json\/wp\/v2\/users\/132"}],"replies":[{"embeddable":true,"href":"https:\/\/www.studiainitalia.com\/fr\/wp-json\/wp\/v2\/comments?post=191896"}],"version-history":[{"count":0,"href":"https:\/\/www.studiainitalia.com\/fr\/wp-json\/wp\/v2\/pages\/191896\/revisions"}],"up":[{"embeddable":true,"href":"https:\/\/www.studiainitalia.com\/fr\/wp-json\/wp\/v2\/pages\/189521"}],"wp:attachment":[{"href":"https:\/\/www.studiainitalia.com\/fr\/wp-json\/wp\/v2\/media?parent=191896"}],"curies":[{"name":"wp","href":"https:\/\/api.w.org\/{rel}","templated":true}]}}