{"id":191910,"date":"2022-09-27T09:59:19","date_gmt":"2022-09-27T07:59:19","guid":{"rendered":"https:\/\/www.studiainitalia.com\/?page_id=191910"},"modified":"2024-01-15T21:06:30","modified_gmt":"2024-01-15T20:06:30","slug":"apprendre-italien-a-turin","status":"publish","type":"page","link":"https:\/\/www.studiainitalia.com\/fr\/destinations\/apprendre-italien-a-turin\/","title":{"rendered":"Turin"},"content":{"rendered":"\n<div class=\"wp-block-columns alignfull has-ast-global-color-2-background-color has-background is-layout-flex wp-container-core-columns-is-layout-c6bc58be wp-block-columns-is-layout-flex\" style=\"padding-top:0px;padding-right:0px;padding-bottom:0px;padding-left:0px\">\n<div class=\"wp-block-column is-layout-flow wp-block-column-is-layout-flow\" style=\"flex-basis:60%\">\n<div class=\"wp-block-cover alignfull is-light has-parallax\" style=\"min-height:685px;aspect-ratio:unset;\"><span aria-hidden=\"true\" class=\"wp-block-cover__background has-background-dim\"><\/span><div role=\"img\" class=\"wp-block-cover__image-background wp-image-94225 has-parallax\" style=\"background-position:50% 50%;background-image:url(https:\/\/www.studiainitalia.com\/wp-content\/uploads\/2022\/09\/cursos-en-turin.jpeg.jpg)\"><\/div><div class=\"wp-block-cover__inner-container is-layout-flow wp-block-cover-is-layout-flow\">\n<h1 class=\"wp-block-heading has-text-align-center\" style=\"font-size:32px\">Cours \u00e0 Turin<\/h1>\n<\/div><\/div>\n<\/div>\n\n\n\n<div class=\"wp-block-column is-layout-flow wp-block-column-is-layout-flow\" style=\"padding-top:6%;padding-right:6%;padding-bottom:6%;padding-left:6%;flex-basis:40%\"><div  class=\"wp-block-ultimate-post-heading ultp-block-96acdc\"><div class=\"ultp-block-wrapper\"><div class=\"ultp-heading-wrap ultp-heading-style9 ultp-heading-left\"><h2 class=\"ultp-heading-inner\"><span>TURIN<\/span><\/h2><\/div><\/div><\/div>\n\n<style>.wp-block-kadence-spacer.kt-block-spacer-_03022e-64 .kt-block-spacer{height:10px;}.wp-block-kadence-spacer.kt-block-spacer-_03022e-64 .kt-divider{border-top-width:1px;height:1px;border-top-color:var(--ast-global-color-1);width:100%;border-top-style:solid;}<\/style>\n<div class=\"wp-block-kadence-spacer aligncenter kt-block-spacer-_03022e-64\"><div class=\"kt-block-spacer kt-block-spacer-halign-center\"><hr class=\"kt-divider\"\/><\/div><\/div>\n\n\n\n<p>La ville de Turin est situ\u00e9e entre les Alpes et la c\u00f4te de la mer Ligurienne. Fond\u00e9e par les Romains, Turin a connu son apog\u00e9e durant l\u2019\u00e8re baroque et la domination de la Savoie.<\/p>\n\n\n\n<p>Turin a \u00e9t\u00e9 la premi\u00e8re capitale de l\u2019Italie unifi\u00e9e. Au XIX<sup>e<\/sup>&nbsp;si\u00e8cle, elle est devenue un important centre industriel.<\/p>\n\n\n\n<p>De nos jours, Turin est la ville de Fiat et de la Juventus, avec une vie culturelle anim\u00e9e qui comprend le Mus\u00e9e \u00e9gyptien et le Mus\u00e9e du cin\u00e9ma.<\/p>\n<\/div>\n<\/div>\n\n\n<div  class=\"wp-block-ultimate-post-heading ultp-block-fef8ad\"><div class=\"ultp-block-wrapper\"><div class=\"ultp-heading-wrap ultp-heading-style9 ultp-heading-center\"><h2 class=\"ultp-heading-inner\"><span>Choisissez votre cours \u00e0 Turin<\/span><\/h2><\/div><\/div><\/div>\n\n<div class=\"wopb-shortcode\" data-postid=\"95378\"><div  class=\"wp-block-product-blocks-product-grid-1 wopb-block-c8b528 \"><div class=\"wopb-block-wrapper\"><div class=\"wopb-wrapper-main-content\"><div class=\"wopb-block-items-wrap wopb-block-row wopb-block-column-6\"><div class=\"wopb-block-item \"><div class=\"wopb-block-content-wrap\"><div class=\"wopb-block-image wopb-block-image-none\"><div class=\"wopb-product-new-meta\"><\/div><a href=\"https:\/\/www.studiainitalia.com\/fr\/cours\/cours-italien-en-italie\/italien-en-turin\/\"><img decoding=\"async\" src=\"https:\/\/www.studiainitalia.com\/wp-content\/uploads\/2016\/11\/learn-italian-in-turin-e1490029138302-300x300.jpg\" alt=\"Cours d\u2019italien \u00e0 Turin\" title=\"\"><\/a><\/div><h3 class=\"wopb-block-title\"><a title=\"Cours d\u2019italien \u00e0 Turin\"  href=\"https:\/\/www.studiainitalia.com\/fr\/cours\/cours-italien-en-italie\/italien-en-turin\/\">Cours d\u2019italien \u00e0 Turin<\/a><\/h3><div class=\"wopb-product-price\"><span class=\"woocommerce-Price-amount amount\" aria-hidden=\"true\"><bdi>300<span class=\"woocommerce-Price-currencySymbol\">&euro;<\/span><\/bdi><\/span> <span aria-hidden=\"true\">\u00a0\u2013\u00a0<\/span> <span class=\"woocommerce-Price-amount amount\" aria-hidden=\"true\"><bdi>820<span class=\"woocommerce-Price-currencySymbol\">&euro;<\/span><\/bdi><\/span><span class=\"screen-reader-text\">Plage de prix\u00a0: 300&euro; \u00e0 820&euro;<\/span><\/div><div class=\"wopb-star-rating\"><span style=\"width: 99.6%\"><strong itemprop=\"ratingValue\" class=\"wopb-rating\">4.98<\/strong>out of 5<\/span><\/div><\/div><\/div><\/div><\/div><\/div><\/div><\/div>\n\n\n\n<div class=\"wp-block-columns alignfull has-ast-global-color-2-background-color has-background is-layout-flex wp-container-core-columns-is-layout-c7ed57bb wp-block-columns-is-layout-flex\" style=\"padding-top:5%;padding-right:10%;padding-bottom:5%;padding-left:10%\">\n<div class=\"wp-block-column is-layout-constrained wp-container-core-column-is-layout-80c0687d wp-block-column-is-layout-constrained\">\n<figure class=\"wp-block-image aligncenter size-full\"><img decoding=\"async\" width=\"52\" height=\"52\" src=\"https:\/\/www.studiainitalia.com\/wp-content\/uploads\/2016\/11\/turin34343.png\" alt=\"\" class=\"wp-image-56065\" title=\"\"><\/figure>\n\n\n<div  class=\"wp-block-ultimate-post-heading ultp-block-2256aa\"><div class=\"ultp-block-wrapper\"><div class=\"ultp-heading-wrap ultp-heading-style1 ultp-heading-center\"><h2 class=\"ultp-heading-inner\"><span>Pourquoi Turin ?<\/span><\/h2><\/div><\/div><\/div>\n\n\n<p>Turin est la ville royale d\u2019Italie par excellence comme le t\u00e9moignent ses magnifiques&nbsp;<em>Palazzi.&nbsp;<\/em>La ville poss\u00e8de de nombreux caf\u00e9s historiques.<\/p>\n\n\n\n<p>De plus Turin est la capitale italienne du chocolat. La renomm\u00e9e&nbsp;<em>gianduia,<\/em>&nbsp;la p\u00e2te de noisette et chocolat \u00e0 l\u2019origine du&nbsp;<em>Nutella,<\/em>&nbsp;et les&nbsp;<em>gianduiotti<\/em>&nbsp;ont \u00e9t\u00e9 cr\u00e9\u00e9s \u00e0 Turin.<\/p>\n<\/div>\n\n\n\n<div class=\"wp-block-column is-layout-constrained wp-container-core-column-is-layout-80c0687d wp-block-column-is-layout-constrained\">\n<figure class=\"wp-block-image aligncenter size-full\"><img decoding=\"async\" width=\"50\" height=\"50\" src=\"https:\/\/www.studiainitalia.com\/wp-content\/uploads\/2022\/09\/caelndar2-3_png_webp.png\" alt=\"\" class=\"wp-image-94147\" title=\"\"><\/figure>\n\n\n<div  class=\"wp-block-ultimate-post-heading ultp-block-fef5b5\"><div class=\"ultp-block-wrapper\"><div class=\"ultp-heading-wrap ultp-heading-style1 ultp-heading-center\"><h2 class=\"ultp-heading-inner\"><span>Quand s\u2019y rendre ?<\/span><\/h2><\/div><\/div><\/div>\n\n\n<p>Turin est une ville pour toutes les saisons. La meilleure \u00e9poque pour visiter Turin va du mois d\u2019avril au mois d\u2019octobre.<\/p>\n\n\n\n<p>Pendant les mois d\u2019hiver, Turin est souvent enneig\u00e9, et la r\u00e9gion enti\u00e8re du Pi\u00e9mont deviens un paradis pour skieurs.<\/p>\n<\/div>\n\n\n\n<div class=\"wp-block-column is-layout-constrained wp-container-core-column-is-layout-80c0687d wp-block-column-is-layout-constrained\">\n<figure class=\"wp-block-image aligncenter size-full\"><img decoding=\"async\" width=\"52\" height=\"52\" src=\"https:\/\/www.studiainitalia.com\/wp-content\/uploads\/2022\/09\/vespa-1_png_webp.png\" alt=\"\" class=\"wp-image-94148\" title=\"\"><\/figure>\n\n\n<div  class=\"wp-block-ultimate-post-heading ultp-block-1aa994\"><div class=\"ultp-block-wrapper\"><div class=\"ultp-heading-wrap ultp-heading-style1 ultp-heading-center\"><h2 class=\"ultp-heading-inner\"><span>There &amp; Around<\/span><\/h2><\/div><\/div><\/div>\n\n\n<p>L\u2019a\u00e9roport de Turin se trouve \u00e0 16 km au nord-ouest de Caselle. Il offre des connections \u00e0 des destinations europ\u00e9ennes et nationales. En alternative vous pourrez voler sur Milan et prendre un train pour Turin. On peut organiser un transfert de l\u2019a\u00e9roport si vous le d\u00e9sirez.<\/p>\n\n\n\n<p>Pour plus d\u2019informations sur les choses \u00e0 voir et \u00e0 faire \u00e0 Turin on sugg\u00e8re que vous consultiez le guide&nbsp;<a href=\"https:\/\/www.lonelyplanet.com\/italy\/liguria-piedmont-and-valle-daosta\/turin\" target=\"_blank\" rel=\"noreferrer noopener\">Lonely Planet de Turin<\/a>.<\/p>\n<\/div>\n<\/div>\n\n\n\n<div class=\"wp-block-columns alignfull are-vertically-aligned-center is-layout-flex wp-container-core-columns-is-layout-28f84493 wp-block-columns-is-layout-flex\">\n<div class=\"wp-block-column is-vertically-aligned-center is-layout-flow wp-block-column-is-layout-flow\" style=\"flex-basis:40%\">\n<figure class=\"wp-block-embed is-type-video is-provider-youtube wp-block-embed-youtube wp-embed-aspect-16-9 wp-has-aspect-ratio\"><div class=\"wp-block-embed__wrapper\">\n<iframe title=\"Torino is Happy\" width=\"500\" height=\"281\" src=\"https:\/\/www.youtube.com\/embed\/iWmUurkIeJ8?feature=oembed\" frameborder=\"0\" allow=\"accelerometer; autoplay; clipboard-write; encrypted-media; gyroscope; picture-in-picture; web-share\" referrerpolicy=\"strict-origin-when-cross-origin\" allowfullscreen><\/iframe>\n<\/div><\/figure>\n<\/div>\n\n\n\n<div class=\"wp-block-column is-vertically-aligned-center is-layout-flow wp-block-column-is-layout-flow\" style=\"flex-basis:60%\"><style>.kb-google-maps-container191910_0f5c95-83{height:450px;}.kb-google-maps-container191910_0f5c95-83{filter:grayscale(100%);}<\/style><div class=\"kb-google-maps-container kb-google-maps-container191910_0f5c95-83  wp-block-kadence-googlemaps\" data-mapid=\"191910_0f5c9583\"><iframe width=\"100%\" height=\"100%\"\n\t\t\t\t\t\t\tstyle=\"border:0\" loading=\"lazy\"\n\t\t\t\t\t\t\tsrc=\"https:\/\/www.google.com\/maps\/embed\/v1\/place?key=AIzaSyBAM2o7PiQqwk15LC1XRH2e_KJ-jUa7KYk&#038;zoom=11&#038;maptype=roadmap&#038;q=Turin\"\n\t\t\t\t\t\t\ttitle=\"Carte Google de Turin\"><\/iframe><\/div><script>function kb_google_map191910_0f5c9583() { let center = { lat: 37.8201, lng: -122.4781}; let map = new google.maps.Map(document.getElementById(\"kb-google-map191910_0f5c9583\"), {\n\t\t\t\t\t    zoom: 11,\n\t\t\t\t\t    center: center,});let marker = new google.maps.Marker({   position: { lat: 37.8201, lng: -122.4781},    map: map,  });}<\/script><\/div>\n<\/div>\n","protected":false},"excerpt":{"rendered":"<p>La ville de Turin est situ\u00e9e entre les Alpes et la c\u00f4te de la mer Ligurienne. Fond\u00e9e par les Romains, Turin a connu son apog\u00e9e durant l\u2019\u00e8re baroque et la domination de la Savoie. Turin a \u00e9t\u00e9 la premi\u00e8re capitale de l\u2019Italie unifi\u00e9e. Au XIXe&nbsp;si\u00e8cle, elle est devenue un important centre industriel. De nos jours, [&hellip;]<\/p>\n","protected":false},"author":132,"featured_media":0,"parent":189521,"menu_order":61,"comment_status":"closed","ping_status":"closed","template":"","meta":{"_acf_changed":false,"_uag_custom_page_level_css":"","_kad_blocks_custom_css":"","_kad_blocks_head_custom_js":"","_kad_blocks_body_custom_js":"","_kad_blocks_footer_custom_js":"","site-sidebar-layout":"default","site-content-layout":"","ast-site-content-layout":"default","site-content-style":"default","site-sidebar-style":"default","ast-global-header-display":"","ast-banner-title-visibility":"","ast-main-header-display":"","ast-hfb-above-header-display":"","ast-hfb-below-header-display":"","ast-hfb-mobile-header-display":"","site-post-title":"disabled","ast-breadcrumbs-content":"","ast-featured-img":"","footer-sml-layout":"","ast-disable-related-posts":"","theme-transparent-header-meta":"","adv-header-id-meta":"","stick-header-meta":"","header-above-stick-meta":"","header-main-stick-meta":"","header-below-stick-meta":"","astra-migrate-meta-layouts":"set","ast-page-background-enabled":"default","ast-page-background-meta":{"desktop":{"background-color":"var(--ast-global-color-4)","background-image":"","background-repeat":"repeat","background-position":"center center","background-size":"auto","background-attachment":"scroll","background-type":"","background-media":"","overlay-type":"","overlay-color":"","overlay-opacity":"","overlay-gradient":""},"tablet":{"background-color":"","background-image":"","background-repeat":"repeat","background-position":"center center","background-size":"auto","background-attachment":"scroll","background-type":"","background-media":"","overlay-type":"","overlay-color":"","overlay-opacity":"","overlay-gradient":""},"mobile":{"background-color":"","background-image":"","background-repeat":"repeat","background-position":"center center","background-size":"auto","background-attachment":"scroll","background-type":"","background-media":"","overlay-type":"","overlay-color":"","overlay-opacity":"","overlay-gradient":""}},"ast-content-background-meta":{"desktop":{"background-color":"var(--ast-global-color-5)","background-image":"","background-repeat":"repeat","background-position":"center center","background-size":"auto","background-attachment":"scroll","background-type":"","background-media":"","overlay-type":"","overlay-color":"","overlay-opacity":"","overlay-gradient":""},"tablet":{"background-color":"var(--ast-global-color-5)","background-image":"","background-repeat":"repeat","background-position":"center center","background-size":"auto","background-attachment":"scroll","background-type":"","background-media":"","overlay-type":"","overlay-color":"","overlay-opacity":"","overlay-gradient":""},"mobile":{"background-color":"var(--ast-global-color-5)","background-image":"","background-repeat":"repeat","background-position":"center center","background-size":"auto","background-attachment":"scroll","background-type":"","background-media":"","overlay-type":"","overlay-color":"","overlay-opacity":"","overlay-gradient":""}},"footnotes":""},"class_list":["post-191910","page","type-page","status-publish","hentry"],"acf":[],"taxonomy_info":[],"featured_image_src_large":false,"author_info":{"display_name":"Jordi Torres","author_link":"https:\/\/www.studiainitalia.com\/fr\/author\/creativa\/"},"comment_info":0,"uagb_featured_image_src":{"full":false,"thumbnail":false,"medium":false,"medium_large":false,"large":false,"1536x1536":false,"2048x2048":false,"ultp_layout_landscape_large":false,"ultp_layout_landscape":false,"ultp_layout_portrait":false,"ultp_layout_square":false,"gform-image-choice-sm":false,"gform-image-choice-md":false,"gform-image-choice-lg":false,"woocommerce_thumbnail":false,"woocommerce_single":false,"woocommerce_gallery_thumbnail":false,"yarpp-thumbnail":false},"uagb_author_info":{"display_name":"Jordi Torres","author_link":"https:\/\/www.studiainitalia.com\/fr\/author\/creativa\/"},"uagb_comment_info":0,"uagb_excerpt":"La ville de Turin est situ\u00e9e entre les Alpes et la c\u00f4te de la mer Ligurienne. Fond\u00e9e par les Romains, Turin a connu son apog\u00e9e durant l\u2019\u00e8re baroque et la domination de la Savoie. Turin a \u00e9t\u00e9 la premi\u00e8re capitale de l\u2019Italie unifi\u00e9e. Au XIXe&nbsp;si\u00e8cle, elle est devenue un important centre industriel. De nos jours,\u2026","_links":{"self":[{"href":"https:\/\/www.studiainitalia.com\/fr\/wp-json\/wp\/v2\/pages\/191910","targetHints":{"allow":["GET"]}}],"collection":[{"href":"https:\/\/www.studiainitalia.com\/fr\/wp-json\/wp\/v2\/pages"}],"about":[{"href":"https:\/\/www.studiainitalia.com\/fr\/wp-json\/wp\/v2\/types\/page"}],"author":[{"embeddable":true,"href":"https:\/\/www.studiainitalia.com\/fr\/wp-json\/wp\/v2\/users\/132"}],"replies":[{"embeddable":true,"href":"https:\/\/www.studiainitalia.com\/fr\/wp-json\/wp\/v2\/comments?post=191910"}],"version-history":[{"count":0,"href":"https:\/\/www.studiainitalia.com\/fr\/wp-json\/wp\/v2\/pages\/191910\/revisions"}],"up":[{"embeddable":true,"href":"https:\/\/www.studiainitalia.com\/fr\/wp-json\/wp\/v2\/pages\/189521"}],"wp:attachment":[{"href":"https:\/\/www.studiainitalia.com\/fr\/wp-json\/wp\/v2\/media?parent=191910"}],"curies":[{"name":"wp","href":"https:\/\/api.w.org\/{rel}","templated":true}]}}