{"id":194127,"date":"2022-10-03T13:11:49","date_gmt":"2022-10-03T11:11:49","guid":{"rendered":"https:\/\/www.studiainitalia.com\/?page_id=194127"},"modified":"2024-10-25T12:09:16","modified_gmt":"2024-10-25T10:09:16","slug":"cours-a-cagliari","status":"publish","type":"page","link":"https:\/\/www.studiainitalia.com\/fr\/destinations\/cours-a-cagliari\/","title":{"rendered":"Cours \u00e0 Cagliari"},"content":{"rendered":"\n<div class=\"wp-block-columns alignfull has-ast-global-color-2-background-color has-background is-layout-flex wp-container-core-columns-is-layout-c6bc58be wp-block-columns-is-layout-flex\" style=\"padding-top:0px;padding-right:0px;padding-bottom:0px;padding-left:0px\">\n<div class=\"wp-block-column is-layout-flow wp-block-column-is-layout-flow\" style=\"flex-basis:60%\">\n<div class=\"wp-block-cover alignfull\" style=\"min-height:455px;aspect-ratio:unset;\"><span aria-hidden=\"true\" class=\"wp-block-cover__background has-background-dim\"><\/span><img decoding=\"async\" width=\"1280\" height=\"854\" class=\"wp-block-cover__image-background wp-image-199755\" alt=\"Cours \u00e0 Cagliari\" src=\"https:\/\/www.studiainitalia.com\/wp-content\/uploads\/2024\/10\/cagliari-3671983_1280.jpg\" data-object-fit=\"cover\" title=\"\" srcset=\"https:\/\/www.studiainitalia.com\/wp-content\/uploads\/2024\/10\/cagliari-3671983_1280.jpg 1280w, https:\/\/www.studiainitalia.com\/wp-content\/uploads\/2024\/10\/cagliari-3671983_1280-768x512.jpg 768w, https:\/\/www.studiainitalia.com\/wp-content\/uploads\/2024\/10\/cagliari-3671983_1280-1200x800.jpg 1200w, https:\/\/www.studiainitalia.com\/wp-content\/uploads\/2024\/10\/cagliari-3671983_1280-400x267.jpg 400w\" sizes=\"(max-width: 1280px) 100vw, 1280px\" \/><div class=\"wp-block-cover__inner-container is-layout-flow wp-block-cover-is-layout-flow\"><style>.wp-block-kadence-advancedheading.kt-adv-heading194127_35a5a9-ae, .wp-block-kadence-advancedheading.kt-adv-heading194127_35a5a9-ae[data-kb-block=\"kb-adv-heading194127_35a5a9-ae\"]{text-align:center;font-style:normal;}.wp-block-kadence-advancedheading.kt-adv-heading194127_35a5a9-ae mark.kt-highlight, .wp-block-kadence-advancedheading.kt-adv-heading194127_35a5a9-ae[data-kb-block=\"kb-adv-heading194127_35a5a9-ae\"] mark.kt-highlight{font-style:normal;color:#f76a0c;-webkit-box-decoration-break:clone;box-decoration-break:clone;padding-top:0px;padding-right:0px;padding-bottom:0px;padding-left:0px;}<\/style>\n<h1 class=\"kt-adv-heading194127_35a5a9-ae wp-block-kadence-advancedheading\" data-kb-block=\"kb-adv-heading194127_35a5a9-ae\">Cours \u00e0 Cagliari<\/h1>\n<\/div><\/div>\n<\/div>\n\n\n\n<div class=\"wp-block-column is-layout-flow wp-block-column-is-layout-flow\" style=\"padding-top:6%;padding-right:6%;padding-bottom:6%;padding-left:6%;flex-basis:40%\"><div  class=\"wp-block-ultimate-post-heading ultp-block-a04019\"><div class=\"ultp-block-wrapper\"><div class=\"ultp-heading-wrap ultp-heading-style9 ultp-heading-left\"><h2 class=\"ultp-heading-inner\"><span>CAGLIARI<\/span><\/h2><\/div><\/div><\/div>\n\n<style>.wp-block-kadence-spacer.kt-block-spacer-_03022e-64 .kt-block-spacer{height:10px;}.wp-block-kadence-spacer.kt-block-spacer-_03022e-64 .kt-divider{border-top-width:1px;height:1px;border-top-color:var(--ast-global-color-1);width:100%;border-top-style:solid;}<\/style>\n<div class=\"wp-block-kadence-spacer aligncenter kt-block-spacer-_03022e-64\"><div class=\"kt-block-spacer kt-block-spacer-halign-center\"><hr class=\"kt-divider\"\/><\/div><\/div>\n\n\n\n<p>La ville de Cagliari se trouve dans le sud de la Sardaigne, l\u2019une des r\u00e9gions les plus impressionnantes d\u2019Europe, avec certaines des meilleures plages de toute la M\u00e9diterran\u00e9e, voire du monde.<\/p>\n\n\n\n<p>Cagliari est la capitale de la Sardaigne. En raison de sa petite taille et de la gentillesse de ses habitants, Cagliari est l\u2019endroit id\u00e9al pour les \u00e9tudiants qui veulent apprendre l\u2019italien.<\/p>\n\n\n\n<p>Sa position en bord de mer, ses origines et ses traditions anciennes, permettront de r\u00e9pondre aux besoins de tous.<\/p>\n<\/div>\n<\/div>\n\n\n<div  class=\"wp-block-ultimate-post-heading ultp-block-b26c53\"><div class=\"ultp-block-wrapper\"><div class=\"ultp-heading-wrap ultp-heading-style9 ultp-heading-center\"><h2 class=\"ultp-heading-inner\"><span>Choisissez votre cours \u00e0 Cagliari<\/span><\/h2><\/div><\/div><\/div>\n\n<div data-block-name=\"woocommerce\/product-category\" data-categories=\"[1263]\" data-columns=\"6\" data-content-visibility=\"{&quot;image&quot;:true,&quot;title&quot;:true,&quot;price&quot;:true,&quot;rating&quot;:true,&quot;button&quot;:false}\" class=\"wc-block-grid wp-block-product-category wp-block-woocommerce-product-category wc-block-product-category has-6-columns has-multiple-rows\"><ul class=\"wc-block-grid__products\"><li class=\"wc-block-grid__product\"><span class=\"gtm4wp_productdata\" style=\"display:none; visibility:hidden;\" data-gtm4wp_product_data=\"{&quot;internal_id&quot;:188000,&quot;item_id&quot;:188000,&quot;item_name&quot;:&quot;Cours d\\u2019italien \\u00e0 Cagliari&quot;,&quot;sku&quot;:188000,&quot;price&quot;:360,&quot;stocklevel&quot;:null,&quot;stockstatus&quot;:&quot;instock&quot;,&quot;google_business_vertical&quot;:&quot;retail&quot;,&quot;item_category&quot;:&quot;\\u00c9tudier \\u00e0 Cagliari&quot;,&quot;id&quot;:188000,&quot;productlink&quot;:&quot;https:\\\/\\\/www.studiainitalia.com\\\/fr\\\/cours\\\/cours-italien-en-italie\\\/cours-italien-a-cagliari\\\/&quot;,&quot;item_list_name&quot;:&quot;Liste g\\u00e9n\\u00e9rale des produits&quot;,&quot;index&quot;:0,&quot;product_type&quot;:&quot;variable&quot;,&quot;item_brand&quot;:&quot;&quot;}\"><\/span>\n\t\t\t\t<a href=\"https:\/\/www.studiainitalia.com\/fr\/cours\/cours-italien-en-italie\/cours-italien-a-cagliari\/\" class=\"wc-block-grid__product-link\">\n\t\t\t\t\t\n\t\t\t\t\t<div class=\"wc-block-grid__product-image\"><img decoding=\"async\" width=\"300\" height=\"300\" src=\"https:\/\/www.studiainitalia.com\/wp-content\/uploads\/2024\/03\/CAGLIARI-300x300.jpg\" class=\"attachment-woocommerce_thumbnail size-woocommerce_thumbnail\" alt=\"italien \u00e0 CAGLIARI\" srcset=\"https:\/\/www.studiainitalia.com\/wp-content\/uploads\/2024\/03\/CAGLIARI-300x300.jpg 300w, https:\/\/www.studiainitalia.com\/wp-content\/uploads\/2024\/03\/CAGLIARI-600x600.jpg 600w, https:\/\/www.studiainitalia.com\/wp-content\/uploads\/2024\/03\/CAGLIARI-100x100.jpg 100w, https:\/\/www.studiainitalia.com\/wp-content\/uploads\/2024\/03\/CAGLIARI-120x120.jpg 120w\" sizes=\"(max-width: 300px) 100vw, 300px\" title=\"\"><\/div>\n\t\t\t\t\t<div class=\"wc-block-grid__product-title\">Cours d\u2019italien \u00e0 Cagliari<\/div>\n\t\t\t\t<\/a>\n\t\t\t\t<div class=\"wc-block-grid__product-price price\"><span class=\"woocommerce-Price-amount amount\" aria-hidden=\"true\">360<span class=\"woocommerce-Price-currencySymbol\">&euro;<\/span><\/span> <span aria-hidden=\"true\">\u00a0\u2013\u00a0<\/span> <span class=\"woocommerce-Price-amount amount\" aria-hidden=\"true\">1.970<span class=\"woocommerce-Price-currencySymbol\">&euro;<\/span><\/span><span class=\"screen-reader-text\">Plage de prix\u00a0: 360&euro; \u00e0 1.970&euro;<\/span><\/div>\n\t\t\t\t<div class=\"wc-block-grid__product-rating\"><div class=\"review-rating\"><div class=\"star-rating\"><span style=\"width:95%\">Not\u00e9 <strong class=\"rating\">4.75<\/strong> sur 5 bas\u00e9 sur <span class=\"rating\">12<\/span> notations client<\/span><\/div><\/div><\/div>\n\t\t\t\t\n\t\t\t<\/li><\/ul><\/div>\n\n\n<div class=\"wp-block-columns alignfull has-ast-global-color-2-background-color has-background is-layout-flex wp-container-core-columns-is-layout-c7ed57bb wp-block-columns-is-layout-flex\" style=\"padding-top:5%;padding-right:10%;padding-bottom:5%;padding-left:10%\">\n<div class=\"wp-block-column is-layout-constrained wp-container-core-column-is-layout-80c0687d wp-block-column-is-layout-constrained\">\n<figure class=\"wp-block-image aligncenter size-full\"><img decoding=\"async\" width=\"52\" height=\"52\" src=\"https:\/\/www.studiainitalia.com\/wp-content\/uploads\/2016\/10\/italy4.png\" alt=\"\" class=\"wp-image-85623\" title=\"\"><\/figure>\n\n\n<div  class=\"wp-block-ultimate-post-heading ultp-block-36e5f0\"><div class=\"ultp-block-wrapper\"><div class=\"ultp-heading-wrap ultp-heading-style1 ultp-heading-center\"><h2 class=\"ultp-heading-inner\"><span>Pourquoi Cagliari?<\/span><\/h2><\/div><\/div><\/div>\n\n\n<p>En raison de sa petite taille et de la gentillesse de ses habitants, Cagliari est l\u2019endroit id\u00e9al pour les \u00e9tudiants qui souhaitent apprendre l\u2019italien. Sa position en bord de mer, ses origines et ses traditions anciennes allant des tr\u00e9sors arch\u00e9ologiques aux monuments m\u00e9di\u00e9vaux, permettront de r\u00e9pondre aux besoins de tous. De plus, Cagliari est l\u2019endroit id\u00e9al pour commencer une visite de la Sardaigne<\/p>\n<\/div>\n\n\n\n<div class=\"wp-block-column is-layout-constrained wp-container-core-column-is-layout-80c0687d wp-block-column-is-layout-constrained\">\n<figure class=\"wp-block-image aligncenter size-full\"><img decoding=\"async\" width=\"50\" height=\"50\" src=\"https:\/\/www.studiainitalia.com\/wp-content\/uploads\/2022\/09\/caelndar2-3_png_webp.png\" alt=\"\" class=\"wp-image-94147\" title=\"\"><\/figure>\n\n\n<div  class=\"wp-block-ultimate-post-heading ultp-block-e965cb\"><div class=\"ultp-block-wrapper\"><div class=\"ultp-heading-wrap ultp-heading-style1 ultp-heading-center\"><h2 class=\"ultp-heading-inner\"><span>Quand s\u2019y rendre?<\/span><\/h2><\/div><\/div><\/div>\n\n\n<p>Cagliari a un climat m\u00e9diterran\u00e9en avec des \u00e9t\u00e9s chauds et secs et un hiver tr\u00e8s doux. De la mi-juin \u00e0 la mi-septembre, la pluie est un \u00e9v\u00e9nement rare, limit\u00e9 \u00e0 de br\u00e8ves temp\u00eates l\u2019apr\u00e8s-midi. Vous pouvez profiter d\u2019une vari\u00e9t\u00e9 d\u2019activit\u00e9s baln\u00e9aires toute l\u2019ann\u00e9e.<\/p>\n<\/div>\n\n\n\n<div class=\"wp-block-column is-layout-constrained wp-container-core-column-is-layout-80c0687d wp-block-column-is-layout-constrained\">\n<figure class=\"wp-block-image aligncenter size-full\"><img decoding=\"async\" width=\"52\" height=\"52\" src=\"https:\/\/www.studiainitalia.com\/wp-content\/uploads\/2022\/09\/vespa-1_png_webp.png\" alt=\"\" class=\"wp-image-94148\" title=\"\"><\/figure>\n\n\n<div  class=\"wp-block-ultimate-post-heading ultp-block-532834\"><div class=\"ultp-block-wrapper\"><div class=\"ultp-heading-wrap ultp-heading-style1 ultp-heading-center\"><h2 class=\"ultp-heading-inner\"><span><mark class=\"has-inline-color has-ast-global-color-1-color\">There &amp; Around<\/mark><\/span><\/h2><\/div><\/div><\/div>\n\n\n<p>Cagliari est facilement accessible par avion via l\u2019a\u00e9roport international de Cagliari&nbsp;<a href=\"https:\/\/www.cagliari-airport.com\/\" target=\"_blank\" rel=\"noreferrer noopener\">Elmas<\/a>. Nous pouvons organiser un transfert pour vous. Pour plus d\u2019informations sur les choses \u00e0 voir et \u00e0 faire pendant votre cours d\u2019italien \u00e0 Cagliari, nous vous recommandons de consulter le&nbsp;<a href=\"https:\/\/www.lonelyplanet.com\/italy\/sardinia\/cagliari\" target=\"_blank\" rel=\"noreferrer noopener\">Lonely Planet Guide to Cagliari<\/a>.<\/p>\n<\/div>\n<\/div>\n\n\n\n<div class=\"wp-block-columns alignfull are-vertically-aligned-center is-layout-flex wp-container-core-columns-is-layout-28f84493 wp-block-columns-is-layout-flex\">\n<div class=\"wp-block-column is-vertically-aligned-center is-layout-flow wp-block-column-is-layout-flow\" style=\"flex-basis:40%\">\n<figure class=\"wp-block-embed is-type-video is-provider-youtube wp-block-embed-youtube wp-embed-aspect-16-9 wp-has-aspect-ratio\"><div class=\"wp-block-embed__wrapper\">\n<iframe title=\"Cagliari. The life you want.\" width=\"500\" height=\"281\" src=\"https:\/\/www.youtube.com\/embed\/DY2c56KlesM?feature=oembed\" frameborder=\"0\" allow=\"accelerometer; autoplay; clipboard-write; encrypted-media; gyroscope; picture-in-picture; web-share\" referrerpolicy=\"strict-origin-when-cross-origin\" allowfullscreen><\/iframe>\n<\/div><\/figure>\n<\/div>\n\n\n\n<div class=\"wp-block-column is-vertically-aligned-center is-layout-flow wp-block-column-is-layout-flow\" style=\"flex-basis:60%\"><style>.kb-google-maps-container194127_2c7ee5-d0{height:450px;}.kb-google-maps-container194127_2c7ee5-d0{filter:grayscale(100%);}<\/style><div class=\"kb-google-maps-container kb-google-maps-container194127_2c7ee5-d0  wp-block-kadence-googlemaps\" data-mapid=\"194127_2c7ee5d0\"><iframe width=\"100%\" height=\"100%\"\n\t\t\t\t\t\t\tstyle=\"border:0\" loading=\"lazy\"\n\t\t\t\t\t\t\tsrc=\"https:\/\/www.google.com\/maps\/embed\/v1\/place?key=AIzaSyBAM2o7PiQqwk15LC1XRH2e_KJ-jUa7KYk&#038;zoom=11&#038;maptype=roadmap&#038;q=cagliari\"\n\t\t\t\t\t\t\ttitle=\"Carte Google de cagliari\"><\/iframe><\/div><script>function kb_google_map194127_2c7ee5d0() { let center = { lat: 37.8201, lng: -122.4781}; let map = new google.maps.Map(document.getElementById(\"kb-google-map194127_2c7ee5d0\"), {\n\t\t\t\t\t    zoom: 11,\n\t\t\t\t\t    center: center,});let marker = new google.maps.Marker({   position: { lat: 37.8201, lng: -122.4781},    map: map,  });}<\/script><\/div>\n<\/div>\n","protected":false},"excerpt":{"rendered":"<p>La ville de Cagliari se trouve dans le sud de la Sardaigne, l\u2019une des r\u00e9gions les plus impressionnantes d\u2019Europe, avec certaines des meilleures plages de toute la M\u00e9diterran\u00e9e, voire du monde. Cagliari est la capitale de la Sardaigne. En raison de sa petite taille et de la gentillesse de ses habitants, Cagliari est l\u2019endroit id\u00e9al [&hellip;]<\/p>\n","protected":false},"author":132,"featured_media":0,"parent":189521,"menu_order":61,"comment_status":"closed","ping_status":"closed","template":"","meta":{"_acf_changed":false,"_uag_custom_page_level_css":"","_kad_blocks_custom_css":"","_kad_blocks_head_custom_js":"","_kad_blocks_body_custom_js":"","_kad_blocks_footer_custom_js":"","site-sidebar-layout":"default","site-content-layout":"","ast-site-content-layout":"default","site-content-style":"default","site-sidebar-style":"default","ast-global-header-display":"","ast-banner-title-visibility":"","ast-main-header-display":"","ast-hfb-above-header-display":"","ast-hfb-below-header-display":"","ast-hfb-mobile-header-display":"","site-post-title":"","ast-breadcrumbs-content":"","ast-featured-img":"","footer-sml-layout":"","ast-disable-related-posts":"","theme-transparent-header-meta":"","adv-header-id-meta":"","stick-header-meta":"","header-above-stick-meta":"","header-main-stick-meta":"","header-below-stick-meta":"","astra-migrate-meta-layouts":"set","ast-page-background-enabled":"default","ast-page-background-meta":{"desktop":{"background-color":"var(--ast-global-color-4)","background-image":"","background-repeat":"repeat","background-position":"center center","background-size":"auto","background-attachment":"scroll","background-type":"","background-media":"","overlay-type":"","overlay-color":"","overlay-opacity":"","overlay-gradient":""},"tablet":{"background-color":"","background-image":"","background-repeat":"repeat","background-position":"center center","background-size":"auto","background-attachment":"scroll","background-type":"","background-media":"","overlay-type":"","overlay-color":"","overlay-opacity":"","overlay-gradient":""},"mobile":{"background-color":"","background-image":"","background-repeat":"repeat","background-position":"center center","background-size":"auto","background-attachment":"scroll","background-type":"","background-media":"","overlay-type":"","overlay-color":"","overlay-opacity":"","overlay-gradient":""}},"ast-content-background-meta":{"desktop":{"background-color":"var(--ast-global-color-5)","background-image":"","background-repeat":"repeat","background-position":"center center","background-size":"auto","background-attachment":"scroll","background-type":"","background-media":"","overlay-type":"","overlay-color":"","overlay-opacity":"","overlay-gradient":""},"tablet":{"background-color":"var(--ast-global-color-5)","background-image":"","background-repeat":"repeat","background-position":"center center","background-size":"auto","background-attachment":"scroll","background-type":"","background-media":"","overlay-type":"","overlay-color":"","overlay-opacity":"","overlay-gradient":""},"mobile":{"background-color":"var(--ast-global-color-5)","background-image":"","background-repeat":"repeat","background-position":"center center","background-size":"auto","background-attachment":"scroll","background-type":"","background-media":"","overlay-type":"","overlay-color":"","overlay-opacity":"","overlay-gradient":""}},"footnotes":""},"class_list":["post-194127","page","type-page","status-publish","hentry"],"acf":[],"taxonomy_info":[],"featured_image_src_large":false,"author_info":{"display_name":"Jordi Torres","author_link":"https:\/\/www.studiainitalia.com\/fr\/author\/creativa\/"},"comment_info":0,"uagb_featured_image_src":{"full":false,"thumbnail":false,"medium":false,"medium_large":false,"large":false,"1536x1536":false,"2048x2048":false,"ultp_layout_landscape_large":false,"ultp_layout_landscape":false,"ultp_layout_portrait":false,"ultp_layout_square":false,"gform-image-choice-sm":false,"gform-image-choice-md":false,"gform-image-choice-lg":false,"woocommerce_thumbnail":false,"woocommerce_single":false,"woocommerce_gallery_thumbnail":false,"yarpp-thumbnail":false},"uagb_author_info":{"display_name":"Jordi Torres","author_link":"https:\/\/www.studiainitalia.com\/fr\/author\/creativa\/"},"uagb_comment_info":0,"uagb_excerpt":"La ville de Cagliari se trouve dans le sud de la Sardaigne, l\u2019une des r\u00e9gions les plus impressionnantes d\u2019Europe, avec certaines des meilleures plages de toute la M\u00e9diterran\u00e9e, voire du monde. Cagliari est la capitale de la Sardaigne. En raison de sa petite taille et de la gentillesse de ses habitants, Cagliari est l\u2019endroit id\u00e9al\u2026","_links":{"self":[{"href":"https:\/\/www.studiainitalia.com\/fr\/wp-json\/wp\/v2\/pages\/194127","targetHints":{"allow":["GET"]}}],"collection":[{"href":"https:\/\/www.studiainitalia.com\/fr\/wp-json\/wp\/v2\/pages"}],"about":[{"href":"https:\/\/www.studiainitalia.com\/fr\/wp-json\/wp\/v2\/types\/page"}],"author":[{"embeddable":true,"href":"https:\/\/www.studiainitalia.com\/fr\/wp-json\/wp\/v2\/users\/132"}],"replies":[{"embeddable":true,"href":"https:\/\/www.studiainitalia.com\/fr\/wp-json\/wp\/v2\/comments?post=194127"}],"version-history":[{"count":0,"href":"https:\/\/www.studiainitalia.com\/fr\/wp-json\/wp\/v2\/pages\/194127\/revisions"}],"up":[{"embeddable":true,"href":"https:\/\/www.studiainitalia.com\/fr\/wp-json\/wp\/v2\/pages\/189521"}],"wp:attachment":[{"href":"https:\/\/www.studiainitalia.com\/fr\/wp-json\/wp\/v2\/media?parent=194127"}],"curies":[{"name":"wp","href":"https:\/\/api.w.org\/{rel}","templated":true}]}}