{"id":194137,"date":"2022-10-03T13:28:43","date_gmt":"2022-10-03T11:28:43","guid":{"rendered":"https:\/\/www.studiainitalia.com\/?page_id=194137"},"modified":"2025-12-13T14:07:08","modified_gmt":"2025-12-13T13:07:08","slug":"cours-a-genes","status":"publish","type":"page","link":"https:\/\/www.studiainitalia.com\/fr\/destinations\/cours-a-genes\/","title":{"rendered":"Cours \u00e0 G\u00eanes"},"content":{"rendered":"\n<div class=\"wp-block-columns alignfull has-ast-global-color-2-background-color has-background is-layout-flex wp-container-core-columns-is-layout-c6bc58be wp-block-columns-is-layout-flex\" style=\"padding-top:0px;padding-right:0px;padding-bottom:0px;padding-left:0px\">\n<div class=\"wp-block-column is-layout-flow wp-block-column-is-layout-flow\" style=\"flex-basis:60%\">\n<div class=\"wp-block-cover alignfull is-light\" style=\"min-height:868px;aspect-ratio:unset;\"><img decoding=\"async\" width=\"640\" height=\"480\" class=\"wp-block-cover__image-background wp-image-67611\" alt=\"Cours \u00e0 G\u00eanes\" src=\"https:\/\/www.studiainitalia.com\/wp-content\/uploads\/2016\/12\/learn-italian-in-genoa.jpg\" data-object-fit=\"cover\" title=\"\" srcset=\"https:\/\/www.studiainitalia.com\/wp-content\/uploads\/2016\/12\/learn-italian-in-genoa.jpg 640w, https:\/\/www.studiainitalia.com\/wp-content\/uploads\/2016\/12\/learn-italian-in-genoa-400x300.jpg 400w, https:\/\/www.studiainitalia.com\/wp-content\/uploads\/2016\/12\/learn-italian-in-genoa-300x225.jpg 300w\" sizes=\"(max-width: 640px) 100vw, 640px\" \/><span aria-hidden=\"true\" class=\"wp-block-cover__background has-background-dim\"><\/span><div class=\"wp-block-cover__inner-container is-layout-flow wp-block-cover-is-layout-flow\">\n<h1 class=\"wp-block-heading has-text-align-center\" style=\"font-size:32px\">Cours \u00e0 G\u00eanes<\/h1>\n<\/div><\/div>\n<\/div>\n\n\n\n<div class=\"wp-block-column is-layout-flow wp-block-column-is-layout-flow\" style=\"padding-top:6%;padding-right:6%;padding-bottom:6%;padding-left:6%;flex-basis:40%\"><div  class=\"wp-block-ultimate-post-heading ultp-block-1e5f5d\"><div class=\"ultp-block-wrapper\"><div class=\"ultp-heading-wrap ultp-heading-style9 ultp-heading-left\"><h2 class=\"ultp-heading-inner\"><span>GENES<\/span><\/h2><\/div><\/div><\/div>\n\n<style>.wp-block-kadence-spacer.kt-block-spacer-_03022e-64 .kt-block-spacer{height:10px;}.wp-block-kadence-spacer.kt-block-spacer-_03022e-64 .kt-divider{border-top-width:1px;height:1px;border-top-color:var(--ast-global-color-1);width:100%;border-top-style:solid;}<\/style>\n<div class=\"wp-block-kadence-spacer aligncenter kt-block-spacer-_03022e-64\"><div class=\"kt-block-spacer kt-block-spacer-halign-center\"><hr class=\"kt-divider\"\/><\/div><\/div>\n\n\n\n<p>La Ligurie est une exp\u00e9rience unique \u00e0 vivre : mer, nature, montagne, culture et histoire. La ville de G\u00eanes et les rivieras orientale et occidentale sont riches de tous ces aspects et fascinent les touristes du monde entier depuis des si\u00e8cles.<\/p>\n\n\n\n<p>La ville de G\u00eanes a \u00e9t\u00e9 choisie comme capitale culturelle europ\u00e9enne en 2004. La vie de la ville tourne autour de son c\u00e9l\u00e8bre port, le plus important d\u2019Italie et l\u2019un des plus grands du monde. Les vieux b\u00e2timents qui entourent le centre ville t\u00e9moignent du pass\u00e9 de la ville en tant que R\u00e9publique maritime.<\/p>\n\n\n\n<p>Outre les nombreux mus\u00e9es et attractions de la ville, notamment l\u2019Aquarium de G\u00eanes, vous pouvez \u00e9galement visiter la c\u00f4te et les montagnes. G\u00eanes poss\u00e8de le plus grand centre ville m\u00e9di\u00e9val d\u2019Europe.<\/p>\n\n\n\n<p>Les petites rues de ce quartier, connues sous le nom de carruggi, ont inspir\u00e9 de nombreux artistes g\u00e9nois. Il est amusant de se promener dans les petites rues, riches en boutiques de toutes sortes, anim\u00e9es jour et nuit par des artistes de rue et des stands. Le soir, vous pouvez profiter de certaines des activit\u00e9s que la ville propose, notamment des concerts, de la musique et des divertissements.<\/p>\n<\/div>\n<\/div>\n\n\n<div  class=\"wp-block-ultimate-post-heading ultp-block-a5939c\"><div class=\"ultp-block-wrapper\"><div class=\"ultp-heading-wrap ultp-heading-style9 ultp-heading-center\"><h2 class=\"ultp-heading-inner\"><span>Choisissez votre cours \u00e0 G\u00eanes<\/span><\/h2><\/div><\/div><\/div>\n\n<div data-block-name=\"woocommerce\/product-category\" data-categories=\"[1279]\" data-columns=\"6\" data-content-visibility=\"{&quot;image&quot;:true,&quot;title&quot;:true,&quot;price&quot;:true,&quot;rating&quot;:true,&quot;button&quot;:false}\" class=\"wc-block-grid wp-block-product-category wp-block-woocommerce-product-category wc-block-product-category has-6-columns has-multiple-rows\"><ul class=\"wc-block-grid__products\"><li class=\"wc-block-grid__product\"><span class=\"gtm4wp_productdata\" style=\"display:none; visibility:hidden;\" data-gtm4wp_product_data=\"{&quot;internal_id&quot;:189152,&quot;item_id&quot;:189152,&quot;item_name&quot;:&quot;Cours d\\u2019italien et de plong\\u00e9e \\u00e0 G\\u00eanes&quot;,&quot;sku&quot;:189152,&quot;price&quot;:1048,&quot;stocklevel&quot;:null,&quot;stockstatus&quot;:&quot;instock&quot;,&quot;google_business_vertical&quot;:&quot;retail&quot;,&quot;item_category&quot;:&quot;\\u00c9tudier \\u00e0 G\\u00eanes&quot;,&quot;id&quot;:189152,&quot;productlink&quot;:&quot;https:\\\/\\\/www.studiainitalia.com\\\/fr\\\/cours\\\/cours-de-sport\\\/italien-et-plongee-a-genes\\\/&quot;,&quot;item_list_name&quot;:&quot;Liste g\\u00e9n\\u00e9rale des produits&quot;,&quot;index&quot;:0,&quot;product_type&quot;:&quot;variable&quot;,&quot;item_brand&quot;:&quot;&quot;}\"><\/span>\n\t\t\t\t<a href=\"https:\/\/www.studiainitalia.com\/fr\/cours\/cours-de-sport\/italien-et-plongee-a-genes\/\" class=\"wc-block-grid__product-link\">\n\t\t\t\t\t\n\t\t\t\t\t<div class=\"wc-block-grid__product-image\"><img decoding=\"async\" width=\"300\" height=\"300\" src=\"https:\/\/www.studiainitalia.com\/wp-content\/uploads\/2016\/11\/diving-1049477_1280-300x300.jpg\" class=\"attachment-woocommerce_thumbnail size-woocommerce_thumbnail\" alt=\"Italian and diving\" srcset=\"https:\/\/www.studiainitalia.com\/wp-content\/uploads\/2016\/11\/diving-1049477_1280-300x300.jpg 300w, https:\/\/www.studiainitalia.com\/wp-content\/uploads\/2016\/11\/diving-1049477_1280-600x600.jpg 600w, https:\/\/www.studiainitalia.com\/wp-content\/uploads\/2016\/11\/diving-1049477_1280-100x100.jpg 100w, https:\/\/www.studiainitalia.com\/wp-content\/uploads\/2016\/11\/diving-1049477_1280-120x120.jpg 120w\" sizes=\"(max-width: 300px) 100vw, 300px\" title=\"\"><\/div>\n\t\t\t\t\t<div class=\"wc-block-grid__product-title\">Cours d\u2019italien et de plong\u00e9e \u00e0 G\u00eanes<\/div>\n\t\t\t\t<\/a>\n\t\t\t\t<div class=\"wc-block-grid__product-price price\"><span class=\"woocommerce-Price-amount amount\" aria-hidden=\"true\">1.048<span class=\"woocommerce-Price-currencySymbol\">&euro;<\/span><\/span> <span aria-hidden=\"true\">\u00a0\u2013\u00a0<\/span> <span class=\"woocommerce-Price-amount amount\" aria-hidden=\"true\">1.498<span class=\"woocommerce-Price-currencySymbol\">&euro;<\/span><\/span><span class=\"screen-reader-text\">Plage de prix\u00a0: 1.048&euro; \u00e0 1.498&euro;<\/span><\/div>\n\t\t\t\t<div class=\"wc-block-grid__product-rating\"><div class=\"review-rating\"><div class=\"star-rating\"><span style=\"width:100%\">Not\u00e9 <strong class=\"rating\">5.00<\/strong> sur 5 bas\u00e9 sur <span class=\"rating\">1<\/span> notation client<\/span><\/div><\/div><\/div>\n\t\t\t\t\n\t\t\t<\/li><li class=\"wc-block-grid__product\"><span class=\"gtm4wp_productdata\" style=\"display:none; visibility:hidden;\" data-gtm4wp_product_data=\"{&quot;internal_id&quot;:188163,&quot;item_id&quot;:188163,&quot;item_name&quot;:&quot;Cours d\\u2019italien \\u00e0 G\\u00eanes&quot;,&quot;sku&quot;:188163,&quot;price&quot;:325,&quot;stocklevel&quot;:null,&quot;stockstatus&quot;:&quot;instock&quot;,&quot;google_business_vertical&quot;:&quot;retail&quot;,&quot;item_category&quot;:&quot;\\u00c9tudier \\u00e0 G\\u00eanes&quot;,&quot;id&quot;:188163,&quot;productlink&quot;:&quot;https:\\\/\\\/www.studiainitalia.com\\\/fr\\\/cours\\\/cours-italien-en-italie\\\/italien-a-genes\\\/&quot;,&quot;item_list_name&quot;:&quot;Liste g\\u00e9n\\u00e9rale des produits&quot;,&quot;index&quot;:0,&quot;product_type&quot;:&quot;variable&quot;,&quot;item_brand&quot;:&quot;&quot;}\"><\/span>\n\t\t\t\t<a href=\"https:\/\/www.studiainitalia.com\/fr\/cours\/cours-italien-en-italie\/italien-a-genes\/\" class=\"wc-block-grid__product-link\">\n\t\t\t\t\t\n\t\t\t\t\t<div class=\"wc-block-grid__product-image\"><img decoding=\"async\" width=\"300\" height=\"300\" src=\"https:\/\/www.studiainitalia.com\/wp-content\/uploads\/2016\/11\/italian-in-genoa-300x300.jpg\" class=\"attachment-woocommerce_thumbnail size-woocommerce_thumbnail\" alt=\"Italien \u00e0 G\u00eanes\" srcset=\"https:\/\/www.studiainitalia.com\/wp-content\/uploads\/2016\/11\/italian-in-genoa-300x300.jpg 300w, https:\/\/www.studiainitalia.com\/wp-content\/uploads\/2016\/11\/italian-in-genoa-100x100.jpg 100w, https:\/\/www.studiainitalia.com\/wp-content\/uploads\/2016\/11\/italian-in-genoa-400x400.jpg 400w, https:\/\/www.studiainitalia.com\/wp-content\/uploads\/2016\/11\/italian-in-genoa-150x150.jpg 150w, https:\/\/www.studiainitalia.com\/wp-content\/uploads\/2016\/11\/italian-in-genoa.jpg 650w\" sizes=\"(max-width: 300px) 100vw, 300px\" title=\"\"><\/div>\n\t\t\t\t\t<div class=\"wc-block-grid__product-title\">Cours d\u2019italien \u00e0 G\u00eanes<\/div>\n\t\t\t\t<\/a>\n\t\t\t\t<div class=\"wc-block-grid__product-price price\"><span class=\"woocommerce-Price-amount amount\" aria-hidden=\"true\">325<span class=\"woocommerce-Price-currencySymbol\">&euro;<\/span><\/span> <span aria-hidden=\"true\">\u00a0\u2013\u00a0<\/span> <span class=\"woocommerce-Price-amount amount\" aria-hidden=\"true\">1.700<span class=\"woocommerce-Price-currencySymbol\">&euro;<\/span><\/span><span class=\"screen-reader-text\">Plage de prix\u00a0: 325&euro; \u00e0 1.700&euro;<\/span><\/div>\n\t\t\t\t<div class=\"wc-block-grid__product-rating\"><div class=\"review-rating\"><div class=\"star-rating\"><span style=\"width:96.8%\">Not\u00e9 <strong class=\"rating\">4.84<\/strong> sur 5 bas\u00e9 sur <span class=\"rating\">32<\/span> notations client<\/span><\/div><\/div><\/div>\n\t\t\t\t\n\t\t\t<\/li><\/ul><\/div>\n\n\n<div class=\"wp-block-columns alignfull has-ast-global-color-2-background-color has-background is-layout-flex wp-container-core-columns-is-layout-c7ed57bb wp-block-columns-is-layout-flex\" style=\"padding-top:5%;padding-right:10%;padding-bottom:5%;padding-left:10%\">\n<div class=\"wp-block-column is-layout-constrained wp-container-core-column-is-layout-80c0687d wp-block-column-is-layout-constrained\">\n<figure class=\"wp-block-image aligncenter size-full\"><img decoding=\"async\" width=\"52\" height=\"52\" src=\"https:\/\/www.studiainitalia.com\/wp-content\/uploads\/2016\/10\/italy4.png\" alt=\"\" class=\"wp-image-85623\" title=\"\"><\/figure>\n\n\n<div  class=\"wp-block-ultimate-post-heading ultp-block-f791f4\"><div class=\"ultp-block-wrapper\"><div class=\"ultp-heading-wrap ultp-heading-style1 ultp-heading-center\"><h2 class=\"ultp-heading-inner\"><span>Pourquoi Genes?<\/span><\/h2><\/div><\/div><\/div>\n\n\n<p>G\u00eanes est l\u2019une de ces fascinantes villes italiennes relativement inconnues des millions de touristes qui visitent l\u2019Italie chaque ann\u00e9e. G\u00eanes est le lieu de naissance de Christophe Colomb. La ville enti\u00e8re est une combinaison \u00e9tonnante de&nbsp;<strong>couleurs et saveurs fortes\u2013<\/strong>&nbsp;tel que&nbsp;<strong>pesto, focaccia,<\/strong>&nbsp;poisson frais&nbsp;<strong>contrastes et curiosit\u00e9s,<\/strong>&nbsp;vous donnant plus d\u2019une raison de visiter G\u00eanes.<\/p>\n<\/div>\n\n\n\n<div class=\"wp-block-column is-layout-constrained wp-container-core-column-is-layout-80c0687d wp-block-column-is-layout-constrained\">\n<figure class=\"wp-block-image aligncenter size-full\"><img decoding=\"async\" width=\"50\" height=\"50\" src=\"https:\/\/www.studiainitalia.com\/wp-content\/uploads\/2022\/09\/caelndar2-3_png_webp.png\" alt=\"\" class=\"wp-image-94147\" title=\"\"><\/figure>\n\n\n<div  class=\"wp-block-ultimate-post-heading ultp-block-4508a6\"><div class=\"ultp-block-wrapper\"><div class=\"ultp-heading-wrap ultp-heading-style1 ultp-heading-center\"><h2 class=\"ultp-heading-inner\"><span>Quand s\u2019y rendre ?<\/span><\/h2><\/div><\/div><\/div>\n\n\n<p>G\u00eanes se trouve au c\u0153ur de la province de Ligurie. Le temps de G\u00eanes est parfait pour une visite \u00e0 tout moment de l\u2019ann\u00e9e. Si vous recherchez un temps ensoleill\u00e9 et chaud, il est bon de le visiter pendant la saison estivale de mai \u00e0 septembre. La saison printani\u00e8re est id\u00e9ale pour profiter de la campagne environnante et aussi en automne, vous pouvez profiter d\u2019un agr\u00e9able s\u00e9jour en bord de mer<\/p>\n<\/div>\n\n\n\n<div class=\"wp-block-column is-layout-constrained wp-container-core-column-is-layout-80c0687d wp-block-column-is-layout-constrained\">\n<figure class=\"wp-block-image aligncenter size-full\"><img decoding=\"async\" width=\"52\" height=\"52\" src=\"https:\/\/www.studiainitalia.com\/wp-content\/uploads\/2022\/09\/vespa-1_png_webp.png\" alt=\"\" class=\"wp-image-94148\" title=\"\"><\/figure>\n\n\n<div  class=\"wp-block-ultimate-post-heading ultp-block-9af10e\"><div class=\"ultp-block-wrapper\"><div class=\"ultp-heading-wrap ultp-heading-style1 ultp-heading-center\"><h2 class=\"ultp-heading-inner\"><span>There &amp; Around<\/span><\/h2><\/div><\/div><\/div>\n\n\n<p>G\u00eanes est facilement accessible par avion via l\u2019a\u00e9roport international de G\u00eanes<a href=\"https:\/\/www.genovaairport.com\/\" target=\"_blank\" rel=\"noreferrer noopener\">&nbsp;Cristoforo Colombo<\/a>.&nbsp;Nous pouvons organiser un transfert pour vous. Vous pouvez \u00e9galement prendre l\u2019avion pour Milan et prendre un train pour G\u00eanes (entre 1 et 2 heures)<\/p>\n\n\n\n<p>Pour de plus amples informations sur les choses \u00e0 voir et \u00e0 faire pendant votre cours d\u2019italien \u00e0 G\u00eanes, nous vous recommandons consulter&nbsp;<a href=\"https:\/\/www.lonelyplanet.com\/italy\/liguria-piedmont-and-valle-daosta\/genoa\" target=\"_blank\" rel=\"noreferrer noopener\">Lonely Planet Guide to Genoa<\/a>.<\/p>\n<\/div>\n<\/div>\n\n\n\n<div class=\"wp-block-columns alignfull are-vertically-aligned-center is-layout-flex wp-container-core-columns-is-layout-28f84493 wp-block-columns-is-layout-flex\">\n<div class=\"wp-block-column is-vertically-aligned-center is-layout-flow wp-block-column-is-layout-flow\" style=\"flex-basis:40%\">\n<figure class=\"wp-block-embed is-type-video is-provider-youtube wp-block-embed-youtube wp-embed-aspect-16-9 wp-has-aspect-ratio\"><div class=\"wp-block-embed__wrapper\">\n<iframe title=\"Lovingenova, il video per la promozione di Genova dell&#039;Ufficio del Turismo\" width=\"500\" height=\"281\" src=\"https:\/\/www.youtube.com\/embed\/eBZPfo3dONI?feature=oembed\" frameborder=\"0\" allow=\"accelerometer; autoplay; clipboard-write; encrypted-media; gyroscope; picture-in-picture; web-share\" referrerpolicy=\"strict-origin-when-cross-origin\" allowfullscreen><\/iframe>\n<\/div><\/figure>\n<\/div>\n\n\n\n<div class=\"wp-block-column is-vertically-aligned-center is-layout-flow wp-block-column-is-layout-flow\" style=\"flex-basis:60%\"><style>.kb-google-maps-container194137_09ee18-7a{height:450px;}.kb-google-maps-container194137_09ee18-7a{filter:grayscale(100%);}<\/style><div class=\"kb-google-maps-container kb-google-maps-container194137_09ee18-7a  wp-block-kadence-googlemaps\" data-mapid=\"194137_09ee187a\"><iframe width=\"100%\" height=\"100%\"\n\t\t\t\t\t\t\tstyle=\"border:0\" loading=\"lazy\"\n\t\t\t\t\t\t\tsrc=\"https:\/\/www.google.com\/maps\/embed\/v1\/place?key=AIzaSyBAM2o7PiQqwk15LC1XRH2e_KJ-jUa7KYk&#038;zoom=11&#038;maptype=roadmap&#038;q=G%C3%AAnes%2C+Italie\"\n\t\t\t\t\t\t\ttitle=\"Carte Google de G\u00eanes, Italie\"><\/iframe><\/div><script>function kb_google_map194137_09ee187a() { let center = { lat: 37.8201, lng: -122.4781}; let map = new google.maps.Map(document.getElementById(\"kb-google-map194137_09ee187a\"), {\n\t\t\t\t\t    zoom: 11,\n\t\t\t\t\t    center: center,});let marker = new google.maps.Marker({   position: { lat: 37.8201, lng: -122.4781},    map: map,  });}<\/script><\/div>\n<\/div>\n","protected":false},"excerpt":{"rendered":"<p>La Ligurie est une exp\u00e9rience unique \u00e0 vivre : mer, nature, montagne, culture et histoire. La ville de G\u00eanes et les rivieras orientale et occidentale sont riches de tous ces aspects et fascinent les touristes du monde entier depuis des si\u00e8cles. La ville de G\u00eanes a \u00e9t\u00e9 choisie comme capitale culturelle europ\u00e9enne en 2004. La [&hellip;]<\/p>\n","protected":false},"author":132,"featured_media":0,"parent":189521,"menu_order":61,"comment_status":"closed","ping_status":"closed","template":"","meta":{"_acf_changed":false,"_uag_custom_page_level_css":"","_kad_blocks_custom_css":"","_kad_blocks_head_custom_js":"","_kad_blocks_body_custom_js":"","_kad_blocks_footer_custom_js":"","site-sidebar-layout":"default","site-content-layout":"","ast-site-content-layout":"default","site-content-style":"default","site-sidebar-style":"default","ast-global-header-display":"","ast-banner-title-visibility":"","ast-main-header-display":"","ast-hfb-above-header-display":"","ast-hfb-below-header-display":"","ast-hfb-mobile-header-display":"","site-post-title":"","ast-breadcrumbs-content":"","ast-featured-img":"","footer-sml-layout":"","ast-disable-related-posts":"","theme-transparent-header-meta":"","adv-header-id-meta":"","stick-header-meta":"","header-above-stick-meta":"","header-main-stick-meta":"","header-below-stick-meta":"","astra-migrate-meta-layouts":"set","ast-page-background-enabled":"default","ast-page-background-meta":{"desktop":{"background-color":"var(--ast-global-color-4)","background-image":"","background-repeat":"repeat","background-position":"center center","background-size":"auto","background-attachment":"scroll","background-type":"","background-media":"","overlay-type":"","overlay-color":"","overlay-opacity":"","overlay-gradient":""},"tablet":{"background-color":"","background-image":"","background-repeat":"repeat","background-position":"center center","background-size":"auto","background-attachment":"scroll","background-type":"","background-media":"","overlay-type":"","overlay-color":"","overlay-opacity":"","overlay-gradient":""},"mobile":{"background-color":"","background-image":"","background-repeat":"repeat","background-position":"center center","background-size":"auto","background-attachment":"scroll","background-type":"","background-media":"","overlay-type":"","overlay-color":"","overlay-opacity":"","overlay-gradient":""}},"ast-content-background-meta":{"desktop":{"background-color":"var(--ast-global-color-5)","background-image":"","background-repeat":"repeat","background-position":"center center","background-size":"auto","background-attachment":"scroll","background-type":"","background-media":"","overlay-type":"","overlay-color":"","overlay-opacity":"","overlay-gradient":""},"tablet":{"background-color":"var(--ast-global-color-5)","background-image":"","background-repeat":"repeat","background-position":"center center","background-size":"auto","background-attachment":"scroll","background-type":"","background-media":"","overlay-type":"","overlay-color":"","overlay-opacity":"","overlay-gradient":""},"mobile":{"background-color":"var(--ast-global-color-5)","background-image":"","background-repeat":"repeat","background-position":"center center","background-size":"auto","background-attachment":"scroll","background-type":"","background-media":"","overlay-type":"","overlay-color":"","overlay-opacity":"","overlay-gradient":""}},"footnotes":""},"class_list":["post-194137","page","type-page","status-publish","hentry"],"acf":[],"taxonomy_info":[],"featured_image_src_large":false,"author_info":{"display_name":"Jordi Torres","author_link":"https:\/\/www.studiainitalia.com\/fr\/author\/creativa\/"},"comment_info":0,"uagb_featured_image_src":{"full":false,"thumbnail":false,"medium":false,"medium_large":false,"large":false,"1536x1536":false,"2048x2048":false,"ultp_layout_landscape_large":false,"ultp_layout_landscape":false,"ultp_layout_portrait":false,"ultp_layout_square":false,"gform-image-choice-sm":false,"gform-image-choice-md":false,"gform-image-choice-lg":false,"woocommerce_thumbnail":false,"woocommerce_single":false,"woocommerce_gallery_thumbnail":false,"yarpp-thumbnail":false},"uagb_author_info":{"display_name":"Jordi Torres","author_link":"https:\/\/www.studiainitalia.com\/fr\/author\/creativa\/"},"uagb_comment_info":0,"uagb_excerpt":"La Ligurie est une exp\u00e9rience unique \u00e0 vivre : mer, nature, montagne, culture et histoire. La ville de G\u00eanes et les rivieras orientale et occidentale sont riches de tous ces aspects et fascinent les touristes du monde entier depuis des si\u00e8cles. La ville de G\u00eanes a \u00e9t\u00e9 choisie comme capitale culturelle europ\u00e9enne en 2004. La\u2026","_links":{"self":[{"href":"https:\/\/www.studiainitalia.com\/fr\/wp-json\/wp\/v2\/pages\/194137","targetHints":{"allow":["GET"]}}],"collection":[{"href":"https:\/\/www.studiainitalia.com\/fr\/wp-json\/wp\/v2\/pages"}],"about":[{"href":"https:\/\/www.studiainitalia.com\/fr\/wp-json\/wp\/v2\/types\/page"}],"author":[{"embeddable":true,"href":"https:\/\/www.studiainitalia.com\/fr\/wp-json\/wp\/v2\/users\/132"}],"replies":[{"embeddable":true,"href":"https:\/\/www.studiainitalia.com\/fr\/wp-json\/wp\/v2\/comments?post=194137"}],"version-history":[{"count":0,"href":"https:\/\/www.studiainitalia.com\/fr\/wp-json\/wp\/v2\/pages\/194137\/revisions"}],"up":[{"embeddable":true,"href":"https:\/\/www.studiainitalia.com\/fr\/wp-json\/wp\/v2\/pages\/189521"}],"wp:attachment":[{"href":"https:\/\/www.studiainitalia.com\/fr\/wp-json\/wp\/v2\/media?parent=194137"}],"curies":[{"name":"wp","href":"https:\/\/api.w.org\/{rel}","templated":true}]}}