{"id":194154,"date":"2022-10-03T13:33:54","date_gmt":"2022-10-03T11:33:54","guid":{"rendered":"https:\/\/www.studiainitalia.com\/?page_id=194154"},"modified":"2024-01-18T14:06:50","modified_gmt":"2024-01-18T13:06:50","slug":"cours-a-lucca","status":"publish","type":"page","link":"https:\/\/www.studiainitalia.com\/fr\/destinations\/cours-a-lucca\/","title":{"rendered":"Cours \u00e0 Lucca"},"content":{"rendered":"\n<div class=\"wp-block-columns alignfull has-ast-global-color-2-background-color has-background is-layout-flex wp-container-core-columns-is-layout-c6bc58be wp-block-columns-is-layout-flex\" style=\"padding-top:0px;padding-right:0px;padding-bottom:0px;padding-left:0px\">\n<div class=\"wp-block-column is-layout-flow wp-block-column-is-layout-flow\" style=\"flex-basis:60%\">\n<div class=\"wp-block-cover alignfull\" style=\"min-height:537px;aspect-ratio:unset;\"><span aria-hidden=\"true\" class=\"wp-block-cover__background has-background-dim\"><\/span><img decoding=\"async\" width=\"400\" height=\"400\" class=\"wp-block-cover__image-background wp-image-186691\" alt=\"Cours \u00e0 Lucca\" src=\"https:\/\/www.studiainitalia.com\/wp-content\/uploads\/2022\/09\/lucca_jpg_webp1.jpg\" data-object-fit=\"cover\" title=\"\" srcset=\"https:\/\/www.studiainitalia.com\/wp-content\/uploads\/2022\/09\/lucca_jpg_webp1.jpg 400w, https:\/\/www.studiainitalia.com\/wp-content\/uploads\/2022\/09\/lucca_jpg_webp1-300x300.jpg 300w, https:\/\/www.studiainitalia.com\/wp-content\/uploads\/2022\/09\/lucca_jpg_webp1-100x100.jpg 100w, https:\/\/www.studiainitalia.com\/wp-content\/uploads\/2022\/09\/lucca_jpg_webp1-120x120.jpg 120w\" sizes=\"(max-width: 400px) 100vw, 400px\" \/><div class=\"wp-block-cover__inner-container is-layout-flow wp-block-cover-is-layout-flow\"><style>.wp-block-kadence-advancedheading.kt-adv-heading194154_19f9cc-08, .wp-block-kadence-advancedheading.kt-adv-heading194154_19f9cc-08[data-kb-block=\"kb-adv-heading194154_19f9cc-08\"]{text-align:center;font-style:normal;}.wp-block-kadence-advancedheading.kt-adv-heading194154_19f9cc-08 mark.kt-highlight, .wp-block-kadence-advancedheading.kt-adv-heading194154_19f9cc-08[data-kb-block=\"kb-adv-heading194154_19f9cc-08\"] mark.kt-highlight{font-style:normal;color:#f76a0c;-webkit-box-decoration-break:clone;box-decoration-break:clone;padding-top:0px;padding-right:0px;padding-bottom:0px;padding-left:0px;}<\/style>\n<h1 class=\"kt-adv-heading194154_19f9cc-08 wp-block-kadence-advancedheading\" data-kb-block=\"kb-adv-heading194154_19f9cc-08\">Cours \u00e0 Lucca<\/h1>\n<\/div><\/div>\n<\/div>\n\n\n\n<div class=\"wp-block-column is-layout-flow wp-block-column-is-layout-flow\" style=\"padding-top:6%;padding-right:6%;padding-bottom:6%;padding-left:6%;flex-basis:40%\"><div  class=\"wp-block-ultimate-post-heading ultp-block-b3db5d\"><div class=\"ultp-block-wrapper\"><div class=\"ultp-heading-wrap ultp-heading-style9 ultp-heading-left\"><h2 class=\"ultp-heading-inner\"><span>LUCCA<\/span><\/h2><\/div><\/div><\/div>\n\n<style>.wp-block-kadence-spacer.kt-block-spacer-_03022e-64 .kt-block-spacer{height:10px;}.wp-block-kadence-spacer.kt-block-spacer-_03022e-64 .kt-divider{border-top-width:1px;height:1px;border-top-color:var(--ast-global-color-1);width:100%;border-top-style:solid;}<\/style>\n<div class=\"wp-block-kadence-spacer aligncenter kt-block-spacer-_03022e-64\"><div class=\"kt-block-spacer kt-block-spacer-halign-center\"><hr class=\"kt-divider\"\/><\/div><\/div>\n\n\n\n<p>Lucca est une ville importante pour l\u2019art et la culture traditionnelle, qui pr\u00e9sente un centre historique vital d\u2019une valeur extraordinaire. Elle est c\u00e9l\u00e8bre pour ses rues \u00e9troites et m\u00e9di\u00e9vales, ses \u00e9glises, ses tours et ses murs intacts.<\/p>\n\n\n\n<p>Lucca offre des march\u00e9s, des festivals et des expositions tout au long de l\u2019ann\u00e9e et toutes les installations que l\u2019on peut attendre d\u2019une petite ville.<\/p>\n\n\n\n<p>Lucca a donn\u00e9 naissance au grand musicien Giacomo Puccini.<\/p>\n<\/div>\n<\/div>\n\n\n<div  class=\"wp-block-ultimate-post-heading ultp-block-7c15a0\"><div class=\"ultp-block-wrapper\"><div class=\"ultp-heading-wrap ultp-heading-style9 ultp-heading-center\"><h2 class=\"ultp-heading-inner\"><span>Choisissez votre cours \u00e0 Lucca<\/span><\/h2><\/div><\/div><\/div>\n\n<div data-block-name=\"woocommerce\/product-category\" data-categories=\"[1302]\" data-columns=\"6\" data-content-visibility=\"{&quot;image&quot;:true,&quot;title&quot;:true,&quot;price&quot;:true,&quot;rating&quot;:true,&quot;button&quot;:false}\" class=\"wc-block-grid wp-block-product-category wp-block-woocommerce-product-category wc-block-product-category has-6-columns has-multiple-rows\"><ul class=\"wc-block-grid__products\"><li class=\"wc-block-grid__product\"><span class=\"gtm4wp_productdata\" style=\"display:none; visibility:hidden;\" data-gtm4wp_product_data=\"{&quot;internal_id&quot;:188308,&quot;item_id&quot;:188308,&quot;item_name&quot;:&quot;Cours d\\u2019italien \\u00e0 Lucca&quot;,&quot;sku&quot;:188308,&quot;price&quot;:295,&quot;stocklevel&quot;:null,&quot;stockstatus&quot;:&quot;instock&quot;,&quot;google_business_vertical&quot;:&quot;retail&quot;,&quot;item_category&quot;:&quot;\\u00c9tudier \\u00e0 Lucca&quot;,&quot;id&quot;:188308,&quot;productlink&quot;:&quot;https:\\\/\\\/www.studiainitalia.com\\\/fr\\\/cours\\\/cours-italien-en-italie\\\/italien-a-lucca\\\/&quot;,&quot;item_list_name&quot;:&quot;Liste g\\u00e9n\\u00e9rale des produits&quot;,&quot;index&quot;:0,&quot;product_type&quot;:&quot;variable&quot;,&quot;item_brand&quot;:&quot;&quot;}\"><\/span>\n\t\t\t\t<a href=\"https:\/\/www.studiainitalia.com\/fr\/cours\/cours-italien-en-italie\/italien-a-lucca\/\" class=\"wc-block-grid__product-link\">\n\t\t\t\t\t\n\t\t\t\t\t<div class=\"wc-block-grid__product-image\"><img decoding=\"async\" width=\"300\" height=\"300\" src=\"https:\/\/www.studiainitalia.com\/wp-content\/uploads\/2016\/11\/italian-in-lucca-1-e1490099174871-300x300.jpg\" class=\"attachment-woocommerce_thumbnail size-woocommerce_thumbnail\" alt=\"Italien \u00e0 Lucca\" srcset=\"https:\/\/www.studiainitalia.com\/wp-content\/uploads\/2016\/11\/italian-in-lucca-1-e1490099174871.jpg 300w, https:\/\/www.studiainitalia.com\/wp-content\/uploads\/2016\/11\/italian-in-lucca-1-e1490099174871-100x100.jpg 100w\" sizes=\"(max-width: 300px) 100vw, 300px\" title=\"\"><\/div>\n\t\t\t\t\t<div class=\"wc-block-grid__product-title\">Cours d\u2019italien \u00e0 Lucca<\/div>\n\t\t\t\t<\/a>\n\t\t\t\t<div class=\"wc-block-grid__product-price price\"><span class=\"woocommerce-Price-amount amount\" aria-hidden=\"true\">295<span class=\"woocommerce-Price-currencySymbol\">&euro;<\/span><\/span> <span aria-hidden=\"true\">\u00a0\u2013\u00a0<\/span> <span class=\"woocommerce-Price-amount amount\" aria-hidden=\"true\">810<span class=\"woocommerce-Price-currencySymbol\">&euro;<\/span><\/span><span class=\"screen-reader-text\">Plage de prix\u00a0: 295&euro; \u00e0 810&euro;<\/span><\/div>\n\t\t\t\t<div class=\"wc-block-grid__product-rating\"><div class=\"review-rating\"><div class=\"star-rating\"><span style=\"width:96.6%\">Not\u00e9 <strong class=\"rating\">4.83<\/strong> sur 5 bas\u00e9 sur <span class=\"rating\">48<\/span> notations client<\/span><\/div><\/div><\/div>\n\t\t\t\t\n\t\t\t<\/li><\/ul><\/div>\n\n\n<div class=\"wp-block-columns alignfull has-ast-global-color-2-background-color has-background is-layout-flex wp-container-core-columns-is-layout-c7ed57bb wp-block-columns-is-layout-flex\" style=\"padding-top:5%;padding-right:10%;padding-bottom:5%;padding-left:10%\">\n<div class=\"wp-block-column is-layout-constrained wp-container-core-column-is-layout-80c0687d wp-block-column-is-layout-constrained\">\n<figure class=\"wp-block-image aligncenter size-full\"><img decoding=\"async\" width=\"52\" height=\"52\" src=\"https:\/\/www.studiainitalia.com\/wp-content\/uploads\/2016\/10\/italy4.png\" alt=\"\" class=\"wp-image-85623\" title=\"\"><\/figure>\n\n\n<div  class=\"wp-block-ultimate-post-heading ultp-block-0bf74f\"><div class=\"ultp-block-wrapper\"><div class=\"ultp-heading-wrap ultp-heading-style1 ultp-heading-center\"><h2 class=\"ultp-heading-inner\"><span>Pourquoi Lucca?<\/span><\/h2><\/div><\/div><\/div>\n\n\n<p>Visiter Lucca est une exp\u00e9rience authentique: pas seulement le centre-ville fascinant vaut le d\u00e9tour, ses environs offrent des voyages relaxants, des lieux naturels et historiques \u00e0 d\u00e9couvrir . Facilement accessible depuis Florence et Pise, Lucca est proche de Viareggio et des plages voisines, ainsi que de la campagne pour des paysages pittoresques.<\/p>\n<\/div>\n\n\n\n<div class=\"wp-block-column is-layout-constrained wp-container-core-column-is-layout-80c0687d wp-block-column-is-layout-constrained\">\n<figure class=\"wp-block-image aligncenter size-full\"><img decoding=\"async\" width=\"50\" height=\"50\" src=\"https:\/\/www.studiainitalia.com\/wp-content\/uploads\/2022\/09\/caelndar2-3_png_webp.png\" alt=\"\" class=\"wp-image-94147\" title=\"\"><\/figure>\n\n\n<div  class=\"wp-block-ultimate-post-heading ultp-block-4af4a3\"><div class=\"ultp-block-wrapper\"><div class=\"ultp-heading-wrap ultp-heading-style1 ultp-heading-center\"><h2 class=\"ultp-heading-inner\"><span>Quand s\u2019y rendre?<\/span><\/h2><\/div><\/div><\/div>\n\n\n<p>D\u2019avril \u00e0 juin est le moment id\u00e9al pour visiter Lucques. Cependant Lucca est assez agr\u00e9able \u00e0 l\u2019automne. En septembre, le centre historique de Lucques est \u00e9clair\u00e9 pendant le festival appel\u00e9 Luminaria di Santa Croce.<\/p>\n<\/div>\n\n\n\n<div class=\"wp-block-column is-layout-constrained wp-container-core-column-is-layout-80c0687d wp-block-column-is-layout-constrained\">\n<figure class=\"wp-block-image aligncenter size-full\"><img decoding=\"async\" width=\"52\" height=\"52\" src=\"https:\/\/www.studiainitalia.com\/wp-content\/uploads\/2022\/09\/vespa-1_png_webp.png\" alt=\"\" class=\"wp-image-94148\" title=\"\"><\/figure>\n\n\n<div  class=\"wp-block-ultimate-post-heading ultp-block-91b687\"><div class=\"ultp-block-wrapper\"><div class=\"ultp-heading-wrap ultp-heading-style1 ultp-heading-center\"><h2 class=\"ultp-heading-inner\"><span>There &amp; Around<\/span><\/h2><\/div><\/div><\/div>\n\n\n<p>Si vous arrivez en avion, les a\u00e9roports les plus proches sont Florence Amerigo Vespucci et Pisa Galileo Galilei. Il existe des liaisons fr\u00e9quentes vers Luca en train ou en bus. Studiainitalia peut organiser un transfert \u00e0 Lucca pour vous<\/p>\n\n\n\n<p>Pour plus d\u2019informations sur les choses \u00e0 voir et \u00e0 faire pendant votre s\u00e9jour \u00e0 Lucques, nous vous recommandons de consulter le&nbsp;<a href=\"https:\/\/www.lonelyplanet.com\/italy\/tuscany\/lucca\" target=\"_blank\" rel=\"noreferrer noopener\">Lonely Planet Guide to Lucca.<\/a><\/p>\n<\/div>\n<\/div>\n\n\n\n<div class=\"wp-block-columns alignfull are-vertically-aligned-center is-layout-flex wp-container-core-columns-is-layout-28f84493 wp-block-columns-is-layout-flex\">\n<div class=\"wp-block-column is-vertically-aligned-center is-layout-flow wp-block-column-is-layout-flow\" style=\"flex-basis:40%\">\n<figure class=\"wp-block-embed is-type-video is-provider-youtube wp-block-embed-youtube wp-embed-aspect-16-9 wp-has-aspect-ratio\"><div class=\"wp-block-embed__wrapper\">\n<iframe title=\"Promo Citt\u00e0 di Lucca\" width=\"500\" height=\"281\" src=\"https:\/\/www.youtube.com\/embed\/ERMbDmVSEGM?feature=oembed\" frameborder=\"0\" allow=\"accelerometer; autoplay; clipboard-write; encrypted-media; gyroscope; picture-in-picture; web-share\" referrerpolicy=\"strict-origin-when-cross-origin\" allowfullscreen><\/iframe>\n<\/div><\/figure>\n<\/div>\n\n\n\n<div class=\"wp-block-column is-vertically-aligned-center is-layout-flow wp-block-column-is-layout-flow\" style=\"flex-basis:60%\"><style>.kb-google-maps-container194154_35c5f7-11{height:450px;}.kb-google-maps-container194154_35c5f7-11{filter:grayscale(100%);}<\/style><div class=\"kb-google-maps-container kb-google-maps-container194154_35c5f7-11  wp-block-kadence-googlemaps\" data-mapid=\"194154_35c5f711\"><iframe width=\"100%\" height=\"100%\"\n\t\t\t\t\t\t\tstyle=\"border:0\" loading=\"lazy\"\n\t\t\t\t\t\t\tsrc=\"https:\/\/www.google.com\/maps\/embed\/v1\/place?key=AIzaSyBAM2o7PiQqwk15LC1XRH2e_KJ-jUa7KYk&#038;zoom=11&#038;maptype=roadmap&#038;q=lucca\"\n\t\t\t\t\t\t\ttitle=\"Carte Google de lucca\"><\/iframe><\/div><script>function kb_google_map194154_35c5f711() { let center = { lat: 37.8201, lng: -122.4781}; let map = new google.maps.Map(document.getElementById(\"kb-google-map194154_35c5f711\"), {\n\t\t\t\t\t    zoom: 11,\n\t\t\t\t\t    center: center,});let marker = new google.maps.Marker({   position: { lat: 37.8201, lng: -122.4781},    map: map,  });}<\/script><\/div>\n<\/div>\n","protected":false},"excerpt":{"rendered":"<p>Lucca est une ville importante pour l\u2019art et la culture traditionnelle, qui pr\u00e9sente un centre historique vital d\u2019une valeur extraordinaire. Elle est c\u00e9l\u00e8bre pour ses rues \u00e9troites et m\u00e9di\u00e9vales, ses \u00e9glises, ses tours et ses murs intacts. Lucca offre des march\u00e9s, des festivals et des expositions tout au long de l\u2019ann\u00e9e et toutes les installations [&hellip;]<\/p>\n","protected":false},"author":132,"featured_media":0,"parent":189521,"menu_order":61,"comment_status":"closed","ping_status":"closed","template":"","meta":{"_acf_changed":false,"_uag_custom_page_level_css":"","_kad_blocks_custom_css":"","_kad_blocks_head_custom_js":"","_kad_blocks_body_custom_js":"","_kad_blocks_footer_custom_js":"","site-sidebar-layout":"default","site-content-layout":"","ast-site-content-layout":"default","site-content-style":"default","site-sidebar-style":"default","ast-global-header-display":"","ast-banner-title-visibility":"","ast-main-header-display":"","ast-hfb-above-header-display":"","ast-hfb-below-header-display":"","ast-hfb-mobile-header-display":"","site-post-title":"","ast-breadcrumbs-content":"","ast-featured-img":"","footer-sml-layout":"","ast-disable-related-posts":"","theme-transparent-header-meta":"","adv-header-id-meta":"","stick-header-meta":"","header-above-stick-meta":"","header-main-stick-meta":"","header-below-stick-meta":"","astra-migrate-meta-layouts":"set","ast-page-background-enabled":"default","ast-page-background-meta":{"desktop":{"background-color":"var(--ast-global-color-4)","background-image":"","background-repeat":"repeat","background-position":"center center","background-size":"auto","background-attachment":"scroll","background-type":"","background-media":"","overlay-type":"","overlay-color":"","overlay-opacity":"","overlay-gradient":""},"tablet":{"background-color":"","background-image":"","background-repeat":"repeat","background-position":"center center","background-size":"auto","background-attachment":"scroll","background-type":"","background-media":"","overlay-type":"","overlay-color":"","overlay-opacity":"","overlay-gradient":""},"mobile":{"background-color":"","background-image":"","background-repeat":"repeat","background-position":"center center","background-size":"auto","background-attachment":"scroll","background-type":"","background-media":"","overlay-type":"","overlay-color":"","overlay-opacity":"","overlay-gradient":""}},"ast-content-background-meta":{"desktop":{"background-color":"var(--ast-global-color-5)","background-image":"","background-repeat":"repeat","background-position":"center center","background-size":"auto","background-attachment":"scroll","background-type":"","background-media":"","overlay-type":"","overlay-color":"","overlay-opacity":"","overlay-gradient":""},"tablet":{"background-color":"var(--ast-global-color-5)","background-image":"","background-repeat":"repeat","background-position":"center center","background-size":"auto","background-attachment":"scroll","background-type":"","background-media":"","overlay-type":"","overlay-color":"","overlay-opacity":"","overlay-gradient":""},"mobile":{"background-color":"var(--ast-global-color-5)","background-image":"","background-repeat":"repeat","background-position":"center center","background-size":"auto","background-attachment":"scroll","background-type":"","background-media":"","overlay-type":"","overlay-color":"","overlay-opacity":"","overlay-gradient":""}},"footnotes":""},"class_list":["post-194154","page","type-page","status-publish","hentry"],"acf":[],"taxonomy_info":[],"featured_image_src_large":false,"author_info":{"display_name":"Jordi Torres","author_link":"https:\/\/www.studiainitalia.com\/fr\/author\/creativa\/"},"comment_info":0,"uagb_featured_image_src":{"full":false,"thumbnail":false,"medium":false,"medium_large":false,"large":false,"1536x1536":false,"2048x2048":false,"ultp_layout_landscape_large":false,"ultp_layout_landscape":false,"ultp_layout_portrait":false,"ultp_layout_square":false,"gform-image-choice-sm":false,"gform-image-choice-md":false,"gform-image-choice-lg":false,"woocommerce_thumbnail":false,"woocommerce_single":false,"woocommerce_gallery_thumbnail":false,"yarpp-thumbnail":false},"uagb_author_info":{"display_name":"Jordi Torres","author_link":"https:\/\/www.studiainitalia.com\/fr\/author\/creativa\/"},"uagb_comment_info":0,"uagb_excerpt":"Lucca est une ville importante pour l\u2019art et la culture traditionnelle, qui pr\u00e9sente un centre historique vital d\u2019une valeur extraordinaire. Elle est c\u00e9l\u00e8bre pour ses rues \u00e9troites et m\u00e9di\u00e9vales, ses \u00e9glises, ses tours et ses murs intacts. Lucca offre des march\u00e9s, des festivals et des expositions tout au long de l\u2019ann\u00e9e et toutes les installations\u2026","_links":{"self":[{"href":"https:\/\/www.studiainitalia.com\/fr\/wp-json\/wp\/v2\/pages\/194154","targetHints":{"allow":["GET"]}}],"collection":[{"href":"https:\/\/www.studiainitalia.com\/fr\/wp-json\/wp\/v2\/pages"}],"about":[{"href":"https:\/\/www.studiainitalia.com\/fr\/wp-json\/wp\/v2\/types\/page"}],"author":[{"embeddable":true,"href":"https:\/\/www.studiainitalia.com\/fr\/wp-json\/wp\/v2\/users\/132"}],"replies":[{"embeddable":true,"href":"https:\/\/www.studiainitalia.com\/fr\/wp-json\/wp\/v2\/comments?post=194154"}],"version-history":[{"count":0,"href":"https:\/\/www.studiainitalia.com\/fr\/wp-json\/wp\/v2\/pages\/194154\/revisions"}],"up":[{"embeddable":true,"href":"https:\/\/www.studiainitalia.com\/fr\/wp-json\/wp\/v2\/pages\/189521"}],"wp:attachment":[{"href":"https:\/\/www.studiainitalia.com\/fr\/wp-json\/wp\/v2\/media?parent=194154"}],"curies":[{"name":"wp","href":"https:\/\/api.w.org\/{rel}","templated":true}]}}