{"id":194275,"date":"2022-10-03T14:04:57","date_gmt":"2022-10-03T12:04:57","guid":{"rendered":"https:\/\/www.studiainitalia.com\/?page_id=194275"},"modified":"2026-01-12T15:36:33","modified_gmt":"2026-01-12T14:36:33","slug":"cours-a-trapani","status":"publish","type":"page","link":"https:\/\/www.studiainitalia.com\/fr\/destinations\/cours-a-trapani\/","title":{"rendered":"Trapani"},"content":{"rendered":"\n<div class=\"wp-block-columns alignfull has-ast-global-color-2-background-color has-background is-layout-flex wp-container-core-columns-is-layout-c6bc58be wp-block-columns-is-layout-flex\" style=\"padding-top:0px;padding-right:0px;padding-bottom:0px;padding-left:0px\">\n<div class=\"wp-block-column is-layout-flow wp-block-column-is-layout-flow\" style=\"flex-basis:60%\">\n<div class=\"wp-block-cover alignfull is-light\" style=\"min-height:458px;aspect-ratio:unset;\"><img decoding=\"async\" class=\"wp-block-cover__image-background wp-image-203599 size-full\" alt=\"\" src=\"https:\/\/www.studiainitalia.com\/wp-content\/uploads\/2026\/01\/trapani.jpg\" data-object-fit=\"cover\" title=\"\"><span aria-hidden=\"true\" class=\"wp-block-cover__background has-background-dim\" style=\"background-color:#9db1be\"><\/span><div class=\"wp-block-cover__inner-container is-layout-flow wp-block-cover-is-layout-flow\"><style>.wp-block-kadence-advancedheading.kt-adv-heading194275_96f005-4b, .wp-block-kadence-advancedheading.kt-adv-heading194275_96f005-4b[data-kb-block=\"kb-adv-heading194275_96f005-4b\"]{text-align:center;font-style:normal;}.wp-block-kadence-advancedheading.kt-adv-heading194275_96f005-4b mark.kt-highlight, .wp-block-kadence-advancedheading.kt-adv-heading194275_96f005-4b[data-kb-block=\"kb-adv-heading194275_96f005-4b\"] mark.kt-highlight{font-style:normal;color:#f76a0c;-webkit-box-decoration-break:clone;box-decoration-break:clone;padding-top:0px;padding-right:0px;padding-bottom:0px;padding-left:0px;}<\/style>\n<h1 class=\"kt-adv-heading194275_96f005-4b wp-block-kadence-advancedheading\" data-kb-block=\"kb-adv-heading194275_96f005-4b\"> Trapani<\/h1>\n<\/div><\/div>\n<\/div>\n\n\n\n<div class=\"wp-block-column is-layout-flow wp-block-column-is-layout-flow\" style=\"padding-top:6%;padding-right:6%;padding-bottom:6%;padding-left:6%;flex-basis:40%\"><div  class=\"wp-block-ultimate-post-heading ultp-block-45d861\"><div class=\"ultp-block-wrapper\"><div class=\"ultp-heading-wrap ultp-heading-style9 ultp-heading-left\"><h2 class=\"ultp-heading-inner\"><span>TRAPANI<\/span><\/h2><\/div><\/div><\/div>\n\n<style>.wp-block-kadence-spacer.kt-block-spacer-_03022e-64 .kt-block-spacer{height:10px;}.wp-block-kadence-spacer.kt-block-spacer-_03022e-64 .kt-divider{border-top-width:1px;height:1px;border-top-color:var(--ast-global-color-1);width:100%;border-top-style:solid;}<\/style>\n<div class=\"wp-block-kadence-spacer aligncenter kt-block-spacer-_03022e-64\"><div class=\"kt-block-spacer kt-block-spacer-halign-center\"><hr class=\"kt-divider\"\/><\/div><\/div>\n\n\n\n<p>Situ\u00e9e au c\u0153ur de la <strong>mer M\u00e9diterran\u00e9e<\/strong>, la <strong>Sicile<\/strong> marque le point de rencontre entre les cultures occidentale et orientale de la M\u00e9diterran\u00e9e. Gr\u00e2ce \u00e0 sa position strat\u00e9gique, <strong>Trapani<\/strong>, cinqui\u00e8me ville de Sicile, a toujours \u00e9t\u00e9 profond\u00e9ment li\u00e9e \u00e0 la <strong>M\u00e9diterran\u00e9e occidentale<\/strong>, <\/p>\n\n\n\n<p>Les amoureux de la nature peuvent explorer les <strong>\u00eeles \u00c9gades<\/strong>, la <strong>r\u00e9serve naturelle du Zingaro<\/strong> et les embl\u00e9matiques <strong>salines de Trapani et Paceco<\/strong>. Si vous disposez de plus de temps, l&rsquo;\u00eele volcanique de <strong>Pantelleria<\/strong> se distingue comme l&rsquo;une des plus belles destinations de la M\u00e9diterran\u00e9e.<\/p>\n<\/div>\n<\/div>\n\n\n<div  class=\"wp-block-ultimate-post-heading ultp-block-0f8466\"><div class=\"ultp-block-wrapper\"><div class=\"ultp-heading-wrap ultp-heading-style9 ultp-heading-center\"><h2 class=\"ultp-heading-inner\"><span>Choisissez votre cours \u00e0 Trapani<\/span><\/h2><\/div><\/div><\/div>\n\n<div data-block-name=\"woocommerce\/product-category\" data-categories=\"[2026]\" data-columns=\"6\" data-content-visibility=\"{&quot;image&quot;:true,&quot;title&quot;:true,&quot;price&quot;:true,&quot;rating&quot;:true,&quot;button&quot;:false}\" class=\"wc-block-grid wp-block-product-category wp-block-woocommerce-product-category wc-block-product-category has-6-columns has-multiple-rows\"><ul class=\"wc-block-grid__products\"><li class=\"wc-block-grid__product\"><span class=\"gtm4wp_productdata\" style=\"display:none; visibility:hidden;\" data-gtm4wp_product_data=\"{&quot;internal_id&quot;:203661,&quot;item_id&quot;:203661,&quot;item_name&quot;:&quot;Cours d\\u2019italien \\u00e0 Trapani&quot;,&quot;sku&quot;:203661,&quot;price&quot;:285,&quot;stocklevel&quot;:null,&quot;stockstatus&quot;:&quot;instock&quot;,&quot;google_business_vertical&quot;:&quot;retail&quot;,&quot;item_category&quot;:&quot;\\u00c9tudiar \\u00e0 Trapani&quot;,&quot;id&quot;:203661,&quot;productlink&quot;:&quot;https:\\\/\\\/www.studiainitalia.com\\\/fr\\\/cours\\\/cours-italien-en-italie\\\/cours-ditalien-a-trapani\\\/&quot;,&quot;item_list_name&quot;:&quot;Liste g\\u00e9n\\u00e9rale des produits&quot;,&quot;index&quot;:0,&quot;product_type&quot;:&quot;variable&quot;,&quot;item_brand&quot;:&quot;&quot;}\"><\/span>\n\t\t\t\t<a href=\"https:\/\/www.studiainitalia.com\/fr\/cours\/cours-italien-en-italie\/cours-ditalien-a-trapani\/\" class=\"wc-block-grid__product-link\">\n\t\t\t\t\t\n\t\t\t\t\t<div class=\"wc-block-grid__product-image\"><img decoding=\"async\" width=\"300\" height=\"300\" src=\"https:\/\/www.studiainitalia.com\/wp-content\/uploads\/2026\/01\/trapani-1-300x300.jpg\" class=\"attachment-woocommerce_thumbnail size-woocommerce_thumbnail\" alt=\"Cours d\u2019italien \u00e0 Trapani\" srcset=\"https:\/\/www.studiainitalia.com\/wp-content\/uploads\/2026\/01\/trapani-1-300x300.jpg 300w, https:\/\/www.studiainitalia.com\/wp-content\/uploads\/2026\/01\/trapani-1-600x600.jpg 600w, https:\/\/www.studiainitalia.com\/wp-content\/uploads\/2026\/01\/trapani-1-100x100.jpg 100w, https:\/\/www.studiainitalia.com\/wp-content\/uploads\/2026\/01\/trapani-1-120x120.jpg 120w\" sizes=\"(max-width: 300px) 100vw, 300px\" title=\"\"><\/div>\n\t\t\t\t\t<div class=\"wc-block-grid__product-title\">Cours d\u2019italien \u00e0 Trapani<\/div>\n\t\t\t\t<\/a>\n\t\t\t\t<div class=\"wc-block-grid__product-price price\"><span class=\"woocommerce-Price-amount amount\" aria-hidden=\"true\">285<span class=\"woocommerce-Price-currencySymbol\">&euro;<\/span><\/span> <span aria-hidden=\"true\">\u00a0\u2013\u00a0<\/span> <span class=\"woocommerce-Price-amount amount\" aria-hidden=\"true\">870<span class=\"woocommerce-Price-currencySymbol\">&euro;<\/span><\/span><span class=\"screen-reader-text\">Plage de prix\u00a0: 285&euro; \u00e0 870&euro;<\/span><\/div>\n\t\t\t\t<div class=\"wc-block-grid__product-rating\"><div class=\"review-rating\"><div class=\"star-rating\"><span style=\"width:100%\">Not\u00e9 <strong class=\"rating\">5.00<\/strong> sur 5 bas\u00e9 sur <span class=\"rating\">1<\/span> notation client<\/span><\/div><\/div><\/div>\n\t\t\t\t\n\t\t\t<\/li><\/ul><\/div>\n\n\n<div class=\"wp-block-columns alignfull has-ast-global-color-2-background-color has-background is-layout-flex wp-container-core-columns-is-layout-c7ed57bb wp-block-columns-is-layout-flex\" style=\"padding-top:5%;padding-right:10%;padding-bottom:5%;padding-left:10%\">\n<div class=\"wp-block-column is-layout-constrained wp-container-core-column-is-layout-80c0687d wp-block-column-is-layout-constrained\">\n<figure class=\"wp-block-image aligncenter size-full\"><img decoding=\"async\" width=\"52\" height=\"52\" src=\"https:\/\/www.studiainitalia.com\/wp-content\/uploads\/2016\/11\/sorrentobbbb.png\" alt=\"\" class=\"wp-image-85703\" title=\"\"><\/figure>\n\n\n<div  class=\"wp-block-ultimate-post-heading ultp-block-dacc49\"><div class=\"ultp-block-wrapper\"><div class=\"ultp-heading-wrap ultp-heading-style1 ultp-heading-center\"><h2 class=\"ultp-heading-inner\"><span>Pourquoi Trapani?<\/span><\/h2><\/div><\/div><\/div>\n\n\n<p>Trapani est le principal centre touristique de la Sicile occidentale, offrant un acc\u00e8s facile \u00e0 un patrimoine culturel extraordinaire : Mozia et ses vestiges puniques, Mazara del Vallo avec sa casbah arabe, Marsala et son histoire romaine, Selinunte, le plus grand parc arch\u00e9ologique d&rsquo;Europe, et les sites \u00e9lymiens d&rsquo;Erice et de Segesta.<\/p>\n<\/div>\n\n\n\n<div class=\"wp-block-column is-layout-constrained wp-container-core-column-is-layout-80c0687d wp-block-column-is-layout-constrained\">\n<figure class=\"wp-block-image aligncenter size-full\"><img decoding=\"async\" width=\"50\" height=\"50\" src=\"https:\/\/www.studiainitalia.com\/wp-content\/uploads\/2022\/09\/caelndar2-3_png_webp.png\" alt=\"\" class=\"wp-image-94147\" title=\"\"><\/figure>\n\n\n<div  class=\"wp-block-ultimate-post-heading ultp-block-e762b7\"><div class=\"ultp-block-wrapper\"><div class=\"ultp-heading-wrap ultp-heading-style1 ultp-heading-center\"><h2 class=\"ultp-heading-inner\"><span><br>Quand s\u2019y rendre ?<\/span><\/h2><\/div><\/div><\/div>\n\n\n<p>Le meilleur moment pour visiter Trapani est le printemps lorsque les temp\u00e9ratures deviennent agr\u00e9ables; l\u2019\u00e9t\u00e9 est \u00e9galement la saison populaire et sa situation c\u00f4ti\u00e8re signifie que la chaleur est mod\u00e9r\u00e9e par les brises de mer rafra\u00eechissantes.<\/p>\n<\/div>\n\n\n\n<div class=\"wp-block-column is-layout-constrained wp-container-core-column-is-layout-80c0687d wp-block-column-is-layout-constrained\">\n<figure class=\"wp-block-image aligncenter size-full\"><img decoding=\"async\" width=\"52\" height=\"52\" src=\"https:\/\/www.studiainitalia.com\/wp-content\/uploads\/2022\/09\/vespa-1_png_webp.png\" alt=\"\" class=\"wp-image-94148\" title=\"\"><\/figure>\n\n\n<div  class=\"wp-block-ultimate-post-heading ultp-block-0b7d9e\"><div class=\"ultp-block-wrapper\"><div class=\"ultp-heading-wrap ultp-heading-style1 ultp-heading-center\"><h2 class=\"ultp-heading-inner\"><span>There &amp; Around<\/span><\/h2><\/div><\/div><\/div>\n\n\n<p>L\u2019a\u00e9roport le plus proche est celui de Trapani ou de Palerme.<\/p>\n\n\n\n<p>Pour plus d\u2019informations sur les choses \u00e0 voir et \u00e0 faire pendant votre s\u00e9jour, nous vous recommandons de consulter&nbsp;<a href=\"https:\/\/www.lonelyplanet.com\/destinations\/italy\/sicily\/trapani\" target=\"_blank\" rel=\"noreferrer noopener\">Lonely Planet Guide to Trapani<\/a><\/p>\n\n\n\n<p><a href=\"https:\/\/www.lonelyplanet.com\/destinations\/italy\/sicily\/trapani\" target=\"_blank\" rel=\"noreferrer noopener\">.<\/a><\/p>\n<\/div>\n<\/div>\n\n\n\n<div class=\"wp-block-columns alignfull are-vertically-aligned-center is-layout-flex wp-container-core-columns-is-layout-28f84493 wp-block-columns-is-layout-flex\">\n<div class=\"wp-block-column is-vertically-aligned-center is-layout-flow wp-block-column-is-layout-flow\" style=\"flex-basis:100%\"><style>.kb-google-maps-container194275_29961d-56{height:450px;}.kb-google-maps-container194275_29961d-56{filter:grayscale(100%);}<\/style><div class=\"kb-google-maps-container kb-google-maps-container194275_29961d-56  wp-block-kadence-googlemaps\" data-mapid=\"194275_29961d56\"><iframe width=\"100%\" height=\"100%\"\n\t\t\t\t\t\t\tstyle=\"border:0\" loading=\"lazy\"\n\t\t\t\t\t\t\tsrc=\"https:\/\/www.google.com\/maps\/embed\/v1\/place?key=AIzaSyBAM2o7PiQqwk15LC1XRH2e_KJ-jUa7KYk&#038;zoom=13&#038;maptype=roadmap&#038;q=Trapani%2C+Italie\"\n\t\t\t\t\t\t\ttitle=\"Carte Google de Trapani, Italie\"><\/iframe><\/div><script>function kb_google_map194275_29961d56() { let center = { lat: 37.8201, lng: -122.4781}; let map = new google.maps.Map(document.getElementById(\"kb-google-map194275_29961d56\"), {\n\t\t\t\t\t    zoom: 13,\n\t\t\t\t\t    center: center,});let marker = new google.maps.Marker({   position: { lat: 37.8201, lng: -122.4781},    map: map,  });}<\/script><\/div>\n<\/div>\n","protected":false},"excerpt":{"rendered":"<p>Situ\u00e9e au c\u0153ur de la mer M\u00e9diterran\u00e9e, la Sicile marque le point de rencontre entre les cultures occidentale et orientale de la M\u00e9diterran\u00e9e. Gr\u00e2ce \u00e0 sa position strat\u00e9gique, Trapani, cinqui\u00e8me ville de Sicile, a toujours \u00e9t\u00e9 profond\u00e9ment li\u00e9e \u00e0 la M\u00e9diterran\u00e9e occidentale, Les amoureux de la nature peuvent explorer les \u00eeles \u00c9gades, la r\u00e9serve naturelle [&hellip;]<\/p>\n","protected":false},"author":132,"featured_media":0,"parent":189521,"menu_order":61,"comment_status":"closed","ping_status":"closed","template":"","meta":{"_acf_changed":false,"_uag_custom_page_level_css":"","_kad_blocks_custom_css":"","_kad_blocks_head_custom_js":"","_kad_blocks_body_custom_js":"","_kad_blocks_footer_custom_js":"","site-sidebar-layout":"default","site-content-layout":"","ast-site-content-layout":"default","site-content-style":"default","site-sidebar-style":"default","ast-global-header-display":"","ast-banner-title-visibility":"","ast-main-header-display":"","ast-hfb-above-header-display":"","ast-hfb-below-header-display":"","ast-hfb-mobile-header-display":"","site-post-title":"","ast-breadcrumbs-content":"","ast-featured-img":"","footer-sml-layout":"","ast-disable-related-posts":"","theme-transparent-header-meta":"","adv-header-id-meta":"","stick-header-meta":"","header-above-stick-meta":"","header-main-stick-meta":"","header-below-stick-meta":"","astra-migrate-meta-layouts":"set","ast-page-background-enabled":"default","ast-page-background-meta":{"desktop":{"background-color":"var(--ast-global-color-4)","background-image":"","background-repeat":"repeat","background-position":"center center","background-size":"auto","background-attachment":"scroll","background-type":"","background-media":"","overlay-type":"","overlay-color":"","overlay-opacity":"","overlay-gradient":""},"tablet":{"background-color":"","background-image":"","background-repeat":"repeat","background-position":"center center","background-size":"auto","background-attachment":"scroll","background-type":"","background-media":"","overlay-type":"","overlay-color":"","overlay-opacity":"","overlay-gradient":""},"mobile":{"background-color":"","background-image":"","background-repeat":"repeat","background-position":"center center","background-size":"auto","background-attachment":"scroll","background-type":"","background-media":"","overlay-type":"","overlay-color":"","overlay-opacity":"","overlay-gradient":""}},"ast-content-background-meta":{"desktop":{"background-color":"var(--ast-global-color-5)","background-image":"","background-repeat":"repeat","background-position":"center center","background-size":"auto","background-attachment":"scroll","background-type":"","background-media":"","overlay-type":"","overlay-color":"","overlay-opacity":"","overlay-gradient":""},"tablet":{"background-color":"var(--ast-global-color-5)","background-image":"","background-repeat":"repeat","background-position":"center center","background-size":"auto","background-attachment":"scroll","background-type":"","background-media":"","overlay-type":"","overlay-color":"","overlay-opacity":"","overlay-gradient":""},"mobile":{"background-color":"var(--ast-global-color-5)","background-image":"","background-repeat":"repeat","background-position":"center center","background-size":"auto","background-attachment":"scroll","background-type":"","background-media":"","overlay-type":"","overlay-color":"","overlay-opacity":"","overlay-gradient":""}},"footnotes":""},"class_list":["post-194275","page","type-page","status-publish","hentry"],"acf":[],"taxonomy_info":[],"featured_image_src_large":false,"author_info":{"display_name":"Jordi Torres","author_link":"https:\/\/www.studiainitalia.com\/fr\/author\/creativa\/"},"comment_info":0,"uagb_featured_image_src":{"full":false,"thumbnail":false,"medium":false,"medium_large":false,"large":false,"1536x1536":false,"2048x2048":false,"ultp_layout_landscape_large":false,"ultp_layout_landscape":false,"ultp_layout_portrait":false,"ultp_layout_square":false,"gform-image-choice-sm":false,"gform-image-choice-md":false,"gform-image-choice-lg":false,"woocommerce_thumbnail":false,"woocommerce_single":false,"woocommerce_gallery_thumbnail":false,"yarpp-thumbnail":false},"uagb_author_info":{"display_name":"Jordi Torres","author_link":"https:\/\/www.studiainitalia.com\/fr\/author\/creativa\/"},"uagb_comment_info":0,"uagb_excerpt":"Situ\u00e9e au c\u0153ur de la mer M\u00e9diterran\u00e9e, la Sicile marque le point de rencontre entre les cultures occidentale et orientale de la M\u00e9diterran\u00e9e. Gr\u00e2ce \u00e0 sa position strat\u00e9gique, Trapani, cinqui\u00e8me ville de Sicile, a toujours \u00e9t\u00e9 profond\u00e9ment li\u00e9e \u00e0 la M\u00e9diterran\u00e9e occidentale, Les amoureux de la nature peuvent explorer les \u00eeles \u00c9gades, la r\u00e9serve naturelle\u2026","_links":{"self":[{"href":"https:\/\/www.studiainitalia.com\/fr\/wp-json\/wp\/v2\/pages\/194275","targetHints":{"allow":["GET"]}}],"collection":[{"href":"https:\/\/www.studiainitalia.com\/fr\/wp-json\/wp\/v2\/pages"}],"about":[{"href":"https:\/\/www.studiainitalia.com\/fr\/wp-json\/wp\/v2\/types\/page"}],"author":[{"embeddable":true,"href":"https:\/\/www.studiainitalia.com\/fr\/wp-json\/wp\/v2\/users\/132"}],"replies":[{"embeddable":true,"href":"https:\/\/www.studiainitalia.com\/fr\/wp-json\/wp\/v2\/comments?post=194275"}],"version-history":[{"count":0,"href":"https:\/\/www.studiainitalia.com\/fr\/wp-json\/wp\/v2\/pages\/194275\/revisions"}],"up":[{"embeddable":true,"href":"https:\/\/www.studiainitalia.com\/fr\/wp-json\/wp\/v2\/pages\/189521"}],"wp:attachment":[{"href":"https:\/\/www.studiainitalia.com\/fr\/wp-json\/wp\/v2\/media?parent=194275"}],"curies":[{"name":"wp","href":"https:\/\/api.w.org\/{rel}","templated":true}]}}