{"id":194283,"date":"2022-10-03T14:11:25","date_gmt":"2022-10-03T12:11:25","guid":{"rendered":"https:\/\/www.studiainitalia.com\/?page_id=194283"},"modified":"2024-01-15T20:42:45","modified_gmt":"2024-01-15T19:42:45","slug":"cours-a-trieste","status":"publish","type":"page","link":"https:\/\/www.studiainitalia.com\/fr\/destinations\/cours-a-trieste\/","title":{"rendered":"Cours \u00e0 Trieste"},"content":{"rendered":"\n<div class=\"wp-block-columns alignfull has-ast-global-color-2-background-color has-background is-layout-flex wp-container-core-columns-is-layout-c6bc58be wp-block-columns-is-layout-flex\" style=\"padding-top:0px;padding-right:0px;padding-bottom:0px;padding-left:0px\">\n<div class=\"wp-block-column is-layout-flow wp-block-column-is-layout-flow\" style=\"flex-basis:60%\">\n<div class=\"wp-block-cover alignfull\" style=\"min-height:724px;aspect-ratio:unset;\"><span aria-hidden=\"true\" class=\"wp-block-cover__background has-background-dim\"><\/span><img loading=\"lazy\" decoding=\"async\" width=\"640\" height=\"387\" class=\"wp-block-cover__image-background wp-image-67643\" alt=\"cours \u00e0 Trieste\" src=\"https:\/\/www.studiainitalia.com\/wp-content\/uploads\/2016\/12\/learn-italian-in-trieste.jpg\" data-object-fit=\"cover\" title=\"\" srcset=\"https:\/\/www.studiainitalia.com\/wp-content\/uploads\/2016\/12\/learn-italian-in-trieste.jpg 640w, https:\/\/www.studiainitalia.com\/wp-content\/uploads\/2016\/12\/learn-italian-in-trieste-400x242.jpg 400w\" sizes=\"auto, (max-width: 640px) 100vw, 640px\" \/><div class=\"wp-block-cover__inner-container is-layout-flow wp-block-cover-is-layout-flow\"><style>.wp-block-kadence-advancedheading.kt-adv-heading194283_54ae84-35, .wp-block-kadence-advancedheading.kt-adv-heading194283_54ae84-35[data-kb-block=\"kb-adv-heading194283_54ae84-35\"]{text-align:center;font-style:normal;}.wp-block-kadence-advancedheading.kt-adv-heading194283_54ae84-35 mark.kt-highlight, .wp-block-kadence-advancedheading.kt-adv-heading194283_54ae84-35[data-kb-block=\"kb-adv-heading194283_54ae84-35\"] mark.kt-highlight{font-style:normal;color:#f76a0c;-webkit-box-decoration-break:clone;box-decoration-break:clone;padding-top:0px;padding-right:0px;padding-bottom:0px;padding-left:0px;}<\/style>\n<h1 class=\"kt-adv-heading194283_54ae84-35 wp-block-kadence-advancedheading\" data-kb-block=\"kb-adv-heading194283_54ae84-35\">Cours \u00e0 Trieste<\/h1>\n<\/div><\/div>\n<\/div>\n\n\n\n<div class=\"wp-block-column is-layout-flow wp-block-column-is-layout-flow\" style=\"padding-top:6%;padding-right:6%;padding-bottom:6%;padding-left:6%;flex-basis:40%\"><div  class=\"wp-block-ultimate-post-heading ultp-block-b973ee\"><div class=\"ultp-block-wrapper\"><div class=\"ultp-heading-wrap ultp-heading-style9 ultp-heading-left\"><h2 class=\"ultp-heading-inner\"><span>TRIESTE<\/span><\/h2><\/div><\/div><\/div>\n\n<style>.wp-block-kadence-spacer.kt-block-spacer-_03022e-64 .kt-block-spacer{height:10px;}.wp-block-kadence-spacer.kt-block-spacer-_03022e-64 .kt-divider{border-top-width:1px;height:1px;border-top-color:var(--ast-global-color-1);width:100%;border-top-style:solid;}<\/style>\n<div class=\"wp-block-kadence-spacer aligncenter kt-block-spacer-_03022e-64\"><div class=\"kt-block-spacer kt-block-spacer-halign-center\"><hr class=\"kt-divider\"\/><\/div><\/div>\n\n\n\n<p>Trieste est une ville dynamique avec une sc\u00e8ne culturelle anim\u00e9e. Vous y trouverez des ruines de Romen, des ch\u00e2teaux, des \u00e9glises et des mus\u00e9es int\u00e9ressants.<\/p>\n\n\n\n<p>Trieste constitue un bon point de d\u00e9part pour explorer les magnifiques tr\u00e9sors de la c\u00f4te, comme le Castello Miramare, et peut servir de base pour explorer la Slov\u00e9nie et la Croatie.<\/p>\n\n\n\n<p>En raison de son histoire complexe et de sa situation g\u00e9ographique, la ville de Trieste pr\u00e9sente un riche m\u00e9lange culturel et linguistique, ce qui en fait l\u2019une des villes les plus int\u00e9ressantes d\u2019Italie. Entre mer et montagne, elle offre de nombreuses activit\u00e9s pour les amoureux de la nature.<\/p>\n\n\n\n<p>Dans le centre ville, avec ses grands palais de style empire, vous trouverez de nombreux bars avec des terrasses donnant sur la mer, o\u00f9 vous pourrez d\u00e9guster certains des c\u00e9l\u00e8bres vins de la r\u00e9gion.<\/p>\n<\/div>\n<\/div>\n\n\n<div  class=\"wp-block-ultimate-post-heading ultp-block-277d50\"><div class=\"ultp-block-wrapper\"><div class=\"ultp-heading-wrap ultp-heading-style9 ultp-heading-center\"><h2 class=\"ultp-heading-inner\"><span>Choisissez votre cours \u00e0 Trieste<\/span><\/h2><\/div><\/div><\/div>\n\n<div data-block-name=\"woocommerce\/product-category\" data-categories=\"[1314]\" data-columns=\"6\" data-content-visibility=\"{&quot;image&quot;:true,&quot;title&quot;:true,&quot;price&quot;:true,&quot;rating&quot;:true,&quot;button&quot;:false}\" class=\"wc-block-grid wp-block-product-category wp-block-woocommerce-product-category wc-block-product-category has-6-columns has-multiple-rows\"><ul class=\"wc-block-grid__products\"><li class=\"wc-block-grid__product\"><span class=\"gtm4wp_productdata\" style=\"display:none; visibility:hidden;\" data-gtm4wp_product_data=\"{&quot;internal_id&quot;:188417,&quot;item_id&quot;:188417,&quot;item_name&quot;:&quot;Cours d\\u2019italien \\u00e0 Trieste&quot;,&quot;sku&quot;:188417,&quot;price&quot;:250,&quot;stocklevel&quot;:null,&quot;stockstatus&quot;:&quot;instock&quot;,&quot;google_business_vertical&quot;:&quot;retail&quot;,&quot;item_category&quot;:&quot;\\u00c9tudier \\u00e0 Trieste&quot;,&quot;id&quot;:188417,&quot;productlink&quot;:&quot;https:\\\/\\\/www.studiainitalia.com\\\/fr\\\/cours\\\/cours-italien-en-italie\\\/italien-a-trieste\\\/&quot;,&quot;item_list_name&quot;:&quot;Liste g\\u00e9n\\u00e9rale des produits&quot;,&quot;index&quot;:0,&quot;product_type&quot;:&quot;variable&quot;,&quot;item_brand&quot;:&quot;&quot;}\"><\/span>\n\t\t\t\t<a href=\"https:\/\/www.studiainitalia.com\/fr\/cours\/cours-italien-en-italie\/italien-a-trieste\/\" class=\"wc-block-grid__product-link\">\n\t\t\t\t\t\n\t\t\t\t\t<div class=\"wc-block-grid__product-image\"><img loading=\"lazy\" decoding=\"async\" width=\"300\" height=\"300\" src=\"https:\/\/www.studiainitalia.com\/wp-content\/uploads\/2024\/03\/TRIESTE-300x300.jpg\" class=\"attachment-woocommerce_thumbnail size-woocommerce_thumbnail\" alt=\"\u00e9tudier italien \u00e0 TRIESTE\" srcset=\"https:\/\/www.studiainitalia.com\/wp-content\/uploads\/2024\/03\/TRIESTE-300x300.jpg 300w, https:\/\/www.studiainitalia.com\/wp-content\/uploads\/2024\/03\/TRIESTE-600x600.jpg 600w, https:\/\/www.studiainitalia.com\/wp-content\/uploads\/2024\/03\/TRIESTE-100x100.jpg 100w, https:\/\/www.studiainitalia.com\/wp-content\/uploads\/2024\/03\/TRIESTE-120x120.jpg 120w\" sizes=\"auto, (max-width: 300px) 100vw, 300px\" title=\"\"><\/div>\n\t\t\t\t\t<div class=\"wc-block-grid__product-title\">Cours d\u2019italien \u00e0 Trieste<\/div>\n\t\t\t\t<\/a>\n\t\t\t\t<div class=\"wc-block-grid__product-price price\"><span class=\"woocommerce-Price-amount amount\" aria-hidden=\"true\">250<span class=\"woocommerce-Price-currencySymbol\">&euro;<\/span><\/span> <span aria-hidden=\"true\">\u00a0\u2013\u00a0<\/span> <span class=\"woocommerce-Price-amount amount\" aria-hidden=\"true\">1.320<span class=\"woocommerce-Price-currencySymbol\">&euro;<\/span><\/span><span class=\"screen-reader-text\">Plage de prix\u00a0: 250&euro; \u00e0 1.320&euro;<\/span><\/div>\n\t\t\t\t<div class=\"wc-block-grid__product-rating\"><div class=\"review-rating\"><div class=\"star-rating\"><span style=\"width:95.8%\">Not\u00e9 <strong class=\"rating\">4.79<\/strong> sur 5 bas\u00e9 sur <span class=\"rating\">24<\/span> notations client<\/span><\/div><\/div><\/div>\n\t\t\t\t\n\t\t\t<\/li><\/ul><\/div>\n\n\n<div class=\"wp-block-columns alignfull has-ast-global-color-2-background-color has-background is-layout-flex wp-container-core-columns-is-layout-c7ed57bb wp-block-columns-is-layout-flex\" style=\"padding-top:5%;padding-right:10%;padding-bottom:5%;padding-left:10%\">\n<div class=\"wp-block-column is-layout-constrained wp-container-core-column-is-layout-80c0687d wp-block-column-is-layout-constrained\">\n<figure class=\"wp-block-image aligncenter size-full\"><img loading=\"lazy\" decoding=\"async\" width=\"52\" height=\"52\" src=\"https:\/\/www.studiainitalia.com\/wp-content\/uploads\/2016\/10\/italy4.png\" alt=\"\" class=\"wp-image-85623\" title=\"\"><\/figure>\n\n\n<div  class=\"wp-block-ultimate-post-heading ultp-block-621eaa\"><div class=\"ultp-block-wrapper\"><div class=\"ultp-heading-wrap ultp-heading-style1 ultp-heading-center\"><h2 class=\"ultp-heading-inner\"><span>Pourquoi Trieste?<\/span><\/h2><\/div><\/div><\/div>\n\n\n<p>C\u2019est l\u2019id\u00e9al pour ceux qui veulent d\u00e9couvrir un contact direct avec le peuple italien: les Triestins sont tranquillement satisfaits de leur ville, d\u00e9sireux de l\u2019expliquer et de donner des conseils aux visiteurs curieux. R\u00e9sultat de son histoire complexe et de sa situation g\u00e9ographique, la ville de Trieste pr\u00e9sente un riche m\u00e9lange culturel et linguistique, ce qui en fait l\u2019une des villes les plus int\u00e9ressantes d\u2019Italie. .<\/p>\n<\/div>\n\n\n\n<div class=\"wp-block-column is-layout-constrained wp-container-core-column-is-layout-80c0687d wp-block-column-is-layout-constrained\">\n<figure class=\"wp-block-image aligncenter size-full\"><img loading=\"lazy\" decoding=\"async\" width=\"50\" height=\"50\" src=\"https:\/\/www.studiainitalia.com\/wp-content\/uploads\/2022\/09\/caelndar2-3_png_webp.png\" alt=\"\" class=\"wp-image-94147\" title=\"\"><\/figure>\n\n\n<div  class=\"wp-block-ultimate-post-heading ultp-block-edd966\"><div class=\"ultp-block-wrapper\"><div class=\"ultp-heading-wrap ultp-heading-style1 ultp-heading-center\"><h2 class=\"ultp-heading-inner\"><span><br>Quand s\u2019y rendre ?<\/span><\/h2><\/div><\/div><\/div>\n\n\n<p>La fin du printemps et l\u2019\u00e9t\u00e9 sont les meilleures p\u00e9riodes pour visiter Trieste. Bien que les hivers soient froids, les amateurs de neige et de ski peuvent trouver cette option tr\u00e8s attrayante: Trieste est en fait tr\u00e8s proche de certaines des meilleures stations de ski d\u2019Italie, de Slov\u00e9nie, de Croatie et d\u2019Autriche.<\/p>\n<\/div>\n\n\n\n<div class=\"wp-block-column is-layout-constrained wp-container-core-column-is-layout-80c0687d wp-block-column-is-layout-constrained\">\n<figure class=\"wp-block-image aligncenter size-full\"><img loading=\"lazy\" decoding=\"async\" width=\"52\" height=\"52\" src=\"https:\/\/www.studiainitalia.com\/wp-content\/uploads\/2022\/09\/vespa-1_png_webp.png\" alt=\"\" class=\"wp-image-94148\" title=\"\"><\/figure>\n\n\n<div  class=\"wp-block-ultimate-post-heading ultp-block-5fb9ab\"><div class=\"ultp-block-wrapper\"><div class=\"ultp-heading-wrap ultp-heading-style1 ultp-heading-center\"><h2 class=\"ultp-heading-inner\"><span>There &amp; Around<\/span><\/h2><\/div><\/div><\/div>\n\n\n<p>L\u2019a\u00e9roport&nbsp;<a href=\"https:\/\/triesteairport.it\/it\/\" target=\"_blank\" rel=\"noreferrer noopener\">Friuli-Venezia-Giulia<\/a>&nbsp;se trouve \u00e0 33 kilom\u00e8tres de Trieste. Il est desservi par un nombre limit\u00e9 de vols au d\u00e9part de diff\u00e9rentes destinations europ\u00e9ennes. Vous pouvez \u00e9galement prendre l\u2019avion pour Venise&nbsp;&nbsp;<a href=\"https:\/\/www.veneziaairport.it\/\" target=\"_blank\" rel=\"noreferrer noopener\">Marco Polo<\/a>&nbsp;d\u2019o\u00f9 vous pouvez vous rendre \u00e0 Trieste en train. Nous pouvons organiser un transfert a\u00e9roport pour vous. Pour plus d\u2019informations sur les choses \u00e0 voir et \u00e0 faire pendant votre cours \u00e0 Trieste, nous vous recommandons de consulter le&nbsp;<a href=\"https:\/\/www.lonelyplanet.com\/italy\/friuli-venezia-giulia\/trieste\" target=\"_blank\" rel=\"noreferrer noopener\">Lonely Planet Guide to Trieste.<\/a><\/p>\n<\/div>\n<\/div>\n\n\n\n<div class=\"wp-block-columns alignfull are-vertically-aligned-center is-layout-flex wp-container-core-columns-is-layout-28f84493 wp-block-columns-is-layout-flex\">\n<div class=\"wp-block-column is-vertically-aligned-center is-layout-flow wp-block-column-is-layout-flow\" style=\"flex-basis:40%\">\n<figure class=\"wp-block-embed is-type-video is-provider-youtube wp-block-embed-youtube wp-embed-aspect-4-3 wp-has-aspect-ratio\"><div class=\"wp-block-embed__wrapper\">\n<iframe loading=\"lazy\" title=\"Trieste Turismo - Trieste, citt\u00e0 fascinosa\" width=\"500\" height=\"375\" src=\"https:\/\/www.youtube.com\/embed\/fVl88nm_OFA?feature=oembed\" frameborder=\"0\" allow=\"accelerometer; autoplay; clipboard-write; encrypted-media; gyroscope; picture-in-picture; web-share\" referrerpolicy=\"strict-origin-when-cross-origin\" allowfullscreen><\/iframe>\n<\/div><\/figure>\n<\/div>\n\n\n\n<div class=\"wp-block-column is-layout-flow wp-block-column-is-layout-flow\"><\/div>\n\n\n\n<div class=\"wp-block-column is-vertically-aligned-center is-layout-flow wp-block-column-is-layout-flow\" style=\"flex-basis:60%\"><style>.kb-google-maps-container194283_e1d093-70{height:450px;}.kb-google-maps-container194283_e1d093-70{filter:grayscale(100%);}<\/style><div class=\"kb-google-maps-container kb-google-maps-container194283_e1d093-70  wp-block-kadence-googlemaps\" data-mapid=\"194283_e1d09370\"><iframe width=\"100%\" height=\"100%\"\n\t\t\t\t\t\t\tstyle=\"border:0\" loading=\"lazy\"\n\t\t\t\t\t\t\tsrc=\"https:\/\/www.google.com\/maps\/embed\/v1\/place?key=AIzaSyBAM2o7PiQqwk15LC1XRH2e_KJ-jUa7KYk&#038;zoom=13&#038;maptype=roadmap&#038;q=Trieste\"\n\t\t\t\t\t\t\ttitle=\"Carte Google de Trieste\"><\/iframe><\/div><script>function kb_google_map194283_e1d09370() { let center = { lat: 37.8201, lng: -122.4781}; let map = new google.maps.Map(document.getElementById(\"kb-google-map194283_e1d09370\"), {\n\t\t\t\t\t    zoom: 13,\n\t\t\t\t\t    center: center,});let marker = new google.maps.Marker({   position: { lat: 37.8201, lng: -122.4781},    map: map,  });}<\/script><\/div>\n<\/div>\n","protected":false},"excerpt":{"rendered":"<p>Trieste est une ville dynamique avec une sc\u00e8ne culturelle anim\u00e9e. Vous y trouverez des ruines de Romen, des ch\u00e2teaux, des \u00e9glises et des mus\u00e9es int\u00e9ressants. Trieste constitue un bon point de d\u00e9part pour explorer les magnifiques tr\u00e9sors de la c\u00f4te, comme le Castello Miramare, et peut servir de base pour explorer la Slov\u00e9nie et la [&hellip;]<\/p>\n","protected":false},"author":132,"featured_media":0,"parent":189521,"menu_order":61,"comment_status":"closed","ping_status":"closed","template":"","meta":{"_acf_changed":false,"_uag_custom_page_level_css":"","_kad_blocks_custom_css":"","_kad_blocks_head_custom_js":"","_kad_blocks_body_custom_js":"","_kad_blocks_footer_custom_js":"","site-sidebar-layout":"default","site-content-layout":"","ast-site-content-layout":"default","site-content-style":"default","site-sidebar-style":"default","ast-global-header-display":"","ast-banner-title-visibility":"","ast-main-header-display":"","ast-hfb-above-header-display":"","ast-hfb-below-header-display":"","ast-hfb-mobile-header-display":"","site-post-title":"","ast-breadcrumbs-content":"","ast-featured-img":"","footer-sml-layout":"","ast-disable-related-posts":"","theme-transparent-header-meta":"","adv-header-id-meta":"","stick-header-meta":"","header-above-stick-meta":"","header-main-stick-meta":"","header-below-stick-meta":"","astra-migrate-meta-layouts":"set","ast-page-background-enabled":"default","ast-page-background-meta":{"desktop":{"background-color":"var(--ast-global-color-4)","background-image":"","background-repeat":"repeat","background-position":"center center","background-size":"auto","background-attachment":"scroll","background-type":"","background-media":"","overlay-type":"","overlay-color":"","overlay-opacity":"","overlay-gradient":""},"tablet":{"background-color":"","background-image":"","background-repeat":"repeat","background-position":"center center","background-size":"auto","background-attachment":"scroll","background-type":"","background-media":"","overlay-type":"","overlay-color":"","overlay-opacity":"","overlay-gradient":""},"mobile":{"background-color":"","background-image":"","background-repeat":"repeat","background-position":"center center","background-size":"auto","background-attachment":"scroll","background-type":"","background-media":"","overlay-type":"","overlay-color":"","overlay-opacity":"","overlay-gradient":""}},"ast-content-background-meta":{"desktop":{"background-color":"var(--ast-global-color-5)","background-image":"","background-repeat":"repeat","background-position":"center center","background-size":"auto","background-attachment":"scroll","background-type":"","background-media":"","overlay-type":"","overlay-color":"","overlay-opacity":"","overlay-gradient":""},"tablet":{"background-color":"var(--ast-global-color-5)","background-image":"","background-repeat":"repeat","background-position":"center center","background-size":"auto","background-attachment":"scroll","background-type":"","background-media":"","overlay-type":"","overlay-color":"","overlay-opacity":"","overlay-gradient":""},"mobile":{"background-color":"var(--ast-global-color-5)","background-image":"","background-repeat":"repeat","background-position":"center center","background-size":"auto","background-attachment":"scroll","background-type":"","background-media":"","overlay-type":"","overlay-color":"","overlay-opacity":"","overlay-gradient":""}},"footnotes":""},"class_list":["post-194283","page","type-page","status-publish","hentry"],"acf":[],"taxonomy_info":[],"featured_image_src_large":false,"author_info":{"display_name":"Jordi Torres","author_link":"https:\/\/www.studiainitalia.com\/fr\/author\/creativa\/"},"comment_info":0,"uagb_featured_image_src":{"full":false,"thumbnail":false,"medium":false,"medium_large":false,"large":false,"1536x1536":false,"2048x2048":false,"ultp_layout_landscape_large":false,"ultp_layout_landscape":false,"ultp_layout_portrait":false,"ultp_layout_square":false,"grid-thumb":false,"gform-image-choice-sm":false,"gform-image-choice-md":false,"gform-image-choice-lg":false,"woocommerce_thumbnail":false,"woocommerce_single":false,"woocommerce_gallery_thumbnail":false,"yarpp-thumbnail":false},"uagb_author_info":{"display_name":"Jordi Torres","author_link":"https:\/\/www.studiainitalia.com\/fr\/author\/creativa\/"},"uagb_comment_info":0,"uagb_excerpt":"Trieste est une ville dynamique avec une sc\u00e8ne culturelle anim\u00e9e. Vous y trouverez des ruines de Romen, des ch\u00e2teaux, des \u00e9glises et des mus\u00e9es int\u00e9ressants. Trieste constitue un bon point de d\u00e9part pour explorer les magnifiques tr\u00e9sors de la c\u00f4te, comme le Castello Miramare, et peut servir de base pour explorer la Slov\u00e9nie et la\u2026","_links":{"self":[{"href":"https:\/\/www.studiainitalia.com\/fr\/wp-json\/wp\/v2\/pages\/194283","targetHints":{"allow":["GET"]}}],"collection":[{"href":"https:\/\/www.studiainitalia.com\/fr\/wp-json\/wp\/v2\/pages"}],"about":[{"href":"https:\/\/www.studiainitalia.com\/fr\/wp-json\/wp\/v2\/types\/page"}],"author":[{"embeddable":true,"href":"https:\/\/www.studiainitalia.com\/fr\/wp-json\/wp\/v2\/users\/132"}],"replies":[{"embeddable":true,"href":"https:\/\/www.studiainitalia.com\/fr\/wp-json\/wp\/v2\/comments?post=194283"}],"version-history":[{"count":0,"href":"https:\/\/www.studiainitalia.com\/fr\/wp-json\/wp\/v2\/pages\/194283\/revisions"}],"up":[{"embeddable":true,"href":"https:\/\/www.studiainitalia.com\/fr\/wp-json\/wp\/v2\/pages\/189521"}],"wp:attachment":[{"href":"https:\/\/www.studiainitalia.com\/fr\/wp-json\/wp\/v2\/media?parent=194283"}],"curies":[{"name":"wp","href":"https:\/\/api.w.org\/{rel}","templated":true}]}}