{"id":194877,"date":"2022-10-03T13:19:58","date_gmt":"2022-10-03T11:19:58","guid":{"rendered":"https:\/\/www.studiainitalia.com\/?page_id=194877"},"modified":"2026-03-24T09:57:59","modified_gmt":"2026-03-24T08:57:59","slug":"cours-a-bari","status":"publish","type":"page","link":"https:\/\/www.studiainitalia.com\/fr\/destinations\/cours-a-bari\/","title":{"rendered":"Cours \u00e0 Bari"},"content":{"rendered":"\n<div class=\"wp-block-columns alignfull has-ast-global-color-2-background-color has-background is-layout-flex wp-container-core-columns-is-layout-c6bc58be wp-block-columns-is-layout-flex\" style=\"padding-top:0px;padding-right:0px;padding-bottom:0px;padding-left:0px\">\n<div class=\"wp-block-column is-layout-flow wp-block-column-is-layout-flow\" style=\"flex-basis:60%\">\n<div class=\"wp-block-cover alignfull is-light\" style=\"min-height:702px;aspect-ratio:unset;\"><img decoding=\"async\" class=\"wp-block-cover__image-background wp-image-203615 size-full\" alt=\"Study Italian in Bari\" src=\"https:\/\/www.studiainitalia.com\/wp-content\/uploads\/2026\/01\/43-Bari-Basilica-di-San-Nicola.jpeg\" data-object-fit=\"cover\" title=\"\"><span aria-hidden=\"true\" class=\"wp-block-cover__background has-background-dim\" style=\"background-color:#a99684\"><\/span><div class=\"wp-block-cover__inner-container is-layout-flow wp-block-cover-is-layout-flow\"><style>.wp-block-kadence-advancedheading.kt-adv-heading194877_43af50-4a, .wp-block-kadence-advancedheading.kt-adv-heading194877_43af50-4a[data-kb-block=\"kb-adv-heading194877_43af50-4a\"]{text-align:center;font-style:normal;}.wp-block-kadence-advancedheading.kt-adv-heading194877_43af50-4a mark.kt-highlight, .wp-block-kadence-advancedheading.kt-adv-heading194877_43af50-4a[data-kb-block=\"kb-adv-heading194877_43af50-4a\"] mark.kt-highlight{font-style:normal;color:#f76a0c;-webkit-box-decoration-break:clone;box-decoration-break:clone;padding-top:0px;padding-right:0px;padding-bottom:0px;padding-left:0px;}<\/style>\n<h1 class=\"kt-adv-heading194877_43af50-4a wp-block-kadence-advancedheading\" data-kb-block=\"kb-adv-heading194877_43af50-4a\">Cours \u00e0 Bari<\/h1>\n<\/div><\/div>\n<\/div>\n\n\n\n<div class=\"wp-block-column is-layout-flow wp-block-column-is-layout-flow\" style=\"padding-top:6%;padding-right:6%;padding-bottom:6%;padding-left:6%;flex-basis:40%\"><div  class=\"wp-block-ultimate-post-heading ultp-block-392166\"><div class=\"ultp-block-wrapper\"><div class=\"ultp-heading-wrap ultp-heading-style9 ultp-heading-left\"><h2 class=\"ultp-heading-inner\"><span>BARI<\/span><\/h2><\/div><\/div><\/div>\n\n<style>.wp-block-kadence-spacer.kt-block-spacer-_03022e-64 .kt-block-spacer{height:10px;}.wp-block-kadence-spacer.kt-block-spacer-_03022e-64 .kt-divider{border-top-width:1px;height:1px;border-top-color:var(--ast-global-color-1);width:100%;border-top-style:solid;}<\/style>\n<div class=\"wp-block-kadence-spacer aligncenter kt-block-spacer-_03022e-64\"><div class=\"kt-block-spacer kt-block-spacer-halign-center\"><hr class=\"kt-divider\"\/><\/div><\/div>\n\n\n\n<p>Bari est le point de d\u00e9part id\u00e9al pour explorer les Pouilles. De l\u00e0, vous pouvez facilement rejoindre Alberobello, Polignano a Mare, Monopoli, Matera et la vall\u00e9e d&rsquo;Itria.<\/p>\n\n\n\n<p>De la basilique Saint-Nicolas aux ch\u00e2teaux m\u00e9di\u00e9vaux et aux \u00e9glises historiques, Bari est une ville marqu\u00e9e par les influences romaines, byzantines et normandes.<\/p>\n\n\n\n<p>Bari est un paradis pour les gourmands. Go\u00fbtez aux plats authentiques des Pouilles tels que <em>les orecchiette<\/em>, les fruits de mer frais, la focaccia barese et la cuisine de rue traditionnelle.<\/p>\n<\/div>\n<\/div>\n\n\n<div  class=\"wp-block-ultimate-post-heading ultp-block-1ce1e3\"><div class=\"ultp-block-wrapper\"><div class=\"ultp-heading-wrap ultp-heading-style9 ultp-heading-center\"><h2 class=\"ultp-heading-inner\"><span>Choisissez votre cours \u00e0 Bari<\/span><\/h2><\/div><\/div><\/div>\n\n<div data-block-name=\"woocommerce\/product-category\" data-categories=\"[2036]\" data-columns=\"6\" data-content-visibility=\"{&quot;image&quot;:true,&quot;title&quot;:true,&quot;price&quot;:true,&quot;rating&quot;:true,&quot;button&quot;:false}\" class=\"wc-block-grid wp-block-product-category wp-block-woocommerce-product-category wc-block-product-category has-6-columns has-multiple-rows\"><ul class=\"wc-block-grid__products\"><li class=\"wc-block-grid__product\"><span class=\"gtm4wp_productdata\" style=\"display:none; visibility:hidden;\" data-gtm4wp_product_data=\"{&quot;internal_id&quot;:203729,&quot;item_id&quot;:203729,&quot;item_name&quot;:&quot;Cours d\\u2019italien \\u00e0  Bari&quot;,&quot;sku&quot;:203729,&quot;price&quot;:1850,&quot;stocklevel&quot;:null,&quot;stockstatus&quot;:&quot;instock&quot;,&quot;google_business_vertical&quot;:&quot;retail&quot;,&quot;item_category&quot;:&quot;Cours d&#039;italien \\u00e0 Bari&quot;,&quot;id&quot;:203729,&quot;productlink&quot;:&quot;https:\\\/\\\/www.studiainitalia.com\\\/fr\\\/cours\\\/cours-italien-en-italie\\\/cours-ditalien-a-bari\\\/&quot;,&quot;item_list_name&quot;:&quot;Liste g\\u00e9n\\u00e9rale des produits&quot;,&quot;index&quot;:0,&quot;product_type&quot;:&quot;variable&quot;,&quot;item_brand&quot;:&quot;&quot;}\"><\/span>\n\t\t\t\t<a href=\"https:\/\/www.studiainitalia.com\/fr\/cours\/cours-italien-en-italie\/cours-ditalien-a-bari\/\" class=\"wc-block-grid__product-link\">\n\t\t\t\t\t\n\t\t\t\t\t<div class=\"wc-block-grid__product-image\"><img decoding=\"async\" width=\"300\" height=\"300\" src=\"https:\/\/www.studiainitalia.com\/wp-content\/uploads\/2026\/01\/30-Corsi-di-cucina-300x300.jpeg\" class=\"attachment-woocommerce_thumbnail size-woocommerce_thumbnail\" alt=\"apprendre Italien dans les Pouilles\" srcset=\"https:\/\/www.studiainitalia.com\/wp-content\/uploads\/2026\/01\/30-Corsi-di-cucina-300x300.jpeg 300w, https:\/\/www.studiainitalia.com\/wp-content\/uploads\/2026\/01\/30-Corsi-di-cucina-600x600.jpeg 600w, https:\/\/www.studiainitalia.com\/wp-content\/uploads\/2026\/01\/30-Corsi-di-cucina-100x100.jpeg 100w, https:\/\/www.studiainitalia.com\/wp-content\/uploads\/2026\/01\/30-Corsi-di-cucina-120x120.jpeg 120w\" sizes=\"(max-width: 300px) 100vw, 300px\" title=\"\"><\/div>\n\t\t\t\t\t<div class=\"wc-block-grid__product-title\">Cours d\u2019italien \u00e0  Bari<\/div>\n\t\t\t\t<\/a>\n\t\t\t\t<div class=\"wc-block-grid__product-price price\"><span class=\"woocommerce-Price-amount amount\">1.850<span class=\"woocommerce-Price-currencySymbol\">&euro;<\/span><\/span><\/div>\n\t\t\t\t\n\t\t\t\t\n\t\t\t<\/li><\/ul><\/div>\n\n\n<div class=\"wp-block-columns alignfull has-ast-global-color-2-background-color has-background is-layout-flex wp-container-core-columns-is-layout-c7ed57bb wp-block-columns-is-layout-flex\" style=\"padding-top:5%;padding-right:10%;padding-bottom:5%;padding-left:10%\">\n<div class=\"wp-block-column is-layout-constrained wp-container-core-column-is-layout-80c0687d wp-block-column-is-layout-constrained\">\n<figure class=\"wp-block-image aligncenter size-full\"><img decoding=\"async\" width=\"52\" height=\"52\" src=\"https:\/\/www.studiainitalia.com\/wp-content\/uploads\/2016\/10\/italy4.png\" alt=\"\" class=\"wp-image-55992\" title=\"\"><\/figure>\n\n\n<div  class=\"wp-block-ultimate-post-heading ultp-block-603b08\"><div class=\"ultp-block-wrapper\"><div class=\"ultp-heading-wrap ultp-heading-style1 ultp-heading-center\"><h2 class=\"ultp-heading-inner\"><span>Pourquoi Bari?<\/span><\/h2><\/div><\/div><\/div>\n\n\n<p><strong>Abordable par rapport \u00e0 d&rsquo;autres villes italiennes<\/strong><br>L&rsquo;h\u00e9bergement, la nourriture et les transports \u00e0 Bari sont g\u00e9n\u00e9ralement plus abordables que dans les grandes villes touristiques comme Rome ou Florence<\/p>\n\n\n\n<p><strong>Ses habitants sont connus pour chaleureux et accueillants<\/strong><\/p>\n<\/div>\n\n\n\n<div class=\"wp-block-column is-layout-constrained wp-container-core-column-is-layout-80c0687d wp-block-column-is-layout-constrained\">\n<figure class=\"wp-block-image aligncenter size-full\"><img decoding=\"async\" width=\"50\" height=\"50\" src=\"https:\/\/www.studiainitalia.com\/wp-content\/uploads\/2022\/09\/caelndar2-3_png_webp.png\" alt=\"\" class=\"wp-image-94147\" title=\"\"><\/figure>\n\n\n<div  class=\"wp-block-ultimate-post-heading ultp-block-9288e8\"><div class=\"ultp-block-wrapper\"><div class=\"ultp-heading-wrap ultp-heading-style1 ultp-heading-center\"><h2 class=\"ultp-heading-inner\"><span>Quand s\u2019y rendre ?<\/span><\/h2><\/div><\/div><\/div>\n\n\n<p><strong>Une destination pour toute l&rsquo;ann\u00e9e<\/strong><br>Gr\u00e2ce \u00e0 son climat doux, Bari est agr\u00e9able en toute saison, des \u00e9t\u00e9s ensoleill\u00e9s aux mois agr\u00e9ables du printemps et de l&rsquo;automne.<\/p>\n\n\n\n<p><\/p>\n<\/div>\n\n\n\n<div class=\"wp-block-column is-layout-constrained wp-container-core-column-is-layout-80c0687d wp-block-column-is-layout-constrained\">\n<figure class=\"wp-block-image aligncenter size-full\"><img decoding=\"async\" width=\"52\" height=\"52\" src=\"https:\/\/www.studiainitalia.com\/wp-content\/uploads\/2022\/09\/vespa-1_png_webp.png\" alt=\"\" class=\"wp-image-94148\" title=\"\"><\/figure>\n\n\n<div  class=\"wp-block-ultimate-post-heading ultp-block-92a0c0\"><div class=\"ultp-block-wrapper\"><div class=\"ultp-heading-wrap ultp-heading-style1 ultp-heading-center\"><h2 class=\"ultp-heading-inner\"><span>There &amp; Around<\/span><\/h2><\/div><\/div><\/div>\n\n\n<p><strong>Facile d&rsquo;acc\u00e8s et bien desservie<\/strong><br>Avec son a\u00e9roport international et ses excellentes liaisons ferroviaires, Bari est l&rsquo;une des destinations les plus accessibles du sud de l&rsquo;Italie.<\/p>\n<\/div>\n<\/div>\n\n\n\n<div class=\"wp-block-columns alignfull are-vertically-aligned-center is-layout-flex wp-container-core-columns-is-layout-28f84493 wp-block-columns-is-layout-flex\">\n<div class=\"wp-block-column is-vertically-aligned-center is-layout-flow wp-block-column-is-layout-flow\" style=\"flex-basis:100%\"><style>.kb-google-maps-container194877_f9b997-7a{height:450px;}.kb-google-maps-container194877_f9b997-7a{filter:grayscale(100%);}<\/style><div class=\"kb-google-maps-container kb-google-maps-container194877_f9b997-7a  wp-block-kadence-googlemaps\" data-mapid=\"194877_f9b9977a\"><iframe width=\"100%\" height=\"100%\"\n\t\t\t\t\t\t\tstyle=\"border:0\" loading=\"lazy\"\n\t\t\t\t\t\t\tsrc=\"https:\/\/www.google.com\/maps\/embed\/v1\/place?key=AIzaSyBAM2o7PiQqwk15LC1XRH2e_KJ-jUa7KYk&#038;zoom=12&#038;maptype=roadmap&#038;q=Bari%2C+Italie\"\n\t\t\t\t\t\t\ttitle=\"Carte Google de Bari, Italie\"><\/iframe><\/div><script>function kb_google_map194877_f9b9977a() { let center = { lat: 37.8201, lng: -122.4781}; let map = new google.maps.Map(document.getElementById(\"kb-google-map194877_f9b9977a\"), {\n\t\t\t\t\t    zoom: 12,\n\t\t\t\t\t    center: center,});let marker = new google.maps.Marker({   position: { lat: 37.8201, lng: -122.4781},    map: map,  });}<\/script><\/div>\n<\/div>\n","protected":false},"excerpt":{"rendered":"<p>Bari est le point de d\u00e9part id\u00e9al pour explorer les Pouilles. De l\u00e0, vous pouvez facilement rejoindre Alberobello, Polignano a Mare, Monopoli, Matera et la vall\u00e9e d&rsquo;Itria. De la basilique Saint-Nicolas aux ch\u00e2teaux m\u00e9di\u00e9vaux et aux \u00e9glises historiques, Bari est une ville marqu\u00e9e par les influences romaines, byzantines et normandes. Bari est un paradis pour [&hellip;]<\/p>\n","protected":false},"author":132,"featured_media":0,"parent":189521,"menu_order":61,"comment_status":"closed","ping_status":"closed","template":"","meta":{"_acf_changed":false,"_uag_custom_page_level_css":"","_kad_blocks_custom_css":"","_kad_blocks_head_custom_js":"","_kad_blocks_body_custom_js":"","_kad_blocks_footer_custom_js":"","site-sidebar-layout":"default","site-content-layout":"","ast-site-content-layout":"default","site-content-style":"default","site-sidebar-style":"default","ast-global-header-display":"","ast-banner-title-visibility":"","ast-main-header-display":"","ast-hfb-above-header-display":"","ast-hfb-below-header-display":"","ast-hfb-mobile-header-display":"","site-post-title":"","ast-breadcrumbs-content":"","ast-featured-img":"","footer-sml-layout":"","ast-disable-related-posts":"","theme-transparent-header-meta":"","adv-header-id-meta":"","stick-header-meta":"","header-above-stick-meta":"","header-main-stick-meta":"","header-below-stick-meta":"","astra-migrate-meta-layouts":"set","ast-page-background-enabled":"default","ast-page-background-meta":{"desktop":{"background-color":"var(--ast-global-color-4)","background-image":"","background-repeat":"repeat","background-position":"center center","background-size":"auto","background-attachment":"scroll","background-type":"","background-media":"","overlay-type":"","overlay-color":"","overlay-opacity":"","overlay-gradient":""},"tablet":{"background-color":"","background-image":"","background-repeat":"repeat","background-position":"center center","background-size":"auto","background-attachment":"scroll","background-type":"","background-media":"","overlay-type":"","overlay-color":"","overlay-opacity":"","overlay-gradient":""},"mobile":{"background-color":"","background-image":"","background-repeat":"repeat","background-position":"center center","background-size":"auto","background-attachment":"scroll","background-type":"","background-media":"","overlay-type":"","overlay-color":"","overlay-opacity":"","overlay-gradient":""}},"ast-content-background-meta":{"desktop":{"background-color":"var(--ast-global-color-5)","background-image":"","background-repeat":"repeat","background-position":"center center","background-size":"auto","background-attachment":"scroll","background-type":"","background-media":"","overlay-type":"","overlay-color":"","overlay-opacity":"","overlay-gradient":""},"tablet":{"background-color":"var(--ast-global-color-5)","background-image":"","background-repeat":"repeat","background-position":"center center","background-size":"auto","background-attachment":"scroll","background-type":"","background-media":"","overlay-type":"","overlay-color":"","overlay-opacity":"","overlay-gradient":""},"mobile":{"background-color":"var(--ast-global-color-5)","background-image":"","background-repeat":"repeat","background-position":"center center","background-size":"auto","background-attachment":"scroll","background-type":"","background-media":"","overlay-type":"","overlay-color":"","overlay-opacity":"","overlay-gradient":""}},"footnotes":""},"class_list":["post-194877","page","type-page","status-publish","hentry"],"acf":[],"taxonomy_info":[],"featured_image_src_large":false,"author_info":{"display_name":"Jordi Torres","author_link":"https:\/\/www.studiainitalia.com\/fr\/author\/creativa\/"},"comment_info":0,"uagb_featured_image_src":{"full":false,"thumbnail":false,"medium":false,"medium_large":false,"large":false,"1536x1536":false,"2048x2048":false,"ultp_layout_landscape_large":false,"ultp_layout_landscape":false,"ultp_layout_portrait":false,"ultp_layout_square":false,"gform-image-choice-sm":false,"gform-image-choice-md":false,"gform-image-choice-lg":false,"woocommerce_thumbnail":false,"woocommerce_single":false,"woocommerce_gallery_thumbnail":false,"yarpp-thumbnail":false},"uagb_author_info":{"display_name":"Jordi Torres","author_link":"https:\/\/www.studiainitalia.com\/fr\/author\/creativa\/"},"uagb_comment_info":0,"uagb_excerpt":"Bari est le point de d\u00e9part id\u00e9al pour explorer les Pouilles. De l\u00e0, vous pouvez facilement rejoindre Alberobello, Polignano a Mare, Monopoli, Matera et la vall\u00e9e d&rsquo;Itria. De la basilique Saint-Nicolas aux ch\u00e2teaux m\u00e9di\u00e9vaux et aux \u00e9glises historiques, Bari est une ville marqu\u00e9e par les influences romaines, byzantines et normandes. Bari est un paradis pour\u2026","_links":{"self":[{"href":"https:\/\/www.studiainitalia.com\/fr\/wp-json\/wp\/v2\/pages\/194877","targetHints":{"allow":["GET"]}}],"collection":[{"href":"https:\/\/www.studiainitalia.com\/fr\/wp-json\/wp\/v2\/pages"}],"about":[{"href":"https:\/\/www.studiainitalia.com\/fr\/wp-json\/wp\/v2\/types\/page"}],"author":[{"embeddable":true,"href":"https:\/\/www.studiainitalia.com\/fr\/wp-json\/wp\/v2\/users\/132"}],"replies":[{"embeddable":true,"href":"https:\/\/www.studiainitalia.com\/fr\/wp-json\/wp\/v2\/comments?post=194877"}],"version-history":[{"count":0,"href":"https:\/\/www.studiainitalia.com\/fr\/wp-json\/wp\/v2\/pages\/194877\/revisions"}],"up":[{"embeddable":true,"href":"https:\/\/www.studiainitalia.com\/fr\/wp-json\/wp\/v2\/pages\/189521"}],"wp:attachment":[{"href":"https:\/\/www.studiainitalia.com\/fr\/wp-json\/wp\/v2\/media?parent=194877"}],"curies":[{"name":"wp","href":"https:\/\/api.w.org\/{rel}","templated":true}]}}