{"id":195721,"date":"2021-02-24T20:15:06","date_gmt":"2021-02-24T19:15:06","guid":{"rendered":"https:\/\/www.studiainitalia.com\/erreur-404-le-contenu-nexiste-plus\/"},"modified":"2023-11-13T12:32:17","modified_gmt":"2023-11-13T11:32:17","slug":"erreur-404-le-contenu-nexiste-plus","status":"publish","type":"page","link":"https:\/\/www.studiainitalia.com\/fr\/erreur-404-le-contenu-nexiste-plus\/","title":{"rendered":"Erreur 404, le contenu n&rsquo;existe plus"},"content":{"rendered":"\n<h2 class=\"has-text-align-center wp-block-heading\">Nos articles de blog les plus r\u00e9cents<\/h2>\n<div  class=\"ultp-post-grid-block wp-block-ultimate-post-post-list-3 ultp-block-24de0a\"><div class=\"ultp-block-wrapper\"><div class=\"ultp-loading\"><div class=\"ultp-loading-blocks\" style=\"width:100%;height:100%;\"><div style=\"left: 0;top: 0;animation-delay:0s;\"><\/div><div style=\"left: 21px;top: 0;animation-delay:0.125s;\"><\/div><div style=\"left: 42px;top: 0;animation-delay:0.25s;\"><\/div><div style=\"left: 0;top: 21px;animation-delay:0.875s;\"><\/div><div style=\"left: 42px;top: 21px;animation-delay:0.375s;\"><\/div><div style=\"left: 0;top: 42px;animation-delay:0.75s;\"><\/div><div style=\"left: 42px;top: 42px;animation-delay:0.625s;\"><\/div><div style=\"left: 21px;top: 42px;animation-delay:0.5s;\"><\/div><\/div><\/div><div class=\"ultp-heading-filter\"><div class=\"ultp-heading-filter-in\"><div class=\"ultp-heading-wrap ultp-heading-style1 ultp-heading-left\"><h2 class=\"ultp-heading-inner\"><span><\/span><\/h2><\/div><div class=\"ultp-filter-navigation\"><\/div><\/div><\/div><div class=\"ultp-block-items-wrap ultp-block-row ultp-block-column-1 ultp-block-content-middle ultp-layout1\"><div class=\"ultp-block-item ultp-block-media post-id-204532\"><div class=\"ultp-block-content-wrap\"><div class=\"ultp-block-image ultp-block-image-opacity\"><a href=\"https:\/\/www.studiainitalia.com\/fr\/blog\/course-histoire-art-florence-venise-rome\/\"><img decoding=\"async\" alt=\"Cours d&#039;histoire de l&#039;art florence italie - image by Rodney Castillo from Pixabay\" src=\"https:\/\/www.studiainitalia.com\/wp-content\/uploads\/2019\/09\/history-of-art-courses-in-florence-italy-600x330.jpg\" title=\"\"><\/a><\/div><div class=\"ultp-block-content\"><div class=\"ultp-category-grid ultp-category-classic ultp-category-aboveTitle\"><div class=\"ultp-category-in\"><a class=\"ultp-cat-arts-fr\" href=\"https:\/\/www.studiainitalia.com\/fr\/blog\/category\/arts-fr\/\">Art<\/a><a class=\"ultp-cat-italian-destinations-fr\" href=\"https:\/\/www.studiainitalia.com\/fr\/blog\/category\/italian-destinations-fr\/\">Destinations italiennes<\/a><\/div><\/div><h3 class=\"ultp-block-title \"><a href=\"https:\/\/www.studiainitalia.com\/fr\/blog\/course-histoire-art-florence-venise-rome\/\">Cours d&rsquo;histoire de l&rsquo;art \u00e0 Florence, Venise et Rome : Renaissance et culture<\/a><\/h3><div class=\"ultp-block-meta ultp-block-meta-dot ultp-block-meta-icon\"><span class=\"ultp-block-author ultp-block-meta-element\"><svg xmlns=\"http:\/\/www.w3.org\/2000\/svg\" fill=\"none\" viewBox=\"0 0 24 24\">\r\n  <circle cx=\"12\" cy=\"7\" r=\"4\" stroke=\"currentColor\" stroke-linejoin=\"round\" stroke-width=\"1.5\"\/>\r\n  <path stroke=\"currentColor\" stroke-linecap=\"round\" stroke-linejoin=\"round\" stroke-width=\"1.5\" d=\"M4 21v-3a4 4 0 0 1 4-4h8a4 4 0 0 1 4 4v3\"\/>\r\n<\/svg>\r\n<a class=\"\" href=\"https:\/\/www.studiainitalia.com\/fr\/author\/raffaella\/\">Raffaella Monaco<\/a><\/span><span class=\"ultp-block-date ultp-block-meta-element\"><svg xmlns=\"http:\/\/www.w3.org\/2000\/svg\" fill=\"none\" viewBox=\"0 0 24 24\">\r\n  <path stroke=\"currentColor\" stroke-linecap=\"round\" stroke-linejoin=\"round\" stroke-width=\"1.5\" d=\"M3 5.5a2 2 0 0 1 2-2h14a2 2 0 0 1 2 2v14a2 2 0 0 1-2 2H5a2 2 0 0 1-2-2v-14ZM8 2v3m8-3v3M3 9h18\"\/>\r\n<\/svg>\r\nAvr 1, 2026<\/span><span class=\"ultp-post-read ultp-block-meta-element\"><svg xmlns=\"http:\/\/www.w3.org\/2000\/svg\" fill=\"none\" viewBox=\"0 0 24 24\">\r\n  <path stroke=\"currentColor\" stroke-linecap=\"round\" stroke-linejoin=\"round\" stroke-width=\"1.5\" d=\"M4 5v14a3 3 0 0 0 3 3h13V8H7a3 3 0 0 1-3-3Zm0 0a3 3 0 0 1 3-3h13M7 5h10\"\/>\r\n  <path stroke=\"currentColor\" stroke-linecap=\"round\" stroke-linejoin=\"round\" stroke-width=\"1.5\" d=\"M9.5 18.5v-3.092a3 3 0 0 1 .504-1.664l1.219-1.828a.934.934 0 0 1 1.554 0l1.22 1.828a3 3 0 0 1 .503 1.664V18.5m-5-2.5h5\"\/>\r\n<\/svg>\r\n6 min read<\/span><\/div><div class=\"ultp-block-excerpt\"><p>Pour comprendre l&rsquo;histoire de l&rsquo;art italien, il faut savoir qu&rsquo;il ne s&rsquo;agissait pas seulement de peinture sur toile, mais d&rsquo;une mani\u00e8re radicalement nouvelle de voir le monde. Un cours d&rsquo;histoire de l&rsquo;art \u00e0 Florence vous permet de vivre cette transformation\u2026<\/p>\n<\/div><div class=\"ultp-block-readmore\"><a aria-label=\"Cours d&rsquo;histoire de l&rsquo;art \u00e0 Florence, Venise et Rome : Renaissance et culture\" href=\"https:\/\/www.studiainitalia.com\/fr\/blog\/course-histoire-art-florence-venise-rome\/\">Read More<\/a><\/div><\/div><\/div><\/div><div class=\"ultp-block-item ultp-block-media post-id-190981\"><div class=\"ultp-block-content-wrap\"><div class=\"ultp-block-image ultp-block-image-opacity\"><a href=\"https:\/\/www.studiainitalia.com\/fr\/blog\/vacances-detudes-a-florence\/\"><img decoding=\"async\" alt=\"Cours d&#039;italien \u00e0 Florence conseil voyage -  photo by user32212 from Pixabay\" src=\"https:\/\/www.studiainitalia.com\/wp-content\/uploads\/2021\/05\/Italian-Course-in-Florence-travel-tips-600x329.jpg\" title=\"\"><\/a><\/div><div class=\"ultp-block-content\"><div class=\"ultp-category-grid ultp-category-classic ultp-category-aboveTitle\"><div class=\"ultp-category-in\"><a class=\"ultp-cat-non-classifiee\" href=\"https:\/\/www.studiainitalia.com\/fr\/blog\/category\/non-classifiee\/\">Cours d&rsquo;italien<\/a><a class=\"ultp-cat-italian-destinations-fr\" href=\"https:\/\/www.studiainitalia.com\/fr\/blog\/category\/italian-destinations-fr\/\">Destinations italiennes<\/a><\/div><\/div><h3 class=\"ultp-block-title \"><a href=\"https:\/\/www.studiainitalia.com\/fr\/blog\/vacances-detudes-a-florence\/\">\u00c9tudier l&rsquo;italien \u00e0 Florence: 6 conseils pour une exp\u00e9rience authentique<\/a><\/h3><div class=\"ultp-block-meta ultp-block-meta-dot ultp-block-meta-icon\"><span class=\"ultp-block-author ultp-block-meta-element\"><svg xmlns=\"http:\/\/www.w3.org\/2000\/svg\" fill=\"none\" viewBox=\"0 0 24 24\">\r\n  <circle cx=\"12\" cy=\"7\" r=\"4\" stroke=\"currentColor\" stroke-linejoin=\"round\" stroke-width=\"1.5\"\/>\r\n  <path stroke=\"currentColor\" stroke-linecap=\"round\" stroke-linejoin=\"round\" stroke-width=\"1.5\" d=\"M4 21v-3a4 4 0 0 1 4-4h8a4 4 0 0 1 4 4v3\"\/>\r\n<\/svg>\r\n<a class=\"\" href=\"https:\/\/www.studiainitalia.com\/fr\/author\/raffaella\/\">Raffaella Monaco<\/a><\/span><span class=\"ultp-block-date ultp-block-meta-element\"><svg xmlns=\"http:\/\/www.w3.org\/2000\/svg\" fill=\"none\" viewBox=\"0 0 24 24\">\r\n  <path stroke=\"currentColor\" stroke-linecap=\"round\" stroke-linejoin=\"round\" stroke-width=\"1.5\" d=\"M3 5.5a2 2 0 0 1 2-2h14a2 2 0 0 1 2 2v14a2 2 0 0 1-2 2H5a2 2 0 0 1-2-2v-14ZM8 2v3m8-3v3M3 9h18\"\/>\r\n<\/svg>\r\nMar 2, 2026<\/span><span class=\"ultp-post-read ultp-block-meta-element\"><svg xmlns=\"http:\/\/www.w3.org\/2000\/svg\" fill=\"none\" viewBox=\"0 0 24 24\">\r\n  <path stroke=\"currentColor\" stroke-linecap=\"round\" stroke-linejoin=\"round\" stroke-width=\"1.5\" d=\"M4 5v14a3 3 0 0 0 3 3h13V8H7a3 3 0 0 1-3-3Zm0 0a3 3 0 0 1 3-3h13M7 5h10\"\/>\r\n  <path stroke=\"currentColor\" stroke-linecap=\"round\" stroke-linejoin=\"round\" stroke-width=\"1.5\" d=\"M9.5 18.5v-3.092a3 3 0 0 1 .504-1.664l1.219-1.828a.934.934 0 0 1 1.554 0l1.22 1.828a3 3 0 0 1 .503 1.664V18.5m-5-2.5h5\"\/>\r\n<\/svg>\r\n6 min read<\/span><\/div><div class=\"ultp-block-excerpt\"><p>Florence n&rsquo;est pas seulement le th\u00e9\u00e2tre de l&rsquo;histoire de l&rsquo;art, c&rsquo;est aussi sans doute la meilleure salle de classe au monde. Si vous souhaitez s\u00e9rieusement apprendre l&rsquo;italien, que ce soit pour une semaine de remise \u00e0 niveau ou une immersion\u2026<\/p>\n<\/div><div class=\"ultp-block-readmore\"><a aria-label=\"\u00c9tudier l&rsquo;italien \u00e0 Florence: 6 conseils pour une exp\u00e9rience authentique\" href=\"https:\/\/www.studiainitalia.com\/fr\/blog\/vacances-detudes-a-florence\/\">Read More<\/a><\/div><\/div><\/div><\/div><div class=\"ultp-block-item ultp-block-media post-id-203898\"><div class=\"ultp-block-content-wrap\"><div class=\"ultp-block-image ultp-block-image-opacity\"><a href=\"https:\/\/www.studiainitalia.com\/fr\/blog\/agence-pour-etudier-en-italie\/\"><img decoding=\"async\" alt=\"Agence pour \u00e9tudier en Italie \" src=\"https:\/\/www.studiainitalia.com\/wp-content\/uploads\/2026\/02\/italian-education-agency-to-study-abroad-in-italy-1-600x330.jpg\" title=\"\"><\/a><\/div><div class=\"ultp-block-content\"><div class=\"ultp-category-grid ultp-category-classic ultp-category-aboveTitle\"><div class=\"ultp-category-in\"><a class=\"ultp-cat-non-classifiee\" href=\"https:\/\/www.studiainitalia.com\/fr\/blog\/category\/non-classifiee\/\">Cours d&rsquo;italien<\/a><\/div><\/div><h3 class=\"ultp-block-title \"><a href=\"https:\/\/www.studiainitalia.com\/fr\/blog\/agence-pour-etudier-en-italie\/\">Agence pour \u00e9tudier en Italie : 5 raisons de l\u2019utiliser<\/a><\/h3><div class=\"ultp-block-meta ultp-block-meta-dot ultp-block-meta-icon\"><span class=\"ultp-block-author ultp-block-meta-element\"><svg xmlns=\"http:\/\/www.w3.org\/2000\/svg\" fill=\"none\" viewBox=\"0 0 24 24\">\r\n  <circle cx=\"12\" cy=\"7\" r=\"4\" stroke=\"currentColor\" stroke-linejoin=\"round\" stroke-width=\"1.5\"\/>\r\n  <path stroke=\"currentColor\" stroke-linecap=\"round\" stroke-linejoin=\"round\" stroke-width=\"1.5\" d=\"M4 21v-3a4 4 0 0 1 4-4h8a4 4 0 0 1 4 4v3\"\/>\r\n<\/svg>\r\n<a class=\"\" href=\"https:\/\/www.studiainitalia.com\/fr\/author\/raffaella\/\">Raffaella Monaco<\/a><\/span><span class=\"ultp-block-date ultp-block-meta-element\"><svg xmlns=\"http:\/\/www.w3.org\/2000\/svg\" fill=\"none\" viewBox=\"0 0 24 24\">\r\n  <path stroke=\"currentColor\" stroke-linecap=\"round\" stroke-linejoin=\"round\" stroke-width=\"1.5\" d=\"M3 5.5a2 2 0 0 1 2-2h14a2 2 0 0 1 2 2v14a2 2 0 0 1-2 2H5a2 2 0 0 1-2-2v-14ZM8 2v3m8-3v3M3 9h18\"\/>\r\n<\/svg>\r\nF\u00e9v 2, 2026<\/span><span class=\"ultp-post-read ultp-block-meta-element\"><svg xmlns=\"http:\/\/www.w3.org\/2000\/svg\" fill=\"none\" viewBox=\"0 0 24 24\">\r\n  <path stroke=\"currentColor\" stroke-linecap=\"round\" stroke-linejoin=\"round\" stroke-width=\"1.5\" d=\"M4 5v14a3 3 0 0 0 3 3h13V8H7a3 3 0 0 1-3-3Zm0 0a3 3 0 0 1 3-3h13M7 5h10\"\/>\r\n  <path stroke=\"currentColor\" stroke-linecap=\"round\" stroke-linejoin=\"round\" stroke-width=\"1.5\" d=\"M9.5 18.5v-3.092a3 3 0 0 1 .504-1.664l1.219-1.828a.934.934 0 0 1 1.554 0l1.22 1.828a3 3 0 0 1 .503 1.664V18.5m-5-2.5h5\"\/>\r\n<\/svg>\r\n6 min read<\/span><\/div><div class=\"ultp-block-excerpt\"><p>Imaginez ceci : vous avez enfin d\u00e9cid\u00e9 de r\u00e9aliser votre r\u00eave d&rsquo;\u00e9tudier en Italie. Vous pouvez presque sentir l&rsquo;odeur de la farine dans une cuisine toscane ou sentir l&rsquo;argile entre vos doigts dans un atelier de poterie sicilien. Vous ouvrez\u2026<\/p>\n<\/div><div class=\"ultp-block-readmore\"><a aria-label=\"Agence pour \u00e9tudier en Italie : 5 raisons de l\u2019utiliser\" href=\"https:\/\/www.studiainitalia.com\/fr\/blog\/agence-pour-etudier-en-italie\/\">Read More<\/a><\/div><\/div><\/div><\/div><div class=\"ultp-block-item ultp-block-media post-id-203572\"><div class=\"ultp-block-content-wrap\"><div class=\"ultp-block-image ultp-block-image-opacity\"><a href=\"https:\/\/www.studiainitalia.com\/fr\/blog\/expositions-art-italie-2026\/\"><img decoding=\"async\" alt=\"expositions d\u2019art en Italie en 2026\" src=\"https:\/\/www.studiainitalia.com\/wp-content\/uploads\/2025\/12\/Art-Exhibitions-in-Italy-2026-600x330.jpg\" title=\"\"><\/a><\/div><div class=\"ultp-block-content\"><div class=\"ultp-category-grid ultp-category-classic ultp-category-aboveTitle\"><div class=\"ultp-category-in\"><a class=\"ultp-cat-arts-fr\" href=\"https:\/\/www.studiainitalia.com\/fr\/blog\/category\/arts-fr\/\">Art<\/a><a class=\"ultp-cat-italian-destinations-fr\" href=\"https:\/\/www.studiainitalia.com\/fr\/blog\/category\/italian-destinations-fr\/\">Destinations italiennes<\/a><\/div><\/div><h3 class=\"ultp-block-title \"><a href=\"https:\/\/www.studiainitalia.com\/fr\/blog\/expositions-art-italie-2026\/\">Les meilleures expositions d\u2019art en Italie en 2026<\/a><\/h3><div class=\"ultp-block-meta ultp-block-meta-dot ultp-block-meta-icon\"><span class=\"ultp-block-author ultp-block-meta-element\"><svg xmlns=\"http:\/\/www.w3.org\/2000\/svg\" fill=\"none\" viewBox=\"0 0 24 24\">\r\n  <circle cx=\"12\" cy=\"7\" r=\"4\" stroke=\"currentColor\" stroke-linejoin=\"round\" stroke-width=\"1.5\"\/>\r\n  <path stroke=\"currentColor\" stroke-linecap=\"round\" stroke-linejoin=\"round\" stroke-width=\"1.5\" d=\"M4 21v-3a4 4 0 0 1 4-4h8a4 4 0 0 1 4 4v3\"\/>\r\n<\/svg>\r\n<a class=\"\" href=\"https:\/\/www.studiainitalia.com\/fr\/author\/raffaella\/\">Raffaella Monaco<\/a><\/span><span class=\"ultp-block-date ultp-block-meta-element\"><svg xmlns=\"http:\/\/www.w3.org\/2000\/svg\" fill=\"none\" viewBox=\"0 0 24 24\">\r\n  <path stroke=\"currentColor\" stroke-linecap=\"round\" stroke-linejoin=\"round\" stroke-width=\"1.5\" d=\"M3 5.5a2 2 0 0 1 2-2h14a2 2 0 0 1 2 2v14a2 2 0 0 1-2 2H5a2 2 0 0 1-2-2v-14ZM8 2v3m8-3v3M3 9h18\"\/>\r\n<\/svg>\r\nJan 2, 2026<\/span><span class=\"ultp-post-read ultp-block-meta-element\"><svg xmlns=\"http:\/\/www.w3.org\/2000\/svg\" fill=\"none\" viewBox=\"0 0 24 24\">\r\n  <path stroke=\"currentColor\" stroke-linecap=\"round\" stroke-linejoin=\"round\" stroke-width=\"1.5\" d=\"M4 5v14a3 3 0 0 0 3 3h13V8H7a3 3 0 0 1-3-3Zm0 0a3 3 0 0 1 3-3h13M7 5h10\"\/>\r\n  <path stroke=\"currentColor\" stroke-linecap=\"round\" stroke-linejoin=\"round\" stroke-width=\"1.5\" d=\"M9.5 18.5v-3.092a3 3 0 0 1 .504-1.664l1.219-1.828a.934.934 0 0 1 1.554 0l1.22 1.828a3 3 0 0 1 .503 1.664V18.5m-5-2.5h5\"\/>\r\n<\/svg>\r\n9 min read<\/span><\/div><div class=\"ultp-block-excerpt\"><p>2026 s&rsquo;annonce comme une ann\u00e9e spectaculaire pour l&rsquo;art, l&rsquo;architecture et la culture en Italie. \u00c0 travers toute la p\u00e9ninsule, les mus\u00e9es et les fondations pr\u00e9parent des expositions extraordinaires qui transcendent les disciplines, invitant les visiteurs \u00e0 explorer l&rsquo;espace, la forme,\u2026<\/p>\n<\/div><div class=\"ultp-block-readmore\"><a aria-label=\"Les meilleures expositions d\u2019art en Italie en 2026\" href=\"https:\/\/www.studiainitalia.com\/fr\/blog\/expositions-art-italie-2026\/\">Read More<\/a><\/div><\/div><\/div><\/div><div class=\"ultp-block-item ultp-block-media post-id-203260\"><div class=\"ultp-block-content-wrap\"><div class=\"ultp-block-image ultp-block-image-opacity\"><a href=\"https:\/\/www.studiainitalia.com\/fr\/blog\/risotto-milanese-ossobuco-recette\/\"><img decoding=\"async\" alt=\"Risotto \u00e0 la Milanaise et Ossobuco\" src=\"https:\/\/www.studiainitalia.com\/wp-content\/uploads\/2025\/12\/Risotto-alla-Milanese-and-Ossobuco-600x330.jpg\" title=\"\"><\/a><\/div><div class=\"ultp-block-content\"><div class=\"ultp-category-grid ultp-category-classic ultp-category-aboveTitle\"><div class=\"ultp-category-in\"><a class=\"ultp-cat-food-fr\" href=\"https:\/\/www.studiainitalia.com\/fr\/blog\/category\/food-fr\/\">Cuisine<\/a><\/div><\/div><h3 class=\"ultp-block-title \"><a href=\"https:\/\/www.studiainitalia.com\/fr\/blog\/risotto-milanese-ossobuco-recette\/\">Risotto \u00e0 la Milanaise et Ossobuco<\/a><\/h3><div class=\"ultp-block-meta ultp-block-meta-dot ultp-block-meta-icon\"><span class=\"ultp-block-author ultp-block-meta-element\"><svg xmlns=\"http:\/\/www.w3.org\/2000\/svg\" fill=\"none\" viewBox=\"0 0 24 24\">\r\n  <circle cx=\"12\" cy=\"7\" r=\"4\" stroke=\"currentColor\" stroke-linejoin=\"round\" stroke-width=\"1.5\"\/>\r\n  <path stroke=\"currentColor\" stroke-linecap=\"round\" stroke-linejoin=\"round\" stroke-width=\"1.5\" d=\"M4 21v-3a4 4 0 0 1 4-4h8a4 4 0 0 1 4 4v3\"\/>\r\n<\/svg>\r\n<a class=\"\" href=\"https:\/\/www.studiainitalia.com\/fr\/author\/raffaella\/\">Raffaella Monaco<\/a><\/span><span class=\"ultp-block-date ultp-block-meta-element\"><svg xmlns=\"http:\/\/www.w3.org\/2000\/svg\" fill=\"none\" viewBox=\"0 0 24 24\">\r\n  <path stroke=\"currentColor\" stroke-linecap=\"round\" stroke-linejoin=\"round\" stroke-width=\"1.5\" d=\"M3 5.5a2 2 0 0 1 2-2h14a2 2 0 0 1 2 2v14a2 2 0 0 1-2 2H5a2 2 0 0 1-2-2v-14ZM8 2v3m8-3v3M3 9h18\"\/>\r\n<\/svg>\r\nD\u00e9c 1, 2025<\/span><span class=\"ultp-post-read ultp-block-meta-element\"><svg xmlns=\"http:\/\/www.w3.org\/2000\/svg\" fill=\"none\" viewBox=\"0 0 24 24\">\r\n  <path stroke=\"currentColor\" stroke-linecap=\"round\" stroke-linejoin=\"round\" stroke-width=\"1.5\" d=\"M4 5v14a3 3 0 0 0 3 3h13V8H7a3 3 0 0 1-3-3Zm0 0a3 3 0 0 1 3-3h13M7 5h10\"\/>\r\n  <path stroke=\"currentColor\" stroke-linecap=\"round\" stroke-linejoin=\"round\" stroke-width=\"1.5\" d=\"M9.5 18.5v-3.092a3 3 0 0 1 .504-1.664l1.219-1.828a.934.934 0 0 1 1.554 0l1.22 1.828a3 3 0 0 1 .503 1.664V18.5m-5-2.5h5\"\/>\r\n<\/svg>\r\n4 min read<\/span><\/div><div class=\"ultp-block-excerpt\"><p>D\u00e9cembre est le moment id\u00e9al pour apporter une touche de chaleur et de tradition italiennes \u00e0 votre table de f\u00eate, et rien ne capture mieux l&rsquo;esprit d&rsquo;un repas de No\u00ebl classique que le Risotto alla Milanese accompagn\u00e9 d&rsquo;Ossobuco !\ufeff Cet\u2026<\/p>\n<\/div><div class=\"ultp-block-readmore\"><a aria-label=\"Risotto \u00e0 la Milanaise et Ossobuco\" href=\"https:\/\/www.studiainitalia.com\/fr\/blog\/risotto-milanese-ossobuco-recette\/\">Read More<\/a><\/div><\/div><\/div><\/div><\/div><div class=\"ultp-pagination-wrap ultp-pagination-ajax-action\" data-paged=\"1\" data-expost=\"\"  data-blockid=\"24de0a\" data-postid=\"203260\" data-pages=\"12\" data-blockname=\"ultimate-post_post-list-3\" data-selfpostid=\"no\"><ul class=\"ultp-pagination\"><li class=\"ultp-prev-page-numbers\" style=\"display:none\"><a href=\"https:\/\/www.studiainitalia.com\/fr\/wp-json\/wp\/v2\/pages\/195721\/\"><svg xmlns=\"http:\/\/www.w3.org\/2000\/svg\" fill=\"none\" viewBox=\"0 0 24 24\">\r\n  <path stroke=\"currentColor\" stroke-linecap=\"round\" stroke-linejoin=\"round\" stroke-width=\"1.5\" d=\"m15 18-6-6 6-6\"\/>\r\n<\/svg>\r\n Previous<\/a><\/li><li class=\"ultp-first-pages\" style=\"display:none\" data-current=\"1\"><a href=\"https:\/\/www.studiainitalia.com\/fr\/wp-json\/wp\/v2\/pages\/195721\/\">1<\/a><\/li><li class=\"ultp-first-dot\"style=\"display:none\"><a href=\"#\">&#8230;<\/a><\/li><li class=\"ultp-center-item pagination-active\" data-current=\"1\"><a href=\"https:\/\/www.studiainitalia.com\/fr\/wp-json\/wp\/v2\/pages\/195721\/\">1<\/a><\/li><li class=\"ultp-center-item\" data-current=\"2\" ><a href=\"https:\/\/www.studiainitalia.com\/fr\/wp-json\/wp\/v2\/pages\/195721\/page\/2\/\">2<\/a><\/li><li class=\"ultp-center-item\" data-current=\"3\" ><a href=\"https:\/\/www.studiainitalia.com\/fr\/wp-json\/wp\/v2\/pages\/195721\/page\/3\/\">3<\/a><\/li><li class=\"ultp-last-dot\" ><a href=\"#\">&#8230;<\/a><\/li><li class=\"ultp-last-pages\" data-current=\"12\"><a href=\"https:\/\/www.studiainitalia.com\/fr\/wp-json\/wp\/v2\/pages\/195721\/page\/12\/\">12<\/a><\/li><li class=\"ultp-next-page-numbers\"><a href=\"https:\/\/www.studiainitalia.com\/fr\/wp-json\/wp\/v2\/pages\/195721\/page\/2\/\">Next<svg xmlns=\"http:\/\/www.w3.org\/2000\/svg\" fill=\"none\" viewBox=\"0 0 24 24\">\r\n  <path stroke=\"currentColor\" stroke-linecap=\"round\" stroke-linejoin=\"round\" stroke-width=\"1.5\" d=\"m9 18 6-6-6-6\"\/>\r\n<\/svg>\r\n<\/a><\/li><\/ul><\/div><\/div><div class=\"pagination-block-html\" aria-hidden=\"true\" style=\"display: none;\"><\/div><\/div>","protected":false},"excerpt":{"rendered":"<p>metaseo_404_page<\/p>\n","protected":false},"author":132,"featured_media":0,"parent":0,"menu_order":0,"comment_status":"closed","ping_status":"closed","template":"","meta":{"_acf_changed":false,"_uag_custom_page_level_css":"","_kad_blocks_custom_css":"","_kad_blocks_head_custom_js":"","_kad_blocks_body_custom_js":"","_kad_blocks_footer_custom_js":"","site-sidebar-layout":"default","site-content-layout":"","ast-site-content-layout":"default","site-content-style":"default","site-sidebar-style":"default","ast-global-header-display":"","ast-banner-title-visibility":"","ast-main-header-display":"","ast-hfb-above-header-display":"","ast-hfb-below-header-display":"","ast-hfb-mobile-header-display":"","site-post-title":"","ast-breadcrumbs-content":"","ast-featured-img":"","footer-sml-layout":"","ast-disable-related-posts":"","theme-transparent-header-meta":"","adv-header-id-meta":"","stick-header-meta":"","header-above-stick-meta":"","header-main-stick-meta":"","header-below-stick-meta":"","astra-migrate-meta-layouts":"default","ast-page-background-enabled":"default","ast-page-background-meta":{"desktop":{"background-color":"var(--ast-global-color-4)","background-image":"","background-repeat":"repeat","background-position":"center center","background-size":"auto","background-attachment":"scroll","background-type":"","background-media":"","overlay-type":"","overlay-color":"","overlay-opacity":"","overlay-gradient":""},"tablet":{"background-color":"","background-image":"","background-repeat":"repeat","background-position":"center center","background-size":"auto","background-attachment":"scroll","background-type":"","background-media":"","overlay-type":"","overlay-color":"","overlay-opacity":"","overlay-gradient":""},"mobile":{"background-color":"","background-image":"","background-repeat":"repeat","background-position":"center center","background-size":"auto","background-attachment":"scroll","background-type":"","background-media":"","overlay-type":"","overlay-color":"","overlay-opacity":"","overlay-gradient":""}},"ast-content-background-meta":{"desktop":{"background-color":"var(--ast-global-color-5)","background-image":"","background-repeat":"repeat","background-position":"center center","background-size":"auto","background-attachment":"scroll","background-type":"","background-media":"","overlay-type":"","overlay-color":"","overlay-opacity":"","overlay-gradient":""},"tablet":{"background-color":"var(--ast-global-color-5)","background-image":"","background-repeat":"repeat","background-position":"center center","background-size":"auto","background-attachment":"scroll","background-type":"","background-media":"","overlay-type":"","overlay-color":"","overlay-opacity":"","overlay-gradient":""},"mobile":{"background-color":"var(--ast-global-color-5)","background-image":"","background-repeat":"repeat","background-position":"center center","background-size":"auto","background-attachment":"scroll","background-type":"","background-media":"","overlay-type":"","overlay-color":"","overlay-opacity":"","overlay-gradient":""}},"footnotes":""},"class_list":["post-195721","page","type-page","status-publish","hentry"],"acf":[],"taxonomy_info":[],"featured_image_src_large":false,"author_info":{"display_name":"Jordi Torres","author_link":"https:\/\/www.studiainitalia.com\/fr\/author\/creativa\/"},"comment_info":0,"uagb_featured_image_src":{"full":false,"thumbnail":false,"medium":false,"medium_large":false,"large":false,"1536x1536":false,"2048x2048":false,"ultp_layout_landscape_large":false,"ultp_layout_landscape":false,"ultp_layout_portrait":false,"ultp_layout_square":false,"gform-image-choice-sm":false,"gform-image-choice-md":false,"gform-image-choice-lg":false,"woocommerce_thumbnail":false,"woocommerce_single":false,"woocommerce_gallery_thumbnail":false,"yarpp-thumbnail":false},"uagb_author_info":{"display_name":"Jordi Torres","author_link":"https:\/\/www.studiainitalia.com\/fr\/author\/creativa\/"},"uagb_comment_info":0,"uagb_excerpt":"metaseo_404_page","_links":{"self":[{"href":"https:\/\/www.studiainitalia.com\/fr\/wp-json\/wp\/v2\/pages\/195721","targetHints":{"allow":["GET"]}}],"collection":[{"href":"https:\/\/www.studiainitalia.com\/fr\/wp-json\/wp\/v2\/pages"}],"about":[{"href":"https:\/\/www.studiainitalia.com\/fr\/wp-json\/wp\/v2\/types\/page"}],"author":[{"embeddable":true,"href":"https:\/\/www.studiainitalia.com\/fr\/wp-json\/wp\/v2\/users\/132"}],"replies":[{"embeddable":true,"href":"https:\/\/www.studiainitalia.com\/fr\/wp-json\/wp\/v2\/comments?post=195721"}],"version-history":[{"count":0,"href":"https:\/\/www.studiainitalia.com\/fr\/wp-json\/wp\/v2\/pages\/195721\/revisions"}],"wp:attachment":[{"href":"https:\/\/www.studiainitalia.com\/fr\/wp-json\/wp\/v2\/media?parent=195721"}],"curies":[{"name":"wp","href":"https:\/\/api.w.org\/{rel}","templated":true}]}}