{"id":196701,"date":"2024-01-15T11:36:38","date_gmt":"2024-01-15T10:36:38","guid":{"rendered":"https:\/\/www.studiainitalia.com\/visa\/"},"modified":"2024-01-15T19:38:52","modified_gmt":"2024-01-15T18:38:52","slug":"visa","status":"publish","type":"page","link":"https:\/\/www.studiainitalia.com\/fr\/visa\/","title":{"rendered":"Visa"},"content":{"rendered":"<div  class=\"wp-block-ultimate-post-heading ultp-block-188cb7\"><div class=\"ultp-block-wrapper\"><div class=\"ultp-heading-wrap ultp-heading-style1 ultp-heading-left\"><h1 class=\"ultp-heading-inner\"><span>Visa<\/span><\/h1><\/div><\/div><\/div>\n\n\n<div class=\"wp-block-group is-layout-constrained wp-block-group-is-layout-constrained\">\n<p>Veuillez v\u00e9rifier si vous avez besoin d&rsquo;un visa ici : <a href=\"https:\/\/vistoperitalia.esteri.it\/home.aspx\" target=\"_blank\" rel=\"noopener\">https:\/\/vistoperitalia.esteri.it\/home.aspx<\/a> &nbsp;<\/p>\n\n\n\n<p>Pour demander un visa d&rsquo;\u00e9tudiant, vous devez \u00eatre inscrit \u00e0 un cours au moins 20 heures par semaine. Cela signifie que vous devez assister \u00e0 un cours 4 heures par jour, 5 jours par semaine, du lundi au vendredi. La participation aux cours est obligatoire.<\/p>\n\n\n\n<p>Veuillez noter qu&rsquo;il est assez difficile d&rsquo;obtenir un visa en tant que d\u00e9butant. Nous vous conseillons donc de commencer un cours et d&rsquo;atteindre le niveau A2 (c&rsquo;est ce que demandent la plupart des consulats, parfois m\u00eame B1 ou B2) avant de demander le visa.<\/p>\n\n\n\n<p>Une fois que le montant total du cours est r\u00e9gl\u00e9, nous vous fournissons tous les documents n\u00e9cessaires pour demander le visa. Par exemple&nbsp;:<\/p>\n\n\n\n<ul class=\"wp-block-list\">\n<li>la facture<\/li>\n\n\n\n<li>certificat d&rsquo;inscription<\/li>\n\n\n\n<li>attestation du minist\u00e8re italien de l&rsquo;\u00e9ducation<\/li>\n\n\n\n<li>certificat d&rsquo;incorporation<\/li>\n\n\n\n<li>enregistrement de la soci\u00e9t\u00e9 aupr\u00e8s de la chambre de commerce<\/li>\n<\/ul>\n\n\n\n<p>En plus de ces documents, vous devez pr\u00e9senter les documents suivants \u00e0 l&rsquo;ambassade d&rsquo;Italie&nbsp;:<\/p>\n\n\n\n<ul class=\"wp-block-list\">\n<li>passeport en cours de validit\u00e9<\/li>\n\n\n\n<li>assurance maladie pour toute la dur\u00e9e de votre s\u00e9jour, valable pour l&rsquo;Italie<\/li>\n\n\n\n<li>l&rsquo;h\u00e9bergement (soit sous la forme d&rsquo;une invitation de votre famille d&rsquo;accueil, soit nous pouvons vous fournir une attestation d&rsquo;h\u00e9bergement)<\/li>\n\n\n\n<li>couverture \u00e9conomique pour toute la dur\u00e9e de votre s\u00e9jour (1000\u20ac\/mois)<\/li>\n\n\n\n<li>une lettre de motivation reliant votre projet d&rsquo;\u00e9tudier l&rsquo;italien \u00e0 vos \u00e9tudes pass\u00e9es ou futures, ou \u00e0 votre exp\u00e9rience professionnelle.<\/li>\n<\/ul>\n\n\n\n<p>Une fois arriv\u00e9 en Italie, vous devez vous rendre au bureau de poste le plus proche et remplir le kit postal pour le permis de s\u00e9jour dans les 9 jours suivant votre arriv\u00e9e.<\/p>\n\n\n\n<p>Les documents originaux vous seront envoy\u00e9s par courrier \u00e9lectronique ou par dhl sur demande et \u00e0 vos frais.<\/p>\n\n\n\n<p>Si votre demande de visa est refus\u00e9e, vous serez int\u00e9gralement rembours\u00e9, \u00e0 l&rsquo;exception de 350 euros de frais administratifs. Les frais bancaires pour obtenir le remboursement sont \u00e0 votre charge.<\/p>\n\n\n<style>.wp-block-kadence-spacer.kt-block-spacer-196701_44168c-3a .kt-block-spacer{height:60px;}.wp-block-kadence-spacer.kt-block-spacer-196701_44168c-3a .kt-divider{border-top-width:1px;height:1px;border-top-color:var(--ast-global-color-5);width:80%;border-top-style:solid;}<\/style>\n<div class=\"wp-block-kadence-spacer aligncenter kt-block-spacer-196701_44168c-3a\"><div class=\"kt-block-spacer kt-block-spacer-halign-center\"><\/div><\/div>\n<\/div>\n","protected":false},"excerpt":{"rendered":"<p>Veuillez v\u00e9rifier si vous avez besoin d&rsquo;un visa ici : https:\/\/vistoperitalia.esteri.it\/home.aspx &nbsp; Pour demander un visa d&rsquo;\u00e9tudiant, vous devez \u00eatre inscrit \u00e0 un cours au moins 20 heures par semaine. Cela signifie que vous devez assister \u00e0 un cours 4 heures par jour, 5 jours par semaine, du lundi au vendredi. La participation aux cours [&hellip;]<\/p>\n","protected":false},"author":132,"featured_media":0,"parent":0,"menu_order":0,"comment_status":"closed","ping_status":"closed","template":"","meta":{"_acf_changed":false,"_uag_custom_page_level_css":"","_kad_blocks_custom_css":"","_kad_blocks_head_custom_js":"","_kad_blocks_body_custom_js":"","_kad_blocks_footer_custom_js":"","site-sidebar-layout":"default","site-content-layout":"","ast-site-content-layout":"default","site-content-style":"default","site-sidebar-style":"default","ast-global-header-display":"","ast-banner-title-visibility":"","ast-main-header-display":"","ast-hfb-above-header-display":"","ast-hfb-below-header-display":"","ast-hfb-mobile-header-display":"","site-post-title":"disabled","ast-breadcrumbs-content":"","ast-featured-img":"","footer-sml-layout":"","ast-disable-related-posts":"","theme-transparent-header-meta":"","adv-header-id-meta":"","stick-header-meta":"","header-above-stick-meta":"","header-main-stick-meta":"","header-below-stick-meta":"","astra-migrate-meta-layouts":"set","ast-page-background-enabled":"default","ast-page-background-meta":{"desktop":{"background-color":"var(--ast-global-color-4)","background-image":"","background-repeat":"repeat","background-position":"center center","background-size":"auto","background-attachment":"scroll","background-type":"","background-media":"","overlay-type":"","overlay-color":"","overlay-opacity":"","overlay-gradient":""},"tablet":{"background-color":"","background-image":"","background-repeat":"repeat","background-position":"center center","background-size":"auto","background-attachment":"scroll","background-type":"","background-media":"","overlay-type":"","overlay-color":"","overlay-opacity":"","overlay-gradient":""},"mobile":{"background-color":"","background-image":"","background-repeat":"repeat","background-position":"center center","background-size":"auto","background-attachment":"scroll","background-type":"","background-media":"","overlay-type":"","overlay-color":"","overlay-opacity":"","overlay-gradient":""}},"ast-content-background-meta":{"desktop":{"background-color":"var(--ast-global-color-5)","background-image":"","background-repeat":"repeat","background-position":"center center","background-size":"auto","background-attachment":"scroll","background-type":"","background-media":"","overlay-type":"","overlay-color":"","overlay-opacity":"","overlay-gradient":""},"tablet":{"background-color":"var(--ast-global-color-5)","background-image":"","background-repeat":"repeat","background-position":"center center","background-size":"auto","background-attachment":"scroll","background-type":"","background-media":"","overlay-type":"","overlay-color":"","overlay-opacity":"","overlay-gradient":""},"mobile":{"background-color":"var(--ast-global-color-5)","background-image":"","background-repeat":"repeat","background-position":"center center","background-size":"auto","background-attachment":"scroll","background-type":"","background-media":"","overlay-type":"","overlay-color":"","overlay-opacity":"","overlay-gradient":""}},"footnotes":""},"class_list":["post-196701","page","type-page","status-publish","hentry"],"acf":[],"taxonomy_info":[],"featured_image_src_large":false,"author_info":{"display_name":"Jordi Torres","author_link":"https:\/\/www.studiainitalia.com\/fr\/author\/creativa\/"},"comment_info":0,"uagb_featured_image_src":{"full":false,"thumbnail":false,"medium":false,"medium_large":false,"large":false,"1536x1536":false,"2048x2048":false,"ultp_layout_landscape_large":false,"ultp_layout_landscape":false,"ultp_layout_portrait":false,"ultp_layout_square":false,"gform-image-choice-sm":false,"gform-image-choice-md":false,"gform-image-choice-lg":false,"woocommerce_thumbnail":false,"woocommerce_single":false,"woocommerce_gallery_thumbnail":false,"yarpp-thumbnail":false},"uagb_author_info":{"display_name":"Jordi Torres","author_link":"https:\/\/www.studiainitalia.com\/fr\/author\/creativa\/"},"uagb_comment_info":0,"uagb_excerpt":"Veuillez v\u00e9rifier si vous avez besoin d&rsquo;un visa ici : https:\/\/vistoperitalia.esteri.it\/home.aspx &nbsp; Pour demander un visa d&rsquo;\u00e9tudiant, vous devez \u00eatre inscrit \u00e0 un cours au moins 20 heures par semaine. Cela signifie que vous devez assister \u00e0 un cours 4 heures par jour, 5 jours par semaine, du lundi au vendredi. La participation aux cours\u2026","_links":{"self":[{"href":"https:\/\/www.studiainitalia.com\/fr\/wp-json\/wp\/v2\/pages\/196701","targetHints":{"allow":["GET"]}}],"collection":[{"href":"https:\/\/www.studiainitalia.com\/fr\/wp-json\/wp\/v2\/pages"}],"about":[{"href":"https:\/\/www.studiainitalia.com\/fr\/wp-json\/wp\/v2\/types\/page"}],"author":[{"embeddable":true,"href":"https:\/\/www.studiainitalia.com\/fr\/wp-json\/wp\/v2\/users\/132"}],"replies":[{"embeddable":true,"href":"https:\/\/www.studiainitalia.com\/fr\/wp-json\/wp\/v2\/comments?post=196701"}],"version-history":[{"count":0,"href":"https:\/\/www.studiainitalia.com\/fr\/wp-json\/wp\/v2\/pages\/196701\/revisions"}],"wp:attachment":[{"href":"https:\/\/www.studiainitalia.com\/fr\/wp-json\/wp\/v2\/media?parent=196701"}],"curies":[{"name":"wp","href":"https:\/\/api.w.org\/{rel}","templated":true}]}}