{"id":187959,"date":"2016-10-31T12:34:19","date_gmt":"2016-10-31T11:34:19","guid":{"rendered":"https:\/\/www.studiainitalia.com\/courses\/non%20class\u00e9\/italien-et-voile-en-alghero\/"},"modified":"2025-12-19T21:08:01","modified_gmt":"2025-12-19T20:08:01","slug":"cours-italien-et-bateau-a-voile-a-alghero","status":"publish","type":"product","link":"https:\/\/www.studiainitalia.com\/fr\/cours\/cours-a-alghero\/cours-italien-et-bateau-a-voile-a-alghero\/","title":{"rendered":"Cours d\u2019italien et bateau \u00e0 voile \u00e0 Alghero"},"content":{"rendered":"<h2>Italien et bateau \u00e0 voile!<\/h2>\n<p>&nbsp;<\/p>\n<p>L\u2019\u00e9cole d\u00b4italien est situ\u00e9e dans une rue calme dans le centre historique d\u2019Alghero. Les groupes sont tr\u00e8s petits et les cours sont donn\u00e9s dans un environnement amusant, d\u00e9tendu et stimulant.<\/p>\n<p>&nbsp;<\/p>\n<p>L\u2019\u00e9cole, ouverte toute l\u2019ann\u00e9e, propose \u00e9galement un large \u00e9ventail d\u2019activit\u00e9s culturelles et sportives, que vous pouvez combiner avec vos cours d\u2019italien \u00e0 Alghero.<\/p>\n<p>&nbsp;<\/p>\n<p>Important : les prix des le\u00e7ons de voile peuvent varier tout au long de l\u2019ann\u00e9e et selon la disponibilit\u00e9.\u00a0 Veuillez v\u00e9rifier les dates de d\u00e9but des cours avec Studiainitalia.<\/p>\n<div class=\"aiosrs-rating-wrap\" data-schema-id=\"90691\">\n<div class=\"aiosrs-star-rating-wrap \"><\/div>\n<div class=\"aiosrs-rating-summary-wrap\"><\/div>\n<\/div>\n","protected":false},"excerpt":{"rendered":"<h2>Naviguez dans la mer cristalline de la Sardaigne!<\/h2>\n<p>&nbsp;<\/p>\n<p><strong>Aimez-vous la voile? Vous souhaitez apprendre une nouvelle langue? Profitez de vos vacances pour \u00e9tudier l\u2019italien et pratiquer votre sport pr\u00e9f\u00e9r\u00e9 dans les eaux bleues de la Sardaigne!<\/strong><\/p>\n<ul>\n<li>Les cours d\u00b4italien sont le plus souvent divis\u00e9s en deux parties: une premi\u00e8re partie plus centr\u00e9e sur la grammaire et une deuxi\u00e8me partie centr\u00e9e sur la mise en pratique des r\u00e8gles apprises dans des situations r\u00e9elles et de vie quotidienne.<\/li>\n<\/ul>\n<ul>\n<li>La m\u00e9thode d\u2019enseignement est communicative. Le premier jour de cours, un test de niveau est effectu\u00e9 pour \u00e9tablir le niveau et d\u00e9finir le groupe d\u2019appartenance. La dur\u00e9e minimale du cours est d\u2019une semaine et il est \u00e9galement possible de suivre des cours de longue dur\u00e9e.<\/li>\n<\/ul>\n<ul>\n<li>Nos cours d\u2019italien et de bateau \u00e0 voile combinent 20 heures hebdomadaires de cours d\u2019italien et 5 cours de voile l\u2019apr\u00e8s-midi (de 15h30 \u00e0 17h30) au d\u00e9part de la marina d\u2019Alghero.<\/li>\n<\/ul>\n<ul>\n<li>Assurez-vous de vous inscrire \u00e0 l\u2019avance et d\u2019apporter un certificat de votre m\u00e9decin confirmant que vous \u00eates en bonne sant\u00e9 pour participer \u00e0 nos cours de voile. Les d\u00e9butants doivent commencer le premier lundi de chaque mois.<\/li>\n<\/ul>\n<ul>\n<li>L\u2019\u00e9cole propose 3 fois par semaine des activit\u00e9s dans l\u2019apr\u00e8s-midi \u00e0 l\u2019int\u00e9rieur et \u00e0 l\u2019ext\u00e9rieur de l\u2019\u00e9cole. Les activit\u00e9s comprennent des visites d\u2019ateliers d\u2019artisanat local, des visites gastronomiques, des cours culturels sur l\u2019histoire et les traditions de la Sardaigne, etc.<\/li>\n<\/ul>\n<ul>\n<li>De plus, l\u2019\u00e9cole collabore avec les centres sportifs et touristiques locaux et offre la possibilit\u00e9 de pratiquer \u00e9galement de nombreuses activit\u00e9s sportives, telles que: la planche \u00e0 voile et le yoga. Ces activit\u00e9s ne sont pas inclues dans le prix du cours et peuvent \u00eatre r\u00e9gl\u00e9es directement \u00e0 l\u2019\u00e9cole ou en les r\u00e9servant \u00e0 l\u2019avance.<\/li>\n<\/ul>\n","protected":false},"featured_media":117465,"comment_status":"open","ping_status":"closed","template":"","meta":{"_acf_changed":false,"_uag_custom_page_level_css":"","_kad_blocks_custom_css":"","_kad_blocks_head_custom_js":"","_kad_blocks_body_custom_js":"","_kad_blocks_footer_custom_js":"","site-sidebar-layout":"default","site-content-layout":"default","ast-site-content-layout":"default","site-content-style":"default","site-sidebar-style":"default","ast-global-header-display":"","ast-banner-title-visibility":"","ast-main-header-display":"","ast-hfb-above-header-display":"","ast-hfb-below-header-display":"","ast-hfb-mobile-header-display":"","site-post-title":"","ast-breadcrumbs-content":"","ast-featured-img":"","footer-sml-layout":"","ast-disable-related-posts":"","theme-transparent-header-meta":"default","adv-header-id-meta":"","stick-header-meta":"default","header-above-stick-meta":"","header-main-stick-meta":"","header-below-stick-meta":"","astra-migrate-meta-layouts":"set","ast-page-background-enabled":"default","ast-page-background-meta":{"desktop":{"background-color":"var(--ast-global-color-4)","background-image":"","background-repeat":"repeat","background-position":"center center","background-size":"auto","background-attachment":"scroll","background-type":"","background-media":"","overlay-type":"","overlay-color":"","overlay-opacity":"","overlay-gradient":""},"tablet":{"background-color":"","background-image":"","background-repeat":"repeat","background-position":"center center","background-size":"auto","background-attachment":"scroll","background-type":"","background-media":"","overlay-type":"","overlay-color":"","overlay-opacity":"","overlay-gradient":""},"mobile":{"background-color":"","background-image":"","background-repeat":"repeat","background-position":"center center","background-size":"auto","background-attachment":"scroll","background-type":"","background-media":"","overlay-type":"","overlay-color":"","overlay-opacity":"","overlay-gradient":""}},"ast-content-background-meta":{"desktop":{"background-color":"var(--ast-global-color-5)","background-image":"","background-repeat":"repeat","background-position":"center center","background-size":"auto","background-attachment":"scroll","background-type":"","background-media":"","overlay-type":"","overlay-color":"","overlay-opacity":"","overlay-gradient":""},"tablet":{"background-color":"var(--ast-global-color-5)","background-image":"","background-repeat":"repeat","background-position":"center center","background-size":"auto","background-attachment":"scroll","background-type":"","background-media":"","overlay-type":"","overlay-color":"","overlay-opacity":"","overlay-gradient":""},"mobile":{"background-color":"var(--ast-global-color-5)","background-image":"","background-repeat":"repeat","background-position":"center center","background-size":"auto","background-attachment":"scroll","background-type":"","background-media":"","overlay-type":"","overlay-color":"","overlay-opacity":"","overlay-gradient":""}}},"section":[],"product_brand":[],"product_cat":[1252,1250],"product_tag":[],"class_list":{"0":"post-187959","1":"product","2":"type-product","3":"status-publish","4":"has-post-thumbnail","6":"product_cat-cours-de-sport","7":"product_cat-cours-a-alghero","8":"desktop-align-left","9":"tablet-align-left","10":"mobile-align-left","11":"ast-product-gallery-layout-horizontal-slider","12":"ast-product-gallery-with-no-image","13":"ast-product-single-variable","14":"ast-product-tabs-layout-horizontal","15":"ast-qv-on-image-click","17":"first","18":"instock","19":"sold-individually","20":"shipping-taxable","21":"purchasable","22":"product-type-variable","23":"has-default-attributes"},"acf":[],"taxonomy_info":{"product_cat":[{"value":1252,"label":"Cours de sport"},{"value":1250,"label":"\u00c9tudier \u00e0 Alghero"}]},"featured_image_src_large":["https:\/\/www.studiainitalia.com\/wp-content\/uploads\/2016\/10\/sailing-in-alghero-e1490029589355.jpg",350,349,false],"author_info":[],"comment_info":0,"uagb_featured_image_src":{"full":["https:\/\/www.studiainitalia.com\/wp-content\/uploads\/2016\/10\/sailing-in-alghero-e1490029589355.jpg",350,349,false],"thumbnail":["https:\/\/www.studiainitalia.com\/wp-content\/uploads\/2016\/10\/sailing-in-alghero-150x150.jpg",96,96,true],"medium":["https:\/\/www.studiainitalia.com\/wp-content\/uploads\/2016\/10\/sailing-in-alghero-300x300.jpg",300,300,true],"medium_large":["https:\/\/www.studiainitalia.com\/wp-content\/uploads\/2016\/10\/sailing-in-alghero-e1490029589355.jpg",350,349,false],"large":["https:\/\/www.studiainitalia.com\/wp-content\/uploads\/2016\/10\/sailing-in-alghero-e1490029589355.jpg",350,349,false],"1536x1536":["https:\/\/www.studiainitalia.com\/wp-content\/uploads\/2016\/10\/sailing-in-alghero-e1490029589355.jpg",350,349,false],"2048x2048":["https:\/\/www.studiainitalia.com\/wp-content\/uploads\/2016\/10\/sailing-in-alghero-e1490029589355.jpg",350,349,false],"ultp_layout_landscape_large":["https:\/\/www.studiainitalia.com\/wp-content\/uploads\/2016\/10\/sailing-in-alghero-e1490029589355.jpg",350,349,false],"ultp_layout_landscape":["https:\/\/www.studiainitalia.com\/wp-content\/uploads\/2016\/10\/sailing-in-alghero-e1490029589355.jpg",350,349,false],"ultp_layout_portrait":["https:\/\/www.studiainitalia.com\/wp-content\/uploads\/2016\/10\/sailing-in-alghero-e1490029589355.jpg",350,349,false],"ultp_layout_square":["https:\/\/www.studiainitalia.com\/wp-content\/uploads\/2016\/10\/sailing-in-alghero-e1490029589355.jpg",350,349,false],"gform-image-choice-sm":["https:\/\/www.studiainitalia.com\/wp-content\/uploads\/2016\/10\/sailing-in-alghero-e1490029589355.jpg",300,300,false],"gform-image-choice-md":["https:\/\/www.studiainitalia.com\/wp-content\/uploads\/2016\/10\/sailing-in-alghero-e1490029589355.jpg",350,349,false],"gform-image-choice-lg":["https:\/\/www.studiainitalia.com\/wp-content\/uploads\/2016\/10\/sailing-in-alghero-e1490029589355.jpg",350,349,false],"woocommerce_thumbnail":["https:\/\/www.studiainitalia.com\/wp-content\/uploads\/2016\/10\/sailing-in-alghero-e1490029589355-300x300.jpg",300,300,true],"woocommerce_single":["https:\/\/www.studiainitalia.com\/wp-content\/uploads\/2016\/10\/sailing-in-alghero-e1490029589355.jpg",350,349,false],"woocommerce_gallery_thumbnail":["https:\/\/www.studiainitalia.com\/wp-content\/uploads\/2016\/10\/sailing-in-alghero-e1490029589355-100x100.jpg",100,100,true],"yarpp-thumbnail":["https:\/\/www.studiainitalia.com\/wp-content\/uploads\/2016\/10\/sailing-in-alghero-e1490029589355.jpg",120,120,false]},"uagb_author_info":{"display_name":"Javier Diaz","author_link":"https:\/\/www.studiainitalia.com\/fr\/author\/"},"uagb_comment_info":0,"uagb_excerpt":"Naviguez dans la mer cristalline de la Sardaigne! &nbsp; Aimez-vous la voile? Vous souhaitez apprendre une nouvelle langue? Profitez de vos vacances pour \u00e9tudier l\u2019italien et pratiquer votre sport pr\u00e9f\u00e9r\u00e9 dans les eaux bleues de la Sardaigne! Les cours d\u00b4italien sont le plus souvent divis\u00e9s en deux parties: une premi\u00e8re partie plus centr\u00e9e sur la\u2026","_links":{"self":[{"href":"https:\/\/www.studiainitalia.com\/fr\/wp-json\/wp\/v2\/product\/187959","targetHints":{"allow":["GET"]}}],"collection":[{"href":"https:\/\/www.studiainitalia.com\/fr\/wp-json\/wp\/v2\/product"}],"about":[{"href":"https:\/\/www.studiainitalia.com\/fr\/wp-json\/wp\/v2\/types\/product"}],"replies":[{"embeddable":true,"href":"https:\/\/www.studiainitalia.com\/fr\/wp-json\/wp\/v2\/comments?post=187959"}],"wp:featuredmedia":[{"embeddable":true,"href":"https:\/\/www.studiainitalia.com\/fr\/wp-json\/wp\/v2\/media\/117465"}],"wp:attachment":[{"href":"https:\/\/www.studiainitalia.com\/fr\/wp-json\/wp\/v2\/media?parent=187959"}],"wp:term":[{"taxonomy":"section","embeddable":true,"href":"https:\/\/www.studiainitalia.com\/fr\/wp-json\/wp\/v2\/section?post=187959"},{"taxonomy":"product_brand","embeddable":true,"href":"https:\/\/www.studiainitalia.com\/fr\/wp-json\/wp\/v2\/product_brand?post=187959"},{"taxonomy":"product_cat","embeddable":true,"href":"https:\/\/www.studiainitalia.com\/fr\/wp-json\/wp\/v2\/product_cat?post=187959"},{"taxonomy":"product_tag","embeddable":true,"href":"https:\/\/www.studiainitalia.com\/fr\/wp-json\/wp\/v2\/product_tag?post=187959"}],"curies":[{"name":"wp","href":"https:\/\/api.w.org\/{rel}","templated":true}]}}