{"id":187960,"date":"2016-10-31T09:28:39","date_gmt":"2016-10-31T08:28:39","guid":{"rendered":"https:\/\/www.studiainitalia.com\/courses\/non%20class\u00e9\/programme-detoiles-studiainitalia\/"},"modified":"2023-11-24T15:41:15","modified_gmt":"2023-11-24T14:41:15","slug":"studiainitalia-star-programme","status":"publish","type":"product","link":"https:\/\/www.studiainitalia.com\/fr\/cours\/offres-speciales\/studiainitalia-star-programme\/","title":{"rendered":"Programme Star de Studiainitalia"},"content":{"rendered":"<p style=\"text-align: justify;\">Le <strong>programme<\/strong> Studiainitalia <strong>Star<\/strong> est destin\u00e9 aux clients qui souhaitent am\u00e9liorer leur cours Italie, y compris notre num\u00e9ro de t\u00e9l\u00e9phone portable d&rsquo;urgence pendant les week-ends o\u00f9 les \u00e9coles sont ferm\u00e9es. L&rsquo;adh\u00e9sion dure un an et commence le jour o\u00f9 vous commencez votre premier cours en Italie.<\/p>\n<p style=\"text-align: justify;\">Les membres Star b\u00e9n\u00e9ficieront \u00e9galement d&rsquo;une r\u00e9duction (%-10%) sur leur deuxi\u00e8me et troisi\u00e8me cours en Italie, qui pourra \u00e9ventuellement \u00eatre utilis\u00e9e par un ami.<\/p>\n<p style=\"text-align: justify;\">\n","protected":false},"excerpt":{"rendered":"<p style=\"text-align: justify;\">Le <strong>programme<\/strong> Studiainitalia <strong>Star<\/strong> s&rsquo;adresse aux clients qui souhaitent am\u00e9liorer leur cours d&rsquo;italien en incluant un num\u00e9ro de t\u00e9l\u00e9phone portable d&rsquo;urgence, notamment pour le week-end lorsque les \u00e9coles sont ferm\u00e9es et une assistance pendant leur s\u00e9jour en Italie. L&rsquo;adh\u00e9sion dure un an et commence le jour o\u00f9 vous commencez votre premier cours en Italie.<\/p>\n<p style=\"text-align: justify;\">Les membres Star b\u00e9n\u00e9ficieront \u00e9galement d&rsquo;une r\u00e9duction (%-10%) sur leur deuxi\u00e8me et troisi\u00e8me cours en Italie, qui pourra \u00e9ventuellement \u00eatre utilis\u00e9e par un ami.<\/p>\n<p style=\"text-align: justify;\">\n","protected":false},"featured_media":117726,"comment_status":"open","ping_status":"closed","template":"","meta":{"_acf_changed":false,"_uag_custom_page_level_css":"","_kad_blocks_custom_css":"","_kad_blocks_head_custom_js":"","_kad_blocks_body_custom_js":"","_kad_blocks_footer_custom_js":"","site-sidebar-layout":"default","site-content-layout":"default","ast-site-content-layout":"default","site-content-style":"default","site-sidebar-style":"default","ast-global-header-display":"","ast-banner-title-visibility":"","ast-main-header-display":"","ast-hfb-above-header-display":"","ast-hfb-below-header-display":"","ast-hfb-mobile-header-display":"","site-post-title":"","ast-breadcrumbs-content":"","ast-featured-img":"","footer-sml-layout":"","ast-disable-related-posts":"","theme-transparent-header-meta":"default","adv-header-id-meta":"","stick-header-meta":"default","header-above-stick-meta":"","header-main-stick-meta":"","header-below-stick-meta":"","astra-migrate-meta-layouts":"set","ast-page-background-enabled":"default","ast-page-background-meta":{"desktop":{"background-color":"var(--ast-global-color-4)","background-image":"","background-repeat":"repeat","background-position":"center center","background-size":"auto","background-attachment":"scroll","background-type":"","background-media":"","overlay-type":"","overlay-color":"","overlay-opacity":"","overlay-gradient":""},"tablet":{"background-color":"","background-image":"","background-repeat":"repeat","background-position":"center center","background-size":"auto","background-attachment":"scroll","background-type":"","background-media":"","overlay-type":"","overlay-color":"","overlay-opacity":"","overlay-gradient":""},"mobile":{"background-color":"","background-image":"","background-repeat":"repeat","background-position":"center center","background-size":"auto","background-attachment":"scroll","background-type":"","background-media":"","overlay-type":"","overlay-color":"","overlay-opacity":"","overlay-gradient":""}},"ast-content-background-meta":{"desktop":{"background-color":"var(--ast-global-color-5)","background-image":"","background-repeat":"repeat","background-position":"center center","background-size":"auto","background-attachment":"scroll","background-type":"","background-media":"","overlay-type":"","overlay-color":"","overlay-opacity":"","overlay-gradient":""},"tablet":{"background-color":"var(--ast-global-color-5)","background-image":"","background-repeat":"repeat","background-position":"center center","background-size":"auto","background-attachment":"scroll","background-type":"","background-media":"","overlay-type":"","overlay-color":"","overlay-opacity":"","overlay-gradient":""},"mobile":{"background-color":"var(--ast-global-color-5)","background-image":"","background-repeat":"repeat","background-position":"center center","background-size":"auto","background-attachment":"scroll","background-type":"","background-media":"","overlay-type":"","overlay-color":"","overlay-opacity":"","overlay-gradient":""}}},"section":[],"product_brand":[],"product_cat":[1251],"product_tag":[],"class_list":{"0":"post-187960","1":"product","2":"type-product","3":"status-publish","4":"has-post-thumbnail","6":"product_cat-offres-speciales","7":"desktop-align-left","8":"tablet-align-left","9":"mobile-align-left","10":"ast-product-gallery-layout-horizontal-slider","11":"ast-product-gallery-with-no-image","12":"ast-product-tabs-layout-horizontal","13":"ast-qv-on-image-click","15":"first","16":"instock","17":"sale","18":"featured","19":"virtual","20":"purchasable","21":"product-type-simple"},"acf":[],"taxonomy_info":{"product_cat":[{"value":1251,"label":"Offres sp\u00e9ciales"}]},"featured_image_src_large":["https:\/\/www.studiainitalia.com\/wp-content\/uploads\/2016\/10\/studiainitalia_star-programme.png",651,650,false],"author_info":[],"comment_info":0,"uagb_featured_image_src":{"full":["https:\/\/www.studiainitalia.com\/wp-content\/uploads\/2016\/10\/studiainitalia_star-programme.png",651,650,false],"thumbnail":["https:\/\/www.studiainitalia.com\/wp-content\/uploads\/2016\/10\/studiainitalia_star-programme-150x150.png",96,96,true],"medium":["https:\/\/www.studiainitalia.com\/wp-content\/uploads\/2016\/10\/studiainitalia_star-programme-300x300.png",300,300,true],"medium_large":["https:\/\/www.studiainitalia.com\/wp-content\/uploads\/2016\/10\/studiainitalia_star-programme.png",651,650,false],"large":["https:\/\/www.studiainitalia.com\/wp-content\/uploads\/2016\/10\/studiainitalia_star-programme.png",651,650,false],"1536x1536":["https:\/\/www.studiainitalia.com\/wp-content\/uploads\/2016\/10\/studiainitalia_star-programme.png",651,650,false],"2048x2048":["https:\/\/www.studiainitalia.com\/wp-content\/uploads\/2016\/10\/studiainitalia_star-programme.png",651,650,false],"ultp_layout_landscape_large":["https:\/\/www.studiainitalia.com\/wp-content\/uploads\/2016\/10\/studiainitalia_star-programme.png",651,650,false],"ultp_layout_landscape":["https:\/\/www.studiainitalia.com\/wp-content\/uploads\/2016\/10\/studiainitalia_star-programme.png",571,570,false],"ultp_layout_portrait":["https:\/\/www.studiainitalia.com\/wp-content\/uploads\/2016\/10\/studiainitalia_star-programme.png",600,599,false],"ultp_layout_square":["https:\/\/www.studiainitalia.com\/wp-content\/uploads\/2016\/10\/studiainitalia_star-programme.png",600,600,false],"gform-image-choice-sm":["https:\/\/www.studiainitalia.com\/wp-content\/uploads\/2016\/10\/studiainitalia_star-programme.png",300,300,false],"gform-image-choice-md":["https:\/\/www.studiainitalia.com\/wp-content\/uploads\/2016\/10\/studiainitalia_star-programme.png",400,400,false],"gform-image-choice-lg":["https:\/\/www.studiainitalia.com\/wp-content\/uploads\/2016\/10\/studiainitalia_star-programme.png",600,600,false],"woocommerce_thumbnail":["https:\/\/www.studiainitalia.com\/wp-content\/uploads\/2016\/10\/studiainitalia_star-programme-300x300.png",300,300,true],"woocommerce_single":["https:\/\/www.studiainitalia.com\/wp-content\/uploads\/2016\/10\/studiainitalia_star-programme-400x399.png",400,399,true],"woocommerce_gallery_thumbnail":["https:\/\/www.studiainitalia.com\/wp-content\/uploads\/2016\/10\/studiainitalia_star-programme-100x100.png",100,100,true],"yarpp-thumbnail":["https:\/\/www.studiainitalia.com\/wp-content\/uploads\/2016\/10\/studiainitalia_star-programme.png",120,120,false]},"uagb_author_info":{"display_name":"Javier Diaz","author_link":"https:\/\/www.studiainitalia.com\/fr\/author\/"},"uagb_comment_info":0,"uagb_excerpt":"Le programme Studiainitalia Star s'adresse aux clients qui souhaitent am\u00e9liorer leur cours d'italien en incluant un num\u00e9ro de t\u00e9l\u00e9phone portable d'urgence, notamment pour le week-end lorsque les \u00e9coles sont ferm\u00e9es et une assistance pendant leur s\u00e9jour en Italie. L'adh\u00e9sion dure un an et commence le jour o\u00f9 vous commencez votre premier cours en Italie. Les\u2026","_links":{"self":[{"href":"https:\/\/www.studiainitalia.com\/fr\/wp-json\/wp\/v2\/product\/187960","targetHints":{"allow":["GET"]}}],"collection":[{"href":"https:\/\/www.studiainitalia.com\/fr\/wp-json\/wp\/v2\/product"}],"about":[{"href":"https:\/\/www.studiainitalia.com\/fr\/wp-json\/wp\/v2\/types\/product"}],"replies":[{"embeddable":true,"href":"https:\/\/www.studiainitalia.com\/fr\/wp-json\/wp\/v2\/comments?post=187960"}],"wp:featuredmedia":[{"embeddable":true,"href":"https:\/\/www.studiainitalia.com\/fr\/wp-json\/wp\/v2\/media\/117726"}],"wp:attachment":[{"href":"https:\/\/www.studiainitalia.com\/fr\/wp-json\/wp\/v2\/media?parent=187960"}],"wp:term":[{"taxonomy":"section","embeddable":true,"href":"https:\/\/www.studiainitalia.com\/fr\/wp-json\/wp\/v2\/section?post=187960"},{"taxonomy":"product_brand","embeddable":true,"href":"https:\/\/www.studiainitalia.com\/fr\/wp-json\/wp\/v2\/product_brand?post=187960"},{"taxonomy":"product_cat","embeddable":true,"href":"https:\/\/www.studiainitalia.com\/fr\/wp-json\/wp\/v2\/product_cat?post=187960"},{"taxonomy":"product_tag","embeddable":true,"href":"https:\/\/www.studiainitalia.com\/fr\/wp-json\/wp\/v2\/product_tag?post=187960"}],"curies":[{"name":"wp","href":"https:\/\/api.w.org\/{rel}","templated":true}]}}