{"id":188025,"date":"2016-10-29T07:06:10","date_gmt":"2016-10-29T05:06:10","guid":{"rendered":"https:\/\/www.studiainitalia.com\/courses\/non%20class\u00e9\/italien-in-bologne\/"},"modified":"2026-03-25T09:59:24","modified_gmt":"2026-03-25T08:59:24","slug":"italien-a-bologne","status":"publish","type":"product","link":"https:\/\/www.studiainitalia.com\/fr\/cours\/cours-italien-en-italie\/italien-a-bologne\/","title":{"rendered":"Cours d\u2019italien \u00e0 Bologne"},"content":{"rendered":"<h2><\/h2>\n<h2><strong>Nos cours d\u2019italien \u00e0 Bologne<\/strong><\/h2>\n<p>&nbsp;<\/p>\n<p>Les cours d\u2019italien \u00e0 Bologne commencent tous les lundis de l\u2019ann\u00e9e et sont accessibles \u00e0<strong> tous les niveaux, du d\u00e9butant complet <\/strong>au niveau avanc\u00e9. Ils conviennent aussi bien \u00e0 un s\u00e9jour linguistique court qu\u2019\u00e0 une formation longue en italien.<\/p>\n<p>L\u2019\u00e9cole d\u2019italien Cultura Italiana est situ\u00e9e dans un b\u00e2timent historique du centre-ville, \u00e0 proximit\u00e9 des Deux Tours et de la Piazza Maggiore, un emplacement id\u00e9al pour apprendre l\u2019italien en immersion.<\/p>\n<p>Fond\u00e9e en 1981 et officiellement reconnue par le minist\u00e8re italien de l\u2019\u00c9ducation, l\u2019\u00e9cole b\u00e9n\u00e9ficie de plus de 40 ans d\u2019exp\u00e9rience dans l\u2019enseignement de l\u2019italien langue \u00e9trang\u00e8re. Elle propose un environnement international o\u00f9 l\u2019italien est la seule langue parl\u00e9e, aussi bien en classe qu\u2019en dehors.<\/p>\n<p>Les professeurs sont tous des enseignants natifs qualifi\u00e9s, sp\u00e9cialis\u00e9s dans l\u2019enseignement de l\u2019italien aux \u00e9tudiants \u00e9trangers. L\u2019\u00e9cole adopte une m\u00e9thode communicative, favorisant une<strong> immersion linguistique totale <\/strong>et une prise de parole rapide d\u00e8s le premier jour.<\/p>\n<p>Tous les niveaux, de A1 \u00e0 C2, du Cadre europ\u00e9en commun de r\u00e9f\u00e9rence pour les langues (CECR) sont propos\u00e9s.<\/p>\n<h3><strong>Structure des cours<\/strong><\/h3>\n<p>&nbsp;<\/p>\n<ul>\n<li>4 cours d\u2019italien par jour, du lundi au vendredi<\/li>\n<li>10 heures par semaine d\u2019activit\u00e9s culturelles en italien (s\u00e9minaires, ateliers, visites)<\/li>\n<li>Petits groupes de 6 \u00e0 12 \u00e9tudiants<\/li>\n<li>Cours le matin ou l\u2019apr\u00e8s-midi selon le niveau<\/li>\n<li>Dur\u00e9e flexible : de 1 \u00e0 48 semaines<\/li>\n<\/ul>\n<p>Les cours sont divis\u00e9s en deux parties :<\/p>\n<ul>\n<li>Une partie d\u00e9di\u00e9e \u00e0 la grammaire italienne et au vocabulaire<\/li>\n<li>Une partie ax\u00e9e sur l\u2019<strong>expression orale et la communication<\/strong><\/li>\n<\/ul>\n<p>Cette approche garantit de parler italien d\u00e8s le premier jour. Afin de renforcer l\u2019immersion linguistique, seul l\u2019italien est utilis\u00e9 \u00e0 l\u2019\u00e9cole.<\/p>\n<p>Le premier jour, un test de niveau oral et \u00e9crit permet de vous placer dans le groupe adapt\u00e9 (8 niveaux propos\u00e9s tout au long de l\u2019ann\u00e9e).<br \/>\n\u00c0 la fin du programme, vous recevrez un certificat de participation en italien indiquant le niveau atteint.<\/p>\n<h2>Dates de d\u00e9but des cours et informations d\u00e9taill\u00e9es<\/h2>\n<p>&nbsp;<\/p>\n<ul>\n<li><strong>Dur\u00e9e des cours<\/strong> : 45 minutes<\/li>\n<li><strong>Effectif moyen par classe<\/strong> : 9 \u00e9tudiants<\/li>\n<li><strong>Effectif maximum par classe<\/strong> : 12 \u00e9tudiants<\/li>\n<li><strong>Horaires<\/strong> : le matin ou l&rsquo;apr\u00e8s-midi, selon le niveau attribu\u00e9<\/li>\n<li><strong>Mat\u00e9riel p\u00e9dagogique<\/strong> : inclus (photocopies et pr\u00eat de manuels)<\/li>\n<li><strong>Test de niveau et certificat final<\/strong> : inclus<\/li>\n<li><strong>Localisation<\/strong> : Via Castiglione 4 \u2013 Centre-ville de Bologne (b\u00e2timent historique au c\u0153ur de la ville)<\/li>\n<li><strong>Autres services :<\/strong> acc\u00e8s Internet, biblioth\u00e8que, climatisation dans certaines salles de classe, activit\u00e9s sociales et transfert depuis l&rsquo;a\u00e9roport disponibles<\/li>\n<\/ul>\n<table id=\"tablepress-708\" class=\"tablepress tablepress-id-708\">\n<thead>\n<tr class=\"row-1 odd\">\n<th class=\"column-1\" colspan=\"6\">Dates de d\u00e9but<\/th>\n<\/tr>\n<\/thead>\n<tbody class=\"row-hover\">\n<tr class=\"row-2 even\">\n<td class=\"column-1\">Janvier<\/td>\n<td class=\"column-2\">tous les lundis<\/td>\n<td class=\"column-3\">Mai<\/td>\n<td class=\"column-4\">tous les lundis<\/td>\n<td class=\"column-5\">Septembre<\/td>\n<td class=\"column-6\">tous les lundis<\/td>\n<\/tr>\n<tr class=\"row-3 odd\">\n<td class=\"column-1\">F\u00e9vrier<\/td>\n<td class=\"column-2\">tous les lundis<\/td>\n<td class=\"column-3\">Juin<\/td>\n<td class=\"column-4\">tous les lundis<\/td>\n<td class=\"column-5\">Octobre<\/td>\n<td class=\"column-6\">tous les lundis<\/td>\n<\/tr>\n<tr class=\"row-4 even\">\n<td class=\"column-1\">Mars<\/td>\n<td class=\"column-2\">tous les lundis<\/td>\n<td class=\"column-3\">Juillet<\/td>\n<td class=\"column-4\">tous les lundis<\/td>\n<td class=\"column-5\">Novembre<\/td>\n<td class=\"column-6\">tous les lundis<\/td>\n<\/tr>\n<tr class=\"row-5 odd\">\n<td class=\"column-1\">Avril<\/td>\n<td class=\"column-2\">tous les lundis<\/td>\n<td class=\"column-3\">Ao\u00fbt<\/td>\n<td class=\"column-4\">tous les lundis<\/td>\n<td class=\"column-5\">D\u00e9cembre<\/td>\n<td class=\"column-6\">tous les lundis<\/td>\n<\/tr>\n<tr class=\"row-6 even\">\n<td class=\"column-1\" colspan=\"6\">L&rsquo;\u00e9cole sera ferm\u00e9e les jours f\u00e9ri\u00e9s suivants: Epiphanie (06\/01), Lundi de P\u00e2ques, Jour de la Lib\u00e9ration de l&rsquo;Italie (25\/04), F\u00eate des Travailleurs (01\/05), F\u00eate de la R\u00e9publique (02\/06), Ferragosto (15 \/ 08), Tous les Saints (01\/11), Immacul\u00e9e Conception (8\/12), vacances de No\u00ebl et nouvel an.<\/td>\n<\/tr>\n<\/tbody>\n<\/table>\n<div class=\"aiosrs-rating-wrap\" data-schema-id=\"90691\">\n<h3 class=\"aiosrs-star-rating-wrap \"><strong>Activit\u00e9s et vie culturelle \u00e0 Bologne<\/strong><\/h3>\n<p>&nbsp;<\/p>\n<p>Apr\u00e8s les cours, l\u2019\u00e9cole organise de nombreuses activit\u00e9s culturelles en italien, con\u00e7ues pour favoriser la pratique de la langue et la d\u00e9couverte de la culture locale :<\/p>\n<\/div>\n<ul>\n<li>S\u00e9minaires sur la culture italienne et les traditions<\/li>\n<li>Ateliers de cuisine italienne<\/li>\n<li>Excursions \u00e0 Ferrare, Mod\u00e8ne et Parme<\/li>\n<li>Visites guid\u00e9es du centre historique de Bologne<\/li>\n<li>\u00c9v\u00e9nements et rencontres hebdomadaires<\/li>\n<\/ul>\n<p>Vivre \u00e0 Bologne, c\u2019est s\u2019immerger dans une ville authentique et dynamique, profiter de ses caf\u00e9s, march\u00e9s, librairies et festivals, et pratiquer l\u2019italien en situation r\u00e9elle chaque jour.<\/p>\n<div class=\"aiosrs-rating-wrap\" data-schema-id=\"90691\">\n<h2 class=\"aiosrs-rating-summary-wrap\">Pourquoi apprendre l&rsquo;italien \u00e0 Bologne ?<\/h2>\n<\/div>\n<p>&nbsp;<\/p>\n<p>Explorer Bologne offre de nombreuses opportunit\u00e9s pour approfondir la langue italienne et mieux comprendre la culture italienne. La ville est un v\u00e9ritable mus\u00e9e \u00e0 ciel ouvert, avec :<\/p>\n<ul>\n<li>La Pinacoth\u00e8que nationale, riche en chefs-d\u2019\u0153uvre de la peinture italienne<\/li>\n<li>Les march\u00e9s locaux comme le Mercato di Mezzo, parfaits pour apprendre l\u2019italien du quotidien<\/li>\n<li>Des monuments embl\u00e9matiques tels que la basilique San Petronio, joyau de l\u2019architecture gothique<\/li>\n<\/ul>\n<p><strong>Rencontres avec les habitants et les \u00e9tudiants italiens<\/strong><\/p>\n<p>Interagir avec les habitants est un excellent moyen de progresser en italien en dehors des cours. Les \u00e9changes avec les Bolognais permettent de :<\/p>\n<ul>\n<li>Am\u00e9liorer la prononciation et la fluidit\u00e9 \u00e0 l\u2019oral<\/li>\n<li>D\u00e9couvrir la vie quotidienne italienne et les coutumes locales<\/li>\n<li>Cr\u00e9er des liens lors de rencontres sociales, notamment dans les caf\u00e9s et \u00e9v\u00e9nements \u00e9tudiants<\/li>\n<\/ul>\n<p><strong>La vie culturelle anim\u00e9e de Bologne offre de multiples occasions de pratiquer l\u2019italien gr\u00e2ce \u00e0 :<\/strong><\/p>\n<ul>\n<li>Des festivals d\u00e9di\u00e9s aux traditions et \u00e0 la gastronomie<\/li>\n<li>Des ateliers artistiques (cuisine, musique, cin\u00e9ma)<\/li>\n<li>Des \u00e9v\u00e9nements locaux favorisant les \u00e9changes avec d\u2019autres \u00e9tudiants et des locuteurs natifs<\/li>\n<\/ul>\n<p>&nbsp;<\/p>\n","protected":false},"excerpt":{"rendered":"<h2><strong>Apprenez l\u2019italien \u00e0 Bologne, la plus ancienne ville universitaire d\u2019Europe<\/strong><\/h2>\n<p>Souhaitez-vous apprendre l\u2019italien en Italie dans l\u2019une des villes les plus authentiques et culturelles du pays ?<\/p>\n<p>Bologne vous attend avec son ambiance jeune, sa d\u00e9licieuse gastronomie et une vie universitaire riche, id\u00e9ale pour pratiquer l\u2019italien au quotidien lors d\u2019un s\u00e9jour linguistique en Italie.<\/p>\n<p>Avec Studiainitalia, sp\u00e9cialiste des s\u00e9jours linguistiques en italien, vous pouvez \u00e9tudier l\u2019italien \u00e0 Bologne dans une \u00e9cole d\u2019italien accr\u00e9dit\u00e9e, avec des professeurs natifs, des classes \u00e0 effectifs r\u00e9duits et une immersion totale en langue italienne.<\/p>\n","protected":false},"featured_media":122055,"comment_status":"open","ping_status":"closed","template":"","meta":{"_acf_changed":false,"_uag_custom_page_level_css":"","_kad_blocks_custom_css":"","_kad_blocks_head_custom_js":"","_kad_blocks_body_custom_js":"","_kad_blocks_footer_custom_js":"","site-sidebar-layout":"default","site-content-layout":"default","ast-site-content-layout":"default","site-content-style":"default","site-sidebar-style":"default","ast-global-header-display":"","ast-banner-title-visibility":"","ast-main-header-display":"","ast-hfb-above-header-display":"","ast-hfb-below-header-display":"","ast-hfb-mobile-header-display":"","site-post-title":"","ast-breadcrumbs-content":"","ast-featured-img":"","footer-sml-layout":"","ast-disable-related-posts":"","theme-transparent-header-meta":"default","adv-header-id-meta":"","stick-header-meta":"default","header-above-stick-meta":"","header-main-stick-meta":"","header-below-stick-meta":"","astra-migrate-meta-layouts":"set","ast-page-background-enabled":"default","ast-page-background-meta":{"desktop":{"background-color":"var(--ast-global-color-4)","background-image":"","background-repeat":"repeat","background-position":"center center","background-size":"auto","background-attachment":"scroll","background-type":"","background-media":"","overlay-type":"","overlay-color":"","overlay-opacity":"","overlay-gradient":""},"tablet":{"background-color":"","background-image":"","background-repeat":"repeat","background-position":"center center","background-size":"auto","background-attachment":"scroll","background-type":"","background-media":"","overlay-type":"","overlay-color":"","overlay-opacity":"","overlay-gradient":""},"mobile":{"background-color":"","background-image":"","background-repeat":"repeat","background-position":"center center","background-size":"auto","background-attachment":"scroll","background-type":"","background-media":"","overlay-type":"","overlay-color":"","overlay-opacity":"","overlay-gradient":""}},"ast-content-background-meta":{"desktop":{"background-color":"var(--ast-global-color-5)","background-image":"","background-repeat":"repeat","background-position":"center center","background-size":"auto","background-attachment":"scroll","background-type":"","background-media":"","overlay-type":"","overlay-color":"","overlay-opacity":"","overlay-gradient":""},"tablet":{"background-color":"var(--ast-global-color-5)","background-image":"","background-repeat":"repeat","background-position":"center center","background-size":"auto","background-attachment":"scroll","background-type":"","background-media":"","overlay-type":"","overlay-color":"","overlay-opacity":"","overlay-gradient":""},"mobile":{"background-color":"var(--ast-global-color-5)","background-image":"","background-repeat":"repeat","background-position":"center center","background-size":"auto","background-attachment":"scroll","background-type":"","background-media":"","overlay-type":"","overlay-color":"","overlay-opacity":"","overlay-gradient":""}}},"section":[2027],"product_brand":[],"product_cat":[1262,1265],"product_tag":[1877],"class_list":{"0":"post-188025","1":"product","2":"type-product","3":"status-publish","4":"has-post-thumbnail","6":"section-north","7":"product_cat-cours-italien-en-italie","8":"product_cat-cours-a-bologne","9":"product_tag-cours-ditalien-en-italie","10":"desktop-align-left","11":"tablet-align-left","12":"mobile-align-left","13":"ast-product-gallery-layout-horizontal-slider","14":"ast-product-single-variable","15":"ast-product-tabs-layout-horizontal","16":"ast-qv-on-image-click","18":"first","19":"instock","20":"sold-individually","21":"shipping-taxable","22":"purchasable","23":"product-type-variable","24":"has-default-attributes"},"acf":[],"taxonomy_info":{"section":[{"value":2027,"label":"North"}],"product_cat":[{"value":1262,"label":"Cours d'italien en Italie"},{"value":1265,"label":"\u00c9tudier \u00e0 Bologne"}],"product_tag":[{"value":1877,"label":"Cours d'italien en Italie"}]},"featured_image_src_large":["https:\/\/www.studiainitalia.com\/wp-content\/uploads\/2016\/10\/italian-in-bologna-1-1024x1024.jpg","1024","1024",true],"author_info":[],"comment_info":19,"uagb_featured_image_src":{"full":["https:\/\/www.studiainitalia.com\/wp-content\/uploads\/2016\/10\/italian-in-bologna-1-e1495232970528.jpg",750,750,false],"thumbnail":["https:\/\/www.studiainitalia.com\/wp-content\/uploads\/2016\/10\/italian-in-bologna-1-150x150.jpg",96,96,true],"medium":["https:\/\/www.studiainitalia.com\/wp-content\/uploads\/2016\/10\/italian-in-bologna-1-300x300.jpg","300","300",true],"medium_large":["https:\/\/www.studiainitalia.com\/wp-content\/uploads\/2016\/10\/italian-in-bologna-1-768x768.jpg",768,768,true],"large":["https:\/\/www.studiainitalia.com\/wp-content\/uploads\/2016\/10\/italian-in-bologna-1-1024x1024.jpg","1024","1024",true],"1536x1536":["https:\/\/www.studiainitalia.com\/wp-content\/uploads\/2016\/10\/italian-in-bologna-1-e1495232970528.jpg",750,750,false],"2048x2048":["https:\/\/www.studiainitalia.com\/wp-content\/uploads\/2016\/10\/italian-in-bologna-1-e1495232970528.jpg",750,750,false],"ultp_layout_landscape_large":["https:\/\/www.studiainitalia.com\/wp-content\/uploads\/2016\/10\/italian-in-bologna-1-e1495232970528.jpg",750,750,false],"ultp_layout_landscape":["https:\/\/www.studiainitalia.com\/wp-content\/uploads\/2016\/10\/italian-in-bologna-1-e1495232970528.jpg",570,570,false],"ultp_layout_portrait":["https:\/\/www.studiainitalia.com\/wp-content\/uploads\/2016\/10\/italian-in-bologna-1-e1495232970528.jpg",600,600,false],"ultp_layout_square":["https:\/\/www.studiainitalia.com\/wp-content\/uploads\/2016\/10\/italian-in-bologna-1-e1495232970528.jpg",600,600,false],"gform-image-choice-sm":["https:\/\/www.studiainitalia.com\/wp-content\/uploads\/2016\/10\/italian-in-bologna-1-e1495232970528.jpg",300,300,false],"gform-image-choice-md":["https:\/\/www.studiainitalia.com\/wp-content\/uploads\/2016\/10\/italian-in-bologna-1-e1495232970528.jpg",400,400,false],"gform-image-choice-lg":["https:\/\/www.studiainitalia.com\/wp-content\/uploads\/2016\/10\/italian-in-bologna-1-e1495232970528.jpg",600,600,false],"woocommerce_thumbnail":["https:\/\/www.studiainitalia.com\/wp-content\/uploads\/2016\/10\/italian-in-bologna-1-e1495232970528-300x300.jpg",300,300,true],"woocommerce_single":["https:\/\/www.studiainitalia.com\/wp-content\/uploads\/2016\/10\/italian-in-bologna-1-e1495232970528-400x400.jpg",400,400,true],"woocommerce_gallery_thumbnail":["https:\/\/www.studiainitalia.com\/wp-content\/uploads\/2016\/10\/italian-in-bologna-1-e1495232970528-100x100.jpg",100,100,true],"yarpp-thumbnail":["https:\/\/www.studiainitalia.com\/wp-content\/uploads\/2016\/10\/italian-in-bologna-1-e1495232970528.jpg",120,120,false]},"uagb_author_info":{"display_name":"Javier Diaz","author_link":"https:\/\/www.studiainitalia.com\/fr\/author\/"},"uagb_comment_info":19,"uagb_excerpt":"Apprenez l\u2019italien \u00e0 Bologne, la plus ancienne ville universitaire d\u2019Europe Souhaitez-vous apprendre l\u2019italien en Italie dans l\u2019une des villes les plus authentiques et culturelles du pays ? Bologne vous attend avec son ambiance jeune, sa d\u00e9licieuse gastronomie et une vie universitaire riche, id\u00e9ale pour pratiquer l\u2019italien au quotidien lors d\u2019un s\u00e9jour linguistique en Italie. Avec\u2026","_links":{"self":[{"href":"https:\/\/www.studiainitalia.com\/fr\/wp-json\/wp\/v2\/product\/188025","targetHints":{"allow":["GET"]}}],"collection":[{"href":"https:\/\/www.studiainitalia.com\/fr\/wp-json\/wp\/v2\/product"}],"about":[{"href":"https:\/\/www.studiainitalia.com\/fr\/wp-json\/wp\/v2\/types\/product"}],"replies":[{"embeddable":true,"href":"https:\/\/www.studiainitalia.com\/fr\/wp-json\/wp\/v2\/comments?post=188025"}],"wp:featuredmedia":[{"embeddable":true,"href":"https:\/\/www.studiainitalia.com\/fr\/wp-json\/wp\/v2\/media\/122055"}],"wp:attachment":[{"href":"https:\/\/www.studiainitalia.com\/fr\/wp-json\/wp\/v2\/media?parent=188025"}],"wp:term":[{"taxonomy":"section","embeddable":true,"href":"https:\/\/www.studiainitalia.com\/fr\/wp-json\/wp\/v2\/section?post=188025"},{"taxonomy":"product_brand","embeddable":true,"href":"https:\/\/www.studiainitalia.com\/fr\/wp-json\/wp\/v2\/product_brand?post=188025"},{"taxonomy":"product_cat","embeddable":true,"href":"https:\/\/www.studiainitalia.com\/fr\/wp-json\/wp\/v2\/product_cat?post=188025"},{"taxonomy":"product_tag","embeddable":true,"href":"https:\/\/www.studiainitalia.com\/fr\/wp-json\/wp\/v2\/product_tag?post=188025"}],"curies":[{"name":"wp","href":"https:\/\/api.w.org\/{rel}","templated":true}]}}