{"id":188031,"date":"2016-10-31T12:12:13","date_gmt":"2016-10-31T11:12:13","guid":{"rendered":"https:\/\/www.studiainitalia.com\/courses\/non%20class\u00e9\/italian-and-windsurf-in-alghero\/"},"modified":"2026-03-09T17:24:35","modified_gmt":"2026-03-09T16:24:35","slug":"italien-et-planche-a-voile-a-alghero","status":"publish","type":"product","link":"https:\/\/www.studiainitalia.com\/fr\/cours\/cours-a-alghero\/italien-et-planche-a-voile-a-alghero\/","title":{"rendered":"Cours d\u2019Italien et planche \u00e0 voile \u00e0 Alghero"},"content":{"rendered":"<h2>Italien et planche \u00e0 voile<\/h2>\n<p>&nbsp;<\/p>\n<p>Notre cours d\u2019italien et de planche \u00e0 voile \u00e0 Alghero se d\u00e9roule pendant l\u2019\u00e9t\u00e9. Notre \u00e9cole propose une combinaison de cours d\u2019italien et de surf (ou planche \u00e0 voile).<\/p>\n<p>&nbsp;<\/p>\n<p>L\u2019\u00e9cole d\u00b4italien est situ\u00e9e dans une rue calme dans le centre historique d\u2019Alghero. Les groupes sont tr\u00e8s petits et les cours sont donn\u00e9s dans un environnement amusant, d\u00e9tendu et stimulant.<\/p>\n<p>L\u2019\u00e9cole, ouverte toute l\u2019ann\u00e9e, propose \u00e9galement un large \u00e9ventail d\u2019activit\u00e9s culturelles et sportives, que vous pouvez combiner avec vos cours d\u2019italien \u00e0 Alghero.<\/p>\n<p>&nbsp;<\/p>\n<p>Important\u00a0 les prix des le\u00e7ons de surf peuvent varier tout au long de l\u2019ann\u00e9e et selon la disponibilit\u00e9. Veuillez v\u00e9rifier les dates de d\u00e9but des cours aupr\u00e8s de Studiainitalia.<\/p>\n<p>&nbsp;<\/p>\n<div class=\"aiosrs-rating-wrap\" data-schema-id=\"90691\">\n<div class=\"aiosrs-rating-summary-wrap\"><\/div>\n<\/div>\n<p>&nbsp;<\/p>\n","protected":false},"excerpt":{"rendered":"<h2><span class=\"VIiyi\" lang=\"fr\"><strong><span class=\"JLqJ4b ChMk0b\" data-language-for-alternatives=\"fr\" data-language-to-translate-into=\"en\" data-phrase-index=\"0\">Vacances\u00a0<span class=\"JLqJ4b ChMk0b C1N51c\" data-language-for-alternatives=\"fr\" data-language-to-translate-into=\"en\" data-phrase-index=\"0\">linguistiques\u00a0<\/span>en Sardaigne!<\/span><\/strong><\/span><\/h2>\n<p>&nbsp;<\/p>\n<p><span class=\"VIiyi\" lang=\"fr\"><span class=\"JLqJ4b ChMk0b\" data-language-for-alternatives=\"fr\" data-language-to-translate-into=\"en\" data-phrase-index=\"0\">Les eaux cristallines des plages du Lido et Maria Pia d\u2019Alghero sont l\u2019endroit id\u00e9al pour les d\u00e9butants et les v\u00e9liplanchistes exp\u00e9riment\u00e9s.<\/span><\/span><\/p>\n<ul>\n<li><span class=\"VIiyi\" lang=\"fr\"><span class=\"JLqJ4b ChMk0b\" data-language-for-alternatives=\"fr\" data-language-to-translate-into=\"en\" data-phrase-index=\"1\">Cours en groupes de max.<\/span>\u00a0<span class=\"JLqJ4b ChMk0b\" data-language-for-alternatives=\"fr\" data-language-to-translate-into=\"en\" data-phrase-index=\"2\">4 personnes comprenant planche \u00e0 voile compl\u00e8te, combinaison, gilet de sauvetage, harnais, assurance et simulateur de plage.<\/span><\/span><\/li>\n<\/ul>\n<ul>\n<li><span class=\"VIiyi\" lang=\"fr\"><span class=\"JLqJ4b ChMk0b\" data-language-for-alternatives=\"fr\" data-language-to-translate-into=\"en\" data-phrase-index=\"3\">Nos cours d\u2019italien plus planche \u00e0 voile combinent 20 heures hebdomadaires de cours d\u2019italien et 5 cours de planche \u00e0 voile l\u2019apr\u00e8s-midi (15 h \u00e0 17 h).<\/span><br \/>\n<\/span><\/li>\n<\/ul>\n<ul>\n<li><span class=\"VIiyi\" lang=\"fr\"><span class=\"JLqJ4b ChMk0b\" data-language-for-alternatives=\"fr\" data-language-to-translate-into=\"en\" data-phrase-index=\"4\">\u00a0Les d\u00e9butants doivent commencer le premier lundi de chaque mois.<\/span><\/span><\/li>\n<\/ul>\n","protected":false},"featured_media":117453,"comment_status":"open","ping_status":"closed","template":"","meta":{"_acf_changed":false,"_uag_custom_page_level_css":"","_kad_blocks_custom_css":"","_kad_blocks_head_custom_js":"","_kad_blocks_body_custom_js":"","_kad_blocks_footer_custom_js":"","site-sidebar-layout":"default","site-content-layout":"default","ast-site-content-layout":"default","site-content-style":"default","site-sidebar-style":"default","ast-global-header-display":"","ast-banner-title-visibility":"","ast-main-header-display":"","ast-hfb-above-header-display":"","ast-hfb-below-header-display":"","ast-hfb-mobile-header-display":"","site-post-title":"","ast-breadcrumbs-content":"","ast-featured-img":"","footer-sml-layout":"","ast-disable-related-posts":"","theme-transparent-header-meta":"default","adv-header-id-meta":"","stick-header-meta":"default","header-above-stick-meta":"","header-main-stick-meta":"","header-below-stick-meta":"","astra-migrate-meta-layouts":"set","ast-page-background-enabled":"default","ast-page-background-meta":{"desktop":{"background-color":"var(--ast-global-color-4)","background-image":"","background-repeat":"repeat","background-position":"center center","background-size":"auto","background-attachment":"scroll","background-type":"","background-media":"","overlay-type":"","overlay-color":"","overlay-opacity":"","overlay-gradient":""},"tablet":{"background-color":"","background-image":"","background-repeat":"repeat","background-position":"center center","background-size":"auto","background-attachment":"scroll","background-type":"","background-media":"","overlay-type":"","overlay-color":"","overlay-opacity":"","overlay-gradient":""},"mobile":{"background-color":"","background-image":"","background-repeat":"repeat","background-position":"center center","background-size":"auto","background-attachment":"scroll","background-type":"","background-media":"","overlay-type":"","overlay-color":"","overlay-opacity":"","overlay-gradient":""}},"ast-content-background-meta":{"desktop":{"background-color":"var(--ast-global-color-5)","background-image":"","background-repeat":"repeat","background-position":"center center","background-size":"auto","background-attachment":"scroll","background-type":"","background-media":"","overlay-type":"","overlay-color":"","overlay-opacity":"","overlay-gradient":""},"tablet":{"background-color":"var(--ast-global-color-5)","background-image":"","background-repeat":"repeat","background-position":"center center","background-size":"auto","background-attachment":"scroll","background-type":"","background-media":"","overlay-type":"","overlay-color":"","overlay-opacity":"","overlay-gradient":""},"mobile":{"background-color":"var(--ast-global-color-5)","background-image":"","background-repeat":"repeat","background-position":"center center","background-size":"auto","background-attachment":"scroll","background-type":"","background-media":"","overlay-type":"","overlay-color":"","overlay-opacity":"","overlay-gradient":""}}},"section":[],"product_brand":[],"product_cat":[1252,1250],"product_tag":[],"class_list":{"0":"post-188031","1":"product","2":"type-product","3":"status-publish","4":"has-post-thumbnail","6":"product_cat-cours-de-sport","7":"product_cat-cours-a-alghero","8":"desktop-align-left","9":"tablet-align-left","10":"mobile-align-left","11":"ast-product-gallery-layout-horizontal-slider","12":"ast-product-single-variable","13":"ast-product-tabs-layout-horizontal","14":"ast-qv-on-image-click","16":"first","17":"instock","18":"sold-individually","19":"shipping-taxable","20":"purchasable","21":"product-type-variable","22":"has-default-attributes"},"acf":[],"taxonomy_info":{"product_cat":[{"value":1252,"label":"Cours de sport"},{"value":1250,"label":"\u00c9tudier \u00e0 Alghero"}]},"featured_image_src_large":["https:\/\/www.studiainitalia.com\/wp-content\/uploads\/2016\/10\/windsurf-in-alghero-1-e1490029611616.jpg",350,349,false],"author_info":[],"comment_info":0,"uagb_featured_image_src":{"full":["https:\/\/www.studiainitalia.com\/wp-content\/uploads\/2016\/10\/windsurf-in-alghero-1-e1490029611616.jpg",350,349,false],"thumbnail":["https:\/\/www.studiainitalia.com\/wp-content\/uploads\/2016\/10\/windsurf-in-alghero-1-150x150.jpg",96,96,true],"medium":["https:\/\/www.studiainitalia.com\/wp-content\/uploads\/2016\/10\/windsurf-in-alghero-1-300x300.jpg",300,300,true],"medium_large":["https:\/\/www.studiainitalia.com\/wp-content\/uploads\/2016\/10\/windsurf-in-alghero-1-e1490029611616.jpg",350,349,false],"large":["https:\/\/www.studiainitalia.com\/wp-content\/uploads\/2016\/10\/windsurf-in-alghero-1-e1490029611616.jpg",350,349,false],"1536x1536":["https:\/\/www.studiainitalia.com\/wp-content\/uploads\/2016\/10\/windsurf-in-alghero-1-e1490029611616.jpg",350,349,false],"2048x2048":["https:\/\/www.studiainitalia.com\/wp-content\/uploads\/2016\/10\/windsurf-in-alghero-1-e1490029611616.jpg",350,349,false],"ultp_layout_landscape_large":["https:\/\/www.studiainitalia.com\/wp-content\/uploads\/2016\/10\/windsurf-in-alghero-1-e1490029611616.jpg",350,349,false],"ultp_layout_landscape":["https:\/\/www.studiainitalia.com\/wp-content\/uploads\/2016\/10\/windsurf-in-alghero-1-e1490029611616.jpg",350,349,false],"ultp_layout_portrait":["https:\/\/www.studiainitalia.com\/wp-content\/uploads\/2016\/10\/windsurf-in-alghero-1-e1490029611616.jpg",350,349,false],"ultp_layout_square":["https:\/\/www.studiainitalia.com\/wp-content\/uploads\/2016\/10\/windsurf-in-alghero-1-e1490029611616.jpg",350,349,false],"gform-image-choice-sm":["https:\/\/www.studiainitalia.com\/wp-content\/uploads\/2016\/10\/windsurf-in-alghero-1-e1490029611616.jpg",300,300,false],"gform-image-choice-md":["https:\/\/www.studiainitalia.com\/wp-content\/uploads\/2016\/10\/windsurf-in-alghero-1-e1490029611616.jpg",350,349,false],"gform-image-choice-lg":["https:\/\/www.studiainitalia.com\/wp-content\/uploads\/2016\/10\/windsurf-in-alghero-1-e1490029611616.jpg",350,349,false],"woocommerce_thumbnail":["https:\/\/www.studiainitalia.com\/wp-content\/uploads\/2016\/10\/windsurf-in-alghero-1-e1490029611616-300x300.jpg",300,300,true],"woocommerce_single":["https:\/\/www.studiainitalia.com\/wp-content\/uploads\/2016\/10\/windsurf-in-alghero-1-e1490029611616.jpg",350,349,false],"woocommerce_gallery_thumbnail":["https:\/\/www.studiainitalia.com\/wp-content\/uploads\/2016\/10\/windsurf-in-alghero-1-e1490029611616-100x100.jpg",100,100,true],"yarpp-thumbnail":["https:\/\/www.studiainitalia.com\/wp-content\/uploads\/2016\/10\/windsurf-in-alghero-1-e1490029611616.jpg",120,120,false]},"uagb_author_info":{"display_name":"Javier Diaz","author_link":"https:\/\/www.studiainitalia.com\/fr\/author\/"},"uagb_comment_info":0,"uagb_excerpt":"Vacances\u00a0linguistiques\u00a0en Sardaigne! &nbsp; Les eaux cristallines des plages du Lido et Maria Pia d\u2019Alghero sont l\u2019endroit id\u00e9al pour les d\u00e9butants et les v\u00e9liplanchistes exp\u00e9riment\u00e9s. Cours en groupes de max.\u00a04 personnes comprenant planche \u00e0 voile compl\u00e8te, combinaison, gilet de sauvetage, harnais, assurance et simulateur de plage. Nos cours d\u2019italien plus planche \u00e0 voile combinent 20 heures\u2026","_links":{"self":[{"href":"https:\/\/www.studiainitalia.com\/fr\/wp-json\/wp\/v2\/product\/188031","targetHints":{"allow":["GET"]}}],"collection":[{"href":"https:\/\/www.studiainitalia.com\/fr\/wp-json\/wp\/v2\/product"}],"about":[{"href":"https:\/\/www.studiainitalia.com\/fr\/wp-json\/wp\/v2\/types\/product"}],"replies":[{"embeddable":true,"href":"https:\/\/www.studiainitalia.com\/fr\/wp-json\/wp\/v2\/comments?post=188031"}],"wp:featuredmedia":[{"embeddable":true,"href":"https:\/\/www.studiainitalia.com\/fr\/wp-json\/wp\/v2\/media\/117453"}],"wp:attachment":[{"href":"https:\/\/www.studiainitalia.com\/fr\/wp-json\/wp\/v2\/media?parent=188031"}],"wp:term":[{"taxonomy":"section","embeddable":true,"href":"https:\/\/www.studiainitalia.com\/fr\/wp-json\/wp\/v2\/section?post=188031"},{"taxonomy":"product_brand","embeddable":true,"href":"https:\/\/www.studiainitalia.com\/fr\/wp-json\/wp\/v2\/product_brand?post=188031"},{"taxonomy":"product_cat","embeddable":true,"href":"https:\/\/www.studiainitalia.com\/fr\/wp-json\/wp\/v2\/product_cat?post=188031"},{"taxonomy":"product_tag","embeddable":true,"href":"https:\/\/www.studiainitalia.com\/fr\/wp-json\/wp\/v2\/product_tag?post=188031"}],"curies":[{"name":"wp","href":"https:\/\/api.w.org\/{rel}","templated":true}]}}