{"id":188130,"date":"2016-10-31T11:39:13","date_gmt":"2016-10-31T10:39:13","guid":{"rendered":"https:\/\/www.studiainitalia.com\/courses\/non%20class\u00e9\/italien-et-yoga-en-alghero\/"},"modified":"2025-12-19T21:10:26","modified_gmt":"2025-12-19T20:10:26","slug":"italien-et-yoga-a-alghero","status":"publish","type":"product","link":"https:\/\/www.studiainitalia.com\/fr\/cours\/cours-a-alghero\/italien-et-yoga-a-alghero\/","title":{"rendered":"Cours d\u2019talien et yoga \u00e0 Alghero"},"content":{"rendered":"<h2>Italien et yoga<\/h2>\n<p>&nbsp;<\/p>\n<p>L\u2019\u00e9cole de langue italienne est situ\u00e9e dans le centre historique d\u2019Alghero. Les groupes sont tr\u00e8s petits et les cours sont donn\u00e9s dans un environnement amusant, d\u00e9tendu et stimulant.<\/p>\n<p>L\u2019\u00e9cole, ouverte toute l\u2019ann\u00e9e, propose \u00e9galement un large \u00e9ventail d\u2019activit\u00e9s culturelles et sportives, que vous pouvez combiner avec vos cours d\u2019italien \u00e0 Alghero.<\/p>\n<p><span class=\"VIiyi\" lang=\"fr\"><span class=\"JLqJ4b ChMk0b\" data-language-for-alternatives=\"fr\" data-language-to-translate-into=\"en\" data-phrase-index=\"0\">Des cours de yoga Hatha, Ashtanga et Yin sont disponibles. Important : les prix des le\u00e7ons de yoga peuvent varier tout au long de l\u2019ann\u00e9e et selon la disponibilit\u00e9.<\/span><\/span><\/p>\n<p><span class=\"VIiyi\" lang=\"fr\"><span class=\"JLqJ4b ChMk0b\" data-language-for-alternatives=\"fr\" data-language-to-translate-into=\"en\" data-phrase-index=\"2\">L\u2019\u00e9cole organise de nombreuses activit\u00e9s sociales et excursions, une invitation parfaite \u00e0 d\u00e9couvrir la Sardaigne<\/span><\/span><\/p>\n<p>&nbsp;<\/p>\n<table id=\"tablepress-708\" class=\"tablepress tablepress-id-708\">\n<thead>\n<tr class=\"row-1 odd\">\n<th class=\"column-1\" colspan=\"6\">Dates de d\u00e9but<\/th>\n<\/tr>\n<\/thead>\n<tbody class=\"row-hover\">\n<tr class=\"row-2 even\">\n<td class=\"column-1\">Janvier<\/td>\n<td class=\"column-2\">tous les lundis<\/td>\n<td class=\"column-3\">Mai<\/td>\n<td class=\"column-4\">tous les lundis<\/td>\n<td class=\"column-5\">Septembre<\/td>\n<td class=\"column-6\">tous les lundis<\/td>\n<\/tr>\n<tr class=\"row-3 odd\">\n<td class=\"column-1\">F\u00e9vrier<\/td>\n<td class=\"column-2\">tous les lundis<\/td>\n<td class=\"column-3\">Juin<\/td>\n<td class=\"column-4\">tous les lundis<\/td>\n<td class=\"column-5\">Octobre<\/td>\n<td class=\"column-6\">tous les lundis<\/td>\n<\/tr>\n<tr class=\"row-4 even\">\n<td class=\"column-1\">Mars<\/td>\n<td class=\"column-2\">tous les lundis<\/td>\n<td class=\"column-3\">Juillet<\/td>\n<td class=\"column-4\">tous les lundis<\/td>\n<td class=\"column-5\">Novembre<\/td>\n<td class=\"column-6\">tous les lundis<\/td>\n<\/tr>\n<tr class=\"row-5 odd\">\n<td class=\"column-1\">Avril<\/td>\n<td class=\"column-2\">tous les lundis<\/td>\n<td class=\"column-3\">Ao\u00fbt<\/td>\n<td class=\"column-4\">tous les lundis<\/td>\n<td class=\"column-5\">D\u00e9cembre<\/td>\n<td class=\"column-6\">tous les lundis<\/td>\n<\/tr>\n<tr class=\"row-6 even\">\n<td class=\"column-1\" colspan=\"6\">L&rsquo;\u00e9cole sera ferm\u00e9e les jours f\u00e9ri\u00e9s suivants: Epiphanie (06\/01), Lundi de P\u00e2ques, Jour de la Lib\u00e9ration de l&rsquo;Italie (25\/04), F\u00eate des Travailleurs (01\/05), F\u00eate de la R\u00e9publique (02\/06), Ferragosto (15 \/ 08), Tous les Saints (01\/11), Immacul\u00e9e Conception (8\/12), vacances de No\u00ebl et nouvel an.<\/td>\n<\/tr>\n<\/tbody>\n<\/table>\n<div class=\"aiosrs-rating-wrap\" data-schema-id=\"90691\">\n<div class=\"aiosrs-star-rating-wrap \"><\/div>\n<div class=\"aiosrs-rating-summary-wrap\"><\/div>\n<\/div>\n","protected":false},"excerpt":{"rendered":"<h2><strong>Pourquoi un cours d\u2019italien et yoga sur la plage? <\/strong><\/h2>\n<h4><\/h4>\n<p>&nbsp;<\/p>\n<p><strong>Apr\u00e8s une ann\u00e9e stressante, vous m\u00e9ritez des vacances reposantes tout en apprenant l\u2019italien!<\/strong><\/p>\n<ul>\n<li>Les cours d\u00b4italien et de yoga \u00e0 Alghero durent 1, 2 ou plus semaines.<\/li>\n<\/ul>\n<ul>\n<li>Les cours ont lieu \u00e0 la plage pendant les mois d\u2019\u00e9t\u00e9 et consistent en 20 le\u00e7ons d\u2019italien hebdomadaires et 2 le\u00e7ons de yoga par semaine (90 minutes chacune).<\/li>\n<\/ul>\n<ul>\n<li>Les cours d\u2019italien sont dispens\u00e9s par des professeurs natifs qualifi\u00e9s et bas\u00e9s sur l\u2019utilisation de m\u00e9thodes d\u2019enseignement simples et efficaces avec de petits groupes de 6 \u00e0 8 \u00e9tudiants dans une atmosph\u00e8re amusante et stimulante.<\/li>\n<\/ul>\n<ul>\n<li>\u00a0Les d\u00e9butants doivent commencer le premier lundi de chaque mois.<\/li>\n<\/ul>\n","protected":false},"featured_media":199779,"comment_status":"open","ping_status":"closed","template":"","meta":{"_acf_changed":false,"_uag_custom_page_level_css":"","_kad_blocks_custom_css":"","_kad_blocks_head_custom_js":"","_kad_blocks_body_custom_js":"","_kad_blocks_footer_custom_js":"","site-sidebar-layout":"default","site-content-layout":"default","ast-site-content-layout":"default","site-content-style":"default","site-sidebar-style":"default","ast-global-header-display":"","ast-banner-title-visibility":"","ast-main-header-display":"","ast-hfb-above-header-display":"","ast-hfb-below-header-display":"","ast-hfb-mobile-header-display":"","site-post-title":"","ast-breadcrumbs-content":"","ast-featured-img":"","footer-sml-layout":"","ast-disable-related-posts":"","theme-transparent-header-meta":"default","adv-header-id-meta":"","stick-header-meta":"default","header-above-stick-meta":"","header-main-stick-meta":"","header-below-stick-meta":"","astra-migrate-meta-layouts":"set","ast-page-background-enabled":"default","ast-page-background-meta":{"desktop":{"background-color":"var(--ast-global-color-4)","background-image":"","background-repeat":"repeat","background-position":"center center","background-size":"auto","background-attachment":"scroll","background-type":"","background-media":"","overlay-type":"","overlay-color":"","overlay-opacity":"","overlay-gradient":""},"tablet":{"background-color":"","background-image":"","background-repeat":"repeat","background-position":"center center","background-size":"auto","background-attachment":"scroll","background-type":"","background-media":"","overlay-type":"","overlay-color":"","overlay-opacity":"","overlay-gradient":""},"mobile":{"background-color":"","background-image":"","background-repeat":"repeat","background-position":"center center","background-size":"auto","background-attachment":"scroll","background-type":"","background-media":"","overlay-type":"","overlay-color":"","overlay-opacity":"","overlay-gradient":""}},"ast-content-background-meta":{"desktop":{"background-color":"var(--ast-global-color-5)","background-image":"","background-repeat":"repeat","background-position":"center center","background-size":"auto","background-attachment":"scroll","background-type":"","background-media":"","overlay-type":"","overlay-color":"","overlay-opacity":"","overlay-gradient":""},"tablet":{"background-color":"var(--ast-global-color-5)","background-image":"","background-repeat":"repeat","background-position":"center center","background-size":"auto","background-attachment":"scroll","background-type":"","background-media":"","overlay-type":"","overlay-color":"","overlay-opacity":"","overlay-gradient":""},"mobile":{"background-color":"var(--ast-global-color-5)","background-image":"","background-repeat":"repeat","background-position":"center center","background-size":"auto","background-attachment":"scroll","background-type":"","background-media":"","overlay-type":"","overlay-color":"","overlay-opacity":"","overlay-gradient":""}}},"section":[],"product_brand":[],"product_cat":[1252,1250],"product_tag":[],"class_list":{"0":"post-188130","1":"product","2":"type-product","3":"status-publish","4":"has-post-thumbnail","6":"product_cat-cours-de-sport","7":"product_cat-cours-a-alghero","8":"desktop-align-left","9":"tablet-align-left","10":"mobile-align-left","11":"ast-product-gallery-layout-horizontal-slider","12":"ast-product-single-variable","13":"ast-product-tabs-layout-horizontal","14":"ast-qv-on-image-click","16":"first","17":"instock","18":"sold-individually","19":"shipping-taxable","20":"purchasable","21":"product-type-variable","22":"has-default-attributes"},"acf":[],"taxonomy_info":{"product_cat":[{"value":1252,"label":"Cours de sport"},{"value":1250,"label":"\u00c9tudier \u00e0 Alghero"}]},"featured_image_src_large":["https:\/\/www.studiainitalia.com\/wp-content\/uploads\/2024\/10\/yoga-6723315_12801.jpg",1280,807,false],"author_info":[],"comment_info":1,"uagb_featured_image_src":{"full":["https:\/\/www.studiainitalia.com\/wp-content\/uploads\/2024\/10\/yoga-6723315_12801.jpg",1280,807,false],"thumbnail":["https:\/\/www.studiainitalia.com\/wp-content\/uploads\/2024\/10\/yoga-6723315_12801.jpg",128,81,false],"medium":["https:\/\/www.studiainitalia.com\/wp-content\/uploads\/2024\/10\/yoga-6723315_12801.jpg",1280,807,false],"medium_large":["https:\/\/www.studiainitalia.com\/wp-content\/uploads\/2024\/10\/yoga-6723315_12801-768x484.jpg",768,484,true],"large":["https:\/\/www.studiainitalia.com\/wp-content\/uploads\/2024\/10\/yoga-6723315_12801.jpg",1280,807,false],"1536x1536":["https:\/\/www.studiainitalia.com\/wp-content\/uploads\/2024\/10\/yoga-6723315_12801.jpg",1280,807,false],"2048x2048":["https:\/\/www.studiainitalia.com\/wp-content\/uploads\/2024\/10\/yoga-6723315_12801.jpg",1280,807,false],"ultp_layout_landscape_large":["https:\/\/www.studiainitalia.com\/wp-content\/uploads\/2024\/10\/yoga-6723315_12801-1200x800.jpg",1200,800,true],"ultp_layout_landscape":["https:\/\/www.studiainitalia.com\/wp-content\/uploads\/2024\/10\/yoga-6723315_12801-870x570.jpg",870,570,true],"ultp_layout_portrait":["https:\/\/www.studiainitalia.com\/wp-content\/uploads\/2024\/10\/yoga-6723315_12801-600x807.jpg",600,807,true],"ultp_layout_square":["https:\/\/www.studiainitalia.com\/wp-content\/uploads\/2024\/10\/yoga-6723315_12801-600x600.jpg",600,600,true],"gform-image-choice-sm":["https:\/\/www.studiainitalia.com\/wp-content\/uploads\/2024\/10\/yoga-6723315_12801.jpg",300,189,false],"gform-image-choice-md":["https:\/\/www.studiainitalia.com\/wp-content\/uploads\/2024\/10\/yoga-6723315_12801.jpg",400,252,false],"gform-image-choice-lg":["https:\/\/www.studiainitalia.com\/wp-content\/uploads\/2024\/10\/yoga-6723315_12801.jpg",600,378,false],"woocommerce_thumbnail":["https:\/\/www.studiainitalia.com\/wp-content\/uploads\/2024\/10\/yoga-6723315_12801-300x300.jpg",300,300,true],"woocommerce_single":["https:\/\/www.studiainitalia.com\/wp-content\/uploads\/2024\/10\/yoga-6723315_12801-400x252.jpg",400,252,true],"woocommerce_gallery_thumbnail":["https:\/\/www.studiainitalia.com\/wp-content\/uploads\/2024\/10\/yoga-6723315_12801-100x100.jpg",100,100,true],"yarpp-thumbnail":["https:\/\/www.studiainitalia.com\/wp-content\/uploads\/2024\/10\/yoga-6723315_12801-120x120.jpg",120,120,true]},"uagb_author_info":{"display_name":"Javier Diaz","author_link":"https:\/\/www.studiainitalia.com\/fr\/author\/"},"uagb_comment_info":1,"uagb_excerpt":"Pourquoi un cours d\u2019italien et yoga sur la plage? &nbsp; Apr\u00e8s une ann\u00e9e stressante, vous m\u00e9ritez des vacances reposantes tout en apprenant l\u2019italien! Les cours d\u00b4italien et de yoga \u00e0 Alghero durent 1, 2 ou plus semaines. Les cours ont lieu \u00e0 la plage pendant les mois d\u2019\u00e9t\u00e9 et consistent en 20 le\u00e7ons d\u2019italien hebdomadaires\u2026","_links":{"self":[{"href":"https:\/\/www.studiainitalia.com\/fr\/wp-json\/wp\/v2\/product\/188130","targetHints":{"allow":["GET"]}}],"collection":[{"href":"https:\/\/www.studiainitalia.com\/fr\/wp-json\/wp\/v2\/product"}],"about":[{"href":"https:\/\/www.studiainitalia.com\/fr\/wp-json\/wp\/v2\/types\/product"}],"replies":[{"embeddable":true,"href":"https:\/\/www.studiainitalia.com\/fr\/wp-json\/wp\/v2\/comments?post=188130"}],"wp:featuredmedia":[{"embeddable":true,"href":"https:\/\/www.studiainitalia.com\/fr\/wp-json\/wp\/v2\/media\/199779"}],"wp:attachment":[{"href":"https:\/\/www.studiainitalia.com\/fr\/wp-json\/wp\/v2\/media?parent=188130"}],"wp:term":[{"taxonomy":"section","embeddable":true,"href":"https:\/\/www.studiainitalia.com\/fr\/wp-json\/wp\/v2\/section?post=188130"},{"taxonomy":"product_brand","embeddable":true,"href":"https:\/\/www.studiainitalia.com\/fr\/wp-json\/wp\/v2\/product_brand?post=188130"},{"taxonomy":"product_cat","embeddable":true,"href":"https:\/\/www.studiainitalia.com\/fr\/wp-json\/wp\/v2\/product_cat?post=188130"},{"taxonomy":"product_tag","embeddable":true,"href":"https:\/\/www.studiainitalia.com\/fr\/wp-json\/wp\/v2\/product_tag?post=188130"}],"curies":[{"name":"wp","href":"https:\/\/api.w.org\/{rel}","templated":true}]}}